{"id":9887,"date":"2025-12-25T08:05:05","date_gmt":"2025-12-25T08:05:05","guid":{"rendered":"https:\/\/oponyexpert.shop\/xef5\/produkt\/4x-michelin-crossclimate-2-xl-235-50r19-103-v\/"},"modified":"2025-12-25T08:05:05","modified_gmt":"2025-12-25T08:05:05","slug":"4x-michelin-crossclimate-2-xl-235-50r19-103-v","status":"publish","type":"product","link":"https:\/\/oponixo.shop\/tire\/produkt\/4x-michelin-crossclimate-2-xl-235-50r19-103-v\/","title":{"rendered":"4x MICHELIN CROSSCLIMATE 2 XL 235\/50R19 103 V"},"content":{"rendered":"<div style=\"font-family: Arial, sans-serif; line-height: 1.6; color: #333; padding: 20px; clear: both; display: block; width: 100%; float: none; position: static; overflow: hidden;\">\n<div style=\"clear: both; display: block; margin: 10px 0;\">\n<div style=\"clear: both; display: block; margin: 10px 0;\">\n<div style=\"clear: both; display: block; margin: 10px 0;\">\n<h1>4x MICHELIN CROSSCLIMATE 2 XL 235\/50R19 103 V<\/h1>\n<\/div>\n<\/div>\n<\/div>\n<div style=\"clear: both; display: block; margin: 10px 0;\">\n<div style=\"clear: both; display: block; margin: 10px 0;\">\n<div style=\"clear: both; display: block; margin: 10px 0;\">\n<div  style=\"max-width:920px;max-height:1120px\">\n<div style=\"clear: both; display: block; margin: 10px 0;\">\n<div style=\"clear: both; width: 100%; display: block; margin: 20px 0; padding: 0; float: none; position: static; text-align: center;\"><img decoding=\"async\"  src=\"https:\/\/a.allegroimg.com\/original\/111126\/c478a80a4425bf4679fb5c9c1ddf\/4x-MICHELIN-CROSSCLIMATE-2-XL-235-50R19-103-V\" srcset=\"https:\/\/a.allegroimg.com\/original\/111126\/c478a80a4425bf4679fb5c9c1ddf\/4x-MICHELIN-CROSSCLIMATE-2-XL-235-50R19-103-V 295w,https:\/\/a.allegroimg.com\/original\/111126\/c478a80a4425bf4679fb5c9c1ddf\/4x-MICHELIN-CROSSCLIMATE-2-XL-235-50R19-103-V 591w,https:\/\/a.allegroimg.com\/original\/111126\/c478a80a4425bf4679fb5c9c1ddf\/4x-MICHELIN-CROSSCLIMATE-2-XL-235-50R19-103-V 841w,https:\/\/a.allegroimg.com\/original\/111126\/c478a80a4425bf4679fb5c9c1ddf\/4x-MICHELIN-CROSSCLIMATE-2-XL-235-50R19-103-V 920w,https:\/\/a.allegroimg.com\/original\/111126\/c478a80a4425bf4679fb5c9c1ddf\/4x-MICHELIN-CROSSCLIMATE-2-XL-235-50R19-103-V 920w\" sizes=\"(min-width: 1200px) 560px, (min-width: 992px) 50vw, 100vw\" width=\"920px\" alt=\"4x MICHELIN CROSSCLIMATE 2 XL 235\/50R19 103 V\"\/ style=\"max-width: 100%; height: auto; display: block; margin: 0 auto;\"><\/div>\n<\/div>\n<\/div>\n<\/div>\n<\/div>\n<div style=\"clear: both; display: block; margin: 10px 0;\">\n<div style=\"clear: both; display: block; margin: 10px 0;\">\n<h2>Ca\u0142oroczne opony Osobowe MICHELIN CROSSCLIMATE 2 XL VOL 235\/50 R19 103V 103 V<\/h2>\n<p style=\"margin: 15px 0; line-height: 1.8; clear: both; display: block; width: 100%; float: none; position: static;\">Rok produkcji: <b>2025<\/b><\/p>\n<p style=\"margin: 15px 0; line-height: 1.8; clear: both; display: block; width: 100%; float: none; position: static;\">EAN: 3528708431652<\/p>\n<p style=\"margin: 15px 0; line-height: 1.8; clear: both; display: block; width: 100%; float: none; position: static;\">Producent: MICHELIN<\/p>\n<p style=\"margin: 15px 0; line-height: 1.8; clear: both; display: block; width: 100%; float: none; position: static;\">Klasa: Premium<\/p>\n<p style=\"margin: 15px 0; line-height: 1.8; clear: both; display: block; width: 100%; float: none; position: static;\">Model: CROSSCLIMATE 2 XL VOL<\/p>\n<p style=\"margin: 15px 0; line-height: 1.8; clear: both; display: block; width: 100%; float: none; position: static;\">Rozmiar: 235\/50 R19 103V<\/p>\n<p style=\"margin: 15px 0; line-height: 1.8; clear: both; display: block; width: 100%; float: none; position: static;\">Indeks no\u015bno\u015bci: 103<\/p>\n<p style=\"margin: 15px 0; line-height: 1.8; clear: both; display: block; width: 100%; float: none; position: static;\">Indeks pr\u0119dko\u015bci: V<\/p>\n<p style=\"margin: 15px 0; line-height: 1.8; clear: both; display: block; width: 100%; float: none; position: static;\">Ha\u0142as db: 71<\/p>\n<p style=\"margin: 15px 0; line-height: 1.8; clear: both; display: block; width: 100%; float: none; position: static;\">Sezon: Ca\u0142oroczne<\/p>\n<p style=\"margin: 15px 0; line-height: 1.8; clear: both; display: block; width: 100%; float: none; position: static;\">Przeznaczenie: Osobowe<\/p>\n<p style=\"margin: 15px 0; line-height: 1.8; clear: both; display: block; width: 100%; float: none; position: static;\">* Zdj\u0119cia opon na aukcjach maj\u0105 charakter pogl\u0105dowy. Opony mog\u0105 si\u0119 r\u00f3\u017cni\u0107 od tej prezentowanej na zdj\u0119ciu. (np. mo\u017ce mie\u0107 rant ochronny, wi\u0119cej lub mniej rowk\u00f3w obwodowych, bia\u0142e napisy albo ich brak).<\/p>\n<p style=\"margin: 15px 0; line-height: 1.8; clear: both; display: block; width: 100%; float: none; position: static;\">W sezonie wysy\u0142kowym mog\u0105 nast\u0105pi\u0107 nieznaczne op\u00f3\u017anienia w realizacji i dostawie. Prosz\u0119 mie\u0107 to na uwadze sk\u0142adaj\u0105c zam\u00f3wienie.<\/p>\n<\/div>\n<\/div>\n<\/div>\n<div style=\"clear: both; display: block; margin: 10px 0;\">\n<div style=\"clear: both; display: block; margin: 10px 0;\">\n<div style=\"clear: both; display: block; margin: 10px 0;\">\n<div  style=\"max-width:800px;max-height:450px\">\n<div style=\"clear: both; display: block; margin: 10px 0;\">\n<div style=\"clear: both; width: 100%; display: block; margin: 20px 0; padding: 0; float: none; position: static; text-align: center;\"><img decoding=\"async\"  src=\"https:\/\/a.allegroimg.com\/original\/11c04e\/eb79e97046748e9bd2bf31940ee0\/4x-MICHELIN-CROSSCLIMATE-2-XL-235-50R19-103-V-Marka-Michelin\" srcset=\"https:\/\/a.allegroimg.com\/original\/11c04e\/eb79e97046748e9bd2bf31940ee0\/4x-MICHELIN-CROSSCLIMATE-2-XL-235-50R19-103-V-Marka-Michelin 360w,https:\/\/a.allegroimg.com\/original\/11c04e\/eb79e97046748e9bd2bf31940ee0\/4x-MICHELIN-CROSSCLIMATE-2-XL-235-50R19-103-V-Marka-Michelin 720w,https:\/\/a.allegroimg.com\/original\/11c04e\/eb79e97046748e9bd2bf31940ee0\/4x-MICHELIN-CROSSCLIMATE-2-XL-235-50R19-103-V-Marka-Michelin 800w,https:\/\/a.allegroimg.com\/original\/11c04e\/eb79e97046748e9bd2bf31940ee0\/4x-MICHELIN-CROSSCLIMATE-2-XL-235-50R19-103-V-Marka-Michelin 800w\" sizes=\"100vw\" width=\"800px\" alt=\"4x MICHELIN CROSSCLIMATE 2 XL 235\/50R19 103 V Marka Michelin\"\/ style=\"max-width: 100%; height: auto; display: block; margin: 0 auto;\"><\/div>\n<\/div>\n<\/div>\n<\/div>\n<\/div>\n<\/div>\n<div style=\"clear: both; display: block; margin: 10px 0;\">\n<div style=\"clear: both; display: block; margin: 10px 0;\">\n<div style=\"clear: both; display: block; margin: 10px 0;\">\n<p style=\"margin: 15px 0; line-height: 1.8; clear: both; display: block; width: 100%; float: none; position: static;\">Michelin: synonim doskona\u0142o\u015bci<\/p>\n<p style=\"margin: 15px 0; line-height: 1.8; clear: both; display: block; width: 100%; float: none; position: static;\">Od ponad 100 lat Michelin wyznacza standardy w bran\u017cy oponiarskiej, \u0142\u0105cz\u0105c niezawodno\u015b\u0107, innowacyjno\u015b\u0107 i wyj\u0105tkow\u0105 jako\u015b\u0107. Ta francuska marka, za\u0142o\u017cona przez braci Andr\u00e9 i Edouarda Michelin w 1889 roku, zdoby\u0142a sobie miejsce na szczycie jako lider technologiczny i producent opon, kt\u00f3re zmieniaj\u0105 spos\u00f3b, w jaki podr\u00f3\u017cujemy po drogach i bezdro\u017cach.<\/p>\n<p style=\"margin: 15px 0; line-height: 1.8; clear: both; display: block; width: 100%; float: none; position: static;\">Historia Michelin to pasjonuj\u0105ca opowie\u015b\u0107 o zaanga\u017cowaniu w doskonalenie opon i d\u0105\u017cenie do doskona\u0142o\u015bci. Zaczynaj\u0105c od skromnych pocz\u0105tk\u00f3w w Clermont-Ferrand we Francji, Michelin szybko zyska\u0142 mi\u0119dzynarodow\u0105 renom\u0119, otwieraj\u0105c fabryki na r\u00f3\u017cnych kontynentach, w tym w Polsce, gdzie duma narodowa \u0142\u0105czy si\u0119 z francusk\u0105 precyzj\u0105 i jako\u015bci\u0105.<\/p>\n<p style=\"margin: 15px 0; line-height: 1.8; clear: both; display: block; width: 100%; float: none; position: static;\">Opony Michelin s\u0105 dedykowane dla r\u00f3\u017cnych segment\u00f3w rynku, od samochod\u00f3w osobowych po pojazdy ci\u0119\u017carowe, motocykle, rolnicze, przemys\u0142owe oraz samoloty. In\u017cynierowie Michelin wykorzystuj\u0105 najnowocze\u015bniejsze technologie i materia\u0142y, aby stworzy\u0107 opony o doskona\u0142ych w\u0142a\u015bciwo\u015bciach trakcyjnych, bezpiecze\u0144stwie, komforcie i efektywno\u015bci paliwowej. Niezale\u017cnie od rodzaju pojazdu i warunk\u00f3w drogowych, Michelin ma odpowiedni\u0105 opon\u0119, kt\u00f3ra zapewni optymaln\u0105 wydajno\u015b\u0107 i kontrol\u0119.<\/p>\n<p style=\"margin: 15px 0; line-height: 1.8; clear: both; display: block; width: 100%; float: none; position: static;\">Jednak Michelin to znacznie wi\u0119cej ni\u017c tylko producent opon &#8211; to te\u017c firma, kt\u00f3ra piel\u0119gnuje pasj\u0119 do podr\u00f3\u017cy i odkrywania \u015bwiata. Michelin jest powszechnie znany z przewodnik\u00f3w gastronomicznych i turystycznych, kt\u00f3re s\u0105 niezast\u0105pionym \u017ar\u00f3d\u0142em informacji dla podr\u00f3\u017cuj\u0105cych. Warto wspomnie\u0107, \u017ce od 1926 roku Michelin publikuje Michelin Guide, kt\u00f3ry ocenia i nagradza restauracje na ca\u0142ym \u015bwiecie, zdobywaj\u0105c zaufanie koneser\u00f3w kuchni i podr\u00f3\u017cuj\u0105cych.<\/p>\n<p style=\"margin: 15px 0; line-height: 1.8; clear: both; display: block; width: 100%; float: none; position: static;\">Michelin to tak\u017ce firma, kt\u00f3ra przywi\u0105zuje ogromn\u0105 wag\u0119 do zr\u00f3wnowa\u017conego rozwoju i ochrony \u015brodowiska. Poprzez swoje innowacje w dziedzinie opon, takie jak technologia d\u0142ugotrwa\u0142ej trakcji i opony o niskim oporze toczenia, Michelin d\u0105\u017cy do zmniejszenia emisji CO2 i minimalizacji wp\u0142ywu na planet\u0119.<\/p>\n<p style=\"margin: 15px 0; line-height: 1.8; clear: both; display: block; width: 100%; float: none; position: static;\">Nie mo\u017cna r\u00f3wnie\u017c pomin\u0105\u0107 sukces\u00f3w Michelin w dziedzinie sport\u00f3w motorowych. Ich opony zdoby\u0142y liczne tytu\u0142y i triumfy w presti\u017cowych wy\u015bcigach na ca\u0142ym \u015bwiecie, dostarczaj\u0105c kierowcom niezawodno\u015bci, precyzji i maksymalnych wra\u017ce\u0144.<\/p>\n<\/div>\n<\/div>\n<\/div>\n<div style=\"clear: both; display: block; margin: 10px 0;\">\n<div style=\"clear: both; display: block; margin: 10px 0;\">\n<div style=\"clear: both; display: block; margin: 10px 0;\">\n<div  style=\"max-width:1200px;max-height:1758px\">\n<div style=\"clear: both; display: block; margin: 10px 0;\">\n<div style=\"clear: both; width: 100%; display: block; margin: 20px 0; padding: 0; float: none; position: static; text-align: center;\"><img decoding=\"async\"  src=\"https:\/\/a.allegroimg.com\/original\/11be39\/30286bc94c6386d3b03cb509a9b3\/4x-MICHELIN-CROSSCLIMATE-2-XL-235-50R19-103-V-Liczba-opon-w-ofercie-Komplet-4-szt\" srcset=\"https:\/\/a.allegroimg.com\/original\/11be39\/30286bc94c6386d3b03cb509a9b3\/4x-MICHELIN-CROSSCLIMATE-2-XL-235-50R19-103-V-Liczba-opon-w-ofercie-Komplet-4-szt 245w,https:\/\/a.allegroimg.com\/original\/11be39\/30286bc94c6386d3b03cb509a9b3\/4x-MICHELIN-CROSSCLIMATE-2-XL-235-50R19-103-V-Liczba-opon-w-ofercie-Komplet-4-szt 491w,https:\/\/a.allegroimg.com\/original\/11be39\/30286bc94c6386d3b03cb509a9b3\/4x-MICHELIN-CROSSCLIMATE-2-XL-235-50R19-103-V-Liczba-opon-w-ofercie-Komplet-4-szt 698w,https:\/\/a.allegroimg.com\/original\/11be39\/30286bc94c6386d3b03cb509a9b3\/4x-MICHELIN-CROSSCLIMATE-2-XL-235-50R19-103-V-Liczba-opon-w-ofercie-Komplet-4-szt 982w,https:\/\/a.allegroimg.com\/original\/11be39\/30286bc94c6386d3b03cb509a9b3\/4x-MICHELIN-CROSSCLIMATE-2-XL-235-50R19-103-V-Liczba-opon-w-ofercie-Komplet-4-szt 1200w\" sizes=\"(min-width: 1200px) 560px, (min-width: 992px) 50vw, 100vw\" width=\"1200px\" alt=\"4x MICHELIN CROSSCLIMATE 2 XL 235\/50R19 103 V Liczba opon w ofercie Komplet 4 szt.\"\/ style=\"max-width: 100%; height: auto; display: block; margin: 0 auto;\"><\/div>\n<\/div>\n<\/div>\n<\/div>\n<\/div>\n<div style=\"clear: both; display: block; margin: 10px 0;\">\n<div style=\"clear: both; display: block; margin: 10px 0;\">\n<h3 style=\"color: #2c5aa0; font-size: 18px; margin: 30px 0 15px 0; font-weight: bold; clear: both; display: block; width: 100%; float: none; position: static;\">Dlaczego warto kupowa\u0107 u nas?<\/h3>\n<p style=\"margin: 15px 0; line-height: 1.8; clear: both; display: block; width: 100%; float: none; position: static;\">Nasza firma dzia\u0142a na rynku ju\u017c od 2007 roku, dlatego mamy naprawd\u0119 bogate do\u015bwiadczenie w tym, co robimy.<\/p>\n<p style=\"margin: 15px 0; line-height: 1.8; clear: both; display: block; width: 100%; float: none; position: static;\">Oferujemy Pa\u0144stwu szeroki asortyment towar\u00f3w i stale pracujemy nad jego poszerzaniem.<\/p>\n<p style=\"margin: 15px 0; line-height: 1.8; clear: both; display: block; width: 100%; float: none; position: static;\">W naszej ofercie ka\u017cdy znajdzie co\u015b dla siebie, zar\u00f3wno wymagaj\u0105cy klient, jak r\u00f3wnie\u017c ten, kt\u00f3ry chce zaoszcz\u0119dzi\u0107.<\/p>\n<p style=\"margin: 15px 0; line-height: 1.8; clear: both; display: block; width: 100%; float: none; position: static;\">Zakupy mo\u017cna u nas robi\u0107 spokojnie i z zaufaniem.<\/p>\n<p style=\"margin: 15px 0; line-height: 1.8; clear: both; display: block; width: 100%; float: none; position: static;\">Je\u015bli z jakiego\u015b powodu nie b\u0119dziesz zadowolony z naszego towaru, mo\u017cna go zwr\u00f3ci\u0107 w ci\u0105gu 14 dni bez podania przyczyny, a my zwr\u00f3cimy pieni\u0105dze.<\/p>\n<p style=\"margin: 15px 0; line-height: 1.8; clear: both; display: block; width: 100%; float: none; position: static;\">W razie jakichkolwiek problem\u00f3w do dyspozycji s\u0105 r\u00f3wnie\u017c nasi operatorzy z\u202fDzia\u0142u Obs\u0142ugi Klienta.<\/p>\n<\/div>\n<\/div>\n<\/div>\n<\/div>\n<\/div>\n<\/div>\n<div style=\"clear: both; display: block; margin: 10px 0;\">\n","protected":false},"excerpt":{"rendered":"<p>4x MICHELIN CROSSCLIMATE 2 XL 235\/50R19 103 V<\/p>\n<p>Ca\u0142oroczne opony Osobowe MICHELIN CROSSCLIMATE 2 XL VOL 235\/50 R19 103V 103 V<\/p>\n<p>Rok produkcji: 2025<\/p>\n<p>EAN: 3528708431652<\/p>\n<p>Producent: MICHELIN<\/p>\n<p>Klasa: Premium<\/p>\n<p>Model: CROSSCLIMATE 2 XL VOL<\/p>\n<p>Rozmiar: 235\/50 R19 103V<\/p>\n","protected":false},"featured_media":9888,"template":"","meta":{"_uag_custom_page_level_css":""},"product_brand":[429],"product_cat":[416,414,413,412],"product_tag":[],"class_list":{"0":"post-9887","1":"product","2":"type-product","3":"status-publish","4":"has-post-thumbnail","6":"product_brand-michelin","7":"product_cat-caloroczne","8":"product_cat-do-samochodow-osobowych-i-suv","9":"product_cat-opony","10":"product_cat-opony-i-felgi","12":"first","13":"instock","14":"sale","15":"shipping-taxable","16":"purchasable","17":"product-type-simple"},"uagb_featured_image_src":{"full":["https:\/\/oponixo.shop\/tire\/wp-content\/uploads\/2025\/12\/allegro-image-9887.jpg",920,1120,false],"thumbnail":["https:\/\/oponixo.shop\/tire\/wp-content\/uploads\/2025\/12\/allegro-image-9887-150x150.jpg",150,150,true],"medium":["https:\/\/oponixo.shop\/tire\/wp-content\/uploads\/2025\/12\/allegro-image-9887-246x300.jpg",246,300,true],"medium_large":["https:\/\/oponixo.shop\/tire\/wp-content\/uploads\/2025\/12\/allegro-image-9887-768x935.jpg",768,935,true],"large":["https:\/\/oponixo.shop\/tire\/wp-content\/uploads\/2025\/12\/allegro-image-9887-841x1024.jpg",841,1024,true],"1536x1536":["https:\/\/oponixo.shop\/tire\/wp-content\/uploads\/2025\/12\/allegro-image-9887.jpg",920,1120,false],"2048x2048":["https:\/\/oponixo.shop\/tire\/wp-content\/uploads\/2025\/12\/allegro-image-9887.jpg",920,1120,false],"woocommerce_thumbnail":["https:\/\/oponixo.shop\/tire\/wp-content\/uploads\/2025\/12\/allegro-image-9887-300x300.jpg",300,300,true],"woocommerce_single":["https:\/\/oponixo.shop\/tire\/wp-content\/uploads\/2025\/12\/allegro-image-9887-600x730.jpg",600,730,true],"woocommerce_gallery_thumbnail":["https:\/\/oponixo.shop\/tire\/wp-content\/uploads\/2025\/12\/allegro-image-9887-100x100.jpg",100,100,true]},"uagb_author_info":{"display_name":"admin","author_link":"https:\/\/oponixo.shop\/tire\/author\/"},"uagb_comment_info":0,"uagb_excerpt":"4x MICHELIN CROSSCLIMATE 2 XL 235\/50R19 103 V Ca\u0142oroczne opony Osobowe MICHELIN CROSSCLIMATE 2 XL VOL 235\/50 R19 103V 103 V Rok produkcji: 2025 EAN: 3528708431652 Producent: MICHELIN Klasa: Premium Model: CROSSCLIMATE 2 XL VOL Rozmiar: 235\/50 R19 103V","_links":{"self":[{"href":"https:\/\/oponixo.shop\/tire\/wp-json\/wp\/v2\/product\/9887","targetHints":{"allow":["GET"]}}],"collection":[{"href":"https:\/\/oponixo.shop\/tire\/wp-json\/wp\/v2\/product"}],"about":[{"href":"https:\/\/oponixo.shop\/tire\/wp-json\/wp\/v2\/types\/product"}],"wp:featuredmedia":[{"embeddable":true,"href":"https:\/\/oponixo.shop\/tire\/wp-json\/wp\/v2\/media\/9888"}],"wp:attachment":[{"href":"https:\/\/oponixo.shop\/tire\/wp-json\/wp\/v2\/media?parent=9887"}],"wp:term":[{"taxonomy":"product_brand","embeddable":true,"href":"https:\/\/oponixo.shop\/tire\/wp-json\/wp\/v2\/product_brand?post=9887"},{"taxonomy":"product_cat","embeddable":true,"href":"https:\/\/oponixo.shop\/tire\/wp-json\/wp\/v2\/product_cat?post=9887"},{"taxonomy":"product_tag","embeddable":true,"href":"https:\/\/oponixo.shop\/tire\/wp-json\/wp\/v2\/product_tag?post=9887"}],"curies":[{"name":"wp","href":"https:\/\/api.w.org\/{rel}","templated":true}]}}