{"id":9885,"date":"2025-12-25T08:05:04","date_gmt":"2025-12-25T08:05:04","guid":{"rendered":"https:\/\/oponyexpert.shop\/xef5\/produkt\/2x-245-45r19-winterhawk-4-firestone-102v-zimowe-nowe\/"},"modified":"2025-12-25T08:05:05","modified_gmt":"2025-12-25T08:05:05","slug":"2x-245-45r19-winterhawk-4-firestone-102v-zimowe-nowe","status":"publish","type":"product","link":"https:\/\/oponexa.shop\/tire\/produkt\/2x-245-45r19-winterhawk-4-firestone-102v-zimowe-nowe\/","title":{"rendered":"2x 245\/45R19 WINTERHAWK 4 Firestone 102V zimowe nowe"},"content":{"rendered":"<div style=\"font-family: Arial, sans-serif; line-height: 1.6; color: #333; padding: 20px; clear: both; display: block; width: 100%; float: none; position: static; overflow: hidden;\">\n<div style=\"clear: both; display: block; margin: 10px 0;\">\n<div style=\"clear: both; display: block; margin: 10px 0;\">\n<div style=\"clear: both; display: block; margin: 10px 0;\">\n<div  style=\"max-width:2560px;max-height:482px\">\n<div style=\"clear: both; display: block; margin: 10px 0;\">\n<div style=\"clear: both; width: 100%; display: block; margin: 20px 0; padding: 0; float: none; position: static; text-align: center;\"><img decoding=\"async\"  src=\"https:\/\/a.allegroimg.com\/original\/11cbcc\/ea3186e240b696ea835d3a586683\/2x-245-45R19-WINTERHAWK-4-Firestone-102V-zimowe-nowe-EAN-GTIN-3286341937213\" srcset=\"https:\/\/a.allegroimg.com\/original\/11cbcc\/ea3186e240b696ea835d3a586683\/2x-245-45R19-WINTERHAWK-4-Firestone-102V-zimowe-nowe-EAN-GTIN-3286341937213 360w,https:\/\/a.allegroimg.com\/original\/11cbcc\/ea3186e240b696ea835d3a586683\/2x-245-45R19-WINTERHAWK-4-Firestone-102V-zimowe-nowe-EAN-GTIN-3286341937213 720w,https:\/\/a.allegroimg.com\/original\/11cbcc\/ea3186e240b696ea835d3a586683\/2x-245-45R19-WINTERHAWK-4-Firestone-102V-zimowe-nowe-EAN-GTIN-3286341937213 1024w,https:\/\/a.allegroimg.com\/original\/11cbcc\/ea3186e240b696ea835d3a586683\/2x-245-45R19-WINTERHAWK-4-Firestone-102V-zimowe-nowe-EAN-GTIN-3286341937213 1440w,https:\/\/a.allegroimg.com\/original\/11cbcc\/ea3186e240b696ea835d3a586683\/2x-245-45R19-WINTERHAWK-4-Firestone-102V-zimowe-nowe-EAN-GTIN-3286341937213 2560w\" sizes=\"100vw\" width=\"2560px\" alt=\"2x 245\/45R19 WINTERHAWK 4 Firestone 102V zimowe nowe EAN (GTIN) 3286341937213\"\/ style=\"max-width: 100%; height: auto; display: block; margin: 0 auto;\"><\/div>\n<\/div>\n<\/div>\n<\/div>\n<\/div>\n<\/div>\n<div style=\"clear: both; display: block; margin: 10px 0;\">\n<div style=\"clear: both; display: block; margin: 10px 0;\">\n<div style=\"clear: both; display: block; margin: 10px 0;\">\n<h2>Przedmiot aukcji: 2 sztuki opon zimowych Firestone<\/h2>\n<p style=\"margin: 15px 0; line-height: 1.8; clear: both; display: block; width: 100%; float: none; position: static;\">Rozmiar: <b>245\/45R19<\/b><\/p>\n<p style=\"margin: 15px 0; line-height: 1.8; clear: both; display: block; width: 100%; float: none; position: static;\">Indeksy pr\u0119dko\u015bci i no\u015bno\u015bci: <b>102V&nbsp;(do 240 km\/h)<\/b><\/p>\n<p style=\"margin: 15px 0; line-height: 1.8; clear: both; display: block; width: 100%; float: none; position: static;\">Marka: <b>Firestone<\/b><\/p>\n<p style=\"margin: 15px 0; line-height: 1.8; clear: both; display: block; width: 100%; float: none; position: static;\">Rok produkcji:&nbsp;<b>2025<\/b><\/p>\n<p style=\"margin: 15px 0; line-height: 1.8; clear: both; display: block; width: 100%; float: none; position: static;\">Sezon:&nbsp;<b>opony zimowe<\/b><\/p>\n<p style=\"margin: 15px 0; line-height: 1.8; clear: both; display: block; width: 100%; float: none; position: static;\">Segment:&nbsp;<b>klasa \u015brednia<\/b><\/p>\n<h1>Nowoczesna, kierunkowa, atrakcyjna wizualnie rze\u017aba bie\u017cnika.<\/h1>\n<h3 style=\"color: #2c5aa0; font-size: 18px; margin: 30px 0 15px 0; font-weight: bold; clear: both; display: block; width: 100%; float: none; position: static;\">Zalety:<\/h3>\n<p style=\"margin: 15px 0; line-height: 1.8; clear: both; display: block; width: 100%; float: none; position: static;\">\u2705 Dobre odprowadzanie wody i b\u0142ota po\u015bniegowego z czo\u0142a opony.<\/p>\n<p style=\"margin: 15px 0; line-height: 1.8; clear: both; display: block; width: 100%; float: none; position: static;\">\u2705 R\u00f3wnomierny rozk\u0142ad obci\u0105\u017ce\u0144.<\/p>\n<p style=\"margin: 15px 0; line-height: 1.8; clear: both; display: block; width: 100%; float: none; position: static;\">\u2705 Bardzo dobra kierowalno\u015b\u0107.<\/p>\n<p style=\"margin: 15px 0; line-height: 1.8; clear: both; display: block; width: 100%; float: none; position: static;\">\u2705 Atrakcyjna wizualnie, kierunkowa rze\u017aba bie\u017cnika.<\/p>\n<\/div>\n<\/div>\n<div style=\"clear: both; display: block; margin: 10px 0;\">\n<div style=\"clear: both; display: block; margin: 10px 0;\">\n<div  style=\"max-width:1000px;max-height:1000px\">\n<div style=\"clear: both; display: block; margin: 10px 0;\">\n<div style=\"clear: both; width: 100%; display: block; margin: 20px 0; padding: 0; float: none; position: static; text-align: center;\"><img decoding=\"async\"  src=\"https:\/\/a.allegroimg.com\/original\/11462d\/78bb1b6b4d2fbdef54215264fdd5\/2x-245-45R19-WINTERHAWK-4-Firestone-102V-zimowe-nowe\" srcset=\"https:\/\/a.allegroimg.com\/original\/11462d\/78bb1b6b4d2fbdef54215264fdd5\/2x-245-45R19-WINTERHAWK-4-Firestone-102V-zimowe-nowe 360w,https:\/\/a.allegroimg.com\/original\/11462d\/78bb1b6b4d2fbdef54215264fdd5\/2x-245-45R19-WINTERHAWK-4-Firestone-102V-zimowe-nowe 720w,https:\/\/a.allegroimg.com\/original\/11462d\/78bb1b6b4d2fbdef54215264fdd5\/2x-245-45R19-WINTERHAWK-4-Firestone-102V-zimowe-nowe 1000w,https:\/\/a.allegroimg.com\/original\/11462d\/78bb1b6b4d2fbdef54215264fdd5\/2x-245-45R19-WINTERHAWK-4-Firestone-102V-zimowe-nowe 1000w\" sizes=\"(min-width: 1200px) 560px, (min-width: 992px) 50vw, 100vw\" width=\"1000px\" alt=\"2x 245\/45R19 WINTERHAWK 4 Firestone 102V zimowe nowe\"\/ style=\"max-width: 100%; height: auto; display: block; margin: 0 auto;\"><\/div>\n<\/div>\n<\/div>\n<\/div>\n<\/div>\n<\/div>\n<div style=\"clear: both; display: block; margin: 10px 0;\">\n<div style=\"clear: both; display: block; margin: 10px 0;\">\n<div style=\"clear: both; display: block; margin: 10px 0;\">\n<p style=\"margin: 15px 0; line-height: 1.8; clear: both; display: block; width: 100%; float: none; position: static;\">[19372FI][19372FI]<\/p>\n<\/div>\n<\/div>\n<\/div>\n<\/div>\n<\/div>\n<\/div>\n<div style=\"clear: both; display: block; margin: 10px 0;\">\n","protected":false},"excerpt":{"rendered":"<p>Przedmiot aukcji: 2 sztuki opon zimowych Firestone<\/p>\n<p>Rozmiar: 245\/45R19<\/p>\n<p>Indeksy pr\u0119dko\u015bci i no\u015bno\u015bci: 102V&nbsp;(do 240 km\/h)<\/p>\n<p>Marka: Firestone<\/p>\n<p>Rok produkcji:&nbsp;2025<\/p>\n<p>Sezon:&nbsp;opony zimowe<\/p>\n<p>Segment:&nbsp;klasa \u015brednia<\/p>\n<p>Nowoczesna, kierunkowa, atrakcyjna wizualnie rze\u017aba bie\u017cnika.<\/p>\n","protected":false},"featured_media":9886,"template":"","meta":{"_uag_custom_page_level_css":""},"product_brand":[400],"product_cat":[414,413,412,415],"product_tag":[],"class_list":{"0":"post-9885","1":"product","2":"type-product","3":"status-publish","4":"has-post-thumbnail","6":"product_brand-firestone","7":"product_cat-do-samochodow-osobowych-i-suv","8":"product_cat-opony","9":"product_cat-opony-i-felgi","10":"product_cat-zimowe","12":"first","13":"instock","14":"sale","15":"shipping-taxable","16":"purchasable","17":"product-type-simple"},"uagb_featured_image_src":{"full":["https:\/\/oponexa.shop\/tire\/wp-content\/uploads\/2025\/12\/allegro-image-9885.jpg",1000,1000,false],"thumbnail":["https:\/\/oponexa.shop\/tire\/wp-content\/uploads\/2025\/12\/allegro-image-9885-150x150.jpg",150,150,true],"medium":["https:\/\/oponexa.shop\/tire\/wp-content\/uploads\/2025\/12\/allegro-image-9885-300x300.jpg",300,300,true],"medium_large":["https:\/\/oponexa.shop\/tire\/wp-content\/uploads\/2025\/12\/allegro-image-9885-768x768.jpg",768,768,true],"large":["https:\/\/oponexa.shop\/tire\/wp-content\/uploads\/2025\/12\/allegro-image-9885.jpg",1000,1000,false],"1536x1536":["https:\/\/oponexa.shop\/tire\/wp-content\/uploads\/2025\/12\/allegro-image-9885.jpg",1000,1000,false],"2048x2048":["https:\/\/oponexa.shop\/tire\/wp-content\/uploads\/2025\/12\/allegro-image-9885.jpg",1000,1000,false],"woocommerce_thumbnail":["https:\/\/oponexa.shop\/tire\/wp-content\/uploads\/2025\/12\/allegro-image-9885-300x300.jpg",300,300,true],"woocommerce_single":["https:\/\/oponexa.shop\/tire\/wp-content\/uploads\/2025\/12\/allegro-image-9885-600x600.jpg",600,600,true],"woocommerce_gallery_thumbnail":["https:\/\/oponexa.shop\/tire\/wp-content\/uploads\/2025\/12\/allegro-image-9885-100x100.jpg",100,100,true]},"uagb_author_info":{"display_name":"admin","author_link":"https:\/\/oponexa.shop\/tire\/author\/"},"uagb_comment_info":0,"uagb_excerpt":"Przedmiot aukcji: 2 sztuki opon zimowych Firestone Rozmiar: 245\/45R19 Indeksy pr\u0119dko\u015bci i no\u015bno\u015bci: 102V&nbsp;(do 240 km\/h) Marka: Firestone Rok produkcji:&nbsp;2025 Sezon:&nbsp;opony zimowe Segment:&nbsp;klasa \u015brednia Nowoczesna, kierunkowa, atrakcyjna wizualnie rze\u017aba bie\u017cnika.","_links":{"self":[{"href":"https:\/\/oponexa.shop\/tire\/wp-json\/wp\/v2\/product\/9885","targetHints":{"allow":["GET"]}}],"collection":[{"href":"https:\/\/oponexa.shop\/tire\/wp-json\/wp\/v2\/product"}],"about":[{"href":"https:\/\/oponexa.shop\/tire\/wp-json\/wp\/v2\/types\/product"}],"wp:featuredmedia":[{"embeddable":true,"href":"https:\/\/oponexa.shop\/tire\/wp-json\/wp\/v2\/media\/9886"}],"wp:attachment":[{"href":"https:\/\/oponexa.shop\/tire\/wp-json\/wp\/v2\/media?parent=9885"}],"wp:term":[{"taxonomy":"product_brand","embeddable":true,"href":"https:\/\/oponexa.shop\/tire\/wp-json\/wp\/v2\/product_brand?post=9885"},{"taxonomy":"product_cat","embeddable":true,"href":"https:\/\/oponexa.shop\/tire\/wp-json\/wp\/v2\/product_cat?post=9885"},{"taxonomy":"product_tag","embeddable":true,"href":"https:\/\/oponexa.shop\/tire\/wp-json\/wp\/v2\/product_tag?post=9885"}],"curies":[{"name":"wp","href":"https:\/\/api.w.org\/{rel}","templated":true}]}}