{"id":9725,"date":"2025-12-25T07:51:32","date_gmt":"2025-12-25T07:51:32","guid":{"rendered":"https:\/\/oponyexpert.shop\/xef5\/produkt\/2x-opony-caloroczne-215-55r17-kormoran-all-season\/"},"modified":"2025-12-25T07:51:33","modified_gmt":"2025-12-25T07:51:33","slug":"2x-opony-caloroczne-215-55r17-kormoran-all-season","status":"publish","type":"product","link":"https:\/\/oponixo.shop\/tire\/produkt\/2x-opony-caloroczne-215-55r17-kormoran-all-season\/","title":{"rendered":"2x opony ca\u0142oroczne 215\/55R17 Kormoran ALL SEASON"},"content":{"rendered":"<div style=\"font-family: Arial, sans-serif; line-height: 1.6; color: #333; padding: 20px; clear: both; display: block; width: 100%; float: none; position: static; overflow: hidden;\">\n<div style=\"clear: both; display: block; margin: 10px 0;\">\n<div style=\"clear: both; display: block; margin: 10px 0;\">\n<div style=\"clear: both; display: block; margin: 10px 0;\">\n<div  style=\"max-width:1748px;max-height:445px\">\n<div style=\"clear: both; display: block; margin: 10px 0;\">\n<div style=\"clear: both; width: 100%; display: block; margin: 20px 0; padding: 0; float: none; position: static; text-align: center;\"><img decoding=\"async\"  src=\"https:\/\/a.allegroimg.com\/original\/11681d\/c9bd2c3945469138337b6ac8732c\/2x-opony-caloroczne-215-55R17-Kormoran-ALL-SEASON-Rok-produkcji-2025\" srcset=\"https:\/\/a.allegroimg.com\/original\/11681d\/c9bd2c3945469138337b6ac8732c\/2x-opony-caloroczne-215-55R17-Kormoran-ALL-SEASON-Rok-produkcji-2025 360w,https:\/\/a.allegroimg.com\/original\/11681d\/c9bd2c3945469138337b6ac8732c\/2x-opony-caloroczne-215-55R17-Kormoran-ALL-SEASON-Rok-produkcji-2025 720w,https:\/\/a.allegroimg.com\/original\/11681d\/c9bd2c3945469138337b6ac8732c\/2x-opony-caloroczne-215-55R17-Kormoran-ALL-SEASON-Rok-produkcji-2025 1024w,https:\/\/a.allegroimg.com\/original\/11681d\/c9bd2c3945469138337b6ac8732c\/2x-opony-caloroczne-215-55R17-Kormoran-ALL-SEASON-Rok-produkcji-2025 1440w,https:\/\/a.allegroimg.com\/original\/11681d\/c9bd2c3945469138337b6ac8732c\/2x-opony-caloroczne-215-55R17-Kormoran-ALL-SEASON-Rok-produkcji-2025 1748w\" sizes=\"100vw\" width=\"1748px\" alt=\"2x opony ca\u0142oroczne 215\/55R17 Kormoran ALL SEASON Rok produkcji 2025\"\/ style=\"max-width: 100%; height: auto; display: block; margin: 0 auto;\"><\/div>\n<\/div>\n<\/div>\n<\/div>\n<\/div>\n<\/div>\n<div style=\"clear: both; display: block; margin: 10px 0;\">\n<div style=\"clear: both; display: block; margin: 10px 0;\">\n<div style=\"clear: both; display: block; margin: 10px 0;\">\n<div  style=\"max-width:552px;max-height:714px\">\n<div style=\"clear: both; display: block; margin: 10px 0;\">\n<div style=\"clear: both; width: 100%; display: block; margin: 20px 0; padding: 0; float: none; position: static; text-align: center;\"><img decoding=\"async\"  src=\"https:\/\/a.allegroimg.com\/original\/119dd2\/c972e2d14c60919cf5f9d61de3b4\/2x-opony-caloroczne-215-55R17-Kormoran-ALL-SEASON\" srcset=\"https:\/\/a.allegroimg.com\/original\/119dd2\/c972e2d14c60919cf5f9d61de3b4\/2x-opony-caloroczne-215-55R17-Kormoran-ALL-SEASON 278w,https:\/\/a.allegroimg.com\/original\/119dd2\/c972e2d14c60919cf5f9d61de3b4\/2x-opony-caloroczne-215-55R17-Kormoran-ALL-SEASON 552w,https:\/\/a.allegroimg.com\/original\/119dd2\/c972e2d14c60919cf5f9d61de3b4\/2x-opony-caloroczne-215-55R17-Kormoran-ALL-SEASON 552w\" sizes=\"(min-width: 1200px) 560px, (min-width: 992px) 50vw, 100vw\" width=\"552px\" alt=\"2x opony ca\u0142oroczne 215\/55R17 Kormoran ALL SEASON\"\/ style=\"max-width: 100%; height: auto; display: block; margin: 0 auto;\"><\/div>\n<\/div>\n<\/div>\n<\/div>\n<\/div>\n<div style=\"clear: both; display: block; margin: 10px 0;\">\n<div style=\"clear: both; display: block; margin: 10px 0;\">\n<h1>Cechy Opony:<\/h1>\n<ul style=\"margin: 15px 0; padding-left: 20px; clear: both; display: block; width: 100%; float: none; position: static;\">\n<li style=\"margin: 5px 0; padding: 2px 0; clear: both; display: list-item; float: none; position: static;\">Stan: <b>Fabrycznie nowa<\/b><\/li>\n<\/ul>\n<ul style=\"margin: 15px 0; padding-left: 20px; clear: both; display: block; width: 100%; float: none; position: static;\">\n<li style=\"margin: 5px 0; padding: 2px 0; clear: both; display: list-item; float: none; position: static;\">Dystrybucja: <b>Oficjalny dystrybutor w Polsce<\/b><\/li>\n<\/ul>\n<ul style=\"margin: 15px 0; padding-left: 20px; clear: both; display: block; width: 100%; float: none; position: static;\">\n<li style=\"margin: 5px 0; padding: 2px 0; clear: both; display: list-item; float: none; position: static;\">Sezon: <b>ca\u0142oroczne<\/b><\/li>\n<\/ul>\n<ul style=\"margin: 15px 0; padding-left: 20px; clear: both; display: block; width: 100%; float: none; position: static;\">\n<li style=\"margin: 5px 0; padding: 2px 0; clear: both; display: list-item; float: none; position: static;\">Producent: <b>Kormoran<\/b><\/li>\n<\/ul>\n<ul style=\"margin: 15px 0; padding-left: 20px; clear: both; display: block; width: 100%; float: none; position: static;\">\n<li style=\"margin: 5px 0; padding: 2px 0; clear: both; display: list-item; float: none; position: static;\">Bie\u017cnik: <b>ALL SEASON<\/b><\/li>\n<\/ul>\n<ul style=\"margin: 15px 0; padding-left: 20px; clear: both; display: block; width: 100%; float: none; position: static;\">\n<li style=\"margin: 5px 0; padding: 2px 0; clear: both; display: list-item; float: none; position: static;\">Rozmiar: <b>215\/55R17<\/b><\/li>\n<\/ul>\n<ul style=\"margin: 15px 0; padding-left: 20px; clear: both; display: block; width: 100%; float: none; position: static;\">\n<li style=\"margin: 5px 0; padding: 2px 0; clear: both; display: list-item; float: none; position: static;\">Indeks no\u015bno\u015bci: <b>98<\/b><\/li>\n<\/ul>\n<ul style=\"margin: 15px 0; padding-left: 20px; clear: both; display: block; width: 100%; float: none; position: static;\">\n<li style=\"margin: 5px 0; padding: 2px 0; clear: both; display: list-item; float: none; position: static;\">Indeks pr\u0119dko\u015bci: <b>V<\/b><\/li>\n<\/ul>\n<ul style=\"margin: 15px 0; padding-left: 20px; clear: both; display: block; width: 100%; float: none; position: static;\">\n<li style=\"margin: 5px 0; padding: 2px 0; clear: both; display: list-item; float: none; position: static;\">Rok produkcji:<b> 2025 (Ka\u017cda opona zosta\u0142a sprawdzona przy dostawie, co gwarantuje rok produkcji podany na aukcji)<\/b><\/li>\n<\/ul>\n<ul style=\"margin: 15px 0; padding-left: 20px; clear: both; display: block; width: 100%; float: none; position: static;\">\n<li style=\"margin: 5px 0; padding: 2px 0; clear: both; display: list-item; float: none; position: static;\">EAN: <b>3528702638583<\/b><\/li>\n<\/ul>\n<ul style=\"margin: 15px 0; padding-left: 20px; clear: both; display: block; width: 100%; float: none; position: static;\">\n<li style=\"margin: 5px 0; padding: 2px 0; clear: both; display: list-item; float: none; position: static;\">Wzmocniona konstrukcja (XL): <b>Tak<\/b><\/li>\n<\/ul>\n<ul style=\"margin: 15px 0; padding-left: 20px; clear: both; display: block; width: 100%; float: none; position: static;\">\n<li style=\"margin: 5px 0; padding: 2px 0; clear: both; display: list-item; float: none; position: static;\">Rant ochronny na felg\u0119: <b>Tak<\/b><\/li>\n<\/ul><\/div>\n<\/div>\n<\/div>\n<div style=\"clear: both; display: block; margin: 10px 0;\">\n<div style=\"clear: both; display: block; margin: 10px 0;\">\n<div style=\"clear: both; display: block; margin: 10px 0;\">\n<h2>Zu\u017cycie paliwa \/ opory toczenia<\/h2>\n<p style=\"margin: 15px 0; line-height: 1.8; clear: both; display: block; width: 100%; float: none; position: static;\">Klasa A okre\u015bla opony o najmniejszych oporach toczenia, klasa E o najwi\u0119kszych. Op\u00f3r toczenia wp\u0142ywa na zu\u017cycie paliwa oraz emisj\u0119 spalin przez samoch\u00f3d. Im ni\u017cszy op\u00f3r toczenia, tym wi\u0119ksza oszcz\u0119dno\u015b\u0107 paliwa i mniejszy wp\u0142yw na \u015brodowisko.<\/p>\n<p style=\"margin: 15px 0; line-height: 1.8; clear: both; display: block; width: 100%; float: none; position: static;\">\n<h2>Przyczepno\u015b\u0107 na mokrej nawierzchni \/ droga hamowania<\/h2>\n<p style=\"margin: 15px 0; line-height: 1.8; clear: both; display: block; width: 100%; float: none; position: static;\">Klasa A oznacza najkr\u00f3tsz\u0105, a E najd\u0142u\u017csz\u0105 drog\u0119 hamowania na mokrej nawierzchni. Parametr ten zwi\u0105zany jest z przyczepno\u015bci\u0105 opony podczas jazdy po mokrej drodze, co ma znaczenie dla bezpiecze\u0144stwa podr\u00f3\u017cowania. Im wy\u017csza klasa, tym lepsze w\u0142a\u015bciwo\u015bci ogumienia.<\/p>\n<p style=\"margin: 15px 0; line-height: 1.8; clear: both; display: block; width: 100%; float: none; position: static;\">\n<h2>Zewn\u0119trzny ha\u0142as toczenia \/ emisja ha\u0142asu<\/h2>\n<p style=\"margin: 15px 0; line-height: 1.8; clear: both; display: block; width: 100%; float: none; position: static;\">Klasa A przeznaczona jest dla najcichszych opon, B i C \u2013 dla g\u0142o\u015bniejszych. Wp\u0142ywa na komfort podr\u00f3\u017cowania samochodem. Ha\u0142as, kt\u00f3ry powstaje przy toczeniu si\u0119 opony jest wyra\u017cony w decybelach. Im ni\u017csza liczba tym cichsza opona.<\/p>\n<p style=\"margin: 15px 0; line-height: 1.8; clear: both; display: block; width: 100%; float: none; position: static;\">\n<\/div>\n<\/div>\n<div style=\"clear: both; display: block; margin: 10px 0;\">\n<div style=\"clear: both; display: block; margin: 10px 0;\">\n<div  style=\"max-width:738px;max-height:1082px\">\n<div style=\"clear: both; display: block; margin: 10px 0;\">\n<div style=\"clear: both; width: 100%; display: block; margin: 20px 0; padding: 0; float: none; position: static; text-align: center;\"><img decoding=\"async\"  src=\"https:\/\/a.allegroimg.com\/original\/118987\/f621b76949c392564ee9eaeb7c06\/2x-opony-caloroczne-215-55R17-Kormoran-ALL-SEASON-Liczba-opon-w-ofercie-2-szt\" srcset=\"https:\/\/a.allegroimg.com\/original\/118987\/f621b76949c392564ee9eaeb7c06\/2x-opony-caloroczne-215-55R17-Kormoran-ALL-SEASON-Liczba-opon-w-ofercie-2-szt 245w,https:\/\/a.allegroimg.com\/original\/118987\/f621b76949c392564ee9eaeb7c06\/2x-opony-caloroczne-215-55R17-Kormoran-ALL-SEASON-Liczba-opon-w-ofercie-2-szt 491w,https:\/\/a.allegroimg.com\/original\/118987\/f621b76949c392564ee9eaeb7c06\/2x-opony-caloroczne-215-55R17-Kormoran-ALL-SEASON-Liczba-opon-w-ofercie-2-szt 698w,https:\/\/a.allegroimg.com\/original\/118987\/f621b76949c392564ee9eaeb7c06\/2x-opony-caloroczne-215-55R17-Kormoran-ALL-SEASON-Liczba-opon-w-ofercie-2-szt 738w,https:\/\/a.allegroimg.com\/original\/118987\/f621b76949c392564ee9eaeb7c06\/2x-opony-caloroczne-215-55R17-Kormoran-ALL-SEASON-Liczba-opon-w-ofercie-2-szt 738w\" sizes=\"(min-width: 1200px) 560px, (min-width: 992px) 50vw, 100vw\" width=\"738px\" alt=\"2x opony ca\u0142oroczne 215\/55R17 Kormoran ALL SEASON Liczba opon w ofercie 2 szt.\"\/ style=\"max-width: 100%; height: auto; display: block; margin: 0 auto;\"><\/div>\n<\/div>\n<\/div>\n<\/div>\n<\/div>\n<\/div>\n<div style=\"clear: both; display: block; margin: 10px 0;\">\n<div style=\"clear: both; display: block; margin: 10px 0;\">\n<div style=\"clear: both; display: block; margin: 10px 0;\">\n<div  style=\"max-width:1748px;max-height:445px\">\n<div style=\"clear: both; display: block; margin: 10px 0;\">\n<div style=\"clear: both; width: 100%; display: block; margin: 20px 0; padding: 0; float: none; position: static; text-align: center;\"><img decoding=\"async\"  src=\"https:\/\/a.allegroimg.com\/original\/11681d\/c9bd2c3945469138337b6ac8732c\/2x-opony-caloroczne-215-55R17-Kormoran-ALL-SEASON-Rok-produkcji-2025\" srcset=\"https:\/\/a.allegroimg.com\/original\/11681d\/c9bd2c3945469138337b6ac8732c\/2x-opony-caloroczne-215-55R17-Kormoran-ALL-SEASON-Rok-produkcji-2025 360w,https:\/\/a.allegroimg.com\/original\/11681d\/c9bd2c3945469138337b6ac8732c\/2x-opony-caloroczne-215-55R17-Kormoran-ALL-SEASON-Rok-produkcji-2025 720w,https:\/\/a.allegroimg.com\/original\/11681d\/c9bd2c3945469138337b6ac8732c\/2x-opony-caloroczne-215-55R17-Kormoran-ALL-SEASON-Rok-produkcji-2025 1024w,https:\/\/a.allegroimg.com\/original\/11681d\/c9bd2c3945469138337b6ac8732c\/2x-opony-caloroczne-215-55R17-Kormoran-ALL-SEASON-Rok-produkcji-2025 1440w,https:\/\/a.allegroimg.com\/original\/11681d\/c9bd2c3945469138337b6ac8732c\/2x-opony-caloroczne-215-55R17-Kormoran-ALL-SEASON-Rok-produkcji-2025 1748w\" sizes=\"(min-width: 1200px) 560px, (min-width: 992px) 50vw, 100vw\" width=\"1748px\" alt=\"2x opony ca\u0142oroczne 215\/55R17 Kormoran ALL SEASON Rok produkcji 2025\"\/ style=\"max-width: 100%; height: auto; display: block; margin: 0 auto;\"><\/div>\n<\/div>\n<\/div>\n<\/div>\n<\/div>\n<div style=\"clear: both; display: block; margin: 10px 0;\">\n<div style=\"clear: both; display: block; margin: 10px 0;\">\n<h2>O producencie<\/h2>\n<p style=\"margin: 15px 0; line-height: 1.8; clear: both; display: block; width: 100%; float: none; position: static;\">Kormoran to uznana marka oponiarska, kt\u00f3ra powsta\u0142a w Polsce, a dok\u0142adnie w Olsztynie w 1999 roku w fabryce Stomil. Pod koniec lat dziewi\u0119\u0107dziesi\u0105tych zosta\u0142a zakupiona przez koncern Michelin, kt\u00f3ry zdecydowa\u0142 si\u0119 kontynuowa\u0107 jej polskie tradycje. Od pocz\u0105tku swojej dzia\u0142alno\u015bci specjalizuje si\u0119 w produkcji opon przeznaczonych do jazdy ekonomicznej, kt\u00f3re ze wzgl\u0119du na bardzo dobre parametry zdoby\u0142y rzesz\u0119 wiernych klient\u00f3w. W fabryce Kormoran s\u0105 produkowane opony przeznaczone do samochod\u00f3w osobowych, dostawczych, aut typu SUV i samochod\u00f3w ci\u0119\u017carowych. Obecnie marka Kormoran jest jednym z lider\u00f3w polskiego rynku oponiarskiego, a fabryka w Olsztynie nadal bardzo dobrze si\u0119 rozwija i jest jedn\u0105 z wa\u017cniejszych fabryk Michelin w uj\u0119ciu \u015bwiatowym. Dzi\u0119ki temu zyska\u0142a te\u017c wielu zadowolonych klient\u00f3w w Europie.<\/p>\n<\/div>\n<\/div>\n<\/div>\n<\/div>\n<\/div>\n<\/div>\n<div style=\"clear: both; display: block; margin: 10px 0;\">\n","protected":false},"excerpt":{"rendered":"<p>Cechy Opony:<\/p>\n<p>Stan: Fabrycznie nowa<\/p>\n<p>Dystrybucja: Oficjalny dystrybutor w Polsce<\/p>\n<p>Sezon: ca\u0142oroczne<\/p>\n<p>Producent: Kormoran<\/p>\n<p>Bie\u017cnik: ALL SEASON<\/p>\n<p>Rozmiar: 215\/55R17<\/p>\n<p>Indeks no\u015bno\u015bci: 98<\/p>\n","protected":false},"featured_media":9726,"template":"","meta":{"_uag_custom_page_level_css":""},"product_brand":[382],"product_cat":[416,414,413,412],"product_tag":[],"class_list":{"0":"post-9725","1":"product","2":"type-product","3":"status-publish","4":"has-post-thumbnail","6":"product_brand-kormoran","7":"product_cat-caloroczne","8":"product_cat-do-samochodow-osobowych-i-suv","9":"product_cat-opony","10":"product_cat-opony-i-felgi","12":"first","13":"instock","14":"sale","15":"shipping-taxable","16":"purchasable","17":"product-type-simple"},"uagb_featured_image_src":{"full":["https:\/\/oponixo.shop\/tire\/wp-content\/uploads\/2025\/12\/allegro-image-9725.jpg",552,714,false],"thumbnail":["https:\/\/oponixo.shop\/tire\/wp-content\/uploads\/2025\/12\/allegro-image-9725-150x150.jpg",150,150,true],"medium":["https:\/\/oponixo.shop\/tire\/wp-content\/uploads\/2025\/12\/allegro-image-9725-232x300.jpg",232,300,true],"medium_large":["https:\/\/oponixo.shop\/tire\/wp-content\/uploads\/2025\/12\/allegro-image-9725.jpg",552,714,false],"large":["https:\/\/oponixo.shop\/tire\/wp-content\/uploads\/2025\/12\/allegro-image-9725.jpg",552,714,false],"1536x1536":["https:\/\/oponixo.shop\/tire\/wp-content\/uploads\/2025\/12\/allegro-image-9725.jpg",552,714,false],"2048x2048":["https:\/\/oponixo.shop\/tire\/wp-content\/uploads\/2025\/12\/allegro-image-9725.jpg",552,714,false],"woocommerce_thumbnail":["https:\/\/oponixo.shop\/tire\/wp-content\/uploads\/2025\/12\/allegro-image-9725-300x300.jpg",300,300,true],"woocommerce_single":["https:\/\/oponixo.shop\/tire\/wp-content\/uploads\/2025\/12\/allegro-image-9725.jpg",552,714,false],"woocommerce_gallery_thumbnail":["https:\/\/oponixo.shop\/tire\/wp-content\/uploads\/2025\/12\/allegro-image-9725-100x100.jpg",100,100,true]},"uagb_author_info":{"display_name":"admin","author_link":"https:\/\/oponixo.shop\/tire\/author\/"},"uagb_comment_info":0,"uagb_excerpt":"Cechy Opony: Stan: Fabrycznie nowa Dystrybucja: Oficjalny dystrybutor w Polsce Sezon: ca\u0142oroczne Producent: Kormoran Bie\u017cnik: ALL SEASON Rozmiar: 215\/55R17 Indeks no\u015bno\u015bci: 98","_links":{"self":[{"href":"https:\/\/oponixo.shop\/tire\/wp-json\/wp\/v2\/product\/9725","targetHints":{"allow":["GET"]}}],"collection":[{"href":"https:\/\/oponixo.shop\/tire\/wp-json\/wp\/v2\/product"}],"about":[{"href":"https:\/\/oponixo.shop\/tire\/wp-json\/wp\/v2\/types\/product"}],"wp:featuredmedia":[{"embeddable":true,"href":"https:\/\/oponixo.shop\/tire\/wp-json\/wp\/v2\/media\/9726"}],"wp:attachment":[{"href":"https:\/\/oponixo.shop\/tire\/wp-json\/wp\/v2\/media?parent=9725"}],"wp:term":[{"taxonomy":"product_brand","embeddable":true,"href":"https:\/\/oponixo.shop\/tire\/wp-json\/wp\/v2\/product_brand?post=9725"},{"taxonomy":"product_cat","embeddable":true,"href":"https:\/\/oponixo.shop\/tire\/wp-json\/wp\/v2\/product_cat?post=9725"},{"taxonomy":"product_tag","embeddable":true,"href":"https:\/\/oponixo.shop\/tire\/wp-json\/wp\/v2\/product_tag?post=9725"}],"curies":[{"name":"wp","href":"https:\/\/api.w.org\/{rel}","templated":true}]}}