{"id":9675,"date":"2025-12-25T07:40:55","date_gmt":"2025-12-25T07:40:55","guid":{"rendered":"https:\/\/oponyexpert.shop\/xef5\/produkt\/2-nowe-opony-zimowe-225-45r17-sailun-ice-blazer-evo1\/"},"modified":"2025-12-25T07:40:55","modified_gmt":"2025-12-25T07:40:55","slug":"2-nowe-opony-zimowe-225-45r17-sailun-ice-blazer-evo1","status":"publish","type":"product","link":"https:\/\/oponixo.shop\/tire\/produkt\/2-nowe-opony-zimowe-225-45r17-sailun-ice-blazer-evo1\/","title":{"rendered":"2 NOWE OPONY ZIMOWE 225\/45R17 SAILUN ICE BLAZER EVO1"},"content":{"rendered":"<div style=\"font-family: Arial, sans-serif; line-height: 1.6; color: #333; padding: 20px; clear: both; display: block; width: 100%; float: none; position: static; overflow: hidden;\">\n<div style=\"clear: both; display: block; margin: 10px 0;\">\n<div style=\"clear: both; display: block; margin: 10px 0;\">\n<div style=\"clear: both; display: block; margin: 10px 0;\">\n<h2>Zimowe opony SAILUN ICE BLAZER ALPINE EVO1 225\/45 R17 94 V<\/h2>\n<p style=\"margin: 15px 0; line-height: 1.8; clear: both; display: block; width: 100%; float: none; position: static;\">Opony SAILUN ICE BLAZER ALPINE EVO1 to znacz\u0105cy model w portfolio producenta.\u00a0<\/p>\n<p style=\"margin: 15px 0; line-height: 1.8; clear: both; display: block; width: 100%; float: none; position: static;\">Opony klasy ekonomicznej maj\u0105 \u015bwietny stosunek jako\u015bci do ceny.<\/p>\n<ul style=\"margin: 15px 0; padding-left: 20px; clear: both; display: block; width: 100%; float: none; position: static;\">\n<li style=\"margin: 5px 0; padding: 2px 0; clear: both; display: list-item; float: none; position: static;\">Stan:\u00a0Nowy<\/li>\n<li style=\"margin: 5px 0; padding: 2px 0; clear: both; display: list-item; float: none; position: static;\">EAN:\u00a06959655477078<\/li>\n<li style=\"margin: 5px 0; padding: 2px 0; clear: both; display: list-item; float: none; position: static;\">Producent: SAILUN<\/li>\n<li style=\"margin: 5px 0; padding: 2px 0; clear: both; display: list-item; float: none; position: static;\">Model: ICE BLAZER ALPINE EVO1<\/li>\n<li style=\"margin: 5px 0; padding: 2px 0; clear: both; display: list-item; float: none; position: static;\">Rozmiar: 225\/45 R17<\/li>\n<li style=\"margin: 5px 0; padding: 2px 0; clear: both; display: list-item; float: none; position: static;\">Indeks no\u015bno\u015bci: 94-670 kg<\/li>\n<li style=\"margin: 5px 0; padding: 2px 0; clear: both; display: list-item; float: none; position: static;\">Indeks pr\u0119dko\u015bci: V do 240 km\/h<\/li>\n<li style=\"margin: 5px 0; padding: 2px 0; clear: both; display: list-item; float: none; position: static;\">Ha\u0142as db:\u00a072<\/li>\n<li style=\"margin: 5px 0; padding: 2px 0; clear: both; display: list-item; float: none; position: static;\">Sezon: Zimowe<\/li>\n<li style=\"margin: 5px 0; padding: 2px 0; clear: both; display: list-item; float: none; position: static;\">Przeznaczenie: Osobowe<\/li>\n<li style=\"margin: 5px 0; padding: 2px 0; clear: both; display: list-item; float: none; position: static;\">Kl. przycz. na mokrej naw.:\u00a0B<\/li>\n<li style=\"margin: 5px 0; padding: 2px 0; clear: both; display: list-item; float: none; position: static;\">Kl. efekt. paliwowej:\u00a0D<\/li>\n<li style=\"margin: 5px 0; padding: 2px 0; clear: both; display: list-item; float: none; position: static;\">\n<p style=\"margin: 15px 0; line-height: 1.8; clear: both; display: block; width: 100%; float: none; position: static;\">Rok produkcji: Rok bie\u017c\u0105cy lub poprzedni &#8211; kupuj\u0105c z tej oferty otrzymasz opony fabrycznie nowe, pe\u0142nowarto\u015bciowe, a ich rok produkcji jest nie starszy ni\u017c ubieg\u0142y rok kalendarzowyWz\u00f3r bie\u017cnika:<\/p>\n<p style=\"margin: 15px 0; line-height: 1.8; clear: both; display: block; width: 100%; float: none; position: static;\">Bie\u017cnik opon zimowych jest g\u0142\u0119boki i posiada liczne, g\u0119sto rozmieszczone lamele, kt\u00f3re zwi\u0119kszaj\u0105 przyczepno\u015b\u0107 na \u015bniegu i lodzie. Agresywne klocki bie\u017cnika poprawiaj\u0105 trakcj\u0119 w trudnych warunkach zimowych, a mi\u0119kka mieszanka gumowa pozostaje elastyczna w niskich temperaturach, zapewniaj\u0105c optymaln\u0105 przyczepno\u015b\u0107 i bezpiecze\u0144stwo.<\/p>\n<p style=\"margin: 15px 0; line-height: 1.8; clear: both; display: block; width: 100%; float: none; position: static;\">\u00a0<\/p>\n<\/li>\n<\/ul>\n<p style=\"margin: 15px 0; line-height: 1.8; clear: both; display: block; width: 100%; float: none; position: static;\">Sailun to pochodz\u0105cy z Azji producent opon klasy ekonomicznej. Firma powsta\u0142a w 2002 roku w mie\u015bcie Qingdao. Producent opon Sailun jest cz\u0119\u015bci\u0105 koncernu Mesnac Co. Ju\u017c dwa lata po debiucie na rynku, Sailun otworzy\u0142 pierwsze centrum badawczo-technologiczne w Shandong. \u0141\u0105cz\u0105c techniczn\u0105 wiedz\u0119 z innowacyjnymi badaniami. Celem marki Sailun jest projektowa\u0107 i tworzy\u0107 \u015bwiatowej klasy opony, przeznaczone do szerokiej gamy pojazd\u00f3w.<\/p>\n<p style=\"margin: 15px 0; line-height: 1.8; clear: both; display: block; width: 100%; float: none; position: static;\">W bogatej ofercie marki Sailun znalaz\u0142y si\u0119 ekonomiczne opony na ka\u017cde warunki do samochod\u00f3w osobowych, SUV-\u00f3w, lekkich i ci\u0119\u017cszych pojazd\u00f3w ci\u0119\u017carowych, a nawet ogumienie przeznaczone do autobus\u00f3w.<\/p>\n<p style=\"margin: 15px 0; line-height: 1.8; clear: both; display: block; width: 100%; float: none; position: static;\">Mimo stosunkowo kr\u00f3tkiego sta\u017cu w bran\u017cy, opony Sailun szybko odnios\u0142y sprzeda\u017cowy sukces w\u015br\u00f3d kierowc\u00f3w z ca\u0142ego \u015bwiata, mi\u0119dzy innymi dzi\u0119ki wysokiej jako\u015bci mieszankom gumowym oraz zaawansowanym procesom produkcyjnym.<\/p>\n<p style=\"margin: 15px 0; line-height: 1.8; clear: both; display: block; width: 100%; float: none; position: static;\">Opony Sailun cechuj si\u0119 unikatowym i zaawansowanym wzorem bie\u017cnika oraz solidno\u015bci\u0105 wykonania. Mieszanka gumowa u\u017cyta do produkcji opon chi\u0144skiej marki zawiera liczne dodatki uszlachetniaj\u0105ce, kt\u00f3rych zadaniem jest zapewnia\u0107 wysok\u0105 trwa\u0142o\u015b\u0107 oraz optymaln\u0105 przyczepno\u015b\u0107 na suchej i mokrej nawierzchni.<\/p>\n<p style=\"margin: 15px 0; line-height: 1.8; clear: both; display: block; width: 100%; float: none; position: static;\">Posiadamy szerok\u0105 game opon do aut osobowych, dostawczych, cie\u017carowych, motocyki jak i opon przemys\u0142owych.<\/p>\n<p style=\"margin: 15px 0; line-height: 1.8; clear: both; display: block; width: 100%; float: none; position: static;\">Gwarancja satysfakcjii oraz bezpiecznie przejechanych kilometr\u00f3w.<\/p>\n<p style=\"margin: 15px 0; line-height: 1.8; clear: both; display: block; width: 100%; float: none; position: static;\">Zosta\u0144 naszym kolejnym zadowolonym klientem.<\/p>\n<\/div>\n<\/div>\n<div style=\"clear: both; display: block; margin: 10px 0;\">\n<div style=\"clear: both; display: block; margin: 10px 0;\">\n<div  style=\"max-width:1200px;max-height:1200px\">\n<div style=\"clear: both; display: block; margin: 10px 0;\">\n<div style=\"clear: both; width: 100%; display: block; margin: 20px 0; padding: 0; float: none; position: static; text-align: center;\"><img decoding=\"async\"  src=\"https:\/\/a.allegroimg.com\/original\/115387\/758aa7514b5e8bed245b1b7d7d13\/2-NOWE-OPONY-ZIMOWE-225-45R17-SAILUN-ICE-BLAZER-EVO1\" srcset=\"https:\/\/a.allegroimg.com\/original\/115387\/758aa7514b5e8bed245b1b7d7d13\/2-NOWE-OPONY-ZIMOWE-225-45R17-SAILUN-ICE-BLAZER-EVO1 360w,https:\/\/a.allegroimg.com\/original\/115387\/758aa7514b5e8bed245b1b7d7d13\/2-NOWE-OPONY-ZIMOWE-225-45R17-SAILUN-ICE-BLAZER-EVO1 720w,https:\/\/a.allegroimg.com\/original\/115387\/758aa7514b5e8bed245b1b7d7d13\/2-NOWE-OPONY-ZIMOWE-225-45R17-SAILUN-ICE-BLAZER-EVO1 1024w,https:\/\/a.allegroimg.com\/original\/115387\/758aa7514b5e8bed245b1b7d7d13\/2-NOWE-OPONY-ZIMOWE-225-45R17-SAILUN-ICE-BLAZER-EVO1 1200w,https:\/\/a.allegroimg.com\/original\/115387\/758aa7514b5e8bed245b1b7d7d13\/2-NOWE-OPONY-ZIMOWE-225-45R17-SAILUN-ICE-BLAZER-EVO1 1200w\" sizes=\"(min-width: 1200px) 560px, (min-width: 992px) 50vw, 100vw\" width=\"1200px\" alt=\"2 NOWE OPONY ZIMOWE 225\/45R17 SAILUN ICE BLAZER EVO1\"\/ style=\"max-width: 100%; height: auto; display: block; margin: 0 auto;\"><\/div>\n<\/div>\n<\/div>\n<\/div>\n<\/div>\n<\/div>\n<\/div>\n<\/div>\n<\/div>\n<div style=\"clear: both; display: block; margin: 10px 0;\">\n","protected":false},"excerpt":{"rendered":"<p>Zimowe opony SAILUN ICE BLAZER ALPINE EVO1 225\/45 R17 94 V<\/p>\n<p>Opony SAILUN ICE BLAZER ALPINE EVO1 to znacz\u0105cy model w portfolio producenta.\u00a0<\/p>\n<p>Opony klasy ekonomicznej maj\u0105 \u015bwietny stosunek jako\u015bci do ceny.<\/p>\n<p>Stan:\u00a0Nowy<\/p>\n<p>EAN:\u00a06959655477078<\/p>\n<p>Producent: SAILUN<\/p>\n<p>Model: ICE BLAZER ALPINE EVO1<\/p>\n<p>Rozmiar: 225\/45 R17<\/p>\n","protected":false},"featured_media":9676,"template":"","meta":{"_uag_custom_page_level_css":""},"product_brand":[398],"product_cat":[414,413,412,415],"product_tag":[],"class_list":{"0":"post-9675","1":"product","2":"type-product","3":"status-publish","4":"has-post-thumbnail","6":"product_brand-sailun","7":"product_cat-do-samochodow-osobowych-i-suv","8":"product_cat-opony","9":"product_cat-opony-i-felgi","10":"product_cat-zimowe","12":"first","13":"instock","14":"sale","15":"shipping-taxable","16":"purchasable","17":"product-type-simple"},"uagb_featured_image_src":{"full":["https:\/\/oponixo.shop\/tire\/wp-content\/uploads\/2025\/12\/allegro-image-9675.jpg",1200,1200,false],"thumbnail":["https:\/\/oponixo.shop\/tire\/wp-content\/uploads\/2025\/12\/allegro-image-9675-150x150.jpg",150,150,true],"medium":["https:\/\/oponixo.shop\/tire\/wp-content\/uploads\/2025\/12\/allegro-image-9675-300x300.jpg",300,300,true],"medium_large":["https:\/\/oponixo.shop\/tire\/wp-content\/uploads\/2025\/12\/allegro-image-9675-768x768.jpg",768,768,true],"large":["https:\/\/oponixo.shop\/tire\/wp-content\/uploads\/2025\/12\/allegro-image-9675-1024x1024.jpg",1024,1024,true],"1536x1536":["https:\/\/oponixo.shop\/tire\/wp-content\/uploads\/2025\/12\/allegro-image-9675.jpg",1200,1200,false],"2048x2048":["https:\/\/oponixo.shop\/tire\/wp-content\/uploads\/2025\/12\/allegro-image-9675.jpg",1200,1200,false],"woocommerce_thumbnail":["https:\/\/oponixo.shop\/tire\/wp-content\/uploads\/2025\/12\/allegro-image-9675-300x300.jpg",300,300,true],"woocommerce_single":["https:\/\/oponixo.shop\/tire\/wp-content\/uploads\/2025\/12\/allegro-image-9675-600x600.jpg",600,600,true],"woocommerce_gallery_thumbnail":["https:\/\/oponixo.shop\/tire\/wp-content\/uploads\/2025\/12\/allegro-image-9675-100x100.jpg",100,100,true]},"uagb_author_info":{"display_name":"admin","author_link":"https:\/\/oponixo.shop\/tire\/author\/"},"uagb_comment_info":0,"uagb_excerpt":"Zimowe opony SAILUN ICE BLAZER ALPINE EVO1 225\/45 R17 94 V Opony SAILUN ICE BLAZER ALPINE EVO1 to znacz\u0105cy model w portfolio producenta.\u00a0 Opony klasy ekonomicznej maj\u0105 \u015bwietny stosunek jako\u015bci do ceny. Stan:\u00a0Nowy EAN:\u00a06959655477078 Producent: SAILUN Model: ICE BLAZER ALPINE EVO1 Rozmiar: 225\/45 R17","_links":{"self":[{"href":"https:\/\/oponixo.shop\/tire\/wp-json\/wp\/v2\/product\/9675","targetHints":{"allow":["GET"]}}],"collection":[{"href":"https:\/\/oponixo.shop\/tire\/wp-json\/wp\/v2\/product"}],"about":[{"href":"https:\/\/oponixo.shop\/tire\/wp-json\/wp\/v2\/types\/product"}],"wp:featuredmedia":[{"embeddable":true,"href":"https:\/\/oponixo.shop\/tire\/wp-json\/wp\/v2\/media\/9676"}],"wp:attachment":[{"href":"https:\/\/oponixo.shop\/tire\/wp-json\/wp\/v2\/media?parent=9675"}],"wp:term":[{"taxonomy":"product_brand","embeddable":true,"href":"https:\/\/oponixo.shop\/tire\/wp-json\/wp\/v2\/product_brand?post=9675"},{"taxonomy":"product_cat","embeddable":true,"href":"https:\/\/oponixo.shop\/tire\/wp-json\/wp\/v2\/product_cat?post=9675"},{"taxonomy":"product_tag","embeddable":true,"href":"https:\/\/oponixo.shop\/tire\/wp-json\/wp\/v2\/product_tag?post=9675"}],"curies":[{"name":"wp","href":"https:\/\/api.w.org\/{rel}","templated":true}]}}