{"id":9665,"date":"2025-12-25T07:40:52","date_gmt":"2025-12-25T07:40:52","guid":{"rendered":"https:\/\/oponyexpert.shop\/xef5\/produkt\/2x-debica-215-60r17-96h-frigo-2-suv-zimowa-2025-opony-zimowe-nowe-215-60-17\/"},"modified":"2025-12-25T07:40:53","modified_gmt":"2025-12-25T07:40:53","slug":"2x-debica-215-60r17-96h-frigo-2-suv-zimowa-2025-opony-zimowe-nowe-215-60-17","status":"publish","type":"product","link":"https:\/\/oponexa.shop\/tire\/produkt\/2x-debica-215-60r17-96h-frigo-2-suv-zimowa-2025-opony-zimowe-nowe-215-60-17\/","title":{"rendered":"2x D\u0118BICA 215\/60R17 96H FRIGO 2 SUV ZIMOWA 2025 OPONY ZIMOWE NOWE 215 60 17"},"content":{"rendered":"<div style=\"font-family: Arial, sans-serif; line-height: 1.6; color: #333; padding: 20px; clear: both; display: block; width: 100%; float: none; position: static; overflow: hidden;\">\n<div style=\"clear: both; display: block; margin: 10px 0;\">\n<div style=\"clear: both; display: block; margin: 10px 0;\">\n<div style=\"clear: both; display: block; margin: 10px 0;\">\n<h1>2x D\u0118BICA 215\/60R17 96H FRIGO 2 SUV ZIMOWA 2025 OPONY ZIMOWE NOWE 215 60 17<\/h1>\n<\/div>\n<\/div>\n<\/div>\n<div style=\"clear: both; display: block; margin: 10px 0;\">\n<div style=\"clear: both; display: block; margin: 10px 0;\">\n<div style=\"clear: both; display: block; margin: 10px 0;\">\n<div  style=\"max-width:900px;max-height:900px\">\n<div style=\"clear: both; display: block; margin: 10px 0;\">\n<div style=\"clear: both; width: 100%; display: block; margin: 20px 0; padding: 0; float: none; position: static; text-align: center;\"><img decoding=\"async\"  src=\"https:\/\/a.allegroimg.com\/original\/111107\/72f73131490ba9ffc93dcf80bef5\/2x-DEBICA-215-60R17-96H-FRIGO-2-SUV-ZIMOWA-2025-OPONY-ZIMOWE-NOWE-215-60-17\" srcset=\"https:\/\/a.allegroimg.com\/original\/111107\/72f73131490ba9ffc93dcf80bef5\/2x-DEBICA-215-60R17-96H-FRIGO-2-SUV-ZIMOWA-2025-OPONY-ZIMOWE-NOWE-215-60-17 360w,https:\/\/a.allegroimg.com\/original\/111107\/72f73131490ba9ffc93dcf80bef5\/2x-DEBICA-215-60R17-96H-FRIGO-2-SUV-ZIMOWA-2025-OPONY-ZIMOWE-NOWE-215-60-17 720w,https:\/\/a.allegroimg.com\/original\/111107\/72f73131490ba9ffc93dcf80bef5\/2x-DEBICA-215-60R17-96H-FRIGO-2-SUV-ZIMOWA-2025-OPONY-ZIMOWE-NOWE-215-60-17 900w,https:\/\/a.allegroimg.com\/original\/111107\/72f73131490ba9ffc93dcf80bef5\/2x-DEBICA-215-60R17-96H-FRIGO-2-SUV-ZIMOWA-2025-OPONY-ZIMOWE-NOWE-215-60-17 900w\" sizes=\"(min-width: 1200px) 560px, (min-width: 992px) 50vw, 100vw\" width=\"900px\" alt=\"2x D\u0118BICA 215\/60R17 96H FRIGO 2 SUV ZIMOWA 2025 OPONY ZIMOWE NOWE 215 60 17\"\/ style=\"max-width: 100%; height: auto; display: block; margin: 0 auto;\"><\/div>\n<\/div>\n<\/div>\n<\/div>\n<\/div>\n<div style=\"clear: both; display: block; margin: 10px 0;\">\n<div style=\"clear: both; display: block; margin: 10px 0;\">\n<h2>2x OPONA ZIMOWA\u00a0215\/60R17 96H D\u0118BICA FRIGO 2 SUV<\/h2>\n<p style=\"margin: 15px 0; line-height: 1.8; clear: both; display: block; width: 100%; float: none; position: static;\">Cena dotyczy pary ( 2 sztuki )<\/p>\n<h2>Opona zimowa D\u0118BICA Frigo 2 SUV dedykowana jest dla samochod\u00f3w SUV 4&#215;4. Jest to jedna z najbardziej popularnych opon w Polsce.<\/h2>\n<\/div>\n<\/div>\n<\/div>\n<div style=\"clear: both; display: block; margin: 10px 0;\">\n<div style=\"clear: both; display: block; margin: 10px 0;\">\n<div style=\"clear: both; display: block; margin: 10px 0;\">\n<ul style=\"margin: 15px 0; padding-left: 20px; clear: both; display: block; width: 100%; float: none; position: static;\">\n<li style=\"margin: 5px 0; padding: 2px 0; clear: both; display: list-item; float: none; position: static;\"><b>Producent:<\/b> D\u0118BICA<\/li>\n<li style=\"margin: 5px 0; padding: 2px 0; clear: both; display: list-item; float: none; position: static;\"><b>Rozmiar:\u00a0<\/b>215\/60R17<\/li>\n<li style=\"margin: 5px 0; padding: 2px 0; clear: both; display: list-item; float: none; position: static;\"><b>Indeks:<\/b>\u00a096H<\/li>\n<li style=\"margin: 5px 0; padding: 2px 0; clear: both; display: list-item; float: none; position: static;\"><b>Wz\u00f3r bie\u017cnika:<\/b> FRIGO 2 SUV<\/li>\n<li style=\"margin: 5px 0; padding: 2px 0; clear: both; display: list-item; float: none; position: static;\"><b>Sezon:<\/b> Zimowy<\/li>\n<li style=\"margin: 5px 0; padding: 2px 0; clear: both; display: list-item; float: none; position: static;\"><b>Gatunek:<\/b> Pierwszy<\/li>\n<li style=\"margin: 5px 0; padding: 2px 0; clear: both; display: list-item; float: none; position: static;\"><b>Data produkcji:<\/b> 2025<\/li>\n<\/ul>\n<\/div>\n<\/div>\n<div style=\"clear: both; display: block; margin: 10px 0;\">\n<div style=\"clear: both; display: block; margin: 10px 0;\">\n<div  style=\"max-width:900px;max-height:900px\">\n<div style=\"clear: both; display: block; margin: 10px 0;\">\n<div style=\"clear: both; width: 100%; display: block; margin: 20px 0; padding: 0; float: none; position: static; text-align: center;\"><img decoding=\"async\"  src=\"https:\/\/a.allegroimg.com\/original\/11bbc2\/0aa129fc47ea871afeb551aa4e35\/2x-DEBICA-215-60R17-96H-FRIGO-2-SUV-ZIMOWA-2025-OPONY-ZIMOWE-NOWE-215-60-17-Marka-Debica\" srcset=\"https:\/\/a.allegroimg.com\/original\/11bbc2\/0aa129fc47ea871afeb551aa4e35\/2x-DEBICA-215-60R17-96H-FRIGO-2-SUV-ZIMOWA-2025-OPONY-ZIMOWE-NOWE-215-60-17-Marka-Debica 360w,https:\/\/a.allegroimg.com\/original\/11bbc2\/0aa129fc47ea871afeb551aa4e35\/2x-DEBICA-215-60R17-96H-FRIGO-2-SUV-ZIMOWA-2025-OPONY-ZIMOWE-NOWE-215-60-17-Marka-Debica 720w,https:\/\/a.allegroimg.com\/original\/11bbc2\/0aa129fc47ea871afeb551aa4e35\/2x-DEBICA-215-60R17-96H-FRIGO-2-SUV-ZIMOWA-2025-OPONY-ZIMOWE-NOWE-215-60-17-Marka-Debica 900w,https:\/\/a.allegroimg.com\/original\/11bbc2\/0aa129fc47ea871afeb551aa4e35\/2x-DEBICA-215-60R17-96H-FRIGO-2-SUV-ZIMOWA-2025-OPONY-ZIMOWE-NOWE-215-60-17-Marka-Debica 900w\" sizes=\"(min-width: 1200px) 560px, (min-width: 992px) 50vw, 100vw\" width=\"900px\" alt=\"2x D\u0118BICA 215\/60R17 96H FRIGO 2 SUV ZIMOWA 2025 OPONY ZIMOWE NOWE 215 60 17 Marka D\u0119bica\"\/ style=\"max-width: 100%; height: auto; display: block; margin: 0 auto;\"><\/div>\n<\/div>\n<\/div>\n<\/div>\n<\/div>\n<\/div>\n<div style=\"clear: both; display: block; margin: 10px 0;\">\n<div style=\"clear: both; display: block; margin: 10px 0;\">\n<div style=\"clear: both; display: block; margin: 10px 0;\">\n<div  style=\"max-width:629px;max-height:900px\">\n<div style=\"clear: both; display: block; margin: 10px 0;\">\n<div style=\"clear: both; width: 100%; display: block; margin: 20px 0; padding: 0; float: none; position: static; text-align: center;\"><img decoding=\"async\"  src=\"https:\/\/a.allegroimg.com\/original\/11e5dc\/76ac43a64b7989959012c604c175\/2x-DEBICA-215-60R17-96H-FRIGO-2-SUV-ZIMOWA-2025-OPONY-ZIMOWE-NOWE-215-60-17-Liczba-opon-w-ofercie-2-szt\" srcset=\"https:\/\/a.allegroimg.com\/original\/11e5dc\/76ac43a64b7989959012c604c175\/2x-DEBICA-215-60R17-96H-FRIGO-2-SUV-ZIMOWA-2025-OPONY-ZIMOWE-NOWE-215-60-17-Liczba-opon-w-ofercie-2-szt 251w,https:\/\/a.allegroimg.com\/original\/11e5dc\/76ac43a64b7989959012c604c175\/2x-DEBICA-215-60R17-96H-FRIGO-2-SUV-ZIMOWA-2025-OPONY-ZIMOWE-NOWE-215-60-17-Liczba-opon-w-ofercie-2-szt 503w,https:\/\/a.allegroimg.com\/original\/11e5dc\/76ac43a64b7989959012c604c175\/2x-DEBICA-215-60R17-96H-FRIGO-2-SUV-ZIMOWA-2025-OPONY-ZIMOWE-NOWE-215-60-17-Liczba-opon-w-ofercie-2-szt 629w,https:\/\/a.allegroimg.com\/original\/11e5dc\/76ac43a64b7989959012c604c175\/2x-DEBICA-215-60R17-96H-FRIGO-2-SUV-ZIMOWA-2025-OPONY-ZIMOWE-NOWE-215-60-17-Liczba-opon-w-ofercie-2-szt 629w\" sizes=\"(min-width: 1200px) 560px, (min-width: 992px) 50vw, 100vw\" width=\"629px\" alt=\"2x D\u0118BICA 215\/60R17 96H FRIGO 2 SUV ZIMOWA 2025 OPONY ZIMOWE NOWE 215 60 17 Liczba opon w ofercie 2 szt.\"\/ style=\"max-width: 100%; height: auto; display: block; margin: 0 auto;\"><\/div>\n<\/div>\n<\/div>\n<\/div>\n<\/div>\n<div style=\"clear: both; display: block; margin: 10px 0;\">\n<div style=\"clear: both; display: block; margin: 10px 0;\">\n<ul style=\"margin: 15px 0; padding-left: 20px; clear: both; display: block; width: 100%; float: none; position: static;\">\n<li style=\"margin: 5px 0; padding: 2px 0; clear: both; display: list-item; float: none; position: static;\"><b>Konstrukcja opony zapewnia d\u0142ugie przebiegi oraz komfortow\u0105 jazd\u0119 zim\u0105.Zoptymalizowana powierzchnia styku opony z pod\u0142o\u017cem przek\u0142ada si\u0119 na dobr\u0105 przyczepno\u015b\u0107 na zimowych drogach.<\/b><\/li>\n<li style=\"margin: 5px 0; padding: 2px 0; clear: both; display: list-item; float: none; position: static;\"><b>Kierunkowy bie\u017cnik z szerokimi rowkami skutecznie usuwa wod\u0119 i b\u0142oto po\u015bniegowe zmniejszaj\u0105c ryzyko aquaplaningu.<\/b><\/li>\n<li style=\"margin: 5px 0; padding: 2px 0; clear: both; display: list-item; float: none; position: static;\"><b>D\u0119bica Frigo 2 SUV zosta\u0142a zaprojektowana z my\u015bl\u0105 o kierowcach ceni\u0105cych dynamiczn\u0105 jazd\u0119 oraz poszukuj\u0105cych zaawansowanego technicznie i trwa\u0142ego produktu.<\/b><\/li>\n<li style=\"margin: 5px 0; padding: 2px 0; clear: both; display: list-item; float: none; position: static;\"><b>Nowy wz\u00f3r bie\u017cnika sprawia, \u017ce opona posiada wi\u0119cej kraw\u0119dzi tn\u0105cych, wgryzaj\u0105cych si\u0119 w za\u015bnie\u017con\u0105 nawierzchni\u0119 i zapewniaj\u0105cych lepsz\u0105 kontrol\u0119 w zimowych warunkach<\/b><\/li>\n<\/ul>\n<\/div>\n<\/div>\n<\/div>\n<div style=\"clear: both; display: block; margin: 10px 0;\">\n<div style=\"clear: both; display: block; margin: 10px 0;\">\n<div style=\"clear: both; display: block; margin: 10px 0;\">\n<ol>\n<li style=\"margin: 5px 0; padding: 2px 0; clear: both; display: list-item; float: none; position: static;\">Zimowa opona D\u0118BICA Frigo 2 SUV zosta\u0142a zaprojektowana dla samochod\u00f3w o wysokich osi\u0105gach, z my\u015bl\u0105 o kierowcach, kt\u00f3rzy lubi\u0105 dynamiczn\u0105 jazd\u0119 i ceni\u0105 sobie zaawansowan\u0105 technologi\u0119.<\/li>\n<li style=\"margin: 5px 0; padding: 2px 0; clear: both; display: list-item; float: none; position: static;\">Opona posiada oznaczenie 3PMSF &#8211; symbol trzech szczyt\u00f3w g\u00f3rskich i p\u0142atka \u015bniegu &#8211; potwierdzaj\u0105ce przystosowanie opony do warunk\u00f3w zimowych. Pe\u0142na kontrola nad pojazdem<\/li>\n<li style=\"margin: 5px 0; padding: 2px 0; clear: both; display: list-item; float: none; position: static;\">Opona D\u0118BICA Frigo 2 SUV otrzyma\u0142a nowy, kierunkowy wz\u00f3r bie\u017cnika o zwi\u0119kszonej ilo\u015bci kraw\u0119dzi tn\u0105cych, co maksymalizuje kontrol\u0119 nad pojazdem w trudnych warunkach zimowych.<\/li>\n<li style=\"margin: 5px 0; padding: 2px 0; clear: both; display: list-item; float: none; position: static;\">Doskona\u0142a trakcja na \u015bniegu<\/li>\n<li style=\"margin: 5px 0; padding: 2px 0; clear: both; display: list-item; float: none; position: static;\">System samoblokuj\u0105cych si\u0119 lamel zapewniaj\u0105 znakomit\u0105 trakcj\u0119 na \u015bniegu i b\u0142ocie po\u015bniegowym. Wraz z zastosowan\u0105 now\u0105 mieszank\u0105 gumow\u0105 utrzymuj\u0105 odpowiedni\u0105 sztywno\u015b\u0107 opony co wp\u0142ywa na lepsz\u0105 kierowalno\u015b\u0107 pojazdem. Dodatkowo rowki w kszta\u0142cie litery &#8222;W&#8221; w centralnej cz\u0119\u015bci bie\u017cnika doskonale odprowadzaj\u0105 wod\u0119 i b\u0142oto po\u015bniegowe.<\/li>\n<li style=\"margin: 5px 0; padding: 2px 0; clear: both; display: list-item; float: none; position: static;\">Wi\u0119ksza odporno\u015b\u0107 na zu\u017cycie Nowoczesna konstrukcja opony D\u0118BICA Frigo 2 SUV ze zwi\u0119kszon\u0105 g\u0142\u0119boko\u015bci\u0105 bie\u017cnika sprawia, \u017ce opona jest odporna na \u015bcieranie i wolniej si\u0119 zu\u017cywa.<\/li>\n<\/ol>\n<\/div>\n<\/div>\n<\/div>\n<\/div>\n<\/div>\n<\/div>\n<div style=\"clear: both; display: block; margin: 10px 0;\">\n","protected":false},"excerpt":{"rendered":"<p>2x D\u0118BICA 215\/60R17 96H FRIGO 2 SUV ZIMOWA 2025 OPONY ZIMOWE NOWE 215 60 17<\/p>\n<p>2x OPONA ZIMOWA\u00a0215\/60R17 96H D\u0118BICA FRIGO 2 SUV<\/p>\n<p>Cena dotyczy pary ( 2 sztuki )<\/p>\n<p>Opona zimowa D\u0118BICA Frigo 2 SUV dedykowana jest dla samochod\u00f3w SUV 4&#215;4. Jest to jedna z najbardziej popularnych opon w Polsce.<\/p>\n<p>Producent: D\u0118BICA<\/p>\n<p>Rozmiar:\u00a0215\/60R17<\/p>\n<p>Indeks:\u00a096H<\/p>\n<p>Wz\u00f3r bie\u017cnika: FRIGO 2 SUV<\/p>\n","protected":false},"featured_media":9666,"template":"","meta":{"_uag_custom_page_level_css":""},"product_brand":[378],"product_cat":[414,413,412,415],"product_tag":[],"class_list":{"0":"post-9665","1":"product","2":"type-product","3":"status-publish","4":"has-post-thumbnail","6":"product_brand-debica","7":"product_cat-do-samochodow-osobowych-i-suv","8":"product_cat-opony","9":"product_cat-opony-i-felgi","10":"product_cat-zimowe","12":"first","13":"instock","14":"sale","15":"shipping-taxable","16":"purchasable","17":"product-type-simple"},"uagb_featured_image_src":{"full":["https:\/\/oponexa.shop\/tire\/wp-content\/uploads\/2025\/12\/allegro-image-9665.jpg",900,900,false],"thumbnail":["https:\/\/oponexa.shop\/tire\/wp-content\/uploads\/2025\/12\/allegro-image-9665-150x150.jpg",150,150,true],"medium":["https:\/\/oponexa.shop\/tire\/wp-content\/uploads\/2025\/12\/allegro-image-9665-300x300.jpg",300,300,true],"medium_large":["https:\/\/oponexa.shop\/tire\/wp-content\/uploads\/2025\/12\/allegro-image-9665-768x768.jpg",768,768,true],"large":["https:\/\/oponexa.shop\/tire\/wp-content\/uploads\/2025\/12\/allegro-image-9665.jpg",900,900,false],"1536x1536":["https:\/\/oponexa.shop\/tire\/wp-content\/uploads\/2025\/12\/allegro-image-9665.jpg",900,900,false],"2048x2048":["https:\/\/oponexa.shop\/tire\/wp-content\/uploads\/2025\/12\/allegro-image-9665.jpg",900,900,false],"woocommerce_thumbnail":["https:\/\/oponexa.shop\/tire\/wp-content\/uploads\/2025\/12\/allegro-image-9665-300x300.jpg",300,300,true],"woocommerce_single":["https:\/\/oponexa.shop\/tire\/wp-content\/uploads\/2025\/12\/allegro-image-9665-600x600.jpg",600,600,true],"woocommerce_gallery_thumbnail":["https:\/\/oponexa.shop\/tire\/wp-content\/uploads\/2025\/12\/allegro-image-9665-100x100.jpg",100,100,true]},"uagb_author_info":{"display_name":"admin","author_link":"https:\/\/oponexa.shop\/tire\/author\/"},"uagb_comment_info":0,"uagb_excerpt":"2x D\u0118BICA 215\/60R17 96H FRIGO 2 SUV ZIMOWA 2025 OPONY ZIMOWE NOWE 215 60 17 2x OPONA ZIMOWA\u00a0215\/60R17 96H D\u0118BICA FRIGO 2 SUV Cena dotyczy pary ( 2 sztuki ) Opona zimowa D\u0118BICA Frigo 2 SUV dedykowana jest dla samochod\u00f3w SUV 4x4. Jest to jedna z najbardziej popularnych opon w Polsce. Producent: D\u0118BICA Rozmiar:\u00a0215\/60R17 Indeks:\u00a096H&hellip;","_links":{"self":[{"href":"https:\/\/oponexa.shop\/tire\/wp-json\/wp\/v2\/product\/9665","targetHints":{"allow":["GET"]}}],"collection":[{"href":"https:\/\/oponexa.shop\/tire\/wp-json\/wp\/v2\/product"}],"about":[{"href":"https:\/\/oponexa.shop\/tire\/wp-json\/wp\/v2\/types\/product"}],"wp:featuredmedia":[{"embeddable":true,"href":"https:\/\/oponexa.shop\/tire\/wp-json\/wp\/v2\/media\/9666"}],"wp:attachment":[{"href":"https:\/\/oponexa.shop\/tire\/wp-json\/wp\/v2\/media?parent=9665"}],"wp:term":[{"taxonomy":"product_brand","embeddable":true,"href":"https:\/\/oponexa.shop\/tire\/wp-json\/wp\/v2\/product_brand?post=9665"},{"taxonomy":"product_cat","embeddable":true,"href":"https:\/\/oponexa.shop\/tire\/wp-json\/wp\/v2\/product_cat?post=9665"},{"taxonomy":"product_tag","embeddable":true,"href":"https:\/\/oponexa.shop\/tire\/wp-json\/wp\/v2\/product_tag?post=9665"}],"curies":[{"name":"wp","href":"https:\/\/api.w.org\/{rel}","templated":true}]}}