{"id":9635,"date":"2025-12-25T07:40:42","date_gmt":"2025-12-25T07:40:42","guid":{"rendered":"https:\/\/oponyexpert.shop\/xef5\/produkt\/4xnowa-opona-zimowa-kormoran-215-55r17v-98v-xl-rant-snow-2025r\/"},"modified":"2025-12-25T07:40:43","modified_gmt":"2025-12-25T07:40:43","slug":"4xnowa-opona-zimowa-kormoran-215-55r17v-98v-xl-rant-snow-2025r","status":"publish","type":"product","link":"https:\/\/oponexa.shop\/tire\/produkt\/4xnowa-opona-zimowa-kormoran-215-55r17v-98v-xl-rant-snow-2025r\/","title":{"rendered":"4XNOWA OPONA ZIMOWA KORMORAN 215\/55R17V 98V XL RANT SNOW \/ 2025R \/"},"content":{"rendered":"<div style=\"font-family: Arial, sans-serif; line-height: 1.6; color: #333; padding: 20px; clear: both; display: block; width: 100%; float: none; position: static; overflow: hidden;\">\n<div style=\"clear: both; display: block; margin: 10px 0;\">\n<div style=\"clear: both; display: block; margin: 10px 0;\">\n<div style=\"clear: both; display: block; margin: 10px 0;\">\n<p style=\"margin: 15px 0; line-height: 1.8; clear: both; display: block; width: 100%; float: none; position: static;\">CZTERY NOWE OPONY ZIMOWE KORMORAN<\/p>\n<p style=\"margin: 15px 0; line-height: 1.8; clear: both; display: block; width: 100%; float: none; position: static;\">OPONA KORMORAN 215\/55R17V 98V RANT SNOW<\/p>\n<p style=\"margin: 15px 0; line-height: 1.8; clear: both; display: block; width: 100%; float: none; position: static;\">PRODUKCJA OPON 2025 ROK<\/p>\n<h3 style=\"color: #2c5aa0; font-size: 18px; margin: 30px 0 15px 0; font-weight: bold; clear: both; display: block; width: 100%; float: none; position: static;\">KORMORAN<\/h3>\n<ul style=\"margin: 15px 0; padding-left: 20px; clear: both; display: block; width: 100%; float: none; position: static;\">\n<li style=\"margin: 5px 0; padding: 2px 0; clear: both; display: list-item; float: none; position: static;\"><b>Rodzaj:<\/b>&nbsp;OSOBOWE<\/li>\n<li style=\"margin: 5px 0; padding: 2px 0; clear: both; display: list-item; float: none; position: static;\"><b>Sezon:<\/b>&nbsp;ZIMOWE<\/li>\n<li style=\"margin: 5px 0; padding: 2px 0; clear: both; display: list-item; float: none; position: static;\"><b>Rozmiar:<\/b> 215\/55R17<\/li>\n<li style=\"margin: 5px 0; padding: 2px 0; clear: both; display: list-item; float: none; position: static;\"><b>Szeroko\u015b\u0107:<\/b> 215<\/li>\n<li style=\"margin: 5px 0; padding: 2px 0; clear: both; display: list-item; float: none; position: static;\"><b>Profil:<\/b> 55<\/li>\n<li style=\"margin: 5px 0; padding: 2px 0; clear: both; display: list-item; float: none; position: static;\"><b>\u015arednica:<\/b> 17<\/li>\n<li style=\"margin: 5px 0; padding: 2px 0; clear: both; display: list-item; float: none; position: static;\"><b>Indeks no\u015bno\u015bci:<\/b> 98<\/li>\n<li style=\"margin: 5px 0; padding: 2px 0; clear: both; display: list-item; float: none; position: static;\"><b>Indeks pr\u0119dko\u015bci:<\/b> V<\/li>\n<li style=\"margin: 5px 0; padding: 2px 0; clear: both; display: list-item; float: none; position: static;\"><b>Opory toczenia:<\/b> D<\/li>\n<li style=\"margin: 5px 0; padding: 2px 0; clear: both; display: list-item; float: none; position: static;\"><b>Przyczepno\u015b\u0107 na mokrym:<\/b>&nbsp;C<\/li>\n<li style=\"margin: 5px 0; padding: 2px 0; clear: both; display: list-item; float: none; position: static;\"><b>Ha\u0142as:<\/b> 72<\/li>\n<li style=\"margin: 5px 0; padding: 2px 0; clear: both; display: list-item; float: none; position: static;\"><b>Bie\u017cnik:<\/b> SNOW<\/li>\n<li style=\"margin: 5px 0; padding: 2px 0; clear: both; display: list-item; float: none; position: static;\"><b>Producent:<\/b>&nbsp;MICHELIN<\/li>\n<\/ul>\n<p style=\"margin: 15px 0; line-height: 1.8; clear: both; display: block; width: 100%; float: none; position: static;\">SNOW to pierwsza w historii KORMORANA opona zimowa przeznaczona do samochod\u00f3w o wysokich osi\u0105gach. Wyposa\u017cona w szereg zaawansowanych rozwi\u0105za\u0144 technologicznych KORMORAN SNOW&nbsp; zosta\u0142a zaprojektowana z my\u015bl\u0105 o kierowcach ceni\u0105cych dynamiczn\u0105 jazd\u0119. Ponadto opona cechuje si\u0119 d\u0142ugimi przebiegami oraz przyst\u0119pn\u0105 cen\u0105.<\/p>\n<ol>\n<li style=\"margin: 5px 0; padding: 2px 0; clear: both; display: list-item; float: none; position: static;\">Kr\u00f3tsza droga hamowania na mokrej nawierzchni oraz drogach pokrytych \u015bniegiem<\/li>\n<li style=\"margin: 5px 0; padding: 2px 0; clear: both; display: list-item; float: none; position: static;\">Bardzo dobre prowadzenie na \u015bniegu<\/li>\n<li style=\"margin: 5px 0; padding: 2px 0; clear: both; display: list-item; float: none; position: static;\">D\u0142u\u017csze przebiegi<\/li>\n<\/ol>\n<\/div>\n<\/div>\n<\/div>\n<div style=\"clear: both; display: block; margin: 10px 0;\">\n<div style=\"clear: both; display: block; margin: 10px 0;\">\n<div style=\"clear: both; display: block; margin: 10px 0;\">\n<div  style=\"max-width:1920px;max-height:2560px\">\n<div style=\"clear: both; display: block; margin: 10px 0;\">\n<div style=\"clear: both; width: 100%; display: block; margin: 20px 0; padding: 0; float: none; position: static; text-align: center;\"><img decoding=\"async\"  src=\"https:\/\/a.allegroimg.com\/original\/119d92\/9f40f26849d7957077851400c0c1\/4XNOWA-OPONA-ZIMOWA-KORMORAN-215-55R17V-98V-XL-RANT-SNOW-2025R-EAN-GTIN-3528707595621\" srcset=\"https:\/\/a.allegroimg.com\/original\/119d92\/9f40f26849d7957077851400c0c1\/4XNOWA-OPONA-ZIMOWA-KORMORAN-215-55R17V-98V-XL-RANT-SNOW-2025R-EAN-GTIN-3528707595621 270w,https:\/\/a.allegroimg.com\/original\/119d92\/9f40f26849d7957077851400c0c1\/4XNOWA-OPONA-ZIMOWA-KORMORAN-215-55R17V-98V-XL-RANT-SNOW-2025R-EAN-GTIN-3528707595621 540w,https:\/\/a.allegroimg.com\/original\/119d92\/9f40f26849d7957077851400c0c1\/4XNOWA-OPONA-ZIMOWA-KORMORAN-215-55R17V-98V-XL-RANT-SNOW-2025R-EAN-GTIN-3528707595621 768w,https:\/\/a.allegroimg.com\/original\/119d92\/9f40f26849d7957077851400c0c1\/4XNOWA-OPONA-ZIMOWA-KORMORAN-215-55R17V-98V-XL-RANT-SNOW-2025R-EAN-GTIN-3528707595621 1080w,https:\/\/a.allegroimg.com\/original\/119d92\/9f40f26849d7957077851400c0c1\/4XNOWA-OPONA-ZIMOWA-KORMORAN-215-55R17V-98V-XL-RANT-SNOW-2025R-EAN-GTIN-3528707595621 1920w\" sizes=\"100vw\" width=\"1920px\" alt=\"4XNOWA OPONA ZIMOWA KORMORAN 215\/55R17V 98V XL RANT SNOW \/ 2025R \/ EAN (GTIN) 3528707595621\"\/ style=\"max-width: 100%; height: auto; display: block; margin: 0 auto;\"><\/div>\n<\/div>\n<\/div>\n<\/div>\n<\/div>\n<\/div>\n<\/div>\n<\/div>\n<\/div>\n<div style=\"clear: both; display: block; margin: 10px 0;\">\n","protected":false},"excerpt":{"rendered":"<p>CZTERY NOWE OPONY ZIMOWE KORMORAN<\/p>\n<p>OPONA KORMORAN 215\/55R17V 98V RANT SNOW<\/p>\n<p>PRODUKCJA OPON 2025 ROK<\/p>\n<p>KORMORAN<\/p>\n<p>Rodzaj:&nbsp;OSOBOWE<\/p>\n<p>Sezon:&nbsp;ZIMOWE<\/p>\n<p>Rozmiar: 215\/55R17<\/p>\n<p>Szeroko\u015b\u0107: 215<\/p>\n","protected":false},"featured_media":9636,"template":"","meta":{"_uag_custom_page_level_css":""},"product_brand":[382],"product_cat":[414,413,412,415],"product_tag":[],"class_list":{"0":"post-9635","1":"product","2":"type-product","3":"status-publish","4":"has-post-thumbnail","6":"product_brand-kormoran","7":"product_cat-do-samochodow-osobowych-i-suv","8":"product_cat-opony","9":"product_cat-opony-i-felgi","10":"product_cat-zimowe","12":"first","13":"instock","14":"sale","15":"shipping-taxable","16":"purchasable","17":"product-type-simple"},"uagb_featured_image_src":{"full":["https:\/\/oponexa.shop\/tire\/wp-content\/uploads\/2025\/12\/allegro-image-9635.jpg",1920,2560,false],"thumbnail":["https:\/\/oponexa.shop\/tire\/wp-content\/uploads\/2025\/12\/allegro-image-9635-150x150.jpg",150,150,true],"medium":["https:\/\/oponexa.shop\/tire\/wp-content\/uploads\/2025\/12\/allegro-image-9635-225x300.jpg",225,300,true],"medium_large":["https:\/\/oponexa.shop\/tire\/wp-content\/uploads\/2025\/12\/allegro-image-9635-768x1024.jpg",768,1024,true],"large":["https:\/\/oponexa.shop\/tire\/wp-content\/uploads\/2025\/12\/allegro-image-9635-768x1024.jpg",768,1024,true],"1536x1536":["https:\/\/oponexa.shop\/tire\/wp-content\/uploads\/2025\/12\/allegro-image-9635-1152x1536.jpg",1152,1536,true],"2048x2048":["https:\/\/oponexa.shop\/tire\/wp-content\/uploads\/2025\/12\/allegro-image-9635-1536x2048.jpg",1536,2048,true],"woocommerce_thumbnail":["https:\/\/oponexa.shop\/tire\/wp-content\/uploads\/2025\/12\/allegro-image-9635-300x300.jpg",300,300,true],"woocommerce_single":["https:\/\/oponexa.shop\/tire\/wp-content\/uploads\/2025\/12\/allegro-image-9635-600x800.jpg",600,800,true],"woocommerce_gallery_thumbnail":["https:\/\/oponexa.shop\/tire\/wp-content\/uploads\/2025\/12\/allegro-image-9635-100x100.jpg",100,100,true]},"uagb_author_info":{"display_name":"admin","author_link":"https:\/\/oponexa.shop\/tire\/author\/"},"uagb_comment_info":0,"uagb_excerpt":"CZTERY NOWE OPONY ZIMOWE KORMORAN OPONA KORMORAN 215\/55R17V 98V RANT SNOW PRODUKCJA OPON 2025 ROK KORMORAN Rodzaj:&nbsp;OSOBOWE Sezon:&nbsp;ZIMOWE Rozmiar: 215\/55R17 Szeroko\u015b\u0107: 215","_links":{"self":[{"href":"https:\/\/oponexa.shop\/tire\/wp-json\/wp\/v2\/product\/9635","targetHints":{"allow":["GET"]}}],"collection":[{"href":"https:\/\/oponexa.shop\/tire\/wp-json\/wp\/v2\/product"}],"about":[{"href":"https:\/\/oponexa.shop\/tire\/wp-json\/wp\/v2\/types\/product"}],"wp:featuredmedia":[{"embeddable":true,"href":"https:\/\/oponexa.shop\/tire\/wp-json\/wp\/v2\/media\/9636"}],"wp:attachment":[{"href":"https:\/\/oponexa.shop\/tire\/wp-json\/wp\/v2\/media?parent=9635"}],"wp:term":[{"taxonomy":"product_brand","embeddable":true,"href":"https:\/\/oponexa.shop\/tire\/wp-json\/wp\/v2\/product_brand?post=9635"},{"taxonomy":"product_cat","embeddable":true,"href":"https:\/\/oponexa.shop\/tire\/wp-json\/wp\/v2\/product_cat?post=9635"},{"taxonomy":"product_tag","embeddable":true,"href":"https:\/\/oponexa.shop\/tire\/wp-json\/wp\/v2\/product_tag?post=9635"}],"curies":[{"name":"wp","href":"https:\/\/api.w.org\/{rel}","templated":true}]}}