{"id":9615,"date":"2025-12-25T07:29:45","date_gmt":"2025-12-25T07:29:45","guid":{"rendered":"https:\/\/oponyexpert.shop\/xef5\/produkt\/2x-205-65r16c-goodride-sw612-107-105t-nowe-zimowe-rok-2025\/"},"modified":"2025-12-25T07:29:46","modified_gmt":"2025-12-25T07:29:46","slug":"2x-205-65r16c-goodride-sw612-107-105t-nowe-zimowe-rok-2025","status":"publish","type":"product","link":"https:\/\/oponexa.shop\/tire\/produkt\/2x-205-65r16c-goodride-sw612-107-105t-nowe-zimowe-rok-2025\/","title":{"rendered":"2x 205\/65R16C Goodride SW612 107\/105T nowe zimowe rok 2025"},"content":{"rendered":"<div style=\"font-family: Arial, sans-serif; line-height: 1.6; color: #333; padding: 20px; clear: both; display: block; width: 100%; float: none; position: static; overflow: hidden;\">\n<div style=\"clear: both; display: block; margin: 10px 0;\">\n<div style=\"clear: both; display: block; margin: 10px 0;\">\n<div style=\"clear: both; display: block; margin: 10px 0;\">\n<div  style=\"max-width:1920px;max-height:350px\">\n<div style=\"clear: both; display: block; margin: 10px 0;\">\n<div style=\"clear: both; width: 100%; display: block; margin: 20px 0; padding: 0; float: none; position: static; text-align: center;\"><img decoding=\"async\"  src=\"https:\/\/a.allegroimg.com\/original\/115a39\/2211a71b4248b337d2df47cccce5\/2x-205-65R16C-Goodride-SW612-107-105T-nowe-zimowe-rok-2025-Marka-Goodride\" srcset=\"https:\/\/a.allegroimg.com\/original\/115a39\/2211a71b4248b337d2df47cccce5\/2x-205-65R16C-Goodride-SW612-107-105T-nowe-zimowe-rok-2025-Marka-Goodride 360w,https:\/\/a.allegroimg.com\/original\/115a39\/2211a71b4248b337d2df47cccce5\/2x-205-65R16C-Goodride-SW612-107-105T-nowe-zimowe-rok-2025-Marka-Goodride 720w,https:\/\/a.allegroimg.com\/original\/115a39\/2211a71b4248b337d2df47cccce5\/2x-205-65R16C-Goodride-SW612-107-105T-nowe-zimowe-rok-2025-Marka-Goodride 1024w,https:\/\/a.allegroimg.com\/original\/115a39\/2211a71b4248b337d2df47cccce5\/2x-205-65R16C-Goodride-SW612-107-105T-nowe-zimowe-rok-2025-Marka-Goodride 1440w,https:\/\/a.allegroimg.com\/original\/115a39\/2211a71b4248b337d2df47cccce5\/2x-205-65R16C-Goodride-SW612-107-105T-nowe-zimowe-rok-2025-Marka-Goodride 1920w\" sizes=\"100vw\" width=\"1920px\" alt=\"2x 205\/65R16C Goodride SW612 107\/105T nowe zimowe rok 2025 Marka Goodride\"\/ style=\"max-width: 100%; height: auto; display: block; margin: 0 auto;\"><\/div>\n<\/div>\n<\/div>\n<\/div>\n<\/div>\n<\/div>\n<div style=\"clear: both; display: block; margin: 10px 0;\">\n<div style=\"clear: both; display: block; margin: 10px 0;\">\n<div style=\"clear: both; display: block; margin: 10px 0;\">\n<div  style=\"max-width:1000px;max-height:1000px\">\n<div style=\"clear: both; display: block; margin: 10px 0;\">\n<div style=\"clear: both; width: 100%; display: block; margin: 20px 0; padding: 0; float: none; position: static; text-align: center;\"><img decoding=\"async\"  src=\"https:\/\/a.allegroimg.com\/original\/115ffa\/a724ebbd450985ad2d833844f9da\/2x-205-65R16C-Goodride-SW612-107-105T-nowe-zimowe-rok-2025-Liczba-opon-w-ofercie-2-szt\" srcset=\"https:\/\/a.allegroimg.com\/original\/115ffa\/a724ebbd450985ad2d833844f9da\/2x-205-65R16C-Goodride-SW612-107-105T-nowe-zimowe-rok-2025-Liczba-opon-w-ofercie-2-szt 360w,https:\/\/a.allegroimg.com\/original\/115ffa\/a724ebbd450985ad2d833844f9da\/2x-205-65R16C-Goodride-SW612-107-105T-nowe-zimowe-rok-2025-Liczba-opon-w-ofercie-2-szt 720w,https:\/\/a.allegroimg.com\/original\/115ffa\/a724ebbd450985ad2d833844f9da\/2x-205-65R16C-Goodride-SW612-107-105T-nowe-zimowe-rok-2025-Liczba-opon-w-ofercie-2-szt 1000w,https:\/\/a.allegroimg.com\/original\/115ffa\/a724ebbd450985ad2d833844f9da\/2x-205-65R16C-Goodride-SW612-107-105T-nowe-zimowe-rok-2025-Liczba-opon-w-ofercie-2-szt 1000w\" sizes=\"(min-width: 1200px) 560px, (min-width: 992px) 50vw, 100vw\" width=\"1000px\" alt=\"2x 205\/65R16C Goodride SW612 107\/105T nowe zimowe rok 2025 Liczba opon w ofercie 2 szt.\"\/ style=\"max-width: 100%; height: auto; display: block; margin: 0 auto;\"><\/div>\n<\/div>\n<\/div>\n<\/div>\n<\/div>\n<div style=\"clear: both; display: block; margin: 10px 0;\">\n<div style=\"clear: both; display: block; margin: 10px 0;\">\n<h2>Przedmiot aukcji: 2 sztuki fabrycznie nowych opon<\/h2>\n<p style=\"margin: 15px 0; line-height: 1.8; clear: both; display: block; width: 100%; float: none; position: static;\">Rozmiar: <b>205\/65R16C<\/b><\/p>\n<p style=\"margin: 15px 0; line-height: 1.8; clear: both; display: block; width: 100%; float: none; position: static;\">Indeksy pr\u0119dko\u015bci i no\u015bno\u015bci: <b>107\/105T (Do 190km\/h)<\/b><\/p>\n<p style=\"margin: 15px 0; line-height: 1.8; clear: both; display: block; width: 100%; float: none; position: static;\">Marka:&nbsp;<b>Goodride<\/b><\/p>\n<p style=\"margin: 15px 0; line-height: 1.8; clear: both; display: block; width: 100%; float: none; position: static;\">Rok produkcji:&nbsp;<b>2025<\/b><\/p>\n<p style=\"margin: 15px 0; line-height: 1.8; clear: both; display: block; width: 100%; float: none; position: static;\">Sezon:&nbsp;<b>opony zimowe<\/b><\/p>\n<p style=\"margin: 15px 0; line-height: 1.8; clear: both; display: block; width: 100%; float: none; position: static;\">Segment:&nbsp;<b>klasa ekonomiczna<\/b><\/p>\n<h1>Nowoczesna, atrakcyjna wizualnie rze\u017aba bie\u017cnika.<\/h1>\n<p style=\"margin: 15px 0; line-height: 1.8; clear: both; display: block; width: 100%; float: none; position: static;\">zalety:<\/p>\n<p style=\"margin: 15px 0; line-height: 1.8; clear: both; display: block; width: 100%; float: none; position: static;\">Bardzo dobre odprowadzanie wody z czo\u0142a opony<\/p>\n<p style=\"margin: 15px 0; line-height: 1.8; clear: both; display: block; width: 100%; float: none; position: static;\">R\u00f3wnomierny rozk\u0142ad obci\u0105\u017ce\u0144<\/p>\n<p style=\"margin: 15px 0; line-height: 1.8; clear: both; display: block; width: 100%; float: none; position: static;\">Niski op\u00f3r toczenia<\/p>\n<p style=\"margin: 15px 0; line-height: 1.8; clear: both; display: block; width: 100%; float: none; position: static;\">Bardzo dobra kierowalno\u015b\u0107<\/p>\n<\/div>\n<\/div>\n<\/div>\n<div style=\"clear: both; display: block; margin: 10px 0;\">\n<div style=\"clear: both; display: block; margin: 10px 0;\">\n<div style=\"clear: both; display: block; margin: 10px 0;\">\n<div  style=\"max-width:2232px;max-height:602px\">\n<div style=\"clear: both; display: block; margin: 10px 0;\">\n<div style=\"clear: both; width: 100%; display: block; margin: 20px 0; padding: 0; float: none; position: static; text-align: center;\"><img decoding=\"async\"  src=\"https:\/\/a.allegroimg.com\/original\/11e7bb\/c3adfba047b587adeeef1fe8c794\/2x-205-65R16C-Goodride-SW612-107-105T-nowe-zimowe-rok-2025-Model-SW612\" srcset=\"https:\/\/a.allegroimg.com\/original\/11e7bb\/c3adfba047b587adeeef1fe8c794\/2x-205-65R16C-Goodride-SW612-107-105T-nowe-zimowe-rok-2025-Model-SW612 360w,https:\/\/a.allegroimg.com\/original\/11e7bb\/c3adfba047b587adeeef1fe8c794\/2x-205-65R16C-Goodride-SW612-107-105T-nowe-zimowe-rok-2025-Model-SW612 720w,https:\/\/a.allegroimg.com\/original\/11e7bb\/c3adfba047b587adeeef1fe8c794\/2x-205-65R16C-Goodride-SW612-107-105T-nowe-zimowe-rok-2025-Model-SW612 1024w,https:\/\/a.allegroimg.com\/original\/11e7bb\/c3adfba047b587adeeef1fe8c794\/2x-205-65R16C-Goodride-SW612-107-105T-nowe-zimowe-rok-2025-Model-SW612 1440w,https:\/\/a.allegroimg.com\/original\/11e7bb\/c3adfba047b587adeeef1fe8c794\/2x-205-65R16C-Goodride-SW612-107-105T-nowe-zimowe-rok-2025-Model-SW612 2232w\" sizes=\"100vw\" width=\"2232px\" alt=\"2x 205\/65R16C Goodride SW612 107\/105T nowe zimowe rok 2025 Model SW612\"\/ style=\"max-width: 100%; height: auto; display: block; margin: 0 auto;\"><\/div>\n<\/div>\n<\/div>\n<\/div>\n<\/div>\n<\/div>\n<div style=\"clear: both; display: block; margin: 10px 0;\">\n<div style=\"clear: both; display: block; margin: 10px 0;\">\n<div style=\"clear: both; display: block; margin: 10px 0;\">\n<div  style=\"max-width:1000px;max-height:1000px\">\n<div style=\"clear: both; display: block; margin: 10px 0;\">\n<div style=\"clear: both; width: 100%; display: block; margin: 20px 0; padding: 0; float: none; position: static; text-align: center;\"><img decoding=\"async\"  src=\"https:\/\/a.allegroimg.com\/original\/11742e\/cb810c27417598aa88a657eac81b\/2x-205-65R16C-Goodride-SW612-107-105T-nowe-zimowe-rok-2025-Kod-producenta-03010645317ZB6430202\" srcset=\"https:\/\/a.allegroimg.com\/original\/11742e\/cb810c27417598aa88a657eac81b\/2x-205-65R16C-Goodride-SW612-107-105T-nowe-zimowe-rok-2025-Kod-producenta-03010645317ZB6430202 360w,https:\/\/a.allegroimg.com\/original\/11742e\/cb810c27417598aa88a657eac81b\/2x-205-65R16C-Goodride-SW612-107-105T-nowe-zimowe-rok-2025-Kod-producenta-03010645317ZB6430202 720w,https:\/\/a.allegroimg.com\/original\/11742e\/cb810c27417598aa88a657eac81b\/2x-205-65R16C-Goodride-SW612-107-105T-nowe-zimowe-rok-2025-Kod-producenta-03010645317ZB6430202 1000w,https:\/\/a.allegroimg.com\/original\/11742e\/cb810c27417598aa88a657eac81b\/2x-205-65R16C-Goodride-SW612-107-105T-nowe-zimowe-rok-2025-Kod-producenta-03010645317ZB6430202 1000w\" sizes=\"100vw\" width=\"1000px\" alt=\"2x 205\/65R16C Goodride SW612 107\/105T nowe zimowe rok 2025 Kod producenta 03010645317ZB6430202\"\/ style=\"max-width: 100%; height: auto; display: block; margin: 0 auto;\"><\/div>\n<\/div>\n<\/div>\n<\/div>\n<\/div>\n<\/div>\n<div style=\"clear: both; display: block; margin: 10px 0;\">\n<div style=\"clear: both; display: block; margin: 10px 0;\">\n<div style=\"clear: both; display: block; margin: 10px 0;\">\n<div  style=\"max-width:1920px;max-height:350px\">\n<div style=\"clear: both; display: block; margin: 10px 0;\">\n<div style=\"clear: both; width: 100%; display: block; margin: 20px 0; padding: 0; float: none; position: static; text-align: center;\"><img decoding=\"async\"  src=\"https:\/\/a.allegroimg.com\/original\/115a39\/2211a71b4248b337d2df47cccce5\/2x-205-65R16C-Goodride-SW612-107-105T-nowe-zimowe-rok-2025-Marka-Goodride\" srcset=\"https:\/\/a.allegroimg.com\/original\/115a39\/2211a71b4248b337d2df47cccce5\/2x-205-65R16C-Goodride-SW612-107-105T-nowe-zimowe-rok-2025-Marka-Goodride 360w,https:\/\/a.allegroimg.com\/original\/115a39\/2211a71b4248b337d2df47cccce5\/2x-205-65R16C-Goodride-SW612-107-105T-nowe-zimowe-rok-2025-Marka-Goodride 720w,https:\/\/a.allegroimg.com\/original\/115a39\/2211a71b4248b337d2df47cccce5\/2x-205-65R16C-Goodride-SW612-107-105T-nowe-zimowe-rok-2025-Marka-Goodride 1024w,https:\/\/a.allegroimg.com\/original\/115a39\/2211a71b4248b337d2df47cccce5\/2x-205-65R16C-Goodride-SW612-107-105T-nowe-zimowe-rok-2025-Marka-Goodride 1440w,https:\/\/a.allegroimg.com\/original\/115a39\/2211a71b4248b337d2df47cccce5\/2x-205-65R16C-Goodride-SW612-107-105T-nowe-zimowe-rok-2025-Marka-Goodride 1920w\" sizes=\"100vw\" width=\"1920px\" alt=\"2x 205\/65R16C Goodride SW612 107\/105T nowe zimowe rok 2025 Marka Goodride\"\/ style=\"max-width: 100%; height: auto; display: block; margin: 0 auto;\"><\/div>\n<\/div>\n<\/div>\n<\/div>\n<\/div>\n<\/div>\n<div style=\"clear: both; display: block; margin: 10px 0;\">\n<div style=\"clear: both; display: block; margin: 10px 0;\">\n<div style=\"clear: both; display: block; margin: 10px 0;\">\n<h2>Zhongce Rubber Group Co., Ltd.<\/h2>\n<p style=\"margin: 15px 0; line-height: 1.8; clear: both; display: block; width: 100%; float: none; position: static;\">jest producentem opon marki Goodride<\/p>\n<h3 style=\"color: #2c5aa0; font-size: 18px; margin: 30px 0 15px 0; font-weight: bold; clear: both; display: block; width: 100%; float: none; position: static;\">Najwa\u017cniejsze informacje:<\/h3>\n<p style=\"margin: 15px 0; line-height: 1.8; clear: both; display: block; width: 100%; float: none; position: static;\">Najwi\u0119kszy producent opon w Chinach<\/p>\n<p style=\"margin: 15px 0; line-height: 1.8; clear: both; display: block; width: 100%; float: none; position: static;\">Sta\u0142a dost\u0119pno\u015b\u0107 w Polsce od 16 lat<\/p>\n<h1>Opony na tej aukcji sprzedaje<\/h1>\n<h1>Oficjalny Sklep Goodride.<\/h1>\n<\/div>\n<\/div>\n<div style=\"clear: both; display: block; margin: 10px 0;\">\n<div style=\"clear: both; display: block; margin: 10px 0;\">\n<div  style=\"max-width:2000px;max-height:2000px\">\n<div style=\"clear: both; display: block; margin: 10px 0;\">\n<div style=\"clear: both; width: 100%; display: block; margin: 20px 0; padding: 0; float: none; position: static; text-align: center;\"><img decoding=\"async\"  src=\"https:\/\/a.allegroimg.com\/original\/1157f3\/783668c3430ebbf8e3f2e75fc761\/2x-205-65R16C-Goodride-SW612-107-105T-nowe-zimowe-rok-2025-Rok-produkcji-2025\" srcset=\"https:\/\/a.allegroimg.com\/original\/1157f3\/783668c3430ebbf8e3f2e75fc761\/2x-205-65R16C-Goodride-SW612-107-105T-nowe-zimowe-rok-2025-Rok-produkcji-2025 360w,https:\/\/a.allegroimg.com\/original\/1157f3\/783668c3430ebbf8e3f2e75fc761\/2x-205-65R16C-Goodride-SW612-107-105T-nowe-zimowe-rok-2025-Rok-produkcji-2025 720w,https:\/\/a.allegroimg.com\/original\/1157f3\/783668c3430ebbf8e3f2e75fc761\/2x-205-65R16C-Goodride-SW612-107-105T-nowe-zimowe-rok-2025-Rok-produkcji-2025 1024w,https:\/\/a.allegroimg.com\/original\/1157f3\/783668c3430ebbf8e3f2e75fc761\/2x-205-65R16C-Goodride-SW612-107-105T-nowe-zimowe-rok-2025-Rok-produkcji-2025 1440w,https:\/\/a.allegroimg.com\/original\/1157f3\/783668c3430ebbf8e3f2e75fc761\/2x-205-65R16C-Goodride-SW612-107-105T-nowe-zimowe-rok-2025-Rok-produkcji-2025 2000w\" sizes=\"(min-width: 1200px) 560px, (min-width: 992px) 50vw, 100vw\" width=\"2000px\" alt=\"2x 205\/65R16C Goodride SW612 107\/105T nowe zimowe rok 2025 Rok produkcji 2025\"\/ style=\"max-width: 100%; height: auto; display: block; margin: 0 auto;\"><\/div>\n<\/div>\n<\/div>\n<\/div>\n<\/div>\n<\/div>\n<div style=\"clear: both; display: block; margin: 10px 0;\">\n<div style=\"clear: both; display: block; margin: 10px 0;\">\n<div style=\"clear: both; display: block; margin: 10px 0;\">\n<p style=\"margin: 15px 0; line-height: 1.8; clear: both; display: block; width: 100%; float: none; position: static;\">[6927116141240GD][6927116141240GD]<\/p>\n<\/div>\n<\/div>\n<\/div>\n<\/div>\n<\/div>\n<\/div>\n<div style=\"clear: both; display: block; margin: 10px 0;\">\n","protected":false},"excerpt":{"rendered":"<p>Przedmiot aukcji: 2 sztuki fabrycznie nowych opon<\/p>\n<p>Rozmiar: 205\/65R16C<\/p>\n<p>Indeksy pr\u0119dko\u015bci i no\u015bno\u015bci: 107\/105T (Do 190km\/h)<\/p>\n<p>Marka:&nbsp;Goodride<\/p>\n<p>Rok produkcji:&nbsp;2025<\/p>\n<p>Sezon:&nbsp;opony zimowe<\/p>\n<p>Segment:&nbsp;klasa ekonomiczna<\/p>\n<p>Nowoczesna, atrakcyjna wizualnie rze\u017aba bie\u017cnika.<\/p>\n","protected":false},"featured_media":9616,"template":"","meta":{"_uag_custom_page_level_css":""},"product_brand":[379],"product_cat":[417,413,412,415],"product_tag":[],"class_list":{"0":"post-9615","1":"product","2":"type-product","3":"status-publish","4":"has-post-thumbnail","6":"product_brand-goodride","7":"product_cat-do-samochodow-dostawczych","8":"product_cat-opony","9":"product_cat-opony-i-felgi","10":"product_cat-zimowe","12":"first","13":"instock","14":"sale","15":"shipping-taxable","16":"purchasable","17":"product-type-simple"},"uagb_featured_image_src":{"full":["https:\/\/oponexa.shop\/tire\/wp-content\/uploads\/2025\/12\/allegro-image-9615.jpg",2000,2000,false],"thumbnail":["https:\/\/oponexa.shop\/tire\/wp-content\/uploads\/2025\/12\/allegro-image-9615-150x150.jpg",150,150,true],"medium":["https:\/\/oponexa.shop\/tire\/wp-content\/uploads\/2025\/12\/allegro-image-9615-300x300.jpg",300,300,true],"medium_large":["https:\/\/oponexa.shop\/tire\/wp-content\/uploads\/2025\/12\/allegro-image-9615-768x768.jpg",768,768,true],"large":["https:\/\/oponexa.shop\/tire\/wp-content\/uploads\/2025\/12\/allegro-image-9615-1024x1024.jpg",1024,1024,true],"1536x1536":["https:\/\/oponexa.shop\/tire\/wp-content\/uploads\/2025\/12\/allegro-image-9615-1536x1536.jpg",1536,1536,true],"2048x2048":["https:\/\/oponexa.shop\/tire\/wp-content\/uploads\/2025\/12\/allegro-image-9615.jpg",2000,2000,false],"woocommerce_thumbnail":["https:\/\/oponexa.shop\/tire\/wp-content\/uploads\/2025\/12\/allegro-image-9615-300x300.jpg",300,300,true],"woocommerce_single":["https:\/\/oponexa.shop\/tire\/wp-content\/uploads\/2025\/12\/allegro-image-9615-600x600.jpg",600,600,true],"woocommerce_gallery_thumbnail":["https:\/\/oponexa.shop\/tire\/wp-content\/uploads\/2025\/12\/allegro-image-9615-100x100.jpg",100,100,true]},"uagb_author_info":{"display_name":"admin","author_link":"https:\/\/oponexa.shop\/tire\/author\/"},"uagb_comment_info":0,"uagb_excerpt":"Przedmiot aukcji: 2 sztuki fabrycznie nowych opon Rozmiar: 205\/65R16C Indeksy pr\u0119dko\u015bci i no\u015bno\u015bci: 107\/105T (Do 190km\/h) Marka:&nbsp;Goodride Rok produkcji:&nbsp;2025 Sezon:&nbsp;opony zimowe Segment:&nbsp;klasa ekonomiczna Nowoczesna, atrakcyjna wizualnie rze\u017aba bie\u017cnika.","_links":{"self":[{"href":"https:\/\/oponexa.shop\/tire\/wp-json\/wp\/v2\/product\/9615","targetHints":{"allow":["GET"]}}],"collection":[{"href":"https:\/\/oponexa.shop\/tire\/wp-json\/wp\/v2\/product"}],"about":[{"href":"https:\/\/oponexa.shop\/tire\/wp-json\/wp\/v2\/types\/product"}],"wp:featuredmedia":[{"embeddable":true,"href":"https:\/\/oponexa.shop\/tire\/wp-json\/wp\/v2\/media\/9616"}],"wp:attachment":[{"href":"https:\/\/oponexa.shop\/tire\/wp-json\/wp\/v2\/media?parent=9615"}],"wp:term":[{"taxonomy":"product_brand","embeddable":true,"href":"https:\/\/oponexa.shop\/tire\/wp-json\/wp\/v2\/product_brand?post=9615"},{"taxonomy":"product_cat","embeddable":true,"href":"https:\/\/oponexa.shop\/tire\/wp-json\/wp\/v2\/product_cat?post=9615"},{"taxonomy":"product_tag","embeddable":true,"href":"https:\/\/oponexa.shop\/tire\/wp-json\/wp\/v2\/product_tag?post=9615"}],"curies":[{"name":"wp","href":"https:\/\/api.w.org\/{rel}","templated":true}]}}