{"id":9587,"date":"2025-12-25T07:29:36","date_gmt":"2025-12-25T07:29:36","guid":{"rendered":"https:\/\/oponyexpert.shop\/xef5\/produkt\/2-opony-caloroczne-205-55r16-kormoran-all-season\/"},"modified":"2025-12-25T07:29:37","modified_gmt":"2025-12-25T07:29:37","slug":"2-opony-caloroczne-205-55r16-kormoran-all-season","status":"publish","type":"product","link":"https:\/\/oponexa.shop\/tire\/produkt\/2-opony-caloroczne-205-55r16-kormoran-all-season\/","title":{"rendered":"2 Opony ca\u0142oroczne 205\/55R16 KORMORAN All Season"},"content":{"rendered":"<div style=\"font-family: Arial, sans-serif; line-height: 1.6; color: #333; padding: 20px; clear: both; display: block; width: 100%; float: none; position: static; overflow: hidden;\">\n<div style=\"clear: both; display: block; margin: 10px 0;\">\n<div style=\"clear: both; display: block; margin: 10px 0;\">\n<div style=\"clear: both; display: block; margin: 10px 0;\">\n<div  style=\"max-width:1748px;max-height:537px\">\n<div style=\"clear: both; display: block; margin: 10px 0;\">\n<div style=\"clear: both; width: 100%; display: block; margin: 20px 0; padding: 0; float: none; position: static; text-align: center;\"><img decoding=\"async\"  src=\"https:\/\/a.allegroimg.com\/original\/1195bd\/976cd3794441ae6b6ac226e15f25\/2-Opony-caloroczne-205-55R16-KORMORAN-All-Season-Szerokosc-opony-205-mm\" srcset=\"https:\/\/a.allegroimg.com\/original\/1195bd\/976cd3794441ae6b6ac226e15f25\/2-Opony-caloroczne-205-55R16-KORMORAN-All-Season-Szerokosc-opony-205-mm 360w,https:\/\/a.allegroimg.com\/original\/1195bd\/976cd3794441ae6b6ac226e15f25\/2-Opony-caloroczne-205-55R16-KORMORAN-All-Season-Szerokosc-opony-205-mm 720w,https:\/\/a.allegroimg.com\/original\/1195bd\/976cd3794441ae6b6ac226e15f25\/2-Opony-caloroczne-205-55R16-KORMORAN-All-Season-Szerokosc-opony-205-mm 1024w,https:\/\/a.allegroimg.com\/original\/1195bd\/976cd3794441ae6b6ac226e15f25\/2-Opony-caloroczne-205-55R16-KORMORAN-All-Season-Szerokosc-opony-205-mm 1440w,https:\/\/a.allegroimg.com\/original\/1195bd\/976cd3794441ae6b6ac226e15f25\/2-Opony-caloroczne-205-55R16-KORMORAN-All-Season-Szerokosc-opony-205-mm 1748w\" sizes=\"100vw\" width=\"1748px\" alt=\"2 Opony ca\u0142oroczne 205\/55R16 KORMORAN All Season Szeroko\u015b\u0107 opony 205 mm\"\/ style=\"max-width: 100%; height: auto; display: block; margin: 0 auto;\"><\/div>\n<\/div>\n<\/div>\n<\/div>\n<\/div>\n<\/div>\n<div style=\"clear: both; display: block; margin: 10px 0;\">\n<div style=\"clear: both; display: block; margin: 10px 0;\">\n<div style=\"clear: both; display: block; margin: 10px 0;\">\n<h1>Dane techniczne<\/h1>\n<ul style=\"margin: 15px 0; padding-left: 20px; clear: both; display: block; width: 100%; float: none; position: static;\">\n<li style=\"margin: 5px 0; padding: 2px 0; clear: both; display: list-item; float: none; position: static;\">Sezon: <b>Ca\u0142oroczne<\/b><\/li>\n<li style=\"margin: 5px 0; padding: 2px 0; clear: both; display: list-item; float: none; position: static;\">Rozmiar:<b> 205\/55 R16 XL<\/b><\/li>\n<li style=\"margin: 5px 0; padding: 2px 0; clear: both; display: list-item; float: none; position: static;\">Producent:<b> KORMORAN<\/b><\/li>\n<li style=\"margin: 5px 0; padding: 2px 0; clear: both; display: list-item; float: none; position: static;\">Model:<b> ALL SEASON<\/b><\/li>\n<li style=\"margin: 5px 0; padding: 2px 0; clear: both; display: list-item; float: none; position: static;\">Produkcja: <b>nie starsze ni\u017c 2024<\/b><\/li>\n<li style=\"margin: 5px 0; padding: 2px 0; clear: both; display: list-item; float: none; position: static;\">Indeks:<b> 94V<\/b><\/li>\n<\/ul>\n<p style=\"margin: 15px 0; line-height: 1.8; clear: both; display: block; width: 100%; float: none; position: static;\">Etykieta UE:<\/p>\n<ul style=\"margin: 15px 0; padding-left: 20px; clear: both; display: block; width: 100%; float: none; position: static;\">\n<li style=\"margin: 5px 0; padding: 2px 0; clear: both; display: list-item; float: none; position: static;\">Op\u00f3r toczenia:<b> D<\/b><\/li>\n<li style=\"margin: 5px 0; padding: 2px 0; clear: both; display: list-item; float: none; position: static;\">Przyczepno\u015b\u0107 na mokrym:<b> C<\/b><\/li>\n<li style=\"margin: 5px 0; padding: 2px 0; clear: both; display: list-item; float: none; position: static;\">Poziom ha\u0142asu:<b> B (70 dB)<\/b><\/li>\n<\/ul>\n<\/div>\n<\/div>\n<div style=\"clear: both; display: block; margin: 10px 0;\">\n<div style=\"clear: both; display: block; margin: 10px 0;\">\n<div  style=\"max-width:2000px;max-height:1500px\">\n<div style=\"clear: both; display: block; margin: 10px 0;\">\n<div style=\"clear: both; width: 100%; display: block; margin: 20px 0; padding: 0; float: none; position: static; text-align: center;\"><img decoding=\"async\"  src=\"https:\/\/a.allegroimg.com\/original\/11ca3f\/26e76c914a17953b9898c145936d\/2-Opony-caloroczne-205-55R16-KORMORAN-All-Season-Kod-producenta-445820\" srcset=\"https:\/\/a.allegroimg.com\/original\/11ca3f\/26e76c914a17953b9898c145936d\/2-Opony-caloroczne-205-55R16-KORMORAN-All-Season-Kod-producenta-445820 360w,https:\/\/a.allegroimg.com\/original\/11ca3f\/26e76c914a17953b9898c145936d\/2-Opony-caloroczne-205-55R16-KORMORAN-All-Season-Kod-producenta-445820 720w,https:\/\/a.allegroimg.com\/original\/11ca3f\/26e76c914a17953b9898c145936d\/2-Opony-caloroczne-205-55R16-KORMORAN-All-Season-Kod-producenta-445820 1024w,https:\/\/a.allegroimg.com\/original\/11ca3f\/26e76c914a17953b9898c145936d\/2-Opony-caloroczne-205-55R16-KORMORAN-All-Season-Kod-producenta-445820 1440w,https:\/\/a.allegroimg.com\/original\/11ca3f\/26e76c914a17953b9898c145936d\/2-Opony-caloroczne-205-55R16-KORMORAN-All-Season-Kod-producenta-445820 2000w\" sizes=\"(min-width: 1200px) 560px, (min-width: 992px) 50vw, 100vw\" width=\"2000px\" alt=\"2 Opony ca\u0142oroczne 205\/55R16 KORMORAN All Season Kod producenta 445820\"\/ style=\"max-width: 100%; height: auto; display: block; margin: 0 auto;\"><\/div>\n<\/div>\n<\/div>\n<\/div>\n<\/div>\n<\/div>\n<div style=\"clear: both; display: block; margin: 10px 0;\">\n<div style=\"clear: both; display: block; margin: 10px 0;\">\n<div style=\"clear: both; display: block; margin: 10px 0;\">\n<div  style=\"max-width:2000px;max-height:1500px\">\n<div style=\"clear: both; display: block; margin: 10px 0;\">\n<div style=\"clear: both; width: 100%; display: block; margin: 20px 0; padding: 0; float: none; position: static; text-align: center;\"><img decoding=\"async\"  src=\"https:\/\/a.allegroimg.com\/original\/11883e\/70839a044045b9b2c4261e25859a\/2-Opony-caloroczne-205-55R16-KORMORAN-All-Season-Marka-Kormoran\" srcset=\"https:\/\/a.allegroimg.com\/original\/11883e\/70839a044045b9b2c4261e25859a\/2-Opony-caloroczne-205-55R16-KORMORAN-All-Season-Marka-Kormoran 360w,https:\/\/a.allegroimg.com\/original\/11883e\/70839a044045b9b2c4261e25859a\/2-Opony-caloroczne-205-55R16-KORMORAN-All-Season-Marka-Kormoran 720w,https:\/\/a.allegroimg.com\/original\/11883e\/70839a044045b9b2c4261e25859a\/2-Opony-caloroczne-205-55R16-KORMORAN-All-Season-Marka-Kormoran 1024w,https:\/\/a.allegroimg.com\/original\/11883e\/70839a044045b9b2c4261e25859a\/2-Opony-caloroczne-205-55R16-KORMORAN-All-Season-Marka-Kormoran 1440w,https:\/\/a.allegroimg.com\/original\/11883e\/70839a044045b9b2c4261e25859a\/2-Opony-caloroczne-205-55R16-KORMORAN-All-Season-Marka-Kormoran 2000w\" sizes=\"(min-width: 1200px) 560px, (min-width: 992px) 50vw, 100vw\" width=\"2000px\" alt=\"2 Opony ca\u0142oroczne 205\/55R16 KORMORAN All Season Marka Kormoran\"\/ style=\"max-width: 100%; height: auto; display: block; margin: 0 auto;\"><\/div>\n<\/div>\n<\/div>\n<\/div>\n<\/div>\n<div style=\"clear: both; display: block; margin: 10px 0;\">\n<div style=\"clear: both; display: block; margin: 10px 0;\">\n<h1>Dlaczego warto kupi\u0107 te opony<\/h1>\n<ul style=\"margin: 15px 0; padding-left: 20px; clear: both; display: block; width: 100%; float: none; position: static;\">\n<li style=\"margin: 5px 0; padding: 2px 0; clear: both; display: list-item; float: none; position: static;\">Opony Kormoran &#8211; <b>polska marka<\/b>, niska cena, <b>jako\u015b\u0107 koncernu Michelin<\/b>. Opona ca\u0142oroczna przeznaczona do samochod\u00f3w klasy \u015bredniej i wy\u017cszej.<\/li>\n<li style=\"margin: 5px 0; padding: 2px 0; clear: both; display: list-item; float: none; position: static;\">Najnowszy produkt marki Kormoran. Kierunkowy bie\u017cnik zapewnia <b>doskona\u0142e odprowadzenie wody <\/b>oraz b\u0142ota po\u015bniegowego, gwarantuj\u0105\u0107 pewn\u0105 trakcje w najci\u0119\u017cszych warunkach.<\/li>\n<li style=\"margin: 5px 0; padding: 2px 0; clear: both; display: list-item; float: none; position: static;\">Po\u0142\u0105czone lamele w \u015brodkowej cz\u0119\u015bci bie\u017cnika gwarantuj\u0105 <b>stabilno\u015b\u0107 opony przy wy\u017cszych pr\u0119dko\u015bciach<\/b> i podczas pokonywania zakr\u0119t\u00f3w.<\/li>\n<li style=\"margin: 5px 0; padding: 2px 0; clear: both; display: list-item; float: none; position: static;\">Odpowiednio dobrana mieszanka gumowa odpowiada za dobr\u0105 <b>przyczepno\u015b\u0107 na suchych i mokrych nawierzchniach<\/b>, zar\u00f3wno w niskich jak i wysokich temperaturach.<\/li>\n<\/ul>\n<h2>Sprzedajemy tylko nowe produkty. Opony s\u0105 pierwszego gatunku, posiadaj\u0105 homologacje.<\/h2>\n<\/div>\n<\/div>\n<\/div>\n<div style=\"clear: both; display: block; margin: 10px 0;\">\n<div style=\"clear: both; display: block; margin: 10px 0;\">\n<div style=\"clear: both; display: block; margin: 10px 0;\">\n<div  style=\"max-width:2000px;max-height:1500px\">\n<div style=\"clear: both; display: block; margin: 10px 0;\">\n<div style=\"clear: both; width: 100%; display: block; margin: 20px 0; padding: 0; float: none; position: static; text-align: center;\"><img decoding=\"async\"  src=\"https:\/\/a.allegroimg.com\/original\/11ca3f\/26e76c914a17953b9898c145936d\/2-Opony-caloroczne-205-55R16-KORMORAN-All-Season-Kod-producenta-445820\" srcset=\"https:\/\/a.allegroimg.com\/original\/11ca3f\/26e76c914a17953b9898c145936d\/2-Opony-caloroczne-205-55R16-KORMORAN-All-Season-Kod-producenta-445820 360w,https:\/\/a.allegroimg.com\/original\/11ca3f\/26e76c914a17953b9898c145936d\/2-Opony-caloroczne-205-55R16-KORMORAN-All-Season-Kod-producenta-445820 720w,https:\/\/a.allegroimg.com\/original\/11ca3f\/26e76c914a17953b9898c145936d\/2-Opony-caloroczne-205-55R16-KORMORAN-All-Season-Kod-producenta-445820 1024w,https:\/\/a.allegroimg.com\/original\/11ca3f\/26e76c914a17953b9898c145936d\/2-Opony-caloroczne-205-55R16-KORMORAN-All-Season-Kod-producenta-445820 1440w,https:\/\/a.allegroimg.com\/original\/11ca3f\/26e76c914a17953b9898c145936d\/2-Opony-caloroczne-205-55R16-KORMORAN-All-Season-Kod-producenta-445820 2000w\" sizes=\"100vw\" width=\"2000px\" alt=\"2 Opony ca\u0142oroczne 205\/55R16 KORMORAN All Season Kod producenta 445820\"\/ style=\"max-width: 100%; height: auto; display: block; margin: 0 auto;\"><\/div>\n<\/div>\n<\/div>\n<\/div>\n<\/div>\n<\/div>\n<div style=\"clear: both; display: block; margin: 10px 0;\">\n<div style=\"clear: both; display: block; margin: 10px 0;\">\n<div style=\"clear: both; display: block; margin: 10px 0;\">\n<div  style=\"max-width:2000px;max-height:1500px\">\n<div style=\"clear: both; display: block; margin: 10px 0;\">\n<div style=\"clear: both; width: 100%; display: block; margin: 20px 0; padding: 0; float: none; position: static; text-align: center;\"><img decoding=\"async\"  src=\"https:\/\/a.allegroimg.com\/original\/11693c\/edaf76924dd7bded0182c0c84689\/2-Opony-caloroczne-205-55R16-KORMORAN-All-Season-Model-All-Season\" srcset=\"https:\/\/a.allegroimg.com\/original\/11693c\/edaf76924dd7bded0182c0c84689\/2-Opony-caloroczne-205-55R16-KORMORAN-All-Season-Model-All-Season 360w,https:\/\/a.allegroimg.com\/original\/11693c\/edaf76924dd7bded0182c0c84689\/2-Opony-caloroczne-205-55R16-KORMORAN-All-Season-Model-All-Season 720w,https:\/\/a.allegroimg.com\/original\/11693c\/edaf76924dd7bded0182c0c84689\/2-Opony-caloroczne-205-55R16-KORMORAN-All-Season-Model-All-Season 1024w,https:\/\/a.allegroimg.com\/original\/11693c\/edaf76924dd7bded0182c0c84689\/2-Opony-caloroczne-205-55R16-KORMORAN-All-Season-Model-All-Season 1440w,https:\/\/a.allegroimg.com\/original\/11693c\/edaf76924dd7bded0182c0c84689\/2-Opony-caloroczne-205-55R16-KORMORAN-All-Season-Model-All-Season 2000w\" sizes=\"100vw\" width=\"2000px\" alt=\"2 Opony ca\u0142oroczne 205\/55R16 KORMORAN All Season Model All Season\"\/ style=\"max-width: 100%; height: auto; display: block; margin: 0 auto;\"><\/div>\n<\/div>\n<\/div>\n<\/div>\n<\/div>\n<\/div>\n<div style=\"clear: both; display: block; margin: 10px 0;\">\n<div style=\"clear: both; display: block; margin: 10px 0;\">\n<div style=\"clear: both; display: block; margin: 10px 0;\">\n<div  style=\"max-width:2000px;max-height:1500px\">\n<div style=\"clear: both; display: block; margin: 10px 0;\">\n<div style=\"clear: both; width: 100%; display: block; margin: 20px 0; padding: 0; float: none; position: static; text-align: center;\"><img decoding=\"async\"  src=\"https:\/\/a.allegroimg.com\/original\/11eba5\/26396dc44c5abd2e7027a012d5a4\/2-Opony-caloroczne-205-55R16-KORMORAN-All-Season-Klasa-ekonomiczna\" srcset=\"https:\/\/a.allegroimg.com\/original\/11eba5\/26396dc44c5abd2e7027a012d5a4\/2-Opony-caloroczne-205-55R16-KORMORAN-All-Season-Klasa-ekonomiczna 360w,https:\/\/a.allegroimg.com\/original\/11eba5\/26396dc44c5abd2e7027a012d5a4\/2-Opony-caloroczne-205-55R16-KORMORAN-All-Season-Klasa-ekonomiczna 720w,https:\/\/a.allegroimg.com\/original\/11eba5\/26396dc44c5abd2e7027a012d5a4\/2-Opony-caloroczne-205-55R16-KORMORAN-All-Season-Klasa-ekonomiczna 1024w,https:\/\/a.allegroimg.com\/original\/11eba5\/26396dc44c5abd2e7027a012d5a4\/2-Opony-caloroczne-205-55R16-KORMORAN-All-Season-Klasa-ekonomiczna 1440w,https:\/\/a.allegroimg.com\/original\/11eba5\/26396dc44c5abd2e7027a012d5a4\/2-Opony-caloroczne-205-55R16-KORMORAN-All-Season-Klasa-ekonomiczna 2000w\" sizes=\"100vw\" width=\"2000px\" alt=\"2 Opony ca\u0142oroczne 205\/55R16 KORMORAN All Season Klasa ekonomiczna\"\/ style=\"max-width: 100%; height: auto; display: block; margin: 0 auto;\"><\/div>\n<\/div>\n<\/div>\n<\/div>\n<\/div>\n<\/div>\n<\/div>\n<\/div>\n<\/div>\n<div style=\"clear: both; display: block; margin: 10px 0;\">\n","protected":false},"excerpt":{"rendered":"<p>Dane techniczne<\/p>\n<p>Sezon: Ca\u0142oroczne<\/p>\n<p>Rozmiar: 205\/55 R16 XL<\/p>\n<p>Producent: KORMORAN<\/p>\n<p>Model: ALL SEASON<\/p>\n<p>Produkcja: nie starsze ni\u017c 2024<\/p>\n<p>Indeks: 94V<\/p>\n<p>Etykieta UE:<\/p>\n","protected":false},"featured_media":9588,"template":"","meta":{"_uag_custom_page_level_css":""},"product_brand":[382],"product_cat":[416,414,413,412],"product_tag":[],"class_list":{"0":"post-9587","1":"product","2":"type-product","3":"status-publish","4":"has-post-thumbnail","6":"product_brand-kormoran","7":"product_cat-caloroczne","8":"product_cat-do-samochodow-osobowych-i-suv","9":"product_cat-opony","10":"product_cat-opony-i-felgi","12":"first","13":"instock","14":"sale","15":"shipping-taxable","16":"purchasable","17":"product-type-simple"},"uagb_featured_image_src":{"full":["https:\/\/oponexa.shop\/tire\/wp-content\/uploads\/2025\/12\/allegro-image-9587.jpg",2000,1500,false],"thumbnail":["https:\/\/oponexa.shop\/tire\/wp-content\/uploads\/2025\/12\/allegro-image-9587-150x150.jpg",150,150,true],"medium":["https:\/\/oponexa.shop\/tire\/wp-content\/uploads\/2025\/12\/allegro-image-9587-300x225.jpg",300,225,true],"medium_large":["https:\/\/oponexa.shop\/tire\/wp-content\/uploads\/2025\/12\/allegro-image-9587-768x576.jpg",768,576,true],"large":["https:\/\/oponexa.shop\/tire\/wp-content\/uploads\/2025\/12\/allegro-image-9587-1024x768.jpg",1024,768,true],"1536x1536":["https:\/\/oponexa.shop\/tire\/wp-content\/uploads\/2025\/12\/allegro-image-9587-1536x1152.jpg",1536,1152,true],"2048x2048":["https:\/\/oponexa.shop\/tire\/wp-content\/uploads\/2025\/12\/allegro-image-9587.jpg",2000,1500,false],"woocommerce_thumbnail":["https:\/\/oponexa.shop\/tire\/wp-content\/uploads\/2025\/12\/allegro-image-9587-300x300.jpg",300,300,true],"woocommerce_single":["https:\/\/oponexa.shop\/tire\/wp-content\/uploads\/2025\/12\/allegro-image-9587-600x450.jpg",600,450,true],"woocommerce_gallery_thumbnail":["https:\/\/oponexa.shop\/tire\/wp-content\/uploads\/2025\/12\/allegro-image-9587-100x100.jpg",100,100,true]},"uagb_author_info":{"display_name":"admin","author_link":"https:\/\/oponexa.shop\/tire\/author\/"},"uagb_comment_info":0,"uagb_excerpt":"Dane techniczne Sezon: Ca\u0142oroczne Rozmiar: 205\/55 R16 XL Producent: KORMORAN Model: ALL SEASON Produkcja: nie starsze ni\u017c 2024 Indeks: 94V Etykieta UE:","_links":{"self":[{"href":"https:\/\/oponexa.shop\/tire\/wp-json\/wp\/v2\/product\/9587","targetHints":{"allow":["GET"]}}],"collection":[{"href":"https:\/\/oponexa.shop\/tire\/wp-json\/wp\/v2\/product"}],"about":[{"href":"https:\/\/oponexa.shop\/tire\/wp-json\/wp\/v2\/types\/product"}],"wp:featuredmedia":[{"embeddable":true,"href":"https:\/\/oponexa.shop\/tire\/wp-json\/wp\/v2\/media\/9588"}],"wp:attachment":[{"href":"https:\/\/oponexa.shop\/tire\/wp-json\/wp\/v2\/media?parent=9587"}],"wp:term":[{"taxonomy":"product_brand","embeddable":true,"href":"https:\/\/oponexa.shop\/tire\/wp-json\/wp\/v2\/product_brand?post=9587"},{"taxonomy":"product_cat","embeddable":true,"href":"https:\/\/oponexa.shop\/tire\/wp-json\/wp\/v2\/product_cat?post=9587"},{"taxonomy":"product_tag","embeddable":true,"href":"https:\/\/oponexa.shop\/tire\/wp-json\/wp\/v2\/product_tag?post=9587"}],"curies":[{"name":"wp","href":"https:\/\/api.w.org\/{rel}","templated":true}]}}