{"id":9585,"date":"2025-12-25T07:29:36","date_gmt":"2025-12-25T07:29:36","guid":{"rendered":"https:\/\/oponyexpert.shop\/xef5\/produkt\/1x-205-60r16-goodride-sw608-92h-zimowe-rok-2025\/"},"modified":"2025-12-25T07:29:36","modified_gmt":"2025-12-25T07:29:36","slug":"1x-205-60r16-goodride-sw608-92h-zimowe-rok-2025","status":"publish","type":"product","link":"https:\/\/oponixo.shop\/tire\/produkt\/1x-205-60r16-goodride-sw608-92h-zimowe-rok-2025\/","title":{"rendered":"1x 205\/60R16 Goodride SW608 92H zimowe rok 2025"},"content":{"rendered":"<div style=\"font-family: Arial, sans-serif; line-height: 1.6; color: #333; padding: 20px; clear: both; display: block; width: 100%; float: none; position: static; overflow: hidden;\">\n<div style=\"clear: both; display: block; margin: 10px 0;\">\n<div style=\"clear: both; display: block; margin: 10px 0;\">\n<div style=\"clear: both; display: block; margin: 10px 0;\">\n<div  style=\"max-width:1440px;max-height:262px\">\n<div style=\"clear: both; display: block; margin: 10px 0;\">\n<div style=\"clear: both; width: 100%; display: block; margin: 20px 0; padding: 0; float: none; position: static; text-align: center;\"><img decoding=\"async\"  src=\"https:\/\/a.allegroimg.com\/original\/11207d\/81bda8f14e3286e2dcd37b7f4866\/1x-205-60R16-Goodride-SW608-92H-zimowe-rok-2025-Szerokosc-opony-205-mm\" srcset=\"https:\/\/a.allegroimg.com\/original\/11207d\/81bda8f14e3286e2dcd37b7f4866\/1x-205-60R16-Goodride-SW608-92H-zimowe-rok-2025-Szerokosc-opony-205-mm 360w,https:\/\/a.allegroimg.com\/original\/11207d\/81bda8f14e3286e2dcd37b7f4866\/1x-205-60R16-Goodride-SW608-92H-zimowe-rok-2025-Szerokosc-opony-205-mm 720w,https:\/\/a.allegroimg.com\/original\/11207d\/81bda8f14e3286e2dcd37b7f4866\/1x-205-60R16-Goodride-SW608-92H-zimowe-rok-2025-Szerokosc-opony-205-mm 1024w,https:\/\/a.allegroimg.com\/original\/11207d\/81bda8f14e3286e2dcd37b7f4866\/1x-205-60R16-Goodride-SW608-92H-zimowe-rok-2025-Szerokosc-opony-205-mm 1440w,https:\/\/a.allegroimg.com\/original\/11207d\/81bda8f14e3286e2dcd37b7f4866\/1x-205-60R16-Goodride-SW608-92H-zimowe-rok-2025-Szerokosc-opony-205-mm 1440w\" sizes=\"100vw\" width=\"1440px\" alt=\"1x 205\/60R16 Goodride SW608 92H zimowe rok 2025 Szeroko\u015b\u0107 opony 205 mm\"\/ style=\"max-width: 100%; height: auto; display: block; margin: 0 auto;\"><\/div>\n<\/div>\n<\/div>\n<\/div>\n<\/div>\n<\/div>\n<div style=\"clear: both; display: block; margin: 10px 0;\">\n<div style=\"clear: both; display: block; margin: 10px 0;\">\n<div style=\"clear: both; display: block; margin: 10px 0;\">\n<div  style=\"max-width:1198px;max-height:2500px\">\n<div style=\"clear: both; display: block; margin: 10px 0;\">\n<div style=\"clear: both; width: 100%; display: block; margin: 20px 0; padding: 0; float: none; position: static; text-align: center;\"><img decoding=\"async\"  src=\"https:\/\/a.allegroimg.com\/original\/11404e\/c96fd857425da4d93285a26a81ef\/1x-205-60R16-Goodride-SW608-92H-zimowe-rok-2025-Model-SW608-Snowmaster\" srcset=\"https:\/\/a.allegroimg.com\/original\/11404e\/c96fd857425da4d93285a26a81ef\/1x-205-60R16-Goodride-SW608-92H-zimowe-rok-2025-Model-SW608-Snowmaster 172w,https:\/\/a.allegroimg.com\/original\/11404e\/c96fd857425da4d93285a26a81ef\/1x-205-60R16-Goodride-SW608-92H-zimowe-rok-2025-Model-SW608-Snowmaster 345w,https:\/\/a.allegroimg.com\/original\/11404e\/c96fd857425da4d93285a26a81ef\/1x-205-60R16-Goodride-SW608-92H-zimowe-rok-2025-Model-SW608-Snowmaster 490w,https:\/\/a.allegroimg.com\/original\/11404e\/c96fd857425da4d93285a26a81ef\/1x-205-60R16-Goodride-SW608-92H-zimowe-rok-2025-Model-SW608-Snowmaster 690w,https:\/\/a.allegroimg.com\/original\/11404e\/c96fd857425da4d93285a26a81ef\/1x-205-60R16-Goodride-SW608-92H-zimowe-rok-2025-Model-SW608-Snowmaster 1198w\" sizes=\"(min-width: 1200px) 560px, (min-width: 992px) 50vw, 100vw\" width=\"1198px\" alt=\"1x 205\/60R16 Goodride SW608 92H zimowe rok 2025 Model SW608 Snowmaster\"\/ style=\"max-width: 100%; height: auto; display: block; margin: 0 auto;\"><\/div>\n<\/div>\n<\/div>\n<\/div>\n<\/div>\n<div style=\"clear: both; display: block; margin: 10px 0;\">\n<div style=\"clear: both; display: block; margin: 10px 0;\">\n<h2>Przedmiot aukcji: 1 sztuka fabrycznie nowej opony<\/h2>\n<p style=\"margin: 15px 0; line-height: 1.8; clear: both; display: block; width: 100%; float: none; position: static;\">Rozmiar: <b>205\/60R16<\/b><\/p>\n<p style=\"margin: 15px 0; line-height: 1.8; clear: both; display: block; width: 100%; float: none; position: static;\">Indeksy pr\u0119dko\u015bci i no\u015bno\u015bci: <b>92H (do 210km\/h)<\/b><\/p>\n<p style=\"margin: 15px 0; line-height: 1.8; clear: both; display: block; width: 100%; float: none; position: static;\">Marka:&nbsp;<b>Goodride<\/b><\/p>\n<p style=\"margin: 15px 0; line-height: 1.8; clear: both; display: block; width: 100%; float: none; position: static;\">Rok produkcji: <b>2025<\/b><\/p>\n<p style=\"margin: 15px 0; line-height: 1.8; clear: both; display: block; width: 100%; float: none; position: static;\">Sezon:&nbsp;<b>opony zimowe<\/b><\/p>\n<p style=\"margin: 15px 0; line-height: 1.8; clear: both; display: block; width: 100%; float: none; position: static;\">Segment:&nbsp;<b>klasa ekonomiczna<\/b><\/p>\n<h2>Nowoczesna, kierunkowa, atrakcyjna wizualnie rze\u017aba bie\u017cnika.<\/h2>\n<h3 style=\"color: #2c5aa0; font-size: 18px; margin: 30px 0 15px 0; font-weight: bold; clear: both; display: block; width: 100%; float: none; position: static;\">Zalety:<\/h3>\n<p style=\"margin: 15px 0; line-height: 1.8; clear: both; display: block; width: 100%; float: none; position: static;\">Dzi\u0119ki prostopad\u0142ym rowkom zachowuje dobr\u0105 trakcj\u0119 na mokrej i \u015bliskiej nawierzchni,<\/p>\n<p style=\"margin: 15px 0; line-height: 1.8; clear: both; display: block; width: 100%; float: none; position: static;\">Trwa\u0142a mieszanka zu\u017cywa si\u0119 r\u00f3wnomiernie i zachowuje swoje osi\u0105gi,<\/p>\n<p style=\"margin: 15px 0; line-height: 1.8; clear: both; display: block; width: 100%; float: none; position: static;\">Bardzo dobra kierowalno\u015b\u0107,<\/p>\n<p style=\"margin: 15px 0; line-height: 1.8; clear: both; display: block; width: 100%; float: none; position: static;\">Niski op\u00f3r toczenia,<\/p>\n<p style=\"margin: 15px 0; line-height: 1.8; clear: both; display: block; width: 100%; float: none; position: static;\">Wysoki poziom bezpiecze\u0144stwa na za\u015bnie\u017conej nawierzchni.<\/p>\n<\/div>\n<\/div>\n<\/div>\n<div style=\"clear: both; display: block; margin: 10px 0;\">\n<div style=\"clear: both; display: block; margin: 10px 0;\">\n<div style=\"clear: both; display: block; margin: 10px 0;\">\n<div  style=\"max-width:558px;max-height:800px\">\n<div style=\"clear: both; display: block; margin: 10px 0;\">\n<div style=\"clear: both; width: 100%; display: block; margin: 20px 0; padding: 0; float: none; position: static; text-align: center;\"><img decoding=\"async\"  src=\"https:\/\/a.allegroimg.com\/original\/116467\/233542bd4bc793a7b6b6a6ea87ba\/1x-205-60R16-Goodride-SW608-92H-zimowe-rok-2025-Marka-Goodride\" srcset=\"https:\/\/a.allegroimg.com\/original\/116467\/233542bd4bc793a7b6b6a6ea87ba\/1x-205-60R16-Goodride-SW608-92H-zimowe-rok-2025-Marka-Goodride 251w,https:\/\/a.allegroimg.com\/original\/116467\/233542bd4bc793a7b6b6a6ea87ba\/1x-205-60R16-Goodride-SW608-92H-zimowe-rok-2025-Marka-Goodride 502w,https:\/\/a.allegroimg.com\/original\/116467\/233542bd4bc793a7b6b6a6ea87ba\/1x-205-60R16-Goodride-SW608-92H-zimowe-rok-2025-Marka-Goodride 558w,https:\/\/a.allegroimg.com\/original\/116467\/233542bd4bc793a7b6b6a6ea87ba\/1x-205-60R16-Goodride-SW608-92H-zimowe-rok-2025-Marka-Goodride 558w\" sizes=\"100vw\" width=\"558px\" alt=\"1x 205\/60R16 Goodride SW608 92H zimowe rok 2025 Marka Goodride\"\/ style=\"max-width: 100%; height: auto; display: block; margin: 0 auto;\"><\/div>\n<\/div>\n<\/div>\n<\/div>\n<\/div>\n<\/div>\n<div style=\"clear: both; display: block; margin: 10px 0;\">\n<div style=\"clear: both; display: block; margin: 10px 0;\">\n<div style=\"clear: both; display: block; margin: 10px 0;\">\n<div  style=\"max-width:1440px;max-height:388px\">\n<div style=\"clear: both; display: block; margin: 10px 0;\">\n<div style=\"clear: both; width: 100%; display: block; margin: 20px 0; padding: 0; float: none; position: static; text-align: center;\"><img decoding=\"async\"  src=\"https:\/\/a.allegroimg.com\/original\/118a08\/047becbf482cab7085c27e0d6f75\/1x-205-60R16-Goodride-SW608-92H-zimowe-rok-2025-Klasa-ekonomiczna\" srcset=\"https:\/\/a.allegroimg.com\/original\/118a08\/047becbf482cab7085c27e0d6f75\/1x-205-60R16-Goodride-SW608-92H-zimowe-rok-2025-Klasa-ekonomiczna 360w,https:\/\/a.allegroimg.com\/original\/118a08\/047becbf482cab7085c27e0d6f75\/1x-205-60R16-Goodride-SW608-92H-zimowe-rok-2025-Klasa-ekonomiczna 720w,https:\/\/a.allegroimg.com\/original\/118a08\/047becbf482cab7085c27e0d6f75\/1x-205-60R16-Goodride-SW608-92H-zimowe-rok-2025-Klasa-ekonomiczna 1024w,https:\/\/a.allegroimg.com\/original\/118a08\/047becbf482cab7085c27e0d6f75\/1x-205-60R16-Goodride-SW608-92H-zimowe-rok-2025-Klasa-ekonomiczna 1440w,https:\/\/a.allegroimg.com\/original\/118a08\/047becbf482cab7085c27e0d6f75\/1x-205-60R16-Goodride-SW608-92H-zimowe-rok-2025-Klasa-ekonomiczna 1440w\" sizes=\"100vw\" width=\"1440px\" alt=\"1x 205\/60R16 Goodride SW608 92H zimowe rok 2025 Klasa ekonomiczna\"\/ style=\"max-width: 100%; height: auto; display: block; margin: 0 auto;\"><\/div>\n<\/div>\n<\/div>\n<\/div>\n<\/div>\n<\/div>\n<div style=\"clear: both; display: block; margin: 10px 0;\">\n<div style=\"clear: both; display: block; margin: 10px 0;\">\n<div style=\"clear: both; display: block; margin: 10px 0;\">\n<div  style=\"max-width:1198px;max-height:2500px\">\n<div style=\"clear: both; display: block; margin: 10px 0;\">\n<div style=\"clear: both; width: 100%; display: block; margin: 20px 0; padding: 0; float: none; position: static; text-align: center;\"><img decoding=\"async\"  src=\"https:\/\/a.allegroimg.com\/original\/11404e\/c96fd857425da4d93285a26a81ef\/1x-205-60R16-Goodride-SW608-92H-zimowe-rok-2025-Model-SW608-Snowmaster\" srcset=\"https:\/\/a.allegroimg.com\/original\/11404e\/c96fd857425da4d93285a26a81ef\/1x-205-60R16-Goodride-SW608-92H-zimowe-rok-2025-Model-SW608-Snowmaster 172w,https:\/\/a.allegroimg.com\/original\/11404e\/c96fd857425da4d93285a26a81ef\/1x-205-60R16-Goodride-SW608-92H-zimowe-rok-2025-Model-SW608-Snowmaster 345w,https:\/\/a.allegroimg.com\/original\/11404e\/c96fd857425da4d93285a26a81ef\/1x-205-60R16-Goodride-SW608-92H-zimowe-rok-2025-Model-SW608-Snowmaster 490w,https:\/\/a.allegroimg.com\/original\/11404e\/c96fd857425da4d93285a26a81ef\/1x-205-60R16-Goodride-SW608-92H-zimowe-rok-2025-Model-SW608-Snowmaster 690w,https:\/\/a.allegroimg.com\/original\/11404e\/c96fd857425da4d93285a26a81ef\/1x-205-60R16-Goodride-SW608-92H-zimowe-rok-2025-Model-SW608-Snowmaster 1198w\" sizes=\"100vw\" width=\"1198px\" alt=\"1x 205\/60R16 Goodride SW608 92H zimowe rok 2025 Model SW608 Snowmaster\"\/ style=\"max-width: 100%; height: auto; display: block; margin: 0 auto;\"><\/div>\n<\/div>\n<\/div>\n<\/div>\n<\/div>\n<\/div>\n<div style=\"clear: both; display: block; margin: 10px 0;\">\n<div style=\"clear: both; display: block; margin: 10px 0;\">\n<div style=\"clear: both; display: block; margin: 10px 0;\">\n<div  style=\"max-width:1440px;max-height:262px\">\n<div style=\"clear: both; display: block; margin: 10px 0;\">\n<div style=\"clear: both; width: 100%; display: block; margin: 20px 0; padding: 0; float: none; position: static; text-align: center;\"><img decoding=\"async\"  src=\"https:\/\/a.allegroimg.com\/original\/11207d\/81bda8f14e3286e2dcd37b7f4866\/1x-205-60R16-Goodride-SW608-92H-zimowe-rok-2025-Szerokosc-opony-205-mm\" srcset=\"https:\/\/a.allegroimg.com\/original\/11207d\/81bda8f14e3286e2dcd37b7f4866\/1x-205-60R16-Goodride-SW608-92H-zimowe-rok-2025-Szerokosc-opony-205-mm 360w,https:\/\/a.allegroimg.com\/original\/11207d\/81bda8f14e3286e2dcd37b7f4866\/1x-205-60R16-Goodride-SW608-92H-zimowe-rok-2025-Szerokosc-opony-205-mm 720w,https:\/\/a.allegroimg.com\/original\/11207d\/81bda8f14e3286e2dcd37b7f4866\/1x-205-60R16-Goodride-SW608-92H-zimowe-rok-2025-Szerokosc-opony-205-mm 1024w,https:\/\/a.allegroimg.com\/original\/11207d\/81bda8f14e3286e2dcd37b7f4866\/1x-205-60R16-Goodride-SW608-92H-zimowe-rok-2025-Szerokosc-opony-205-mm 1440w,https:\/\/a.allegroimg.com\/original\/11207d\/81bda8f14e3286e2dcd37b7f4866\/1x-205-60R16-Goodride-SW608-92H-zimowe-rok-2025-Szerokosc-opony-205-mm 1440w\" sizes=\"100vw\" width=\"1440px\" alt=\"1x 205\/60R16 Goodride SW608 92H zimowe rok 2025 Szeroko\u015b\u0107 opony 205 mm\"\/ style=\"max-width: 100%; height: auto; display: block; margin: 0 auto;\"><\/div>\n<\/div>\n<\/div>\n<\/div>\n<\/div>\n<\/div>\n<div style=\"clear: both; display: block; margin: 10px 0;\">\n<div style=\"clear: both; display: block; margin: 10px 0;\">\n<div style=\"clear: both; display: block; margin: 10px 0;\">\n<h2>Zhongce Rubber Group Co., Ltd.<\/h2>\n<p style=\"margin: 15px 0; line-height: 1.8; clear: both; display: block; width: 100%; float: none; position: static;\">jest producentem opon marki Goodride<\/p>\n<h3 style=\"color: #2c5aa0; font-size: 18px; margin: 30px 0 15px 0; font-weight: bold; clear: both; display: block; width: 100%; float: none; position: static;\">Najwa\u017cniejsze informacje:<\/h3>\n<p style=\"margin: 15px 0; line-height: 1.8; clear: both; display: block; width: 100%; float: none; position: static;\">Najwi\u0119kszy producent opon w Chinach<\/p>\n<p style=\"margin: 15px 0; line-height: 1.8; clear: both; display: block; width: 100%; float: none; position: static;\">Sta\u0142a dost\u0119pno\u015b\u0107 w Polsce od 16 lat<\/p>\n<h1>Opony na tej aukcji sprzedaje<\/h1>\n<h1>Oficjalny Sklep Goodride.<\/h1>\n<\/div>\n<\/div>\n<div style=\"clear: both; display: block; margin: 10px 0;\">\n<div style=\"clear: both; display: block; margin: 10px 0;\">\n<div  style=\"max-width:2000px;max-height:2000px\">\n<div style=\"clear: both; display: block; margin: 10px 0;\">\n<div style=\"clear: both; width: 100%; display: block; margin: 20px 0; padding: 0; float: none; position: static; text-align: center;\"><img decoding=\"async\"  src=\"https:\/\/a.allegroimg.com\/original\/11bde2\/ba98a18846b6bd53ec6aff1a000f\/1x-205-60R16-Goodride-SW608-92H-zimowe-rok-2025-Kod-producenta-03010432801685570203\" srcset=\"https:\/\/a.allegroimg.com\/original\/11bde2\/ba98a18846b6bd53ec6aff1a000f\/1x-205-60R16-Goodride-SW608-92H-zimowe-rok-2025-Kod-producenta-03010432801685570203 360w,https:\/\/a.allegroimg.com\/original\/11bde2\/ba98a18846b6bd53ec6aff1a000f\/1x-205-60R16-Goodride-SW608-92H-zimowe-rok-2025-Kod-producenta-03010432801685570203 720w,https:\/\/a.allegroimg.com\/original\/11bde2\/ba98a18846b6bd53ec6aff1a000f\/1x-205-60R16-Goodride-SW608-92H-zimowe-rok-2025-Kod-producenta-03010432801685570203 1024w,https:\/\/a.allegroimg.com\/original\/11bde2\/ba98a18846b6bd53ec6aff1a000f\/1x-205-60R16-Goodride-SW608-92H-zimowe-rok-2025-Kod-producenta-03010432801685570203 1440w,https:\/\/a.allegroimg.com\/original\/11bde2\/ba98a18846b6bd53ec6aff1a000f\/1x-205-60R16-Goodride-SW608-92H-zimowe-rok-2025-Kod-producenta-03010432801685570203 2000w\" sizes=\"(min-width: 1200px) 560px, (min-width: 992px) 50vw, 100vw\" width=\"2000px\" alt=\"1x 205\/60R16 Goodride SW608 92H zimowe rok 2025 Kod producenta 03010432801685570203\"\/ style=\"max-width: 100%; height: auto; display: block; margin: 0 auto;\"><\/div>\n<\/div>\n<\/div>\n<\/div>\n<\/div>\n<\/div>\n<div style=\"clear: both; display: block; margin: 10px 0;\">\n<div style=\"clear: both; display: block; margin: 10px 0;\">\n<div style=\"clear: both; display: block; margin: 10px 0;\">\n<p style=\"margin: 15px 0; line-height: 1.8; clear: both; display: block; width: 100%; float: none; position: static;\">[6927116184780GD]<\/p>\n<\/div>\n<\/div>\n<\/div>\n<\/div>\n<\/div>\n<\/div>\n<div style=\"clear: both; display: block; margin: 10px 0;\">\n","protected":false},"excerpt":{"rendered":"<p>Przedmiot aukcji: 1 sztuka fabrycznie nowej opony<\/p>\n<p>Rozmiar: 205\/60R16<\/p>\n<p>Indeksy pr\u0119dko\u015bci i no\u015bno\u015bci: 92H (do 210km\/h)<\/p>\n<p>Marka:&nbsp;Goodride<\/p>\n<p>Rok produkcji: 2025<\/p>\n<p>Sezon:&nbsp;opony zimowe<\/p>\n<p>Segment:&nbsp;klasa ekonomiczna<\/p>\n<p>Nowoczesna, kierunkowa, atrakcyjna wizualnie rze\u017aba bie\u017cnika.<\/p>\n","protected":false},"featured_media":9586,"template":"","meta":{"_uag_custom_page_level_css":""},"product_brand":[379],"product_cat":[414,413,412,415],"product_tag":[],"class_list":{"0":"post-9585","1":"product","2":"type-product","3":"status-publish","4":"has-post-thumbnail","6":"product_brand-goodride","7":"product_cat-do-samochodow-osobowych-i-suv","8":"product_cat-opony","9":"product_cat-opony-i-felgi","10":"product_cat-zimowe","12":"first","13":"instock","14":"sale","15":"shipping-taxable","16":"purchasable","17":"product-type-simple"},"uagb_featured_image_src":{"full":["https:\/\/oponixo.shop\/tire\/wp-content\/uploads\/2025\/12\/allegro-image-9585.jpg",2000,2000,false],"thumbnail":["https:\/\/oponixo.shop\/tire\/wp-content\/uploads\/2025\/12\/allegro-image-9585-150x150.jpg",150,150,true],"medium":["https:\/\/oponixo.shop\/tire\/wp-content\/uploads\/2025\/12\/allegro-image-9585-300x300.jpg",300,300,true],"medium_large":["https:\/\/oponixo.shop\/tire\/wp-content\/uploads\/2025\/12\/allegro-image-9585-768x768.jpg",768,768,true],"large":["https:\/\/oponixo.shop\/tire\/wp-content\/uploads\/2025\/12\/allegro-image-9585-1024x1024.jpg",1024,1024,true],"1536x1536":["https:\/\/oponixo.shop\/tire\/wp-content\/uploads\/2025\/12\/allegro-image-9585-1536x1536.jpg",1536,1536,true],"2048x2048":["https:\/\/oponixo.shop\/tire\/wp-content\/uploads\/2025\/12\/allegro-image-9585.jpg",2000,2000,false],"woocommerce_thumbnail":["https:\/\/oponixo.shop\/tire\/wp-content\/uploads\/2025\/12\/allegro-image-9585-300x300.jpg",300,300,true],"woocommerce_single":["https:\/\/oponixo.shop\/tire\/wp-content\/uploads\/2025\/12\/allegro-image-9585-600x600.jpg",600,600,true],"woocommerce_gallery_thumbnail":["https:\/\/oponixo.shop\/tire\/wp-content\/uploads\/2025\/12\/allegro-image-9585-100x100.jpg",100,100,true]},"uagb_author_info":{"display_name":"admin","author_link":"https:\/\/oponixo.shop\/tire\/author\/"},"uagb_comment_info":0,"uagb_excerpt":"Przedmiot aukcji: 1 sztuka fabrycznie nowej opony Rozmiar: 205\/60R16 Indeksy pr\u0119dko\u015bci i no\u015bno\u015bci: 92H (do 210km\/h) Marka:&nbsp;Goodride Rok produkcji: 2025 Sezon:&nbsp;opony zimowe Segment:&nbsp;klasa ekonomiczna Nowoczesna, kierunkowa, atrakcyjna wizualnie rze\u017aba bie\u017cnika.","_links":{"self":[{"href":"https:\/\/oponixo.shop\/tire\/wp-json\/wp\/v2\/product\/9585","targetHints":{"allow":["GET"]}}],"collection":[{"href":"https:\/\/oponixo.shop\/tire\/wp-json\/wp\/v2\/product"}],"about":[{"href":"https:\/\/oponixo.shop\/tire\/wp-json\/wp\/v2\/types\/product"}],"wp:featuredmedia":[{"embeddable":true,"href":"https:\/\/oponixo.shop\/tire\/wp-json\/wp\/v2\/media\/9586"}],"wp:attachment":[{"href":"https:\/\/oponixo.shop\/tire\/wp-json\/wp\/v2\/media?parent=9585"}],"wp:term":[{"taxonomy":"product_brand","embeddable":true,"href":"https:\/\/oponixo.shop\/tire\/wp-json\/wp\/v2\/product_brand?post=9585"},{"taxonomy":"product_cat","embeddable":true,"href":"https:\/\/oponixo.shop\/tire\/wp-json\/wp\/v2\/product_cat?post=9585"},{"taxonomy":"product_tag","embeddable":true,"href":"https:\/\/oponixo.shop\/tire\/wp-json\/wp\/v2\/product_tag?post=9585"}],"curies":[{"name":"wp","href":"https:\/\/api.w.org\/{rel}","templated":true}]}}