{"id":9284,"date":"2025-12-24T01:56:33","date_gmt":"2025-12-24T01:56:33","guid":{"rendered":"https:\/\/oponyexpert.shop\/xef5\/produkt\/4x-matador-195-65r15-mp62-all-weather-evo-91h\/"},"modified":"2025-12-24T01:56:34","modified_gmt":"2025-12-24T01:56:34","slug":"4x-matador-195-65r15-mp62-all-weather-evo-91h","status":"publish","type":"product","link":"https:\/\/oponixo.shop\/tire\/produkt\/4x-matador-195-65r15-mp62-all-weather-evo-91h\/","title":{"rendered":"4x Matador 195\/65R15 MP62 ALL WEATHER EVO 91H"},"content":{"rendered":"<div style=\"font-family: Arial, sans-serif; line-height: 1.6; color: #333; padding: 20px; clear: both; display: block; width: 100%; float: none; position: static; overflow: hidden;\">\n<div style=\"clear: both; display: block; margin: 10px 0;\">\n<div style=\"clear: both; display: block; margin: 10px 0;\">\n<div style=\"clear: both; display: block; margin: 10px 0;\">\n<h2>Opona ca\u0142oroczna Matador MP62 ALL WEATHER EVO 195\/65R15 91H XL<\/h2>\n<h2>Grupa koncernu Continental<\/h2>\n<h1>MP62 All Weather EVO<\/h1>\n<h3 style=\"color: #2c5aa0; font-size: 18px; margin: 30px 0 15px 0; font-weight: bold; clear: both; display: block; width: 100%; float: none; position: static;\">Gotowa na ka\u017cde warunki pogodowe.<\/h3>\n<ul style=\"margin: 15px 0; padding-left: 20px; clear: both; display: block; width: 100%; float: none; position: static;\">\n<li style=\"margin: 5px 0; padding: 2px 0; clear: both; display: list-item; float: none; position: static;\">Zwi\u0119kszona stabilno\u015b\u0107 jazdy przy ka\u017cdej pogodzie.<\/li>\n<li style=\"margin: 5px 0; padding: 2px 0; clear: both; display: list-item; float: none; position: static;\">Lepsza skuteczno\u015b\u0107 hamowania i trakcji.<\/li>\n<li style=\"margin: 5px 0; padding: 2px 0; clear: both; display: list-item; float: none; position: static;\">Zmniejszone ryzyko aquaplaningu.<\/li>\n<li style=\"margin: 5px 0; padding: 2px 0; clear: both; display: list-item; float: none; position: static;\"><b>7 lat Gwarancji!<\/b><\/li>\n<\/ul>\n<p style=\"margin: 15px 0; line-height: 1.8; clear: both; display: block; width: 100%; float: none; position: static;\">\u00a0<\/p>\n<\/div>\n<\/div>\n<\/div>\n<div style=\"clear: both; display: block; margin: 10px 0;\">\n<div style=\"clear: both; display: block; margin: 10px 0;\">\n<div style=\"clear: both; display: block; margin: 10px 0;\">\n<div  style=\"max-width:500px;max-height:500px\">\n<div style=\"clear: both; display: block; margin: 10px 0;\">\n<div style=\"clear: both; width: 100%; display: block; margin: 20px 0; padding: 0; float: none; position: static; text-align: center;\"><img decoding=\"async\"  src=\"https:\/\/a.allegroimg.com\/original\/115abb\/883af2404cd98d985942433acfb1\/4x-Matador-195-65R15-MP62-ALL-WEATHER-EVO-91H\" srcset=\"https:\/\/a.allegroimg.com\/original\/115abb\/883af2404cd98d985942433acfb1\/4x-Matador-195-65R15-MP62-ALL-WEATHER-EVO-91H 360w,https:\/\/a.allegroimg.com\/original\/115abb\/883af2404cd98d985942433acfb1\/4x-Matador-195-65R15-MP62-ALL-WEATHER-EVO-91H 500w,https:\/\/a.allegroimg.com\/original\/115abb\/883af2404cd98d985942433acfb1\/4x-Matador-195-65R15-MP62-ALL-WEATHER-EVO-91H 500w\" sizes=\"(min-width: 1200px) 560px, (min-width: 992px) 50vw, 100vw\" width=\"500px\" alt=\"4x Matador 195\/65R15 MP62 ALL WEATHER EVO 91H\"\/ style=\"max-width: 100%; height: auto; display: block; margin: 0 auto;\"><\/div>\n<\/div>\n<\/div>\n<\/div>\n<\/div>\n<div style=\"clear: both; display: block; margin: 10px 0;\">\n<div style=\"clear: both; display: block; margin: 10px 0;\">\n<ul style=\"margin: 15px 0; padding-left: 20px; clear: both; display: block; width: 100%; float: none; position: static;\">\n<li style=\"margin: 5px 0; padding: 2px 0; clear: both; display: list-item; float: none; position: static;\"><b>Marka:<\/b> Matador<\/li>\n<li style=\"margin: 5px 0; padding: 2px 0; clear: both; display: list-item; float: none; position: static;\"><b>Grupa koncernu:<\/b> Continental<\/li>\n<li style=\"margin: 5px 0; padding: 2px 0; clear: both; display: list-item; float: none; position: static;\"><b>Liczba opon w ofercie:<\/b> Komplet 4 szt.<\/li>\n<li style=\"margin: 5px 0; padding: 2px 0; clear: both; display: list-item; float: none; position: static;\"><b>Run flat:<\/b> Nie<\/li>\n<li style=\"margin: 5px 0; padding: 2px 0; clear: both; display: list-item; float: none; position: static;\"><b>Sezon:<\/b> Wielosezonowe<\/li>\n<li style=\"margin: 5px 0; padding: 2px 0; clear: both; display: list-item; float: none; position: static;\"><b>Model:<\/b> MP62 ALL WEATHER EVO<\/li>\n<li style=\"margin: 5px 0; padding: 2px 0; clear: both; display: list-item; float: none; position: static;\"><b>Szeroko\u015b\u0107 opony:<\/b> 195 mm<\/li>\n<li style=\"margin: 5px 0; padding: 2px 0; clear: both; display: list-item; float: none; position: static;\"><b>Profil opony:<\/b> 65<\/li>\n<li style=\"margin: 5px 0; padding: 2px 0; clear: both; display: list-item; float: none; position: static;\"><b>\u015arednica:<\/b> 15&#8243;<\/li>\n<li style=\"margin: 5px 0; padding: 2px 0; clear: both; display: list-item; float: none; position: static;\"><b>Indeks no\u015bno\u015bci:<\/b> 91 &#8211; 615 kg<\/li>\n<li style=\"margin: 5px 0; padding: 2px 0; clear: both; display: list-item; float: none; position: static;\"><b>Indeks pr\u0119dko\u015bci:<\/b> H do 210 km\/h<\/li>\n<li style=\"margin: 5px 0; padding: 2px 0; clear: both; display: list-item; float: none; position: static;\"><b>Przyczepno\u015b\u0107 na mokrej nawierzchni:<\/b> Klasa C<\/li>\n<li style=\"margin: 5px 0; padding: 2px 0; clear: both; display: list-item; float: none; position: static;\"><b>Op\u00f3r toczenia:<\/b> Klasa C<\/li>\n<li style=\"margin: 5px 0; padding: 2px 0; clear: both; display: list-item; float: none; position: static;\"><b>Ha\u0142as zewn\u0119trzny:<\/b> 72 dB<\/li>\n<li style=\"margin: 5px 0; padding: 2px 0; clear: both; display: list-item; float: none; position: static;\"><b>Informacje dodatkowe:<\/b> wzmocnienie (XL)<\/li>\n<li style=\"margin: 5px 0; padding: 2px 0; clear: both; display: list-item; float: none; position: static;\"><b>Rok produkcji (DOT):<\/b> <b>Kupuj\u0105c z tej oferty otrzymasz opony fabrycznie nowe, a ich rok produkcji jest nie starszy ni\u017c ubieg\u0142y rok kalendarzowy &#8211; 2025\/2024<\/b><\/li>\n<\/ul>\n<\/div>\n<\/div>\n<\/div>\n<div style=\"clear: both; display: block; margin: 10px 0;\">\n<div style=\"clear: both; display: block; margin: 10px 0;\">\n<div style=\"clear: both; display: block; margin: 10px 0;\">\n<h2>Poprawiona stabilno\u015b\u0107 jazdy przy ka\u017cdej pogodzie<\/h2>\n<p style=\"margin: 15px 0; line-height: 1.8; clear: both; display: block; width: 100%; float: none; position: static;\">\u00a0<\/p>\n<\/div>\n<\/div>\n<div style=\"clear: both; display: block; margin: 10px 0;\">\n<div style=\"clear: both; display: block; margin: 10px 0;\">\n<div  style=\"max-width:135px;max-height:395px\">\n<div style=\"clear: both; display: block; margin: 10px 0;\">\n<div style=\"clear: both; width: 100%; display: block; margin: 20px 0; padding: 0; float: none; position: static; text-align: center;\"><img decoding=\"async\"  src=\"https:\/\/a.allegroimg.com\/original\/11eaef\/41dbe7f44420aec089638d1fd1e3\/4x-Matador-195-65R15-MP62-ALL-WEATHER-EVO-91H-Liczba-opon-w-ofercie-Komplet-4-szt\" srcset=\"https:\/\/a.allegroimg.com\/original\/11eaef\/41dbe7f44420aec089638d1fd1e3\/4x-Matador-195-65R15-MP62-ALL-WEATHER-EVO-91H-Liczba-opon-w-ofercie-Komplet-4-szt 123w,https:\/\/a.allegroimg.com\/original\/11eaef\/41dbe7f44420aec089638d1fd1e3\/4x-Matador-195-65R15-MP62-ALL-WEATHER-EVO-91H-Liczba-opon-w-ofercie-Komplet-4-szt 135w,https:\/\/a.allegroimg.com\/original\/11eaef\/41dbe7f44420aec089638d1fd1e3\/4x-Matador-195-65R15-MP62-ALL-WEATHER-EVO-91H-Liczba-opon-w-ofercie-Komplet-4-szt 135w\" sizes=\"(min-width: 1200px) 560px, (min-width: 992px) 50vw, 100vw\" width=\"135px\" alt=\"4x Matador 195\/65R15 MP62 ALL WEATHER EVO 91H Liczba opon w ofercie Komplet 4 szt.\"\/ style=\"max-width: 100%; height: auto; display: block; margin: 0 auto;\"><\/div>\n<\/div>\n<\/div>\n<\/div>\n<\/div>\n<\/div>\n<div style=\"clear: both; display: block; margin: 10px 0;\">\n<div style=\"clear: both; display: block; margin: 10px 0;\">\n<div style=\"clear: both; display: block; margin: 10px 0;\">\n<div  style=\"max-width:250px;max-height:151px\">\n<div style=\"clear: both; display: block; margin: 10px 0;\">\n<div style=\"clear: both; width: 100%; display: block; margin: 20px 0; padding: 0; float: none; position: static; text-align: center;\"><img decoding=\"async\"  src=\"https:\/\/a.allegroimg.com\/original\/112227\/18cd439d457799512ae0d6e4d35a\/4x-Matador-195-65R15-MP62-ALL-WEATHER-EVO-91H-Marka-Matador\" srcset=\"https:\/\/a.allegroimg.com\/original\/112227\/18cd439d457799512ae0d6e4d35a\/4x-Matador-195-65R15-MP62-ALL-WEATHER-EVO-91H-Marka-Matador 250w,https:\/\/a.allegroimg.com\/original\/112227\/18cd439d457799512ae0d6e4d35a\/4x-Matador-195-65R15-MP62-ALL-WEATHER-EVO-91H-Marka-Matador 250w\" sizes=\"(min-width: 1200px) 560px, (min-width: 992px) 50vw, 100vw\" width=\"250px\" alt=\"4x Matador 195\/65R15 MP62 ALL WEATHER EVO 91H Marka Matador\"\/ style=\"max-width: 100%; height: auto; display: block; margin: 0 auto;\"><\/div>\n<\/div>\n<\/div>\n<\/div>\n<\/div>\n<div style=\"clear: both; display: block; margin: 10px 0;\">\n<div style=\"clear: both; display: block; margin: 10px 0;\">\n<h3 style=\"color: #2c5aa0; font-size: 18px; margin: 30px 0 15px 0; font-weight: bold; clear: both; display: block; width: 100%; float: none; position: static;\">DOSKONA\u0141A W KA\u017bDYCH WARUNKACH.<\/h3>\n<p style=\"margin: 15px 0; line-height: 1.8; clear: both; display: block; width: 100%; float: none; position: static;\">Dzi\u0119ki sztywno\u015bci bie\u017cnika na zakr\u0119tach opona zapewnia lepsze przenoszenie si\u0142 na drog\u0119. To poprawia prowadzenie na suchej nawierzchni.<\/p>\n<\/div>\n<\/div>\n<\/div>\n<div style=\"clear: both; display: block; margin: 10px 0;\">\n<div style=\"clear: both; display: block; margin: 10px 0;\">\n<div style=\"clear: both; display: block; margin: 10px 0;\">\n<h2>Lepsza trakcja i skuteczno\u015b\u0107 hamowania<\/h2>\n<ul style=\"margin: 15px 0; padding-left: 20px; clear: both; display: block; width: 100%; float: none; position: static;\">\n<li style=\"margin: 5px 0; padding: 2px 0; clear: both; display: list-item; float: none; position: static;\">Udoskonalony wz\u00f3r bie\u017cnika i lamele zapewniaj\u0105 lepsz\u0105 trakcj\u0119. Efektem jest poprawa skuteczno\u015bci hamowania i trakcji na za\u015bnie\u017conej nawierzchni.<\/li>\n<\/ul>\n<p style=\"margin: 15px 0; line-height: 1.8; clear: both; display: block; width: 100%; float: none; position: static;\">\u00a0<\/p>\n<\/div>\n<\/div>\n<div style=\"clear: both; display: block; margin: 10px 0;\">\n<div style=\"clear: both; display: block; margin: 10px 0;\">\n<div  style=\"max-width:250px;max-height:151px\">\n<div style=\"clear: both; display: block; margin: 10px 0;\">\n<div style=\"clear: both; width: 100%; display: block; margin: 20px 0; padding: 0; float: none; position: static; text-align: center;\"><img decoding=\"async\"  src=\"https:\/\/a.allegroimg.com\/original\/111cdb\/a8da67024b578f5b3e85b602affb\/4x-Matador-195-65R15-MP62-ALL-WEATHER-EVO-91H-Szerokosc-opony-195-mm\" srcset=\"https:\/\/a.allegroimg.com\/original\/111cdb\/a8da67024b578f5b3e85b602affb\/4x-Matador-195-65R15-MP62-ALL-WEATHER-EVO-91H-Szerokosc-opony-195-mm 250w,https:\/\/a.allegroimg.com\/original\/111cdb\/a8da67024b578f5b3e85b602affb\/4x-Matador-195-65R15-MP62-ALL-WEATHER-EVO-91H-Szerokosc-opony-195-mm 250w\" sizes=\"(min-width: 1200px) 560px, (min-width: 992px) 50vw, 100vw\" width=\"250px\" alt=\"4x Matador 195\/65R15 MP62 ALL WEATHER EVO 91H Szeroko\u015b\u0107 opony 195 mm\"\/ style=\"max-width: 100%; height: auto; display: block; margin: 0 auto;\"><\/div>\n<\/div>\n<\/div>\n<\/div>\n<\/div>\n<\/div>\n<div style=\"clear: both; display: block; margin: 10px 0;\">\n<div style=\"clear: both; display: block; margin: 10px 0;\">\n<div style=\"clear: both; display: block; margin: 10px 0;\">\n<div  style=\"max-width:250px;max-height:151px\">\n<div style=\"clear: both; display: block; margin: 10px 0;\">\n<div style=\"clear: both; width: 100%; display: block; margin: 20px 0; padding: 0; float: none; position: static; text-align: center;\"><img decoding=\"async\"  src=\"https:\/\/a.allegroimg.com\/original\/111415\/c1c073b544d192b127e95a598a70\/4x-Matador-195-65R15-MP62-ALL-WEATHER-EVO-91H-Profil-opony-65\" srcset=\"https:\/\/a.allegroimg.com\/original\/111415\/c1c073b544d192b127e95a598a70\/4x-Matador-195-65R15-MP62-ALL-WEATHER-EVO-91H-Profil-opony-65 250w,https:\/\/a.allegroimg.com\/original\/111415\/c1c073b544d192b127e95a598a70\/4x-Matador-195-65R15-MP62-ALL-WEATHER-EVO-91H-Profil-opony-65 250w\" sizes=\"(min-width: 1200px) 560px, (min-width: 992px) 50vw, 100vw\" width=\"250px\" alt=\"4x Matador 195\/65R15 MP62 ALL WEATHER EVO 91H Profil opony 65\"\/ style=\"max-width: 100%; height: auto; display: block; margin: 0 auto;\"><\/div>\n<\/div>\n<\/div>\n<\/div>\n<\/div>\n<div style=\"clear: both; display: block; margin: 10px 0;\">\n<div style=\"clear: both; display: block; margin: 10px 0;\">\n<h2>Ograniczone ryzyko aquaplaningu<\/h2>\n<ul style=\"margin: 15px 0; padding-left: 20px; clear: both; display: block; width: 100%; float: none; position: static;\">\n<li style=\"margin: 5px 0; padding: 2px 0; clear: both; display: list-item; float: none; position: static;\">Lepsze odprowadzanie wody ogranicza ryzyko aquaplaningu.<\/li>\n<\/ul>\n<p style=\"margin: 15px 0; line-height: 1.8; clear: both; display: block; width: 100%; float: none; position: static;\">\u00a0<\/p>\n<\/div>\n<\/div>\n<\/div>\n<\/div>\n<\/div>\n<\/div>\n<div style=\"clear: both; display: block; margin: 10px 0;\">\n","protected":false},"excerpt":{"rendered":"<p>Opona ca\u0142oroczna Matador MP62 ALL WEATHER EVO 195\/65R15 91H XL<\/p>\n<p>Grupa koncernu Continental<\/p>\n<p>MP62 All Weather EVO<\/p>\n<p>Gotowa na ka\u017cde warunki pogodowe.<\/p>\n<p>Zwi\u0119kszona stabilno\u015b\u0107 jazdy przy ka\u017cdej pogodzie.<\/p>\n<p>Lepsza skuteczno\u015b\u0107 hamowania i trakcji.<\/p>\n<p>Zmniejszone ryzyko aquaplaningu.<\/p>\n<p>7 lat Gwarancji!<\/p>\n","protected":false},"featured_media":9285,"template":"","meta":{"_uag_custom_page_level_css":""},"product_brand":[373],"product_cat":[416,414,413,412],"product_tag":[],"class_list":{"0":"post-9284","1":"product","2":"type-product","3":"status-publish","4":"has-post-thumbnail","6":"product_brand-matador","7":"product_cat-caloroczne","8":"product_cat-do-samochodow-osobowych-i-suv","9":"product_cat-opony","10":"product_cat-opony-i-felgi","12":"first","13":"instock","14":"sale","15":"shipping-taxable","16":"purchasable","17":"product-type-simple"},"uagb_featured_image_src":{"full":["https:\/\/oponixo.shop\/tire\/wp-content\/uploads\/2025\/12\/allegro-image-9284.jpg",500,500,false],"thumbnail":["https:\/\/oponixo.shop\/tire\/wp-content\/uploads\/2025\/12\/allegro-image-9284-150x150.jpg",150,150,true],"medium":["https:\/\/oponixo.shop\/tire\/wp-content\/uploads\/2025\/12\/allegro-image-9284-300x300.jpg",300,300,true],"medium_large":["https:\/\/oponixo.shop\/tire\/wp-content\/uploads\/2025\/12\/allegro-image-9284.jpg",500,500,false],"large":["https:\/\/oponixo.shop\/tire\/wp-content\/uploads\/2025\/12\/allegro-image-9284.jpg",500,500,false],"1536x1536":["https:\/\/oponixo.shop\/tire\/wp-content\/uploads\/2025\/12\/allegro-image-9284.jpg",500,500,false],"2048x2048":["https:\/\/oponixo.shop\/tire\/wp-content\/uploads\/2025\/12\/allegro-image-9284.jpg",500,500,false],"woocommerce_thumbnail":["https:\/\/oponixo.shop\/tire\/wp-content\/uploads\/2025\/12\/allegro-image-9284-300x300.jpg",300,300,true],"woocommerce_single":["https:\/\/oponixo.shop\/tire\/wp-content\/uploads\/2025\/12\/allegro-image-9284.jpg",500,500,false],"woocommerce_gallery_thumbnail":["https:\/\/oponixo.shop\/tire\/wp-content\/uploads\/2025\/12\/allegro-image-9284-100x100.jpg",100,100,true]},"uagb_author_info":{"display_name":"admin","author_link":"https:\/\/oponixo.shop\/tire\/author\/"},"uagb_comment_info":0,"uagb_excerpt":"Opona ca\u0142oroczna Matador MP62 ALL WEATHER EVO 195\/65R15 91H XL Grupa koncernu Continental MP62 All Weather EVO Gotowa na ka\u017cde warunki pogodowe. Zwi\u0119kszona stabilno\u015b\u0107 jazdy przy ka\u017cdej pogodzie. Lepsza skuteczno\u015b\u0107 hamowania i trakcji. Zmniejszone ryzyko aquaplaningu. 7 lat Gwarancji!","_links":{"self":[{"href":"https:\/\/oponixo.shop\/tire\/wp-json\/wp\/v2\/product\/9284","targetHints":{"allow":["GET"]}}],"collection":[{"href":"https:\/\/oponixo.shop\/tire\/wp-json\/wp\/v2\/product"}],"about":[{"href":"https:\/\/oponixo.shop\/tire\/wp-json\/wp\/v2\/types\/product"}],"wp:featuredmedia":[{"embeddable":true,"href":"https:\/\/oponixo.shop\/tire\/wp-json\/wp\/v2\/media\/9285"}],"wp:attachment":[{"href":"https:\/\/oponixo.shop\/tire\/wp-json\/wp\/v2\/media?parent=9284"}],"wp:term":[{"taxonomy":"product_brand","embeddable":true,"href":"https:\/\/oponixo.shop\/tire\/wp-json\/wp\/v2\/product_brand?post=9284"},{"taxonomy":"product_cat","embeddable":true,"href":"https:\/\/oponixo.shop\/tire\/wp-json\/wp\/v2\/product_cat?post=9284"},{"taxonomy":"product_tag","embeddable":true,"href":"https:\/\/oponixo.shop\/tire\/wp-json\/wp\/v2\/product_tag?post=9284"}],"curies":[{"name":"wp","href":"https:\/\/api.w.org\/{rel}","templated":true}]}}