{"id":9268,"date":"2025-12-24T01:56:27","date_gmt":"2025-12-24T01:56:27","guid":{"rendered":"https:\/\/oponyexpert.shop\/xef5\/produkt\/2-opona-zimowa-195-65r15-91t-debica-frigo-2\/"},"modified":"2025-12-24T01:56:28","modified_gmt":"2025-12-24T01:56:28","slug":"2-opona-zimowa-195-65r15-91t-debica-frigo-2","status":"publish","type":"product","link":"https:\/\/oponexa.shop\/tire\/produkt\/2-opona-zimowa-195-65r15-91t-debica-frigo-2\/","title":{"rendered":"2 OPONA ZIMOWA 195\/65R15 91T D\u0118BICA FRIGO 2"},"content":{"rendered":"<div style=\"font-family: Arial, sans-serif; line-height: 1.6; color: #333; padding: 20px; clear: both; display: block; width: 100%; float: none; position: static; overflow: hidden;\">\n<div style=\"clear: both; display: block; margin: 10px 0;\">\n<div style=\"clear: both; display: block; margin: 10px 0;\">\n<div style=\"clear: both; display: block; margin: 10px 0;\">\n<p style=\"margin: 15px 0; line-height: 1.8; clear: both; display: block; width: 100%; float: none; position: static;\">2x Opona zimowa D\u0119bica Frigo 2 195\/65R15 91 T<\/p>\n<p style=\"margin: 15px 0; line-height: 1.8; clear: both; display: block; width: 100%; float: none; position: static;\">Cechy produktu:<\/p>\n<ul style=\"margin: 15px 0; padding-left: 20px; clear: both; display: block; width: 100%; float: none; position: static;\">\n<li style=\"margin: 5px 0; padding: 2px 0; clear: both; display: list-item; float: none; position: static;\">sezon: zimowe<\/li>\n<li style=\"margin: 5px 0; padding: 2px 0; clear: both; display: list-item; float: none; position: static;\">szeroko\u015b\u0107\/profil\/\u015brednica: 195\/65R15<\/li>\n<li style=\"margin: 5px 0; padding: 2px 0; clear: both; display: list-item; float: none; position: static;\">indeks no\u015bno\u015bci: 91 &#8211; 615 kg<\/li>\n<li style=\"margin: 5px 0; padding: 2px 0; clear: both; display: list-item; float: none; position: static;\">indeks pr\u0119dko\u015bci: T do 190 km\/h<\/li>\n<li style=\"margin: 5px 0; padding: 2px 0; clear: both; display: list-item; float: none; position: static;\">przyczepno\u015b\u0107 na \u015bniegu (3PMSF)<\/li>\n<\/ul>\n<\/div>\n<\/div>\n<div style=\"clear: both; display: block; margin: 10px 0;\">\n<div style=\"clear: both; display: block; margin: 10px 0;\">\n<div  style=\"max-width:374px;max-height:363px\">\n<div style=\"clear: both; display: block; margin: 10px 0;\">\n<div style=\"clear: both; width: 100%; display: block; margin: 20px 0; padding: 0; float: none; position: static; text-align: center;\"><img decoding=\"async\"  src=\"https:\/\/a.allegroimg.com\/original\/11609f\/1aec7d344bca82667b8664b1d405\/2-OPONA-ZIMOWA-195-65R15-91T-DEBICA-FRIGO-2\" srcset=\"https:\/\/a.allegroimg.com\/original\/11609f\/1aec7d344bca82667b8664b1d405\/2-OPONA-ZIMOWA-195-65R15-91T-DEBICA-FRIGO-2 360w,https:\/\/a.allegroimg.com\/original\/11609f\/1aec7d344bca82667b8664b1d405\/2-OPONA-ZIMOWA-195-65R15-91T-DEBICA-FRIGO-2 374w,https:\/\/a.allegroimg.com\/original\/11609f\/1aec7d344bca82667b8664b1d405\/2-OPONA-ZIMOWA-195-65R15-91T-DEBICA-FRIGO-2 374w\" sizes=\"(min-width: 1200px) 560px, (min-width: 992px) 50vw, 100vw\" width=\"374px\" alt=\"2 OPONA ZIMOWA 195\/65R15 91T D\u0118BICA FRIGO 2\"\/ style=\"max-width: 100%; height: auto; display: block; margin: 0 auto;\"><\/div>\n<\/div>\n<\/div>\n<\/div>\n<\/div>\n<\/div>\n<div style=\"clear: both; display: block; margin: 10px 0;\">\n<div style=\"clear: both; display: block; margin: 10px 0;\">\n<div style=\"clear: both; display: block; margin: 10px 0;\">\n<p style=\"margin: 15px 0; line-height: 1.8; clear: both; display: block; width: 100%; float: none; position: static;\">D\u0119bica Frigo 2 to opona zimowa przeznaczona do u\u017cytkowania w samochodach osobowych. Jest zaliczana do klasy ekonomicznej \u2013 cechuje si\u0119 bardzo dobrym stosunkiem ceny do jako\u015bci. Zosta\u0142\u0105 wyposa\u017cona zosta\u0142a w kierunkowy bie\u017cnik z szerokimi rowkami, kt\u00f3re odprowadzaj\u0105 wod\u0119 oraz b\u0142oto po\u015bniegowe na zewn\u0105trz opony, redukuj\u0105c mo\u017cliwo\u015b\u0107 wyst\u0105pienia efektu aquaplaningu oraz snowplaningu (utraty przyczepno\u015bci na mokrej oraz za\u015bnie\u017conej nawierzchni).<\/p>\n<p style=\"margin: 15px 0; line-height: 1.8; clear: both; display: block; width: 100%; float: none; position: static;\">Optymalizacja powierzchni styku opony z drog\u0105 gwarantuje doskona\u0142\u0105 przyczepno\u015b\u0107 zar\u00f3wno na zmro\u017conych, jak i pokrytych \u015bwie\u017cym \u015bniegiem nawierzchniach, zapewniaj\u0105c jednocze\u015bnie kr\u00f3tk\u0105 drog\u0119 hamowania.<\/p>\n<p style=\"margin: 15px 0; line-height: 1.8; clear: both; display: block; width: 100%; float: none; position: static;\">Opona wyprodukowana zosta\u0142a ze specjalnej mieszanki gumowej z domieszk\u0105 krzemionki, co zapewnia jej bardzo dobr\u0105 elastyczno\u015b\u0107 w niskich temperaturach.<\/p>\n<p style=\"margin: 15px 0; line-height: 1.8; clear: both; display: block; width: 100%; float: none; position: static;\">Konstrukcja opony umo\u017cliwia osi\u0105ganie d\u0142ugich przebieg\u00f3w, a tak\u017ce r\u00f3wnomierne zu\u017cywanie bie\u017cnika.<\/p>\n<\/div>\n<\/div>\n<\/div>\n<\/div>\n<\/div>\n<\/div>\n<div style=\"clear: both; display: block; margin: 10px 0;\">\n","protected":false},"excerpt":{"rendered":"<p>2x Opona zimowa D\u0119bica Frigo 2 195\/65R15 91 T<\/p>\n<p>Cechy produktu:<\/p>\n<p>sezon: zimowe<\/p>\n<p>szeroko\u015b\u0107\/profil\/\u015brednica: 195\/65R15<\/p>\n<p>indeks no\u015bno\u015bci: 91 &#8211; 615 kg<\/p>\n<p>indeks pr\u0119dko\u015bci: T do 190 km\/h<\/p>\n<p>przyczepno\u015b\u0107 na \u015bniegu (3PMSF)<\/p>\n","protected":false},"featured_media":9269,"template":"","meta":{"_uag_custom_page_level_css":""},"product_brand":[378],"product_cat":[414,413,412,415],"product_tag":[],"class_list":{"0":"post-9268","1":"product","2":"type-product","3":"status-publish","4":"has-post-thumbnail","6":"product_brand-debica","7":"product_cat-do-samochodow-osobowych-i-suv","8":"product_cat-opony","9":"product_cat-opony-i-felgi","10":"product_cat-zimowe","12":"first","13":"instock","14":"sale","15":"shipping-taxable","16":"purchasable","17":"product-type-simple"},"uagb_featured_image_src":{"full":["https:\/\/oponexa.shop\/tire\/wp-content\/uploads\/2025\/12\/allegro-image-9268.jpg",374,363,false],"thumbnail":["https:\/\/oponexa.shop\/tire\/wp-content\/uploads\/2025\/12\/allegro-image-9268-150x150.jpg",150,150,true],"medium":["https:\/\/oponexa.shop\/tire\/wp-content\/uploads\/2025\/12\/allegro-image-9268-300x291.jpg",300,291,true],"medium_large":["https:\/\/oponexa.shop\/tire\/wp-content\/uploads\/2025\/12\/allegro-image-9268.jpg",374,363,false],"large":["https:\/\/oponexa.shop\/tire\/wp-content\/uploads\/2025\/12\/allegro-image-9268.jpg",374,363,false],"1536x1536":["https:\/\/oponexa.shop\/tire\/wp-content\/uploads\/2025\/12\/allegro-image-9268.jpg",374,363,false],"2048x2048":["https:\/\/oponexa.shop\/tire\/wp-content\/uploads\/2025\/12\/allegro-image-9268.jpg",374,363,false],"woocommerce_thumbnail":["https:\/\/oponexa.shop\/tire\/wp-content\/uploads\/2025\/12\/allegro-image-9268-300x300.jpg",300,300,true],"woocommerce_single":["https:\/\/oponexa.shop\/tire\/wp-content\/uploads\/2025\/12\/allegro-image-9268.jpg",374,363,false],"woocommerce_gallery_thumbnail":["https:\/\/oponexa.shop\/tire\/wp-content\/uploads\/2025\/12\/allegro-image-9268-100x100.jpg",100,100,true]},"uagb_author_info":{"display_name":"admin","author_link":"https:\/\/oponexa.shop\/tire\/author\/"},"uagb_comment_info":0,"uagb_excerpt":"2x Opona zimowa D\u0119bica Frigo 2 195\/65R15 91 T Cechy produktu: sezon: zimowe szeroko\u015b\u0107\/profil\/\u015brednica: 195\/65R15 indeks no\u015bno\u015bci: 91 - 615 kg indeks pr\u0119dko\u015bci: T do 190 km\/h przyczepno\u015b\u0107 na \u015bniegu (3PMSF)","_links":{"self":[{"href":"https:\/\/oponexa.shop\/tire\/wp-json\/wp\/v2\/product\/9268","targetHints":{"allow":["GET"]}}],"collection":[{"href":"https:\/\/oponexa.shop\/tire\/wp-json\/wp\/v2\/product"}],"about":[{"href":"https:\/\/oponexa.shop\/tire\/wp-json\/wp\/v2\/types\/product"}],"wp:featuredmedia":[{"embeddable":true,"href":"https:\/\/oponexa.shop\/tire\/wp-json\/wp\/v2\/media\/9269"}],"wp:attachment":[{"href":"https:\/\/oponexa.shop\/tire\/wp-json\/wp\/v2\/media?parent=9268"}],"wp:term":[{"taxonomy":"product_brand","embeddable":true,"href":"https:\/\/oponexa.shop\/tire\/wp-json\/wp\/v2\/product_brand?post=9268"},{"taxonomy":"product_cat","embeddable":true,"href":"https:\/\/oponexa.shop\/tire\/wp-json\/wp\/v2\/product_cat?post=9268"},{"taxonomy":"product_tag","embeddable":true,"href":"https:\/\/oponexa.shop\/tire\/wp-json\/wp\/v2\/product_tag?post=9268"}],"curies":[{"name":"wp","href":"https:\/\/api.w.org\/{rel}","templated":true}]}}