{"id":9257,"date":"2025-12-24T01:55:24","date_gmt":"2025-12-24T01:55:24","guid":{"rendered":"https:\/\/oponyexpert.shop\/xef5\/produkt\/2x-205-50r17-goodride-z507-93v-xl-nowe-zimowe-rok-2025\/"},"modified":"2025-12-24T01:55:25","modified_gmt":"2025-12-24T01:55:25","slug":"2x-205-50r17-goodride-z507-93v-xl-nowe-zimowe-rok-2025","status":"publish","type":"product","link":"https:\/\/oponexa.shop\/tire\/produkt\/2x-205-50r17-goodride-z507-93v-xl-nowe-zimowe-rok-2025\/","title":{"rendered":"2x 205\/50R17 GOODRIDE Z507 93V XL nowe zimowe ROK 2025"},"content":{"rendered":"<div style=\"font-family: Arial, sans-serif; line-height: 1.6; color: #333; padding: 20px; clear: both; display: block; width: 100%; float: none; position: static; overflow: hidden;\">\n<div style=\"clear: both; display: block; margin: 10px 0;\">\n<div style=\"clear: both; display: block; margin: 10px 0;\">\n<div style=\"clear: both; display: block; margin: 10px 0;\">\n<div  style=\"max-width:1440px;max-height:262px\">\n<div style=\"clear: both; display: block; margin: 10px 0;\">\n<div style=\"clear: both; width: 100%; display: block; margin: 20px 0; padding: 0; float: none; position: static; text-align: center;\"><img decoding=\"async\"  src=\"https:\/\/a.allegroimg.com\/original\/115613\/a0d0e4724f0a91e91a9e6eba1d08\/2x-205-50R17-GOODRIDE-Z507-93V-XL-nowe-zimowe-ROK-2025-Szerokosc-opony-205-mm\" srcset=\"https:\/\/a.allegroimg.com\/original\/115613\/a0d0e4724f0a91e91a9e6eba1d08\/2x-205-50R17-GOODRIDE-Z507-93V-XL-nowe-zimowe-ROK-2025-Szerokosc-opony-205-mm 360w,https:\/\/a.allegroimg.com\/original\/115613\/a0d0e4724f0a91e91a9e6eba1d08\/2x-205-50R17-GOODRIDE-Z507-93V-XL-nowe-zimowe-ROK-2025-Szerokosc-opony-205-mm 720w,https:\/\/a.allegroimg.com\/original\/115613\/a0d0e4724f0a91e91a9e6eba1d08\/2x-205-50R17-GOODRIDE-Z507-93V-XL-nowe-zimowe-ROK-2025-Szerokosc-opony-205-mm 1024w,https:\/\/a.allegroimg.com\/original\/115613\/a0d0e4724f0a91e91a9e6eba1d08\/2x-205-50R17-GOODRIDE-Z507-93V-XL-nowe-zimowe-ROK-2025-Szerokosc-opony-205-mm 1440w,https:\/\/a.allegroimg.com\/original\/115613\/a0d0e4724f0a91e91a9e6eba1d08\/2x-205-50R17-GOODRIDE-Z507-93V-XL-nowe-zimowe-ROK-2025-Szerokosc-opony-205-mm 1440w\" sizes=\"100vw\" width=\"1440px\" alt=\"2x 205\/50R17 GOODRIDE Z507 93V XL nowe zimowe ROK 2025 Szeroko\u015b\u0107 opony 205 mm\"\/ style=\"max-width: 100%; height: auto; display: block; margin: 0 auto;\"><\/div>\n<\/div>\n<\/div>\n<\/div>\n<\/div>\n<\/div>\n<div style=\"clear: both; display: block; margin: 10px 0;\">\n<div style=\"clear: both; display: block; margin: 10px 0;\">\n<div style=\"clear: both; display: block; margin: 10px 0;\">\n<h2>Przedmiot aukcji: 2 sztuki fabrycznie nowych opon<\/h2>\n<p style=\"margin: 15px 0; line-height: 1.8; clear: both; display: block; width: 100%; float: none; position: static;\">Rozmiar: <b>205\/50R17<\/b><\/p>\n<p style=\"margin: 15px 0; line-height: 1.8; clear: both; display: block; width: 100%; float: none; position: static;\">Indeksy pr\u0119dko\u015bci i no\u015bno\u015bci:<b> 93V<\/b> <b>(do 240km\/h)<\/b><\/p>\n<p style=\"margin: 15px 0; line-height: 1.8; clear: both; display: block; width: 100%; float: none; position: static;\">Marka:&nbsp;<b>Goodride<\/b><\/p>\n<p style=\"margin: 15px 0; line-height: 1.8; clear: both; display: block; width: 100%; float: none; position: static;\">Rok produkcji: <b>2025<\/b><\/p>\n<p style=\"margin: 15px 0; line-height: 1.8; clear: both; display: block; width: 100%; float: none; position: static;\">Sezon:&nbsp;<b>opony zimowe z homologacj\u0105 3PMFS<\/b><\/p>\n<p style=\"margin: 15px 0; line-height: 1.8; clear: both; display: block; width: 100%; float: none; position: static;\">Segment:&nbsp;<b>klasa ekonomiczna<\/b><\/p>\n<h1>Nowoczesna, asymetryczna, atrakcyjna wizualnie rze\u017aba bie\u017cnika.<\/h1>\n<p style=\"margin: 15px 0; line-height: 1.8; clear: both; display: block; width: 100%; float: none; position: static;\">zalety:<\/p>\n<p style=\"margin: 15px 0; line-height: 1.8; clear: both; display: block; width: 100%; float: none; position: static;\">Bardzo dobre odprowadzanie wody i b\u0142ota po\u015bniegowego z czo\u0142a opony<\/p>\n<p style=\"margin: 15px 0; line-height: 1.8; clear: both; display: block; width: 100%; float: none; position: static;\">R\u00f3wnomierny rozk\u0142ad obci\u0105\u017ce\u0144<\/p>\n<p style=\"margin: 15px 0; line-height: 1.8; clear: both; display: block; width: 100%; float: none; position: static;\">Niski op\u00f3r toczenia<\/p>\n<p style=\"margin: 15px 0; line-height: 1.8; clear: both; display: block; width: 100%; float: none; position: static;\">Bardzo dobra kierowalno\u015b\u0107<\/p>\n<\/div>\n<\/div>\n<div style=\"clear: both; display: block; margin: 10px 0;\">\n<div style=\"clear: both; display: block; margin: 10px 0;\">\n<div  style=\"max-width:1809px;max-height:2560px\">\n<div style=\"clear: both; display: block; margin: 10px 0;\">\n<div style=\"clear: both; width: 100%; display: block; margin: 20px 0; padding: 0; float: none; position: static; text-align: center;\"><img decoding=\"async\"  src=\"https:\/\/a.allegroimg.com\/original\/11ed47\/cfb7b08c4b219b7c380defcae150\/2x-205-50R17-GOODRIDE-Z507-93V-XL-nowe-zimowe-ROK-2025-Kod-producenta-03010434001I1E840201\" srcset=\"https:\/\/a.allegroimg.com\/original\/11ed47\/cfb7b08c4b219b7c380defcae150\/2x-205-50R17-GOODRIDE-Z507-93V-XL-nowe-zimowe-ROK-2025-Kod-producenta-03010434001I1E840201 254w,https:\/\/a.allegroimg.com\/original\/11ed47\/cfb7b08c4b219b7c380defcae150\/2x-205-50R17-GOODRIDE-Z507-93V-XL-nowe-zimowe-ROK-2025-Kod-producenta-03010434001I1E840201 508w,https:\/\/a.allegroimg.com\/original\/11ed47\/cfb7b08c4b219b7c380defcae150\/2x-205-50R17-GOODRIDE-Z507-93V-XL-nowe-zimowe-ROK-2025-Kod-producenta-03010434001I1E840201 723w,https:\/\/a.allegroimg.com\/original\/11ed47\/cfb7b08c4b219b7c380defcae150\/2x-205-50R17-GOODRIDE-Z507-93V-XL-nowe-zimowe-ROK-2025-Kod-producenta-03010434001I1E840201 1017w,https:\/\/a.allegroimg.com\/original\/11ed47\/cfb7b08c4b219b7c380defcae150\/2x-205-50R17-GOODRIDE-Z507-93V-XL-nowe-zimowe-ROK-2025-Kod-producenta-03010434001I1E840201 1809w\" sizes=\"(min-width: 1200px) 560px, (min-width: 992px) 50vw, 100vw\" width=\"1809px\" alt=\"2x 205\/50R17 GOODRIDE Z507 93V XL nowe zimowe ROK 2025 Kod producenta 03010434001I1E840201\"\/ style=\"max-width: 100%; height: auto; display: block; margin: 0 auto;\"><\/div>\n<\/div>\n<\/div>\n<\/div>\n<\/div>\n<\/div>\n<div style=\"clear: both; display: block; margin: 10px 0;\">\n<div style=\"clear: both; display: block; margin: 10px 0;\">\n<div style=\"clear: both; display: block; margin: 10px 0;\">\n<div  style=\"max-width:2232px;max-height:602px\">\n<div style=\"clear: both; display: block; margin: 10px 0;\">\n<div style=\"clear: both; width: 100%; display: block; margin: 20px 0; padding: 0; float: none; position: static; text-align: center;\"><img decoding=\"async\"  src=\"https:\/\/a.allegroimg.com\/original\/11175e\/4e82de314b0da043778fb9005268\/2x-205-50R17-GOODRIDE-Z507-93V-XL-nowe-zimowe-ROK-2025-Klasa-ekonomiczna\" srcset=\"https:\/\/a.allegroimg.com\/original\/11175e\/4e82de314b0da043778fb9005268\/2x-205-50R17-GOODRIDE-Z507-93V-XL-nowe-zimowe-ROK-2025-Klasa-ekonomiczna 360w,https:\/\/a.allegroimg.com\/original\/11175e\/4e82de314b0da043778fb9005268\/2x-205-50R17-GOODRIDE-Z507-93V-XL-nowe-zimowe-ROK-2025-Klasa-ekonomiczna 720w,https:\/\/a.allegroimg.com\/original\/11175e\/4e82de314b0da043778fb9005268\/2x-205-50R17-GOODRIDE-Z507-93V-XL-nowe-zimowe-ROK-2025-Klasa-ekonomiczna 1024w,https:\/\/a.allegroimg.com\/original\/11175e\/4e82de314b0da043778fb9005268\/2x-205-50R17-GOODRIDE-Z507-93V-XL-nowe-zimowe-ROK-2025-Klasa-ekonomiczna 1440w,https:\/\/a.allegroimg.com\/original\/11175e\/4e82de314b0da043778fb9005268\/2x-205-50R17-GOODRIDE-Z507-93V-XL-nowe-zimowe-ROK-2025-Klasa-ekonomiczna 2232w\" sizes=\"100vw\" width=\"2232px\" alt=\"2x 205\/50R17 GOODRIDE Z507 93V XL nowe zimowe ROK 2025 Klasa ekonomiczna\"\/ style=\"max-width: 100%; height: auto; display: block; margin: 0 auto;\"><\/div>\n<\/div>\n<\/div>\n<\/div>\n<\/div>\n<\/div>\n<div style=\"clear: both; display: block; margin: 10px 0;\">\n<div style=\"clear: both; display: block; margin: 10px 0;\">\n<div style=\"clear: both; display: block; margin: 10px 0;\">\n<div  style=\"max-width:1255px;max-height:2560px\">\n<div style=\"clear: both; display: block; margin: 10px 0;\">\n<div style=\"clear: both; width: 100%; display: block; margin: 20px 0; padding: 0; float: none; position: static; text-align: center;\"><img decoding=\"async\"  src=\"https:\/\/a.allegroimg.com\/original\/11e629\/c9de96c64966a129c9ae717cc563\/2x-205-50R17-GOODRIDE-Z507-93V-XL-nowe-zimowe-ROK-2025-Model-Zuper-Snow-Z-507\" srcset=\"https:\/\/a.allegroimg.com\/original\/11e629\/c9de96c64966a129c9ae717cc563\/2x-205-50R17-GOODRIDE-Z507-93V-XL-nowe-zimowe-ROK-2025-Model-Zuper-Snow-Z-507 176w,https:\/\/a.allegroimg.com\/original\/11e629\/c9de96c64966a129c9ae717cc563\/2x-205-50R17-GOODRIDE-Z507-93V-XL-nowe-zimowe-ROK-2025-Model-Zuper-Snow-Z-507 352w,https:\/\/a.allegroimg.com\/original\/11e629\/c9de96c64966a129c9ae717cc563\/2x-205-50R17-GOODRIDE-Z507-93V-XL-nowe-zimowe-ROK-2025-Model-Zuper-Snow-Z-507 502w,https:\/\/a.allegroimg.com\/original\/11e629\/c9de96c64966a129c9ae717cc563\/2x-205-50R17-GOODRIDE-Z507-93V-XL-nowe-zimowe-ROK-2025-Model-Zuper-Snow-Z-507 705w,https:\/\/a.allegroimg.com\/original\/11e629\/c9de96c64966a129c9ae717cc563\/2x-205-50R17-GOODRIDE-Z507-93V-XL-nowe-zimowe-ROK-2025-Model-Zuper-Snow-Z-507 1255w\" sizes=\"100vw\" width=\"1255px\" alt=\"2x 205\/50R17 GOODRIDE Z507 93V XL nowe zimowe ROK 2025 Model Zuper Snow Z-507\"\/ style=\"max-width: 100%; height: auto; display: block; margin: 0 auto;\"><\/div>\n<\/div>\n<\/div>\n<\/div>\n<\/div>\n<\/div>\n<div style=\"clear: both; display: block; margin: 10px 0;\">\n<div style=\"clear: both; display: block; margin: 10px 0;\">\n<div style=\"clear: both; display: block; margin: 10px 0;\">\n<div  style=\"max-width:2232px;max-height:602px\">\n<div style=\"clear: both; display: block; margin: 10px 0;\">\n<div style=\"clear: both; width: 100%; display: block; margin: 20px 0; padding: 0; float: none; position: static; text-align: center;\"><img decoding=\"async\"  src=\"https:\/\/a.allegroimg.com\/original\/11175e\/4e82de314b0da043778fb9005268\/2x-205-50R17-GOODRIDE-Z507-93V-XL-nowe-zimowe-ROK-2025-Klasa-ekonomiczna\" srcset=\"https:\/\/a.allegroimg.com\/original\/11175e\/4e82de314b0da043778fb9005268\/2x-205-50R17-GOODRIDE-Z507-93V-XL-nowe-zimowe-ROK-2025-Klasa-ekonomiczna 360w,https:\/\/a.allegroimg.com\/original\/11175e\/4e82de314b0da043778fb9005268\/2x-205-50R17-GOODRIDE-Z507-93V-XL-nowe-zimowe-ROK-2025-Klasa-ekonomiczna 720w,https:\/\/a.allegroimg.com\/original\/11175e\/4e82de314b0da043778fb9005268\/2x-205-50R17-GOODRIDE-Z507-93V-XL-nowe-zimowe-ROK-2025-Klasa-ekonomiczna 1024w,https:\/\/a.allegroimg.com\/original\/11175e\/4e82de314b0da043778fb9005268\/2x-205-50R17-GOODRIDE-Z507-93V-XL-nowe-zimowe-ROK-2025-Klasa-ekonomiczna 1440w,https:\/\/a.allegroimg.com\/original\/11175e\/4e82de314b0da043778fb9005268\/2x-205-50R17-GOODRIDE-Z507-93V-XL-nowe-zimowe-ROK-2025-Klasa-ekonomiczna 2232w\" sizes=\"100vw\" width=\"2232px\" alt=\"2x 205\/50R17 GOODRIDE Z507 93V XL nowe zimowe ROK 2025 Klasa ekonomiczna\"\/ style=\"max-width: 100%; height: auto; display: block; margin: 0 auto;\"><\/div>\n<\/div>\n<\/div>\n<\/div>\n<\/div>\n<\/div>\n<div style=\"clear: both; display: block; margin: 10px 0;\">\n<div style=\"clear: both; display: block; margin: 10px 0;\">\n<div style=\"clear: both; display: block; margin: 10px 0;\">\n<div  style=\"max-width:1500px;max-height:2046px\">\n<div style=\"clear: both; display: block; margin: 10px 0;\">\n<div style=\"clear: both; width: 100%; display: block; margin: 20px 0; padding: 0; float: none; position: static; text-align: center;\"><img decoding=\"async\"  src=\"https:\/\/a.allegroimg.com\/original\/118132\/560f86d2441b80b7b1faa75230ef\/2x-205-50R17-GOODRIDE-Z507-93V-XL-nowe-zimowe-ROK-2025-Marka-Goodride\" srcset=\"https:\/\/a.allegroimg.com\/original\/118132\/560f86d2441b80b7b1faa75230ef\/2x-205-50R17-GOODRIDE-Z507-93V-XL-nowe-zimowe-ROK-2025-Marka-Goodride 263w,https:\/\/a.allegroimg.com\/original\/118132\/560f86d2441b80b7b1faa75230ef\/2x-205-50R17-GOODRIDE-Z507-93V-XL-nowe-zimowe-ROK-2025-Marka-Goodride 527w,https:\/\/a.allegroimg.com\/original\/118132\/560f86d2441b80b7b1faa75230ef\/2x-205-50R17-GOODRIDE-Z507-93V-XL-nowe-zimowe-ROK-2025-Marka-Goodride 750w,https:\/\/a.allegroimg.com\/original\/118132\/560f86d2441b80b7b1faa75230ef\/2x-205-50R17-GOODRIDE-Z507-93V-XL-nowe-zimowe-ROK-2025-Marka-Goodride 1055w,https:\/\/a.allegroimg.com\/original\/118132\/560f86d2441b80b7b1faa75230ef\/2x-205-50R17-GOODRIDE-Z507-93V-XL-nowe-zimowe-ROK-2025-Marka-Goodride 1500w\" sizes=\"100vw\" width=\"1500px\" alt=\"2x 205\/50R17 GOODRIDE Z507 93V XL nowe zimowe ROK 2025 Marka Goodride\"\/ style=\"max-width: 100%; height: auto; display: block; margin: 0 auto;\"><\/div>\n<\/div>\n<\/div>\n<\/div>\n<\/div>\n<\/div>\n<div style=\"clear: both; display: block; margin: 10px 0;\">\n<div style=\"clear: both; display: block; margin: 10px 0;\">\n<div style=\"clear: both; display: block; margin: 10px 0;\">\n<div  style=\"max-width:1440px;max-height:262px\">\n<div style=\"clear: both; display: block; margin: 10px 0;\">\n<div style=\"clear: both; width: 100%; display: block; margin: 20px 0; padding: 0; float: none; position: static; text-align: center;\"><img decoding=\"async\"  src=\"https:\/\/a.allegroimg.com\/original\/115613\/a0d0e4724f0a91e91a9e6eba1d08\/2x-205-50R17-GOODRIDE-Z507-93V-XL-nowe-zimowe-ROK-2025-Szerokosc-opony-205-mm\" srcset=\"https:\/\/a.allegroimg.com\/original\/115613\/a0d0e4724f0a91e91a9e6eba1d08\/2x-205-50R17-GOODRIDE-Z507-93V-XL-nowe-zimowe-ROK-2025-Szerokosc-opony-205-mm 360w,https:\/\/a.allegroimg.com\/original\/115613\/a0d0e4724f0a91e91a9e6eba1d08\/2x-205-50R17-GOODRIDE-Z507-93V-XL-nowe-zimowe-ROK-2025-Szerokosc-opony-205-mm 720w,https:\/\/a.allegroimg.com\/original\/115613\/a0d0e4724f0a91e91a9e6eba1d08\/2x-205-50R17-GOODRIDE-Z507-93V-XL-nowe-zimowe-ROK-2025-Szerokosc-opony-205-mm 1024w,https:\/\/a.allegroimg.com\/original\/115613\/a0d0e4724f0a91e91a9e6eba1d08\/2x-205-50R17-GOODRIDE-Z507-93V-XL-nowe-zimowe-ROK-2025-Szerokosc-opony-205-mm 1440w,https:\/\/a.allegroimg.com\/original\/115613\/a0d0e4724f0a91e91a9e6eba1d08\/2x-205-50R17-GOODRIDE-Z507-93V-XL-nowe-zimowe-ROK-2025-Szerokosc-opony-205-mm 1440w\" sizes=\"100vw\" width=\"1440px\" alt=\"2x 205\/50R17 GOODRIDE Z507 93V XL nowe zimowe ROK 2025 Szeroko\u015b\u0107 opony 205 mm\"\/ style=\"max-width: 100%; height: auto; display: block; margin: 0 auto;\"><\/div>\n<\/div>\n<\/div>\n<\/div>\n<\/div>\n<\/div>\n<div style=\"clear: both; display: block; margin: 10px 0;\">\n<div style=\"clear: both; display: block; margin: 10px 0;\">\n<div style=\"clear: both; display: block; margin: 10px 0;\">\n<p style=\"margin: 15px 0; line-height: 1.8; clear: both; display: block; width: 100%; float: none; position: static;\">Opony zimowe z gwarancj\u0105 producenta Goodride.<\/p>\n<\/div>\n<\/div>\n<div style=\"clear: both; display: block; margin: 10px 0;\">\n<div style=\"clear: both; display: block; margin: 10px 0;\">\n<div  style=\"max-width:415px;max-height:512px\">\n<div style=\"clear: both; display: block; margin: 10px 0;\">\n<div style=\"clear: both; width: 100%; display: block; margin: 20px 0; padding: 0; float: none; position: static; text-align: center;\"><img decoding=\"async\"  src=\"https:\/\/a.allegroimg.com\/original\/11b75c\/777f99514bb59dddad10c8dd98f6\/2x-205-50R17-GOODRIDE-Z507-93V-XL-nowe-zimowe-ROK-2025-Profil-opony-50\" srcset=\"https:\/\/a.allegroimg.com\/original\/11b75c\/777f99514bb59dddad10c8dd98f6\/2x-205-50R17-GOODRIDE-Z507-93V-XL-nowe-zimowe-ROK-2025-Profil-opony-50 291w,https:\/\/a.allegroimg.com\/original\/11b75c\/777f99514bb59dddad10c8dd98f6\/2x-205-50R17-GOODRIDE-Z507-93V-XL-nowe-zimowe-ROK-2025-Profil-opony-50 415w,https:\/\/a.allegroimg.com\/original\/11b75c\/777f99514bb59dddad10c8dd98f6\/2x-205-50R17-GOODRIDE-Z507-93V-XL-nowe-zimowe-ROK-2025-Profil-opony-50 415w\" sizes=\"(min-width: 1200px) 560px, (min-width: 992px) 50vw, 100vw\" width=\"415px\" alt=\"2x 205\/50R17 GOODRIDE Z507 93V XL nowe zimowe ROK 2025 Profil opony 50\"\/ style=\"max-width: 100%; height: auto; display: block; margin: 0 auto;\"><\/div>\n<\/div>\n<\/div>\n<\/div>\n<\/div>\n<\/div>\n<div style=\"clear: both; display: block; margin: 10px 0;\">\n<div style=\"clear: both; display: block; margin: 10px 0;\">\n<div style=\"clear: both; display: block; margin: 10px 0;\">\n<p style=\"margin: 15px 0; line-height: 1.8; clear: both; display: block; width: 100%; float: none; position: static;\">[6938112614010GD][6938112614010GD]<\/p>\n<\/div>\n<\/div>\n<\/div>\n<\/div>\n<\/div>\n<\/div>\n<div style=\"clear: both; display: block; margin: 10px 0;\">\n","protected":false},"excerpt":{"rendered":"<p>Przedmiot aukcji: 2 sztuki fabrycznie nowych opon<\/p>\n<p>Rozmiar: 205\/50R17<\/p>\n<p>Indeksy pr\u0119dko\u015bci i no\u015bno\u015bci: 93V (do 240km\/h)<\/p>\n<p>Marka:&nbsp;Goodride<\/p>\n<p>Rok produkcji: 2025<\/p>\n<p>Sezon:&nbsp;opony zimowe z homologacj\u0105 3PMFS<\/p>\n<p>Segment:&nbsp;klasa ekonomiczna<\/p>\n<p>Nowoczesna, asymetryczna, atrakcyjna wizualnie rze\u017aba bie\u017cnika.<\/p>\n","protected":false},"featured_media":9258,"template":"","meta":{"_uag_custom_page_level_css":""},"product_brand":[379],"product_cat":[414,413,412,415],"product_tag":[],"class_list":{"0":"post-9257","1":"product","2":"type-product","3":"status-publish","4":"has-post-thumbnail","6":"product_brand-goodride","7":"product_cat-do-samochodow-osobowych-i-suv","8":"product_cat-opony","9":"product_cat-opony-i-felgi","10":"product_cat-zimowe","12":"first","13":"instock","14":"sale","15":"shipping-taxable","16":"purchasable","17":"product-type-simple"},"uagb_featured_image_src":{"full":["https:\/\/oponexa.shop\/tire\/wp-content\/uploads\/2025\/12\/allegro-image-9257.jpg",2000,2000,false],"thumbnail":["https:\/\/oponexa.shop\/tire\/wp-content\/uploads\/2025\/12\/allegro-image-9257-150x150.jpg",150,150,true],"medium":["https:\/\/oponexa.shop\/tire\/wp-content\/uploads\/2025\/12\/allegro-image-9257-300x300.jpg",300,300,true],"medium_large":["https:\/\/oponexa.shop\/tire\/wp-content\/uploads\/2025\/12\/allegro-image-9257-768x768.jpg",768,768,true],"large":["https:\/\/oponexa.shop\/tire\/wp-content\/uploads\/2025\/12\/allegro-image-9257-1024x1024.jpg",1024,1024,true],"1536x1536":["https:\/\/oponexa.shop\/tire\/wp-content\/uploads\/2025\/12\/allegro-image-9257-1536x1536.jpg",1536,1536,true],"2048x2048":["https:\/\/oponexa.shop\/tire\/wp-content\/uploads\/2025\/12\/allegro-image-9257.jpg",2000,2000,false],"woocommerce_thumbnail":["https:\/\/oponexa.shop\/tire\/wp-content\/uploads\/2025\/12\/allegro-image-9257-300x300.jpg",300,300,true],"woocommerce_single":["https:\/\/oponexa.shop\/tire\/wp-content\/uploads\/2025\/12\/allegro-image-9257-600x600.jpg",600,600,true],"woocommerce_gallery_thumbnail":["https:\/\/oponexa.shop\/tire\/wp-content\/uploads\/2025\/12\/allegro-image-9257-100x100.jpg",100,100,true]},"uagb_author_info":{"display_name":"admin","author_link":"https:\/\/oponexa.shop\/tire\/author\/"},"uagb_comment_info":0,"uagb_excerpt":"Przedmiot aukcji: 2 sztuki fabrycznie nowych opon Rozmiar: 205\/50R17 Indeksy pr\u0119dko\u015bci i no\u015bno\u015bci: 93V (do 240km\/h) Marka:&nbsp;Goodride Rok produkcji: 2025 Sezon:&nbsp;opony zimowe z homologacj\u0105 3PMFS Segment:&nbsp;klasa ekonomiczna Nowoczesna, asymetryczna, atrakcyjna wizualnie rze\u017aba bie\u017cnika.","_links":{"self":[{"href":"https:\/\/oponexa.shop\/tire\/wp-json\/wp\/v2\/product\/9257","targetHints":{"allow":["GET"]}}],"collection":[{"href":"https:\/\/oponexa.shop\/tire\/wp-json\/wp\/v2\/product"}],"about":[{"href":"https:\/\/oponexa.shop\/tire\/wp-json\/wp\/v2\/types\/product"}],"wp:featuredmedia":[{"embeddable":true,"href":"https:\/\/oponexa.shop\/tire\/wp-json\/wp\/v2\/media\/9258"}],"wp:attachment":[{"href":"https:\/\/oponexa.shop\/tire\/wp-json\/wp\/v2\/media?parent=9257"}],"wp:term":[{"taxonomy":"product_brand","embeddable":true,"href":"https:\/\/oponexa.shop\/tire\/wp-json\/wp\/v2\/product_brand?post=9257"},{"taxonomy":"product_cat","embeddable":true,"href":"https:\/\/oponexa.shop\/tire\/wp-json\/wp\/v2\/product_cat?post=9257"},{"taxonomy":"product_tag","embeddable":true,"href":"https:\/\/oponexa.shop\/tire\/wp-json\/wp\/v2\/product_tag?post=9257"}],"curies":[{"name":"wp","href":"https:\/\/api.w.org\/{rel}","templated":true}]}}