{"id":9195,"date":"2025-12-24T01:55:04","date_gmt":"2025-12-24T01:55:04","guid":{"rendered":"https:\/\/oponyexpert.shop\/xef5\/produkt\/4x-opony-zimowe-215-50r17-debica-frigo-hp2-95v-xl\/"},"modified":"2025-12-24T01:55:05","modified_gmt":"2025-12-24T01:55:05","slug":"4x-opony-zimowe-215-50r17-debica-frigo-hp2-95v-xl","status":"publish","type":"product","link":"https:\/\/oponexa.shop\/tire\/produkt\/4x-opony-zimowe-215-50r17-debica-frigo-hp2-95v-xl\/","title":{"rendered":"4x opony zimowe 215\/50R17 D\u0118BICA FRIGO HP2 95V XL"},"content":{"rendered":"<div style=\"font-family: Arial, sans-serif; line-height: 1.6; color: #333; padding: 20px; clear: both; display: block; width: 100%; float: none; position: static; overflow: hidden;\">\n<div style=\"clear: both; display: block; margin: 10px 0;\">\n<div style=\"clear: both; display: block; margin: 10px 0;\">\n<div style=\"clear: both; display: block; margin: 10px 0;\">\n<h2>Opona zimowa D\u0119bica Frigo HP2 215\/50R17 95 V przyczepno\u015b\u0107 na \u015bniegu (3PMSF), rant ochronny, wzmocnienie (XL)<\/h2>\n<p style=\"margin: 15px 0; line-height: 1.8; clear: both; display: block; width: 100%; float: none; position: static;\">Opona zimowa D\u0119bica Frigo HP2 215\/50R17 95 V<\/p>\n<p style=\"margin: 15px 0; line-height: 1.8; clear: both; display: block; width: 100%; float: none; position: static;\">Cechy produktu:<\/p>\n<ul style=\"margin: 15px 0; padding-left: 20px; clear: both; display: block; width: 100%; float: none; position: static;\">\n<li style=\"margin: 5px 0; padding: 2px 0; clear: both; display: list-item; float: none; position: static;\">sezon: zimowe<\/li>\n<li style=\"margin: 5px 0; padding: 2px 0; clear: both; display: list-item; float: none; position: static;\">szeroko\u015b\u0107\/profil\/\u015brednica: 215\/50R17<\/li>\n<li style=\"margin: 5px 0; padding: 2px 0; clear: both; display: list-item; float: none; position: static;\">indeks pr\u0119dko\u015bci: V do 240 km\/h<\/li>\n<li style=\"margin: 5px 0; padding: 2px 0; clear: both; display: list-item; float: none; position: static;\">indeks no\u015bno\u015bci: 95 &#8211; 690 kg<\/li>\n<li style=\"margin: 5px 0; padding: 2px 0; clear: both; display: list-item; float: none; position: static;\">rant ochronny<\/li>\n<li style=\"margin: 5px 0; padding: 2px 0; clear: both; display: list-item; float: none; position: static;\">wzmocnienie (XL)<\/li>\n<\/ul>\n<\/div>\n<\/div>\n<div style=\"clear: both; display: block; margin: 10px 0;\">\n<div style=\"clear: both; display: block; margin: 10px 0;\">\n<div  style=\"max-width:1695px;max-height:2500px\">\n<div style=\"clear: both; display: block; margin: 10px 0;\">\n<div style=\"clear: both; width: 100%; display: block; margin: 20px 0; padding: 0; float: none; position: static; text-align: center;\"><img decoding=\"async\"  src=\"https:\/\/d.allegroimg.com\/original\/00e275\/4cdd918744b7ab6b19625a2697dd\/4x-opony-zimowe-215-50R17-DEBICA-FRIGO-HP2-95V-XL\" srcset=\"https:\/\/d.allegroimg.com\/original\/00e275\/4cdd918744b7ab6b19625a2697dd\/4x-opony-zimowe-215-50R17-DEBICA-FRIGO-HP2-95V-XL 244w,https:\/\/d.allegroimg.com\/original\/00e275\/4cdd918744b7ab6b19625a2697dd\/4x-opony-zimowe-215-50R17-DEBICA-FRIGO-HP2-95V-XL 488w,https:\/\/d.allegroimg.com\/original\/00e275\/4cdd918744b7ab6b19625a2697dd\/4x-opony-zimowe-215-50R17-DEBICA-FRIGO-HP2-95V-XL 694w,https:\/\/d.allegroimg.com\/original\/00e275\/4cdd918744b7ab6b19625a2697dd\/4x-opony-zimowe-215-50R17-DEBICA-FRIGO-HP2-95V-XL 976w,https:\/\/d.allegroimg.com\/original\/00e275\/4cdd918744b7ab6b19625a2697dd\/4x-opony-zimowe-215-50R17-DEBICA-FRIGO-HP2-95V-XL 1695w\" sizes=\"(min-width: 1200px) 560px, (min-width: 992px) 50vw, 100vw\" width=\"1695px\" alt=\"4x opony zimowe 215\/50R17 D\u0118BICA FRIGO HP2 95V XL\"\/ style=\"max-width: 100%; height: auto; display: block; margin: 0 auto;\"><\/div>\n<\/div>\n<\/div>\n<\/div>\n<\/div>\n<\/div>\n<div style=\"clear: both; display: block; margin: 10px 0;\">\n<div style=\"clear: both; display: block; margin: 10px 0;\">\n<div style=\"clear: both; display: block; margin: 10px 0;\">\n<h3 style=\"color: #2c5aa0; font-size: 18px; margin: 30px 0 15px 0; font-weight: bold; clear: both; display: block; width: 100%; float: none; position: static;\">Informacje dodatkowe:<\/h3>\n<ul style=\"margin: 15px 0; padding-left: 20px; clear: both; display: block; width: 100%; float: none; position: static;\">\n<li style=\"margin: 5px 0; padding: 2px 0; clear: both; display: list-item; float: none; position: static;\">rok produkcji: 2024\/2025 (kupuj\u0105c z tej oferty otrzymasz opony fabrycznie nowe, pe\u0142nowarto\u015bciowe) <\/li>\n<li style=\"margin: 5px 0; padding: 2px 0; clear: both; display: list-item; float: none; position: static;\">stan: fabrycznie nowe <\/li>\n<\/ul>\n<\/div>\n<\/div>\n<\/div>\n<div style=\"clear: both; display: block; margin: 10px 0;\">\n<div style=\"clear: both; display: block; margin: 10px 0;\">\n<div style=\"clear: both; display: block; margin: 10px 0;\">\n<p style=\"margin: 15px 0; line-height: 1.8; clear: both; display: block; width: 100%; float: none; position: static;\">D\u0119bica Frigo HP2 to opona zimowa klasy ekonomicznej gwarantuj\u0105ca pewne zachowanie samochodu podczas jazdy z wysokimi pr\u0119dko\u015bciami, jednocze\u015bnie zapewniaj\u0105c d\u0142ugie przebiegi..<\/p>\n<p style=\"margin: 15px 0; line-height: 1.8; clear: both; display: block; width: 100%; float: none; position: static;\">Opona posiadaj szerokie rowki obwodowe skutecznie odprowadzaj\u0105ce wod\u0119 oraz b\u0142oto sprzed czo\u0142a opony.<\/p>\n<p style=\"margin: 15px 0; line-height: 1.8; clear: both; display: block; width: 100%; float: none; position: static;\">Kierunkowa rze\u017aba bie\u017cnika i mieszanka gumowa na bazie krzemionki wp\u0142ywaj\u0105 na skr\u00f3cenie drogi hamowania na mokrej nawierzchni, a mocna osnowa zapewnia oponie sztywno\u015b\u0107 i wysokie bezpiecze\u0144stwo jazdy.<\/p>\n<p style=\"margin: 15px 0; line-height: 1.8; clear: both; display: block; width: 100%; float: none; position: static;\">R\u00f3wnomierne roz\u0142o\u017cenie nacisku na ca\u0142ej szeroko\u015bci zapewnia wolniejsze zu\u017cycie opony, a samoblokuj\u0105ce si\u0119 lamele wgryzaj\u0105ce si\u0119 w \u015bnieg poprawiaj\u0105 kontrol\u0119 nad pojazdem.<\/p>\n<\/div>\n<\/div>\n<\/div>\n<div style=\"clear: both; display: block; margin: 10px 0;\">\n<div style=\"clear: both; display: block; margin: 10px 0;\">\n<div style=\"clear: both; display: block; margin: 10px 0;\">\n<div  style=\"max-width:1695px;max-height:2500px\">\n<div style=\"clear: both; display: block; margin: 10px 0;\">\n<div style=\"clear: both; width: 100%; display: block; margin: 20px 0; padding: 0; float: none; position: static; text-align: center;\"><img decoding=\"async\"  src=\"https:\/\/d.allegroimg.com\/original\/00e275\/4cdd918744b7ab6b19625a2697dd\/4x-opony-zimowe-215-50R17-DEBICA-FRIGO-HP2-95V-XL\" srcset=\"https:\/\/d.allegroimg.com\/original\/00e275\/4cdd918744b7ab6b19625a2697dd\/4x-opony-zimowe-215-50R17-DEBICA-FRIGO-HP2-95V-XL 244w,https:\/\/d.allegroimg.com\/original\/00e275\/4cdd918744b7ab6b19625a2697dd\/4x-opony-zimowe-215-50R17-DEBICA-FRIGO-HP2-95V-XL 488w,https:\/\/d.allegroimg.com\/original\/00e275\/4cdd918744b7ab6b19625a2697dd\/4x-opony-zimowe-215-50R17-DEBICA-FRIGO-HP2-95V-XL 694w,https:\/\/d.allegroimg.com\/original\/00e275\/4cdd918744b7ab6b19625a2697dd\/4x-opony-zimowe-215-50R17-DEBICA-FRIGO-HP2-95V-XL 976w,https:\/\/d.allegroimg.com\/original\/00e275\/4cdd918744b7ab6b19625a2697dd\/4x-opony-zimowe-215-50R17-DEBICA-FRIGO-HP2-95V-XL 1695w\" sizes=\"100vw\" width=\"1695px\" alt=\"4x opony zimowe 215\/50R17 D\u0118BICA FRIGO HP2 95V XL\"\/ style=\"max-width: 100%; height: auto; display: block; margin: 0 auto;\"><\/div>\n<\/div>\n<\/div>\n<\/div>\n<\/div>\n<\/div>\n<\/div>\n<\/div>\n<\/div>\n<div style=\"clear: both; display: block; margin: 10px 0;\">\n","protected":false},"excerpt":{"rendered":"<p>Opona zimowa D\u0119bica Frigo HP2 215\/50R17 95 V przyczepno\u015b\u0107 na \u015bniegu (3PMSF), rant ochronny, wzmocnienie (XL)<\/p>\n<p>Opona zimowa D\u0119bica Frigo HP2 215\/50R17 95 V<\/p>\n<p>Cechy produktu:<\/p>\n<p>sezon: zimowe<\/p>\n<p>szeroko\u015b\u0107\/profil\/\u015brednica: 215\/50R17<\/p>\n<p>indeks pr\u0119dko\u015bci: V do 240 km\/h<\/p>\n<p>indeks no\u015bno\u015bci: 95 &#8211; 690 kg<\/p>\n<p>rant ochronny<\/p>\n","protected":false},"featured_media":9196,"template":"","meta":{"_uag_custom_page_level_css":""},"product_brand":[378],"product_cat":[414,413,412,415],"product_tag":[],"class_list":{"0":"post-9195","1":"product","2":"type-product","3":"status-publish","4":"has-post-thumbnail","6":"product_brand-debica","7":"product_cat-do-samochodow-osobowych-i-suv","8":"product_cat-opony","9":"product_cat-opony-i-felgi","10":"product_cat-zimowe","12":"first","13":"instock","14":"sale","15":"shipping-taxable","16":"purchasable","17":"product-type-simple"},"uagb_featured_image_src":{"full":["https:\/\/oponexa.shop\/tire\/wp-content\/uploads\/2025\/12\/allegro-image-9195.jpg",1695,2500,false],"thumbnail":["https:\/\/oponexa.shop\/tire\/wp-content\/uploads\/2025\/12\/allegro-image-9195-150x150.jpg",150,150,true],"medium":["https:\/\/oponexa.shop\/tire\/wp-content\/uploads\/2025\/12\/allegro-image-9195-203x300.jpg",203,300,true],"medium_large":["https:\/\/oponexa.shop\/tire\/wp-content\/uploads\/2025\/12\/allegro-image-9195-768x1133.jpg",768,1133,true],"large":["https:\/\/oponexa.shop\/tire\/wp-content\/uploads\/2025\/12\/allegro-image-9195-694x1024.jpg",694,1024,true],"1536x1536":["https:\/\/oponexa.shop\/tire\/wp-content\/uploads\/2025\/12\/allegro-image-9195-1041x1536.jpg",1041,1536,true],"2048x2048":["https:\/\/oponexa.shop\/tire\/wp-content\/uploads\/2025\/12\/allegro-image-9195-1389x2048.jpg",1389,2048,true],"woocommerce_thumbnail":["https:\/\/oponexa.shop\/tire\/wp-content\/uploads\/2025\/12\/allegro-image-9195-300x300.jpg",300,300,true],"woocommerce_single":["https:\/\/oponexa.shop\/tire\/wp-content\/uploads\/2025\/12\/allegro-image-9195-600x885.jpg",600,885,true],"woocommerce_gallery_thumbnail":["https:\/\/oponexa.shop\/tire\/wp-content\/uploads\/2025\/12\/allegro-image-9195-100x100.jpg",100,100,true]},"uagb_author_info":{"display_name":"admin","author_link":"https:\/\/oponexa.shop\/tire\/author\/"},"uagb_comment_info":0,"uagb_excerpt":"Opona zimowa D\u0119bica Frigo HP2 215\/50R17 95 V przyczepno\u015b\u0107 na \u015bniegu (3PMSF), rant ochronny, wzmocnienie (XL) Opona zimowa D\u0119bica Frigo HP2 215\/50R17 95 V Cechy produktu: sezon: zimowe szeroko\u015b\u0107\/profil\/\u015brednica: 215\/50R17 indeks pr\u0119dko\u015bci: V do 240 km\/h indeks no\u015bno\u015bci: 95 - 690 kg rant ochronny","_links":{"self":[{"href":"https:\/\/oponexa.shop\/tire\/wp-json\/wp\/v2\/product\/9195","targetHints":{"allow":["GET"]}}],"collection":[{"href":"https:\/\/oponexa.shop\/tire\/wp-json\/wp\/v2\/product"}],"about":[{"href":"https:\/\/oponexa.shop\/tire\/wp-json\/wp\/v2\/types\/product"}],"wp:featuredmedia":[{"embeddable":true,"href":"https:\/\/oponexa.shop\/tire\/wp-json\/wp\/v2\/media\/9196"}],"wp:attachment":[{"href":"https:\/\/oponexa.shop\/tire\/wp-json\/wp\/v2\/media?parent=9195"}],"wp:term":[{"taxonomy":"product_brand","embeddable":true,"href":"https:\/\/oponexa.shop\/tire\/wp-json\/wp\/v2\/product_brand?post=9195"},{"taxonomy":"product_cat","embeddable":true,"href":"https:\/\/oponexa.shop\/tire\/wp-json\/wp\/v2\/product_cat?post=9195"},{"taxonomy":"product_tag","embeddable":true,"href":"https:\/\/oponexa.shop\/tire\/wp-json\/wp\/v2\/product_tag?post=9195"}],"curies":[{"name":"wp","href":"https:\/\/api.w.org\/{rel}","templated":true}]}}