{"id":9189,"date":"2025-12-24T01:55:02","date_gmt":"2025-12-24T01:55:02","guid":{"rendered":"https:\/\/oponyexpert.shop\/xef5\/produkt\/4x-185-60r14-opony-zimowe-debica-frigo-nowe-2025-komplet-sniegowe-3pms-82t\/"},"modified":"2025-12-24T01:55:02","modified_gmt":"2025-12-24T01:55:02","slug":"4x-185-60r14-opony-zimowe-debica-frigo-nowe-2025-komplet-sniegowe-3pms-82t","status":"publish","type":"product","link":"https:\/\/oponexa.shop\/tire\/produkt\/4x-185-60r14-opony-zimowe-debica-frigo-nowe-2025-komplet-sniegowe-3pms-82t\/","title":{"rendered":"4x 185\/60R14 OPONY ZIMOWE D\u0118BICA FRIGO NOWE 2025 KOMPLET \u015aNIEGOWE 3PMS 82T"},"content":{"rendered":"<div style=\"font-family: Arial, sans-serif; line-height: 1.6; color: #333; padding: 20px; clear: both; display: block; width: 100%; float: none; position: static; overflow: hidden;\">\n<div style=\"clear: both; display: block; margin: 10px 0;\">\n<div style=\"clear: both; display: block; margin: 10px 0;\">\n<div style=\"clear: both; display: block; margin: 10px 0;\">\n<h1>4x 185\/60R14 OPONY ZIMOWE D\u0118BICA FRIGO NOWE 2025 KOMPLET \u015aNIEGOWE 3PMS 82T<\/h1>\n<\/div>\n<\/div>\n<\/div>\n<div style=\"clear: both; display: block; margin: 10px 0;\">\n<div style=\"clear: both; display: block; margin: 10px 0;\">\n<div style=\"clear: both; display: block; margin: 10px 0;\">\n<div  style=\"max-width:900px;max-height:900px\">\n<div style=\"clear: both; display: block; margin: 10px 0;\">\n<div style=\"clear: both; width: 100%; display: block; margin: 20px 0; padding: 0; float: none; position: static; text-align: center;\"><img decoding=\"async\"  src=\"https:\/\/a.allegroimg.com\/original\/110f4e\/1b30e8c342de8bdacaffe26f4948\/4x-185-60R14-OPONY-ZIMOWE-DEBICA-FRIGO-NOWE-2025-KOMPLET-SNIEGOWE-3PMS-82T\" srcset=\"https:\/\/a.allegroimg.com\/original\/110f4e\/1b30e8c342de8bdacaffe26f4948\/4x-185-60R14-OPONY-ZIMOWE-DEBICA-FRIGO-NOWE-2025-KOMPLET-SNIEGOWE-3PMS-82T 360w,https:\/\/a.allegroimg.com\/original\/110f4e\/1b30e8c342de8bdacaffe26f4948\/4x-185-60R14-OPONY-ZIMOWE-DEBICA-FRIGO-NOWE-2025-KOMPLET-SNIEGOWE-3PMS-82T 720w,https:\/\/a.allegroimg.com\/original\/110f4e\/1b30e8c342de8bdacaffe26f4948\/4x-185-60R14-OPONY-ZIMOWE-DEBICA-FRIGO-NOWE-2025-KOMPLET-SNIEGOWE-3PMS-82T 900w,https:\/\/a.allegroimg.com\/original\/110f4e\/1b30e8c342de8bdacaffe26f4948\/4x-185-60R14-OPONY-ZIMOWE-DEBICA-FRIGO-NOWE-2025-KOMPLET-SNIEGOWE-3PMS-82T 900w\" sizes=\"(min-width: 1200px) 560px, (min-width: 992px) 50vw, 100vw\" width=\"900px\" alt=\"4x 185\/60R14 OPONY ZIMOWE D\u0118BICA FRIGO NOWE 2025 KOMPLET \u015aNIEGOWE 3PMS 82T\"\/ style=\"max-width: 100%; height: auto; display: block; margin: 0 auto;\"><\/div>\n<\/div>\n<\/div>\n<\/div>\n<\/div>\n<div style=\"clear: both; display: block; margin: 10px 0;\">\n<div style=\"clear: both; display: block; margin: 10px 0;\">\n<h2>4x 185\/60R14 OPONY ZIMOWE D\u0118BICA FRIGO NOWE 2025 KOMPLET \u015aNIEGOWE 3PMS 82T<\/h2>\n<ul style=\"margin: 15px 0; padding-left: 20px; clear: both; display: block; width: 100%; float: none; position: static;\">\n<li style=\"margin: 5px 0; padding: 2px 0; clear: both; display: list-item; float: none; position: static;\">Producent: <b>D\u0118BICA<\/b><\/li>\n<li style=\"margin: 5px 0; padding: 2px 0; clear: both; display: list-item; float: none; position: static;\">Rozmiar:<b> 185\/60R14<\/b><\/li>\n<li style=\"margin: 5px 0; padding: 2px 0; clear: both; display: list-item; float: none; position: static;\">Indeks pr\u0119dko\u015bci: <b>T<\/b> <b>= max 190 km\/h<\/b><\/li>\n<li style=\"margin: 5px 0; padding: 2px 0; clear: both; display: list-item; float: none; position: static;\">Indeks no\u015bno\u015bci:&nbsp;<b>82<\/b><\/li>\n<li style=\"margin: 5px 0; padding: 2px 0; clear: both; display: list-item; float: none; position: static;\">Wz\u00f3r bie\u017cnika: <b>FRIGO 2N<\/b><\/li>\n<li style=\"margin: 5px 0; padding: 2px 0; clear: both; display: list-item; float: none; position: static;\">Sezon: <b>Zimowy<\/b><\/li>\n<li style=\"margin: 5px 0; padding: 2px 0; clear: both; display: list-item; float: none; position: static;\">Gatunek: <b>Pierwszy<\/b><\/li>\n<li style=\"margin: 5px 0; padding: 2px 0; clear: both; display: list-item; float: none; position: static;\">Data produkcji: <b>2025<\/b><\/li>\n<\/ul>\n<\/div>\n<\/div>\n<\/div>\n<div style=\"clear: both; display: block; margin: 10px 0;\">\n<div style=\"clear: both; display: block; margin: 10px 0;\">\n<div style=\"clear: both; display: block; margin: 10px 0;\">\n<div  style=\"max-width:900px;max-height:900px\">\n<div style=\"clear: both; display: block; margin: 10px 0;\">\n<div style=\"clear: both; width: 100%; display: block; margin: 20px 0; padding: 0; float: none; position: static; text-align: center;\"><img decoding=\"async\"  src=\"https:\/\/a.allegroimg.com\/original\/11096f\/459eecf0498eb06df1ce09453b82\/4x-185-60R14-OPONY-ZIMOWE-DEBICA-FRIGO-NOWE-2025-KOMPLET-SNIEGOWE-3PMS-82T-Liczba-opon-w-ofercie-Komplet-4-szt\" srcset=\"https:\/\/a.allegroimg.com\/original\/11096f\/459eecf0498eb06df1ce09453b82\/4x-185-60R14-OPONY-ZIMOWE-DEBICA-FRIGO-NOWE-2025-KOMPLET-SNIEGOWE-3PMS-82T-Liczba-opon-w-ofercie-Komplet-4-szt 360w,https:\/\/a.allegroimg.com\/original\/11096f\/459eecf0498eb06df1ce09453b82\/4x-185-60R14-OPONY-ZIMOWE-DEBICA-FRIGO-NOWE-2025-KOMPLET-SNIEGOWE-3PMS-82T-Liczba-opon-w-ofercie-Komplet-4-szt 720w,https:\/\/a.allegroimg.com\/original\/11096f\/459eecf0498eb06df1ce09453b82\/4x-185-60R14-OPONY-ZIMOWE-DEBICA-FRIGO-NOWE-2025-KOMPLET-SNIEGOWE-3PMS-82T-Liczba-opon-w-ofercie-Komplet-4-szt 900w,https:\/\/a.allegroimg.com\/original\/11096f\/459eecf0498eb06df1ce09453b82\/4x-185-60R14-OPONY-ZIMOWE-DEBICA-FRIGO-NOWE-2025-KOMPLET-SNIEGOWE-3PMS-82T-Liczba-opon-w-ofercie-Komplet-4-szt 900w\" sizes=\"(min-width: 1200px) 560px, (min-width: 992px) 50vw, 100vw\" width=\"900px\" alt=\"4x 185\/60R14 OPONY ZIMOWE D\u0118BICA FRIGO NOWE 2025 KOMPLET \u015aNIEGOWE 3PMS 82T Liczba opon w ofercie Komplet 4 szt.\"\/ style=\"max-width: 100%; height: auto; display: block; margin: 0 auto;\"><\/div>\n<\/div>\n<\/div>\n<\/div>\n<\/div>\n<div style=\"clear: both; display: block; margin: 10px 0;\">\n<div style=\"clear: both; display: block; margin: 10px 0;\">\n<p style=\"margin: 15px 0; line-height: 1.8; clear: both; display: block; width: 100%; float: none; position: static;\">Opona zimowa <b>D\u0118BICA FRIGO 2N<\/b> dedykowana jest dla samochod\u00f3w miejskich i kompaktowych klasy \u015bredniej.<\/p>\n<p style=\"margin: 15px 0; line-height: 1.8; clear: both; display: block; width: 100%; float: none; position: static;\">Jest to jedna z najbardziej popularnych opon w Polsce.<\/p>\n<p style=\"margin: 15px 0; line-height: 1.8; clear: both; display: block; width: 100%; float: none; position: static;\">Ceniona jest za optymalne osi\u0105gi przy bardzo dobrym stosunku jako\u015bci do ceny.<\/p>\n<p style=\"margin: 15px 0; line-height: 1.8; clear: both; display: block; width: 100%; float: none; position: static;\">Oznaczona symbolem <b>3PMSF<\/b> (p\u0142atek \u015bniegu na tle trzech szczyt\u00f3w g\u00f3r), jako potwierdzenie posiadanych parametr\u00f3w odpowiednich dla opon je\u017cd\u017c\u0105cych w sezonie zimowym.<\/p>\n<p style=\"margin: 15px 0; line-height: 1.8; clear: both; display: block; width: 100%; float: none; position: static;\">Mniejsze ryzyko aquaplaningu Kierunkowa rze\u017aba bie\u017cnika z zoptymalizowanym rozmieszczeniem rowk\u00f3w sprawia, \u017ce opona bardzo dobrze radzi sobie na \u015bniegu i b\u0142ocie.<\/p>\n<p style=\"margin: 15px 0; line-height: 1.8; clear: both; display: block; width: 100%; float: none; position: static;\">Zwi\u0119kszona ilo\u015b\u0107 rowk\u00f3w w bie\u017cniku ma wp\u0142yw na skuteczniejsze odprowadzanie wody i b\u0142ota po\u015bniegowego, co zmniejsza ryzyko po\u015blizgu na cienkiej warstwie wody, jak r\u00f3wnie\u017c zapobiega \u015blizganiu si\u0119 na nawierzchni pokrytej b\u0142otem. Pewniejsze prowadzenie i hamowanie<\/p>\n<\/div>\n<\/div>\n<\/div>\n<div style=\"clear: both; display: block; margin: 10px 0;\">\n<div style=\"clear: both; display: block; margin: 10px 0;\">\n<div style=\"clear: both; display: block; margin: 10px 0;\">\n<div  style=\"max-width:900px;max-height:900px\">\n<div style=\"clear: both; display: block; margin: 10px 0;\">\n<div style=\"clear: both; width: 100%; display: block; margin: 20px 0; padding: 0; float: none; position: static; text-align: center;\"><img decoding=\"async\"  src=\"https:\/\/a.allegroimg.com\/original\/113e2a\/0c3929e645e3bc16df321ac4e7d8\/4x-185-60R14-OPONY-ZIMOWE-DEBICA-FRIGO-NOWE-2025-KOMPLET-SNIEGOWE-3PMS-82T-Rok-produkcji-2025\" srcset=\"https:\/\/a.allegroimg.com\/original\/113e2a\/0c3929e645e3bc16df321ac4e7d8\/4x-185-60R14-OPONY-ZIMOWE-DEBICA-FRIGO-NOWE-2025-KOMPLET-SNIEGOWE-3PMS-82T-Rok-produkcji-2025 360w,https:\/\/a.allegroimg.com\/original\/113e2a\/0c3929e645e3bc16df321ac4e7d8\/4x-185-60R14-OPONY-ZIMOWE-DEBICA-FRIGO-NOWE-2025-KOMPLET-SNIEGOWE-3PMS-82T-Rok-produkcji-2025 720w,https:\/\/a.allegroimg.com\/original\/113e2a\/0c3929e645e3bc16df321ac4e7d8\/4x-185-60R14-OPONY-ZIMOWE-DEBICA-FRIGO-NOWE-2025-KOMPLET-SNIEGOWE-3PMS-82T-Rok-produkcji-2025 900w,https:\/\/a.allegroimg.com\/original\/113e2a\/0c3929e645e3bc16df321ac4e7d8\/4x-185-60R14-OPONY-ZIMOWE-DEBICA-FRIGO-NOWE-2025-KOMPLET-SNIEGOWE-3PMS-82T-Rok-produkcji-2025 900w\" sizes=\"(min-width: 1200px) 560px, (min-width: 992px) 50vw, 100vw\" width=\"900px\" alt=\"4x 185\/60R14 OPONY ZIMOWE D\u0118BICA FRIGO NOWE 2025 KOMPLET \u015aNIEGOWE 3PMS 82T Rok produkcji 2025\"\/ style=\"max-width: 100%; height: auto; display: block; margin: 0 auto;\"><\/div>\n<\/div>\n<\/div>\n<\/div>\n<\/div>\n<div style=\"clear: both; display: block; margin: 10px 0;\">\n<div style=\"clear: both; display: block; margin: 10px 0;\">\n<p style=\"margin: 15px 0; line-height: 1.8; clear: both; display: block; width: 100%; float: none; position: static;\">Opony<b> D\u0118BICA FRIGO 2N<\/b>&nbsp;pozwalaj\u0105 zachowa\u0107 dobr\u0105 stabilno\u015b\u0107 podczas jazdy oraz zapewniaj\u0105 du\u017co efektywniejsze hamowanie nawet na bardzo za\u015bnie\u017conym terenie.<\/p>\n<p style=\"margin: 15px 0; line-height: 1.8; clear: both; display: block; width: 100%; float: none; position: static;\">Cicha podr\u00f3\u017c i d\u0142u\u017cszy przebieg opony Nowoczesna mieszanka gumowa z dodatkiem krzemionki wp\u0142ywa na zachowanie optymalnej elastyczno\u015bci opony w niskich temperaturach.<\/p>\n<p style=\"margin: 15px 0; line-height: 1.8; clear: both; display: block; width: 100%; float: none; position: static;\">Ulepszona i l\u017cejsza konstrukcja bie\u017cnika przek\u0142ada si\u0119 na bardziej r\u00f3wnomierne \u015bcieranie si\u0119 opony i wyd\u0142u\u017cony czas jej eksploatacji.<\/p>\n<p style=\"margin: 15px 0; line-height: 1.8; clear: both; display: block; width: 100%; float: none; position: static;\">Opr\u00f3cz tego opona <b>D\u0118BICA FRIGO 2N<\/b> jest cichobie\u017cna, dzi\u0119ki temu poprawi si\u0119&nbsp;<b>komfort jazdy<\/b> podczas Twojej podr\u00f3\u017cy.<\/p>\n<ul style=\"margin: 15px 0; padding-left: 20px; clear: both; display: block; width: 100%; float: none; position: static;\">\n<li style=\"margin: 5px 0; padding: 2px 0; clear: both; display: list-item; float: none; position: static;\">Konstrukcja opony zapewnia d\u0142ugie przebiegi oraz komfortow\u0105 jazd\u0119 zim\u0105. Zoptymalizowana powierzchnia styku opony z pod\u0142o\u017cem przek\u0142ada si\u0119 na dobr\u0105 przyczepno\u015b\u0107 na zimowych drogach.<\/li>\n<li style=\"margin: 5px 0; padding: 2px 0; clear: both; display: list-item; float: none; position: static;\">Kierunkowy bie\u017cnik z szerokimi rowkami skutecznie usuwa wod\u0119 i b\u0142oto po\u015bniegowe zmniejszaj\u0105c ryzyko aquaplaningu.<\/li>\n<\/ul>\n<\/div>\n<\/div>\n<\/div>\n<div style=\"clear: both; display: block; margin: 10px 0;\">\n<div style=\"clear: both; display: block; margin: 10px 0;\">\n<div style=\"clear: both; display: block; margin: 10px 0;\">\n<div  style=\"max-width:2560px;max-height:2560px\">\n<div style=\"clear: both; display: block; margin: 10px 0;\">\n<div style=\"clear: both; width: 100%; display: block; margin: 20px 0; padding: 0; float: none; position: static; text-align: center;\"><img decoding=\"async\"  src=\"https:\/\/a.allegroimg.com\/original\/11a342\/921dbba54aa5b7369f03a257cafb\/4x-185-60R14-OPONY-ZIMOWE-DEBICA-FRIGO-NOWE-2025-KOMPLET-SNIEGOWE-3PMS-82T-Marka-Debica\" srcset=\"https:\/\/a.allegroimg.com\/original\/11a342\/921dbba54aa5b7369f03a257cafb\/4x-185-60R14-OPONY-ZIMOWE-DEBICA-FRIGO-NOWE-2025-KOMPLET-SNIEGOWE-3PMS-82T-Marka-Debica 360w,https:\/\/a.allegroimg.com\/original\/11a342\/921dbba54aa5b7369f03a257cafb\/4x-185-60R14-OPONY-ZIMOWE-DEBICA-FRIGO-NOWE-2025-KOMPLET-SNIEGOWE-3PMS-82T-Marka-Debica 720w,https:\/\/a.allegroimg.com\/original\/11a342\/921dbba54aa5b7369f03a257cafb\/4x-185-60R14-OPONY-ZIMOWE-DEBICA-FRIGO-NOWE-2025-KOMPLET-SNIEGOWE-3PMS-82T-Marka-Debica 1024w,https:\/\/a.allegroimg.com\/original\/11a342\/921dbba54aa5b7369f03a257cafb\/4x-185-60R14-OPONY-ZIMOWE-DEBICA-FRIGO-NOWE-2025-KOMPLET-SNIEGOWE-3PMS-82T-Marka-Debica 1440w,https:\/\/a.allegroimg.com\/original\/11a342\/921dbba54aa5b7369f03a257cafb\/4x-185-60R14-OPONY-ZIMOWE-DEBICA-FRIGO-NOWE-2025-KOMPLET-SNIEGOWE-3PMS-82T-Marka-Debica 2560w\" sizes=\"(min-width: 1200px) 560px, (min-width: 992px) 50vw, 100vw\" width=\"2560px\" alt=\"4x 185\/60R14 OPONY ZIMOWE D\u0118BICA FRIGO NOWE 2025 KOMPLET \u015aNIEGOWE 3PMS 82T Marka D\u0119bica\"\/ style=\"max-width: 100%; height: auto; display: block; margin: 0 auto;\"><\/div>\n<\/div>\n<\/div>\n<\/div>\n<\/div>\n<div style=\"clear: both; display: block; margin: 10px 0;\">\n<div style=\"clear: both; display: block; margin: 10px 0;\">\n<h3 style=\"color: #2c5aa0; font-size: 18px; margin: 30px 0 15px 0; font-weight: bold; clear: both; display: block; width: 100%; float: none; position: static;\">DLACZEGO D\u0118BICA<\/h3>\n<p style=\"margin: 15px 0; line-height: 1.8; clear: both; display: block; width: 100%; float: none; position: static;\">D\u0118BICA to polska marka opon z ponad 80-letni\u0105 tradycj\u0105, nale\u017c\u0105ca do mi\u0119dzynarodowego koncernu Goodyear. Produkty tej marki s\u0105 dobrze znane kierowcom w ca\u0142ej Europie i cenione za po\u0142\u0105czenie niezawodno\u015bci, trwa\u0142o\u015bci oraz korzystnej ceny.<\/p>\n<p style=\"margin: 15px 0; line-height: 1.8; clear: both; display: block; width: 100%; float: none; position: static;\">Opony D\u0118BICA powstaj\u0105 przy wykorzystaniu do\u015bwiadczenia technologicznego Grupy Goodyear, co gwarantuje ich wysok\u0105 jako\u015b\u0107 oraz bezpiecze\u0144stwo w zr\u00f3\u017cnicowanych warunkach drogowych. Marka konsekwentnie rozwija swoje linie produktowe, oferuj\u0105c opony do samochod\u00f3w osobowych, SUV-\u00f3w, dostawczych oraz ci\u0119\u017carowych.<\/p>\n<h3 style=\"color: #2c5aa0; font-size: 18px; margin: 30px 0 15px 0; font-weight: bold; clear: both; display: block; width: 100%; float: none; position: static;\">DLACZEGO WARTO WYBRA\u0106 D\u0118BIC\u0118?<\/h3>\n<ul style=\"margin: 15px 0; padding-left: 20px; clear: both; display: block; width: 100%; float: none; position: static;\">\n<li style=\"margin: 5px 0; padding: 2px 0; clear: both; display: list-item; float: none; position: static;\">Polska tradycja i europejska jako\u015b\u0107 \u2013 produkcja z wykorzystaniem technologii Goodyear, spe\u0142niaj\u0105ca rygorystyczne normy jako\u015bci.<\/li>\n<li style=\"margin: 5px 0; padding: 2px 0; clear: both; display: list-item; float: none; position: static;\">Zr\u00f3wnowa\u017cone osi\u0105gi \u2013 bardzo dobre parametry trakcyjne zar\u00f3wno na suchej, jak i mokrej nawierzchni.<\/li>\n<li style=\"margin: 5px 0; padding: 2px 0; clear: both; display: list-item; float: none; position: static;\">Trwa\u0142o\u015b\u0107 i odporno\u015b\u0107 na zu\u017cycie \u2013 zoptymalizowana mieszanka gumowa zapewnia d\u0142ug\u0105 \u017cywotno\u015b\u0107 bie\u017cnika.<\/li>\n<li style=\"margin: 5px 0; padding: 2px 0; clear: both; display: list-item; float: none; position: static;\">Komfort i bezpiecze\u0144stwo \u2013 stabilna konstrukcja opony gwarantuje pewne prowadzenie i niskie opory toczenia.<\/li>\n<li style=\"margin: 5px 0; padding: 2px 0; clear: both; display: list-item; float: none; position: static;\">Korzystna relacja ceny do jako\u015bci \u2013 sprawdzony wyb\u00f3r dla kierowc\u00f3w szukaj\u0105cych niezawodnych opon w rozs\u0105dnej cenie.<\/li>\n<\/ul>\n<\/div>\n<\/div>\n<\/div>\n<div style=\"clear: both; display: block; margin: 10px 0;\">\n<div style=\"clear: both; display: block; margin: 10px 0;\">\n<div style=\"clear: both; display: block; margin: 10px 0;\">\n<div  style=\"max-width:900px;max-height:675px\">\n<div style=\"clear: both; display: block; margin: 10px 0;\">\n<div style=\"clear: both; width: 100%; display: block; margin: 20px 0; padding: 0; float: none; position: static; text-align: center;\"><img decoding=\"async\"  src=\"https:\/\/a.allegroimg.com\/original\/11d7ff\/1f3dd36a4431a9553943f0d7f867\/4x-185-60R14-OPONY-ZIMOWE-DEBICA-FRIGO-NOWE-2025-KOMPLET-SNIEGOWE-3PMS-82T-Model-Frigo-2\" srcset=\"https:\/\/a.allegroimg.com\/original\/11d7ff\/1f3dd36a4431a9553943f0d7f867\/4x-185-60R14-OPONY-ZIMOWE-DEBICA-FRIGO-NOWE-2025-KOMPLET-SNIEGOWE-3PMS-82T-Model-Frigo-2 360w,https:\/\/a.allegroimg.com\/original\/11d7ff\/1f3dd36a4431a9553943f0d7f867\/4x-185-60R14-OPONY-ZIMOWE-DEBICA-FRIGO-NOWE-2025-KOMPLET-SNIEGOWE-3PMS-82T-Model-Frigo-2 720w,https:\/\/a.allegroimg.com\/original\/11d7ff\/1f3dd36a4431a9553943f0d7f867\/4x-185-60R14-OPONY-ZIMOWE-DEBICA-FRIGO-NOWE-2025-KOMPLET-SNIEGOWE-3PMS-82T-Model-Frigo-2 900w,https:\/\/a.allegroimg.com\/original\/11d7ff\/1f3dd36a4431a9553943f0d7f867\/4x-185-60R14-OPONY-ZIMOWE-DEBICA-FRIGO-NOWE-2025-KOMPLET-SNIEGOWE-3PMS-82T-Model-Frigo-2 900w\" sizes=\"100vw\" width=\"900px\" alt=\"4x 185\/60R14 OPONY ZIMOWE D\u0118BICA FRIGO NOWE 2025 KOMPLET \u015aNIEGOWE 3PMS 82T Model Frigo 2\"\/ style=\"max-width: 100%; height: auto; display: block; margin: 0 auto;\"><\/div>\n<\/div>\n<\/div>\n<\/div>\n<\/div>\n<\/div>\n<\/div>\n<\/div>\n<\/div>\n<div style=\"clear: both; display: block; margin: 10px 0;\">\n","protected":false},"excerpt":{"rendered":"<p>4x 185\/60R14 OPONY ZIMOWE D\u0118BICA FRIGO NOWE 2025 KOMPLET \u015aNIEGOWE 3PMS 82T<\/p>\n<p>4x 185\/60R14 OPONY ZIMOWE D\u0118BICA FRIGO NOWE 2025 KOMPLET \u015aNIEGOWE 3PMS 82T<\/p>\n<p>Producent: D\u0118BICA<\/p>\n<p>Rozmiar: 185\/60R14<\/p>\n<p>Indeks pr\u0119dko\u015bci: T = max 190 km\/h<\/p>\n<p>Indeks no\u015bno\u015bci:&nbsp;82<\/p>\n<p>Wz\u00f3r bie\u017cnika: FRIGO 2N<\/p>\n<p>Sezon: Zimowy<\/p>\n","protected":false},"featured_media":9190,"template":"","meta":{"_uag_custom_page_level_css":""},"product_brand":[378],"product_cat":[414,413,412,415],"product_tag":[],"class_list":{"0":"post-9189","1":"product","2":"type-product","3":"status-publish","4":"has-post-thumbnail","6":"product_brand-debica","7":"product_cat-do-samochodow-osobowych-i-suv","8":"product_cat-opony","9":"product_cat-opony-i-felgi","10":"product_cat-zimowe","12":"first","13":"instock","14":"sale","15":"shipping-taxable","16":"purchasable","17":"product-type-simple"},"uagb_featured_image_src":{"full":["https:\/\/oponexa.shop\/tire\/wp-content\/uploads\/2025\/12\/allegro-image-9189.jpg",900,900,false],"thumbnail":["https:\/\/oponexa.shop\/tire\/wp-content\/uploads\/2025\/12\/allegro-image-9189-150x150.jpg",150,150,true],"medium":["https:\/\/oponexa.shop\/tire\/wp-content\/uploads\/2025\/12\/allegro-image-9189-300x300.jpg",300,300,true],"medium_large":["https:\/\/oponexa.shop\/tire\/wp-content\/uploads\/2025\/12\/allegro-image-9189-768x768.jpg",768,768,true],"large":["https:\/\/oponexa.shop\/tire\/wp-content\/uploads\/2025\/12\/allegro-image-9189.jpg",900,900,false],"1536x1536":["https:\/\/oponexa.shop\/tire\/wp-content\/uploads\/2025\/12\/allegro-image-9189.jpg",900,900,false],"2048x2048":["https:\/\/oponexa.shop\/tire\/wp-content\/uploads\/2025\/12\/allegro-image-9189.jpg",900,900,false],"woocommerce_thumbnail":["https:\/\/oponexa.shop\/tire\/wp-content\/uploads\/2025\/12\/allegro-image-9189-300x300.jpg",300,300,true],"woocommerce_single":["https:\/\/oponexa.shop\/tire\/wp-content\/uploads\/2025\/12\/allegro-image-9189-600x600.jpg",600,600,true],"woocommerce_gallery_thumbnail":["https:\/\/oponexa.shop\/tire\/wp-content\/uploads\/2025\/12\/allegro-image-9189-100x100.jpg",100,100,true]},"uagb_author_info":{"display_name":"admin","author_link":"https:\/\/oponexa.shop\/tire\/author\/"},"uagb_comment_info":0,"uagb_excerpt":"4x 185\/60R14 OPONY ZIMOWE D\u0118BICA FRIGO NOWE 2025 KOMPLET \u015aNIEGOWE 3PMS 82T 4x 185\/60R14 OPONY ZIMOWE D\u0118BICA FRIGO NOWE 2025 KOMPLET \u015aNIEGOWE 3PMS 82T Producent: D\u0118BICA Rozmiar: 185\/60R14 Indeks pr\u0119dko\u015bci: T = max 190 km\/h Indeks no\u015bno\u015bci:&nbsp;82 Wz\u00f3r bie\u017cnika: FRIGO 2N Sezon: Zimowy","_links":{"self":[{"href":"https:\/\/oponexa.shop\/tire\/wp-json\/wp\/v2\/product\/9189","targetHints":{"allow":["GET"]}}],"collection":[{"href":"https:\/\/oponexa.shop\/tire\/wp-json\/wp\/v2\/product"}],"about":[{"href":"https:\/\/oponexa.shop\/tire\/wp-json\/wp\/v2\/types\/product"}],"wp:featuredmedia":[{"embeddable":true,"href":"https:\/\/oponexa.shop\/tire\/wp-json\/wp\/v2\/media\/9190"}],"wp:attachment":[{"href":"https:\/\/oponexa.shop\/tire\/wp-json\/wp\/v2\/media?parent=9189"}],"wp:term":[{"taxonomy":"product_brand","embeddable":true,"href":"https:\/\/oponexa.shop\/tire\/wp-json\/wp\/v2\/product_brand?post=9189"},{"taxonomy":"product_cat","embeddable":true,"href":"https:\/\/oponexa.shop\/tire\/wp-json\/wp\/v2\/product_cat?post=9189"},{"taxonomy":"product_tag","embeddable":true,"href":"https:\/\/oponexa.shop\/tire\/wp-json\/wp\/v2\/product_tag?post=9189"}],"curies":[{"name":"wp","href":"https:\/\/api.w.org\/{rel}","templated":true}]}}