{"id":9171,"date":"2025-12-24T01:54:56","date_gmt":"2025-12-24T01:54:56","guid":{"rendered":"https:\/\/oponyexpert.shop\/xef5\/produkt\/2x-kormoran-175-65r14-82t-snowpro-b2-zimowa-2025-r\/"},"modified":"2025-12-24T01:54:57","modified_gmt":"2025-12-24T01:54:57","slug":"2x-kormoran-175-65r14-82t-snowpro-b2-zimowa-2025-r","status":"publish","type":"product","link":"https:\/\/oponexa.shop\/tire\/produkt\/2x-kormoran-175-65r14-82t-snowpro-b2-zimowa-2025-r\/","title":{"rendered":"2x KORMORAN 175\/65R14 82T Snowpro B2 Zimowa 2025 r"},"content":{"rendered":"<div style=\"font-family: Arial, sans-serif; line-height: 1.6; color: #333; padding: 20px; clear: both; display: block; width: 100%; float: none; position: static; overflow: hidden;\">\n<div style=\"clear: both; display: block; margin: 10px 0;\">\n<div style=\"clear: both; display: block; margin: 10px 0;\">\n<div style=\"clear: both; display: block; margin: 10px 0;\">\n<h1>Rok produkcji: 2025<\/h1>\n<\/div>\n<\/div>\n<\/div>\n<div style=\"clear: both; display: block; margin: 10px 0;\">\n<div style=\"clear: both; display: block; margin: 10px 0;\">\n<div style=\"clear: both; display: block; margin: 10px 0;\">\n<div  style=\"max-width:1200px;max-height:1126px\">\n<div style=\"clear: both; display: block; margin: 10px 0;\">\n<div style=\"clear: both; width: 100%; display: block; margin: 20px 0; padding: 0; float: none; position: static; text-align: center;\"><img decoding=\"async\"  src=\"https:\/\/a.allegroimg.com\/original\/118b76\/2cc5e3de4e769538788b3f4414d7\/2x-KORMORAN-175-65R14-82T-Snowpro-B2-Zimowa-2025-r\" srcset=\"https:\/\/a.allegroimg.com\/original\/118b76\/2cc5e3de4e769538788b3f4414d7\/2x-KORMORAN-175-65R14-82T-Snowpro-B2-Zimowa-2025-r 360w,https:\/\/a.allegroimg.com\/original\/118b76\/2cc5e3de4e769538788b3f4414d7\/2x-KORMORAN-175-65R14-82T-Snowpro-B2-Zimowa-2025-r 720w,https:\/\/a.allegroimg.com\/original\/118b76\/2cc5e3de4e769538788b3f4414d7\/2x-KORMORAN-175-65R14-82T-Snowpro-B2-Zimowa-2025-r 1024w,https:\/\/a.allegroimg.com\/original\/118b76\/2cc5e3de4e769538788b3f4414d7\/2x-KORMORAN-175-65R14-82T-Snowpro-B2-Zimowa-2025-r 1200w,https:\/\/a.allegroimg.com\/original\/118b76\/2cc5e3de4e769538788b3f4414d7\/2x-KORMORAN-175-65R14-82T-Snowpro-B2-Zimowa-2025-r 1200w\" sizes=\"(min-width: 1200px) 560px, (min-width: 992px) 50vw, 100vw\" width=\"1200px\" alt=\"2x KORMORAN 175\/65R14 82T Snowpro B2 Zimowa 2025 r\"\/ style=\"max-width: 100%; height: auto; display: block; margin: 0 auto;\"><\/div>\n<\/div>\n<\/div>\n<\/div>\n<\/div>\n<div style=\"clear: both; display: block; margin: 10px 0;\">\n<div style=\"clear: both; display: block; margin: 10px 0;\">\n<h1>KORMORAN Snowpro B2 175\/65R14 82T<\/h1>\n<h2>A8BB0F<\/h2>\n<ul style=\"margin: 15px 0; padding-left: 20px; clear: both; display: block; width: 100%; float: none; position: static;\">\n<li style=\"margin: 5px 0; padding: 2px 0; clear: both; display: list-item; float: none; position: static;\"><b>Data produkcji :<\/b> 2025<\/li>\n<li style=\"margin: 5px 0; padding: 2px 0; clear: both; display: list-item; float: none; position: static;\"><b>Hamowanie na mokrej nawierzchni :<\/b> D<\/li>\n<li style=\"margin: 5px 0; padding: 2px 0; clear: both; display: list-item; float: none; position: static;\"><b>Indeks :<\/b> 175\/65R14 ZOKO 82T SNOB2<\/li>\n<li style=\"margin: 5px 0; padding: 2px 0; clear: both; display: list-item; float: none; position: static;\"><b>Indeks no\u015bno\u015bci :<\/b> 82<\/li>\n<li style=\"margin: 5px 0; padding: 2px 0; clear: both; display: list-item; float: none; position: static;\"><b>Indeks pr\u0119dko\u015bci :<\/b> T &#8211; 190 km\/h<\/li>\n<li style=\"margin: 5px 0; padding: 2px 0; clear: both; display: list-item; float: none; position: static;\"><b>Karta informacyjna produktu :<\/b> https:\/\/eprel.ec.europa.eu\/qr\/408694<\/li>\n<li style=\"margin: 5px 0; padding: 2px 0; clear: both; display: list-item; float: none; position: static;\"><b>Kl. efekt. paliwowej :<\/b> E, F<\/li>\n<li style=\"margin: 5px 0; padding: 2px 0; clear: both; display: list-item; float: none; position: static;\"><b>Kl. przycz. na mokrej naw. :<\/b> D, E<\/li>\n<li style=\"margin: 5px 0; padding: 2px 0; clear: both; display: list-item; float: none; position: static;\"><b>Kl. zew. ha\u0142asu tocz. :<\/b> B, 2<\/li>\n<li style=\"margin: 5px 0; padding: 2px 0; clear: both; display: list-item; float: none; position: static;\"><b>Klasa opony :<\/b> bud\u017cet<\/li>\n<li style=\"margin: 5px 0; padding: 2px 0; clear: both; display: list-item; float: none; position: static;\"><b>Kod EAN :<\/b> 3528700946765<\/li>\n<li style=\"margin: 5px 0; padding: 2px 0; clear: both; display: list-item; float: none; position: static;\"><b>Kod producenta :<\/b> 94676<\/li>\n<li style=\"margin: 5px 0; padding: 2px 0; clear: both; display: list-item; float: none; position: static;\"><b>Liczba decybeli :<\/b> 68 dB<\/li>\n<li style=\"margin: 5px 0; padding: 2px 0; clear: both; display: list-item; float: none; position: static;\"><b>Model bie\u017cnika :<\/b> Snowpro B2<\/li>\n<li style=\"margin: 5px 0; padding: 2px 0; clear: both; display: list-item; float: none; position: static;\"><b>Nazwa produktu :<\/b> KORMORAN 175\/65R14 82T Snowpro B2 Zimowa<\/li>\n<li style=\"margin: 5px 0; padding: 2px 0; clear: both; display: list-item; float: none; position: static;\"><b>opona na dedykowan\u0105 o\u015b :<\/b> Prz\u00f3d\/Ty\u0142<\/li>\n<li style=\"margin: 5px 0; padding: 2px 0; clear: both; display: list-item; float: none; position: static;\"><b>Op\u00f3r toczenia :<\/b> E<\/li>\n<li style=\"margin: 5px 0; padding: 2px 0; clear: both; display: list-item; float: none; position: static;\"><b>Poziom emisji ha\u0142asu :<\/b> B<\/li>\n<li style=\"margin: 5px 0; padding: 2px 0; clear: both; display: list-item; float: none; position: static;\"><b>Producent :<\/b> KORMORAN<\/li>\n<li style=\"margin: 5px 0; padding: 2px 0; clear: both; display: list-item; float: none; position: static;\"><b>Profil :<\/b> 65<\/li>\n<li style=\"margin: 5px 0; padding: 2px 0; clear: both; display: list-item; float: none; position: static;\"><b>Przeznaczenie :<\/b> samochody osobowe\/SUV\/4&#215;4<\/li>\n<li style=\"margin: 5px 0; padding: 2px 0; clear: both; display: list-item; float: none; position: static;\"><b>Przyczepno\u015b\u0107 na lodzie :<\/b> Nie<\/li>\n<li style=\"margin: 5px 0; padding: 2px 0; clear: both; display: list-item; float: none; position: static;\"><b>Przyczepno\u015b\u0107 na \u015bniegu :<\/b> Tak<\/li>\n<li style=\"margin: 5px 0; padding: 2px 0; clear: both; display: list-item; float: none; position: static;\"><b>QR kod :<\/b> https:\/\/eprel.ec.europa.eu\/qr\/408694<\/li>\n<li style=\"margin: 5px 0; padding: 2px 0; clear: both; display: list-item; float: none; position: static;\"><b>Sezon :<\/b> zimowa<\/li>\n<li style=\"margin: 5px 0; padding: 2px 0; clear: both; display: list-item; float: none; position: static;\"><b>\u015arednica :<\/b> 14&#8243;<\/li>\n<li style=\"margin: 5px 0; padding: 2px 0; clear: both; display: list-item; float: none; position: static;\"><b>Szeroko\u015b\u0107 :<\/b> 175<\/li>\n<li style=\"margin: 5px 0; padding: 2px 0; clear: both; display: list-item; float: none; position: static;\"><b>Wart. pom. i kl. zew. ha\u0142asu tocz. [dB] :<\/b> 68, 69<\/li>\n<\/ul>\n<\/div>\n<\/div>\n<\/div>\n<div style=\"clear: both; display: block; margin: 10px 0;\">\n<div style=\"clear: both; display: block; margin: 10px 0;\">\n<div style=\"clear: both; display: block; margin: 10px 0;\">\n<p style=\"margin: 15px 0; line-height: 1.8; clear: both; display: block; width: 100%; float: none; position: static;\"> Zimowe opony opony Kormoran Snowpro B2 sprawdzaj\u0105 si\u0119 zar\u00f3wno na oblodzonej, za\u015bnie\u017conej jak r\u00f3wnie\u017c i mokrej nawierzchni.Przeznaczone s\u0105 do samochod\u00f3w klasy \u015bredniej o standardowych mocach silnika. Ich zalety doceni\u0105 u\u017cytkownicy aut kompaktowych oraz rodzinnych typu kombi i sedan. Zastosowana do produkcji opony nowoczesna mieszanka gumowa zachowuje elastyczno\u015b\u0107 nawet w niskich temperaturach. Dzi\u0119ki temu uzyskano wyd\u0142u\u017con\u0105 \u017cywotno\u015b\u0107 opony oraz poprawiono przyczepno\u015b\u0107. Kierunkowa rze\u017aba bie\u017cnika z szerokim kana\u0142em centralnym i rowkami bocznymi pozwala na skuteczny drena\u017c wody i b\u0142ota \u015bniegowego, chroni\u0105c przed zjawiskiem tworzenia klina po\u015blizgowego przed opon\u0105.G\u0119sta sie\u0107 naci\u0119\u0107 lamelkowych zwi\u0119ksza przyczepno\u015b\u0107 i poprawia trakcj\u0119 podczas dynamicznej jazdy. Pozwala tak\u017ce skr\u00f3ci\u0107 drog\u0119 hamowania, przez co wymiernie zwi\u0119ksza bezpiecze\u0144stwo jazdy. Masywne bloki zapewniaj\u0105 precyzyjne przeniesienie ruch\u00f3w kierownicy na nawierzchni\u0119. Zaokr\u0105glone kraw\u0119dzie bie\u017cnika umo\u017cliwiaj\u0105 na p\u0142ynn\u0105 zmian\u0119 kierunku jazdy. Zredukowany poziom szum\u00f3w i wibracji zwi\u0119ksza komfort podr\u00f3\u017cowania.<\/p>\n<\/div>\n<\/div>\n<div style=\"clear: both; display: block; margin: 10px 0;\">\n<div style=\"clear: both; display: block; margin: 10px 0;\">\n<div  style=\"max-width:886px;max-height:1299px\">\n<div style=\"clear: both; display: block; margin: 10px 0;\">\n<div style=\"clear: both; width: 100%; display: block; margin: 20px 0; padding: 0; float: none; position: static; text-align: center;\"><img decoding=\"async\"  src=\"https:\/\/a.allegroimg.com\/original\/11e189\/7aa1bef24779b1fe4fd69d251d95\/2x-KORMORAN-175-65R14-82T-Snowpro-B2-Zimowa-2025-r-Srednica-14\" srcset=\"https:\/\/a.allegroimg.com\/original\/11e189\/7aa1bef24779b1fe4fd69d251d95\/2x-KORMORAN-175-65R14-82T-Snowpro-B2-Zimowa-2025-r-Srednica-14 245w,https:\/\/a.allegroimg.com\/original\/11e189\/7aa1bef24779b1fe4fd69d251d95\/2x-KORMORAN-175-65R14-82T-Snowpro-B2-Zimowa-2025-r-Srednica-14 491w,https:\/\/a.allegroimg.com\/original\/11e189\/7aa1bef24779b1fe4fd69d251d95\/2x-KORMORAN-175-65R14-82T-Snowpro-B2-Zimowa-2025-r-Srednica-14 698w,https:\/\/a.allegroimg.com\/original\/11e189\/7aa1bef24779b1fe4fd69d251d95\/2x-KORMORAN-175-65R14-82T-Snowpro-B2-Zimowa-2025-r-Srednica-14 886w,https:\/\/a.allegroimg.com\/original\/11e189\/7aa1bef24779b1fe4fd69d251d95\/2x-KORMORAN-175-65R14-82T-Snowpro-B2-Zimowa-2025-r-Srednica-14 886w\" sizes=\"(min-width: 1200px) 560px, (min-width: 992px) 50vw, 100vw\" width=\"886px\" alt=\"2x KORMORAN 175\/65R14 82T Snowpro B2 Zimowa 2025 r \u015arednica 14&quot;\"\/ style=\"max-width: 100%; height: auto; display: block; margin: 0 auto;\"><\/div>\n<\/div>\n<\/div>\n<\/div>\n<\/div>\n<\/div>\n<div style=\"clear: both; display: block; margin: 10px 0;\">\n<div style=\"clear: both; display: block; margin: 10px 0;\">\n<div style=\"clear: both; display: block; margin: 10px 0;\">\n<p style=\"margin: 15px 0; line-height: 1.8; clear: both; display: block; width: 100%; float: none; position: static;\">Wychodz\u0105c naprzeciw oczekiwaniom Klient\u00f3w i chc\u0105c spe\u0142nia\u0107 jak najwy\u017csze standardy obs\u0142ugi dok\u0142adamy wszelkich stara\u0144, aby podawa\u0107 precyzyjn\u0105 dat\u0119 produkcji opony (DOT). Niestety, w wyj\u0105tkowych przypadkach, mo\u017ce zdarzy\u0107 si\u0119, \u017ce opony, kt\u00f3re wy\u015blemy b\u0119d\u0105 mia\u0142y inn\u0105 dat\u0119 produkcji ni\u017c podana. Sytuacja mo\u017ce dotyczy\u0107 zar\u00f3wno opon z DOT-em wcze\u015bniejszym jak i p\u00f3\u017aniejszym. Chcieliby\u015bmy podkre\u015bli\u0107, \u017ce warunki przechowywania opon w naszych magazynach spe\u0142niaj\u0105 Polsk\u0105 Norm\u0119 PN-C-94300-7 dzi\u0119ki czemu nawet opona przechowywana 24 miesi\u0105ce ma parametry takie same jak opona z bie\u017c\u0105cego roku. Warto pami\u0119ta\u0107 tak\u017ce o fakcie, \u017ce w przypadku wielu rozmiar\u00f3w i producent\u00f3w plany produkcyjne fabryk uniemo\u017cliwiaj\u0105 zakup opony z bie\u017c\u0105cego roku.<\/p>\n<p style=\"margin: 15px 0; line-height: 1.8; clear: both; display: block; width: 100%; float: none; position: static;\">Przy zakupie opon pami\u0119taj o sprawdzeniu w instrukcji samochodu lub na w\u0142a\u015bciwej stronie internetowej, jakie ogumienie zaleca producent Twojego auta. \u0179le dobrane opony mog\u0105 negatywnie wp\u0142yn\u0105\u0107 na poziom Twojego bezpiecze\u0144stwa. Kupuj\u0105c opony zwr\u00f3\u0107 uwag\u0119 na rozmiar oraz indeksy no\u015bno\u015bci i pr\u0119dko\u015bci jakie homologowane s\u0105 do Twojego pojazdu.<\/p>\n<p style=\"margin: 15px 0; line-height: 1.8; clear: both; display: block; width: 100%; float: none; position: static;\">Zamieszczone zdj\u0119cia pe\u0142ni\u0105 funkcj\u0119 pogl\u0105dow\u0105. W zale\u017cno\u015bci od szeroko\u015bci opon, mog\u0105 wyst\u0119powa\u0107 niewielkie r\u00f3\u017cnice w wygl\u0105dzie bie\u017cnika (w obr\u0119bie jednego modelu) na przyk\u0142ad w ilo\u015bci rowk\u00f3w obwodowych lub rozmieszczeniu blok\u00f3w bie\u017cnika, co nie stanowi wady produktu.<\/p>\n<p style=\"margin: 15px 0; line-height: 1.8; clear: both; display: block; width: 100%; float: none; position: static;\">Je\u017celi otrzymane przez Ciebie opony nie spe\u0142niaj\u0105 Twoich oczekiwa\u0144 masz mo\u017cliwo\u015b\u0107 zwrotu lub wymiany nieu\u017cywanego (niemontowanego) ogumienia.<\/p>\n<\/div>\n<\/div>\n<\/div>\n<div style=\"clear: both; display: block; margin: 10px 0;\">\n<div style=\"clear: both; display: block; margin: 10px 0;\">\n<div style=\"clear: both; display: block; margin: 10px 0;\">\n<div  style=\"max-width:720px;max-height:224px\">\n<div style=\"clear: both; display: block; margin: 10px 0;\">\n<div style=\"clear: both; width: 100%; display: block; margin: 20px 0; padding: 0; float: none; position: static; text-align: center;\"><img decoding=\"async\"  src=\"https:\/\/a.allegroimg.com\/original\/110467\/c7d397cc459483a77061f01e5dc8\/2x-KORMORAN-175-65R14-82T-Snowpro-B2-Zimowa-2025-r-Halas-zewnetrzny-68-dB\" srcset=\"https:\/\/a.allegroimg.com\/original\/110467\/c7d397cc459483a77061f01e5dc8\/2x-KORMORAN-175-65R14-82T-Snowpro-B2-Zimowa-2025-r-Halas-zewnetrzny-68-dB 360w,https:\/\/a.allegroimg.com\/original\/110467\/c7d397cc459483a77061f01e5dc8\/2x-KORMORAN-175-65R14-82T-Snowpro-B2-Zimowa-2025-r-Halas-zewnetrzny-68-dB 720w,https:\/\/a.allegroimg.com\/original\/110467\/c7d397cc459483a77061f01e5dc8\/2x-KORMORAN-175-65R14-82T-Snowpro-B2-Zimowa-2025-r-Halas-zewnetrzny-68-dB 720w\" sizes=\"(min-width: 1200px) 560px, (min-width: 992px) 50vw, 100vw\" width=\"720px\" alt=\"2x KORMORAN 175\/65R14 82T Snowpro B2 Zimowa 2025 r Ha\u0142as zewn\u0119trzny 68 dB\"\/ style=\"max-width: 100%; height: auto; display: block; margin: 0 auto;\"><\/div>\n<\/div>\n<\/div>\n<\/div>\n<\/div>\n<div style=\"clear: both; display: block; margin: 10px 0;\">\n<div style=\"clear: both; display: block; margin: 10px 0;\">\n<h1>Kormoran<\/h1>\n<p style=\"margin: 15px 0; line-height: 1.8; clear: both; display: block; width: 100%; float: none; position: static;\">Firma Kormoran ju\u017c od kilkunastu lat zajmuje siln\u0105 pozycj\u0119 na rynku r\u00f3\u017cnego rodzaju ogumienia samochodowego, poczynaj\u0105c od opon do motocykli, poprzez opony do samochod\u00f3w osobowych, ci\u0119\u017carowych, ci\u0105gnik\u00f3w, a na oponach do specjalistycznych maszyn budowlanych ko\u0144cz\u0105c<\/p>\n<\/div>\n<\/div>\n<\/div>\n<\/div>\n<\/div>\n<\/div>\n<div style=\"clear: both; display: block; margin: 10px 0;\">\n","protected":false},"excerpt":{"rendered":"<p>Rok produkcji: 2025<\/p>\n<p>KORMORAN Snowpro B2 175\/65R14 82T<\/p>\n<p>A8BB0F<\/p>\n<p>Data produkcji : 2025<\/p>\n<p>Hamowanie na mokrej nawierzchni : D<\/p>\n<p>Indeks : 175\/65R14 ZOKO 82T SNOB2<\/p>\n<p>Indeks no\u015bno\u015bci : 82<\/p>\n<p>Indeks pr\u0119dko\u015bci : T &#8211; 190 km\/h<\/p>\n","protected":false},"featured_media":9172,"template":"","meta":{"_uag_custom_page_level_css":""},"product_brand":[382],"product_cat":[414,413,412,415],"product_tag":[],"class_list":{"0":"post-9171","1":"product","2":"type-product","3":"status-publish","4":"has-post-thumbnail","6":"product_brand-kormoran","7":"product_cat-do-samochodow-osobowych-i-suv","8":"product_cat-opony","9":"product_cat-opony-i-felgi","10":"product_cat-zimowe","12":"first","13":"instock","14":"sale","15":"shipping-taxable","16":"purchasable","17":"product-type-simple"},"uagb_featured_image_src":{"full":["https:\/\/oponexa.shop\/tire\/wp-content\/uploads\/2025\/12\/allegro-image-9171.jpg",1200,1126,false],"thumbnail":["https:\/\/oponexa.shop\/tire\/wp-content\/uploads\/2025\/12\/allegro-image-9171-150x150.jpg",150,150,true],"medium":["https:\/\/oponexa.shop\/tire\/wp-content\/uploads\/2025\/12\/allegro-image-9171-300x282.jpg",300,282,true],"medium_large":["https:\/\/oponexa.shop\/tire\/wp-content\/uploads\/2025\/12\/allegro-image-9171-768x721.jpg",768,721,true],"large":["https:\/\/oponexa.shop\/tire\/wp-content\/uploads\/2025\/12\/allegro-image-9171-1024x961.jpg",1024,961,true],"1536x1536":["https:\/\/oponexa.shop\/tire\/wp-content\/uploads\/2025\/12\/allegro-image-9171.jpg",1200,1126,false],"2048x2048":["https:\/\/oponexa.shop\/tire\/wp-content\/uploads\/2025\/12\/allegro-image-9171.jpg",1200,1126,false],"woocommerce_thumbnail":["https:\/\/oponexa.shop\/tire\/wp-content\/uploads\/2025\/12\/allegro-image-9171-300x300.jpg",300,300,true],"woocommerce_single":["https:\/\/oponexa.shop\/tire\/wp-content\/uploads\/2025\/12\/allegro-image-9171-600x563.jpg",600,563,true],"woocommerce_gallery_thumbnail":["https:\/\/oponexa.shop\/tire\/wp-content\/uploads\/2025\/12\/allegro-image-9171-100x100.jpg",100,100,true]},"uagb_author_info":{"display_name":"admin","author_link":"https:\/\/oponexa.shop\/tire\/author\/"},"uagb_comment_info":0,"uagb_excerpt":"Rok produkcji: 2025 KORMORAN Snowpro B2 175\/65R14 82T A8BB0F Data produkcji : 2025 Hamowanie na mokrej nawierzchni : D Indeks : 175\/65R14 ZOKO 82T SNOB2 Indeks no\u015bno\u015bci : 82 Indeks pr\u0119dko\u015bci : T - 190 km\/h","_links":{"self":[{"href":"https:\/\/oponexa.shop\/tire\/wp-json\/wp\/v2\/product\/9171","targetHints":{"allow":["GET"]}}],"collection":[{"href":"https:\/\/oponexa.shop\/tire\/wp-json\/wp\/v2\/product"}],"about":[{"href":"https:\/\/oponexa.shop\/tire\/wp-json\/wp\/v2\/types\/product"}],"wp:featuredmedia":[{"embeddable":true,"href":"https:\/\/oponexa.shop\/tire\/wp-json\/wp\/v2\/media\/9172"}],"wp:attachment":[{"href":"https:\/\/oponexa.shop\/tire\/wp-json\/wp\/v2\/media?parent=9171"}],"wp:term":[{"taxonomy":"product_brand","embeddable":true,"href":"https:\/\/oponexa.shop\/tire\/wp-json\/wp\/v2\/product_brand?post=9171"},{"taxonomy":"product_cat","embeddable":true,"href":"https:\/\/oponexa.shop\/tire\/wp-json\/wp\/v2\/product_cat?post=9171"},{"taxonomy":"product_tag","embeddable":true,"href":"https:\/\/oponexa.shop\/tire\/wp-json\/wp\/v2\/product_tag?post=9171"}],"curies":[{"name":"wp","href":"https:\/\/api.w.org\/{rel}","templated":true}]}}