{"id":9133,"date":"2025-12-24T01:54:41","date_gmt":"2025-12-24T01:54:41","guid":{"rendered":"https:\/\/oponyexpert.shop\/xef5\/produkt\/1x205-50r17-goodride-zuper-snow-z507-93v-xl-zimowa-rok-2025\/"},"modified":"2025-12-24T01:54:42","modified_gmt":"2025-12-24T01:54:42","slug":"1x205-50r17-goodride-zuper-snow-z507-93v-xl-zimowa-rok-2025","status":"publish","type":"product","link":"https:\/\/oponixo.shop\/tire\/produkt\/1x205-50r17-goodride-zuper-snow-z507-93v-xl-zimowa-rok-2025\/","title":{"rendered":"1&#215;205\/50R17 Goodride Zuper-Snow Z507 93V XL zimowa rok 2025"},"content":{"rendered":"<div style=\"font-family: Arial, sans-serif; line-height: 1.6; color: #333; padding: 20px; clear: both; display: block; width: 100%; float: none; position: static; overflow: hidden;\">\n<div style=\"clear: both; display: block; margin: 10px 0;\">\n<div style=\"clear: both; display: block; margin: 10px 0;\">\n<div style=\"clear: both; display: block; margin: 10px 0;\">\n<div  style=\"max-width:1440px;max-height:262px\">\n<div style=\"clear: both; display: block; margin: 10px 0;\">\n<div style=\"clear: both; width: 100%; display: block; margin: 20px 0; padding: 0; float: none; position: static; text-align: center;\"><img decoding=\"async\"  src=\"https:\/\/a.allegroimg.com\/original\/117a0e\/3b9416e94c92b903d2902a609caa\/1x205-50R17-Goodride-Zuper-Snow-Z507-93V-XL-zimowa-rok-2025-Klasa-ekonomiczna\" srcset=\"https:\/\/a.allegroimg.com\/original\/117a0e\/3b9416e94c92b903d2902a609caa\/1x205-50R17-Goodride-Zuper-Snow-Z507-93V-XL-zimowa-rok-2025-Klasa-ekonomiczna 360w,https:\/\/a.allegroimg.com\/original\/117a0e\/3b9416e94c92b903d2902a609caa\/1x205-50R17-Goodride-Zuper-Snow-Z507-93V-XL-zimowa-rok-2025-Klasa-ekonomiczna 720w,https:\/\/a.allegroimg.com\/original\/117a0e\/3b9416e94c92b903d2902a609caa\/1x205-50R17-Goodride-Zuper-Snow-Z507-93V-XL-zimowa-rok-2025-Klasa-ekonomiczna 1024w,https:\/\/a.allegroimg.com\/original\/117a0e\/3b9416e94c92b903d2902a609caa\/1x205-50R17-Goodride-Zuper-Snow-Z507-93V-XL-zimowa-rok-2025-Klasa-ekonomiczna 1440w,https:\/\/a.allegroimg.com\/original\/117a0e\/3b9416e94c92b903d2902a609caa\/1x205-50R17-Goodride-Zuper-Snow-Z507-93V-XL-zimowa-rok-2025-Klasa-ekonomiczna 1440w\" sizes=\"100vw\" width=\"1440px\" alt=\"1x205\/50R17 Goodride Zuper-Snow Z507 93V XL zimowa rok 2025 Klasa ekonomiczna\"\/ style=\"max-width: 100%; height: auto; display: block; margin: 0 auto;\"><\/div>\n<\/div>\n<\/div>\n<\/div>\n<\/div>\n<\/div>\n<div style=\"clear: both; display: block; margin: 10px 0;\">\n<div style=\"clear: both; display: block; margin: 10px 0;\">\n<div style=\"clear: both; display: block; margin: 10px 0;\">\n<div  style=\"max-width:1809px;max-height:2560px\">\n<div style=\"clear: both; display: block; margin: 10px 0;\">\n<div style=\"clear: both; width: 100%; display: block; margin: 20px 0; padding: 0; float: none; position: static; text-align: center;\"><img decoding=\"async\"  src=\"https:\/\/a.allegroimg.com\/original\/11aaac\/f4697fbf4262a0c319ed4a9ea16c\/1x205-50R17-Goodride-Zuper-Snow-Z507-93V-XL-zimowa-rok-2025-Kod-producenta-03010434001I1E840201\" srcset=\"https:\/\/a.allegroimg.com\/original\/11aaac\/f4697fbf4262a0c319ed4a9ea16c\/1x205-50R17-Goodride-Zuper-Snow-Z507-93V-XL-zimowa-rok-2025-Kod-producenta-03010434001I1E840201 254w,https:\/\/a.allegroimg.com\/original\/11aaac\/f4697fbf4262a0c319ed4a9ea16c\/1x205-50R17-Goodride-Zuper-Snow-Z507-93V-XL-zimowa-rok-2025-Kod-producenta-03010434001I1E840201 508w,https:\/\/a.allegroimg.com\/original\/11aaac\/f4697fbf4262a0c319ed4a9ea16c\/1x205-50R17-Goodride-Zuper-Snow-Z507-93V-XL-zimowa-rok-2025-Kod-producenta-03010434001I1E840201 723w,https:\/\/a.allegroimg.com\/original\/11aaac\/f4697fbf4262a0c319ed4a9ea16c\/1x205-50R17-Goodride-Zuper-Snow-Z507-93V-XL-zimowa-rok-2025-Kod-producenta-03010434001I1E840201 1017w,https:\/\/a.allegroimg.com\/original\/11aaac\/f4697fbf4262a0c319ed4a9ea16c\/1x205-50R17-Goodride-Zuper-Snow-Z507-93V-XL-zimowa-rok-2025-Kod-producenta-03010434001I1E840201 1809w\" sizes=\"(min-width: 1200px) 560px, (min-width: 992px) 50vw, 100vw\" width=\"1809px\" alt=\"1x205\/50R17 Goodride Zuper-Snow Z507 93V XL zimowa rok 2025 Kod producenta 03010434001I1E840201\"\/ style=\"max-width: 100%; height: auto; display: block; margin: 0 auto;\"><\/div>\n<\/div>\n<\/div>\n<\/div>\n<\/div>\n<div style=\"clear: both; display: block; margin: 10px 0;\">\n<div style=\"clear: both; display: block; margin: 10px 0;\">\n<h2>Przedmiot aukcji: 1 sztuka fabrycznie nowych opon<\/h2>\n<p style=\"margin: 15px 0; line-height: 1.8; clear: both; display: block; width: 100%; float: none; position: static;\">Rozmiar:<b> 205\/50R17<\/b><\/p>\n<p style=\"margin: 15px 0; line-height: 1.8; clear: both; display: block; width: 100%; float: none; position: static;\">Indeksy pr\u0119dko\u015bci i no\u015bno\u015bci: <b>93V (do 240km\/h)<\/b><\/p>\n<p style=\"margin: 15px 0; line-height: 1.8; clear: both; display: block; width: 100%; float: none; position: static;\">Marka: <b>Goodride<\/b><\/p>\n<p style=\"margin: 15px 0; line-height: 1.8; clear: both; display: block; width: 100%; float: none; position: static;\">Rok produkcji: <b>2025<\/b><\/p>\n<p style=\"margin: 15px 0; line-height: 1.8; clear: both; display: block; width: 100%; float: none; position: static;\">Sezon:&nbsp;<b>opony zimowe z homologacj\u0105 3PMFS<\/b><\/p>\n<p style=\"margin: 15px 0; line-height: 1.8; clear: both; display: block; width: 100%; float: none; position: static;\">Segment:&nbsp;<b>klasa ekonomiczna<\/b><\/p>\n<h1>Nowoczesna, asymetryczna, atrakcyjna wizualnie rze\u017aba bie\u017cnika.<\/h1>\n<p style=\"margin: 15px 0; line-height: 1.8; clear: both; display: block; width: 100%; float: none; position: static;\">Zalety:<\/p>\n<p style=\"margin: 15px 0; line-height: 1.8; clear: both; display: block; width: 100%; float: none; position: static;\">Bardzo dobre odprowadzanie wody i b\u0142ota po\u015bniegowego z czo\u0142a opony<\/p>\n<p style=\"margin: 15px 0; line-height: 1.8; clear: both; display: block; width: 100%; float: none; position: static;\">R\u00f3wnomierny rozk\u0142ad obci\u0105\u017ce\u0144<\/p>\n<p style=\"margin: 15px 0; line-height: 1.8; clear: both; display: block; width: 100%; float: none; position: static;\">Niski op\u00f3r toczenia<\/p>\n<p style=\"margin: 15px 0; line-height: 1.8; clear: both; display: block; width: 100%; float: none; position: static;\">Bardzo dobra kierowalno\u015b\u0107<\/p>\n<\/div>\n<\/div>\n<\/div>\n<div style=\"clear: both; display: block; margin: 10px 0;\">\n<div style=\"clear: both; display: block; margin: 10px 0;\">\n<div style=\"clear: both; display: block; margin: 10px 0;\">\n<div  style=\"max-width:1500px;max-height:2046px\">\n<div style=\"clear: both; display: block; margin: 10px 0;\">\n<div style=\"clear: both; width: 100%; display: block; margin: 20px 0; padding: 0; float: none; position: static; text-align: center;\"><img decoding=\"async\"  src=\"https:\/\/a.allegroimg.com\/original\/115411\/aebe929145d489ebe0464b2fc580\/1x205-50R17-Goodride-Zuper-Snow-Z507-93V-XL-zimowa-rok-2025-Marka-Goodride\" srcset=\"https:\/\/a.allegroimg.com\/original\/115411\/aebe929145d489ebe0464b2fc580\/1x205-50R17-Goodride-Zuper-Snow-Z507-93V-XL-zimowa-rok-2025-Marka-Goodride 263w,https:\/\/a.allegroimg.com\/original\/115411\/aebe929145d489ebe0464b2fc580\/1x205-50R17-Goodride-Zuper-Snow-Z507-93V-XL-zimowa-rok-2025-Marka-Goodride 527w,https:\/\/a.allegroimg.com\/original\/115411\/aebe929145d489ebe0464b2fc580\/1x205-50R17-Goodride-Zuper-Snow-Z507-93V-XL-zimowa-rok-2025-Marka-Goodride 750w,https:\/\/a.allegroimg.com\/original\/115411\/aebe929145d489ebe0464b2fc580\/1x205-50R17-Goodride-Zuper-Snow-Z507-93V-XL-zimowa-rok-2025-Marka-Goodride 1055w,https:\/\/a.allegroimg.com\/original\/115411\/aebe929145d489ebe0464b2fc580\/1x205-50R17-Goodride-Zuper-Snow-Z507-93V-XL-zimowa-rok-2025-Marka-Goodride 1500w\" sizes=\"100vw\" width=\"1500px\" alt=\"1x205\/50R17 Goodride Zuper-Snow Z507 93V XL zimowa rok 2025 Marka Goodride\"\/ style=\"max-width: 100%; height: auto; display: block; margin: 0 auto;\"><\/div>\n<\/div>\n<\/div>\n<\/div>\n<\/div>\n<\/div>\n<div style=\"clear: both; display: block; margin: 10px 0;\">\n<div style=\"clear: both; display: block; margin: 10px 0;\">\n<div style=\"clear: both; display: block; margin: 10px 0;\">\n<div  style=\"max-width:1440px;max-height:388px\">\n<div style=\"clear: both; display: block; margin: 10px 0;\">\n<div style=\"clear: both; width: 100%; display: block; margin: 20px 0; padding: 0; float: none; position: static; text-align: center;\"><img decoding=\"async\"  src=\"https:\/\/a.allegroimg.com\/original\/11da42\/e2b778b643c2ba70a3e368c9fc0b\/1x205-50R17-Goodride-Zuper-Snow-Z507-93V-XL-zimowa-rok-2025-Szerokosc-opony-205-mm\" srcset=\"https:\/\/a.allegroimg.com\/original\/11da42\/e2b778b643c2ba70a3e368c9fc0b\/1x205-50R17-Goodride-Zuper-Snow-Z507-93V-XL-zimowa-rok-2025-Szerokosc-opony-205-mm 360w,https:\/\/a.allegroimg.com\/original\/11da42\/e2b778b643c2ba70a3e368c9fc0b\/1x205-50R17-Goodride-Zuper-Snow-Z507-93V-XL-zimowa-rok-2025-Szerokosc-opony-205-mm 720w,https:\/\/a.allegroimg.com\/original\/11da42\/e2b778b643c2ba70a3e368c9fc0b\/1x205-50R17-Goodride-Zuper-Snow-Z507-93V-XL-zimowa-rok-2025-Szerokosc-opony-205-mm 1024w,https:\/\/a.allegroimg.com\/original\/11da42\/e2b778b643c2ba70a3e368c9fc0b\/1x205-50R17-Goodride-Zuper-Snow-Z507-93V-XL-zimowa-rok-2025-Szerokosc-opony-205-mm 1440w,https:\/\/a.allegroimg.com\/original\/11da42\/e2b778b643c2ba70a3e368c9fc0b\/1x205-50R17-Goodride-Zuper-Snow-Z507-93V-XL-zimowa-rok-2025-Szerokosc-opony-205-mm 1440w\" sizes=\"100vw\" width=\"1440px\" alt=\"1x205\/50R17 Goodride Zuper-Snow Z507 93V XL zimowa rok 2025 Szeroko\u015b\u0107 opony 205 mm\"\/ style=\"max-width: 100%; height: auto; display: block; margin: 0 auto;\"><\/div>\n<\/div>\n<\/div>\n<\/div>\n<\/div>\n<\/div>\n<div style=\"clear: both; display: block; margin: 10px 0;\">\n<div style=\"clear: both; display: block; margin: 10px 0;\">\n<div style=\"clear: both; display: block; margin: 10px 0;\">\n<div  style=\"max-width:1255px;max-height:2560px\">\n<div style=\"clear: both; display: block; margin: 10px 0;\">\n<div style=\"clear: both; width: 100%; display: block; margin: 20px 0; padding: 0; float: none; position: static; text-align: center;\"><img decoding=\"async\"  src=\"https:\/\/a.allegroimg.com\/original\/1132ed\/8f3cafdb48aa95779e7b8f802fa8\/1x205-50R17-Goodride-Zuper-Snow-Z507-93V-XL-zimowa-rok-2025-Model-Zuper-Snow-Z-507\" srcset=\"https:\/\/a.allegroimg.com\/original\/1132ed\/8f3cafdb48aa95779e7b8f802fa8\/1x205-50R17-Goodride-Zuper-Snow-Z507-93V-XL-zimowa-rok-2025-Model-Zuper-Snow-Z-507 176w,https:\/\/a.allegroimg.com\/original\/1132ed\/8f3cafdb48aa95779e7b8f802fa8\/1x205-50R17-Goodride-Zuper-Snow-Z507-93V-XL-zimowa-rok-2025-Model-Zuper-Snow-Z-507 352w,https:\/\/a.allegroimg.com\/original\/1132ed\/8f3cafdb48aa95779e7b8f802fa8\/1x205-50R17-Goodride-Zuper-Snow-Z507-93V-XL-zimowa-rok-2025-Model-Zuper-Snow-Z-507 502w,https:\/\/a.allegroimg.com\/original\/1132ed\/8f3cafdb48aa95779e7b8f802fa8\/1x205-50R17-Goodride-Zuper-Snow-Z507-93V-XL-zimowa-rok-2025-Model-Zuper-Snow-Z-507 705w,https:\/\/a.allegroimg.com\/original\/1132ed\/8f3cafdb48aa95779e7b8f802fa8\/1x205-50R17-Goodride-Zuper-Snow-Z507-93V-XL-zimowa-rok-2025-Model-Zuper-Snow-Z-507 1255w\" sizes=\"100vw\" width=\"1255px\" alt=\"1x205\/50R17 Goodride Zuper-Snow Z507 93V XL zimowa rok 2025 Model Zuper Snow Z-507\"\/ style=\"max-width: 100%; height: auto; display: block; margin: 0 auto;\"><\/div>\n<\/div>\n<\/div>\n<\/div>\n<\/div>\n<\/div>\n<div style=\"clear: both; display: block; margin: 10px 0;\">\n<div style=\"clear: both; display: block; margin: 10px 0;\">\n<div style=\"clear: both; display: block; margin: 10px 0;\">\n<div  style=\"max-width:1440px;max-height:262px\">\n<div style=\"clear: both; display: block; margin: 10px 0;\">\n<div style=\"clear: both; width: 100%; display: block; margin: 20px 0; padding: 0; float: none; position: static; text-align: center;\"><img decoding=\"async\"  src=\"https:\/\/a.allegroimg.com\/original\/117a0e\/3b9416e94c92b903d2902a609caa\/1x205-50R17-Goodride-Zuper-Snow-Z507-93V-XL-zimowa-rok-2025-Klasa-ekonomiczna\" srcset=\"https:\/\/a.allegroimg.com\/original\/117a0e\/3b9416e94c92b903d2902a609caa\/1x205-50R17-Goodride-Zuper-Snow-Z507-93V-XL-zimowa-rok-2025-Klasa-ekonomiczna 360w,https:\/\/a.allegroimg.com\/original\/117a0e\/3b9416e94c92b903d2902a609caa\/1x205-50R17-Goodride-Zuper-Snow-Z507-93V-XL-zimowa-rok-2025-Klasa-ekonomiczna 720w,https:\/\/a.allegroimg.com\/original\/117a0e\/3b9416e94c92b903d2902a609caa\/1x205-50R17-Goodride-Zuper-Snow-Z507-93V-XL-zimowa-rok-2025-Klasa-ekonomiczna 1024w,https:\/\/a.allegroimg.com\/original\/117a0e\/3b9416e94c92b903d2902a609caa\/1x205-50R17-Goodride-Zuper-Snow-Z507-93V-XL-zimowa-rok-2025-Klasa-ekonomiczna 1440w,https:\/\/a.allegroimg.com\/original\/117a0e\/3b9416e94c92b903d2902a609caa\/1x205-50R17-Goodride-Zuper-Snow-Z507-93V-XL-zimowa-rok-2025-Klasa-ekonomiczna 1440w\" sizes=\"100vw\" width=\"1440px\" alt=\"1x205\/50R17 Goodride Zuper-Snow Z507 93V XL zimowa rok 2025 Klasa ekonomiczna\"\/ style=\"max-width: 100%; height: auto; display: block; margin: 0 auto;\"><\/div>\n<\/div>\n<\/div>\n<\/div>\n<\/div>\n<\/div>\n<div style=\"clear: both; display: block; margin: 10px 0;\">\n<div style=\"clear: both; display: block; margin: 10px 0;\">\n<div style=\"clear: both; display: block; margin: 10px 0;\">\n<h2>Zhongce Rubber Group Co., Ltd.<\/h2>\n<p style=\"margin: 15px 0; line-height: 1.8; clear: both; display: block; width: 100%; float: none; position: static;\">jest producentem opon marki Goodride<\/p>\n<h3 style=\"color: #2c5aa0; font-size: 18px; margin: 30px 0 15px 0; font-weight: bold; clear: both; display: block; width: 100%; float: none; position: static;\">Najwa\u017cniejsze informacje:<\/h3>\n<p style=\"margin: 15px 0; line-height: 1.8; clear: both; display: block; width: 100%; float: none; position: static;\">Najwi\u0119kszy producent opon w Chinach<\/p>\n<p style=\"margin: 15px 0; line-height: 1.8; clear: both; display: block; width: 100%; float: none; position: static;\">Sta\u0142a dost\u0119pno\u015b\u0107 w Polsce od 16 lat<\/p>\n<h1>Opony na tej aukcji sprzedaje<\/h1>\n<h1>Oficjalny Sklep Goodride.<\/h1>\n<\/div>\n<\/div>\n<div style=\"clear: both; display: block; margin: 10px 0;\">\n<div style=\"clear: both; display: block; margin: 10px 0;\">\n<div  style=\"max-width:415px;max-height:512px\">\n<div style=\"clear: both; display: block; margin: 10px 0;\">\n<div style=\"clear: both; width: 100%; display: block; margin: 20px 0; padding: 0; float: none; position: static; text-align: center;\"><img decoding=\"async\"  src=\"https:\/\/a.allegroimg.com\/original\/11c6b9\/99fde41142d897f6d899c1d0b4ea\/1x205-50R17-Goodride-Zuper-Snow-Z507-93V-XL-zimowa-rok-2025-Profil-opony-50\" srcset=\"https:\/\/a.allegroimg.com\/original\/11c6b9\/99fde41142d897f6d899c1d0b4ea\/1x205-50R17-Goodride-Zuper-Snow-Z507-93V-XL-zimowa-rok-2025-Profil-opony-50 291w,https:\/\/a.allegroimg.com\/original\/11c6b9\/99fde41142d897f6d899c1d0b4ea\/1x205-50R17-Goodride-Zuper-Snow-Z507-93V-XL-zimowa-rok-2025-Profil-opony-50 415w,https:\/\/a.allegroimg.com\/original\/11c6b9\/99fde41142d897f6d899c1d0b4ea\/1x205-50R17-Goodride-Zuper-Snow-Z507-93V-XL-zimowa-rok-2025-Profil-opony-50 415w\" sizes=\"(min-width: 1200px) 560px, (min-width: 992px) 50vw, 100vw\" width=\"415px\" alt=\"1x205\/50R17 Goodride Zuper-Snow Z507 93V XL zimowa rok 2025 Profil opony 50\"\/ style=\"max-width: 100%; height: auto; display: block; margin: 0 auto;\"><\/div>\n<\/div>\n<\/div>\n<\/div>\n<\/div>\n<\/div>\n<div style=\"clear: both; display: block; margin: 10px 0;\">\n<div style=\"clear: both; display: block; margin: 10px 0;\">\n<div style=\"clear: both; display: block; margin: 10px 0;\">\n<p style=\"margin: 15px 0; line-height: 1.8; clear: both; display: block; width: 100%; float: none; position: static;\">[6938112614010GD]<\/p>\n<\/div>\n<\/div>\n<\/div>\n<\/div>\n<\/div>\n<\/div>\n<div style=\"clear: both; display: block; margin: 10px 0;\">\n","protected":false},"excerpt":{"rendered":"<p>Przedmiot aukcji: 1 sztuka fabrycznie nowych opon<\/p>\n<p>Rozmiar: 205\/50R17<\/p>\n<p>Indeksy pr\u0119dko\u015bci i no\u015bno\u015bci: 93V (do 240km\/h)<\/p>\n<p>Marka: Goodride<\/p>\n<p>Rok produkcji: 2025<\/p>\n<p>Sezon:&nbsp;opony zimowe z homologacj\u0105 3PMFS<\/p>\n<p>Segment:&nbsp;klasa ekonomiczna<\/p>\n<p>Nowoczesna, asymetryczna, atrakcyjna wizualnie rze\u017aba bie\u017cnika.<\/p>\n","protected":false},"featured_media":9134,"template":"","meta":{"_uag_custom_page_level_css":""},"product_brand":[379],"product_cat":[414,413,412,415],"product_tag":[],"class_list":{"0":"post-9133","1":"product","2":"type-product","3":"status-publish","4":"has-post-thumbnail","6":"product_brand-goodride","7":"product_cat-do-samochodow-osobowych-i-suv","8":"product_cat-opony","9":"product_cat-opony-i-felgi","10":"product_cat-zimowe","12":"first","13":"instock","14":"sale","15":"shipping-taxable","16":"purchasable","17":"product-type-simple"},"uagb_featured_image_src":{"full":["https:\/\/oponixo.shop\/tire\/wp-content\/uploads\/2025\/12\/allegro-image-9133.jpg",2000,2000,false],"thumbnail":["https:\/\/oponixo.shop\/tire\/wp-content\/uploads\/2025\/12\/allegro-image-9133-150x150.jpg",150,150,true],"medium":["https:\/\/oponixo.shop\/tire\/wp-content\/uploads\/2025\/12\/allegro-image-9133-300x300.jpg",300,300,true],"medium_large":["https:\/\/oponixo.shop\/tire\/wp-content\/uploads\/2025\/12\/allegro-image-9133-768x768.jpg",768,768,true],"large":["https:\/\/oponixo.shop\/tire\/wp-content\/uploads\/2025\/12\/allegro-image-9133-1024x1024.jpg",1024,1024,true],"1536x1536":["https:\/\/oponixo.shop\/tire\/wp-content\/uploads\/2025\/12\/allegro-image-9133-1536x1536.jpg",1536,1536,true],"2048x2048":["https:\/\/oponixo.shop\/tire\/wp-content\/uploads\/2025\/12\/allegro-image-9133.jpg",2000,2000,false],"woocommerce_thumbnail":["https:\/\/oponixo.shop\/tire\/wp-content\/uploads\/2025\/12\/allegro-image-9133-300x300.jpg",300,300,true],"woocommerce_single":["https:\/\/oponixo.shop\/tire\/wp-content\/uploads\/2025\/12\/allegro-image-9133-600x600.jpg",600,600,true],"woocommerce_gallery_thumbnail":["https:\/\/oponixo.shop\/tire\/wp-content\/uploads\/2025\/12\/allegro-image-9133-100x100.jpg",100,100,true]},"uagb_author_info":{"display_name":"admin","author_link":"https:\/\/oponixo.shop\/tire\/author\/"},"uagb_comment_info":0,"uagb_excerpt":"Przedmiot aukcji: 1 sztuka fabrycznie nowych opon Rozmiar: 205\/50R17 Indeksy pr\u0119dko\u015bci i no\u015bno\u015bci: 93V (do 240km\/h) Marka: Goodride Rok produkcji: 2025 Sezon:&nbsp;opony zimowe z homologacj\u0105 3PMFS Segment:&nbsp;klasa ekonomiczna Nowoczesna, asymetryczna, atrakcyjna wizualnie rze\u017aba bie\u017cnika.","_links":{"self":[{"href":"https:\/\/oponixo.shop\/tire\/wp-json\/wp\/v2\/product\/9133","targetHints":{"allow":["GET"]}}],"collection":[{"href":"https:\/\/oponixo.shop\/tire\/wp-json\/wp\/v2\/product"}],"about":[{"href":"https:\/\/oponixo.shop\/tire\/wp-json\/wp\/v2\/types\/product"}],"wp:featuredmedia":[{"embeddable":true,"href":"https:\/\/oponixo.shop\/tire\/wp-json\/wp\/v2\/media\/9134"}],"wp:attachment":[{"href":"https:\/\/oponixo.shop\/tire\/wp-json\/wp\/v2\/media?parent=9133"}],"wp:term":[{"taxonomy":"product_brand","embeddable":true,"href":"https:\/\/oponixo.shop\/tire\/wp-json\/wp\/v2\/product_brand?post=9133"},{"taxonomy":"product_cat","embeddable":true,"href":"https:\/\/oponixo.shop\/tire\/wp-json\/wp\/v2\/product_cat?post=9133"},{"taxonomy":"product_tag","embeddable":true,"href":"https:\/\/oponixo.shop\/tire\/wp-json\/wp\/v2\/product_tag?post=9133"}],"curies":[{"name":"wp","href":"https:\/\/api.w.org\/{rel}","templated":true}]}}