{"id":9043,"date":"2025-12-24T01:50:32","date_gmt":"2025-12-24T01:50:32","guid":{"rendered":"https:\/\/oponyexpert.shop\/xef5\/produkt\/1x-uniroyal-winterexpert-195-65r15-91t\/"},"modified":"2025-12-24T01:50:33","modified_gmt":"2025-12-24T01:50:33","slug":"1x-uniroyal-winterexpert-195-65r15-91t","status":"publish","type":"product","link":"https:\/\/oponixo.shop\/tire\/produkt\/1x-uniroyal-winterexpert-195-65r15-91t\/","title":{"rendered":"1x Uniroyal WinterExpert 195\/65R15 91T"},"content":{"rendered":"<div style=\"font-family: Arial, sans-serif; line-height: 1.6; color: #333; padding: 20px; clear: both; display: block; width: 100%; float: none; position: static; overflow: hidden;\">\n<div style=\"clear: both; display: block; margin: 10px 0;\">\n<div style=\"clear: both; display: block; margin: 10px 0;\">\n<div style=\"clear: both; display: block; margin: 10px 0;\">\n<h1>1x nowe opony zimowe UNIROYAL WINTEREXPERT 195\/65R15 91T<\/h1>\n<p style=\"margin: 15px 0; line-height: 1.8; clear: both; display: block; width: 100%; float: none; position: static;\">Cechy produktu<\/p>\n<ul style=\"margin: 15px 0; padding-left: 20px; clear: both; display: block; width: 100%; float: none; position: static;\">\n<li style=\"margin: 5px 0; padding: 2px 0; clear: both; display: list-item; float: none; position: static;\">Marka: Uniroyal<\/li>\n<li style=\"margin: 5px 0; padding: 2px 0; clear: both; display: list-item; float: none; position: static;\">Model: WinterExpert<\/li>\n<li style=\"margin: 5px 0; padding: 2px 0; clear: both; display: list-item; float: none; position: static;\">Szeroko\u015b\u0107\/profil\/\u015brednica: 195\/65R15<\/li>\n<li style=\"margin: 5px 0; padding: 2px 0; clear: both; display: list-item; float: none; position: static;\">Indeks no\u015bno\u015bci: do 91 (615 kg na opon\u0119)<\/li>\n<li style=\"margin: 5px 0; padding: 2px 0; clear: both; display: list-item; float: none; position: static;\">Indeks pr\u0119dko\u015bci: T (do 190 km\/h)<\/li>\n<li style=\"margin: 5px 0; padding: 2px 0; clear: both; display: list-item; float: none; position: static;\">Sezon: zimowe<\/li>\n<li style=\"margin: 5px 0; padding: 2px 0; clear: both; display: list-item; float: none; position: static;\">Typ pojazdu: osobowy<\/li>\n<li style=\"margin: 5px 0; padding: 2px 0; clear: both; display: list-item; float: none; position: static;\">Klasa energetyczna: C<\/li>\n<li style=\"margin: 5px 0; padding: 2px 0; clear: both; display: list-item; float: none; position: static;\">Klasa przyczepno\u015bci: B<\/li>\n<li style=\"margin: 5px 0; padding: 2px 0; clear: both; display: list-item; float: none; position: static;\">Poziom ha\u0142asu: 72<\/li>\n<li style=\"margin: 5px 0; padding: 2px 0; clear: both; display: list-item; float: none; position: static;\">Klasa ha\u0142asu: B<\/li>\n<li style=\"margin: 5px 0; padding: 2px 0; clear: both; display: list-item; float: none; position: static;\">Rok produkcji: 2025<\/li>\n<\/ul>\n<\/div>\n<\/div>\n<div style=\"clear: both; display: block; margin: 10px 0;\">\n<div style=\"clear: both; display: block; margin: 10px 0;\">\n<div  style=\"max-width:609px;max-height:800px\">\n<div style=\"clear: both; display: block; margin: 10px 0;\">\n<div style=\"clear: both; width: 100%; display: block; margin: 20px 0; padding: 0; float: none; position: static; text-align: center;\"><img decoding=\"async\"  src=\"https:\/\/a.allegroimg.com\/original\/116fa3\/ed5d65f548419cfd0d26adc14125\/1x-Uniroyal-WinterExpert-195-65R15-91T\" srcset=\"https:\/\/a.allegroimg.com\/original\/116fa3\/ed5d65f548419cfd0d26adc14125\/1x-Uniroyal-WinterExpert-195-65R15-91T 274w,https:\/\/a.allegroimg.com\/original\/116fa3\/ed5d65f548419cfd0d26adc14125\/1x-Uniroyal-WinterExpert-195-65R15-91T 548w,https:\/\/a.allegroimg.com\/original\/116fa3\/ed5d65f548419cfd0d26adc14125\/1x-Uniroyal-WinterExpert-195-65R15-91T 609w,https:\/\/a.allegroimg.com\/original\/116fa3\/ed5d65f548419cfd0d26adc14125\/1x-Uniroyal-WinterExpert-195-65R15-91T 609w\" sizes=\"(min-width: 1200px) 560px, (min-width: 992px) 50vw, 100vw\" width=\"609px\" alt=\"1x Uniroyal WinterExpert 195\/65R15 91T\"\/ style=\"max-width: 100%; height: auto; display: block; margin: 0 auto;\"><\/div>\n<\/div>\n<\/div>\n<\/div>\n<\/div>\n<\/div>\n<div style=\"clear: both; display: block; margin: 10px 0;\">\n<div style=\"clear: both; display: block; margin: 10px 0;\">\n<div style=\"clear: both; display: block; margin: 10px 0;\">\n<div  style=\"max-width:212px;max-height:305px\">\n<div style=\"clear: both; display: block; margin: 10px 0;\">\n<div style=\"clear: both; width: 100%; display: block; margin: 20px 0; padding: 0; float: none; position: static; text-align: center;\"><img decoding=\"async\"  src=\"https:\/\/a.allegroimg.com\/original\/11a167\/2b3ff6564e0ba18885edd3a1187f\/1x-Uniroyal-WinterExpert-195-65R15-91T-Liczba-opon-w-ofercie-1-szt\" srcset=\"https:\/\/a.allegroimg.com\/original\/11a167\/2b3ff6564e0ba18885edd3a1187f\/1x-Uniroyal-WinterExpert-195-65R15-91T-Liczba-opon-w-ofercie-1-szt 212w,https:\/\/a.allegroimg.com\/original\/11a167\/2b3ff6564e0ba18885edd3a1187f\/1x-Uniroyal-WinterExpert-195-65R15-91T-Liczba-opon-w-ofercie-1-szt 212w\" sizes=\"(min-width: 1200px) 560px, (min-width: 992px) 50vw, 100vw\" width=\"212px\" alt=\"1x Uniroyal WinterExpert 195\/65R15 91T Liczba opon w ofercie 1 szt.\"\/ style=\"max-width: 100%; height: auto; display: block; margin: 0 auto;\"><\/div>\n<\/div>\n<\/div>\n<\/div>\n<\/div>\n<div style=\"clear: both; display: block; margin: 10px 0;\">\n<div style=\"clear: both; display: block; margin: 10px 0;\">\n<div  style=\"max-width:2467px;max-height:1349px\">\n<div style=\"clear: both; display: block; margin: 10px 0;\">\n<div style=\"clear: both; width: 100%; display: block; margin: 20px 0; padding: 0; float: none; position: static; text-align: center;\"><img decoding=\"async\"  src=\"https:\/\/a.allegroimg.com\/original\/11e4d6\/33e3262f4dd8b46aa24be9466a63\/1x-Uniroyal-WinterExpert-195-65R15-91T-Rok-produkcji-2025\" srcset=\"https:\/\/a.allegroimg.com\/original\/11e4d6\/33e3262f4dd8b46aa24be9466a63\/1x-Uniroyal-WinterExpert-195-65R15-91T-Rok-produkcji-2025 360w,https:\/\/a.allegroimg.com\/original\/11e4d6\/33e3262f4dd8b46aa24be9466a63\/1x-Uniroyal-WinterExpert-195-65R15-91T-Rok-produkcji-2025 720w,https:\/\/a.allegroimg.com\/original\/11e4d6\/33e3262f4dd8b46aa24be9466a63\/1x-Uniroyal-WinterExpert-195-65R15-91T-Rok-produkcji-2025 1024w,https:\/\/a.allegroimg.com\/original\/11e4d6\/33e3262f4dd8b46aa24be9466a63\/1x-Uniroyal-WinterExpert-195-65R15-91T-Rok-produkcji-2025 1440w,https:\/\/a.allegroimg.com\/original\/11e4d6\/33e3262f4dd8b46aa24be9466a63\/1x-Uniroyal-WinterExpert-195-65R15-91T-Rok-produkcji-2025 2467w\" sizes=\"(min-width: 1200px) 560px, (min-width: 992px) 50vw, 100vw\" width=\"2467px\" alt=\"1x Uniroyal WinterExpert 195\/65R15 91T Rok produkcji 2025\"\/ style=\"max-width: 100%; height: auto; display: block; margin: 0 auto;\"><\/div>\n<\/div>\n<\/div>\n<\/div>\n<\/div>\n<\/div>\n<div style=\"clear: both; display: block; margin: 10px 0;\">\n<div style=\"clear: both; display: block; margin: 10px 0;\">\n<div style=\"clear: both; display: block; margin: 10px 0;\">\n<p style=\"margin: 15px 0; line-height: 1.8; clear: both; display: block; width: 100%; float: none; position: static;\">W\u0142a\u015bcicielem marki Uniroyal w Europie jest niemiecki koncern Continental. Marka Uniroyal zawsze by\u0142a innowatorem w bran\u017cy gumowej, a jej pocz\u0105tki si\u0119gaj\u0105 1868 roku. To pierwszy producentem, kt\u00f3ry wprowadzi\u0142 (w 1912 roku) zapobiegaj\u0105cy \u015blizganiu zygzakowy wz\u00f3r bie\u017cnika do swoich opon. W 1969 roku Uniroyal wynalaz\u0142 \u201eopon\u0119 przeciwdeszczow\u0105\u201d i odkry\u0142 jako pierwsza firma zalety kierunkowego bie\u017cnika w kszta\u0142cie litery V. Zesp\u00f3\u0142 badawczo-rozwojowy firmy praktykuje inteligentne podej\u015bcie do projektowania, znajduj\u0105c inspiracj\u0119 w najmniej spodziewanych miejscach. Ta otwarto\u015b\u0107 umys\u0142u  doprowadzi\u0142a mark\u0119 Uniroyal do  technologii Shark Skin, kt\u00f3ra w oparciu o metody biomimikry odtworzy\u0142a zdolno\u015b\u0107 rekin\u00f3w do rozpraszania wody i zredukowania oporu do minimum. Opony Uniroyal s\u0105 obecnie zaliczane do grona najlepszych opon do jazdy w deszczowych warunkach<\/p>\n<\/div>\n<\/div>\n<\/div>\n<\/div>\n<\/div>\n<\/div>\n<div style=\"clear: both; display: block; margin: 10px 0;\">\n","protected":false},"excerpt":{"rendered":"<p>1x nowe opony zimowe UNIROYAL WINTEREXPERT 195\/65R15 91T<\/p>\n<p>Cechy produktu<\/p>\n<p>Marka: Uniroyal<\/p>\n<p>Model: WinterExpert<\/p>\n<p>Szeroko\u015b\u0107\/profil\/\u015brednica: 195\/65R15<\/p>\n<p>Indeks no\u015bno\u015bci: do 91 (615 kg na opon\u0119)<\/p>\n<p>Indeks pr\u0119dko\u015bci: T (do 190 km\/h)<\/p>\n<p>Sezon: zimowe<\/p>\n","protected":false},"featured_media":9044,"template":"","meta":{"_uag_custom_page_level_css":""},"product_brand":[394],"product_cat":[414,413,412,415],"product_tag":[],"class_list":{"0":"post-9043","1":"product","2":"type-product","3":"status-publish","4":"has-post-thumbnail","6":"product_brand-uniroyal","7":"product_cat-do-samochodow-osobowych-i-suv","8":"product_cat-opony","9":"product_cat-opony-i-felgi","10":"product_cat-zimowe","12":"first","13":"instock","14":"sale","15":"shipping-taxable","16":"purchasable","17":"product-type-simple"},"uagb_featured_image_src":{"full":["https:\/\/oponixo.shop\/tire\/wp-content\/uploads\/2025\/12\/allegro-image-9043.jpg",609,800,false],"thumbnail":["https:\/\/oponixo.shop\/tire\/wp-content\/uploads\/2025\/12\/allegro-image-9043-150x150.jpg",150,150,true],"medium":["https:\/\/oponixo.shop\/tire\/wp-content\/uploads\/2025\/12\/allegro-image-9043-228x300.jpg",228,300,true],"medium_large":["https:\/\/oponixo.shop\/tire\/wp-content\/uploads\/2025\/12\/allegro-image-9043.jpg",609,800,false],"large":["https:\/\/oponixo.shop\/tire\/wp-content\/uploads\/2025\/12\/allegro-image-9043.jpg",609,800,false],"1536x1536":["https:\/\/oponixo.shop\/tire\/wp-content\/uploads\/2025\/12\/allegro-image-9043.jpg",609,800,false],"2048x2048":["https:\/\/oponixo.shop\/tire\/wp-content\/uploads\/2025\/12\/allegro-image-9043.jpg",609,800,false],"woocommerce_thumbnail":["https:\/\/oponixo.shop\/tire\/wp-content\/uploads\/2025\/12\/allegro-image-9043-300x300.jpg",300,300,true],"woocommerce_single":["https:\/\/oponixo.shop\/tire\/wp-content\/uploads\/2025\/12\/allegro-image-9043-600x788.jpg",600,788,true],"woocommerce_gallery_thumbnail":["https:\/\/oponixo.shop\/tire\/wp-content\/uploads\/2025\/12\/allegro-image-9043-100x100.jpg",100,100,true]},"uagb_author_info":{"display_name":"admin","author_link":"https:\/\/oponixo.shop\/tire\/author\/"},"uagb_comment_info":0,"uagb_excerpt":"1x nowe opony zimowe UNIROYAL WINTEREXPERT 195\/65R15 91T Cechy produktu Marka: Uniroyal Model: WinterExpert Szeroko\u015b\u0107\/profil\/\u015brednica: 195\/65R15 Indeks no\u015bno\u015bci: do 91 (615 kg na opon\u0119) Indeks pr\u0119dko\u015bci: T (do 190 km\/h) Sezon: zimowe","_links":{"self":[{"href":"https:\/\/oponixo.shop\/tire\/wp-json\/wp\/v2\/product\/9043","targetHints":{"allow":["GET"]}}],"collection":[{"href":"https:\/\/oponixo.shop\/tire\/wp-json\/wp\/v2\/product"}],"about":[{"href":"https:\/\/oponixo.shop\/tire\/wp-json\/wp\/v2\/types\/product"}],"wp:featuredmedia":[{"embeddable":true,"href":"https:\/\/oponixo.shop\/tire\/wp-json\/wp\/v2\/media\/9044"}],"wp:attachment":[{"href":"https:\/\/oponixo.shop\/tire\/wp-json\/wp\/v2\/media?parent=9043"}],"wp:term":[{"taxonomy":"product_brand","embeddable":true,"href":"https:\/\/oponixo.shop\/tire\/wp-json\/wp\/v2\/product_brand?post=9043"},{"taxonomy":"product_cat","embeddable":true,"href":"https:\/\/oponixo.shop\/tire\/wp-json\/wp\/v2\/product_cat?post=9043"},{"taxonomy":"product_tag","embeddable":true,"href":"https:\/\/oponixo.shop\/tire\/wp-json\/wp\/v2\/product_tag?post=9043"}],"curies":[{"name":"wp","href":"https:\/\/api.w.org\/{rel}","templated":true}]}}