{"id":9013,"date":"2025-12-24T01:50:24","date_gmt":"2025-12-24T01:50:24","guid":{"rendered":"https:\/\/oponyexpert.shop\/xef5\/produkt\/opony-caloroczne-175-65-r14-2x-debica-navigator3-82t-65r14\/"},"modified":"2025-12-24T01:50:24","modified_gmt":"2025-12-24T01:50:24","slug":"opony-caloroczne-175-65-r14-2x-debica-navigator3-82t-65r14","status":"publish","type":"product","link":"https:\/\/oponexa.shop\/tire\/produkt\/opony-caloroczne-175-65-r14-2x-debica-navigator3-82t-65r14\/","title":{"rendered":"Opony ca\u0142oroczne 175 65 R14 2x D\u0119bica Navigator3 82T 65R14"},"content":{"rendered":"<div style=\"font-family: Arial, sans-serif; line-height: 1.6; color: #333; padding: 20px; clear: both; display: block; width: 100%; float: none; position: static; overflow: hidden;\">\n<div style=\"clear: both; display: block; margin: 10px 0;\">\n<div style=\"clear: both; display: block; margin: 10px 0;\">\n<div style=\"clear: both; display: block; margin: 10px 0;\">\n<p style=\"margin: 15px 0; line-height: 1.8; clear: both; display: block; width: 100%; float: none; position: static;\">D\u0118BICA<\/p>\n<h3 style=\"color: #2c5aa0; font-size: 18px; margin: 30px 0 15px 0; font-weight: bold; clear: both; display: block; width: 100%; float: none; position: static;\">Model:<\/h3>\n<p style=\"margin: 15px 0; line-height: 1.8; clear: both; display: block; width: 100%; float: none; position: static;\">NAVIGATOR 3 &#8211; NOWO\u015aC<\/p>\n<h3 style=\"color: #2c5aa0; font-size: 18px; margin: 30px 0 15px 0; font-weight: bold; clear: both; display: block; width: 100%; float: none; position: static;\">Rozmiar:<\/h3>\n<p style=\"margin: 15px 0; line-height: 1.8; clear: both; display: block; width: 100%; float: none; position: static;\">175\/65R14<\/p>\n<h3 style=\"color: #2c5aa0; font-size: 18px; margin: 30px 0 15px 0; font-weight: bold; clear: both; display: block; width: 100%; float: none; position: static;\">Indeksy:<\/h3>\n<p style=\"margin: 15px 0; line-height: 1.8; clear: both; display: block; width: 100%; float: none; position: static;\">82 T \/ 190 km\/h<\/p>\n<h3 style=\"color: #2c5aa0; font-size: 18px; margin: 30px 0 15px 0; font-weight: bold; clear: both; display: block; width: 100%; float: none; position: static;\">Sezon:<\/h3>\n<p style=\"margin: 15px 0; line-height: 1.8; clear: both; display: block; width: 100%; float: none; position: static;\">CA\u0141OROCZNA<\/p>\n<p style=\"margin: 15px 0; line-height: 1.8; clear: both; display: block; width: 100%; float: none; position: static;\">Op\u00f3r toczenia : <b>C<\/b><\/p>\n<p style=\"margin: 15px 0; line-height: 1.8; clear: both; display: block; width: 100%; float: none; position: static;\">Hamowanie na mokrej nawierzchni : <b>B<\/b><\/p>\n<p style=\"margin: 15px 0; line-height: 1.8; clear: both; display: block; width: 100%; float: none; position: static;\">Ha\u0142as w dB : 69<b> dB ))<\/b><\/p>\n<\/div>\n<\/div>\n<\/div>\n<div style=\"clear: both; display: block; margin: 10px 0;\">\n<div style=\"clear: both; display: block; margin: 10px 0;\">\n<div style=\"clear: both; display: block; margin: 10px 0;\">\n<h3 style=\"color: #2c5aa0; font-size: 18px; margin: 30px 0 15px 0; font-weight: bold; clear: both; display: block; width: 100%; float: none; position: static;\">NAVIGATOR 3<\/h3>\n<p style=\"margin: 15px 0; line-height: 1.8; clear: both; display: block; width: 100%; float: none; position: static;\">To opona ca\u0142oroczna nowej generacji. Zapewnia lepsze osi\u0105gi, stworzona z wykorzystaniem nowoczesnych technologii. Zaprojektowana z my\u015bl\u0105 o bezpiecznej je\u017adzie na za\u015bnie\u017conej i mokrej nawierzchni .<\/p>\n<p style=\"margin: 15px 0; line-height: 1.8; clear: both; display: block; width: 100%; float: none; position: static;\">Jej cechy najwa\u017cniejsze to:<\/p>\n<ul style=\"margin: 15px 0; padding-left: 20px; clear: both; display: block; width: 100%; float: none; position: static;\">\n<li style=\"margin: 5px 0; padding: 2px 0; clear: both; display: list-item; float: none; position: static;\">Pewne prowadzenie na mokrych nawierzchniach<\/li>\n<li style=\"margin: 5px 0; padding: 2px 0; clear: both; display: list-item; float: none; position: static;\">Niezawodna kontrola podczas jazdy na \u015bniegu<\/li>\n<li style=\"margin: 5px 0; padding: 2px 0; clear: both; display: list-item; float: none; position: static;\">Ekonomiczno\u015b\u0107 \u2014 trwa\u0142a i zapewniaj\u0105ca oszcz\u0119dno\u015b\u0107 paliwa<\/li>\n<li style=\"margin: 5px 0; padding: 2px 0; clear: both; display: list-item; float: none; position: static;\">Opona zosta\u0142a opatrzona certyfikatem zdatno\u015bci do u\u017cytkowania w warunkach zimowych.<\/li>\n<\/ul>\n<\/div>\n<\/div>\n<\/div>\n<div style=\"clear: both; display: block; margin: 10px 0;\">\n<div style=\"clear: both; display: block; margin: 10px 0;\">\n<div style=\"clear: both; display: block; margin: 10px 0;\">\n<div  style=\"max-width:800px;max-height:784px\">\n<div style=\"clear: both; display: block; margin: 10px 0;\">\n<div style=\"clear: both; width: 100%; display: block; margin: 20px 0; padding: 0; float: none; position: static; text-align: center;\"><img decoding=\"async\"  src=\"https:\/\/a.allegroimg.com\/original\/115cca\/0d7c2b374e71af91071456e0f0f1\/Opony-caloroczne-175-65-R14-2x-Debica-Navigator3-82T-65R14\" srcset=\"https:\/\/a.allegroimg.com\/original\/115cca\/0d7c2b374e71af91071456e0f0f1\/Opony-caloroczne-175-65-R14-2x-Debica-Navigator3-82T-65R14 360w,https:\/\/a.allegroimg.com\/original\/115cca\/0d7c2b374e71af91071456e0f0f1\/Opony-caloroczne-175-65-R14-2x-Debica-Navigator3-82T-65R14 720w,https:\/\/a.allegroimg.com\/original\/115cca\/0d7c2b374e71af91071456e0f0f1\/Opony-caloroczne-175-65-R14-2x-Debica-Navigator3-82T-65R14 800w,https:\/\/a.allegroimg.com\/original\/115cca\/0d7c2b374e71af91071456e0f0f1\/Opony-caloroczne-175-65-R14-2x-Debica-Navigator3-82T-65R14 800w\" sizes=\"(min-width: 1200px) 560px, (min-width: 992px) 50vw, 100vw\" width=\"800px\" alt=\"Opony ca\u0142oroczne 175 65 R14 2x D\u0119bica Navigator3 82T 65R14\"\/ style=\"max-width: 100%; height: auto; display: block; margin: 0 auto;\"><\/div>\n<\/div>\n<\/div>\n<\/div>\n<\/div>\n<div style=\"clear: both; display: block; margin: 10px 0;\">\n<div style=\"clear: both; display: block; margin: 10px 0;\">\n<div  style=\"max-width:800px;max-height:1067px\">\n<div style=\"clear: both; display: block; margin: 10px 0;\">\n<div style=\"clear: both; width: 100%; display: block; margin: 20px 0; padding: 0; float: none; position: static; text-align: center;\"><img decoding=\"async\"  src=\"https:\/\/a.allegroimg.com\/original\/1170e3\/006e171d4429b0b5cb7fe2ab1079\/Opony-caloroczne-175-65-R14-2x-Debica-Navigator3-82T-65R14-Liczba-opon-w-ofercie-2-szt\" srcset=\"https:\/\/a.allegroimg.com\/original\/1170e3\/006e171d4429b0b5cb7fe2ab1079\/Opony-caloroczne-175-65-R14-2x-Debica-Navigator3-82T-65R14-Liczba-opon-w-ofercie-2-szt 269w,https:\/\/a.allegroimg.com\/original\/1170e3\/006e171d4429b0b5cb7fe2ab1079\/Opony-caloroczne-175-65-R14-2x-Debica-Navigator3-82T-65R14-Liczba-opon-w-ofercie-2-szt 539w,https:\/\/a.allegroimg.com\/original\/1170e3\/006e171d4429b0b5cb7fe2ab1079\/Opony-caloroczne-175-65-R14-2x-Debica-Navigator3-82T-65R14-Liczba-opon-w-ofercie-2-szt 767w,https:\/\/a.allegroimg.com\/original\/1170e3\/006e171d4429b0b5cb7fe2ab1079\/Opony-caloroczne-175-65-R14-2x-Debica-Navigator3-82T-65R14-Liczba-opon-w-ofercie-2-szt 800w,https:\/\/a.allegroimg.com\/original\/1170e3\/006e171d4429b0b5cb7fe2ab1079\/Opony-caloroczne-175-65-R14-2x-Debica-Navigator3-82T-65R14-Liczba-opon-w-ofercie-2-szt 800w\" sizes=\"(min-width: 1200px) 560px, (min-width: 992px) 50vw, 100vw\" width=\"800px\" alt=\"Opony ca\u0142oroczne 175 65 R14 2x D\u0119bica Navigator3 82T 65R14 Liczba opon w ofercie 2 szt.\"\/ style=\"max-width: 100%; height: auto; display: block; margin: 0 auto;\"><\/div>\n<\/div>\n<\/div>\n<\/div>\n<\/div>\n<\/div>\n<div style=\"clear: both; display: block; margin: 10px 0;\">\n<div style=\"clear: both; display: block; margin: 10px 0;\">\n<div style=\"clear: both; display: block; margin: 10px 0;\">\n<div  style=\"max-width:800px;max-height:1850px\">\n<div style=\"clear: both; display: block; margin: 10px 0;\">\n<div style=\"clear: both; width: 100%; display: block; margin: 20px 0; padding: 0; float: none; position: static; text-align: center;\"><img decoding=\"async\"  src=\"https:\/\/a.allegroimg.com\/original\/116aef\/d5bf1f824c5eb43daee5a6f9972e\/Opony-caloroczne-175-65-R14-2x-Debica-Navigator3-82T-65R14-Rok-produkcji-2025\" srcset=\"https:\/\/a.allegroimg.com\/original\/116aef\/d5bf1f824c5eb43daee5a6f9972e\/Opony-caloroczne-175-65-R14-2x-Debica-Navigator3-82T-65R14-Rok-produkcji-2025 155w,https:\/\/a.allegroimg.com\/original\/116aef\/d5bf1f824c5eb43daee5a6f9972e\/Opony-caloroczne-175-65-R14-2x-Debica-Navigator3-82T-65R14-Rok-produkcji-2025 311w,https:\/\/a.allegroimg.com\/original\/116aef\/d5bf1f824c5eb43daee5a6f9972e\/Opony-caloroczne-175-65-R14-2x-Debica-Navigator3-82T-65R14-Rok-produkcji-2025 442w,https:\/\/a.allegroimg.com\/original\/116aef\/d5bf1f824c5eb43daee5a6f9972e\/Opony-caloroczne-175-65-R14-2x-Debica-Navigator3-82T-65R14-Rok-produkcji-2025 622w,https:\/\/a.allegroimg.com\/original\/116aef\/d5bf1f824c5eb43daee5a6f9972e\/Opony-caloroczne-175-65-R14-2x-Debica-Navigator3-82T-65R14-Rok-produkcji-2025 800w\" sizes=\"100vw\" width=\"800px\" alt=\"Opony ca\u0142oroczne 175 65 R14 2x D\u0119bica Navigator3 82T 65R14 Rok produkcji 2025\"\/ style=\"max-width: 100%; height: auto; display: block; margin: 0 auto;\"><\/div>\n<\/div>\n<\/div>\n<\/div>\n<\/div>\n<\/div>\n<\/div>\n<\/div>\n<\/div>\n<div style=\"clear: both; display: block; margin: 10px 0;\">\n","protected":false},"excerpt":{"rendered":"<p>D\u0118BICA<\/p>\n<p>Model:<\/p>\n<p>NAVIGATOR 3 &#8211; NOWO\u015aC<\/p>\n<p>Rozmiar:<\/p>\n<p>175\/65R14<\/p>\n<p>Indeksy:<\/p>\n<p>82 T \/ 190 km\/h<\/p>\n<p>Sezon:<\/p>\n","protected":false},"featured_media":9014,"template":"","meta":{"_uag_custom_page_level_css":""},"product_brand":[378],"product_cat":[416,414,413,412],"product_tag":[],"class_list":{"0":"post-9013","1":"product","2":"type-product","3":"status-publish","4":"has-post-thumbnail","6":"product_brand-debica","7":"product_cat-caloroczne","8":"product_cat-do-samochodow-osobowych-i-suv","9":"product_cat-opony","10":"product_cat-opony-i-felgi","12":"first","13":"instock","14":"sale","15":"shipping-taxable","16":"purchasable","17":"product-type-simple"},"uagb_featured_image_src":{"full":["https:\/\/oponexa.shop\/tire\/wp-content\/uploads\/2025\/12\/allegro-image-9013.jpg",800,784,false],"thumbnail":["https:\/\/oponexa.shop\/tire\/wp-content\/uploads\/2025\/12\/allegro-image-9013-150x150.jpg",150,150,true],"medium":["https:\/\/oponexa.shop\/tire\/wp-content\/uploads\/2025\/12\/allegro-image-9013-300x294.jpg",300,294,true],"medium_large":["https:\/\/oponexa.shop\/tire\/wp-content\/uploads\/2025\/12\/allegro-image-9013-768x753.jpg",768,753,true],"large":["https:\/\/oponexa.shop\/tire\/wp-content\/uploads\/2025\/12\/allegro-image-9013.jpg",800,784,false],"1536x1536":["https:\/\/oponexa.shop\/tire\/wp-content\/uploads\/2025\/12\/allegro-image-9013.jpg",800,784,false],"2048x2048":["https:\/\/oponexa.shop\/tire\/wp-content\/uploads\/2025\/12\/allegro-image-9013.jpg",800,784,false],"woocommerce_thumbnail":["https:\/\/oponexa.shop\/tire\/wp-content\/uploads\/2025\/12\/allegro-image-9013-300x300.jpg",300,300,true],"woocommerce_single":["https:\/\/oponexa.shop\/tire\/wp-content\/uploads\/2025\/12\/allegro-image-9013-600x588.jpg",600,588,true],"woocommerce_gallery_thumbnail":["https:\/\/oponexa.shop\/tire\/wp-content\/uploads\/2025\/12\/allegro-image-9013-100x100.jpg",100,100,true]},"uagb_author_info":{"display_name":"admin","author_link":"https:\/\/oponexa.shop\/tire\/author\/"},"uagb_comment_info":0,"uagb_excerpt":"D\u0118BICA Model: NAVIGATOR 3 - NOWO\u015aC Rozmiar: 175\/65R14 Indeksy: 82 T \/ 190 km\/h Sezon:","_links":{"self":[{"href":"https:\/\/oponexa.shop\/tire\/wp-json\/wp\/v2\/product\/9013","targetHints":{"allow":["GET"]}}],"collection":[{"href":"https:\/\/oponexa.shop\/tire\/wp-json\/wp\/v2\/product"}],"about":[{"href":"https:\/\/oponexa.shop\/tire\/wp-json\/wp\/v2\/types\/product"}],"wp:featuredmedia":[{"embeddable":true,"href":"https:\/\/oponexa.shop\/tire\/wp-json\/wp\/v2\/media\/9014"}],"wp:attachment":[{"href":"https:\/\/oponexa.shop\/tire\/wp-json\/wp\/v2\/media?parent=9013"}],"wp:term":[{"taxonomy":"product_brand","embeddable":true,"href":"https:\/\/oponexa.shop\/tire\/wp-json\/wp\/v2\/product_brand?post=9013"},{"taxonomy":"product_cat","embeddable":true,"href":"https:\/\/oponexa.shop\/tire\/wp-json\/wp\/v2\/product_cat?post=9013"},{"taxonomy":"product_tag","embeddable":true,"href":"https:\/\/oponexa.shop\/tire\/wp-json\/wp\/v2\/product_tag?post=9013"}],"curies":[{"name":"wp","href":"https:\/\/api.w.org\/{rel}","templated":true}]}}