{"id":9011,"date":"2025-12-24T01:50:23","date_gmt":"2025-12-24T01:50:23","guid":{"rendered":"https:\/\/oponyexpert.shop\/xef5\/produkt\/opona-caloroczna-debica-navigator-3-175-65r14-82-t-przyczepnosc-na-sniegu\/"},"modified":"2025-12-24T01:50:24","modified_gmt":"2025-12-24T01:50:24","slug":"opona-caloroczna-debica-navigator-3-175-65r14-82-t-przyczepnosc-na-sniegu","status":"publish","type":"product","link":"https:\/\/oponexa.shop\/tire\/produkt\/opona-caloroczna-debica-navigator-3-175-65r14-82-t-przyczepnosc-na-sniegu\/","title":{"rendered":"Opona ca\u0142oroczna D\u0119bica Navigator 3 175\/65R14 82 T przyczepno\u015b\u0107 na \u015bniegu"},"content":{"rendered":"<div style=\"font-family: Arial, sans-serif; line-height: 1.6; color: #333; padding: 20px; clear: both; display: block; width: 100%; float: none; position: static; overflow: hidden;\">\n<div style=\"clear: both; display: block; margin: 10px 0;\">\n<div style=\"clear: both; display: block; margin: 10px 0;\">\n<div style=\"clear: both; display: block; margin: 10px 0;\">\n<div  style=\"max-width:1000px;max-height:1000px\">\n<div style=\"clear: both; display: block; margin: 10px 0;\">\n<div style=\"clear: both; width: 100%; display: block; margin: 20px 0; padding: 0; float: none; position: static; text-align: center;\"><img decoding=\"async\"  src=\"https:\/\/a.allegroimg.com\/original\/115906\/2e28b1444dd5bb2323ac7e82e8ac\/Opona-caloroczna-Debica-Navigator-3-175-65R14-82-T-przyczepnosc-na-sniegu-Kod-producenta-579134\" srcset=\"https:\/\/a.allegroimg.com\/original\/115906\/2e28b1444dd5bb2323ac7e82e8ac\/Opona-caloroczna-Debica-Navigator-3-175-65R14-82-T-przyczepnosc-na-sniegu-Kod-producenta-579134 360w,https:\/\/a.allegroimg.com\/original\/115906\/2e28b1444dd5bb2323ac7e82e8ac\/Opona-caloroczna-Debica-Navigator-3-175-65R14-82-T-przyczepnosc-na-sniegu-Kod-producenta-579134 720w,https:\/\/a.allegroimg.com\/original\/115906\/2e28b1444dd5bb2323ac7e82e8ac\/Opona-caloroczna-Debica-Navigator-3-175-65R14-82-T-przyczepnosc-na-sniegu-Kod-producenta-579134 1000w,https:\/\/a.allegroimg.com\/original\/115906\/2e28b1444dd5bb2323ac7e82e8ac\/Opona-caloroczna-Debica-Navigator-3-175-65R14-82-T-przyczepnosc-na-sniegu-Kod-producenta-579134 1000w\" sizes=\"100vw\" width=\"1000px\" alt=\"Opona ca\u0142oroczna D\u0119bica Navigator 3 175\/65R14 82 T przyczepno\u015b\u0107 na \u015bniegu Kod producenta 579134\"\/ style=\"max-width: 100%; height: auto; display: block; margin: 0 auto;\"><\/div>\n<\/div>\n<\/div>\n<\/div>\n<\/div>\n<\/div>\n<div style=\"clear: both; display: block; margin: 10px 0;\">\n<div style=\"clear: both; display: block; margin: 10px 0;\">\n<div style=\"clear: both; display: block; margin: 10px 0;\">\n<p style=\"margin: 15px 0; line-height: 1.8; clear: both; display: block; width: 100%; float: none; position: static;\"><b>D\u0118BICA NAVIGATOR 3<\/b> 175\/65 R14 82T<\/p>\n<ul style=\"margin: 15px 0; padding-left: 20px; clear: both; display: block; width: 100%; float: none; position: static;\">\n<li style=\"margin: 5px 0; padding: 2px 0; clear: both; display: list-item; float: none; position: static;\"><b>Sezon<\/b>: Ca\u0142oroczne\/Wielosezonowe<\/li>\n<li style=\"margin: 5px 0; padding: 2px 0; clear: both; display: list-item; float: none; position: static;\"><b>Przeznaczenie:<\/b> samochody osobowe<\/li>\n<li style=\"margin: 5px 0; padding: 2px 0; clear: both; display: list-item; float: none; position: static;\"><b>Indeks no\u015bno\u015bci:<\/b> 82<\/li>\n<li style=\"margin: 5px 0; padding: 2px 0; clear: both; display: list-item; float: none; position: static;\"><b>Indeks pr\u0119dko\u015bci:<\/b> T &#8211; 190 km\/h<\/li>\n<li style=\"margin: 5px 0; padding: 2px 0; clear: both; display: list-item; float: none; position: static;\"><b>Model bie\u017cnika:<\/b> Navigator 3<\/li>\n<li style=\"margin: 5px 0; padding: 2px 0; clear: both; display: list-item; float: none; position: static;\"><b>Przyczepno\u015b\u0107 na lodzie:<\/b>&nbsp;Nie<\/li>\n<li style=\"margin: 5px 0; padding: 2px 0; clear: both; display: list-item; float: none; position: static;\"><b>Przyczepno\u015b\u0107 na \u015bniegu:<\/b>&nbsp;Tak<\/li>\n<li style=\"margin: 5px 0; padding: 2px 0; clear: both; display: list-item; float: none; position: static;\"><b>Data produkcji:<\/b>&nbsp;2025<\/li>\n<\/ul>\n<\/div>\n<\/div>\n<div style=\"clear: both; display: block; margin: 10px 0;\">\n<div style=\"clear: both; display: block; margin: 10px 0;\">\n<div  style=\"max-width:999px;max-height:880px\">\n<div style=\"clear: both; display: block; margin: 10px 0;\">\n<div style=\"clear: both; width: 100%; display: block; margin: 20px 0; padding: 0; float: none; position: static; text-align: center;\"><img decoding=\"async\"  src=\"https:\/\/a.allegroimg.com\/original\/111b15\/b20c71594477812eed09a291eadf\/Opona-caloroczna-Debica-Navigator-3-175-65R14-82-T-przyczepnosc-na-sniegu\" srcset=\"https:\/\/a.allegroimg.com\/original\/111b15\/b20c71594477812eed09a291eadf\/Opona-caloroczna-Debica-Navigator-3-175-65R14-82-T-przyczepnosc-na-sniegu 360w,https:\/\/a.allegroimg.com\/original\/111b15\/b20c71594477812eed09a291eadf\/Opona-caloroczna-Debica-Navigator-3-175-65R14-82-T-przyczepnosc-na-sniegu 720w,https:\/\/a.allegroimg.com\/original\/111b15\/b20c71594477812eed09a291eadf\/Opona-caloroczna-Debica-Navigator-3-175-65R14-82-T-przyczepnosc-na-sniegu 999w,https:\/\/a.allegroimg.com\/original\/111b15\/b20c71594477812eed09a291eadf\/Opona-caloroczna-Debica-Navigator-3-175-65R14-82-T-przyczepnosc-na-sniegu 999w\" sizes=\"(min-width: 1200px) 560px, (min-width: 992px) 50vw, 100vw\" width=\"999px\" alt=\"Opona ca\u0142oroczna D\u0119bica Navigator 3 175\/65R14 82 T przyczepno\u015b\u0107 na \u015bniegu\"\/ style=\"max-width: 100%; height: auto; display: block; margin: 0 auto;\"><\/div>\n<\/div>\n<\/div>\n<\/div>\n<\/div>\n<\/div>\n<div style=\"clear: both; display: block; margin: 10px 0;\">\n<div style=\"clear: both; display: block; margin: 10px 0;\">\n<div style=\"clear: both; display: block; margin: 10px 0;\">\n<h3 style=\"color: #2c5aa0; font-size: 18px; margin: 30px 0 15px 0; font-weight: bold; clear: both; display: block; width: 100%; float: none; position: static;\">NAVIGATOR 3<\/h3>\n<p style=\"margin: 15px 0; line-height: 1.8; clear: both; display: block; width: 100%; float: none; position: static;\">To opona ca\u0142oroczna nowej generacji. Zapewnia lepsze osi\u0105gi, stworzona z wykorzystaniem nowoczesnych technologii. Zaprojektowana z my\u015bl\u0105 o bezpiecznej je\u017adzie na za\u015bnie\u017conej i mokrej nawierzchni .<\/p>\n<p style=\"margin: 15px 0; line-height: 1.8; clear: both; display: block; width: 100%; float: none; position: static;\">Jej cechy najwa\u017cniejsze to:<\/p>\n<ul style=\"margin: 15px 0; padding-left: 20px; clear: both; display: block; width: 100%; float: none; position: static;\">\n<li style=\"margin: 5px 0; padding: 2px 0; clear: both; display: list-item; float: none; position: static;\">Pewne prowadzenie na mokrych nawierzchniach<\/li>\n<li style=\"margin: 5px 0; padding: 2px 0; clear: both; display: list-item; float: none; position: static;\">Niezawodna kontrola podczas jazdy na \u015bniegu<\/li>\n<li style=\"margin: 5px 0; padding: 2px 0; clear: both; display: list-item; float: none; position: static;\">Ekonomiczno\u015b\u0107 \u2014 trwa\u0142a i zapewniaj\u0105ca oszcz\u0119dno\u015b\u0107 paliwa<\/li>\n<li style=\"margin: 5px 0; padding: 2px 0; clear: both; display: list-item; float: none; position: static;\">Opona zosta\u0142a opatrzona certyfikatem zdatno\u015bci do u\u017cytkowania w warunkach zimowych.<\/li>\n<\/ul>\n<\/div>\n<\/div>\n<\/div>\n<div style=\"clear: both; display: block; margin: 10px 0;\">\n<div style=\"clear: both; display: block; margin: 10px 0;\">\n<div style=\"clear: both; display: block; margin: 10px 0;\">\n<div  style=\"max-width:886px;max-height:1299px\">\n<div style=\"clear: both; display: block; margin: 10px 0;\">\n<div style=\"clear: both; width: 100%; display: block; margin: 20px 0; padding: 0; float: none; position: static; text-align: center;\"><img decoding=\"async\"  src=\"https:\/\/a.allegroimg.com\/original\/00be3e\/45fc08264852b02d70468f2556f1\/Opona-caloroczna-Debica-Navigator-3-175-65R14-82-T-przyczepnosc-na-sniegu-Model-Navigator-3\" srcset=\"https:\/\/a.allegroimg.com\/original\/00be3e\/45fc08264852b02d70468f2556f1\/Opona-caloroczna-Debica-Navigator-3-175-65R14-82-T-przyczepnosc-na-sniegu-Model-Navigator-3 245w,https:\/\/a.allegroimg.com\/original\/00be3e\/45fc08264852b02d70468f2556f1\/Opona-caloroczna-Debica-Navigator-3-175-65R14-82-T-przyczepnosc-na-sniegu-Model-Navigator-3 491w,https:\/\/a.allegroimg.com\/original\/00be3e\/45fc08264852b02d70468f2556f1\/Opona-caloroczna-Debica-Navigator-3-175-65R14-82-T-przyczepnosc-na-sniegu-Model-Navigator-3 698w,https:\/\/a.allegroimg.com\/original\/00be3e\/45fc08264852b02d70468f2556f1\/Opona-caloroczna-Debica-Navigator-3-175-65R14-82-T-przyczepnosc-na-sniegu-Model-Navigator-3 886w,https:\/\/a.allegroimg.com\/original\/00be3e\/45fc08264852b02d70468f2556f1\/Opona-caloroczna-Debica-Navigator-3-175-65R14-82-T-przyczepnosc-na-sniegu-Model-Navigator-3 886w\" sizes=\"(min-width: 1200px) 560px, (min-width: 992px) 50vw, 100vw\" width=\"886px\" alt=\"Opona ca\u0142oroczna D\u0119bica Navigator 3 175\/65R14 82 T przyczepno\u015b\u0107 na \u015bniegu Model Navigator 3\"\/ style=\"max-width: 100%; height: auto; display: block; margin: 0 auto;\"><\/div>\n<\/div>\n<\/div>\n<\/div>\n<\/div>\n<div style=\"clear: both; display: block; margin: 10px 0;\">\n<div style=\"clear: both; display: block; margin: 10px 0;\">\n<p style=\"margin: 15px 0; line-height: 1.8; clear: both; display: block; width: 100%; float: none; position: static;\">Etykieta UE na opony zawiera&nbsp; informacje&nbsp; o parametrach bezpiecze\u0144stwa i cechach \u015brodowiskowych ka\u017cdej opony. Pomaga&nbsp; ona por\u00f3wna\u0107 opony pod wzgl\u0119dem&nbsp; przyczepno\u015bci na&nbsp; mokrej nawierzchni, oszcz\u0119dno\u015bci paliwa oraz ha\u0142asu.<\/p>\n<ul style=\"margin: 15px 0; padding-left: 20px; clear: both; display: block; width: 100%; float: none; position: static;\">\n<li style=\"margin: 5px 0; padding: 2px 0; clear: both; display: list-item; float: none; position: static;\"><b>efektywno\u015b\u0107 paliwowa<\/b>&nbsp;&#8211; oszcz\u0119dno\u015b\u0107 paliwa to miara opor\u00f3w toczenia opony. Opona o niskich oporach toczenia pozwala ograniczy\u0107 zu\u017cycie paliwa, poniewa\u017c wymaga mniej energii do wprawienia w ruch.<\/li>\n<li style=\"margin: 5px 0; padding: 2px 0; clear: both; display: list-item; float: none; position: static;\"><b>ikona opony i deszczu<\/b>&nbsp;&#8211; przyczepno\u015b\u0107 na mokrej nawierzchni jest miar\u0105 zdolno\u015bci opony do hamowania na mokrych drogach.<\/li>\n<li style=\"margin: 5px 0; padding: 2px 0; clear: both; display: list-item; float: none; position: static;\"><b>opona z g\u0142o\u015bnikiem<\/b>&nbsp;&#8211; poziom zewn\u0119trznego ha\u0142asu emitowanego przez opon\u0119 (w decybelach) Klasa g\u0142o\u015bno\u015bci w skali od A (ciche) do C (g\u0142o\u015bne)<\/li>\n<li style=\"margin: 5px 0; padding: 2px 0; clear: both; display: list-item; float: none; position: static;\"><b>\u015bnie\u017cynka<\/b>&nbsp;<b>na tle g\u00f3ry-&nbsp;<\/b>&nbsp;opona do u\u017cytku w trudnych warunkach \u015bniegowych<\/li>\n<\/ul>\n<\/div>\n<\/div>\n<\/div>\n<\/div>\n<\/div>\n<\/div>\n<div style=\"clear: both; display: block; margin: 10px 0;\">\n","protected":false},"excerpt":{"rendered":"<p>D\u0118BICA NAVIGATOR 3 175\/65 R14 82T<\/p>\n<p>Sezon: Ca\u0142oroczne\/Wielosezonowe<\/p>\n<p>Przeznaczenie: samochody osobowe<\/p>\n<p>Indeks no\u015bno\u015bci: 82<\/p>\n<p>Indeks pr\u0119dko\u015bci: T &#8211; 190 km\/h<\/p>\n<p>Model bie\u017cnika: Navigator 3<\/p>\n<p>Przyczepno\u015b\u0107 na lodzie:&nbsp;Nie<\/p>\n<p>Przyczepno\u015b\u0107 na \u015bniegu:&nbsp;Tak<\/p>\n","protected":false},"featured_media":9012,"template":"","meta":{"_uag_custom_page_level_css":""},"product_brand":[378],"product_cat":[416,414,413,412],"product_tag":[],"class_list":{"0":"post-9011","1":"product","2":"type-product","3":"status-publish","4":"has-post-thumbnail","6":"product_brand-debica","7":"product_cat-caloroczne","8":"product_cat-do-samochodow-osobowych-i-suv","9":"product_cat-opony","10":"product_cat-opony-i-felgi","12":"first","13":"instock","14":"sale","15":"shipping-taxable","16":"purchasable","17":"product-type-simple"},"uagb_featured_image_src":{"full":["https:\/\/oponexa.shop\/tire\/wp-content\/uploads\/2025\/12\/allegro-image-9011.jpg",999,880,false],"thumbnail":["https:\/\/oponexa.shop\/tire\/wp-content\/uploads\/2025\/12\/allegro-image-9011-150x150.jpg",150,150,true],"medium":["https:\/\/oponexa.shop\/tire\/wp-content\/uploads\/2025\/12\/allegro-image-9011-300x264.jpg",300,264,true],"medium_large":["https:\/\/oponexa.shop\/tire\/wp-content\/uploads\/2025\/12\/allegro-image-9011-768x677.jpg",768,677,true],"large":["https:\/\/oponexa.shop\/tire\/wp-content\/uploads\/2025\/12\/allegro-image-9011.jpg",999,880,false],"1536x1536":["https:\/\/oponexa.shop\/tire\/wp-content\/uploads\/2025\/12\/allegro-image-9011.jpg",999,880,false],"2048x2048":["https:\/\/oponexa.shop\/tire\/wp-content\/uploads\/2025\/12\/allegro-image-9011.jpg",999,880,false],"woocommerce_thumbnail":["https:\/\/oponexa.shop\/tire\/wp-content\/uploads\/2025\/12\/allegro-image-9011-300x300.jpg",300,300,true],"woocommerce_single":["https:\/\/oponexa.shop\/tire\/wp-content\/uploads\/2025\/12\/allegro-image-9011-600x529.jpg",600,529,true],"woocommerce_gallery_thumbnail":["https:\/\/oponexa.shop\/tire\/wp-content\/uploads\/2025\/12\/allegro-image-9011-100x100.jpg",100,100,true]},"uagb_author_info":{"display_name":"admin","author_link":"https:\/\/oponexa.shop\/tire\/author\/"},"uagb_comment_info":0,"uagb_excerpt":"D\u0118BICA NAVIGATOR 3 175\/65 R14 82T Sezon: Ca\u0142oroczne\/Wielosezonowe Przeznaczenie: samochody osobowe Indeks no\u015bno\u015bci: 82 Indeks pr\u0119dko\u015bci: T - 190 km\/h Model bie\u017cnika: Navigator 3 Przyczepno\u015b\u0107 na lodzie:&nbsp;Nie Przyczepno\u015b\u0107 na \u015bniegu:&nbsp;Tak","_links":{"self":[{"href":"https:\/\/oponexa.shop\/tire\/wp-json\/wp\/v2\/product\/9011","targetHints":{"allow":["GET"]}}],"collection":[{"href":"https:\/\/oponexa.shop\/tire\/wp-json\/wp\/v2\/product"}],"about":[{"href":"https:\/\/oponexa.shop\/tire\/wp-json\/wp\/v2\/types\/product"}],"wp:featuredmedia":[{"embeddable":true,"href":"https:\/\/oponexa.shop\/tire\/wp-json\/wp\/v2\/media\/9012"}],"wp:attachment":[{"href":"https:\/\/oponexa.shop\/tire\/wp-json\/wp\/v2\/media?parent=9011"}],"wp:term":[{"taxonomy":"product_brand","embeddable":true,"href":"https:\/\/oponexa.shop\/tire\/wp-json\/wp\/v2\/product_brand?post=9011"},{"taxonomy":"product_cat","embeddable":true,"href":"https:\/\/oponexa.shop\/tire\/wp-json\/wp\/v2\/product_cat?post=9011"},{"taxonomy":"product_tag","embeddable":true,"href":"https:\/\/oponexa.shop\/tire\/wp-json\/wp\/v2\/product_tag?post=9011"}],"curies":[{"name":"wp","href":"https:\/\/api.w.org\/{rel}","templated":true}]}}