{"id":8999,"date":"2025-12-24T01:50:21","date_gmt":"2025-12-24T01:50:21","guid":{"rendered":"https:\/\/oponyexpert.shop\/xef5\/produkt\/4x-kumho-195-65r15-wintercraft-wp52-91-t-zimowe\/"},"modified":"2025-12-24T01:50:21","modified_gmt":"2025-12-24T01:50:21","slug":"4x-kumho-195-65r15-wintercraft-wp52-91-t-zimowe","status":"publish","type":"product","link":"https:\/\/oponixo.shop\/tire\/produkt\/4x-kumho-195-65r15-wintercraft-wp52-91-t-zimowe\/","title":{"rendered":"4x KUMHO 195\/65R15 WINTERCRAFT WP52+ 91 T zimowe"},"content":{"rendered":"<div style=\"font-family: Arial, sans-serif; line-height: 1.6; color: #333; padding: 20px; clear: both; display: block; width: 100%; float: none; position: static; overflow: hidden;\">\n<div style=\"clear: both; display: block; margin: 10px 0;\">\n<div style=\"clear: both; display: block; margin: 10px 0;\">\n<div style=\"clear: both; display: block; margin: 10px 0;\">\n<h2>Przedmiotem oferty s\u0105 opony 4x KUMHO 195\/65R15 WINTERCRAFT WP52+ 91 T zimowe<\/h2>\n<\/div>\n<\/div>\n<\/div>\n<div style=\"clear: both; display: block; margin: 10px 0;\">\n<div style=\"clear: both; display: block; margin: 10px 0;\">\n<div style=\"clear: both; display: block; margin: 10px 0;\">\n<h3 style=\"color: #2c5aa0; font-size: 18px; margin: 30px 0 15px 0; font-weight: bold; clear: both; display: block; width: 100%; float: none; position: static;\">Parametry:<\/h3>\n<p style=\"margin: 15px 0; line-height: 1.8; clear: both; display: block; width: 100%; float: none; position: static;\">Marka: <b>KUMHO<\/b><\/p>\n<p style=\"margin: 15px 0; line-height: 1.8; clear: both; display: block; width: 100%; float: none; position: static;\">Szeroko\u015b\u0107 opony: <b> 195 mm<\/b><\/p>\n<p style=\"margin: 15px 0; line-height: 1.8; clear: both; display: block; width: 100%; float: none; position: static;\">Profil opony:  <b>65<\/b><\/p>\n<p style=\"margin: 15px 0; line-height: 1.8; clear: both; display: block; width: 100%; float: none; position: static;\">\u015arednica:  <b>15&#8243;<\/b><\/p>\n<p style=\"margin: 15px 0; line-height: 1.8; clear: both; display: block; width: 100%; float: none; position: static;\">Model:  <b>WP52+<\/b><\/p>\n<p style=\"margin: 15px 0; line-height: 1.8; clear: both; display: block; width: 100%; float: none; position: static;\">Kod producenta:  <b>2373063<\/b><\/p>\n<p style=\"margin: 15px 0; line-height: 1.8; clear: both; display: block; width: 100%; float: none; position: static;\">Indeks pr\u0119dko\u015bci:  <b>T  &#8211;  190 km\/h<\/b><\/p>\n<p style=\"margin: 15px 0; line-height: 1.8; clear: both; display: block; width: 100%; float: none; position: static;\">Indeks no\u015bno\u015bci:  <b>91<\/b><\/p>\n<p style=\"margin: 15px 0; line-height: 1.8; clear: both; display: block; width: 100%; float: none; position: static;\">Op\u00f3r toczenia:  <b>Klasa C<\/b><\/p>\n<p style=\"margin: 15px 0; line-height: 1.8; clear: both; display: block; width: 100%; float: none; position: static;\">Przyczepno\u015b\u0107 na mokrej nawierzchni:  <b>Klasa A<\/b><\/p>\n<p style=\"margin: 15px 0; line-height: 1.8; clear: both; display: block; width: 100%; float: none; position: static;\">Ha\u0142as zewn\u0119trzny:  <b>72dB<\/b><\/p>\n<\/div>\n<\/div>\n<div style=\"clear: both; display: block; margin: 10px 0;\">\n<div style=\"clear: both; display: block; margin: 10px 0;\">\n<div  style=\"max-width:329px;max-height:500px\">\n<div style=\"clear: both; display: block; margin: 10px 0;\">\n<div style=\"clear: both; width: 100%; display: block; margin: 20px 0; padding: 0; float: none; position: static; text-align: center;\"><img decoding=\"async\"  src=\"https:\/\/a.allegroimg.com\/original\/1145d3\/26d7957741ac826cb8c9fc06723e\/4x-KUMHO-195-65R15-WINTERCRAFT-WP52-91-T-zimowe\" srcset=\"https:\/\/a.allegroimg.com\/original\/1145d3\/26d7957741ac826cb8c9fc06723e\/4x-KUMHO-195-65R15-WINTERCRAFT-WP52-91-T-zimowe 236w,https:\/\/a.allegroimg.com\/original\/1145d3\/26d7957741ac826cb8c9fc06723e\/4x-KUMHO-195-65R15-WINTERCRAFT-WP52-91-T-zimowe 329w,https:\/\/a.allegroimg.com\/original\/1145d3\/26d7957741ac826cb8c9fc06723e\/4x-KUMHO-195-65R15-WINTERCRAFT-WP52-91-T-zimowe 329w\" sizes=\"(min-width: 1200px) 560px, (min-width: 992px) 50vw, 100vw\" width=\"329px\" alt=\"4x KUMHO 195\/65R15 WINTERCRAFT WP52+ 91 T zimowe\"\/ style=\"max-width: 100%; height: auto; display: block; margin: 0 auto;\"><\/div>\n<\/div>\n<\/div>\n<\/div>\n<\/div>\n<\/div>\n<div style=\"clear: both; display: block; margin: 10px 0;\">\n<div style=\"clear: both; display: block; margin: 10px 0;\">\n<div style=\"clear: both; display: block; margin: 10px 0;\">\n<h2>KUMHO<\/h2>\n<p style=\"margin: 15px 0; line-height: 1.8; clear: both; display: block; width: 100%; float: none; position: static;\"><b>Kumho Tire Company<\/b>\u00a0z siedzib\u0105 w Seulu, stolicy Korei Po\u0142udniowej, powsta\u0142a w 1960 r. i dzi\u015b nale\u017cy do wiod\u0105cych producent\u00f3w ogumienia na ca\u0142ym \u015bwiecie, sprzedaj\u0105c rocznie ponad 60 milion\u00f3w opon i osi\u0105gaj\u0105c roczny obr\u00f3t ponad dw\u00f3ch miliard\u00f3w euro.<\/p>\n<p style=\"margin: 15px 0; line-height: 1.8; clear: both; display: block; width: 100%; float: none; position: static;\"><b>Firma Kumho<\/b>\u00a0ma ponad 11 000 pracownik\u00f3w na \u015bwiecie, kt\u00f3rzy specjalizuj\u0105 si\u0119 w tworzeniu, produkcji i sprzeda\u017cy opon przeznaczonych g\u0142\u00f3wnie dla pojazd\u00f3w osobowych, SUV-\u00f3w, pojazd\u00f3w dostawczych i ci\u0119\u017carowych.<\/p>\n<p style=\"margin: 15px 0; line-height: 1.8; clear: both; display: block; width: 100%; float: none; position: static;\"><b>Kuhmo<\/b>\u00a0posiada zak\u0142ady produkcyjne w Korei, USA, Chinach oraz Wietnamie, a tak\u017ce o\u015brodki badawczo-rozwojowe w Korei, Europie, Chinach oraz Ameryce P\u00f3\u0142nocnej. Opony Kumho trafiaj\u0105 na pierwszy monta\u017c na ca\u0142ym \u015bwiecie, mi\u0119dzy innymi do samochod\u00f3w marek Mercedes-Benz, BMW, Audi, Mini, Volkswagen, Fiat, Seat oraz \u0160koda, a tak\u017ce dw\u00f3ch korea\u0144skich marek \u2013 Hyundai i Kia.<\/p>\n<p style=\"margin: 15px 0; line-height: 1.8; clear: both; display: block; width: 100%; float: none; position: static;\"><b>Kumho<\/b>\u00a0od lat jest sponsorem presti\u017cowych klub\u00f3w pi\u0142karskich w Europie. Kumho jest oficjalnym partnerem niemieckiej dru\u017cyny Bayer 04 Leverkusen, brytyjskiej Tottenham Hotspur, czeskiej FK Mlad\u00e1 Boleslav oraz szwajcarskiej BSC Young Boys oraz jest dostawc\u0105 opon dla NBA w USA. Kumho Tire oficjalnym sponsorem i dostawc\u0105 opon do wy\u015bcigowej serii Europe Touring Car Racing (TCR) .\u00a0<\/p>\n<\/div>\n<\/div>\n<\/div>\n<div style=\"clear: both; display: block; margin: 10px 0;\">\n<div style=\"clear: both; display: block; margin: 10px 0;\">\n<div style=\"clear: both; display: block; margin: 10px 0;\">\n<div  style=\"max-width:1000px;max-height:260px\">\n<div style=\"clear: both; display: block; margin: 10px 0;\">\n<div style=\"clear: both; width: 100%; display: block; margin: 20px 0; padding: 0; float: none; position: static; text-align: center;\"><img decoding=\"async\"  src=\"https:\/\/a.allegroimg.com\/original\/110cb6\/66983726468eb9b8ba0df37cc1e6\/4x-KUMHO-195-65R15-WINTERCRAFT-WP52-91-T-zimowe-Model-WinterCraft-WP52\" srcset=\"https:\/\/a.allegroimg.com\/original\/110cb6\/66983726468eb9b8ba0df37cc1e6\/4x-KUMHO-195-65R15-WINTERCRAFT-WP52-91-T-zimowe-Model-WinterCraft-WP52 360w,https:\/\/a.allegroimg.com\/original\/110cb6\/66983726468eb9b8ba0df37cc1e6\/4x-KUMHO-195-65R15-WINTERCRAFT-WP52-91-T-zimowe-Model-WinterCraft-WP52 720w,https:\/\/a.allegroimg.com\/original\/110cb6\/66983726468eb9b8ba0df37cc1e6\/4x-KUMHO-195-65R15-WINTERCRAFT-WP52-91-T-zimowe-Model-WinterCraft-WP52 1000w,https:\/\/a.allegroimg.com\/original\/110cb6\/66983726468eb9b8ba0df37cc1e6\/4x-KUMHO-195-65R15-WINTERCRAFT-WP52-91-T-zimowe-Model-WinterCraft-WP52 1000w\" sizes=\"100vw\" width=\"1000px\" alt=\"4x KUMHO 195\/65R15 WINTERCRAFT WP52+ 91 T zimowe Model WinterCraft WP52+\"\/ style=\"max-width: 100%; height: auto; display: block; margin: 0 auto;\"><\/div>\n<\/div>\n<\/div>\n<\/div>\n<\/div>\n<\/div>\n<\/div>\n<\/div>\n<\/div>\n<div style=\"clear: both; display: block; margin: 10px 0;\">\n","protected":false},"excerpt":{"rendered":"<p>Przedmiotem oferty s\u0105 opony 4x KUMHO 195\/65R15 WINTERCRAFT WP52+ 91 T zimowe<\/p>\n<p>Parametry:<\/p>\n<p>Marka: KUMHO<\/p>\n<p>Szeroko\u015b\u0107 opony: 195 mm<\/p>\n<p>Profil opony: 65<\/p>\n<p>\u015arednica: 15&quot;<\/p>\n<p>Model: WP52+<\/p>\n<p>Kod producenta: 2373063<\/p>\n","protected":false},"featured_media":9000,"template":"","meta":{"_uag_custom_page_level_css":""},"product_brand":[390],"product_cat":[414,413,412,415],"product_tag":[],"class_list":{"0":"post-8999","1":"product","2":"type-product","3":"status-publish","4":"has-post-thumbnail","6":"product_brand-kumho","7":"product_cat-do-samochodow-osobowych-i-suv","8":"product_cat-opony","9":"product_cat-opony-i-felgi","10":"product_cat-zimowe","12":"first","13":"instock","14":"sale","15":"shipping-taxable","16":"purchasable","17":"product-type-simple"},"uagb_featured_image_src":{"full":["https:\/\/oponixo.shop\/tire\/wp-content\/uploads\/2025\/12\/allegro-image-8999.jpg",329,500,false],"thumbnail":["https:\/\/oponixo.shop\/tire\/wp-content\/uploads\/2025\/12\/allegro-image-8999-150x150.jpg",150,150,true],"medium":["https:\/\/oponixo.shop\/tire\/wp-content\/uploads\/2025\/12\/allegro-image-8999-197x300.jpg",197,300,true],"medium_large":["https:\/\/oponixo.shop\/tire\/wp-content\/uploads\/2025\/12\/allegro-image-8999.jpg",329,500,false],"large":["https:\/\/oponixo.shop\/tire\/wp-content\/uploads\/2025\/12\/allegro-image-8999.jpg",329,500,false],"1536x1536":["https:\/\/oponixo.shop\/tire\/wp-content\/uploads\/2025\/12\/allegro-image-8999.jpg",329,500,false],"2048x2048":["https:\/\/oponixo.shop\/tire\/wp-content\/uploads\/2025\/12\/allegro-image-8999.jpg",329,500,false],"woocommerce_thumbnail":["https:\/\/oponixo.shop\/tire\/wp-content\/uploads\/2025\/12\/allegro-image-8999-300x300.jpg",300,300,true],"woocommerce_single":["https:\/\/oponixo.shop\/tire\/wp-content\/uploads\/2025\/12\/allegro-image-8999.jpg",329,500,false],"woocommerce_gallery_thumbnail":["https:\/\/oponixo.shop\/tire\/wp-content\/uploads\/2025\/12\/allegro-image-8999-100x100.jpg",100,100,true]},"uagb_author_info":{"display_name":"admin","author_link":"https:\/\/oponixo.shop\/tire\/author\/"},"uagb_comment_info":0,"uagb_excerpt":"Przedmiotem oferty s\u0105 opony 4x KUMHO 195\/65R15 WINTERCRAFT WP52+ 91 T zimowe Parametry: Marka: KUMHO Szeroko\u015b\u0107 opony: 195 mm Profil opony: 65 \u015arednica: 15&quot; Model: WP52+ Kod producenta: 2373063","_links":{"self":[{"href":"https:\/\/oponixo.shop\/tire\/wp-json\/wp\/v2\/product\/8999","targetHints":{"allow":["GET"]}}],"collection":[{"href":"https:\/\/oponixo.shop\/tire\/wp-json\/wp\/v2\/product"}],"about":[{"href":"https:\/\/oponixo.shop\/tire\/wp-json\/wp\/v2\/types\/product"}],"wp:featuredmedia":[{"embeddable":true,"href":"https:\/\/oponixo.shop\/tire\/wp-json\/wp\/v2\/media\/9000"}],"wp:attachment":[{"href":"https:\/\/oponixo.shop\/tire\/wp-json\/wp\/v2\/media?parent=8999"}],"wp:term":[{"taxonomy":"product_brand","embeddable":true,"href":"https:\/\/oponixo.shop\/tire\/wp-json\/wp\/v2\/product_brand?post=8999"},{"taxonomy":"product_cat","embeddable":true,"href":"https:\/\/oponixo.shop\/tire\/wp-json\/wp\/v2\/product_cat?post=8999"},{"taxonomy":"product_tag","embeddable":true,"href":"https:\/\/oponixo.shop\/tire\/wp-json\/wp\/v2\/product_tag?post=8999"}],"curies":[{"name":"wp","href":"https:\/\/api.w.org\/{rel}","templated":true}]}}