{"id":8993,"date":"2025-12-24T01:50:19","date_gmt":"2025-12-24T01:50:19","guid":{"rendered":"https:\/\/oponyexpert.shop\/xef5\/produkt\/debica-195-65-r15-frigo-hp2-91h-opona-zimowa\/"},"modified":"2025-12-24T01:50:20","modified_gmt":"2025-12-24T01:50:20","slug":"debica-195-65-r15-frigo-hp2-91h-opona-zimowa","status":"publish","type":"product","link":"https:\/\/oponexa.shop\/tire\/produkt\/debica-195-65-r15-frigo-hp2-91h-opona-zimowa\/","title":{"rendered":"D\u0118BICA 195\/65 R15 FRIGO HP2 91H. opona ZIMOWA"},"content":{"rendered":"<div style=\"font-family: Arial, sans-serif; line-height: 1.6; color: #333; padding: 20px; clear: both; display: block; width: 100%; float: none; position: static; overflow: hidden;\">\n<div style=\"clear: both; display: block; margin: 10px 0;\">\n<div style=\"clear: both; display: block; margin: 10px 0;\">\n<div style=\"clear: both; display: block; margin: 10px 0;\">\n<div  style=\"max-width:1253px;max-height:227px\">\n<div style=\"clear: both; display: block; margin: 10px 0;\">\n<div style=\"clear: both; width: 100%; display: block; margin: 20px 0; padding: 0; float: none; position: static; text-align: center;\"><img decoding=\"async\"  src=\"https:\/\/a.allegroimg.com\/original\/11ea0e\/3609ec0443c19323bae83dbdadd5\/DEBICA-195-65-R15-FRIGO-HP2-91H-opona-ZIMOWA-Liczba-opon-w-ofercie-1-szt\" srcset=\"https:\/\/a.allegroimg.com\/original\/11ea0e\/3609ec0443c19323bae83dbdadd5\/DEBICA-195-65-R15-FRIGO-HP2-91H-opona-ZIMOWA-Liczba-opon-w-ofercie-1-szt 360w,https:\/\/a.allegroimg.com\/original\/11ea0e\/3609ec0443c19323bae83dbdadd5\/DEBICA-195-65-R15-FRIGO-HP2-91H-opona-ZIMOWA-Liczba-opon-w-ofercie-1-szt 720w,https:\/\/a.allegroimg.com\/original\/11ea0e\/3609ec0443c19323bae83dbdadd5\/DEBICA-195-65-R15-FRIGO-HP2-91H-opona-ZIMOWA-Liczba-opon-w-ofercie-1-szt 1024w,https:\/\/a.allegroimg.com\/original\/11ea0e\/3609ec0443c19323bae83dbdadd5\/DEBICA-195-65-R15-FRIGO-HP2-91H-opona-ZIMOWA-Liczba-opon-w-ofercie-1-szt 1253w,https:\/\/a.allegroimg.com\/original\/11ea0e\/3609ec0443c19323bae83dbdadd5\/DEBICA-195-65-R15-FRIGO-HP2-91H-opona-ZIMOWA-Liczba-opon-w-ofercie-1-szt 1253w\" sizes=\"(min-width: 1200px) 560px, (min-width: 992px) 50vw, 100vw\" width=\"1253px\" alt=\"D\u0118BICA 195\/65 R15 FRIGO HP2 91H. opona ZIMOWA Liczba opon w ofercie 1 szt.\"\/ style=\"max-width: 100%; height: auto; display: block; margin: 0 auto;\"><\/div>\n<\/div>\n<\/div>\n<\/div>\n<\/div>\n<div style=\"clear: both; display: block; margin: 10px 0;\">\n<div style=\"clear: both; display: block; margin: 10px 0;\">\n<h1>PRZEDMIOTEM OFERTY JEST:<\/h1>\n<h1>D\u0118BICA 195\/65 R15 FRIGO HP2 91H. opona ZIMOWA<\/h1>\n<\/div>\n<\/div>\n<\/div>\n<div style=\"clear: both; display: block; margin: 10px 0;\">\n<div style=\"clear: both; display: block; margin: 10px 0;\">\n<div style=\"clear: both; display: block; margin: 10px 0;\">\n<div  style=\"max-width:325px;max-height:500px\">\n<div style=\"clear: both; display: block; margin: 10px 0;\">\n<div style=\"clear: both; width: 100%; display: block; margin: 20px 0; padding: 0; float: none; position: static; text-align: center;\"><img decoding=\"async\"  src=\"https:\/\/a.allegroimg.com\/original\/11e2fe\/db135931491fbef3ffa52f472537\/DEBICA-195-65-R15-FRIGO-HP2-91H-opona-ZIMOWA\" srcset=\"https:\/\/a.allegroimg.com\/original\/11e2fe\/db135931491fbef3ffa52f472537\/DEBICA-195-65-R15-FRIGO-HP2-91H-opona-ZIMOWA 234w,https:\/\/a.allegroimg.com\/original\/11e2fe\/db135931491fbef3ffa52f472537\/DEBICA-195-65-R15-FRIGO-HP2-91H-opona-ZIMOWA 325w,https:\/\/a.allegroimg.com\/original\/11e2fe\/db135931491fbef3ffa52f472537\/DEBICA-195-65-R15-FRIGO-HP2-91H-opona-ZIMOWA 325w\" sizes=\"(min-width: 1200px) 560px, (min-width: 992px) 50vw, 100vw\" width=\"325px\" alt=\"D\u0118BICA 195\/65 R15 FRIGO HP2 91H. opona ZIMOWA\"\/ style=\"max-width: 100%; height: auto; display: block; margin: 0 auto;\"><\/div>\n<\/div>\n<\/div>\n<\/div>\n<\/div>\n<div style=\"clear: both; display: block; margin: 10px 0;\">\n<div style=\"clear: both; display: block; margin: 10px 0;\">\n<h1>SPECYFIKACJA:<\/h1>\n<ol>\n<li style=\"margin: 5px 0; padding: 2px 0; clear: both; display: list-item; float: none; position: static;\">PRODUCENT: D\u0119bica<\/li>\n<li style=\"margin: 5px 0; padding: 2px 0; clear: both; display: list-item; float: none; position: static;\">MODEL: FRIGO HP2<\/li>\n<li style=\"margin: 5px 0; padding: 2px 0; clear: both; display: list-item; float: none; position: static;\">CENA DOTYCZY: 1 sztuki<\/li>\n<li style=\"margin: 5px 0; padding: 2px 0; clear: both; display: list-item; float: none; position: static;\">ROK PRODUKCJI: 2025\/2024<\/li>\n<li style=\"margin: 5px 0; padding: 2px 0; clear: both; display: list-item; float: none; position: static;\">SEZON: ZIMOWA<\/li>\n<li style=\"margin: 5px 0; padding: 2px 0; clear: both; display: list-item; float: none; position: static;\">TYP OPONY: OSOBOWA<\/li>\n<li style=\"margin: 5px 0; padding: 2px 0; clear: both; display: list-item; float: none; position: static;\">SZEROKO\u015a\u0106: 195<\/li>\n<li style=\"margin: 5px 0; padding: 2px 0; clear: both; display: list-item; float: none; position: static;\">PROFIL: 65<\/li>\n<li style=\"margin: 5px 0; padding: 2px 0; clear: both; display: list-item; float: none; position: static;\">\u015aREDNICA: 15<\/li>\n<li style=\"margin: 5px 0; padding: 2px 0; clear: both; display: list-item; float: none; position: static;\">INDEKS NO\u015aNO\u015aCI: 91<\/li>\n<li style=\"margin: 5px 0; padding: 2px 0; clear: both; display: list-item; float: none; position: static;\">INDEKS PR\u0118DKO\u015aCI: H<\/li>\n<li style=\"margin: 5px 0; padding: 2px 0; clear: both; display: list-item; float: none; position: static;\">OPORY TOCZENIA: C<\/li>\n<li style=\"margin: 5px 0; padding: 2px 0; clear: both; display: list-item; float: none; position: static;\">PRZYCZEPNO\u015a\u0106 NA MOKRYM: C<\/li>\n<li style=\"margin: 5px 0; padding: 2px 0; clear: both; display: list-item; float: none; position: static;\">HA\u0141AS ZEWN\u0118TRZNY: 72<\/li>\n<li style=\"margin: 5px 0; padding: 2px 0; clear: both; display: list-item; float: none; position: static;\">OPONA WZMACNIANA: NIE<\/li>\n<li style=\"margin: 5px 0; padding: 2px 0; clear: both; display: list-item; float: none; position: static;\">RANT OCHRONNY: NIE<\/li>\n<li style=\"margin: 5px 0; padding: 2px 0; clear: both; display: list-item; float: none; position: static;\">RUN FLAT: NIE<\/li>\n<li style=\"margin: 5px 0; padding: 2px 0; clear: both; display: list-item; float: none; position: static;\">HOMOLOGACJA PRODUCENTA: <\/li>\n<\/ol>\n<\/div>\n<\/div>\n<\/div>\n<div style=\"clear: both; display: block; margin: 10px 0;\">\n<div style=\"clear: both; display: block; margin: 10px 0;\">\n<div style=\"clear: both; display: block; margin: 10px 0;\">\n<h1>OPIS PRODUKTU:<\/h1>\n<p style=\"margin: 15px 0; line-height: 1.8; clear: both; display: block; width: 100%; float: none; position: static;\">D\u0119bica zapewnia zr\u00f3wnowa\u017cone osi\u0105gi na mokrej i suchej nawierzchni. Opon\u0119 wyposa\u017cono w bie\u017cnik, dzi\u0119ki kt\u00f3remu prowadzenie jest zawsze precyzyjne i bezpieczne. Dbaj\u0105 o to szerokie rowki i liczne naci\u0119cia, kt\u00f3rych zadaniem jest efektywne odprowadzanie wody. W efekcie powierzchnia modelu szybko si\u0119 osusza, a Ty mo\u017cesz cieszy\u0107 si\u0119 pe\u0142nowarto\u015bciow\u0105 jazd\u0105.<\/p>\n<p style=\"margin: 15px 0; line-height: 1.8; clear: both; display: block; width: 100%; float: none; position: static;\">Za dobre osi\u0105gi opony odpowiada r\u00f3wnie\u017c mieszanka gumowa gwarantuj\u0105ca odpowiedni\u0105 elastyczno\u015b\u0107 w szerokim zakresie temperatur. W efekcie jej zastosowania bie\u017cnik \u015bciera si\u0119 powoli i r\u00f3wnomiernie, a przebiegi ulegaj\u0105 wyd\u0142u\u017ceniu. Wszystko to wp\u0142ywa pozytywnie na bezpiecze\u0144stwo jazdy i komfort podr\u00f3\u017cowania.<\/p>\n<\/div>\n<\/div>\n<\/div>\n<\/div>\n<\/div>\n<\/div>\n<div style=\"clear: both; display: block; margin: 10px 0;\">\n","protected":false},"excerpt":{"rendered":"<p>PRZEDMIOTEM OFERTY JEST:<\/p>\n<p>D\u0118BICA 195\/65 R15 FRIGO HP2 91H. opona ZIMOWA<\/p>\n<p>SPECYFIKACJA:<\/p>\n<p>PRODUCENT: D\u0119bica<\/p>\n<p>MODEL: FRIGO HP2<\/p>\n<p>CENA DOTYCZY: 1 sztuki<\/p>\n<p>ROK PRODUKCJI: 2025\/2024<\/p>\n<p>SEZON: ZIMOWA<\/p>\n","protected":false},"featured_media":8994,"template":"","meta":{"_uag_custom_page_level_css":""},"product_brand":[378],"product_cat":[414,413,412,415],"product_tag":[],"class_list":{"0":"post-8993","1":"product","2":"type-product","3":"status-publish","4":"has-post-thumbnail","6":"product_brand-debica","7":"product_cat-do-samochodow-osobowych-i-suv","8":"product_cat-opony","9":"product_cat-opony-i-felgi","10":"product_cat-zimowe","12":"first","13":"instock","14":"sale","15":"shipping-taxable","16":"purchasable","17":"product-type-simple"},"uagb_featured_image_src":{"full":["https:\/\/oponexa.shop\/tire\/wp-content\/uploads\/2025\/12\/allegro-image-8993.jpg",325,500,false],"thumbnail":["https:\/\/oponexa.shop\/tire\/wp-content\/uploads\/2025\/12\/allegro-image-8993-150x150.jpg",150,150,true],"medium":["https:\/\/oponexa.shop\/tire\/wp-content\/uploads\/2025\/12\/allegro-image-8993-195x300.jpg",195,300,true],"medium_large":["https:\/\/oponexa.shop\/tire\/wp-content\/uploads\/2025\/12\/allegro-image-8993.jpg",325,500,false],"large":["https:\/\/oponexa.shop\/tire\/wp-content\/uploads\/2025\/12\/allegro-image-8993.jpg",325,500,false],"1536x1536":["https:\/\/oponexa.shop\/tire\/wp-content\/uploads\/2025\/12\/allegro-image-8993.jpg",325,500,false],"2048x2048":["https:\/\/oponexa.shop\/tire\/wp-content\/uploads\/2025\/12\/allegro-image-8993.jpg",325,500,false],"woocommerce_thumbnail":["https:\/\/oponexa.shop\/tire\/wp-content\/uploads\/2025\/12\/allegro-image-8993-300x300.jpg",300,300,true],"woocommerce_single":["https:\/\/oponexa.shop\/tire\/wp-content\/uploads\/2025\/12\/allegro-image-8993.jpg",325,500,false],"woocommerce_gallery_thumbnail":["https:\/\/oponexa.shop\/tire\/wp-content\/uploads\/2025\/12\/allegro-image-8993-100x100.jpg",100,100,true]},"uagb_author_info":{"display_name":"admin","author_link":"https:\/\/oponexa.shop\/tire\/author\/"},"uagb_comment_info":0,"uagb_excerpt":"PRZEDMIOTEM OFERTY JEST: D\u0118BICA 195\/65 R15 FRIGO HP2 91H. opona ZIMOWA SPECYFIKACJA: PRODUCENT: D\u0119bica MODEL: FRIGO HP2 CENA DOTYCZY: 1 sztuki ROK PRODUKCJI: 2025\/2024 SEZON: ZIMOWA","_links":{"self":[{"href":"https:\/\/oponexa.shop\/tire\/wp-json\/wp\/v2\/product\/8993","targetHints":{"allow":["GET"]}}],"collection":[{"href":"https:\/\/oponexa.shop\/tire\/wp-json\/wp\/v2\/product"}],"about":[{"href":"https:\/\/oponexa.shop\/tire\/wp-json\/wp\/v2\/types\/product"}],"wp:featuredmedia":[{"embeddable":true,"href":"https:\/\/oponexa.shop\/tire\/wp-json\/wp\/v2\/media\/8994"}],"wp:attachment":[{"href":"https:\/\/oponexa.shop\/tire\/wp-json\/wp\/v2\/media?parent=8993"}],"wp:term":[{"taxonomy":"product_brand","embeddable":true,"href":"https:\/\/oponexa.shop\/tire\/wp-json\/wp\/v2\/product_brand?post=8993"},{"taxonomy":"product_cat","embeddable":true,"href":"https:\/\/oponexa.shop\/tire\/wp-json\/wp\/v2\/product_cat?post=8993"},{"taxonomy":"product_tag","embeddable":true,"href":"https:\/\/oponexa.shop\/tire\/wp-json\/wp\/v2\/product_tag?post=8993"}],"curies":[{"name":"wp","href":"https:\/\/api.w.org\/{rel}","templated":true}]}}