{"id":8989,"date":"2025-12-24T01:50:19","date_gmt":"2025-12-24T01:50:19","guid":{"rendered":"https:\/\/oponyexpert.shop\/xef5\/produkt\/2-opona-zimowa-195-65r15-91h-debica-frigo-hp-2\/"},"modified":"2025-12-24T01:50:19","modified_gmt":"2025-12-24T01:50:19","slug":"2-opona-zimowa-195-65r15-91h-debica-frigo-hp-2","status":"publish","type":"product","link":"https:\/\/oponexa.shop\/tire\/produkt\/2-opona-zimowa-195-65r15-91h-debica-frigo-hp-2\/","title":{"rendered":"2 OPONA ZIMOWA 195\/65R15 91H D\u0118BICA FRIGO HP 2"},"content":{"rendered":"<div style=\"font-family: Arial, sans-serif; line-height: 1.6; color: #333; padding: 20px; clear: both; display: block; width: 100%; float: none; position: static; overflow: hidden;\">\n<div style=\"clear: both; display: block; margin: 10px 0;\">\n<div style=\"clear: both; display: block; margin: 10px 0;\">\n<div style=\"clear: both; display: block; margin: 10px 0;\">\n<p style=\"margin: 15px 0; line-height: 1.8; clear: both; display: block; width: 100%; float: none; position: static;\">2x Opona zimowa D\u0119bica Frigo HP2 195\/65R15 91 H<\/p>\n<p style=\"margin: 15px 0; line-height: 1.8; clear: both; display: block; width: 100%; float: none; position: static;\">Cechy produktu:<\/p>\n<ul style=\"margin: 15px 0; padding-left: 20px; clear: both; display: block; width: 100%; float: none; position: static;\">\n<li style=\"margin: 5px 0; padding: 2px 0; clear: both; display: list-item; float: none; position: static;\">sezon: zimowe<\/li>\n<li style=\"margin: 5px 0; padding: 2px 0; clear: both; display: list-item; float: none; position: static;\">szeroko\u015b\u0107\/profil\/\u015brednica: 195\/65R15<\/li>\n<li style=\"margin: 5px 0; padding: 2px 0; clear: both; display: list-item; float: none; position: static;\">indeks pr\u0119dko\u015bci: H do 210 km\/h<\/li>\n<li style=\"margin: 5px 0; padding: 2px 0; clear: both; display: list-item; float: none; position: static;\">indeks no\u015bno\u015bci: 91 &#8211; 615 kg<\/li>\n<\/ul>\n<\/div>\n<\/div>\n<div style=\"clear: both; display: block; margin: 10px 0;\">\n<div style=\"clear: both; display: block; margin: 10px 0;\">\n<div  style=\"max-width:383px;max-height:341px\">\n<div style=\"clear: both; display: block; margin: 10px 0;\">\n<div style=\"clear: both; width: 100%; display: block; margin: 20px 0; padding: 0; float: none; position: static; text-align: center;\"><img decoding=\"async\"  src=\"https:\/\/a.allegroimg.com\/original\/11c8cd\/ef661ad048e393bad45c540c04eb\/2-OPONA-ZIMOWA-195-65R15-91H-DEBICA-FRIGO-HP-2\" srcset=\"https:\/\/a.allegroimg.com\/original\/11c8cd\/ef661ad048e393bad45c540c04eb\/2-OPONA-ZIMOWA-195-65R15-91H-DEBICA-FRIGO-HP-2 360w,https:\/\/a.allegroimg.com\/original\/11c8cd\/ef661ad048e393bad45c540c04eb\/2-OPONA-ZIMOWA-195-65R15-91H-DEBICA-FRIGO-HP-2 383w,https:\/\/a.allegroimg.com\/original\/11c8cd\/ef661ad048e393bad45c540c04eb\/2-OPONA-ZIMOWA-195-65R15-91H-DEBICA-FRIGO-HP-2 383w\" sizes=\"(min-width: 1200px) 560px, (min-width: 992px) 50vw, 100vw\" width=\"383px\" alt=\"2 OPONA ZIMOWA 195\/65R15 91H D\u0118BICA FRIGO HP 2\"\/ style=\"max-width: 100%; height: auto; display: block; margin: 0 auto;\"><\/div>\n<\/div>\n<\/div>\n<\/div>\n<\/div>\n<\/div>\n<div style=\"clear: both; display: block; margin: 10px 0;\">\n<div style=\"clear: both; display: block; margin: 10px 0;\">\n<div style=\"clear: both; display: block; margin: 10px 0;\">\n<p style=\"margin: 15px 0; line-height: 1.8; clear: both; display: block; width: 100%; float: none; position: static;\">D\u0119bica Frigo HP2 to opona zimowa klasy ekonomicznej gwarantuj\u0105ca pewne zachowanie samochodu podczas jazdy z wysokimi pr\u0119dko\u015bciami, jednocze\u015bnie zapewniaj\u0105c d\u0142ugie przebiegi..<\/p>\n<p style=\"margin: 15px 0; line-height: 1.8; clear: both; display: block; width: 100%; float: none; position: static;\">Opona posiadaj szerokie rowki obwodowe skutecznie odprowadzaj\u0105ce wod\u0119 oraz b\u0142oto sprzed czo\u0142a opony.<\/p>\n<p style=\"margin: 15px 0; line-height: 1.8; clear: both; display: block; width: 100%; float: none; position: static;\">Kierunkowa rze\u017aba bie\u017cnika i mieszanka gumowa na bazie krzemionki wp\u0142ywaj\u0105 na skr\u00f3cenie drogi hamowania na mokrej nawierzchni, a mocna osnowa zapewnia oponie sztywno\u015b\u0107 i wysokie bezpiecze\u0144stwo jazdy.<\/p>\n<p style=\"margin: 15px 0; line-height: 1.8; clear: both; display: block; width: 100%; float: none; position: static;\">R\u00f3wnomierne roz\u0142o\u017cenie nacisku na ca\u0142ej szeroko\u015bci zapewnia wolniejsze zu\u017cycie opony, a samoblokuj\u0105ce si\u0119 lamele wgryzaj\u0105ce si\u0119 w \u015bnieg poprawiaj\u0105 kontrol\u0119 nad pojazdem.<\/p>\n<\/div>\n<\/div>\n<\/div>\n<\/div>\n<\/div>\n<\/div>\n<div style=\"clear: both; display: block; margin: 10px 0;\">\n","protected":false},"excerpt":{"rendered":"<p>2x Opona zimowa D\u0119bica Frigo HP2 195\/65R15 91 H<\/p>\n<p>Cechy produktu:<\/p>\n<p>sezon: zimowe<\/p>\n<p>szeroko\u015b\u0107\/profil\/\u015brednica: 195\/65R15<\/p>\n<p>indeks pr\u0119dko\u015bci: H do 210 km\/h<\/p>\n<p>indeks no\u015bno\u015bci: 91 &#8211; 615 kg<\/p>\n<p>D\u0119bica Frigo HP2 to opona zimowa klasy ekonomicznej gwarantuj\u0105ca pewne zachowanie samochodu podczas jazdy z wysokimi pr\u0119dko\u015bciami, jednocze\u015bnie zapewniaj\u0105c d\u0142ugie przebiegi..<\/p>\n<p>Opona posiadaj szerokie rowki obwodowe skutecznie odprowadzaj\u0105ce wod\u0119 oraz b\u0142oto sprzed czo\u0142a opony.<\/p>\n","protected":false},"featured_media":8990,"template":"","meta":{"_uag_custom_page_level_css":""},"product_brand":[378],"product_cat":[414,413,412,415],"product_tag":[],"class_list":{"0":"post-8989","1":"product","2":"type-product","3":"status-publish","4":"has-post-thumbnail","6":"product_brand-debica","7":"product_cat-do-samochodow-osobowych-i-suv","8":"product_cat-opony","9":"product_cat-opony-i-felgi","10":"product_cat-zimowe","12":"first","13":"instock","14":"sale","15":"shipping-taxable","16":"purchasable","17":"product-type-simple"},"uagb_featured_image_src":{"full":["https:\/\/oponexa.shop\/tire\/wp-content\/uploads\/2025\/12\/allegro-image-8989.jpg",383,341,false],"thumbnail":["https:\/\/oponexa.shop\/tire\/wp-content\/uploads\/2025\/12\/allegro-image-8989-150x150.jpg",150,150,true],"medium":["https:\/\/oponexa.shop\/tire\/wp-content\/uploads\/2025\/12\/allegro-image-8989-300x267.jpg",300,267,true],"medium_large":["https:\/\/oponexa.shop\/tire\/wp-content\/uploads\/2025\/12\/allegro-image-8989.jpg",383,341,false],"large":["https:\/\/oponexa.shop\/tire\/wp-content\/uploads\/2025\/12\/allegro-image-8989.jpg",383,341,false],"1536x1536":["https:\/\/oponexa.shop\/tire\/wp-content\/uploads\/2025\/12\/allegro-image-8989.jpg",383,341,false],"2048x2048":["https:\/\/oponexa.shop\/tire\/wp-content\/uploads\/2025\/12\/allegro-image-8989.jpg",383,341,false],"woocommerce_thumbnail":["https:\/\/oponexa.shop\/tire\/wp-content\/uploads\/2025\/12\/allegro-image-8989-300x300.jpg",300,300,true],"woocommerce_single":["https:\/\/oponexa.shop\/tire\/wp-content\/uploads\/2025\/12\/allegro-image-8989.jpg",383,341,false],"woocommerce_gallery_thumbnail":["https:\/\/oponexa.shop\/tire\/wp-content\/uploads\/2025\/12\/allegro-image-8989-100x100.jpg",100,100,true]},"uagb_author_info":{"display_name":"admin","author_link":"https:\/\/oponexa.shop\/tire\/author\/"},"uagb_comment_info":0,"uagb_excerpt":"2x Opona zimowa D\u0119bica Frigo HP2 195\/65R15 91 H Cechy produktu: sezon: zimowe szeroko\u015b\u0107\/profil\/\u015brednica: 195\/65R15 indeks pr\u0119dko\u015bci: H do 210 km\/h indeks no\u015bno\u015bci: 91 - 615 kg D\u0119bica Frigo HP2 to opona zimowa klasy ekonomicznej gwarantuj\u0105ca pewne zachowanie samochodu podczas jazdy z wysokimi pr\u0119dko\u015bciami, jednocze\u015bnie zapewniaj\u0105c d\u0142ugie przebiegi.. Opona posiadaj szerokie rowki obwodowe skutecznie odprowadzaj\u0105ce&hellip;","_links":{"self":[{"href":"https:\/\/oponexa.shop\/tire\/wp-json\/wp\/v2\/product\/8989","targetHints":{"allow":["GET"]}}],"collection":[{"href":"https:\/\/oponexa.shop\/tire\/wp-json\/wp\/v2\/product"}],"about":[{"href":"https:\/\/oponexa.shop\/tire\/wp-json\/wp\/v2\/types\/product"}],"wp:featuredmedia":[{"embeddable":true,"href":"https:\/\/oponexa.shop\/tire\/wp-json\/wp\/v2\/media\/8990"}],"wp:attachment":[{"href":"https:\/\/oponexa.shop\/tire\/wp-json\/wp\/v2\/media?parent=8989"}],"wp:term":[{"taxonomy":"product_brand","embeddable":true,"href":"https:\/\/oponexa.shop\/tire\/wp-json\/wp\/v2\/product_brand?post=8989"},{"taxonomy":"product_cat","embeddable":true,"href":"https:\/\/oponexa.shop\/tire\/wp-json\/wp\/v2\/product_cat?post=8989"},{"taxonomy":"product_tag","embeddable":true,"href":"https:\/\/oponexa.shop\/tire\/wp-json\/wp\/v2\/product_tag?post=8989"}],"curies":[{"name":"wp","href":"https:\/\/api.w.org\/{rel}","templated":true}]}}