{"id":8961,"date":"2025-12-24T01:50:10","date_gmt":"2025-12-24T01:50:10","guid":{"rendered":"https:\/\/oponyexpert.shop\/xef5\/produkt\/4x-debica-205-60r16-96h-frigo-hp-2-xl-zimowe-2024-r\/"},"modified":"2025-12-24T01:50:10","modified_gmt":"2025-12-24T01:50:10","slug":"4x-debica-205-60r16-96h-frigo-hp-2-xl-zimowe-2024-r","status":"publish","type":"product","link":"https:\/\/oponexa.shop\/tire\/produkt\/4x-debica-205-60r16-96h-frigo-hp-2-xl-zimowe-2024-r\/","title":{"rendered":"4x D\u0118BICA 205\/60R16 96H Frigo HP 2 XL zimowe 2024 r"},"content":{"rendered":"<div style=\"font-family: Arial, sans-serif; line-height: 1.6; color: #333; padding: 20px; clear: both; display: block; width: 100%; float: none; position: static; overflow: hidden;\">\n<div style=\"clear: both; display: block; margin: 10px 0;\">\n<div style=\"clear: both; display: block; margin: 10px 0;\">\n<div style=\"clear: both; display: block; margin: 10px 0;\">\n<h1>Rok produkcji: 2024<\/h1>\n<\/div>\n<\/div>\n<\/div>\n<div style=\"clear: both; display: block; margin: 10px 0;\">\n<div style=\"clear: both; display: block; margin: 10px 0;\">\n<div style=\"clear: both; display: block; margin: 10px 0;\">\n<div  style=\"max-width:1200px;max-height:1126px\">\n<div style=\"clear: both; display: block; margin: 10px 0;\">\n<div style=\"clear: both; width: 100%; display: block; margin: 20px 0; padding: 0; float: none; position: static; text-align: center;\"><img decoding=\"async\"  src=\"https:\/\/a.allegroimg.com\/original\/117de3\/295268ea47d98c111e3140e3adf5\/4x-DEBICA-205-60R16-96H-Frigo-HP-2-XL-zimowe-2024-r\" srcset=\"https:\/\/a.allegroimg.com\/original\/117de3\/295268ea47d98c111e3140e3adf5\/4x-DEBICA-205-60R16-96H-Frigo-HP-2-XL-zimowe-2024-r 360w,https:\/\/a.allegroimg.com\/original\/117de3\/295268ea47d98c111e3140e3adf5\/4x-DEBICA-205-60R16-96H-Frigo-HP-2-XL-zimowe-2024-r 720w,https:\/\/a.allegroimg.com\/original\/117de3\/295268ea47d98c111e3140e3adf5\/4x-DEBICA-205-60R16-96H-Frigo-HP-2-XL-zimowe-2024-r 1024w,https:\/\/a.allegroimg.com\/original\/117de3\/295268ea47d98c111e3140e3adf5\/4x-DEBICA-205-60R16-96H-Frigo-HP-2-XL-zimowe-2024-r 1200w,https:\/\/a.allegroimg.com\/original\/117de3\/295268ea47d98c111e3140e3adf5\/4x-DEBICA-205-60R16-96H-Frigo-HP-2-XL-zimowe-2024-r 1200w\" sizes=\"(min-width: 1200px) 560px, (min-width: 992px) 50vw, 100vw\" width=\"1200px\" alt=\"4x D\u0118BICA 205\/60R16 96H Frigo HP 2 XL zimowe 2024 r\"\/ style=\"max-width: 100%; height: auto; display: block; margin: 0 auto;\"><\/div>\n<\/div>\n<\/div>\n<\/div>\n<\/div>\n<div style=\"clear: both; display: block; margin: 10px 0;\">\n<div style=\"clear: both; display: block; margin: 10px 0;\">\n<h1>D\u0118BICA Frigo HP 2 205\/60R16 96H XL<\/h1>\n<h2>DC24BA<\/h2>\n<ul style=\"margin: 15px 0; padding-left: 20px; clear: both; display: block; width: 100%; float: none; position: static;\">\n<li style=\"margin: 5px 0; padding: 2px 0; clear: both; display: list-item; float: none; position: static;\"><b>Data produkcji :<\/b> 2024<\/li>\n<li style=\"margin: 5px 0; padding: 2px 0; clear: both; display: list-item; float: none; position: static;\"><b>Hamowanie na mokrej nawierzchni :<\/b> C<\/li>\n<li style=\"margin: 5px 0; padding: 2px 0; clear: both; display: list-item; float: none; position: static;\"><b>Indeks :<\/b> 205\/60R16 ZODE 96H FRHP2<\/li>\n<li style=\"margin: 5px 0; padding: 2px 0; clear: both; display: list-item; float: none; position: static;\"><b>Indeks no\u015bno\u015bci :<\/b> 96<\/li>\n<li style=\"margin: 5px 0; padding: 2px 0; clear: both; display: list-item; float: none; position: static;\"><b>Indeks pr\u0119dko\u015bci :<\/b> H &#8211; 210 km\/h<\/li>\n<li style=\"margin: 5px 0; padding: 2px 0; clear: both; display: list-item; float: none; position: static;\"><b>Karta informacyjna produktu :<\/b> https:\/\/eprel.ec.europa.eu\/qr\/609128<\/li>\n<li style=\"margin: 5px 0; padding: 2px 0; clear: both; display: list-item; float: none; position: static;\"><b>Kl. efekt. paliwowej :<\/b> B<\/li>\n<li style=\"margin: 5px 0; padding: 2px 0; clear: both; display: list-item; float: none; position: static;\"><b>Kl. przycz. na mokrej naw. :<\/b> C<\/li>\n<li style=\"margin: 5px 0; padding: 2px 0; clear: both; display: list-item; float: none; position: static;\"><b>Kl. zew. ha\u0142asu tocz. :<\/b> B<\/li>\n<li style=\"margin: 5px 0; padding: 2px 0; clear: both; display: list-item; float: none; position: static;\"><b>Klasa opony :<\/b> bud\u017cet<\/li>\n<li style=\"margin: 5px 0; padding: 2px 0; clear: both; display: list-item; float: none; position: static;\"><b>Kod EAN :<\/b> 5,452E+12<\/li>\n<li style=\"margin: 5px 0; padding: 2px 0; clear: both; display: list-item; float: none; position: static;\"><b>Kod producenta :<\/b> 531971<\/li>\n<li style=\"margin: 5px 0; padding: 2px 0; clear: both; display: list-item; float: none; position: static;\"><b>Liczba decybeli :<\/b> 72 dB<\/li>\n<li style=\"margin: 5px 0; padding: 2px 0; clear: both; display: list-item; float: none; position: static;\"><b>Model bie\u017cnika :<\/b> Frigo HP 2<\/li>\n<li style=\"margin: 5px 0; padding: 2px 0; clear: both; display: list-item; float: none; position: static;\"><b>Nazwa produktu :<\/b> D\u0118BICA 205\/60R16 96H Frigo HP 2 XL zimowe<\/li>\n<li style=\"margin: 5px 0; padding: 2px 0; clear: both; display: list-item; float: none; position: static;\"><b>No\u015bno\u015b\u0107 opony :<\/b> XL<\/li>\n<li style=\"margin: 5px 0; padding: 2px 0; clear: both; display: list-item; float: none; position: static;\"><b>Op\u00f3r toczenia :<\/b> B<\/li>\n<li style=\"margin: 5px 0; padding: 2px 0; clear: both; display: list-item; float: none; position: static;\"><b>Poziom emisji ha\u0142asu :<\/b> 2<\/li>\n<li style=\"margin: 5px 0; padding: 2px 0; clear: both; display: list-item; float: none; position: static;\"><b>Producent :<\/b> D\u0118BICA<\/li>\n<li style=\"margin: 5px 0; padding: 2px 0; clear: both; display: list-item; float: none; position: static;\"><b>Profil :<\/b> 60<\/li>\n<li style=\"margin: 5px 0; padding: 2px 0; clear: both; display: list-item; float: none; position: static;\"><b>Przeznaczenie :<\/b> samochody osobowe\/SUV\/crossover<\/li>\n<li style=\"margin: 5px 0; padding: 2px 0; clear: both; display: list-item; float: none; position: static;\"><b>Przyczepno\u015b\u0107 na lodzie :<\/b> Nie<\/li>\n<li style=\"margin: 5px 0; padding: 2px 0; clear: both; display: list-item; float: none; position: static;\"><b>Przyczepno\u015b\u0107 na \u015bniegu :<\/b> Tak<\/li>\n<li style=\"margin: 5px 0; padding: 2px 0; clear: both; display: list-item; float: none; position: static;\"><b>QR kod :<\/b> https:\/\/eprel.ec.europa.eu\/qr\/609128<\/li>\n<li style=\"margin: 5px 0; padding: 2px 0; clear: both; display: list-item; float: none; position: static;\"><b>Sezon :<\/b> zimowa<\/li>\n<li style=\"margin: 5px 0; padding: 2px 0; clear: both; display: list-item; float: none; position: static;\"><b>\u015arednica :<\/b> 16&#8243;<\/li>\n<li style=\"margin: 5px 0; padding: 2px 0; clear: both; display: list-item; float: none; position: static;\"><b>Szeroko\u015b\u0107 :<\/b> 205<\/li>\n<li style=\"margin: 5px 0; padding: 2px 0; clear: both; display: list-item; float: none; position: static;\"><b>Wart. pom. i kl. zew. ha\u0142asu tocz. [dB] :<\/b> 72<\/li>\n<\/ul>\n<\/div>\n<\/div>\n<\/div>\n<div style=\"clear: both; display: block; margin: 10px 0;\">\n<div style=\"clear: both; display: block; margin: 10px 0;\">\n<div style=\"clear: both; display: block; margin: 10px 0;\">\n<p style=\"margin: 15px 0; line-height: 1.8; clear: both; display: block; width: 100%; float: none; position: static;\">Zimowa opona D\u0118BICA Frigo HP2 zosta\u0142a zaprojektowana dla samochod\u00f3w o wysokich osi\u0105gach, z my\u015bl\u0105 o kierowcach, kt\u00f3rzy lubi\u0105 dynamiczn\u0105 jazd\u0119 i ceni\u0105 sobie zaawansowan\u0105 technologi\u0119. Opona posiada oznaczenie 3PMSF &#8211; symbol trzech szczyt\u00f3w g\u00f3rskich i p\u0142atka \u015bniegu &#8211; potwierdzaj\u0105ce przystosowanie opony do warunk\u00f3w zimowych. Pe\u0142na kontrola nad pojazdem Opona D\u0118BICA Frigo HP2 otrzyma\u0142a nowy, kierunkowy wz\u00f3r bie\u017cnika o zwi\u0119kszonej ilo\u015bci kraw\u0119dzi tn\u0105cych, co maksymalizuje kontrol\u0119 nad pojazdem w trudnych warunkach zimowych. Doskona\u0142a trakcja na \u015bniegu System samoblokuj\u0105cych si\u0119 lamel zapewniaj\u0105 znakomit\u0105 trakcj\u0119 na \u015bniegu i b\u0142ocie po\u015bniegowym. Wraz z zastosowan\u0105 now\u0105 mieszank\u0105 gumow\u0105 utrzymuj\u0105 odpowiedni\u0105 sztywno\u015b\u0107 opony co wp\u0142ywa na lepsz\u0105 kierowalno\u015b\u0107 pojazdem. Dodatkowo rowki w kszta\u0142cie litery &#8222;W&#8221; w centralnej cz\u0119\u015bci bie\u017cnika doskonale odprowadzaj\u0105 wod\u0119 i b\u0142oto po\u015bniegowe. Wi\u0119ksza odporno\u015b\u0107 na zu\u017cycie Nowoczesna konstrukcja opony D\u0118BICA Frigo HP2 ze zwi\u0119kszon\u0105 g\u0142\u0119boko\u015bci\u0105 bie\u017cnika sprawia, \u017ce opona jest odporna na \u015bcieranie i wolniej si\u0119 zu\u017cywa.<\/p>\n<\/div>\n<\/div>\n<div style=\"clear: both; display: block; margin: 10px 0;\">\n<div style=\"clear: both; display: block; margin: 10px 0;\">\n<div  style=\"max-width:886px;max-height:1299px\">\n<div style=\"clear: both; display: block; margin: 10px 0;\">\n<div style=\"clear: both; width: 100%; display: block; margin: 20px 0; padding: 0; float: none; position: static; text-align: center;\"><img decoding=\"async\"  src=\"https:\/\/a.allegroimg.com\/original\/11d3bd\/3aba630348e9b93e26fb2c58745c\/4x-DEBICA-205-60R16-96H-Frigo-HP-2-XL-zimowe-2024-r-Srednica-16\" srcset=\"https:\/\/a.allegroimg.com\/original\/11d3bd\/3aba630348e9b93e26fb2c58745c\/4x-DEBICA-205-60R16-96H-Frigo-HP-2-XL-zimowe-2024-r-Srednica-16 245w,https:\/\/a.allegroimg.com\/original\/11d3bd\/3aba630348e9b93e26fb2c58745c\/4x-DEBICA-205-60R16-96H-Frigo-HP-2-XL-zimowe-2024-r-Srednica-16 491w,https:\/\/a.allegroimg.com\/original\/11d3bd\/3aba630348e9b93e26fb2c58745c\/4x-DEBICA-205-60R16-96H-Frigo-HP-2-XL-zimowe-2024-r-Srednica-16 698w,https:\/\/a.allegroimg.com\/original\/11d3bd\/3aba630348e9b93e26fb2c58745c\/4x-DEBICA-205-60R16-96H-Frigo-HP-2-XL-zimowe-2024-r-Srednica-16 886w,https:\/\/a.allegroimg.com\/original\/11d3bd\/3aba630348e9b93e26fb2c58745c\/4x-DEBICA-205-60R16-96H-Frigo-HP-2-XL-zimowe-2024-r-Srednica-16 886w\" sizes=\"(min-width: 1200px) 560px, (min-width: 992px) 50vw, 100vw\" width=\"886px\" alt=\"4x D\u0118BICA 205\/60R16 96H Frigo HP 2 XL zimowe 2024 r \u015arednica 16&quot;\"\/ style=\"max-width: 100%; height: auto; display: block; margin: 0 auto;\"><\/div>\n<\/div>\n<\/div>\n<\/div>\n<\/div>\n<\/div>\n<div style=\"clear: both; display: block; margin: 10px 0;\">\n<div style=\"clear: both; display: block; margin: 10px 0;\">\n<div style=\"clear: both; display: block; margin: 10px 0;\">\n<p style=\"margin: 15px 0; line-height: 1.8; clear: both; display: block; width: 100%; float: none; position: static;\">Wychodz\u0105c naprzeciw oczekiwaniom Klient\u00f3w i chc\u0105c spe\u0142nia\u0107 jak najwy\u017csze standardy obs\u0142ugi dok\u0142adamy wszelkich stara\u0144, aby podawa\u0107 precyzyjn\u0105 dat\u0119 produkcji opony (DOT). Niestety, w wyj\u0105tkowych przypadkach, mo\u017ce zdarzy\u0107 si\u0119, \u017ce opony, kt\u00f3re wy\u015blemy b\u0119d\u0105 mia\u0142y inn\u0105 dat\u0119 produkcji ni\u017c podana. Sytuacja mo\u017ce dotyczy\u0107 zar\u00f3wno opon z DOT-em wcze\u015bniejszym jak i p\u00f3\u017aniejszym. Chcieliby\u015bmy podkre\u015bli\u0107, \u017ce warunki przechowywania opon w naszych magazynach spe\u0142niaj\u0105 Polsk\u0105 Norm\u0119 PN-C-94300-7 dzi\u0119ki czemu nawet opona przechowywana 24 miesi\u0105ce ma parametry takie same jak opona z bie\u017c\u0105cego roku. Warto pami\u0119ta\u0107 tak\u017ce o fakcie, \u017ce w przypadku wielu rozmiar\u00f3w i producent\u00f3w plany produkcyjne fabryk uniemo\u017cliwiaj\u0105 zakup opony z bie\u017c\u0105cego roku.<\/p>\n<p style=\"margin: 15px 0; line-height: 1.8; clear: both; display: block; width: 100%; float: none; position: static;\">Przy zakupie opon pami\u0119taj o sprawdzeniu w instrukcji samochodu lub na w\u0142a\u015bciwej stronie internetowej, jakie ogumienie zaleca producent Twojego auta. \u0179le dobrane opony mog\u0105 negatywnie wp\u0142yn\u0105\u0107 na poziom Twojego bezpiecze\u0144stwa. Kupuj\u0105c opony zwr\u00f3\u0107 uwag\u0119 na rozmiar oraz indeksy no\u015bno\u015bci i pr\u0119dko\u015bci jakie homologowane s\u0105 do Twojego pojazdu.<\/p>\n<p style=\"margin: 15px 0; line-height: 1.8; clear: both; display: block; width: 100%; float: none; position: static;\">Zamieszczone zdj\u0119cia pe\u0142ni\u0105 funkcj\u0119 pogl\u0105dow\u0105. W zale\u017cno\u015bci od szeroko\u015bci opon, mog\u0105 wyst\u0119powa\u0107 niewielkie r\u00f3\u017cnice w wygl\u0105dzie bie\u017cnika (w obr\u0119bie jednego modelu) na przyk\u0142ad w ilo\u015bci rowk\u00f3w obwodowych lub rozmieszczeniu blok\u00f3w bie\u017cnika, co nie stanowi wady produktu.<\/p>\n<p style=\"margin: 15px 0; line-height: 1.8; clear: both; display: block; width: 100%; float: none; position: static;\">Je\u017celi otrzymane przez Ciebie opony nie spe\u0142niaj\u0105 Twoich oczekiwa\u0144 masz mo\u017cliwo\u015b\u0107 zwrotu lub wymiany nieu\u017cywanego (niemontowanego) ogumienia.<\/p>\n<\/div>\n<\/div>\n<\/div>\n<div style=\"clear: both; display: block; margin: 10px 0;\">\n<div style=\"clear: both; display: block; margin: 10px 0;\">\n<div style=\"clear: both; display: block; margin: 10px 0;\">\n<div  style=\"max-width:910px;max-height:219px\">\n<div style=\"clear: both; display: block; margin: 10px 0;\">\n<div style=\"clear: both; width: 100%; display: block; margin: 20px 0; padding: 0; float: none; position: static; text-align: center;\"><img decoding=\"async\"  src=\"https:\/\/a.allegroimg.com\/original\/1104aa\/c482aa9c4cb88ce3b2089e1f666b\/4x-DEBICA-205-60R16-96H-Frigo-HP-2-XL-zimowe-2024-r-Waga-produktu-z-opakowaniem-jednostkowym-35-68-kg\" srcset=\"https:\/\/a.allegroimg.com\/original\/1104aa\/c482aa9c4cb88ce3b2089e1f666b\/4x-DEBICA-205-60R16-96H-Frigo-HP-2-XL-zimowe-2024-r-Waga-produktu-z-opakowaniem-jednostkowym-35-68-kg 360w,https:\/\/a.allegroimg.com\/original\/1104aa\/c482aa9c4cb88ce3b2089e1f666b\/4x-DEBICA-205-60R16-96H-Frigo-HP-2-XL-zimowe-2024-r-Waga-produktu-z-opakowaniem-jednostkowym-35-68-kg 720w,https:\/\/a.allegroimg.com\/original\/1104aa\/c482aa9c4cb88ce3b2089e1f666b\/4x-DEBICA-205-60R16-96H-Frigo-HP-2-XL-zimowe-2024-r-Waga-produktu-z-opakowaniem-jednostkowym-35-68-kg 910w,https:\/\/a.allegroimg.com\/original\/1104aa\/c482aa9c4cb88ce3b2089e1f666b\/4x-DEBICA-205-60R16-96H-Frigo-HP-2-XL-zimowe-2024-r-Waga-produktu-z-opakowaniem-jednostkowym-35-68-kg 910w\" sizes=\"(min-width: 1200px) 560px, (min-width: 992px) 50vw, 100vw\" width=\"910px\" alt=\"4x D\u0118BICA 205\/60R16 96H Frigo HP 2 XL zimowe 2024 r Waga produktu z opakowaniem jednostkowym 35.68 kg\"\/ style=\"max-width: 100%; height: auto; display: block; margin: 0 auto;\"><\/div>\n<\/div>\n<\/div>\n<\/div>\n<\/div>\n<div style=\"clear: both; display: block; margin: 10px 0;\">\n<div style=\"clear: both; display: block; margin: 10px 0;\">\n<h1>D\u0119bica<\/h1>\n<p style=\"margin: 15px 0; line-height: 1.8; clear: both; display: block; width: 100%; float: none; position: static;\">W 1939 roku wyprodukowano pierwsz\u0105 opon\u0119 w fabryce nale\u017c\u0105cej do za\u0142o\u017conej dwa lata wcze\u015bniej Firmy Oponiarskiej D\u0119bica, pa\u0144stwowego przedsi\u0119wzi\u0119cia wytwarzaj\u0105cego ogumienie na potrzeby wojska. Cho\u0107 firma rozwija\u0142a si\u0119 pr\u0119\u017cnie, nie by\u0142 to dobry rok \u2013 po wybuchu II Wojny \u015awiatowej fabryk\u0119 przej\u0119\u0142y w\u0142adze okupacyjne, kt\u00f3re sprzeda\u0142y do Niemiec lini\u0119 produkcyjn\u0105 i zaj\u0119\u0142y reszt\u0119 maj\u0105tku. Po wojnie wi\u0119kszo\u015b\u0107 utraconych maszyn uda\u0142o si\u0119 odzyska\u0107 i produkcja ruszy\u0142a na nowo, nap\u0119dzana inwestycjami niezb\u0119dnymi dla tego, by sprosta\u0107 rosn\u0105cemu zapotrzebowaniu na opony. Progresywnie unowocze\u015bniana fabryka rozpocz\u0119\u0142a w latach 70. produkcj\u0119 opon radialnych dla samochod\u00f3w osobowych, a w latach 80. &#8211; ogumienia ci\u0119\u017carowego i rolniczego. W ostatniej dekadzie XX wieku firma zosta\u0142a sprywatyzowana, a wi\u0119kszo\u015bciowy pakiet akcji wykupi\u0142 ameryka\u0144ski koncern Goodyear. Obecnie D\u0119bica jest jedn\u0105 z najlepiej znanych i najcz\u0119\u015bciej rozpoznawanych na polskim rynku rodzimych marek, znajduje si\u0119 tak\u017ce w gronie 30 najwi\u0119kszych polskich eksporter\u00f3w. W pierwszych trzech kwarta\u0142ach 2011 roku przychody ze sprzeda\u017cy wynios\u0142y ponad p\u00f3\u0142tora miliarda z\u0142otych. Przeznaczone dla samochod\u00f3w klasy \u015bredniej i wy\u017cszej asymetryczne letnie opony D\u0119bica Presto i opony zimowe D\u0119bica Frigo s\u0105 cenione przez klient\u00f3w za dobre w\u0142a\u015bciwo\u015bci jezdne niezale\u017cnie od kondycji nawierzchni. Starannie opracowana rze\u017aba bie\u017cnika sprawia, \u017ce opony dobrze odprowadzaj\u0105 wod\u0119 i zapewniaj\u0105 komfortow\u0105 jazd\u0119 przy wysokich pr\u0119dko\u015bciach.\n<\/p>\n<\/div>\n<\/div>\n<\/div>\n<\/div>\n<\/div>\n<\/div>\n<div style=\"clear: both; display: block; margin: 10px 0;\">\n","protected":false},"excerpt":{"rendered":"<p>Rok produkcji: 2024<\/p>\n<p>D\u0118BICA Frigo HP 2 205\/60R16 96H XL<\/p>\n<p>DC24BA<\/p>\n<p>Data produkcji : 2024<\/p>\n<p>Hamowanie na mokrej nawierzchni : C<\/p>\n<p>Indeks : 205\/60R16 ZODE 96H FRHP2<\/p>\n<p>Indeks no\u015bno\u015bci : 96<\/p>\n<p>Indeks pr\u0119dko\u015bci : H &#8211; 210 km\/h<\/p>\n","protected":false},"featured_media":8962,"template":"","meta":{"_uag_custom_page_level_css":""},"product_brand":[378],"product_cat":[414,413,412,415],"product_tag":[],"class_list":{"0":"post-8961","1":"product","2":"type-product","3":"status-publish","4":"has-post-thumbnail","6":"product_brand-debica","7":"product_cat-do-samochodow-osobowych-i-suv","8":"product_cat-opony","9":"product_cat-opony-i-felgi","10":"product_cat-zimowe","12":"first","13":"instock","14":"sale","15":"shipping-taxable","16":"purchasable","17":"product-type-simple"},"uagb_featured_image_src":{"full":["https:\/\/oponexa.shop\/tire\/wp-content\/uploads\/2025\/12\/allegro-image-8961.jpg",1200,1126,false],"thumbnail":["https:\/\/oponexa.shop\/tire\/wp-content\/uploads\/2025\/12\/allegro-image-8961-150x150.jpg",150,150,true],"medium":["https:\/\/oponexa.shop\/tire\/wp-content\/uploads\/2025\/12\/allegro-image-8961-300x282.jpg",300,282,true],"medium_large":["https:\/\/oponexa.shop\/tire\/wp-content\/uploads\/2025\/12\/allegro-image-8961-768x721.jpg",768,721,true],"large":["https:\/\/oponexa.shop\/tire\/wp-content\/uploads\/2025\/12\/allegro-image-8961-1024x961.jpg",1024,961,true],"1536x1536":["https:\/\/oponexa.shop\/tire\/wp-content\/uploads\/2025\/12\/allegro-image-8961.jpg",1200,1126,false],"2048x2048":["https:\/\/oponexa.shop\/tire\/wp-content\/uploads\/2025\/12\/allegro-image-8961.jpg",1200,1126,false],"woocommerce_thumbnail":["https:\/\/oponexa.shop\/tire\/wp-content\/uploads\/2025\/12\/allegro-image-8961-300x300.jpg",300,300,true],"woocommerce_single":["https:\/\/oponexa.shop\/tire\/wp-content\/uploads\/2025\/12\/allegro-image-8961-600x563.jpg",600,563,true],"woocommerce_gallery_thumbnail":["https:\/\/oponexa.shop\/tire\/wp-content\/uploads\/2025\/12\/allegro-image-8961-100x100.jpg",100,100,true]},"uagb_author_info":{"display_name":"admin","author_link":"https:\/\/oponexa.shop\/tire\/author\/"},"uagb_comment_info":0,"uagb_excerpt":"Rok produkcji: 2024 D\u0118BICA Frigo HP 2 205\/60R16 96H XL DC24BA Data produkcji : 2024 Hamowanie na mokrej nawierzchni : C Indeks : 205\/60R16 ZODE 96H FRHP2 Indeks no\u015bno\u015bci : 96 Indeks pr\u0119dko\u015bci : H - 210 km\/h","_links":{"self":[{"href":"https:\/\/oponexa.shop\/tire\/wp-json\/wp\/v2\/product\/8961","targetHints":{"allow":["GET"]}}],"collection":[{"href":"https:\/\/oponexa.shop\/tire\/wp-json\/wp\/v2\/product"}],"about":[{"href":"https:\/\/oponexa.shop\/tire\/wp-json\/wp\/v2\/types\/product"}],"wp:featuredmedia":[{"embeddable":true,"href":"https:\/\/oponexa.shop\/tire\/wp-json\/wp\/v2\/media\/8962"}],"wp:attachment":[{"href":"https:\/\/oponexa.shop\/tire\/wp-json\/wp\/v2\/media?parent=8961"}],"wp:term":[{"taxonomy":"product_brand","embeddable":true,"href":"https:\/\/oponexa.shop\/tire\/wp-json\/wp\/v2\/product_brand?post=8961"},{"taxonomy":"product_cat","embeddable":true,"href":"https:\/\/oponexa.shop\/tire\/wp-json\/wp\/v2\/product_cat?post=8961"},{"taxonomy":"product_tag","embeddable":true,"href":"https:\/\/oponexa.shop\/tire\/wp-json\/wp\/v2\/product_tag?post=8961"}],"curies":[{"name":"wp","href":"https:\/\/api.w.org\/{rel}","templated":true}]}}