{"id":8951,"date":"2025-12-24T01:50:07","date_gmt":"2025-12-24T01:50:07","guid":{"rendered":"https:\/\/oponyexpert.shop\/xef5\/produkt\/2-szt-opony-caloroczne-195-65r15-debica-navigator-3-warszawa\/"},"modified":"2025-12-24T01:50:08","modified_gmt":"2025-12-24T01:50:08","slug":"2-szt-opony-caloroczne-195-65r15-debica-navigator-3-warszawa","status":"publish","type":"product","link":"https:\/\/oponexa.shop\/tire\/produkt\/2-szt-opony-caloroczne-195-65r15-debica-navigator-3-warszawa\/","title":{"rendered":"2 szt.OPONY CA\u0141OROCZNE 195\/65R15 D\u0118BICA NAVIGATOR 3 WARSZAWA"},"content":{"rendered":"<div style=\"font-family: Arial, sans-serif; line-height: 1.6; color: #333; padding: 20px; clear: both; display: block; width: 100%; float: none; position: static; overflow: hidden;\">\n<div style=\"clear: both; display: block; margin: 10px 0;\">\n<div style=\"clear: both; display: block; margin: 10px 0;\">\n<div style=\"clear: both; display: block; margin: 10px 0;\">\n<h3 style=\"color: #2c5aa0; font-size: 18px; margin: 30px 0 15px 0; font-weight: bold; clear: both; display: block; width: 100%; float: none; position: static;\">NOWE OPONY CA\u0141OROCZNE 2 SZT.<\/h3>\n<h3 style=\"color: #2c5aa0; font-size: 18px; margin: 30px 0 15px 0; font-weight: bold; clear: both; display: block; width: 100%; float: none; position: static;\">D\u0118BICA NAVIGATOR 3<\/h3>\n<h3 style=\"color: #2c5aa0; font-size: 18px; margin: 30px 0 15px 0; font-weight: bold; clear: both; display: block; width: 100%; float: none; position: static;\">195\/65R15 91H<\/h3>\n<p style=\"margin: 15px 0; line-height: 1.8; clear: both; display: block; width: 100%; float: none; position: static;\">Opona ca\u0142oroczna nowej generacji. Zapewniaj\u0105ca lepsze osi\u0105gi, stworzona z wykorzystaniem nowoczesnych technologii. Zaprojektowana z my\u015bl\u0105 o je\u017adzie na za\u015bnie\u017conej i mokrej nawierzchni,&nbsp; oraz o przebiegu.<\/p>\n<ul style=\"margin: 15px 0; padding-left: 20px; clear: both; display: block; width: 100%; float: none; position: static;\">\n<li style=\"margin: 5px 0; padding: 2px 0; clear: both; display: list-item; float: none; position: static;\">Pewne prowadzenie na mokrych nawierzchniach<\/li>\n<li style=\"margin: 5px 0; padding: 2px 0; clear: both; display: list-item; float: none; position: static;\">Niezawodna kontrola podczas jazdy na \u015bniegu<\/li>\n<li style=\"margin: 5px 0; padding: 2px 0; clear: both; display: list-item; float: none; position: static;\">Ekonomiczna opona \u2014 trwa\u0142a i zapewniaj\u0105ca oszcz\u0119dno\u015b\u0107 paliwa<\/li>\n<li style=\"margin: 5px 0; padding: 2px 0; clear: both; display: list-item; float: none; position: static;\">Opona ma certyfikat zdatno\u015bci do u\u017cytkowania w warunkach zimowych.<\/li>\n<\/ul>\n<\/div>\n<\/div>\n<div style=\"clear: both; display: block; margin: 10px 0;\">\n<div style=\"clear: both; display: block; margin: 10px 0;\">\n<div  style=\"max-width:141px;max-height:360px\">\n<div style=\"clear: both; display: block; margin: 10px 0;\">\n<div style=\"clear: both; width: 100%; display: block; margin: 20px 0; padding: 0; float: none; position: static; text-align: center;\"><img decoding=\"async\"  src=\"https:\/\/a.allegroimg.com\/original\/11465b\/eab3d9804760aff5e732ca29f7df\/2-szt-OPONY-CALOROCZNE-195-65R15-DEBICA-NAVIGATOR-3-WARSZAWA-EAN-GTIN-4038526046918\" srcset=\"https:\/\/a.allegroimg.com\/original\/11465b\/eab3d9804760aff5e732ca29f7df\/2-szt-OPONY-CALOROCZNE-195-65R15-DEBICA-NAVIGATOR-3-WARSZAWA-EAN-GTIN-4038526046918 141w,https:\/\/a.allegroimg.com\/original\/11465b\/eab3d9804760aff5e732ca29f7df\/2-szt-OPONY-CALOROCZNE-195-65R15-DEBICA-NAVIGATOR-3-WARSZAWA-EAN-GTIN-4038526046918 141w\" sizes=\"(min-width: 1200px) 560px, (min-width: 992px) 50vw, 100vw\" width=\"141px\" alt=\"2 szt.OPONY CA\u0141OROCZNE 195\/65R15 D\u0118BICA NAVIGATOR 3 WARSZAWA EAN (GTIN) 4038526046918\"\/ style=\"max-width: 100%; height: auto; display: block; margin: 0 auto;\"><\/div>\n<\/div>\n<\/div>\n<\/div>\n<\/div>\n<\/div>\n<\/div>\n<\/div>\n<\/div>\n<div style=\"clear: both; display: block; margin: 10px 0;\">\n","protected":false},"excerpt":{"rendered":"<p>NOWE OPONY CA\u0141OROCZNE 2 SZT.<\/p>\n<p>D\u0118BICA NAVIGATOR 3<\/p>\n<p>195\/65R15 91H<\/p>\n<p>Opona ca\u0142oroczna nowej generacji. Zapewniaj\u0105ca lepsze osi\u0105gi, stworzona z wykorzystaniem nowoczesnych technologii. Zaprojektowana z my\u015bl\u0105 o je\u017adzie na za\u015bnie\u017conej i mokrej nawierzchni,&nbsp; oraz o przebiegu.<\/p>\n<p>Pewne prowadzenie na mokrych nawierzchniach<\/p>\n<p>Niezawodna kontrola podczas jazdy na \u015bniegu<\/p>\n<p>Ekonomiczna opona \u2014 trwa\u0142a i zapewniaj\u0105ca oszcz\u0119dno\u015b\u0107 paliwa<\/p>\n<p>Opona ma certyfikat zdatno\u015bci do u\u017cytkowania w warunkach zimowych.<\/p>\n","protected":false},"featured_media":8952,"template":"","meta":{"_uag_custom_page_level_css":""},"product_brand":[378],"product_cat":[416,414,413,412],"product_tag":[],"class_list":{"0":"post-8951","1":"product","2":"type-product","3":"status-publish","4":"has-post-thumbnail","6":"product_brand-debica","7":"product_cat-caloroczne","8":"product_cat-do-samochodow-osobowych-i-suv","9":"product_cat-opony","10":"product_cat-opony-i-felgi","12":"first","13":"instock","14":"sale","15":"shipping-taxable","16":"purchasable","17":"product-type-simple"},"uagb_featured_image_src":{"full":["https:\/\/oponexa.shop\/tire\/wp-content\/uploads\/2025\/12\/allegro-image-8951.jpg",1440,2560,false],"thumbnail":["https:\/\/oponexa.shop\/tire\/wp-content\/uploads\/2025\/12\/allegro-image-8951-150x150.jpg",150,150,true],"medium":["https:\/\/oponexa.shop\/tire\/wp-content\/uploads\/2025\/12\/allegro-image-8951-169x300.jpg",169,300,true],"medium_large":["https:\/\/oponexa.shop\/tire\/wp-content\/uploads\/2025\/12\/allegro-image-8951-768x1365.jpg",768,1365,true],"large":["https:\/\/oponexa.shop\/tire\/wp-content\/uploads\/2025\/12\/allegro-image-8951-576x1024.jpg",576,1024,true],"1536x1536":["https:\/\/oponexa.shop\/tire\/wp-content\/uploads\/2025\/12\/allegro-image-8951-864x1536.jpg",864,1536,true],"2048x2048":["https:\/\/oponexa.shop\/tire\/wp-content\/uploads\/2025\/12\/allegro-image-8951-1152x2048.jpg",1152,2048,true],"woocommerce_thumbnail":["https:\/\/oponexa.shop\/tire\/wp-content\/uploads\/2025\/12\/allegro-image-8951-300x300.jpg",300,300,true],"woocommerce_single":["https:\/\/oponexa.shop\/tire\/wp-content\/uploads\/2025\/12\/allegro-image-8951-600x1067.jpg",600,1067,true],"woocommerce_gallery_thumbnail":["https:\/\/oponexa.shop\/tire\/wp-content\/uploads\/2025\/12\/allegro-image-8951-100x100.jpg",100,100,true]},"uagb_author_info":{"display_name":"admin","author_link":"https:\/\/oponexa.shop\/tire\/author\/"},"uagb_comment_info":0,"uagb_excerpt":"NOWE OPONY CA\u0141OROCZNE 2 SZT. D\u0118BICA NAVIGATOR 3 195\/65R15 91H Opona ca\u0142oroczna nowej generacji. Zapewniaj\u0105ca lepsze osi\u0105gi, stworzona z wykorzystaniem nowoczesnych technologii. Zaprojektowana z my\u015bl\u0105 o je\u017adzie na za\u015bnie\u017conej i mokrej nawierzchni,&nbsp; oraz o przebiegu. Pewne prowadzenie na mokrych nawierzchniach Niezawodna kontrola podczas jazdy na \u015bniegu Ekonomiczna opona \u2014 trwa\u0142a i zapewniaj\u0105ca oszcz\u0119dno\u015b\u0107 paliwa Opona&hellip;","_links":{"self":[{"href":"https:\/\/oponexa.shop\/tire\/wp-json\/wp\/v2\/product\/8951","targetHints":{"allow":["GET"]}}],"collection":[{"href":"https:\/\/oponexa.shop\/tire\/wp-json\/wp\/v2\/product"}],"about":[{"href":"https:\/\/oponexa.shop\/tire\/wp-json\/wp\/v2\/types\/product"}],"wp:featuredmedia":[{"embeddable":true,"href":"https:\/\/oponexa.shop\/tire\/wp-json\/wp\/v2\/media\/8952"}],"wp:attachment":[{"href":"https:\/\/oponexa.shop\/tire\/wp-json\/wp\/v2\/media?parent=8951"}],"wp:term":[{"taxonomy":"product_brand","embeddable":true,"href":"https:\/\/oponexa.shop\/tire\/wp-json\/wp\/v2\/product_brand?post=8951"},{"taxonomy":"product_cat","embeddable":true,"href":"https:\/\/oponexa.shop\/tire\/wp-json\/wp\/v2\/product_cat?post=8951"},{"taxonomy":"product_tag","embeddable":true,"href":"https:\/\/oponexa.shop\/tire\/wp-json\/wp\/v2\/product_tag?post=8951"}],"curies":[{"name":"wp","href":"https:\/\/api.w.org\/{rel}","templated":true}]}}