{"id":8949,"date":"2025-12-24T01:50:06","date_gmt":"2025-12-24T01:50:06","guid":{"rendered":"https:\/\/oponyexpert.shop\/xef5\/produkt\/opona-wielosezonowa-195-65r15-debica-navigator3\/"},"modified":"2025-12-24T01:50:07","modified_gmt":"2025-12-24T01:50:07","slug":"opona-wielosezonowa-195-65r15-debica-navigator3","status":"publish","type":"product","link":"https:\/\/oponexa.shop\/tire\/produkt\/opona-wielosezonowa-195-65r15-debica-navigator3\/","title":{"rendered":"Opona wielosezonowa 195\/65R15 D\u0119bica Navigator3"},"content":{"rendered":"<div style=\"font-family: Arial, sans-serif; line-height: 1.6; color: #333; padding: 20px; clear: both; display: block; width: 100%; float: none; position: static; overflow: hidden;\">\n<div style=\"clear: both; display: block; margin: 10px 0;\">\n<div style=\"clear: both; display: block; margin: 10px 0;\">\n<div style=\"clear: both; display: block; margin: 10px 0;\">\n<div  style=\"max-width:512px;max-height:460px\">\n<div style=\"clear: both; display: block; margin: 10px 0;\">\n<div style=\"clear: both; width: 100%; display: block; margin: 20px 0; padding: 0; float: none; position: static; text-align: center;\"><img decoding=\"async\"  src=\"https:\/\/a.allegroimg.com\/original\/117225\/c0f34c2849859c9cff114a5edaa2\/Opona-wielosezonowa-195-65R15-Debica-Navigator3-Kod-producenta-579144\" srcset=\"https:\/\/a.allegroimg.com\/original\/117225\/c0f34c2849859c9cff114a5edaa2\/Opona-wielosezonowa-195-65R15-Debica-Navigator3-Kod-producenta-579144 360w,https:\/\/a.allegroimg.com\/original\/117225\/c0f34c2849859c9cff114a5edaa2\/Opona-wielosezonowa-195-65R15-Debica-Navigator3-Kod-producenta-579144 512w,https:\/\/a.allegroimg.com\/original\/117225\/c0f34c2849859c9cff114a5edaa2\/Opona-wielosezonowa-195-65R15-Debica-Navigator3-Kod-producenta-579144 512w\" sizes=\"(min-width: 1200px) 560px, (min-width: 992px) 50vw, 100vw\" width=\"512px\" alt=\"Opona wielosezonowa 195\/65R15 D\u0119bica Navigator3 Kod producenta 579144\"\/ style=\"max-width: 100%; height: auto; display: block; margin: 0 auto;\"><\/div>\n<\/div>\n<\/div>\n<\/div>\n<\/div>\n<div style=\"clear: both; display: block; margin: 10px 0;\">\n<div style=\"clear: both; display: block; margin: 10px 0;\">\n<p style=\"margin: 15px 0; line-height: 1.8; clear: both; display: block; width: 100%; float: none; position: static;\"><b>Producent<\/b>:<\/p>\n<p style=\"margin: 15px 0; line-height: 1.8; clear: both; display: block; width: 100%; float: none; position: static;\">D\u0119bica<\/p>\n<h3 style=\"color: #2c5aa0; font-size: 18px; margin: 30px 0 15px 0; font-weight: bold; clear: both; display: block; width: 100%; float: none; position: static;\">Model:<\/h3>\n<p style=\"margin: 15px 0; line-height: 1.8; clear: both; display: block; width: 100%; float: none; position: static;\">Navigator 3<\/p>\n<h3 style=\"color: #2c5aa0; font-size: 18px; margin: 30px 0 15px 0; font-weight: bold; clear: both; display: block; width: 100%; float: none; position: static;\">Rozmiar:<\/h3>\n<p style=\"margin: 15px 0; line-height: 1.8; clear: both; display: block; width: 100%; float: none; position: static;\">195\/65R15<\/p>\n<h3 style=\"color: #2c5aa0; font-size: 18px; margin: 30px 0 15px 0; font-weight: bold; clear: both; display: block; width: 100%; float: none; position: static;\">Indeksy:<\/h3>\n<p style=\"margin: 15px 0; line-height: 1.8; clear: both; display: block; width: 100%; float: none; position: static;\">91H (210km\/h)<\/p>\n<h3 style=\"color: #2c5aa0; font-size: 18px; margin: 30px 0 15px 0; font-weight: bold; clear: both; display: block; width: 100%; float: none; position: static;\">Rok produkcji:<\/h3>\n<p style=\"margin: 15px 0; line-height: 1.8; clear: both; display: block; width: 100%; float: none; position: static;\">2024\/2025<\/p>\n<h3 style=\"color: #2c5aa0; font-size: 18px; margin: 30px 0 15px 0; font-weight: bold; clear: both; display: block; width: 100%; float: none; position: static;\">Sezon:<\/h3>\n<p style=\"margin: 15px 0; line-height: 1.8; clear: both; display: block; width: 100%; float: none; position: static;\">Ca\u0142oroczne<\/p>\n<\/div>\n<\/div>\n<\/div>\n<div style=\"clear: both; display: block; margin: 10px 0;\">\n<div style=\"clear: both; display: block; margin: 10px 0;\">\n<div style=\"clear: both; display: block; margin: 10px 0;\">\n<h3 style=\"color: #2c5aa0; font-size: 18px; margin: 30px 0 15px 0; font-weight: bold; clear: both; display: block; width: 100%; float: none; position: static;\">NOWE,PE\u0141NOWARTO\u015aCIOWE OPONY CA\u0141OROCZNE<\/h3>\n<h3 style=\"color: #2c5aa0; font-size: 18px; margin: 30px 0 15px 0; font-weight: bold; clear: both; display: block; width: 100%; float: none; position: static;\">D\u0119bica Navigator 3<\/h3>\n<h3 style=\"color: #2c5aa0; font-size: 18px; margin: 30px 0 15px 0; font-weight: bold; clear: both; display: block; width: 100%; float: none; position: static;\">195\/65 R15 91H- 210 km\/h<\/h3>\n<h3 style=\"color: #2c5aa0; font-size: 18px; margin: 30px 0 15px 0; font-weight: bold; clear: both; display: block; width: 100%; float: none; position: static;\">Produkcja opon 2024\/2025<\/h3>\n<\/div>\n<\/div>\n<div style=\"clear: both; display: block; margin: 10px 0;\">\n<div style=\"clear: both; display: block; margin: 10px 0;\">\n<div  style=\"max-width:886px;max-height:1299px\">\n<div style=\"clear: both; display: block; margin: 10px 0;\">\n<div style=\"clear: both; width: 100%; display: block; margin: 20px 0; padding: 0; float: none; position: static; text-align: center;\"><img decoding=\"async\"  src=\"https:\/\/a.allegroimg.com\/original\/11c529\/b5f6a7e040e4b8309cb4b8060afd\/Opona-wielosezonowa-195-65R15-Debica-Navigator3-Marka-Debica\" srcset=\"https:\/\/a.allegroimg.com\/original\/11c529\/b5f6a7e040e4b8309cb4b8060afd\/Opona-wielosezonowa-195-65R15-Debica-Navigator3-Marka-Debica 245w,https:\/\/a.allegroimg.com\/original\/11c529\/b5f6a7e040e4b8309cb4b8060afd\/Opona-wielosezonowa-195-65R15-Debica-Navigator3-Marka-Debica 491w,https:\/\/a.allegroimg.com\/original\/11c529\/b5f6a7e040e4b8309cb4b8060afd\/Opona-wielosezonowa-195-65R15-Debica-Navigator3-Marka-Debica 698w,https:\/\/a.allegroimg.com\/original\/11c529\/b5f6a7e040e4b8309cb4b8060afd\/Opona-wielosezonowa-195-65R15-Debica-Navigator3-Marka-Debica 886w,https:\/\/a.allegroimg.com\/original\/11c529\/b5f6a7e040e4b8309cb4b8060afd\/Opona-wielosezonowa-195-65R15-Debica-Navigator3-Marka-Debica 886w\" sizes=\"(min-width: 1200px) 560px, (min-width: 992px) 50vw, 100vw\" width=\"886px\" alt=\"Opona wielosezonowa 195\/65R15 D\u0119bica Navigator3 Marka D\u0119bica\"\/ style=\"max-width: 100%; height: auto; display: block; margin: 0 auto;\"><\/div>\n<\/div>\n<\/div>\n<\/div>\n<\/div>\n<\/div>\n<div style=\"clear: both; display: block; margin: 10px 0;\">\n<div style=\"clear: both; display: block; margin: 10px 0;\">\n<div style=\"clear: both; display: block; margin: 10px 0;\">\n<h3 style=\"color: #2c5aa0; font-size: 18px; margin: 30px 0 15px 0; font-weight: bold; clear: both; display: block; width: 100%; float: none; position: static;\">Marka nale\u017cy do koncernu: Goodyear<\/h3>\n<p style=\"margin: 15px 0; line-height: 1.8; clear: both; display: block; width: 100%; float: none; position: static;\">Fabryki produkcyjne D\u0119bicy rozmieszczone s\u0105 w wielu krajach Europy.<\/p>\n<p style=\"margin: 15px 0; line-height: 1.8; clear: both; display: block; width: 100%; float: none; position: static;\"><b>Wygoda jednego kompletu opon przez ca\u0142y rok<\/b>!<\/p>\n<p style=\"margin: 15px 0; line-height: 1.8; clear: both; display: block; width: 100%; float: none; position: static;\">Cechy:<\/p>\n<p style=\"margin: 15px 0; line-height: 1.8; clear: both; display: block; width: 100%; float: none; position: static;\">&#8211;<b>&nbsp;\u015bwietna przyczepno\u015b\u0107<\/b>&nbsp;w ka\u017cdych warunkach pogodowych<\/p>\n<p style=\"margin: 15px 0; line-height: 1.8; clear: both; display: block; width: 100%; float: none; position: static;\">&#8211;&nbsp;<b>dobre osi\u0105gi na suchej nawierzchni<\/b><\/p>\n<p style=\"margin: 15px 0; line-height: 1.8; clear: both; display: block; width: 100%; float: none; position: static;\">&#8211;<b>&nbsp;silna trakcja na \u015bniegu<\/b><\/p>\n<p style=\"margin: 15px 0; line-height: 1.8; clear: both; display: block; width: 100%; float: none; position: static;\">&#8211; utrzymane&nbsp;<b>wysokie przebiegi<\/b><\/p>\n<p style=\"margin: 15px 0; line-height: 1.8; clear: both; display: block; width: 100%; float: none; position: static;\">&#8211;&nbsp;<b>efektywne hamowanie<\/b>&nbsp;na mokrej drodze<\/p>\n<h3 style=\"color: #2c5aa0; font-size: 18px; margin: 30px 0 15px 0; font-weight: bold; clear: both; display: block; width: 100%; float: none; position: static;\">BARDZO DOBRA RELACJA CENY DO PARAMETR\u00d3W TRAKCYJNYCH OPON.<\/h3>\n<h3 style=\"color: #2c5aa0; font-size: 18px; margin: 30px 0 15px 0; font-weight: bold; clear: both; display: block; width: 100%; float: none; position: static;\">PRODUKCJA EUROPEJSKA<\/h3>\n<\/div>\n<\/div>\n<div style=\"clear: both; display: block; margin: 10px 0;\">\n<div style=\"clear: both; display: block; margin: 10px 0;\">\n<div  style=\"max-width:300px;max-height:587px\">\n<div style=\"clear: both; display: block; margin: 10px 0;\">\n<div style=\"clear: both; width: 100%; display: block; margin: 20px 0; padding: 0; float: none; position: static; text-align: center;\"><img decoding=\"async\"  src=\"https:\/\/a.allegroimg.com\/original\/11973a\/7de48d4f44e9a66b7ff4be2165cf\/Opona-wielosezonowa-195-65R15-Debica-Navigator3-EAN-GTIN-4038526046918\" srcset=\"https:\/\/a.allegroimg.com\/original\/11973a\/7de48d4f44e9a66b7ff4be2165cf\/Opona-wielosezonowa-195-65R15-Debica-Navigator3-EAN-GTIN-4038526046918 183w,https:\/\/a.allegroimg.com\/original\/11973a\/7de48d4f44e9a66b7ff4be2165cf\/Opona-wielosezonowa-195-65R15-Debica-Navigator3-EAN-GTIN-4038526046918 300w,https:\/\/a.allegroimg.com\/original\/11973a\/7de48d4f44e9a66b7ff4be2165cf\/Opona-wielosezonowa-195-65R15-Debica-Navigator3-EAN-GTIN-4038526046918 300w\" sizes=\"(min-width: 1200px) 560px, (min-width: 992px) 50vw, 100vw\" width=\"300px\" alt=\"Opona wielosezonowa 195\/65R15 D\u0119bica Navigator3 EAN (GTIN) 4038526046918\"\/ style=\"max-width: 100%; height: auto; display: block; margin: 0 auto;\"><\/div>\n<\/div>\n<\/div>\n<\/div>\n<\/div>\n<\/div>\n<\/div>\n<\/div>\n<\/div>\n<div style=\"clear: both; display: block; margin: 10px 0;\">\n","protected":false},"excerpt":{"rendered":"<p>Producent:<\/p>\n<p>D\u0119bica<\/p>\n<p>Model:<\/p>\n<p>Navigator 3<\/p>\n<p>Rozmiar:<\/p>\n<p>195\/65R15<\/p>\n<p>Indeksy:<\/p>\n<p>91H (210km\/h)<\/p>\n","protected":false},"featured_media":8950,"template":"","meta":{"_uag_custom_page_level_css":""},"product_brand":[378],"product_cat":[416,414,413,412],"product_tag":[],"class_list":{"0":"post-8949","1":"product","2":"type-product","3":"status-publish","4":"has-post-thumbnail","6":"product_brand-debica","7":"product_cat-caloroczne","8":"product_cat-do-samochodow-osobowych-i-suv","9":"product_cat-opony","10":"product_cat-opony-i-felgi","12":"first","13":"instock","14":"sale","15":"shipping-taxable","16":"purchasable","17":"product-type-simple"},"uagb_featured_image_src":{"full":["https:\/\/oponexa.shop\/tire\/wp-content\/uploads\/2025\/12\/allegro-image-8949.jpg",300,424,false],"thumbnail":["https:\/\/oponexa.shop\/tire\/wp-content\/uploads\/2025\/12\/allegro-image-8949-150x150.jpg",150,150,true],"medium":["https:\/\/oponexa.shop\/tire\/wp-content\/uploads\/2025\/12\/allegro-image-8949-212x300.jpg",212,300,true],"medium_large":["https:\/\/oponexa.shop\/tire\/wp-content\/uploads\/2025\/12\/allegro-image-8949.jpg",300,424,false],"large":["https:\/\/oponexa.shop\/tire\/wp-content\/uploads\/2025\/12\/allegro-image-8949.jpg",300,424,false],"1536x1536":["https:\/\/oponexa.shop\/tire\/wp-content\/uploads\/2025\/12\/allegro-image-8949.jpg",300,424,false],"2048x2048":["https:\/\/oponexa.shop\/tire\/wp-content\/uploads\/2025\/12\/allegro-image-8949.jpg",300,424,false],"woocommerce_thumbnail":["https:\/\/oponexa.shop\/tire\/wp-content\/uploads\/2025\/12\/allegro-image-8949-300x300.jpg",300,300,true],"woocommerce_single":["https:\/\/oponexa.shop\/tire\/wp-content\/uploads\/2025\/12\/allegro-image-8949.jpg",300,424,false],"woocommerce_gallery_thumbnail":["https:\/\/oponexa.shop\/tire\/wp-content\/uploads\/2025\/12\/allegro-image-8949-100x100.jpg",100,100,true]},"uagb_author_info":{"display_name":"admin","author_link":"https:\/\/oponexa.shop\/tire\/author\/"},"uagb_comment_info":0,"uagb_excerpt":"Producent: D\u0119bica Model: Navigator 3 Rozmiar: 195\/65R15 Indeksy: 91H (210km\/h)","_links":{"self":[{"href":"https:\/\/oponexa.shop\/tire\/wp-json\/wp\/v2\/product\/8949","targetHints":{"allow":["GET"]}}],"collection":[{"href":"https:\/\/oponexa.shop\/tire\/wp-json\/wp\/v2\/product"}],"about":[{"href":"https:\/\/oponexa.shop\/tire\/wp-json\/wp\/v2\/types\/product"}],"wp:featuredmedia":[{"embeddable":true,"href":"https:\/\/oponexa.shop\/tire\/wp-json\/wp\/v2\/media\/8950"}],"wp:attachment":[{"href":"https:\/\/oponexa.shop\/tire\/wp-json\/wp\/v2\/media?parent=8949"}],"wp:term":[{"taxonomy":"product_brand","embeddable":true,"href":"https:\/\/oponexa.shop\/tire\/wp-json\/wp\/v2\/product_brand?post=8949"},{"taxonomy":"product_cat","embeddable":true,"href":"https:\/\/oponexa.shop\/tire\/wp-json\/wp\/v2\/product_cat?post=8949"},{"taxonomy":"product_tag","embeddable":true,"href":"https:\/\/oponexa.shop\/tire\/wp-json\/wp\/v2\/product_tag?post=8949"}],"curies":[{"name":"wp","href":"https:\/\/api.w.org\/{rel}","templated":true}]}}