{"id":8907,"date":"2025-12-24T01:49:53","date_gmt":"2025-12-24T01:49:53","guid":{"rendered":"https:\/\/oponyexpert.shop\/xef5\/produkt\/1x-205-55r16-91v-goodride-z401\/"},"modified":"2025-12-24T01:49:54","modified_gmt":"2025-12-24T01:49:54","slug":"1x-205-55r16-91v-goodride-z401","status":"publish","type":"product","link":"https:\/\/oponexa.shop\/tire\/produkt\/1x-205-55r16-91v-goodride-z401\/","title":{"rendered":"1x 205\/55R16 91V Goodride Z401"},"content":{"rendered":"<div style=\"font-family: Arial, sans-serif; line-height: 1.6; color: #333; padding: 20px; clear: both; display: block; width: 100%; float: none; position: static; overflow: hidden;\">\n<div style=\"clear: both; display: block; margin: 10px 0;\">\n<div style=\"clear: both; display: block; margin: 10px 0;\">\n<div style=\"clear: both; display: block; margin: 10px 0;\">\n<div  style=\"max-width:481px;max-height:271px\">\n<div style=\"clear: both; display: block; margin: 10px 0;\">\n<div style=\"clear: both; width: 100%; display: block; margin: 20px 0; padding: 0; float: none; position: static; text-align: center;\"><img decoding=\"async\"  src=\"https:\/\/a.allegroimg.com\/original\/118dce\/e86a36df40ea97f3233387652563\/1x-205-55R16-91V-Goodride-Z401-Liczba-opon-w-ofercie-1-szt\" srcset=\"https:\/\/a.allegroimg.com\/original\/118dce\/e86a36df40ea97f3233387652563\/1x-205-55R16-91V-Goodride-Z401-Liczba-opon-w-ofercie-1-szt 360w,https:\/\/a.allegroimg.com\/original\/118dce\/e86a36df40ea97f3233387652563\/1x-205-55R16-91V-Goodride-Z401-Liczba-opon-w-ofercie-1-szt 481w,https:\/\/a.allegroimg.com\/original\/118dce\/e86a36df40ea97f3233387652563\/1x-205-55R16-91V-Goodride-Z401-Liczba-opon-w-ofercie-1-szt 481w\" sizes=\"100vw\" width=\"481px\" alt=\"1x 205\/55R16 91V Goodride Z401 Liczba opon w ofercie 1 szt.\"\/ style=\"max-width: 100%; height: auto; display: block; margin: 0 auto;\"><\/div>\n<\/div>\n<\/div>\n<\/div>\n<\/div>\n<\/div>\n<div style=\"clear: both; display: block; margin: 10px 0;\">\n<div style=\"clear: both; display: block; margin: 10px 0;\">\n<div style=\"clear: both; display: block; margin: 10px 0;\">\n<h1>1x 205\/55R16 91V Goodride Z401<\/h1>\n<\/div>\n<\/div>\n<\/div>\n<div style=\"clear: both; display: block; margin: 10px 0;\">\n<div style=\"clear: both; display: block; margin: 10px 0;\">\n<div style=\"clear: both; display: block; margin: 10px 0;\">\n<h2>Parametry<\/h2>\n<ul style=\"margin: 15px 0; padding-left: 20px; clear: both; display: block; width: 100%; float: none; position: static;\">\n<li style=\"margin: 5px 0; padding: 2px 0; clear: both; display: list-item; float: none; position: static;\">Sezon: <b>Ca\u0142oroczne<\/b><\/li>\n<\/ul>\n<ul style=\"margin: 15px 0; padding-left: 20px; clear: both; display: block; width: 100%; float: none; position: static;\">\n<li style=\"margin: 5px 0; padding: 2px 0; clear: both; display: list-item; float: none; position: static;\">Marka: <b>Goodride<\/b><\/li>\n<\/ul>\n<ul style=\"margin: 15px 0; padding-left: 20px; clear: both; display: block; width: 100%; float: none; position: static;\">\n<li style=\"margin: 5px 0; padding: 2px 0; clear: both; display: list-item; float: none; position: static;\">Model: <b>Z401<\/b><\/li>\n<\/ul>\n<ul style=\"margin: 15px 0; padding-left: 20px; clear: both; display: block; width: 100%; float: none; position: static;\">\n<li style=\"margin: 5px 0; padding: 2px 0; clear: both; display: list-item; float: none; position: static;\">Rozmiar: <b>205\/55R16<\/b><\/li>\n<\/ul>\n<ul style=\"margin: 15px 0; padding-left: 20px; clear: both; display: block; width: 100%; float: none; position: static;\">\n<li style=\"margin: 5px 0; padding: 2px 0; clear: both; display: list-item; float: none; position: static;\">Indeks no\u015bno\u015bci: <b>91 &#8211; 615 kg<\/b><\/li>\n<\/ul>\n<ul style=\"margin: 15px 0; padding-left: 20px; clear: both; display: block; width: 100%; float: none; position: static;\">\n<li style=\"margin: 5px 0; padding: 2px 0; clear: both; display: list-item; float: none; position: static;\">Indeks pr\u0119dko\u015bci: <b>V &#8211; 240 km\/h<\/b><\/li>\n<\/ul>\n<ul style=\"margin: 15px 0; padding-left: 20px; clear: both; display: block; width: 100%; float: none; position: static;\">\n<li style=\"margin: 5px 0; padding: 2px 0; clear: both; display: list-item; float: none; position: static;\">Typ: <b>Osobowe<\/b><\/li>\n<\/ul>\n<ul style=\"margin: 15px 0; padding-left: 20px; clear: both; display: block; width: 100%; float: none; position: static;\">\n<li style=\"margin: 5px 0; padding: 2px 0; clear: both; display: list-item; float: none; position: static;\">Rok produkcji: <b>2025<\/b><\/li>\n<\/ul>\n<ul style=\"margin: 15px 0; padding-left: 20px; clear: both; display: block; width: 100%; float: none; position: static;\">\n<li style=\"margin: 5px 0; padding: 2px 0; clear: both; display: list-item; float: none; position: static;\">EAN: <b>6938112622169<\/b><\/li>\n<\/ul>\n<\/div>\n<\/div>\n<\/div>\n<div style=\"clear: both; display: block; margin: 10px 0;\">\n<div style=\"clear: both; display: block; margin: 10px 0;\">\n<div style=\"clear: both; display: block; margin: 10px 0;\">\n<p style=\"margin: 15px 0; line-height: 1.8; clear: both; display: block; width: 100%; float: none; position: static;\"><b>Przyczepno\u015b\u0107 na mokrej nawierzchni:<\/b> Ten parametr ocenia, jak dobrze opona radzi sobie z przyczepno\u015bci\u0105 na mokrych drogach. Wy\u017csza ocena oznacza lepsz\u0105 przyczepno\u015b\u0107, co przek\u0142ada si\u0119 na wi\u0119ksze bezpiecze\u0144stwo w trudnych warunkach pogodowych.<\/p>\n<p style=\"margin: 15px 0; line-height: 1.8; clear: both; display: block; width: 100%; float: none; position: static;\"><b>Efektywno\u015b\u0107 energetyczna:<\/b> Parametr ten odnosi si\u0119 do oporu toczenia opony, czyli energii traconej podczas jazdy. Opony o lepszej efektywno\u015bci energetycznej zu\u017cywaj\u0105 mniej paliwa i emituj\u0105 mniej CO2. Wy\u017csza ocena wskazuje na ni\u017cszy op\u00f3r toczenia i lepsz\u0105 efektywno\u015b\u0107 energetyczn\u0105.<\/p>\n<p style=\"margin: 15px 0; line-height: 1.8; clear: both; display: block; width: 100%; float: none; position: static;\"><b>Ha\u0142as generowany podczas jazdy:<\/b> Ten parametr mierzy poziom ha\u0142asu generowanego przez opony podczas jazdy. Mniejszy ha\u0142as zewn\u0119trzny przyczynia si\u0119 do ograniczenia zanieczyszczenia ha\u0142asem oraz poprawy komfortu jazdy. Wy\u017csza ocena oznacza cichsz\u0105 opon\u0119.<\/p>\n<p style=\"margin: 15px 0; line-height: 1.8; clear: both; display: block; width: 100%; float: none; position: static;\"><b>3PMSF \u2013 symbol alpejski:<\/b> P\u0142atek \u015bniegu na tle trzech szczyt\u00f3w g\u00f3rskich (3PMSF) to oznaczenie u\u017cywane w celu wskazania, \u017ce opona spe\u0142nia okre\u015blone standardy wydajno\u015bci w trudnych warunkach zimowych. Opony z tym symbolem s\u0105 przeznaczone do jazdy w warunkach \u015bniegu i lodu, oferuj\u0105c lepsz\u0105 przyczepno\u015b\u0107 i wi\u0119ksze bezpiecze\u0144stwo w por\u00f3wnaniu z oponami nieprzystosowanymi do zimowej jazdy.<\/p>\n<\/div>\n<\/div>\n<div style=\"clear: both; display: block; margin: 10px 0;\">\n<div style=\"clear: both; display: block; margin: 10px 0;\">\n<div  style=\"max-width:798px;max-height:1170px\">\n<div style=\"clear: both; display: block; margin: 10px 0;\">\n<div style=\"clear: both; width: 100%; display: block; margin: 20px 0; padding: 0; float: none; position: static; text-align: center;\"><img decoding=\"async\"  src=\"https:\/\/a.allegroimg.com\/original\/11303d\/b67dcdaa4b7ba929304b9c9e4d87\/1x-205-55R16-91V-Goodride-Z401-Rok-produkcji-2025\" srcset=\"https:\/\/a.allegroimg.com\/original\/11303d\/b67dcdaa4b7ba929304b9c9e4d87\/1x-205-55R16-91V-Goodride-Z401-Rok-produkcji-2025 245w,https:\/\/a.allegroimg.com\/original\/11303d\/b67dcdaa4b7ba929304b9c9e4d87\/1x-205-55R16-91V-Goodride-Z401-Rok-produkcji-2025 491w,https:\/\/a.allegroimg.com\/original\/11303d\/b67dcdaa4b7ba929304b9c9e4d87\/1x-205-55R16-91V-Goodride-Z401-Rok-produkcji-2025 698w,https:\/\/a.allegroimg.com\/original\/11303d\/b67dcdaa4b7ba929304b9c9e4d87\/1x-205-55R16-91V-Goodride-Z401-Rok-produkcji-2025 798w,https:\/\/a.allegroimg.com\/original\/11303d\/b67dcdaa4b7ba929304b9c9e4d87\/1x-205-55R16-91V-Goodride-Z401-Rok-produkcji-2025 798w\" sizes=\"(min-width: 1200px) 560px, (min-width: 992px) 50vw, 100vw\" width=\"798px\" alt=\"1x 205\/55R16 91V Goodride Z401 Rok produkcji 2025\"\/ style=\"max-width: 100%; height: auto; display: block; margin: 0 auto;\"><\/div>\n<\/div>\n<\/div>\n<\/div>\n<\/div>\n<\/div>\n<\/div>\n<\/div>\n<\/div>\n<div style=\"clear: both; display: block; margin: 10px 0;\">\n","protected":false},"excerpt":{"rendered":"<p>1x 205\/55R16 91V Goodride Z401<\/p>\n<p>Parametry<\/p>\n<p>Sezon: Ca\u0142oroczne<\/p>\n<p>Marka: Goodride<\/p>\n<p>Model: Z401<\/p>\n<p>Rozmiar: 205\/55R16<\/p>\n<p>Indeks no\u015bno\u015bci: 91 &#8211; 615 kg<\/p>\n<p>Indeks pr\u0119dko\u015bci: V &#8211; 240 km\/h<\/p>\n","protected":false},"featured_media":8908,"template":"","meta":{"_uag_custom_page_level_css":""},"product_brand":[379],"product_cat":[416,414,413,412],"product_tag":[],"class_list":{"0":"post-8907","1":"product","2":"type-product","3":"status-publish","4":"has-post-thumbnail","6":"product_brand-goodride","7":"product_cat-caloroczne","8":"product_cat-do-samochodow-osobowych-i-suv","9":"product_cat-opony","10":"product_cat-opony-i-felgi","12":"first","13":"instock","14":"sale","15":"shipping-taxable","16":"purchasable","17":"product-type-simple"},"uagb_featured_image_src":{"full":["https:\/\/oponexa.shop\/tire\/wp-content\/uploads\/2025\/12\/allegro-image-8907.jpg",323,497,false],"thumbnail":["https:\/\/oponexa.shop\/tire\/wp-content\/uploads\/2025\/12\/allegro-image-8907-150x150.jpg",150,150,true],"medium":["https:\/\/oponexa.shop\/tire\/wp-content\/uploads\/2025\/12\/allegro-image-8907-195x300.jpg",195,300,true],"medium_large":["https:\/\/oponexa.shop\/tire\/wp-content\/uploads\/2025\/12\/allegro-image-8907.jpg",323,497,false],"large":["https:\/\/oponexa.shop\/tire\/wp-content\/uploads\/2025\/12\/allegro-image-8907.jpg",323,497,false],"1536x1536":["https:\/\/oponexa.shop\/tire\/wp-content\/uploads\/2025\/12\/allegro-image-8907.jpg",323,497,false],"2048x2048":["https:\/\/oponexa.shop\/tire\/wp-content\/uploads\/2025\/12\/allegro-image-8907.jpg",323,497,false],"woocommerce_thumbnail":["https:\/\/oponexa.shop\/tire\/wp-content\/uploads\/2025\/12\/allegro-image-8907-300x300.jpg",300,300,true],"woocommerce_single":["https:\/\/oponexa.shop\/tire\/wp-content\/uploads\/2025\/12\/allegro-image-8907.jpg",323,497,false],"woocommerce_gallery_thumbnail":["https:\/\/oponexa.shop\/tire\/wp-content\/uploads\/2025\/12\/allegro-image-8907-100x100.jpg",100,100,true]},"uagb_author_info":{"display_name":"admin","author_link":"https:\/\/oponexa.shop\/tire\/author\/"},"uagb_comment_info":0,"uagb_excerpt":"1x 205\/55R16 91V Goodride Z401 Parametry Sezon: Ca\u0142oroczne Marka: Goodride Model: Z401 Rozmiar: 205\/55R16 Indeks no\u015bno\u015bci: 91 - 615 kg Indeks pr\u0119dko\u015bci: V - 240 km\/h","_links":{"self":[{"href":"https:\/\/oponexa.shop\/tire\/wp-json\/wp\/v2\/product\/8907","targetHints":{"allow":["GET"]}}],"collection":[{"href":"https:\/\/oponexa.shop\/tire\/wp-json\/wp\/v2\/product"}],"about":[{"href":"https:\/\/oponexa.shop\/tire\/wp-json\/wp\/v2\/types\/product"}],"wp:featuredmedia":[{"embeddable":true,"href":"https:\/\/oponexa.shop\/tire\/wp-json\/wp\/v2\/media\/8908"}],"wp:attachment":[{"href":"https:\/\/oponexa.shop\/tire\/wp-json\/wp\/v2\/media?parent=8907"}],"wp:term":[{"taxonomy":"product_brand","embeddable":true,"href":"https:\/\/oponexa.shop\/tire\/wp-json\/wp\/v2\/product_brand?post=8907"},{"taxonomy":"product_cat","embeddable":true,"href":"https:\/\/oponexa.shop\/tire\/wp-json\/wp\/v2\/product_cat?post=8907"},{"taxonomy":"product_tag","embeddable":true,"href":"https:\/\/oponexa.shop\/tire\/wp-json\/wp\/v2\/product_tag?post=8907"}],"curies":[{"name":"wp","href":"https:\/\/api.w.org\/{rel}","templated":true}]}}