{"id":8887,"date":"2025-12-24T01:49:46","date_gmt":"2025-12-24T01:49:46","guid":{"rendered":"https:\/\/oponyexpert.shop\/xef5\/produkt\/opona-zimowa-debica-frigo-2-205-55r16-91-t-przyczepnosc-na-sniegu-3pmsf\/"},"modified":"2025-12-24T01:49:47","modified_gmt":"2025-12-24T01:49:47","slug":"opona-zimowa-debica-frigo-2-205-55r16-91-t-przyczepnosc-na-sniegu-3pmsf","status":"publish","type":"product","link":"https:\/\/oponexa.shop\/tire\/produkt\/opona-zimowa-debica-frigo-2-205-55r16-91-t-przyczepnosc-na-sniegu-3pmsf\/","title":{"rendered":"Opona zimowa D\u0119bica Frigo 2 205\/55R16 91 T przyczepno\u015b\u0107 na \u015bniegu (3PMSF)"},"content":{"rendered":"<div style=\"font-family: Arial, sans-serif; line-height: 1.6; color: #333; padding: 20px; clear: both; display: block; width: 100%; float: none; position: static; overflow: hidden;\">\n<div style=\"clear: both; display: block; margin: 10px 0;\">\n<div style=\"clear: both; display: block; margin: 10px 0;\">\n<div style=\"clear: both; display: block; margin: 10px 0;\">\n<p style=\"margin: 15px 0; line-height: 1.8; clear: both; display: block; width: 100%; float: none; position: static;\">Opona zimowa D\u0119bica Frigo 2 205\/55R16 91 T 2025 R<\/p>\n<p style=\"margin: 15px 0; line-height: 1.8; clear: both; display: block; width: 100%; float: none; position: static;\">Cechy produktu:<\/p>\n<ul style=\"margin: 15px 0; padding-left: 20px; clear: both; display: block; width: 100%; float: none; position: static;\">\n<li style=\"margin: 5px 0; padding: 2px 0; clear: both; display: list-item; float: none; position: static;\">sezon: zimowe<\/li>\n<li style=\"margin: 5px 0; padding: 2px 0; clear: both; display: list-item; float: none; position: static;\">szeroko\u015b\u0107\/profil\/\u015brednica: 205\/55R16<\/li>\n<li style=\"margin: 5px 0; padding: 2px 0; clear: both; display: list-item; float: none; position: static;\">indeks no\u015bno\u015bci: 91 &#8211; 615 kg<\/li>\n<li style=\"margin: 5px 0; padding: 2px 0; clear: both; display: list-item; float: none; position: static;\">indeks pr\u0119dko\u015bci: T do 190 km\/h<\/li>\n<\/ul>\n<\/div>\n<\/div>\n<\/div>\n<div style=\"clear: both; display: block; margin: 10px 0;\">\n<div style=\"clear: both; display: block; margin: 10px 0;\">\n<div style=\"clear: both; display: block; margin: 10px 0;\">\n<p style=\"margin: 15px 0; line-height: 1.8; clear: both; display: block; width: 100%; float: none; position: static;\">D\u0119bica Frigo 2 to opona zimowa przeznaczona do u\u017cytkowania w samochodach osobowych. Jest zaliczana do klasy ekonomicznej \u2013 cechuje si\u0119 bardzo dobrym stosunkiem ceny do jako\u015bci. Zosta\u0142\u0105 wyposa\u017cona zosta\u0142a w kierunkowy bie\u017cnik z szerokimi rowkami, kt\u00f3re odprowadzaj\u0105 wod\u0119 oraz b\u0142oto po\u015bniegowe na zewn\u0105trz opony, redukuj\u0105c mo\u017cliwo\u015b\u0107 wyst\u0105pienia efektu aquaplaningu oraz snowplaningu (utraty przyczepno\u015bci na mokrej oraz za\u015bnie\u017conej nawierzchni).<\/p>\n<p style=\"margin: 15px 0; line-height: 1.8; clear: both; display: block; width: 100%; float: none; position: static;\">Optymalizacja powierzchni styku opony z drog\u0105 gwarantuje doskona\u0142\u0105 przyczepno\u015b\u0107 zar\u00f3wno na zmro\u017conych, jak i pokrytych \u015bwie\u017cym \u015bniegiem nawierzchniach, zapewniaj\u0105c jednocze\u015bnie kr\u00f3tk\u0105 drog\u0119 hamowania.<\/p>\n<p style=\"margin: 15px 0; line-height: 1.8; clear: both; display: block; width: 100%; float: none; position: static;\">Opona wyprodukowana zosta\u0142a ze specjalnej mieszanki gumowej z domieszk\u0105 krzemionki, co zapewnia jej bardzo dobr\u0105 elastyczno\u015b\u0107 w niskich temperaturach.<\/p>\n<p style=\"margin: 15px 0; line-height: 1.8; clear: both; display: block; width: 100%; float: none; position: static;\">Konstrukcja opony umo\u017cliwia osi\u0105ganie d\u0142ugich przebieg\u00f3w, a tak\u017ce r\u00f3wnomierne zu\u017cywanie bie\u017cnika.<\/p>\n<\/div>\n<\/div>\n<\/div>\n<div style=\"clear: both; display: block; margin: 10px 0;\">\n<div style=\"clear: both; display: block; margin: 10px 0;\">\n<div style=\"clear: both; display: block; margin: 10px 0;\">\n<div  style=\"max-width:1576px;max-height:2500px\">\n<div style=\"clear: both; display: block; margin: 10px 0;\">\n<div style=\"clear: both; width: 100%; display: block; margin: 20px 0; padding: 0; float: none; position: static; text-align: center;\"><img decoding=\"async\"  src=\"https:\/\/8.allegroimg.com\/original\/00a357\/be17db984353a615127129c2b8b8\/Opona-zimowa-Debica-Frigo-2-205-55R16-91-T-przyczepnosc-na-sniegu-3PMSF\" srcset=\"https:\/\/8.allegroimg.com\/original\/00a357\/be17db984353a615127129c2b8b8\/Opona-zimowa-Debica-Frigo-2-205-55R16-91-T-przyczepnosc-na-sniegu-3PMSF 226w,https:\/\/8.allegroimg.com\/original\/00a357\/be17db984353a615127129c2b8b8\/Opona-zimowa-Debica-Frigo-2-205-55R16-91-T-przyczepnosc-na-sniegu-3PMSF 453w,https:\/\/8.allegroimg.com\/original\/00a357\/be17db984353a615127129c2b8b8\/Opona-zimowa-Debica-Frigo-2-205-55R16-91-T-przyczepnosc-na-sniegu-3PMSF 645w,https:\/\/8.allegroimg.com\/original\/00a357\/be17db984353a615127129c2b8b8\/Opona-zimowa-Debica-Frigo-2-205-55R16-91-T-przyczepnosc-na-sniegu-3PMSF 907w,https:\/\/8.allegroimg.com\/original\/00a357\/be17db984353a615127129c2b8b8\/Opona-zimowa-Debica-Frigo-2-205-55R16-91-T-przyczepnosc-na-sniegu-3PMSF 1576w\" sizes=\"100vw\" width=\"1576px\" alt=\"Opona zimowa D\u0119bica Frigo 2 205\/55R16 91 T przyczepno\u015b\u0107 na \u015bniegu (3PMSF)\"\/ style=\"max-width: 100%; height: auto; display: block; margin: 0 auto;\"><\/div>\n<\/div>\n<\/div>\n<\/div>\n<\/div>\n<\/div>\n<\/div>\n<\/div>\n<\/div>\n<div style=\"clear: both; display: block; margin: 10px 0;\">\n","protected":false},"excerpt":{"rendered":"<p>Opona zimowa D\u0119bica Frigo 2 205\/55R16 91 T 2025 R<\/p>\n<p>Cechy produktu:<\/p>\n<p>sezon: zimowe<\/p>\n<p>szeroko\u015b\u0107\/profil\/\u015brednica: 205\/55R16<\/p>\n<p>indeks no\u015bno\u015bci: 91 &#8211; 615 kg<\/p>\n<p>indeks pr\u0119dko\u015bci: T do 190 km\/h<\/p>\n","protected":false},"featured_media":8888,"template":"","meta":{"_uag_custom_page_level_css":""},"product_brand":[378],"product_cat":[414,413,412,415],"product_tag":[],"class_list":{"0":"post-8887","1":"product","2":"type-product","3":"status-publish","4":"has-post-thumbnail","6":"product_brand-debica","7":"product_cat-do-samochodow-osobowych-i-suv","8":"product_cat-opony","9":"product_cat-opony-i-felgi","10":"product_cat-zimowe","12":"first","13":"instock","14":"sale","15":"shipping-taxable","16":"purchasable","17":"product-type-simple"},"uagb_featured_image_src":{"full":["https:\/\/oponexa.shop\/tire\/wp-content\/uploads\/2025\/12\/allegro-image-8887.jpg",1576,2500,false],"thumbnail":["https:\/\/oponexa.shop\/tire\/wp-content\/uploads\/2025\/12\/allegro-image-8887-150x150.jpg",150,150,true],"medium":["https:\/\/oponexa.shop\/tire\/wp-content\/uploads\/2025\/12\/allegro-image-8887-189x300.jpg",189,300,true],"medium_large":["https:\/\/oponexa.shop\/tire\/wp-content\/uploads\/2025\/12\/allegro-image-8887-768x1218.jpg",768,1218,true],"large":["https:\/\/oponexa.shop\/tire\/wp-content\/uploads\/2025\/12\/allegro-image-8887-646x1024.jpg",646,1024,true],"1536x1536":["https:\/\/oponexa.shop\/tire\/wp-content\/uploads\/2025\/12\/allegro-image-8887-968x1536.jpg",968,1536,true],"2048x2048":["https:\/\/oponexa.shop\/tire\/wp-content\/uploads\/2025\/12\/allegro-image-8887-1291x2048.jpg",1291,2048,true],"woocommerce_thumbnail":["https:\/\/oponexa.shop\/tire\/wp-content\/uploads\/2025\/12\/allegro-image-8887-300x300.jpg",300,300,true],"woocommerce_single":["https:\/\/oponexa.shop\/tire\/wp-content\/uploads\/2025\/12\/allegro-image-8887-600x952.jpg",600,952,true],"woocommerce_gallery_thumbnail":["https:\/\/oponexa.shop\/tire\/wp-content\/uploads\/2025\/12\/allegro-image-8887-100x100.jpg",100,100,true]},"uagb_author_info":{"display_name":"admin","author_link":"https:\/\/oponexa.shop\/tire\/author\/"},"uagb_comment_info":0,"uagb_excerpt":"Opona zimowa D\u0119bica Frigo 2 205\/55R16 91 T 2025 R Cechy produktu: sezon: zimowe szeroko\u015b\u0107\/profil\/\u015brednica: 205\/55R16 indeks no\u015bno\u015bci: 91 - 615 kg indeks pr\u0119dko\u015bci: T do 190 km\/h","_links":{"self":[{"href":"https:\/\/oponexa.shop\/tire\/wp-json\/wp\/v2\/product\/8887","targetHints":{"allow":["GET"]}}],"collection":[{"href":"https:\/\/oponexa.shop\/tire\/wp-json\/wp\/v2\/product"}],"about":[{"href":"https:\/\/oponexa.shop\/tire\/wp-json\/wp\/v2\/types\/product"}],"wp:featuredmedia":[{"embeddable":true,"href":"https:\/\/oponexa.shop\/tire\/wp-json\/wp\/v2\/media\/8888"}],"wp:attachment":[{"href":"https:\/\/oponexa.shop\/tire\/wp-json\/wp\/v2\/media?parent=8887"}],"wp:term":[{"taxonomy":"product_brand","embeddable":true,"href":"https:\/\/oponexa.shop\/tire\/wp-json\/wp\/v2\/product_brand?post=8887"},{"taxonomy":"product_cat","embeddable":true,"href":"https:\/\/oponexa.shop\/tire\/wp-json\/wp\/v2\/product_cat?post=8887"},{"taxonomy":"product_tag","embeddable":true,"href":"https:\/\/oponexa.shop\/tire\/wp-json\/wp\/v2\/product_tag?post=8887"}],"curies":[{"name":"wp","href":"https:\/\/api.w.org\/{rel}","templated":true}]}}