{"id":17712,"date":"2026-01-23T21:47:38","date_gmt":"2026-01-23T20:47:38","guid":{"rendered":"https:\/\/oponypoint.shop\/xef5\/produkt\/2x-aplus-a609-165-65r13-77t-2024-r\/"},"modified":"2026-01-23T21:47:39","modified_gmt":"2026-01-23T20:47:39","slug":"2x-aplus-a609-165-65r13-77t-2024-r","status":"publish","type":"product","link":"https:\/\/oponixo.shop\/tire\/produkt\/2x-aplus-a609-165-65r13-77t-2024-r\/","title":{"rendered":"2x APLUS A609 165\/65R13 77T 2024 r"},"content":{"rendered":"<div style=\"font-family: Arial, sans-serif; line-height: 1.6; color: #333; padding: 20px; clear: both; display: block; width: 100%; float: none; position: static; overflow: hidden;\">\n<div style=\"clear: both; display: block; margin: 10px 0;\">\n<div style=\"clear: both; display: block; margin: 10px 0;\">\n<div style=\"clear: both; display: block; margin: 10px 0;\">\n<div  style=\"max-width:1200px;max-height:1126px\">\n<div style=\"clear: both; display: block; margin: 10px 0;\">\n<div style=\"clear: both; width: 100%; display: block; margin: 20px 0; padding: 0; float: none; position: static; text-align: center;\"><img decoding=\"async\"  src=\"https:\/\/a.allegroimg.com\/original\/119461\/0f8b40b849ee8307601e2707ee39\/2x-APLUS-A609-165-65R13-77T-2024-r\" srcset=\"https:\/\/a.allegroimg.com\/original\/119461\/0f8b40b849ee8307601e2707ee39\/2x-APLUS-A609-165-65R13-77T-2024-r 360w,https:\/\/a.allegroimg.com\/original\/119461\/0f8b40b849ee8307601e2707ee39\/2x-APLUS-A609-165-65R13-77T-2024-r 720w,https:\/\/a.allegroimg.com\/original\/119461\/0f8b40b849ee8307601e2707ee39\/2x-APLUS-A609-165-65R13-77T-2024-r 1024w,https:\/\/a.allegroimg.com\/original\/119461\/0f8b40b849ee8307601e2707ee39\/2x-APLUS-A609-165-65R13-77T-2024-r 1200w,https:\/\/a.allegroimg.com\/original\/119461\/0f8b40b849ee8307601e2707ee39\/2x-APLUS-A609-165-65R13-77T-2024-r 1200w\" sizes=\"(min-width: 1200px) 560px, (min-width: 992px) 50vw, 100vw\" width=\"1200px\" alt=\"2x APLUS A609 165\/65R13 77T 2024 r\" style=\"max-width: 100%; height: auto; display: block; margin: 0 auto;\"><\/div>\n<\/div>\n<\/div>\n<\/div>\n<\/div>\n<div style=\"clear: both; display: block; margin: 10px 0;\">\n<div style=\"clear: both; display: block; margin: 10px 0;\">\n<h1>APLUS A609 165\/65R13 77T<\/h1>\n<h2>G0VC0T<\/h2>\n<\/div>\n<\/div>\n<\/div>\n<div style=\"clear: both; display: block; margin: 10px 0;\">\n<div style=\"clear: both; display: block; margin: 10px 0;\">\n<div style=\"clear: both; display: block; margin: 10px 0;\">\n<ul style=\"margin: 15px 0; padding-left: 20px; clear: both; display: block; width: 100%; float: none; position: static;\">\n<li style=\"margin: 5px 0; padding: 2px 0; clear: both; display: list-item; float: none; position: static;\"><b>Indeks :<\/b> 165\/65R13 LOAS 77T A609<\/li>\n<li style=\"margin: 5px 0; padding: 2px 0; clear: both; display: list-item; float: none; position: static;\"><b>Kod producenta :<\/b> 6924064110441<\/li>\n<li style=\"margin: 5px 0; padding: 2px 0; clear: both; display: list-item; float: none; position: static;\"><b>D\u0119tka :<\/b> TL<\/li>\n<li style=\"margin: 5px 0; padding: 2px 0; clear: both; display: list-item; float: none; position: static;\"><b>Ha\u0142as zewn\u0119trzny [dB] :<\/b> 70<\/li>\n<li style=\"margin: 5px 0; padding: 2px 0; clear: both; display: list-item; float: none; position: static;\"><b>Opory toczenia :<\/b> D<\/li>\n<li style=\"margin: 5px 0; padding: 2px 0; clear: both; display: list-item; float: none; position: static;\"><b>Bie\u017cnik :<\/b> A609<\/li>\n<li style=\"margin: 5px 0; padding: 2px 0; clear: both; display: list-item; float: none; position: static;\"><b>Indeks no\u015bno\u015bci :<\/b> 77 = 412 kg<\/li>\n<li style=\"margin: 5px 0; padding: 2px 0; clear: both; display: list-item; float: none; position: static;\"><b>Karta informacyjna produktu :<\/b> https:\/\/eprel.ec.europa.eu\/qr\/2231925<\/li>\n<li style=\"margin: 5px 0; padding: 2px 0; clear: both; display: list-item; float: none; position: static;\"><b>Rozmiar :<\/b> 165\/65R13<\/li>\n<li style=\"margin: 5px 0; padding: 2px 0; clear: both; display: list-item; float: none; position: static;\"><b>Indeks pr\u0119dko\u015bci :<\/b> T &#8211; &lt;190 km\/h<\/li>\n<li style=\"margin: 5px 0; padding: 2px 0; clear: both; display: list-item; float: none; position: static;\"><b>Kod EAN :<\/b> 6924064110441<\/li>\n<li style=\"margin: 5px 0; padding: 2px 0; clear: both; display: list-item; float: none; position: static;\"><b>Kl. zew. ha\u0142asu tocz. :<\/b> B<\/li>\n<li style=\"margin: 5px 0; padding: 2px 0; clear: both; display: list-item; float: none; position: static;\"><b>Przyczepno\u015b\u0107 na mokrej nawierzchni :<\/b> C<\/li>\n<li style=\"margin: 5px 0; padding: 2px 0; clear: both; display: list-item; float: none; position: static;\"><b>Profil :<\/b> 65<\/li>\n<li style=\"margin: 5px 0; padding: 2px 0; clear: both; display: list-item; float: none; position: static;\"><b>Klasa opony :<\/b> C1<\/li>\n<li style=\"margin: 5px 0; padding: 2px 0; clear: both; display: list-item; float: none; position: static;\"><b>\u015arednica :<\/b> 13<\/li>\n<li style=\"margin: 5px 0; padding: 2px 0; clear: both; display: list-item; float: none; position: static;\"><b>Dedykowana o\u015b :<\/b> Prz\u00f3d\/Ty\u0142<\/li>\n<li style=\"margin: 5px 0; padding: 2px 0; clear: both; display: list-item; float: none; position: static;\"><b>Sezon :<\/b> Letnia<\/li>\n<li style=\"margin: 5px 0; padding: 2px 0; clear: both; display: list-item; float: none; position: static;\"><b>Przeznaczenie :<\/b> Opony osobowe, SUV\/4&#215;4<\/li>\n<li style=\"margin: 5px 0; padding: 2px 0; clear: both; display: list-item; float: none; position: static;\"><b>Typ opony :<\/b> Opona osobowa<\/li>\n<li style=\"margin: 5px 0; padding: 2px 0; clear: both; display: list-item; float: none; position: static;\"><b>Marka :<\/b> APLUS<\/li>\n<li style=\"margin: 5px 0; padding: 2px 0; clear: both; display: list-item; float: none; position: static;\"><b>Szeroko\u015b\u0107 :<\/b> 165<\/li>\n<li style=\"margin: 5px 0; padding: 2px 0; clear: both; display: list-item; float: none; position: static;\"><b>Typ (konstrukcja) :<\/b> [R]-Radialna<\/li>\n<li style=\"margin: 5px 0; padding: 2px 0; clear: both; display: list-item; float: none; position: static;\"><b>Klasa :<\/b> Ekonomiczna<\/li>\n<\/ul>\n<\/div>\n<\/div>\n<\/div>\n<div style=\"clear: both; display: block; margin: 10px 0;\">\n<div style=\"clear: both; display: block; margin: 10px 0;\">\n<div style=\"clear: both; display: block; margin: 10px 0;\">\n<div  style=\"max-width:689px;max-height:145px\">\n<div style=\"clear: both; display: block; margin: 10px 0;\">\n<div style=\"clear: both; width: 100%; display: block; margin: 20px 0; padding: 0; float: none; position: static; text-align: center;\"><img decoding=\"async\"  src=\"https:\/\/a.allegroimg.com\/original\/1193d8\/fdd37933433a84d0d2df3c9e27c8\/2x-APLUS-A609-165-65R13-77T-2024-r-Srednica-13\" srcset=\"https:\/\/a.allegroimg.com\/original\/1193d8\/fdd37933433a84d0d2df3c9e27c8\/2x-APLUS-A609-165-65R13-77T-2024-r-Srednica-13 360w,https:\/\/a.allegroimg.com\/original\/1193d8\/fdd37933433a84d0d2df3c9e27c8\/2x-APLUS-A609-165-65R13-77T-2024-r-Srednica-13 689w,https:\/\/a.allegroimg.com\/original\/1193d8\/fdd37933433a84d0d2df3c9e27c8\/2x-APLUS-A609-165-65R13-77T-2024-r-Srednica-13 689w\" sizes=\"(min-width: 1200px) 560px, (min-width: 992px) 50vw, 100vw\" width=\"689px\" alt=\"2x APLUS A609 165\/65R13 77T 2024 r \u015arednica 13&quot;\" style=\"max-width: 100%; height: auto; display: block; margin: 0 auto;\"><\/div>\n<\/div>\n<\/div>\n<\/div>\n<\/div>\n<div style=\"clear: both; display: block; margin: 10px 0;\">\n<div style=\"clear: both; display: block; margin: 10px 0;\">\n<h1>Aplus<\/h1>\n<p style=\"margin: 15px 0; line-height: 1.8; clear: both; display: block; width: 100%; float: none; position: static;\">Marka Aplus nale\u017cy do chi\u0144skiej firmy Shandong Haohua Tire Co., kt\u00f3ra powsta\u0142a w 2011 r. dysponuj\u0105c ogromnymi mo\u017cliwo\u015bciami badawczo-rozwojowymi w zakresie produkcji opon. Dzi\u0119ki wykorzystaniu innowacyjnych technologii przedsi\u0119biorstwo na pocz\u0105tku swojej dzia\u0142alno\u015bci wyprodukowa\u0142o w ci\u0105gu roku 12 milion\u00f3w opon. Firma uzyska\u0142a mi\u0119dzynarodowe certyfikaty jako\u015bciowe potwierdzaj\u0105ce przystosowanie opon do europejskich warunk\u00f3w. Oferta Aplus obejmuje nie tylko opony dla samochod\u00f3w osobowych, ale tak\u017ce dla pojazd\u00f3w dostawczych i ci\u0119\u017carowych oraz pojazd\u00f3w typu SUV. Opony Aplus wyr\u00f3\u017cniaj\u0105 si\u0119 przede wszystkim wysok\u0105 wydajno\u015bci\u0105 i nisk\u0105 emisyjno\u015bci\u0105. Dewiz\u0105 producenta jest produkcja opon przy zachowaniu jak najlepszych wska\u017anik\u00f3w ekologicznych i ekonomicznych. Opr\u00f3cz tego opony zapewniaj\u0105 bezpieczniejsz\u0105 i bardziej komfortow\u0105 jazd\u0119. Opony Aplus to doskona\u0142a alternatywa dla innych znanych marek opon z p\u00f3\u0142ki ekonomicznej.<\/p>\n<\/div>\n<\/div>\n<\/div>\n<\/div>\n<\/div>\n<\/div>\n<div style=\"clear: both; display: block; margin: 10px 0;\">\n","protected":false},"excerpt":{"rendered":"<p>APLUS A609 165\/65R13 77T<\/p>\n<p>G0VC0T<\/p>\n<p>Indeks : 165\/65R13 LOAS 77T A609<\/p>\n<p>Kod producenta : 6924064110441<\/p>\n<p>D\u0119tka : TL<\/p>\n<p>Ha\u0142as zewn\u0119trzny [dB] : 70<\/p>\n<p>Opory toczenia : D<\/p>\n<p>Bie\u017cnik : A609<\/p>\n","protected":false},"featured_media":17713,"template":"","meta":{"_uag_custom_page_level_css":""},"product_brand":[395],"product_cat":[414,418,413,412],"product_tag":[],"class_list":{"0":"post-17712","1":"product","2":"type-product","3":"status-publish","4":"has-post-thumbnail","6":"product_brand-aplus","7":"product_cat-do-samochodow-osobowych-i-suv","8":"product_cat-letnie","9":"product_cat-opony","10":"product_cat-opony-i-felgi","12":"first","13":"instock","14":"shipping-taxable","15":"purchasable","16":"product-type-simple"},"uagb_featured_image_src":{"full":["https:\/\/oponixo.shop\/tire\/wp-content\/uploads\/2026\/01\/allegro-image-17712.jpg",1200,1126,false],"thumbnail":["https:\/\/oponixo.shop\/tire\/wp-content\/uploads\/2026\/01\/allegro-image-17712-150x150.jpg",150,150,true],"medium":["https:\/\/oponixo.shop\/tire\/wp-content\/uploads\/2026\/01\/allegro-image-17712-300x282.jpg",300,282,true],"medium_large":["https:\/\/oponixo.shop\/tire\/wp-content\/uploads\/2026\/01\/allegro-image-17712-768x721.jpg",768,721,true],"large":["https:\/\/oponixo.shop\/tire\/wp-content\/uploads\/2026\/01\/allegro-image-17712-1024x961.jpg",1024,961,true],"1536x1536":["https:\/\/oponixo.shop\/tire\/wp-content\/uploads\/2026\/01\/allegro-image-17712.jpg",1200,1126,false],"2048x2048":["https:\/\/oponixo.shop\/tire\/wp-content\/uploads\/2026\/01\/allegro-image-17712.jpg",1200,1126,false],"woocommerce_thumbnail":["https:\/\/oponixo.shop\/tire\/wp-content\/uploads\/2026\/01\/allegro-image-17712-300x300.jpg",300,300,true],"woocommerce_single":["https:\/\/oponixo.shop\/tire\/wp-content\/uploads\/2026\/01\/allegro-image-17712-600x563.jpg",600,563,true],"woocommerce_gallery_thumbnail":["https:\/\/oponixo.shop\/tire\/wp-content\/uploads\/2026\/01\/allegro-image-17712-100x100.jpg",100,100,true]},"uagb_author_info":{"display_name":"admin","author_link":"https:\/\/oponixo.shop\/tire\/author\/"},"uagb_comment_info":0,"uagb_excerpt":"APLUS A609 165\/65R13 77T G0VC0T Indeks : 165\/65R13 LOAS 77T A609 Kod producenta : 6924064110441 D\u0119tka : TL Ha\u0142as zewn\u0119trzny [dB] : 70 Opory toczenia : D Bie\u017cnik : A609","_links":{"self":[{"href":"https:\/\/oponixo.shop\/tire\/wp-json\/wp\/v2\/product\/17712","targetHints":{"allow":["GET"]}}],"collection":[{"href":"https:\/\/oponixo.shop\/tire\/wp-json\/wp\/v2\/product"}],"about":[{"href":"https:\/\/oponixo.shop\/tire\/wp-json\/wp\/v2\/types\/product"}],"wp:featuredmedia":[{"embeddable":true,"href":"https:\/\/oponixo.shop\/tire\/wp-json\/wp\/v2\/media\/17713"}],"wp:attachment":[{"href":"https:\/\/oponixo.shop\/tire\/wp-json\/wp\/v2\/media?parent=17712"}],"wp:term":[{"taxonomy":"product_brand","embeddable":true,"href":"https:\/\/oponixo.shop\/tire\/wp-json\/wp\/v2\/product_brand?post=17712"},{"taxonomy":"product_cat","embeddable":true,"href":"https:\/\/oponixo.shop\/tire\/wp-json\/wp\/v2\/product_cat?post=17712"},{"taxonomy":"product_tag","embeddable":true,"href":"https:\/\/oponixo.shop\/tire\/wp-json\/wp\/v2\/product_tag?post=17712"}],"curies":[{"name":"wp","href":"https:\/\/api.w.org\/{rel}","templated":true}]}}