{"id":17692,"date":"2026-01-23T21:47:33","date_gmt":"2026-01-23T20:47:33","guid":{"rendered":"https:\/\/oponypoint.shop\/xef5\/produkt\/2x-opony-letnie-sumaxx-all-terrain-a-t-255-70r16-111t-2024\/"},"modified":"2026-01-23T21:47:33","modified_gmt":"2026-01-23T20:47:33","slug":"2x-opony-letnie-sumaxx-all-terrain-a-t-255-70r16-111t-2024","status":"publish","type":"product","link":"https:\/\/oponixo.shop\/tire\/produkt\/2x-opony-letnie-sumaxx-all-terrain-a-t-255-70r16-111t-2024\/","title":{"rendered":"2x opony letnie SUMAXX All-Terrain A\/T 255\/70R16 111T 2024"},"content":{"rendered":"<div style=\"font-family: Arial, sans-serif; line-height: 1.6; color: #333; padding: 20px; clear: both; display: block; width: 100%; float: none; position: static; overflow: hidden;\">\n<div style=\"clear: both; display: block; margin: 10px 0;\">\n<div style=\"clear: both; display: block; margin: 10px 0;\">\n<div style=\"clear: both; display: block; margin: 10px 0;\">\n<div  style=\"max-width:500px;max-height:100px\">\n<div style=\"clear: both; display: block; margin: 10px 0;\">\n<div style=\"clear: both; width: 100%; display: block; margin: 20px 0; padding: 0; float: none; position: static; text-align: center;\"><img decoding=\"async\"  src=\"https:\/\/a.allegroimg.com\/original\/115e77\/235d2222491da390612397398a50\/2x-opony-letnie-SUMAXX-All-Terrain-A-T-255-70R16-111T-2024-Rok-produkcji-2024\" srcset=\"https:\/\/a.allegroimg.com\/original\/115e77\/235d2222491da390612397398a50\/2x-opony-letnie-SUMAXX-All-Terrain-A-T-255-70R16-111T-2024-Rok-produkcji-2024 360w,https:\/\/a.allegroimg.com\/original\/115e77\/235d2222491da390612397398a50\/2x-opony-letnie-SUMAXX-All-Terrain-A-T-255-70R16-111T-2024-Rok-produkcji-2024 500w,https:\/\/a.allegroimg.com\/original\/115e77\/235d2222491da390612397398a50\/2x-opony-letnie-SUMAXX-All-Terrain-A-T-255-70R16-111T-2024-Rok-produkcji-2024 500w\" sizes=\"100vw\" width=\"500px\" alt=\"2x opony letnie SUMAXX All-Terrain A\/T 255\/70R16 111T 2024 Rok produkcji 2024\" style=\"max-width: 100%; height: auto; display: block; margin: 0 auto;\"><\/div>\n<\/div>\n<\/div>\n<\/div>\n<\/div>\n<\/div>\n<div style=\"clear: both; display: block; margin: 10px 0;\">\n<div style=\"clear: both; display: block; margin: 10px 0;\">\n<div style=\"clear: both; display: block; margin: 10px 0;\">\n<h1>zestaw 2 sztuk nowych opon letnich<\/h1>\n<h1>SUMAXX All-Terrain A\/T 255\/70R16 111T RWL<\/h1>\n<p style=\"margin: 15px 0; line-height: 1.8; clear: both; display: block; width: 100%; float: none; position: static;\">\n<\/div>\n<\/div>\n<\/div>\n<div style=\"clear: both; display: block; margin: 10px 0;\">\n<div style=\"clear: both; display: block; margin: 10px 0;\">\n<div style=\"clear: both; display: block; margin: 10px 0;\">\n<div  style=\"max-width:425px;max-height:600px\">\n<div style=\"clear: both; display: block; margin: 10px 0;\">\n<div style=\"clear: both; width: 100%; display: block; margin: 20px 0; padding: 0; float: none; position: static; text-align: center;\"><img decoding=\"async\"  src=\"https:\/\/a.allegroimg.com\/original\/116228\/3b09cd1f45a9af293f8c5a6c9800\/2x-opony-letnie-SUMAXX-All-Terrain-A-T-255-70R16-111T-2024\" srcset=\"https:\/\/a.allegroimg.com\/original\/116228\/3b09cd1f45a9af293f8c5a6c9800\/2x-opony-letnie-SUMAXX-All-Terrain-A-T-255-70R16-111T-2024 255w,https:\/\/a.allegroimg.com\/original\/116228\/3b09cd1f45a9af293f8c5a6c9800\/2x-opony-letnie-SUMAXX-All-Terrain-A-T-255-70R16-111T-2024 425w,https:\/\/a.allegroimg.com\/original\/116228\/3b09cd1f45a9af293f8c5a6c9800\/2x-opony-letnie-SUMAXX-All-Terrain-A-T-255-70R16-111T-2024 425w\" sizes=\"(min-width: 1200px) 560px, (min-width: 992px) 50vw, 100vw\" width=\"425px\" alt=\"2x opony letnie SUMAXX All-Terrain A\/T 255\/70R16 111T 2024\" style=\"max-width: 100%; height: auto; display: block; margin: 0 auto;\"><\/div>\n<\/div>\n<\/div>\n<\/div>\n<\/div>\n<div style=\"clear: both; display: block; margin: 10px 0;\">\n<div style=\"clear: both; display: block; margin: 10px 0;\">\n<p style=\"margin: 15px 0; line-height: 1.8; clear: both; display: block; width: 100%; float: none; position: static;\"><b>SUMAXX All-Terrain A\/T<\/b> to opony <b>letnie<\/b> przeznaczone do samochod\u00f3w <b>terenowych 4&#215;4<\/b>. Produkt klasy bud\u017cetowej popularnej marki <b>SUMAXX<\/b>. Wysoka jako\u015b\u0107 w przyst\u0119pnej cenie. Bie\u017cnik typu AT (all-terrain), opony uniwersalne. \u015awietnie sprawdz\u0105 si\u0119 zar\u00f3wno na szosie jak i w terenie.<\/p>\n<ul style=\"margin: 15px 0; padding-left: 20px; clear: both; display: block; width: 100%; float: none; position: static;\">\n<li style=\"margin: 5px 0; padding: 2px 0; clear: both; display: list-item; float: none; position: static;\">rok produkcji: nie starsze ni\u017c <b>2024<\/b><\/li>\n<li style=\"margin: 5px 0; padding: 2px 0; clear: both; display: list-item; float: none; position: static;\">opony <b>nowe<\/b>, oryginalne, z gwarancj\u0105<\/li>\n<li style=\"margin: 5px 0; padding: 2px 0; clear: both; display: list-item; float: none; position: static;\">RWL &#8211; boczne napisy w kolorze bia\u0142ym<\/li>\n<li style=\"margin: 5px 0; padding: 2px 0; clear: both; display: list-item; float: none; position: static;\">uniwersalna przyczepno\u015b\u0107, zar\u00f3wno na szosie jak i w terenie<\/li>\n<li style=\"margin: 5px 0; padding: 2px 0; clear: both; display: list-item; float: none; position: static;\">wzmocniona konstrukcja, odporna na uszkodzenia<\/li>\n<li style=\"margin: 5px 0; padding: 2px 0; clear: both; display: list-item; float: none; position: static;\">d\u0142ugie przebiegi<\/li>\n<li style=\"margin: 5px 0; padding: 2px 0; clear: both; display: list-item; float: none; position: static;\">wysoka trwa\u0142o\u015b\u0107<\/li>\n<li style=\"margin: 5px 0; padding: 2px 0; clear: both; display: list-item; float: none; position: static;\">bie\u017cnik zu\u017cywa si\u0119 r\u00f3wnomiernie<\/li>\n<li style=\"margin: 5px 0; padding: 2px 0; clear: both; display: list-item; float: none; position: static;\">kr\u00f3tka droga hamowania zar\u00f3wno na suchej jak i mokrej nawierzchni<\/li>\n<li style=\"margin: 5px 0; padding: 2px 0; clear: both; display: list-item; float: none; position: static;\">bardzo dobre odprowadzanie wody<\/li>\n<li style=\"margin: 5px 0; padding: 2px 0; clear: both; display: list-item; float: none; position: static;\">zabezpieczenie przed po\u015blizgiem na wodzie (aquaplaning)<\/li>\n<\/ul>\n<\/div>\n<\/div>\n<\/div>\n<\/div>\n<\/div>\n<\/div>\n<div style=\"clear: both; display: block; margin: 10px 0;\">\n","protected":false},"excerpt":{"rendered":"<p>zestaw 2 sztuk nowych opon letnich<\/p>\n<p>SUMAXX All-Terrain A\/T 255\/70R16 111T RWL<\/p>\n<p>SUMAXX All-Terrain A\/T to opony letnie przeznaczone do samochod\u00f3w terenowych 4&#215;4. Produkt klasy bud\u017cetowej popularnej marki SUMAXX. Wysoka jako\u015b\u0107 w przyst\u0119pnej cenie. Bie\u017cnik typu AT (all-terrain), opony uniwersalne. \u015awietnie sprawdz\u0105 si\u0119 zar\u00f3wno na szosie jak i w terenie.<\/p>\n<p>rok produkcji: nie starsze ni\u017c 2024<\/p>\n<p>opony nowe, oryginalne, z gwarancj\u0105<\/p>\n<p>RWL &#8211; boczne napisy w kolorze bia\u0142ym<\/p>\n<p>uniwersalna przyczepno\u015b\u0107, zar\u00f3wno na szosie jak i w terenie<\/p>\n<p>wzmocniona konstrukcja, odporna na uszkodzenia<\/p>\n","protected":false},"featured_media":17693,"template":"","meta":{"_uag_custom_page_level_css":""},"product_brand":[487],"product_cat":[428,418,413,412],"product_tag":[],"class_list":{"0":"post-17692","1":"product","2":"type-product","3":"status-publish","4":"has-post-thumbnail","6":"product_brand-sumaxx","7":"product_cat-do-samochodow-terenowych-i-4x4","8":"product_cat-letnie","9":"product_cat-opony","10":"product_cat-opony-i-felgi","12":"first","13":"instock","14":"shipping-taxable","15":"purchasable","16":"product-type-simple"},"uagb_featured_image_src":{"full":["https:\/\/oponixo.shop\/tire\/wp-content\/uploads\/2026\/01\/allegro-image-17692.jpg",425,600,false],"thumbnail":["https:\/\/oponixo.shop\/tire\/wp-content\/uploads\/2026\/01\/allegro-image-17692-150x150.jpg",150,150,true],"medium":["https:\/\/oponixo.shop\/tire\/wp-content\/uploads\/2026\/01\/allegro-image-17692-213x300.jpg",213,300,true],"medium_large":["https:\/\/oponixo.shop\/tire\/wp-content\/uploads\/2026\/01\/allegro-image-17692.jpg",425,600,false],"large":["https:\/\/oponixo.shop\/tire\/wp-content\/uploads\/2026\/01\/allegro-image-17692.jpg",425,600,false],"1536x1536":["https:\/\/oponixo.shop\/tire\/wp-content\/uploads\/2026\/01\/allegro-image-17692.jpg",425,600,false],"2048x2048":["https:\/\/oponixo.shop\/tire\/wp-content\/uploads\/2026\/01\/allegro-image-17692.jpg",425,600,false],"woocommerce_thumbnail":["https:\/\/oponixo.shop\/tire\/wp-content\/uploads\/2026\/01\/allegro-image-17692-300x300.jpg",300,300,true],"woocommerce_single":["https:\/\/oponixo.shop\/tire\/wp-content\/uploads\/2026\/01\/allegro-image-17692.jpg",425,600,false],"woocommerce_gallery_thumbnail":["https:\/\/oponixo.shop\/tire\/wp-content\/uploads\/2026\/01\/allegro-image-17692-100x100.jpg",100,100,true]},"uagb_author_info":{"display_name":"admin","author_link":"https:\/\/oponixo.shop\/tire\/author\/"},"uagb_comment_info":0,"uagb_excerpt":"zestaw 2 sztuk nowych opon letnich SUMAXX All-Terrain A\/T 255\/70R16 111T RWL SUMAXX All-Terrain A\/T to opony letnie przeznaczone do samochod\u00f3w terenowych 4x4. Produkt klasy bud\u017cetowej popularnej marki SUMAXX. Wysoka jako\u015b\u0107 w przyst\u0119pnej cenie. Bie\u017cnik typu AT (all-terrain), opony uniwersalne. \u015awietnie sprawdz\u0105 si\u0119 zar\u00f3wno na szosie jak i w terenie. rok produkcji: nie starsze ni\u017c&hellip;","_links":{"self":[{"href":"https:\/\/oponixo.shop\/tire\/wp-json\/wp\/v2\/product\/17692","targetHints":{"allow":["GET"]}}],"collection":[{"href":"https:\/\/oponixo.shop\/tire\/wp-json\/wp\/v2\/product"}],"about":[{"href":"https:\/\/oponixo.shop\/tire\/wp-json\/wp\/v2\/types\/product"}],"wp:featuredmedia":[{"embeddable":true,"href":"https:\/\/oponixo.shop\/tire\/wp-json\/wp\/v2\/media\/17693"}],"wp:attachment":[{"href":"https:\/\/oponixo.shop\/tire\/wp-json\/wp\/v2\/media?parent=17692"}],"wp:term":[{"taxonomy":"product_brand","embeddable":true,"href":"https:\/\/oponixo.shop\/tire\/wp-json\/wp\/v2\/product_brand?post=17692"},{"taxonomy":"product_cat","embeddable":true,"href":"https:\/\/oponixo.shop\/tire\/wp-json\/wp\/v2\/product_cat?post=17692"},{"taxonomy":"product_tag","embeddable":true,"href":"https:\/\/oponixo.shop\/tire\/wp-json\/wp\/v2\/product_tag?post=17692"}],"curies":[{"name":"wp","href":"https:\/\/api.w.org\/{rel}","templated":true}]}}