{"id":17676,"date":"2026-01-23T21:47:29","date_gmt":"2026-01-23T20:47:29","guid":{"rendered":"https:\/\/oponypoint.shop\/xef5\/produkt\/1x-kumho-295-60r22-5-krd50-150-147k\/"},"modified":"2026-01-23T21:47:30","modified_gmt":"2026-01-23T20:47:30","slug":"1x-kumho-295-60r22-5-krd50-150-147k","status":"publish","type":"product","link":"https:\/\/oponixo.shop\/tire\/produkt\/1x-kumho-295-60r22-5-krd50-150-147k\/","title":{"rendered":"1x Kumho 295\/60R22.5 KRD50 150\/147K"},"content":{"rendered":"<div style=\"font-family: Arial, sans-serif; line-height: 1.6; color: #333; padding: 20px; clear: both; display: block; width: 100%; float: none; position: static; overflow: hidden;\">\n<div style=\"clear: both; display: block; margin: 10px 0;\">\n<div style=\"clear: both; display: block; margin: 10px 0;\">\n<div style=\"clear: both; display: block; margin: 10px 0;\">\n<h2>1x Opona Kumho 295\/60R22.5 KRD50 150\/147K<\/h2>\n<p style=\"margin: 15px 0; line-height: 1.8; clear: both; display: block; width: 100%; float: none; position: static;\">Kumho to \u015bwiatowy producent opon, ceniony przez u\u017cytkownik\u00f3w za wprowadzanie innowacji technologicznych i najwy\u017csz\u0105 jako\u015b\u0107 oferowanych produkt\u00f3w. Ta firma z siedzib\u0105 w Seulu posiada 60-letni\u0105 histori\u0119, a jej rozw\u00f3j zaowocowa\u0142 globalnym zasi\u0119giem \u2013 marka obecnie eksportuje towar do ponad 180 kraj\u00f3w na ca\u0142ym \u015bwiecie. Obecnie Kumho wytwarza ponad 5,6 miliona opon rocznie, dostarczaj\u0105c swoim klientom nie tylko towar wysokiej klasy, ale tak\u017ce poczucie bezpiecze\u0144stwa na drogach. Firma wsp\u00f3\u0142pracuje z czo\u0142owymi producentami samochod\u00f3w, kt\u00f3rzy co roku wybieraj\u0105 produkty Kumho jako jeden z kluczowych element\u00f3w swoich najnowszych serii pojazd\u00f3w. Do sta\u0142ych partner\u00f3w koncernu nale\u017cy m.in. Mercedes-Benz, BMW, Chrysler, Mitsubishi, Ford, Honda, Kia, Renault czy Volkswagen.<\/p>\n<p style=\"margin: 15px 0; line-height: 1.8; clear: both; display: block; width: 100%; float: none; position: static;\">Firma Kumho Tire z g\u0142\u00f3wn\u0105 siedzib\u0105 w Seulu zosta\u0142a utworzona w roku 1960 roku przez , a aktualnie nale\u017cy do jednych z wiod\u0105cych producent\u00f3w opon. Kumho Tire nale\u017cy do bogatej w tradycje grupy Kumho Asiana Group, jednego z najbardziej renomowanych i najwi\u0119kszych przedsi\u0119biorstw Korei, do kt\u00f3rej przyk\u0142adowo nale\u017cy tak\u017ce Asiana Airlines i Star Alliance.<\/p>\n<p style=\"margin: 15px 0; line-height: 1.8; clear: both; display: block; width: 100%; float: none; position: static;\">Firma projektuje, produkuje i sprzedaje w wi\u0119kszo\u015bci opony do samochod\u00f3w osobowych, ma\u0142ych i du\u017cych samochod\u00f3w ci\u0119\u017carowych. posiada zak\u0142ady produkcyjne w Korei, Chinach i Wietnamie. Poza tym firma prowadzi centra badawczo-rozwojowe w Korei, Chinach, Europie i Ameryce P\u00f3\u0142nocnej.<\/p>\n<p style=\"margin: 15px 0; line-height: 1.8; clear: both; display: block; width: 100%; float: none; position: static;\">Na ca\u0142ym \u015bwiecie opony firmy Kumho montowane s\u0105 jako wyposa\u017cenie oryginalne nowych samochod\u00f3w. Wszyscy korea\u0144scy producenci samochodowi s\u0105 zaopatrywani przez Kumho Tire w oryginalne wyposa\u017cenie, m.in. Hyundai, Kia i SsangYong! Tak\u017ce w Europie firma Kumho Tire zaopatruje firmy Volkswagen, Mercedes-Benz i Opel w opony do takich modeli samochod\u00f3w jak VW Polo, Mercedes-Benz klasy A oraz Opel Antara! Z licznymi producentami samochodowymi sp\u00f3\u0142ka nawi\u0105za\u0142a \u015bcis\u0142e kontakty.<\/p>\n<\/div>\n<\/div>\n<\/div>\n<div style=\"clear: both; display: block; margin: 10px 0;\">\n<div style=\"clear: both; display: block; margin: 10px 0;\">\n<div style=\"clear: both; display: block; margin: 10px 0;\">\n<div  style=\"max-width:500px;max-height:500px\">\n<div style=\"clear: both; display: block; margin: 10px 0;\">\n<div style=\"clear: both; width: 100%; display: block; margin: 20px 0; padding: 0; float: none; position: static; text-align: center;\"><img decoding=\"async\"  src=\"https:\/\/a.allegroimg.com\/original\/1190d0\/9c0b373a45cab2c4f7801868c92b\/1x-Kumho-295-60R22-5-KRD50-150-147K\" srcset=\"https:\/\/a.allegroimg.com\/original\/1190d0\/9c0b373a45cab2c4f7801868c92b\/1x-Kumho-295-60R22-5-KRD50-150-147K 360w,https:\/\/a.allegroimg.com\/original\/1190d0\/9c0b373a45cab2c4f7801868c92b\/1x-Kumho-295-60R22-5-KRD50-150-147K 500w,https:\/\/a.allegroimg.com\/original\/1190d0\/9c0b373a45cab2c4f7801868c92b\/1x-Kumho-295-60R22-5-KRD50-150-147K 500w\" sizes=\"(min-width: 1200px) 560px, (min-width: 992px) 50vw, 100vw\" width=\"500px\" alt=\"1x Kumho 295\/60R22.5 KRD50 150\/147K\" style=\"max-width: 100%; height: auto; display: block; margin: 0 auto;\"><\/div>\n<\/div>\n<\/div>\n<\/div>\n<\/div>\n<div style=\"clear: both; display: block; margin: 10px 0;\">\n<div style=\"clear: both; display: block; margin: 10px 0;\">\n<ul style=\"margin: 15px 0; padding-left: 20px; clear: both; display: block; width: 100%; float: none; position: static;\">\n<li style=\"margin: 5px 0; padding: 2px 0; clear: both; display: list-item; float: none; position: static;\"><b>Marka:<\/b> Kumho<\/li>\n<li style=\"margin: 5px 0; padding: 2px 0; clear: both; display: list-item; float: none; position: static;\"><b>Liczba opon w ofercie:<\/b> 1 szt.<\/li>\n<li style=\"margin: 5px 0; padding: 2px 0; clear: both; display: list-item; float: none; position: static;\"><b>Run flat:<\/b> Nie<\/li>\n<li style=\"margin: 5px 0; padding: 2px 0; clear: both; display: list-item; float: none; position: static;\"><b>Sezon:<\/b> Wielosezonowe<\/li>\n<li style=\"margin: 5px 0; padding: 2px 0; clear: both; display: list-item; float: none; position: static;\"><b>Model:<\/b> KRD50<\/li>\n<li style=\"margin: 5px 0; padding: 2px 0; clear: both; display: list-item; float: none; position: static;\"><b>Szeroko\u015b\u0107 opony:<\/b> 295 mm<\/li>\n<li style=\"margin: 5px 0; padding: 2px 0; clear: both; display: list-item; float: none; position: static;\"><b>Profil opony:<\/b> 60<\/li>\n<li style=\"margin: 5px 0; padding: 2px 0; clear: both; display: list-item; float: none; position: static;\"><b>\u015arednica:<\/b> 22.5&#8243;<\/li>\n<li style=\"margin: 5px 0; padding: 2px 0; clear: both; display: list-item; float: none; position: static;\"><b>Indeks no\u015bno\u015bci:<\/b> inny<\/li>\n<li style=\"margin: 5px 0; padding: 2px 0; clear: both; display: list-item; float: none; position: static;\"><b>Indeks pr\u0119dko\u015bci:<\/b> K do 110 km\/h<\/li>\n<li style=\"margin: 5px 0; padding: 2px 0; clear: both; display: list-item; float: none; position: static;\"><b>Przyczepno\u015b\u0107 na mokrej nawierzchni:<\/b> Klasa C<\/li>\n<li style=\"margin: 5px 0; padding: 2px 0; clear: both; display: list-item; float: none; position: static;\"><b>Op\u00f3r toczenia:<\/b> Klasa D<\/li>\n<li style=\"margin: 5px 0; padding: 2px 0; clear: both; display: list-item; float: none; position: static;\"><b>Ha\u0142as zewn\u0119trzny:<\/b> 73 dB<\/li>\n<li style=\"margin: 5px 0; padding: 2px 0; clear: both; display: list-item; float: none; position: static;\"><b>Rok produkcji (DOT):<\/b> <b>Kupuj\u0105c z tej oferty otrzymasz opony fabrycznie nowe, a ich rok produkcji jest nie starszy ni\u017c ubieg\u0142y rok kalendarzowy &#8211; 2025\/2024<\/b><\/li>\n<\/ul>\n<\/div>\n<\/div>\n<\/div>\n<\/div>\n<\/div>\n<\/div>\n<div style=\"clear: both; display: block; margin: 10px 0;\">\n","protected":false},"excerpt":{"rendered":"<p>1x Opona Kumho 295\/60R22.5 KRD50 150\/147K<\/p>\n","protected":false},"featured_media":17677,"template":"","meta":{"_uag_custom_page_level_css":""},"product_brand":[390],"product_cat":[522,413,412],"product_tag":[],"class_list":{"0":"post-17676","1":"product","2":"type-product","3":"status-publish","4":"has-post-thumbnail","6":"product_brand-kumho","7":"product_cat-do-samochodow-ciezarowych","8":"product_cat-opony","9":"product_cat-opony-i-felgi","11":"first","12":"instock","13":"shipping-taxable","14":"purchasable","15":"product-type-simple"},"uagb_featured_image_src":{"full":["https:\/\/oponixo.shop\/tire\/wp-content\/uploads\/2026\/01\/allegro-image-17676.jpg",500,500,false],"thumbnail":["https:\/\/oponixo.shop\/tire\/wp-content\/uploads\/2026\/01\/allegro-image-17676-150x150.jpg",150,150,true],"medium":["https:\/\/oponixo.shop\/tire\/wp-content\/uploads\/2026\/01\/allegro-image-17676-300x300.jpg",300,300,true],"medium_large":["https:\/\/oponixo.shop\/tire\/wp-content\/uploads\/2026\/01\/allegro-image-17676.jpg",500,500,false],"large":["https:\/\/oponixo.shop\/tire\/wp-content\/uploads\/2026\/01\/allegro-image-17676.jpg",500,500,false],"1536x1536":["https:\/\/oponixo.shop\/tire\/wp-content\/uploads\/2026\/01\/allegro-image-17676.jpg",500,500,false],"2048x2048":["https:\/\/oponixo.shop\/tire\/wp-content\/uploads\/2026\/01\/allegro-image-17676.jpg",500,500,false],"woocommerce_thumbnail":["https:\/\/oponixo.shop\/tire\/wp-content\/uploads\/2026\/01\/allegro-image-17676-300x300.jpg",300,300,true],"woocommerce_single":["https:\/\/oponixo.shop\/tire\/wp-content\/uploads\/2026\/01\/allegro-image-17676.jpg",500,500,false],"woocommerce_gallery_thumbnail":["https:\/\/oponixo.shop\/tire\/wp-content\/uploads\/2026\/01\/allegro-image-17676-100x100.jpg",100,100,true]},"uagb_author_info":{"display_name":"admin","author_link":"https:\/\/oponixo.shop\/tire\/author\/"},"uagb_comment_info":0,"uagb_excerpt":"1x Opona Kumho 295\/60R22.5 KRD50 150\/147K","_links":{"self":[{"href":"https:\/\/oponixo.shop\/tire\/wp-json\/wp\/v2\/product\/17676","targetHints":{"allow":["GET"]}}],"collection":[{"href":"https:\/\/oponixo.shop\/tire\/wp-json\/wp\/v2\/product"}],"about":[{"href":"https:\/\/oponixo.shop\/tire\/wp-json\/wp\/v2\/types\/product"}],"wp:featuredmedia":[{"embeddable":true,"href":"https:\/\/oponixo.shop\/tire\/wp-json\/wp\/v2\/media\/17677"}],"wp:attachment":[{"href":"https:\/\/oponixo.shop\/tire\/wp-json\/wp\/v2\/media?parent=17676"}],"wp:term":[{"taxonomy":"product_brand","embeddable":true,"href":"https:\/\/oponixo.shop\/tire\/wp-json\/wp\/v2\/product_brand?post=17676"},{"taxonomy":"product_cat","embeddable":true,"href":"https:\/\/oponixo.shop\/tire\/wp-json\/wp\/v2\/product_cat?post=17676"},{"taxonomy":"product_tag","embeddable":true,"href":"https:\/\/oponixo.shop\/tire\/wp-json\/wp\/v2\/product_tag?post=17676"}],"curies":[{"name":"wp","href":"https:\/\/api.w.org\/{rel}","templated":true}]}}