{"id":17662,"date":"2026-01-23T21:47:25","date_gmt":"2026-01-23T20:47:25","guid":{"rendered":"https:\/\/oponypoint.shop\/xef5\/produkt\/2x-rotalla-enjoyland-h-t-rf10-xl-bsw-285-60r18\/"},"modified":"2026-01-23T21:47:26","modified_gmt":"2026-01-23T20:47:26","slug":"2x-rotalla-enjoyland-h-t-rf10-xl-bsw-285-60r18","status":"publish","type":"product","link":"https:\/\/oponixo.shop\/tire\/produkt\/2x-rotalla-enjoyland-h-t-rf10-xl-bsw-285-60r18\/","title":{"rendered":"2x Rotalla Enjoyland H\/T RF10 XL BSW 285\/60R18"},"content":{"rendered":"<div style=\"font-family: Arial, sans-serif; line-height: 1.6; color: #333; padding: 20px; clear: both; display: block; width: 100%; float: none; position: static; overflow: hidden;\">\n<div style=\"clear: both; display: block; margin: 10px 0;\">\n<div style=\"clear: both; display: block; margin: 10px 0;\">\n<div style=\"clear: both; display: block; margin: 10px 0;\">\n<h2>2x Rotalla Enjoyland H\/T RF10 XL BSW 285\/60R18<\/h2>\n<p style=\"margin: 15px 0; line-height: 1.8; clear: both; display: block; width: 100%; float: none; position: static;\"><b>Sezon:<\/b> Lato<\/p>\n<p style=\"margin: 15px 0; line-height: 1.8; clear: both; display: block; width: 100%; float: none; position: static;\"><b>Liczba opon w ofercie:<\/b>&nbsp;2<\/p>\n<p style=\"margin: 15px 0; line-height: 1.8; clear: both; display: block; width: 100%; float: none; position: static;\">Opony s\u0105 <b>fabrycznie nowe<\/b>, oryginalne, prosto z oficjalnego katalogu producenta. Posiadaj\u0105 pe\u0142n\u0105 gwarancj\u0119.<\/p>\n<p style=\"margin: 15px 0; line-height: 1.8; clear: both; display: block; width: 100%; float: none; position: static;\"><b>Doskona\u0142e osi\u0105gi na suchej i mokrej nawierzchni:<\/b> Opony zosta\u0142y zaprojektowane z my\u015bl\u0105 o zapewnieniu optymalnej przyczepno\u015bci i bezpiecze\u0144stwa na r\u00f3\u017cnych rodzajach dr\u00f3g. Niezale\u017cnie od warunk\u00f3w atmosferycznych, mo\u017cesz by\u0107 pewny stabilnej jazdy.<\/p>\n<p style=\"margin: 15px 0; line-height: 1.8; clear: both; display: block; width: 100%; float: none; position: static;\"><b>Wyj\u0105tkowa trwa\u0142o\u015b\u0107:<\/b> Wybieraj\u0105c nasze opony, otrzymujesz produkt wysokiej jako\u015bci, kt\u00f3ry zapewni Ci d\u0142ugotrwa\u0142\u0105 eksploatacj\u0119. Solidne wykonanie i wykorzystanie trwa\u0142ych materia\u0142\u00f3w sprawiaj\u0105, \u017ce te opony s\u0105 odporne na zu\u017cycie i uszkodzenia.<\/p>\n<\/div>\n<\/div>\n<\/div>\n<div style=\"clear: both; display: block; margin: 10px 0;\">\n<div style=\"clear: both; display: block; margin: 10px 0;\">\n<div style=\"clear: both; display: block; margin: 10px 0;\">\n<div  style=\"max-width:429px;max-height:600px\">\n<div style=\"clear: both; display: block; margin: 10px 0;\">\n<div style=\"clear: both; width: 100%; display: block; margin: 20px 0; padding: 0; float: none; position: static; text-align: center;\"><img decoding=\"async\"  src=\"https:\/\/a.allegroimg.com\/original\/11300b\/b054f07f434386c1c79fb91d244f\/2x-Rotalla-Enjoyland-H-T-RF10-XL-BSW-285-60R18\" srcset=\"https:\/\/a.allegroimg.com\/original\/11300b\/b054f07f434386c1c79fb91d244f\/2x-Rotalla-Enjoyland-H-T-RF10-XL-BSW-285-60R18 257w,https:\/\/a.allegroimg.com\/original\/11300b\/b054f07f434386c1c79fb91d244f\/2x-Rotalla-Enjoyland-H-T-RF10-XL-BSW-285-60R18 429w,https:\/\/a.allegroimg.com\/original\/11300b\/b054f07f434386c1c79fb91d244f\/2x-Rotalla-Enjoyland-H-T-RF10-XL-BSW-285-60R18 429w\" sizes=\"(min-width: 1200px) 560px, (min-width: 992px) 50vw, 100vw\" width=\"429px\" alt=\"2x Rotalla Enjoyland H\/T RF10 XL BSW 285\/60R18\" style=\"max-width: 100%; height: auto; display: block; margin: 0 auto;\"><\/div>\n<\/div>\n<\/div>\n<\/div>\n<\/div>\n<div style=\"clear: both; display: block; margin: 10px 0;\">\n<div style=\"clear: both; display: block; margin: 10px 0;\">\n<ul style=\"margin: 15px 0; padding-left: 20px; clear: both; display: block; width: 100%; float: none; position: static;\">\n<li style=\"margin: 5px 0; padding: 2px 0; clear: both; display: list-item; float: none; position: static;\"><b>Stan:<\/b>&nbsp;Nowy<\/li>\n<li style=\"margin: 5px 0; padding: 2px 0; clear: both; display: list-item; float: none; position: static;\"><b>Marka:<\/b> Rotalla<\/li>\n<li style=\"margin: 5px 0; padding: 2px 0; clear: both; display: list-item; float: none; position: static;\"><b>Model:<\/b> Enjoyland H\/T RF10 XL BSW<\/li>\n<li style=\"margin: 5px 0; padding: 2px 0; clear: both; display: list-item; float: none; position: static;\"><b>Liczba opon w ofercie:<\/b> 2<\/li>\n<li style=\"margin: 5px 0; padding: 2px 0; clear: both; display: list-item; float: none; position: static;\"><b>Sezon:&nbsp;<\/b>Lato<\/li>\n<li style=\"margin: 5px 0; padding: 2px 0; clear: both; display: list-item; float: none; position: static;\"><b>Kod EAN:<\/b> 6958460905356<\/li>\n<li style=\"margin: 5px 0; padding: 2px 0; clear: both; display: list-item; float: none; position: static;\"><b>Rok produkcji: <\/b>nie starsza ni\u017c 36 msc.<\/li>\n<li style=\"margin: 5px 0; padding: 2px 0; clear: both; display: list-item; float: none; position: static;\"><b>Szeroko\u015b\u0107\/profil\/\u015brednica:<\/b>&nbsp;285\/60R18<\/li>\n<li style=\"margin: 5px 0; padding: 2px 0; clear: both; display: list-item; float: none; position: static;\"><b>Indeks pr\u0119dko\u015bci:<\/b>&nbsp;h<\/li>\n<li style=\"margin: 5px 0; padding: 2px 0; clear: both; display: list-item; float: none; position: static;\"><b>Op\u00f3r toczenia:&nbsp;<\/b>Klasa <\/li>\n<li style=\"margin: 5px 0; padding: 2px 0; clear: both; display: list-item; float: none; position: static;\"><b>Przyczepno\u015b\u0107 na mokrej nawierzchni:<\/b>&nbsp;Klasa <\/li>\n<li style=\"margin: 5px 0; padding: 2px 0; clear: both; display: list-item; float: none; position: static;\"><b>Ha\u0142as zewn\u0119trzny:<\/b>&nbsp;&nbsp;dB<\/li>\n<\/ul>\n<\/div>\n<\/div>\n<\/div>\n<div style=\"clear: both; display: block; margin: 10px 0;\">\n<div style=\"clear: both; display: block; margin: 10px 0;\">\n<div style=\"clear: both; display: block; margin: 10px 0;\">\n<h3 style=\"color: #2c5aa0; font-size: 18px; margin: 30px 0 15px 0; font-weight: bold; clear: both; display: block; width: 100%; float: none; position: static;\">Efektywno\u015b\u0107 energetyczna \/ op\u00f3r toczenia<\/h3>\n<p style=\"margin: 15px 0; line-height: 1.8; clear: both; display: block; width: 100%; float: none; position: static;\">Op\u00f3r toczenia dotyczy oporu, jakiego do\u015bwiadcza opona podczas toczenia si\u0119 po powierzchni. G\u0142\u00f3wne przyczyny oporu to: deformacja opony, op\u00f3r powietrza oraz tarcie o pod\u0142o\u017ce. Im wy\u017cszy jest op\u00f3r toczenia, tym wi\u0119cej energii potrzeba na jego pokonanie. Mniejszy op\u00f3r toczenia sprawia, \u017ce opona zu\u017cywa mniej energii, auto spala mniej paliwa i jazda jest bardziej ekologiczna.<\/p>\n<h3 style=\"color: #2c5aa0; font-size: 18px; margin: 30px 0 15px 0; font-weight: bold; clear: both; display: block; width: 100%; float: none; position: static;\">Przyczepno\u015b\u0107 na mokrej nawierzchni<\/h3>\n<p style=\"margin: 15px 0; line-height: 1.8; clear: both; display: block; width: 100%; float: none; position: static;\">Hamowanie mierzymy w metrach od momentu rozpocz\u0119cia hamowania do zatrzymania auta. Ocena A oznacza najkr\u00f3tsz\u0105 drog\u0119 hamowania, a G &#8211; najd\u0142u\u017csz\u0105.&nbsp;<\/p>\n<h3 style=\"color: #2c5aa0; font-size: 18px; margin: 30px 0 15px 0; font-weight: bold; clear: both; display: block; width: 100%; float: none; position: static;\">Ha\u0142as zewn\u0119trzny toczenia<\/h3>\n<p style=\"margin: 15px 0; line-height: 1.8; clear: both; display: block; width: 100%; float: none; position: static;\">Okre\u015bla ha\u0142as, kt\u00f3ry wytwarzaj\u0105 opony w trakcie jazdy. Mierzony w decybelach.&nbsp;Nie odnosi si\u0119 do poziomu ha\u0142asu wewn\u0105trz samochodu.<\/p>\n<\/div>\n<\/div>\n<\/div>\n<div style=\"clear: both; display: block; margin: 10px 0;\">\n<div style=\"clear: both; display: block; margin: 10px 0;\">\n<div style=\"clear: both; display: block; margin: 10px 0;\">\n<p style=\"margin: 15px 0; line-height: 1.8; clear: both; display: block; width: 100%; float: none; position: static;\"><b>Dodatkowe oznaczenia na oponach &#8211;&nbsp;<\/b>dodatkowe oznaczenia znajdziecie Pa\u0144stwo w tytule oferty lub dopisku przy modelu<\/p>\n<ul style=\"margin: 15px 0; padding-left: 20px; clear: both; display: block; width: 100%; float: none; position: static;\">\n<li style=\"margin: 5px 0; padding: 2px 0; clear: both; display: list-item; float: none; position: static;\"><b>XL<\/b>&nbsp;&#8211; opona wzmacniana (auta osobowe)<\/li>\n<li style=\"margin: 5px 0; padding: 2px 0; clear: both; display: list-item; float: none; position: static;\"><b>C<\/b>&nbsp;&#8211; opona wzmacniana (auta dostawcze)<\/li>\n<li style=\"margin: 5px 0; padding: 2px 0; clear: both; display: list-item; float: none; position: static;\"><b>FR, FP, MFS, RFB &#8211;&nbsp;<\/b>rant ochronny felgi<\/li>\n<li style=\"margin: 5px 0; padding: 2px 0; clear: both; display: list-item; float: none; position: static;\"><b>RFT, ROF, RF, R\/F, SSR, ZP<\/b>&nbsp;&#8211; opona typu RunFlat<\/li>\n<\/ul>\n<p style=\"margin: 15px 0; line-height: 1.8; clear: both; display: block; width: 100%; float: none; position: static;\">Najcz\u0119\u015bciej wyst\u0119puj\u0105ce&nbsp;<b>homologacje<\/b>:<\/p>\n<p style=\"margin: 15px 0; line-height: 1.8; clear: both; display: block; width: 100%; float: none; position: static;\"><b>AO, AU<\/b>&nbsp;&#8211; Audi<\/p>\n<p style=\"margin: 15px 0; line-height: 1.8; clear: both; display: block; width: 100%; float: none; position: static;\"><b>MO, MOE<\/b>&nbsp;&#8211; Mercedes<\/p>\n<p style=\"margin: 15px 0; line-height: 1.8; clear: both; display: block; width: 100%; float: none; position: static;\"><b>*<\/b>&nbsp;&#8211; BMW<\/p>\n<p style=\"margin: 15px 0; line-height: 1.8; clear: both; display: block; width: 100%; float: none; position: static;\"><b>VW<\/b>&nbsp;&#8211; Volkswagen<\/p>\n<p style=\"margin: 15px 0; line-height: 1.8; clear: both; display: block; width: 100%; float: none; position: static;\"><b>LR<\/b>&nbsp;&#8211; Land Rover<\/p>\n<p style=\"margin: 15px 0; line-height: 1.8; clear: both; display: block; width: 100%; float: none; position: static;\"><b>J<\/b>&nbsp;&#8211; Jaguar<\/p>\n<p style=\"margin: 15px 0; line-height: 1.8; clear: both; display: block; width: 100%; float: none; position: static;\"><b>N0<\/b>&nbsp;&#8211; Porshe<\/p>\n<p style=\"margin: 15px 0; line-height: 1.8; clear: both; display: block; width: 100%; float: none; position: static;\"><b>T0<\/b>&nbsp;&#8211; Tesla<\/p>\n<h3 style=\"color: #2c5aa0; font-size: 18px; margin: 30px 0 15px 0; font-weight: bold; clear: both; display: block; width: 100%; float: none; position: static;\">Jak sprawdzi\u0107 rozmiar opony?<\/h3>\n<p style=\"margin: 15px 0; line-height: 1.8; clear: both; display: block; width: 100%; float: none; position: static;\"><b>&#8211;&nbsp;<\/b>szeroko\u015b\u0107 opony w mm.<\/p>\n<p style=\"margin: 15px 0; line-height: 1.8; clear: both; display: block; width: 100%; float: none; position: static;\">&#8211; profil opony (np. 55% z 205mm dla rozmiaru 205\/55R16)<\/p>\n<p style=\"margin: 15px 0; line-height: 1.8; clear: both; display: block; width: 100%; float: none; position: static;\">&#8211; \u015brednica opony w calach<\/p>\n<\/div>\n<\/div>\n<\/div>\n<\/div>\n<\/div>\n<\/div>\n<div style=\"clear: both; display: block; margin: 10px 0;\">\n","protected":false},"excerpt":{"rendered":"<p>2x Rotalla Enjoyland H\/T RF10 XL BSW 285\/60R18<\/p>\n<p>Sezon: Lato<\/p>\n<p>Liczba opon w ofercie:&nbsp;2<\/p>\n<p>Opony s\u0105 fabrycznie nowe, oryginalne, prosto z oficjalnego katalogu producenta. Posiadaj\u0105 pe\u0142n\u0105 gwarancj\u0119.<\/p>\n<p>Doskona\u0142e osi\u0105gi na suchej i mokrej nawierzchni: Opony zosta\u0142y zaprojektowane z my\u015bl\u0105 o zapewnieniu optymalnej przyczepno\u015bci i bezpiecze\u0144stwa na r\u00f3\u017cnych rodzajach dr\u00f3g. Niezale\u017cnie od warunk\u00f3w atmosferycznych, mo\u017cesz by\u0107 pewny stabilnej jazdy.<\/p>\n","protected":false},"featured_media":17663,"template":"","meta":{"_uag_custom_page_level_css":""},"product_brand":[468],"product_cat":[414,418,413,412],"product_tag":[],"class_list":{"0":"post-17662","1":"product","2":"type-product","3":"status-publish","4":"has-post-thumbnail","6":"product_brand-rotalla","7":"product_cat-do-samochodow-osobowych-i-suv","8":"product_cat-letnie","9":"product_cat-opony","10":"product_cat-opony-i-felgi","12":"first","13":"instock","14":"shipping-taxable","15":"purchasable","16":"product-type-simple"},"uagb_featured_image_src":{"full":["https:\/\/oponixo.shop\/tire\/wp-content\/uploads\/2026\/01\/allegro-image-17662.jpg",429,600,false],"thumbnail":["https:\/\/oponixo.shop\/tire\/wp-content\/uploads\/2026\/01\/allegro-image-17662-150x150.jpg",150,150,true],"medium":["https:\/\/oponixo.shop\/tire\/wp-content\/uploads\/2026\/01\/allegro-image-17662-215x300.jpg",215,300,true],"medium_large":["https:\/\/oponixo.shop\/tire\/wp-content\/uploads\/2026\/01\/allegro-image-17662.jpg",429,600,false],"large":["https:\/\/oponixo.shop\/tire\/wp-content\/uploads\/2026\/01\/allegro-image-17662.jpg",429,600,false],"1536x1536":["https:\/\/oponixo.shop\/tire\/wp-content\/uploads\/2026\/01\/allegro-image-17662.jpg",429,600,false],"2048x2048":["https:\/\/oponixo.shop\/tire\/wp-content\/uploads\/2026\/01\/allegro-image-17662.jpg",429,600,false],"woocommerce_thumbnail":["https:\/\/oponixo.shop\/tire\/wp-content\/uploads\/2026\/01\/allegro-image-17662-300x300.jpg",300,300,true],"woocommerce_single":["https:\/\/oponixo.shop\/tire\/wp-content\/uploads\/2026\/01\/allegro-image-17662.jpg",429,600,false],"woocommerce_gallery_thumbnail":["https:\/\/oponixo.shop\/tire\/wp-content\/uploads\/2026\/01\/allegro-image-17662-100x100.jpg",100,100,true]},"uagb_author_info":{"display_name":"admin","author_link":"https:\/\/oponixo.shop\/tire\/author\/"},"uagb_comment_info":0,"uagb_excerpt":"2x Rotalla Enjoyland H\/T RF10 XL BSW 285\/60R18 Sezon: Lato Liczba opon w ofercie:&nbsp;2 Opony s\u0105 fabrycznie nowe, oryginalne, prosto z oficjalnego katalogu producenta. Posiadaj\u0105 pe\u0142n\u0105 gwarancj\u0119. Doskona\u0142e osi\u0105gi na suchej i mokrej nawierzchni: Opony zosta\u0142y zaprojektowane z my\u015bl\u0105 o zapewnieniu optymalnej przyczepno\u015bci i bezpiecze\u0144stwa na r\u00f3\u017cnych rodzajach dr\u00f3g. Niezale\u017cnie od warunk\u00f3w atmosferycznych, mo\u017cesz by\u0107&hellip;","_links":{"self":[{"href":"https:\/\/oponixo.shop\/tire\/wp-json\/wp\/v2\/product\/17662","targetHints":{"allow":["GET"]}}],"collection":[{"href":"https:\/\/oponixo.shop\/tire\/wp-json\/wp\/v2\/product"}],"about":[{"href":"https:\/\/oponixo.shop\/tire\/wp-json\/wp\/v2\/types\/product"}],"wp:featuredmedia":[{"embeddable":true,"href":"https:\/\/oponixo.shop\/tire\/wp-json\/wp\/v2\/media\/17663"}],"wp:attachment":[{"href":"https:\/\/oponixo.shop\/tire\/wp-json\/wp\/v2\/media?parent=17662"}],"wp:term":[{"taxonomy":"product_brand","embeddable":true,"href":"https:\/\/oponixo.shop\/tire\/wp-json\/wp\/v2\/product_brand?post=17662"},{"taxonomy":"product_cat","embeddable":true,"href":"https:\/\/oponixo.shop\/tire\/wp-json\/wp\/v2\/product_cat?post=17662"},{"taxonomy":"product_tag","embeddable":true,"href":"https:\/\/oponixo.shop\/tire\/wp-json\/wp\/v2\/product_tag?post=17662"}],"curies":[{"name":"wp","href":"https:\/\/api.w.org\/{rel}","templated":true}]}}