{"id":17586,"date":"2026-01-19T04:13:05","date_gmt":"2026-01-19T03:13:05","guid":{"rendered":"https:\/\/oponypoint.shop\/xef5\/produkt\/2x-opony-letnie-vredestein-sprint-255-40r17-98y-xl-rant-2024\/"},"modified":"2026-01-19T04:13:06","modified_gmt":"2026-01-19T03:13:06","slug":"2x-opony-letnie-vredestein-sprint-255-40r17-98y-xl-rant-2024","status":"publish","type":"product","link":"https:\/\/oponixo.shop\/tire\/produkt\/2x-opony-letnie-vredestein-sprint-255-40r17-98y-xl-rant-2024\/","title":{"rendered":"2x opony letnie Vredestein Sprint + 255\/40R17 98Y XL rant 2024"},"content":{"rendered":"<div style=\"font-family: Arial, sans-serif; line-height: 1.6; color: #333; padding: 20px; clear: both; display: block; width: 100%; float: none; position: static; overflow: hidden;\">\n<div style=\"clear: both; display: block; margin: 10px 0;\">\n<div style=\"clear: both; display: block; margin: 10px 0;\">\n<div style=\"clear: both; display: block; margin: 10px 0;\">\n<div  style=\"max-width:500px;max-height:175px\">\n<div style=\"clear: both; display: block; margin: 10px 0;\">\n<div style=\"clear: both; width: 100%; display: block; margin: 20px 0; padding: 0; float: none; position: static; text-align: center;\"><img decoding=\"async\"  src=\"https:\/\/a.allegroimg.com\/original\/11271f\/5f48509d416680848cb53f5d00f2\/2x-opony-letnie-Vredestein-Sprint-255-40R17-98Y-XL-rant-2024-Rok-produkcji-2024\" srcset=\"https:\/\/a.allegroimg.com\/original\/11271f\/5f48509d416680848cb53f5d00f2\/2x-opony-letnie-Vredestein-Sprint-255-40R17-98Y-XL-rant-2024-Rok-produkcji-2024 360w,https:\/\/a.allegroimg.com\/original\/11271f\/5f48509d416680848cb53f5d00f2\/2x-opony-letnie-Vredestein-Sprint-255-40R17-98Y-XL-rant-2024-Rok-produkcji-2024 500w,https:\/\/a.allegroimg.com\/original\/11271f\/5f48509d416680848cb53f5d00f2\/2x-opony-letnie-Vredestein-Sprint-255-40R17-98Y-XL-rant-2024-Rok-produkcji-2024 500w\" sizes=\"100vw\" width=\"500px\" alt=\"2x opony letnie Vredestein Sprint + 255\/40R17 98Y XL rant 2024 Rok produkcji 2024\" style=\"max-width: 100%; height: auto; display: block; margin: 0 auto;\"><\/div>\n<\/div>\n<\/div>\n<\/div>\n<\/div>\n<\/div>\n<div style=\"clear: both; display: block; margin: 10px 0;\">\n<div style=\"clear: both; display: block; margin: 10px 0;\">\n<div style=\"clear: both; display: block; margin: 10px 0;\">\n<h1>zestaw 2 sztuk nowych opon letnich<\/h1>\n<h1>Vredestein Sprint + 255\/40R17 98Y XL FSL<\/h1>\n<p style=\"margin: 15px 0; line-height: 1.8; clear: both; display: block; width: 100%; float: none; position: static;\">\n<\/div>\n<\/div>\n<\/div>\n<div style=\"clear: both; display: block; margin: 10px 0;\">\n<div style=\"clear: both; display: block; margin: 10px 0;\">\n<div style=\"clear: both; display: block; margin: 10px 0;\">\n<div  style=\"max-width:411px;max-height:600px\">\n<div style=\"clear: both; display: block; margin: 10px 0;\">\n<div style=\"clear: both; width: 100%; display: block; margin: 20px 0; padding: 0; float: none; position: static; text-align: center;\"><img decoding=\"async\"  src=\"https:\/\/a.allegroimg.com\/original\/1164ec\/63bda7fb44d788f9e65c0ac021e3\/2x-opony-letnie-Vredestein-Sprint-255-40R17-98Y-XL-rant-2024\" srcset=\"https:\/\/a.allegroimg.com\/original\/1164ec\/63bda7fb44d788f9e65c0ac021e3\/2x-opony-letnie-Vredestein-Sprint-255-40R17-98Y-XL-rant-2024 246w,https:\/\/a.allegroimg.com\/original\/1164ec\/63bda7fb44d788f9e65c0ac021e3\/2x-opony-letnie-Vredestein-Sprint-255-40R17-98Y-XL-rant-2024 411w,https:\/\/a.allegroimg.com\/original\/1164ec\/63bda7fb44d788f9e65c0ac021e3\/2x-opony-letnie-Vredestein-Sprint-255-40R17-98Y-XL-rant-2024 411w\" sizes=\"(min-width: 1200px) 560px, (min-width: 992px) 50vw, 100vw\" width=\"411px\" alt=\"2x opony letnie Vredestein Sprint + 255\/40R17 98Y XL rant 2024\" style=\"max-width: 100%; height: auto; display: block; margin: 0 auto;\"><\/div>\n<\/div>\n<\/div>\n<\/div>\n<\/div>\n<div style=\"clear: both; display: block; margin: 10px 0;\">\n<div style=\"clear: both; display: block; margin: 10px 0;\">\n<p style=\"margin: 15px 0; line-height: 1.8; clear: both; display: block; width: 100%; float: none; position: static;\"><b>Vredestein Sprint +<\/b> to opony <b>letnie<\/b> przeznaczone do samochod\u00f3w <b>klasycznych \/ kolecjonerskich<\/b>. Oryginalny produkt klasy <b>premium<\/b> renomowanej marki <b>Vredestein<\/b>. Bezkompromisowa jako\u015b\u0107. <\/p>\n<ul style=\"margin: 15px 0; padding-left: 20px; clear: both; display: block; width: 100%; float: none; position: static;\">\n<li style=\"margin: 5px 0; padding: 2px 0; clear: both; display: list-item; float: none; position: static;\">rok produkcji: nie starsze ni\u017c <b>2024<\/b><\/li>\n<li style=\"margin: 5px 0; padding: 2px 0; clear: both; display: list-item; float: none; position: static;\">opony <b>nowe<\/b>, oryginalne, z gwarancj\u0105<\/li>\n<li style=\"margin: 5px 0; padding: 2px 0; clear: both; display: list-item; float: none; position: static;\"><b>FSL<\/b> &#8211; opony posiadaj\u0105 rant chroni\u0105cy felg\u0119<\/li>\n<li style=\"margin: 5px 0; padding: 2px 0; clear: both; display: list-item; float: none; position: static;\">opony wzmocnione <b>XL<\/b><\/li>\n<li style=\"margin: 5px 0; padding: 2px 0; clear: both; display: list-item; float: none; position: static;\">bie\u017cnik zu\u017cywa si\u0119 r\u00f3wnomiernie<\/li>\n<li style=\"margin: 5px 0; padding: 2px 0; clear: both; display: list-item; float: none; position: static;\">kr\u00f3tka droga hamowania zar\u00f3wno na suchej jak i mokrej nawierzchni<\/li>\n<li style=\"margin: 5px 0; padding: 2px 0; clear: both; display: list-item; float: none; position: static;\">bardzo dobre odprowadzanie wody<\/li>\n<li style=\"margin: 5px 0; padding: 2px 0; clear: both; display: list-item; float: none; position: static;\">zabezpieczenie przed po\u015blizgiem na wodzie (aquaplaning)<\/li>\n<\/ul>\n<\/div>\n<\/div>\n<\/div>\n<div style=\"clear: both; display: block; margin: 10px 0;\">\n<div style=\"clear: both; display: block; margin: 10px 0;\">\n<div style=\"clear: both; display: block; margin: 10px 0;\">\n<div  style=\"max-width:480px;max-height:733px\">\n<div style=\"clear: both; display: block; margin: 10px 0;\">\n<div style=\"clear: both; width: 100%; display: block; margin: 20px 0; padding: 0; float: none; position: static; text-align: center;\"><img decoding=\"async\"  src=\"https:\/\/a.allegroimg.com\/original\/116a26\/868aaef349a7a5ffbaf5b2900827\/2x-opony-letnie-Vredestein-Sprint-255-40R17-98Y-XL-rant-2024-Liczba-opon-w-ofercie-2-szt\" srcset=\"https:\/\/a.allegroimg.com\/original\/116a26\/868aaef349a7a5ffbaf5b2900827\/2x-opony-letnie-Vredestein-Sprint-255-40R17-98Y-XL-rant-2024-Liczba-opon-w-ofercie-2-szt 235w,https:\/\/a.allegroimg.com\/original\/116a26\/868aaef349a7a5ffbaf5b2900827\/2x-opony-letnie-Vredestein-Sprint-255-40R17-98Y-XL-rant-2024-Liczba-opon-w-ofercie-2-szt 471w,https:\/\/a.allegroimg.com\/original\/116a26\/868aaef349a7a5ffbaf5b2900827\/2x-opony-letnie-Vredestein-Sprint-255-40R17-98Y-XL-rant-2024-Liczba-opon-w-ofercie-2-szt 480w,https:\/\/a.allegroimg.com\/original\/116a26\/868aaef349a7a5ffbaf5b2900827\/2x-opony-letnie-Vredestein-Sprint-255-40R17-98Y-XL-rant-2024-Liczba-opon-w-ofercie-2-szt 480w\" sizes=\"100vw\" width=\"480px\" alt=\"2x opony letnie Vredestein Sprint + 255\/40R17 98Y XL rant 2024 Liczba opon w ofercie 2 szt.\" style=\"max-width: 100%; height: auto; display: block; margin: 0 auto;\"><\/div>\n<\/div>\n<\/div>\n<\/div>\n<\/div>\n<\/div>\n<\/div>\n<\/div>\n<\/div>\n<div style=\"clear: both; display: block; margin: 10px 0;\">\n","protected":false},"excerpt":{"rendered":"<p>zestaw 2 sztuk nowych opon letnich<\/p>\n<p>Vredestein Sprint + 255\/40R17 98Y XL FSL<\/p>\n<p>Vredestein Sprint + to opony letnie przeznaczone do samochod\u00f3w klasycznych \/ kolecjonerskich. Oryginalny produkt klasy premium renomowanej marki Vredestein. Bezkompromisowa jako\u015b\u0107.<\/p>\n<p>rok produkcji: nie starsze ni\u017c 2024<\/p>\n<p>opony nowe, oryginalne, z gwarancj\u0105<\/p>\n<p>FSL &#8211; opony posiadaj\u0105 rant chroni\u0105cy felg\u0119<\/p>\n<p>opony wzmocnione XL<\/p>\n<p>bie\u017cnik zu\u017cywa si\u0119 r\u00f3wnomiernie<\/p>\n","protected":false},"featured_media":17587,"template":"","meta":{"_uag_custom_page_level_css":""},"product_brand":[436],"product_cat":[414,418,413,412],"product_tag":[],"class_list":{"0":"post-17586","1":"product","2":"type-product","3":"status-publish","4":"has-post-thumbnail","6":"product_brand-vredestein","7":"product_cat-do-samochodow-osobowych-i-suv","8":"product_cat-letnie","9":"product_cat-opony","10":"product_cat-opony-i-felgi","12":"first","13":"instock","14":"shipping-taxable","15":"purchasable","16":"product-type-simple"},"uagb_featured_image_src":{"full":["https:\/\/oponixo.shop\/tire\/wp-content\/uploads\/2026\/01\/allegro-image-17586.jpg",411,600,false],"thumbnail":["https:\/\/oponixo.shop\/tire\/wp-content\/uploads\/2026\/01\/allegro-image-17586-150x150.jpg",150,150,true],"medium":["https:\/\/oponixo.shop\/tire\/wp-content\/uploads\/2026\/01\/allegro-image-17586-206x300.jpg",206,300,true],"medium_large":["https:\/\/oponixo.shop\/tire\/wp-content\/uploads\/2026\/01\/allegro-image-17586.jpg",411,600,false],"large":["https:\/\/oponixo.shop\/tire\/wp-content\/uploads\/2026\/01\/allegro-image-17586.jpg",411,600,false],"1536x1536":["https:\/\/oponixo.shop\/tire\/wp-content\/uploads\/2026\/01\/allegro-image-17586.jpg",411,600,false],"2048x2048":["https:\/\/oponixo.shop\/tire\/wp-content\/uploads\/2026\/01\/allegro-image-17586.jpg",411,600,false],"woocommerce_thumbnail":["https:\/\/oponixo.shop\/tire\/wp-content\/uploads\/2026\/01\/allegro-image-17586-300x300.jpg",300,300,true],"woocommerce_single":["https:\/\/oponixo.shop\/tire\/wp-content\/uploads\/2026\/01\/allegro-image-17586.jpg",411,600,false],"woocommerce_gallery_thumbnail":["https:\/\/oponixo.shop\/tire\/wp-content\/uploads\/2026\/01\/allegro-image-17586-100x100.jpg",100,100,true]},"uagb_author_info":{"display_name":"admin","author_link":"https:\/\/oponixo.shop\/tire\/author\/"},"uagb_comment_info":0,"uagb_excerpt":"zestaw 2 sztuk nowych opon letnich Vredestein Sprint + 255\/40R17 98Y XL FSL Vredestein Sprint + to opony letnie przeznaczone do samochod\u00f3w klasycznych \/ kolecjonerskich. Oryginalny produkt klasy premium renomowanej marki Vredestein. Bezkompromisowa jako\u015b\u0107. rok produkcji: nie starsze ni\u017c 2024 opony nowe, oryginalne, z gwarancj\u0105 FSL - opony posiadaj\u0105 rant chroni\u0105cy felg\u0119 opony wzmocnione XL&hellip;","_links":{"self":[{"href":"https:\/\/oponixo.shop\/tire\/wp-json\/wp\/v2\/product\/17586","targetHints":{"allow":["GET"]}}],"collection":[{"href":"https:\/\/oponixo.shop\/tire\/wp-json\/wp\/v2\/product"}],"about":[{"href":"https:\/\/oponixo.shop\/tire\/wp-json\/wp\/v2\/types\/product"}],"wp:featuredmedia":[{"embeddable":true,"href":"https:\/\/oponixo.shop\/tire\/wp-json\/wp\/v2\/media\/17587"}],"wp:attachment":[{"href":"https:\/\/oponixo.shop\/tire\/wp-json\/wp\/v2\/media?parent=17586"}],"wp:term":[{"taxonomy":"product_brand","embeddable":true,"href":"https:\/\/oponixo.shop\/tire\/wp-json\/wp\/v2\/product_brand?post=17586"},{"taxonomy":"product_cat","embeddable":true,"href":"https:\/\/oponixo.shop\/tire\/wp-json\/wp\/v2\/product_cat?post=17586"},{"taxonomy":"product_tag","embeddable":true,"href":"https:\/\/oponixo.shop\/tire\/wp-json\/wp\/v2\/product_tag?post=17586"}],"curies":[{"name":"wp","href":"https:\/\/api.w.org\/{rel}","templated":true}]}}