{"id":17584,"date":"2026-01-19T04:13:05","date_gmt":"2026-01-19T03:13:05","guid":{"rendered":"https:\/\/oponypoint.shop\/xef5\/produkt\/4x-barum-bravuris-2-fr-255-40r17-94-w\/"},"modified":"2026-01-19T04:13:05","modified_gmt":"2026-01-19T03:13:05","slug":"4x-barum-bravuris-2-fr-255-40r17-94-w","status":"publish","type":"product","link":"https:\/\/oponixo.shop\/tire\/produkt\/4x-barum-bravuris-2-fr-255-40r17-94-w\/","title":{"rendered":"4x BARUM BRAVURIS 2 FR 255\/40R17 94 W"},"content":{"rendered":"<div style=\"font-family: Arial, sans-serif; line-height: 1.6; color: #333; padding: 20px; clear: both; display: block; width: 100%; float: none; position: static; overflow: hidden;\">\n<div style=\"clear: both; display: block; margin: 10px 0;\">\n<div style=\"clear: both; display: block; margin: 10px 0;\">\n<div style=\"clear: both; display: block; margin: 10px 0;\">\n<h2>4x BARUM BRAVURIS 2 FR 255\/40R17 94 W<\/h2>\n<\/div>\n<\/div>\n<\/div>\n<div style=\"clear: both; display: block; margin: 10px 0;\">\n<div style=\"clear: both; display: block; margin: 10px 0;\">\n<div style=\"clear: both; display: block; margin: 10px 0;\">\n<div  style=\"max-width:920px;max-height:1120px\">\n<div style=\"clear: both; display: block; margin: 10px 0;\">\n<div style=\"clear: both; width: 100%; display: block; margin: 20px 0; padding: 0; float: none; position: static; text-align: center;\"><img decoding=\"async\"  src=\"https:\/\/a.allegroimg.com\/original\/115f01\/71c64f3746628eddd7002b1b124c\/4x-BARUM-BRAVURIS-2-FR-255-40R17-94-W\" srcset=\"https:\/\/a.allegroimg.com\/original\/115f01\/71c64f3746628eddd7002b1b124c\/4x-BARUM-BRAVURIS-2-FR-255-40R17-94-W 295w,https:\/\/a.allegroimg.com\/original\/115f01\/71c64f3746628eddd7002b1b124c\/4x-BARUM-BRAVURIS-2-FR-255-40R17-94-W 591w,https:\/\/a.allegroimg.com\/original\/115f01\/71c64f3746628eddd7002b1b124c\/4x-BARUM-BRAVURIS-2-FR-255-40R17-94-W 841w,https:\/\/a.allegroimg.com\/original\/115f01\/71c64f3746628eddd7002b1b124c\/4x-BARUM-BRAVURIS-2-FR-255-40R17-94-W 920w,https:\/\/a.allegroimg.com\/original\/115f01\/71c64f3746628eddd7002b1b124c\/4x-BARUM-BRAVURIS-2-FR-255-40R17-94-W 920w\" sizes=\"(min-width: 1200px) 560px, (min-width: 992px) 50vw, 100vw\" width=\"920px\" alt=\"4x BARUM BRAVURIS 2 FR 255\/40R17 94 W\" style=\"max-width: 100%; height: auto; display: block; margin: 0 auto;\"><\/div>\n<\/div>\n<\/div>\n<\/div>\n<\/div>\n<div style=\"clear: both; display: block; margin: 10px 0;\">\n<div style=\"clear: both; display: block; margin: 10px 0;\">\n<h2>Letnie opony BARUM BRAVURIS 2 FR 255\/40 R17 94 W<\/h2>\n<p style=\"margin: 15px 0; line-height: 1.8; clear: both; display: block; width: 100%; float: none; position: static;\">Opony BARUM BRAVURIS 2 FR to znacz\u0105cy model w portfolio producenta.&nbsp;<\/p>\n<p style=\"margin: 15px 0; line-height: 1.8; clear: both; display: block; width: 100%; float: none; position: static;\"> Opony klasy ekonomicznej maj\u0105 \u015bwietny stosunek jako\u015bci do ceny.<\/p>\n<ul style=\"margin: 15px 0; padding-left: 20px; clear: both; display: block; width: 100%; float: none; position: static;\">\n<li style=\"margin: 5px 0; padding: 2px 0; clear: both; display: list-item; float: none; position: static;\"><b>Stan:<\/b>&nbsp;Nowy<\/li>\n<li style=\"margin: 5px 0; padding: 2px 0; clear: both; display: list-item; float: none; position: static;\"><b>EAN:<\/b>&nbsp;4024063435841<\/li>\n<li style=\"margin: 5px 0; padding: 2px 0; clear: both; display: list-item; float: none; position: static;\"><b>Producent:<\/b> BARUM<\/li>\n<li style=\"margin: 5px 0; padding: 2px 0; clear: both; display: list-item; float: none; position: static;\"><b>Model:<\/b> BRAVURIS 2 FR<\/li>\n<li style=\"margin: 5px 0; padding: 2px 0; clear: both; display: list-item; float: none; position: static;\"><b>Rozmiar:<\/b> 255\/40 R17<\/li>\n<li style=\"margin: 5px 0; padding: 2px 0; clear: both; display: list-item; float: none; position: static;\"><b>Indeks no\u015bno\u015bci:<\/b> 94<\/li>\n<li style=\"margin: 5px 0; padding: 2px 0; clear: both; display: list-item; float: none; position: static;\"><b>Indeks pr\u0119dko\u015bci:<\/b> W<\/li>\n<li style=\"margin: 5px 0; padding: 2px 0; clear: both; display: list-item; float: none; position: static;\"><b>Ha\u0142as db:<\/b>&nbsp;72<\/li>\n<li style=\"margin: 5px 0; padding: 2px 0; clear: both; display: list-item; float: none; position: static;\"><b>Sezon:<\/b> Letnie<\/li>\n<li style=\"margin: 5px 0; padding: 2px 0; clear: both; display: list-item; float: none; position: static;\"><b>Rok produkcji:<\/b> nie starsze ni\u017c 36 miesi\u0119cy<\/li>\n<li style=\"margin: 5px 0; padding: 2px 0; clear: both; display: list-item; float: none; position: static;\"><b>Przeznaczenie:<\/b> Osobowe<\/li>\n<li style=\"margin: 5px 0; padding: 2px 0; clear: both; display: list-item; float: none; position: static;\"><b>Kl. przycz. na mokrej naw.:<\/b>&nbsp;C<\/li>\n<li style=\"margin: 5px 0; padding: 2px 0; clear: both; display: list-item; float: none; position: static;\"><b>Kl. efekt. paliwowej:&nbsp;<\/b>E<\/li>\n<\/ul>\n<\/div>\n<\/div>\n<\/div>\n<div style=\"clear: both; display: block; margin: 10px 0;\">\n<div style=\"clear: both; display: block; margin: 10px 0;\">\n<div style=\"clear: both; display: block; margin: 10px 0;\">\n<div  style=\"max-width:600px;max-height:79px\">\n<div style=\"clear: both; display: block; margin: 10px 0;\">\n<div style=\"clear: both; width: 100%; display: block; margin: 20px 0; padding: 0; float: none; position: static; text-align: center;\"><img decoding=\"async\"  src=\"https:\/\/a.allegroimg.com\/original\/111703\/9edf2fcf4b0683d4377f9b6398e2\/4x-BARUM-BRAVURIS-2-FR-255-40R17-94-W-Liczba-opon-w-ofercie-Komplet-4-szt\" srcset=\"https:\/\/a.allegroimg.com\/original\/111703\/9edf2fcf4b0683d4377f9b6398e2\/4x-BARUM-BRAVURIS-2-FR-255-40R17-94-W-Liczba-opon-w-ofercie-Komplet-4-szt 360w,https:\/\/a.allegroimg.com\/original\/111703\/9edf2fcf4b0683d4377f9b6398e2\/4x-BARUM-BRAVURIS-2-FR-255-40R17-94-W-Liczba-opon-w-ofercie-Komplet-4-szt 600w,https:\/\/a.allegroimg.com\/original\/111703\/9edf2fcf4b0683d4377f9b6398e2\/4x-BARUM-BRAVURIS-2-FR-255-40R17-94-W-Liczba-opon-w-ofercie-Komplet-4-szt 600w\" sizes=\"100vw\" width=\"600px\" alt=\"4x BARUM BRAVURIS 2 FR 255\/40R17 94 W Liczba opon w ofercie Komplet 4 szt.\" style=\"max-width: 100%; height: auto; display: block; margin: 0 auto;\"><\/div>\n<\/div>\n<\/div>\n<\/div>\n<\/div>\n<\/div>\n<div style=\"clear: both; display: block; margin: 10px 0;\">\n<div style=\"clear: both; display: block; margin: 10px 0;\">\n<div style=\"clear: both; display: block; margin: 10px 0;\">\n<p style=\"margin: 15px 0; line-height: 1.8; clear: both; display: block; width: 100%; float: none; position: static;\">Marka Barum&nbsp;to europejski producent opon o ugruntowanej pozycji na rynku. Firma ta wyr\u00f3\u017cnia si\u0119 jako\u015bci\u0105 swoich produkt\u00f3w, konkurencyjnymi cenami i d\u0142ug\u0105 histori\u0105 w bran\u017cy oponiarskiej.<\/p>\n<p style=\"margin: 15px 0; line-height: 1.8; clear: both; display: block; width: 100%; float: none; position: static;\">Tradycja i zaufanie&nbsp;to g\u0142\u00f3wne filary marki Barum. Firma ma ponad sto lat do\u015bwiadczenia w produkcji opon, co \u015bwiadczy o jej d\u0142ugotrwa\u0142ym zaanga\u017cowaniu w jako\u015b\u0107 i niezawodno\u015b\u0107. Kierowcy na ca\u0142ym \u015bwiecie ufaj\u0105 oponom Barum jako solidnym i przyst\u0119pnym cenowo wyborem.<\/p>\n<p style=\"margin: 15px 0; line-height: 1.8; clear: both; display: block; width: 100%; float: none; position: static;\">Opony dostosowane do potrzeb kierowc\u00f3w&nbsp;to kolejna cecha charakterystyczna marki Barum. Firma oferuje r\u00f3\u017cnorodne rodzaje opon dostosowane do r\u00f3\u017cnych rodzaj\u00f3w pojazd\u00f3w i warunk\u00f3w na drodze, w\u0142\u0105czaj\u0105c w to opony letnie, zimowe i ca\u0142oroczne. Barum to marka, kt\u00f3ra stawia na komfort i bezpiecze\u0144stwo jazdy.<\/p>\n<p style=\"margin: 15px 0; line-height: 1.8; clear: both; display: block; width: 100%; float: none; position: static;\">Dost\u0119pno\u015b\u0107 na rynku&nbsp;sprawia, \u017ce produkty marki Barum s\u0105 dost\u0119pne na rynkach na ca\u0142ym kontynencie europejskim. Firma zdobywa uznanie kierowc\u00f3w, kt\u00f3rzy poszukuj\u0105 niezawodnych opon, kt\u00f3re jednocze\u015bnie nie obci\u0105\u017c\u0105 ich portfela. Barum to marka, kt\u00f3ra \u0142\u0105czy tradycj\u0119, jako\u015b\u0107 i dost\u0119pno\u015b\u0107.<\/p>\n<\/div>\n<\/div>\n<\/div>\n<div style=\"clear: both; display: block; margin: 10px 0;\">\n<div style=\"clear: both; display: block; margin: 10px 0;\">\n<div style=\"clear: both; display: block; margin: 10px 0;\">\n<div  style=\"max-width:1200px;max-height:1758px\">\n<div style=\"clear: both; display: block; margin: 10px 0;\">\n<div style=\"clear: both; width: 100%; display: block; margin: 20px 0; padding: 0; float: none; position: static; text-align: center;\"><img decoding=\"async\"  src=\"https:\/\/a.allegroimg.com\/original\/11487c\/2f3824e0439a8c40d72d61e973f5\/4x-BARUM-BRAVURIS-2-FR-255-40R17-94-W-Marka-Barum\" srcset=\"https:\/\/a.allegroimg.com\/original\/11487c\/2f3824e0439a8c40d72d61e973f5\/4x-BARUM-BRAVURIS-2-FR-255-40R17-94-W-Marka-Barum 245w,https:\/\/a.allegroimg.com\/original\/11487c\/2f3824e0439a8c40d72d61e973f5\/4x-BARUM-BRAVURIS-2-FR-255-40R17-94-W-Marka-Barum 491w,https:\/\/a.allegroimg.com\/original\/11487c\/2f3824e0439a8c40d72d61e973f5\/4x-BARUM-BRAVURIS-2-FR-255-40R17-94-W-Marka-Barum 698w,https:\/\/a.allegroimg.com\/original\/11487c\/2f3824e0439a8c40d72d61e973f5\/4x-BARUM-BRAVURIS-2-FR-255-40R17-94-W-Marka-Barum 982w,https:\/\/a.allegroimg.com\/original\/11487c\/2f3824e0439a8c40d72d61e973f5\/4x-BARUM-BRAVURIS-2-FR-255-40R17-94-W-Marka-Barum 1200w\" sizes=\"(min-width: 1200px) 560px, (min-width: 992px) 50vw, 100vw\" width=\"1200px\" alt=\"4x BARUM BRAVURIS 2 FR 255\/40R17 94 W Marka Barum\" style=\"max-width: 100%; height: auto; display: block; margin: 0 auto;\"><\/div>\n<\/div>\n<\/div>\n<\/div>\n<\/div>\n<div style=\"clear: both; display: block; margin: 10px 0;\">\n<div style=\"clear: both; display: block; margin: 10px 0;\">\n<p style=\"margin: 15px 0; line-height: 1.8; clear: both; display: block; width: 100%; float: none; position: static;\">Dlaczego warto kupowa\u0107 u Nas ?<\/p>\n<p style=\"margin: 15px 0; line-height: 1.8; clear: both; display: block; width: 100%; float: none; position: static;\">Jeste\u015bmy firm\u0105, kt\u00f3ra na podstawie wieloletniego do\u015bwiadczenia z zaanga\u017cowaniem pomaga klientom w doborze oraz kupnie opon.<\/p>\n<p style=\"margin: 15px 0; line-height: 1.8; clear: both; display: block; width: 100%; float: none; position: static;\">Posiadamy szerok\u0105 game opon do aut osobowych, dostawczych, cie\u017carowych, motocyki jak i opon przemys\u0142owych.<\/p>\n<p style=\"margin: 15px 0; line-height: 1.8; clear: both; display: block; width: 100%; float: none; position: static;\">Gwarancja satysfakcjii oraz bezpiecznie przejechanych kilometr\u00f3w.<\/p>\n<p style=\"margin: 15px 0; line-height: 1.8; clear: both; display: block; width: 100%; float: none; position: static;\">Zosta\u0144 naszym kolejnym zadowolonym klientem.<\/p>\n<p style=\"margin: 15px 0; line-height: 1.8; clear: both; display: block; width: 100%; float: none; position: static;\">ZAPRASZAMY DO ZAKUP\u00d3W.<\/p>\n<\/div>\n<\/div>\n<\/div>\n<\/div>\n<\/div>\n<\/div>\n<div style=\"clear: both; display: block; margin: 10px 0;\">\n","protected":false},"excerpt":{"rendered":"<p>4x BARUM BRAVURIS 2 FR 255\/40R17 94 W<\/p>\n<p>Letnie opony BARUM BRAVURIS 2 FR 255\/40 R17 94 W<\/p>\n<p>Opony BARUM BRAVURIS 2 FR to znacz\u0105cy model w portfolio producenta.&nbsp;<\/p>\n<p>Opony klasy ekonomicznej maj\u0105 \u015bwietny stosunek jako\u015bci do ceny.<\/p>\n<p>Stan:&nbsp;Nowy<\/p>\n<p>EAN:&nbsp;4024063435841<\/p>\n<p>Producent: BARUM<\/p>\n<p>Model: BRAVURIS 2 FR<\/p>\n","protected":false},"featured_media":17585,"template":"","meta":{"_uag_custom_page_level_css":""},"product_brand":[386],"product_cat":[414,418,413,412],"product_tag":[],"class_list":{"0":"post-17584","1":"product","2":"type-product","3":"status-publish","4":"has-post-thumbnail","6":"product_brand-barum","7":"product_cat-do-samochodow-osobowych-i-suv","8":"product_cat-letnie","9":"product_cat-opony","10":"product_cat-opony-i-felgi","12":"first","13":"instock","14":"shipping-taxable","15":"purchasable","16":"product-type-simple"},"uagb_featured_image_src":{"full":["https:\/\/oponixo.shop\/tire\/wp-content\/uploads\/2026\/01\/allegro-image-17584.jpg",920,1120,false],"thumbnail":["https:\/\/oponixo.shop\/tire\/wp-content\/uploads\/2026\/01\/allegro-image-17584-150x150.jpg",150,150,true],"medium":["https:\/\/oponixo.shop\/tire\/wp-content\/uploads\/2026\/01\/allegro-image-17584-246x300.jpg",246,300,true],"medium_large":["https:\/\/oponixo.shop\/tire\/wp-content\/uploads\/2026\/01\/allegro-image-17584-768x935.jpg",768,935,true],"large":["https:\/\/oponixo.shop\/tire\/wp-content\/uploads\/2026\/01\/allegro-image-17584-841x1024.jpg",841,1024,true],"1536x1536":["https:\/\/oponixo.shop\/tire\/wp-content\/uploads\/2026\/01\/allegro-image-17584.jpg",920,1120,false],"2048x2048":["https:\/\/oponixo.shop\/tire\/wp-content\/uploads\/2026\/01\/allegro-image-17584.jpg",920,1120,false],"woocommerce_thumbnail":["https:\/\/oponixo.shop\/tire\/wp-content\/uploads\/2026\/01\/allegro-image-17584-300x300.jpg",300,300,true],"woocommerce_single":["https:\/\/oponixo.shop\/tire\/wp-content\/uploads\/2026\/01\/allegro-image-17584-600x730.jpg",600,730,true],"woocommerce_gallery_thumbnail":["https:\/\/oponixo.shop\/tire\/wp-content\/uploads\/2026\/01\/allegro-image-17584-100x100.jpg",100,100,true]},"uagb_author_info":{"display_name":"admin","author_link":"https:\/\/oponixo.shop\/tire\/author\/"},"uagb_comment_info":0,"uagb_excerpt":"4x BARUM BRAVURIS 2 FR 255\/40R17 94 W Letnie opony BARUM BRAVURIS 2 FR 255\/40 R17 94 W Opony BARUM BRAVURIS 2 FR to znacz\u0105cy model w portfolio producenta.&nbsp; Opony klasy ekonomicznej maj\u0105 \u015bwietny stosunek jako\u015bci do ceny. Stan:&nbsp;Nowy EAN:&nbsp;4024063435841 Producent: BARUM Model: BRAVURIS 2 FR","_links":{"self":[{"href":"https:\/\/oponixo.shop\/tire\/wp-json\/wp\/v2\/product\/17584","targetHints":{"allow":["GET"]}}],"collection":[{"href":"https:\/\/oponixo.shop\/tire\/wp-json\/wp\/v2\/product"}],"about":[{"href":"https:\/\/oponixo.shop\/tire\/wp-json\/wp\/v2\/types\/product"}],"wp:featuredmedia":[{"embeddable":true,"href":"https:\/\/oponixo.shop\/tire\/wp-json\/wp\/v2\/media\/17585"}],"wp:attachment":[{"href":"https:\/\/oponixo.shop\/tire\/wp-json\/wp\/v2\/media?parent=17584"}],"wp:term":[{"taxonomy":"product_brand","embeddable":true,"href":"https:\/\/oponixo.shop\/tire\/wp-json\/wp\/v2\/product_brand?post=17584"},{"taxonomy":"product_cat","embeddable":true,"href":"https:\/\/oponixo.shop\/tire\/wp-json\/wp\/v2\/product_cat?post=17584"},{"taxonomy":"product_tag","embeddable":true,"href":"https:\/\/oponixo.shop\/tire\/wp-json\/wp\/v2\/product_tag?post=17584"}],"curies":[{"name":"wp","href":"https:\/\/api.w.org\/{rel}","templated":true}]}}