{"id":17582,"date":"2026-01-19T04:13:04","date_gmt":"2026-01-19T03:13:04","guid":{"rendered":"https:\/\/oponypoint.shop\/xef5\/produkt\/2x-opony-letnie-255-40r17-kumho-ecsta-ps71\/"},"modified":"2026-01-19T04:13:05","modified_gmt":"2026-01-19T03:13:05","slug":"2x-opony-letnie-255-40r17-kumho-ecsta-ps71","status":"publish","type":"product","link":"https:\/\/oponixo.shop\/tire\/produkt\/2x-opony-letnie-255-40r17-kumho-ecsta-ps71\/","title":{"rendered":"2x opony letnie 255\/40R17 Kumho ECSTA PS71"},"content":{"rendered":"<div style=\"font-family: Arial, sans-serif; line-height: 1.6; color: #333; padding: 20px; clear: both; display: block; width: 100%; float: none; position: static; overflow: hidden;\">\n<div style=\"clear: both; display: block; margin: 10px 0;\">\n<div style=\"clear: both; display: block; margin: 10px 0;\">\n<div style=\"clear: both; display: block; margin: 10px 0;\">\n<div  style=\"max-width:427px;max-height:598px\">\n<div style=\"clear: both; display: block; margin: 10px 0;\">\n<div style=\"clear: both; width: 100%; display: block; margin: 20px 0; padding: 0; float: none; position: static; text-align: center;\"><img decoding=\"async\"  src=\"https:\/\/a.allegroimg.com\/original\/11f434\/676cdc9040f5bfcd1c70fcc0e7f9\/2x-opony-letnie-255-40R17-Kumho-ECSTA-PS71\" srcset=\"https:\/\/a.allegroimg.com\/original\/11f434\/676cdc9040f5bfcd1c70fcc0e7f9\/2x-opony-letnie-255-40R17-Kumho-ECSTA-PS71 257w,https:\/\/a.allegroimg.com\/original\/11f434\/676cdc9040f5bfcd1c70fcc0e7f9\/2x-opony-letnie-255-40R17-Kumho-ECSTA-PS71 427w,https:\/\/a.allegroimg.com\/original\/11f434\/676cdc9040f5bfcd1c70fcc0e7f9\/2x-opony-letnie-255-40R17-Kumho-ECSTA-PS71 427w\" sizes=\"(min-width: 1200px) 560px, (min-width: 992px) 50vw, 100vw\" width=\"427px\" alt=\"2x opony letnie 255\/40R17 Kumho ECSTA PS71\" style=\"max-width: 100%; height: auto; display: block; margin: 0 auto;\"><\/div>\n<\/div>\n<\/div>\n<\/div>\n<\/div>\n<div style=\"clear: both; display: block; margin: 10px 0;\">\n<div style=\"clear: both; display: block; margin: 10px 0;\">\n<h1>Cechy Opony:<\/h1>\n<ul style=\"margin: 15px 0; padding-left: 20px; clear: both; display: block; width: 100%; float: none; position: static;\">\n<li style=\"margin: 5px 0; padding: 2px 0; clear: both; display: list-item; float: none; position: static;\">Stan: <b>Fabrycznie nowa<\/b><\/li>\n<\/ul>\n<ul style=\"margin: 15px 0; padding-left: 20px; clear: both; display: block; width: 100%; float: none; position: static;\">\n<li style=\"margin: 5px 0; padding: 2px 0; clear: both; display: list-item; float: none; position: static;\">Dystrybucja: <b>Oficjalny dystrybutor w Polsce<\/b><\/li>\n<\/ul>\n<ul style=\"margin: 15px 0; padding-left: 20px; clear: both; display: block; width: 100%; float: none; position: static;\">\n<li style=\"margin: 5px 0; padding: 2px 0; clear: both; display: list-item; float: none; position: static;\">Sezon: <b>letnie<\/b><\/li>\n<\/ul>\n<ul style=\"margin: 15px 0; padding-left: 20px; clear: both; display: block; width: 100%; float: none; position: static;\">\n<li style=\"margin: 5px 0; padding: 2px 0; clear: both; display: list-item; float: none; position: static;\">Producent: <b>Kumho<\/b><\/li>\n<\/ul>\n<ul style=\"margin: 15px 0; padding-left: 20px; clear: both; display: block; width: 100%; float: none; position: static;\">\n<li style=\"margin: 5px 0; padding: 2px 0; clear: both; display: list-item; float: none; position: static;\">Bie\u017cnik: <b>ECSTA PS71<\/b><\/li>\n<\/ul>\n<ul style=\"margin: 15px 0; padding-left: 20px; clear: both; display: block; width: 100%; float: none; position: static;\">\n<li style=\"margin: 5px 0; padding: 2px 0; clear: both; display: list-item; float: none; position: static;\">Rozmiar: <b>255\/40R17<\/b><\/li>\n<\/ul>\n<ul style=\"margin: 15px 0; padding-left: 20px; clear: both; display: block; width: 100%; float: none; position: static;\">\n<li style=\"margin: 5px 0; padding: 2px 0; clear: both; display: list-item; float: none; position: static;\">Indeks no\u015bno\u015bci: <b>94<\/b><\/li>\n<\/ul>\n<ul style=\"margin: 15px 0; padding-left: 20px; clear: both; display: block; width: 100%; float: none; position: static;\">\n<li style=\"margin: 5px 0; padding: 2px 0; clear: both; display: list-item; float: none; position: static;\">Indeks pr\u0119dko\u015bci: <b>Y<\/b><\/li>\n<\/ul>\n<ul style=\"margin: 15px 0; padding-left: 20px; clear: both; display: block; width: 100%; float: none; position: static;\">\n<li style=\"margin: 5px 0; padding: 2px 0; clear: both; display: list-item; float: none; position: static;\">Rok produkcji:<b> 2024<\/b><\/li>\n<\/ul>\n<ul style=\"margin: 15px 0; padding-left: 20px; clear: both; display: block; width: 100%; float: none; position: static;\">\n<li style=\"margin: 5px 0; padding: 2px 0; clear: both; display: list-item; float: none; position: static;\">EAN: <b>8808956255770<\/b><\/li>\n<\/ul>\n<ul style=\"margin: 15px 0; padding-left: 20px; clear: both; display: block; width: 100%; float: none; position: static;\">\n<li style=\"margin: 5px 0; padding: 2px 0; clear: both; display: list-item; float: none; position: static;\">Rant ochronny na felg\u0119: <b>Tak<\/b><\/li>\n<\/ul><\/div>\n<\/div>\n<\/div>\n<div style=\"clear: both; display: block; margin: 10px 0;\">\n<div style=\"clear: both; display: block; margin: 10px 0;\">\n<div style=\"clear: both; display: block; margin: 10px 0;\">\n<h2>Zu\u017cycie paliwa \/ opory toczenia<\/h2>\n<p style=\"margin: 15px 0; line-height: 1.8; clear: both; display: block; width: 100%; float: none; position: static;\">Klasa A okre\u015bla opony o najmniejszych oporach toczenia, klasa E o najwi\u0119kszych. Op\u00f3r toczenia wp\u0142ywa na zu\u017cycie paliwa oraz emisj\u0119 spalin przez samoch\u00f3d. Im ni\u017cszy op\u00f3r toczenia, tym wi\u0119ksza oszcz\u0119dno\u015b\u0107 paliwa i mniejszy wp\u0142yw na \u015brodowisko.<\/p>\n<p style=\"margin: 15px 0; line-height: 1.8; clear: both; display: block; width: 100%; float: none; position: static;\">\n<h2>Przyczepno\u015b\u0107 na mokrej nawierzchni \/ droga hamowania<\/h2>\n<p style=\"margin: 15px 0; line-height: 1.8; clear: both; display: block; width: 100%; float: none; position: static;\">Klasa A oznacza najkr\u00f3tsz\u0105, a E najd\u0142u\u017csz\u0105 drog\u0119 hamowania na mokrej nawierzchni. Parametr ten zwi\u0105zany jest z przyczepno\u015bci\u0105 opony podczas jazdy po mokrej drodze, co ma znaczenie dla bezpiecze\u0144stwa podr\u00f3\u017cowania. Im wy\u017csza klasa, tym lepsze w\u0142a\u015bciwo\u015bci ogumienia.<\/p>\n<p style=\"margin: 15px 0; line-height: 1.8; clear: both; display: block; width: 100%; float: none; position: static;\">\n<h2>Zewn\u0119trzny ha\u0142as toczenia \/ emisja ha\u0142asu<\/h2>\n<p style=\"margin: 15px 0; line-height: 1.8; clear: both; display: block; width: 100%; float: none; position: static;\">Klasa A przeznaczona jest dla najcichszych opon, B i C \u2013 dla g\u0142o\u015bniejszych. Wp\u0142ywa na komfort podr\u00f3\u017cowania samochodem. Ha\u0142as, kt\u00f3ry powstaje przy toczeniu si\u0119 opony jest wyra\u017cony w decybelach. Im ni\u017csza liczba tym cichsza opona.<\/p>\n<p style=\"margin: 15px 0; line-height: 1.8; clear: both; display: block; width: 100%; float: none; position: static;\">\n<\/div>\n<\/div>\n<div style=\"clear: both; display: block; margin: 10px 0;\">\n<div style=\"clear: both; display: block; margin: 10px 0;\">\n<div  style=\"max-width:738px;max-height:1082px\">\n<div style=\"clear: both; display: block; margin: 10px 0;\">\n<div style=\"clear: both; width: 100%; display: block; margin: 20px 0; padding: 0; float: none; position: static; text-align: center;\"><img decoding=\"async\"  src=\"https:\/\/a.allegroimg.com\/original\/110f47\/55c6bb644d1590c760da52fd2551\/2x-opony-letnie-255-40R17-Kumho-ECSTA-PS71-Liczba-opon-w-ofercie-2-szt\" srcset=\"https:\/\/a.allegroimg.com\/original\/110f47\/55c6bb644d1590c760da52fd2551\/2x-opony-letnie-255-40R17-Kumho-ECSTA-PS71-Liczba-opon-w-ofercie-2-szt 245w,https:\/\/a.allegroimg.com\/original\/110f47\/55c6bb644d1590c760da52fd2551\/2x-opony-letnie-255-40R17-Kumho-ECSTA-PS71-Liczba-opon-w-ofercie-2-szt 491w,https:\/\/a.allegroimg.com\/original\/110f47\/55c6bb644d1590c760da52fd2551\/2x-opony-letnie-255-40R17-Kumho-ECSTA-PS71-Liczba-opon-w-ofercie-2-szt 698w,https:\/\/a.allegroimg.com\/original\/110f47\/55c6bb644d1590c760da52fd2551\/2x-opony-letnie-255-40R17-Kumho-ECSTA-PS71-Liczba-opon-w-ofercie-2-szt 738w,https:\/\/a.allegroimg.com\/original\/110f47\/55c6bb644d1590c760da52fd2551\/2x-opony-letnie-255-40R17-Kumho-ECSTA-PS71-Liczba-opon-w-ofercie-2-szt 738w\" sizes=\"(min-width: 1200px) 560px, (min-width: 992px) 50vw, 100vw\" width=\"738px\" alt=\"2x opony letnie 255\/40R17 Kumho ECSTA PS71 Liczba opon w ofercie 2 szt.\" style=\"max-width: 100%; height: auto; display: block; margin: 0 auto;\"><\/div>\n<\/div>\n<\/div>\n<\/div>\n<\/div>\n<\/div>\n<\/div>\n<\/div>\n<\/div>\n<div style=\"clear: both; display: block; margin: 10px 0;\">\n","protected":false},"excerpt":{"rendered":"<p>Cechy Opony:<\/p>\n<p>Stan: Fabrycznie nowa<\/p>\n<p>Dystrybucja: Oficjalny dystrybutor w Polsce<\/p>\n<p>Sezon: letnie<\/p>\n<p>Producent: Kumho<\/p>\n<p>Bie\u017cnik: ECSTA PS71<\/p>\n<p>Rozmiar: 255\/40R17<\/p>\n<p>Indeks no\u015bno\u015bci: 94<\/p>\n","protected":false},"featured_media":17583,"template":"","meta":{"_uag_custom_page_level_css":""},"product_brand":[390],"product_cat":[414,418,413,412],"product_tag":[],"class_list":{"0":"post-17582","1":"product","2":"type-product","3":"status-publish","4":"has-post-thumbnail","6":"product_brand-kumho","7":"product_cat-do-samochodow-osobowych-i-suv","8":"product_cat-letnie","9":"product_cat-opony","10":"product_cat-opony-i-felgi","12":"first","13":"instock","14":"shipping-taxable","15":"purchasable","16":"product-type-simple"},"uagb_featured_image_src":{"full":["https:\/\/oponixo.shop\/tire\/wp-content\/uploads\/2026\/01\/allegro-image-17582.jpg",427,598,false],"thumbnail":["https:\/\/oponixo.shop\/tire\/wp-content\/uploads\/2026\/01\/allegro-image-17582-150x150.jpg",150,150,true],"medium":["https:\/\/oponixo.shop\/tire\/wp-content\/uploads\/2026\/01\/allegro-image-17582-214x300.jpg",214,300,true],"medium_large":["https:\/\/oponixo.shop\/tire\/wp-content\/uploads\/2026\/01\/allegro-image-17582.jpg",427,598,false],"large":["https:\/\/oponixo.shop\/tire\/wp-content\/uploads\/2026\/01\/allegro-image-17582.jpg",427,598,false],"1536x1536":["https:\/\/oponixo.shop\/tire\/wp-content\/uploads\/2026\/01\/allegro-image-17582.jpg",427,598,false],"2048x2048":["https:\/\/oponixo.shop\/tire\/wp-content\/uploads\/2026\/01\/allegro-image-17582.jpg",427,598,false],"woocommerce_thumbnail":["https:\/\/oponixo.shop\/tire\/wp-content\/uploads\/2026\/01\/allegro-image-17582-300x300.jpg",300,300,true],"woocommerce_single":["https:\/\/oponixo.shop\/tire\/wp-content\/uploads\/2026\/01\/allegro-image-17582.jpg",427,598,false],"woocommerce_gallery_thumbnail":["https:\/\/oponixo.shop\/tire\/wp-content\/uploads\/2026\/01\/allegro-image-17582-100x100.jpg",100,100,true]},"uagb_author_info":{"display_name":"admin","author_link":"https:\/\/oponixo.shop\/tire\/author\/"},"uagb_comment_info":0,"uagb_excerpt":"Cechy Opony: Stan: Fabrycznie nowa Dystrybucja: Oficjalny dystrybutor w Polsce Sezon: letnie Producent: Kumho Bie\u017cnik: ECSTA PS71 Rozmiar: 255\/40R17 Indeks no\u015bno\u015bci: 94","_links":{"self":[{"href":"https:\/\/oponixo.shop\/tire\/wp-json\/wp\/v2\/product\/17582","targetHints":{"allow":["GET"]}}],"collection":[{"href":"https:\/\/oponixo.shop\/tire\/wp-json\/wp\/v2\/product"}],"about":[{"href":"https:\/\/oponixo.shop\/tire\/wp-json\/wp\/v2\/types\/product"}],"wp:featuredmedia":[{"embeddable":true,"href":"https:\/\/oponixo.shop\/tire\/wp-json\/wp\/v2\/media\/17583"}],"wp:attachment":[{"href":"https:\/\/oponixo.shop\/tire\/wp-json\/wp\/v2\/media?parent=17582"}],"wp:term":[{"taxonomy":"product_brand","embeddable":true,"href":"https:\/\/oponixo.shop\/tire\/wp-json\/wp\/v2\/product_brand?post=17582"},{"taxonomy":"product_cat","embeddable":true,"href":"https:\/\/oponixo.shop\/tire\/wp-json\/wp\/v2\/product_cat?post=17582"},{"taxonomy":"product_tag","embeddable":true,"href":"https:\/\/oponixo.shop\/tire\/wp-json\/wp\/v2\/product_tag?post=17582"}],"curies":[{"name":"wp","href":"https:\/\/api.w.org\/{rel}","templated":true}]}}