{"id":17580,"date":"2026-01-19T04:13:03","date_gmt":"2026-01-19T03:13:03","guid":{"rendered":"https:\/\/oponypoint.shop\/xef5\/produkt\/kumho-v70a-k61-255-40r17-opony-letnie\/"},"modified":"2026-01-19T04:13:04","modified_gmt":"2026-01-19T03:13:04","slug":"kumho-v70a-k61-255-40r17-opony-letnie","status":"publish","type":"product","link":"https:\/\/oponixo.shop\/tire\/produkt\/kumho-v70a-k61-255-40r17-opony-letnie\/","title":{"rendered":"Kumho V70A K61 255\/40R17 Opony letnie"},"content":{"rendered":"<div style=\"font-family: Arial, sans-serif; line-height: 1.6; color: #333; padding: 20px; clear: both; display: block; width: 100%; float: none; position: static; overflow: hidden;\">\n<div style=\"clear: both; display: block; margin: 10px 0;\">\n<div style=\"clear: both; display: block; margin: 10px 0;\">\n<div style=\"clear: both; display: block; margin: 10px 0;\">\n<h1>Przedmiotem aukcji s\u0105 dwie opony<\/h1>\n<h1>Kumho V70A K61 255\/40R17 Opony letnie<\/h1>\n<\/div>\n<\/div>\n<\/div>\n<div style=\"clear: both; display: block; margin: 10px 0;\">\n<div style=\"clear: both; display: block; margin: 10px 0;\">\n<div style=\"clear: both; display: block; margin: 10px 0;\">\n<div  style=\"max-width:920px;max-height:1120px\">\n<div style=\"clear: both; display: block; margin: 10px 0;\">\n<div style=\"clear: both; width: 100%; display: block; margin: 20px 0; padding: 0; float: none; position: static; text-align: center;\"><img decoding=\"async\"  src=\"https:\/\/a.allegroimg.com\/original\/116b49\/e1e80945414eb118cee44cee69e9\/Kumho-V70A-K61-255-40R17-Opony-letnie\" srcset=\"https:\/\/a.allegroimg.com\/original\/116b49\/e1e80945414eb118cee44cee69e9\/Kumho-V70A-K61-255-40R17-Opony-letnie 295w,https:\/\/a.allegroimg.com\/original\/116b49\/e1e80945414eb118cee44cee69e9\/Kumho-V70A-K61-255-40R17-Opony-letnie 591w,https:\/\/a.allegroimg.com\/original\/116b49\/e1e80945414eb118cee44cee69e9\/Kumho-V70A-K61-255-40R17-Opony-letnie 841w,https:\/\/a.allegroimg.com\/original\/116b49\/e1e80945414eb118cee44cee69e9\/Kumho-V70A-K61-255-40R17-Opony-letnie 920w,https:\/\/a.allegroimg.com\/original\/116b49\/e1e80945414eb118cee44cee69e9\/Kumho-V70A-K61-255-40R17-Opony-letnie 920w\" sizes=\"(min-width: 1200px) 560px, (min-width: 992px) 50vw, 100vw\" width=\"920px\" alt=\"Kumho V70A K61 255\/40R17 Opony letnie\" style=\"max-width: 100%; height: auto; display: block; margin: 0 auto;\"><\/div>\n<\/div>\n<\/div>\n<\/div>\n<\/div>\n<div style=\"clear: both; display: block; margin: 10px 0;\">\n<div style=\"clear: both; display: block; margin: 10px 0;\">\n<h1>Kumho V70A K61 255\/40R17 Opony letnie<\/h1>\n<p style=\"margin: 15px 0; line-height: 1.8; clear: both; display: block; width: 100%; float: none; position: static;\">EAN: <b>8808956079826<\/b><\/p>\n<p style=\"margin: 15px 0; line-height: 1.8; clear: both; display: block; width: 100%; float: none; position: static;\">Producent: <b>KUMHO<\/b><\/p>\n<p style=\"margin: 15px 0; line-height: 1.8; clear: both; display: block; width: 100%; float: none; position: static;\">Bie\u017cnik: <b>V70A K61<\/b><\/p>\n<p style=\"margin: 15px 0; line-height: 1.8; clear: both; display: block; width: 100%; float: none; position: static;\">Rozmiar: <b>255\/40 R17 <\/b><\/p>\n<p style=\"margin: 15px 0; line-height: 1.8; clear: both; display: block; width: 100%; float: none; position: static;\">Indeks no\u015bno\u015bci: <\/p>\n<p style=\"margin: 15px 0; line-height: 1.8; clear: both; display: block; width: 100%; float: none; position: static;\">Indeks pr\u0119dko\u015bci: <\/p>\n<p style=\"margin: 15px 0; line-height: 1.8; clear: both; display: block; width: 100%; float: none; position: static;\">Sezon: <b>Letnie<\/b><\/p>\n<\/div>\n<\/div>\n<\/div>\n<div style=\"clear: both; display: block; margin: 10px 0;\">\n<div style=\"clear: both; display: block; margin: 10px 0;\">\n<div style=\"clear: both; display: block; margin: 10px 0;\">\n<h2>KumhoV70A K61<\/h2>\n<p style=\"margin: 15px 0; line-height: 1.8; clear: both; display: block; width: 100%; float: none; position: static;\">KumhoV70A K61to opona typu semi &#8211; slick przeznaczona do samochod\u00f3w wy\u015bcigowych. Dzi\u0119ki u\u017cyciu technologii opracowanej dla takich serii wy\u015bcigowych jak Auto GP, Formu\u0142a 3, Audi R8 LMS i Super GT opona jest niezwykle wydajna jak na t\u0119 klas\u0119 cenow\u0105. Idealnie sprawdzi si\u0119 do wy\u015bcig\u00f3w torowych i g\u00f3rskich, w suchych warunkach.<\/p>\n<h2>Co jeszcze warto wiedzie\u0107:<\/h2>\n<p style=\"margin: 15px 0; line-height: 1.8; clear: both; display: block; width: 100%; float: none; position: static;\">&#8211; Kumho V70A dost\u0119pna jest w trzech mieszankach &#8211; Soft, Medium, Hard.<\/p>\n<p style=\"margin: 15px 0; line-height: 1.8; clear: both; display: block; width: 100%; float: none; position: static;\">&#8211; Kierunkowy wz\u00f3r zapewnia oponie Kumho Ecsta V70A maksymaln\u0105 przyczepno\u015b\u0107 na wilgotnej i suchej nawierzchni<\/p>\n<p style=\"margin: 15px 0; line-height: 1.8; clear: both; display: block; width: 100%; float: none; position: static;\">&#8211; Dopuszczona do u\u017cytku drogowego (homologacja E)<\/p>\n<\/div>\n<\/div>\n<div style=\"clear: both; display: block; margin: 10px 0;\">\n<div style=\"clear: both; display: block; margin: 10px 0;\">\n<div  style=\"max-width:920px;max-height:1120px\">\n<div style=\"clear: both; display: block; margin: 10px 0;\">\n<div style=\"clear: both; width: 100%; display: block; margin: 20px 0; padding: 0; float: none; position: static; text-align: center;\"><img decoding=\"async\"  src=\"https:\/\/a.allegroimg.com\/original\/111cbd\/6568ad77418b9857abbaf69181b7\/Kumho-V70A-K61-255-40R17-Opony-letnie-Liczba-opon-w-ofercie-2-szt\" srcset=\"https:\/\/a.allegroimg.com\/original\/111cbd\/6568ad77418b9857abbaf69181b7\/Kumho-V70A-K61-255-40R17-Opony-letnie-Liczba-opon-w-ofercie-2-szt 295w,https:\/\/a.allegroimg.com\/original\/111cbd\/6568ad77418b9857abbaf69181b7\/Kumho-V70A-K61-255-40R17-Opony-letnie-Liczba-opon-w-ofercie-2-szt 591w,https:\/\/a.allegroimg.com\/original\/111cbd\/6568ad77418b9857abbaf69181b7\/Kumho-V70A-K61-255-40R17-Opony-letnie-Liczba-opon-w-ofercie-2-szt 841w,https:\/\/a.allegroimg.com\/original\/111cbd\/6568ad77418b9857abbaf69181b7\/Kumho-V70A-K61-255-40R17-Opony-letnie-Liczba-opon-w-ofercie-2-szt 920w,https:\/\/a.allegroimg.com\/original\/111cbd\/6568ad77418b9857abbaf69181b7\/Kumho-V70A-K61-255-40R17-Opony-letnie-Liczba-opon-w-ofercie-2-szt 920w\" sizes=\"(min-width: 1200px) 560px, (min-width: 992px) 50vw, 100vw\" width=\"920px\" alt=\"Kumho V70A K61 255\/40R17 Opony letnie Liczba opon w ofercie 2 szt.\" style=\"max-width: 100%; height: auto; display: block; margin: 0 auto;\"><\/div>\n<\/div>\n<\/div>\n<\/div>\n<\/div>\n<\/div>\n<div style=\"clear: both; display: block; margin: 10px 0;\">\n<div style=\"clear: both; display: block; margin: 10px 0;\">\n<div style=\"clear: both; display: block; margin: 10px 0;\">\n<p style=\"margin: 15px 0; line-height: 1.8; clear: both; display: block; width: 100%; float: none; position: static;\">Dlaczego warto u nas kupowa\u0107?<\/p>\n<ul style=\"margin: 15px 0; padding-left: 20px; clear: both; display: block; width: 100%; float: none; position: static;\">\n<li style=\"margin: 5px 0; padding: 2px 0; clear: both; display: list-item; float: none; position: static;\">opony s\u0105 przechowywane w magazynie z prawie sta\u0142\u0105 temperatur\u0105 i wilgotno\u015bci\u0105, co gwarantuje, \u017ce ich jako\u015b\u0107 nie zmienia si\u0119 podczas magazynowania<\/li>\n<li style=\"margin: 5px 0; padding: 2px 0; clear: both; display: list-item; float: none; position: static;\">produkty pochodz\u0105 bezpo\u015brednio z fabryk producent\u00f3w, mamy pewno\u015b\u0107 ich pochodzenia a tak\u017ce jako\u015bci<\/li>\n<li style=\"margin: 5px 0; padding: 2px 0; clear: both; display: list-item; float: none; position: static;\">nie jeste\u015bmy wirtualn\u0105 firm\u0105, nasze produkty mo\u017cna obejrze\u0107 w magazynie w Bielanach Wroc\u0142awskich<\/li>\n<li style=\"margin: 5px 0; padding: 2px 0; clear: both; display: list-item; float: none; position: static;\">jeste\u015bmy w 100% Polsk\u0105 firm\u0105 i p\u0142acimy tutaj podatki<\/li>\n<\/ul>\n<\/div>\n<\/div>\n<\/div>\n<\/div>\n<\/div>\n<\/div>\n<div style=\"clear: both; display: block; margin: 10px 0;\">\n","protected":false},"excerpt":{"rendered":"<p>Przedmiotem aukcji s\u0105 dwie opony<\/p>\n<p>Kumho V70A K61 255\/40R17 Opony letnie<\/p>\n<p>Kumho V70A K61 255\/40R17 Opony letnie<\/p>\n<p>EAN: 8808956079826<\/p>\n<p>Producent: KUMHO<\/p>\n<p>Bie\u017cnik: V70A K61<\/p>\n<p>Rozmiar: 255\/40 R17<\/p>\n<p>Indeks no\u015bno\u015bci:<\/p>\n","protected":false},"featured_media":17581,"template":"","meta":{"_uag_custom_page_level_css":""},"product_brand":[390],"product_cat":[414,418,413,412],"product_tag":[],"class_list":{"0":"post-17580","1":"product","2":"type-product","3":"status-publish","4":"has-post-thumbnail","6":"product_brand-kumho","7":"product_cat-do-samochodow-osobowych-i-suv","8":"product_cat-letnie","9":"product_cat-opony","10":"product_cat-opony-i-felgi","12":"first","13":"instock","14":"shipping-taxable","15":"purchasable","16":"product-type-simple"},"uagb_featured_image_src":{"full":["https:\/\/oponixo.shop\/tire\/wp-content\/uploads\/2026\/01\/allegro-image-17580.jpg",920,1120,false],"thumbnail":["https:\/\/oponixo.shop\/tire\/wp-content\/uploads\/2026\/01\/allegro-image-17580-150x150.jpg",150,150,true],"medium":["https:\/\/oponixo.shop\/tire\/wp-content\/uploads\/2026\/01\/allegro-image-17580-246x300.jpg",246,300,true],"medium_large":["https:\/\/oponixo.shop\/tire\/wp-content\/uploads\/2026\/01\/allegro-image-17580-768x935.jpg",768,935,true],"large":["https:\/\/oponixo.shop\/tire\/wp-content\/uploads\/2026\/01\/allegro-image-17580-841x1024.jpg",841,1024,true],"1536x1536":["https:\/\/oponixo.shop\/tire\/wp-content\/uploads\/2026\/01\/allegro-image-17580.jpg",920,1120,false],"2048x2048":["https:\/\/oponixo.shop\/tire\/wp-content\/uploads\/2026\/01\/allegro-image-17580.jpg",920,1120,false],"woocommerce_thumbnail":["https:\/\/oponixo.shop\/tire\/wp-content\/uploads\/2026\/01\/allegro-image-17580-300x300.jpg",300,300,true],"woocommerce_single":["https:\/\/oponixo.shop\/tire\/wp-content\/uploads\/2026\/01\/allegro-image-17580-600x730.jpg",600,730,true],"woocommerce_gallery_thumbnail":["https:\/\/oponixo.shop\/tire\/wp-content\/uploads\/2026\/01\/allegro-image-17580-100x100.jpg",100,100,true]},"uagb_author_info":{"display_name":"admin","author_link":"https:\/\/oponixo.shop\/tire\/author\/"},"uagb_comment_info":0,"uagb_excerpt":"Przedmiotem aukcji s\u0105 dwie opony Kumho V70A K61 255\/40R17 Opony letnie Kumho V70A K61 255\/40R17 Opony letnie EAN: 8808956079826 Producent: KUMHO Bie\u017cnik: V70A K61 Rozmiar: 255\/40 R17 Indeks no\u015bno\u015bci:","_links":{"self":[{"href":"https:\/\/oponixo.shop\/tire\/wp-json\/wp\/v2\/product\/17580","targetHints":{"allow":["GET"]}}],"collection":[{"href":"https:\/\/oponixo.shop\/tire\/wp-json\/wp\/v2\/product"}],"about":[{"href":"https:\/\/oponixo.shop\/tire\/wp-json\/wp\/v2\/types\/product"}],"wp:featuredmedia":[{"embeddable":true,"href":"https:\/\/oponixo.shop\/tire\/wp-json\/wp\/v2\/media\/17581"}],"wp:attachment":[{"href":"https:\/\/oponixo.shop\/tire\/wp-json\/wp\/v2\/media?parent=17580"}],"wp:term":[{"taxonomy":"product_brand","embeddable":true,"href":"https:\/\/oponixo.shop\/tire\/wp-json\/wp\/v2\/product_brand?post=17580"},{"taxonomy":"product_cat","embeddable":true,"href":"https:\/\/oponixo.shop\/tire\/wp-json\/wp\/v2\/product_cat?post=17580"},{"taxonomy":"product_tag","embeddable":true,"href":"https:\/\/oponixo.shop\/tire\/wp-json\/wp\/v2\/product_tag?post=17580"}],"curies":[{"name":"wp","href":"https:\/\/api.w.org\/{rel}","templated":true}]}}