{"id":17564,"date":"2026-01-19T04:12:58","date_gmt":"2026-01-19T03:12:58","guid":{"rendered":"https:\/\/oponypoint.shop\/xef5\/produkt\/2x-continental-premiumcontact-6-265-45r21-108h-xl-fr-ao-contisilent\/"},"modified":"2026-01-19T04:12:58","modified_gmt":"2026-01-19T03:12:58","slug":"2x-continental-premiumcontact-6-265-45r21-108h-xl-fr-ao-contisilent","status":"publish","type":"product","link":"https:\/\/oponixo.shop\/tire\/produkt\/2x-continental-premiumcontact-6-265-45r21-108h-xl-fr-ao-contisilent\/","title":{"rendered":"2x CONTINENTAL PremiumContact 6 265\/45R21 108H XL FR AO ContiSilent"},"content":{"rendered":"<div style=\"font-family: Arial, sans-serif; line-height: 1.6; color: #333; padding: 20px; clear: both; display: block; width: 100%; float: none; position: static; overflow: hidden;\">\n<div style=\"clear: both; display: block; margin: 10px 0;\">\n<div style=\"clear: both; display: block; margin: 10px 0;\">\n<div style=\"clear: both; display: block; margin: 10px 0;\">\n<h1>Rok produkcji: 2023<\/h1>\n<p style=\"margin: 15px 0; line-height: 1.8; clear: both; display: block; width: 100%; float: none; position: static;\">Jeste\u015bmy ekspertami od opon i wraz z Producentem gwarantujemy, \u017ce wybieraj\u0105c model z wcze\u015bniejsz\u0105 dat\u0105 produkcji, otrzymujesz pe\u0142nowarto\u015bciowy produkt. Dbamy o Twoje bezpiecze\u0144stwo &#8211; nasze opony s\u0105 przechowywane w idealnych warunkach.<\/p>\n<\/div>\n<\/div>\n<\/div>\n<div style=\"clear: both; display: block; margin: 10px 0;\">\n<div style=\"clear: both; display: block; margin: 10px 0;\">\n<div style=\"clear: both; display: block; margin: 10px 0;\">\n<div  style=\"max-width:1200px;max-height:1126px\">\n<div style=\"clear: both; display: block; margin: 10px 0;\">\n<div style=\"clear: both; width: 100%; display: block; margin: 20px 0; padding: 0; float: none; position: static; text-align: center;\"><img decoding=\"async\"  src=\"https:\/\/a.allegroimg.com\/original\/11cd28\/94d3edc247bebd84540c4b762816\/2x-CONTINENTAL-PremiumContact-6-265-45R21-108H-XL-FR-AO-ContiSilent\" srcset=\"https:\/\/a.allegroimg.com\/original\/11cd28\/94d3edc247bebd84540c4b762816\/2x-CONTINENTAL-PremiumContact-6-265-45R21-108H-XL-FR-AO-ContiSilent 360w,https:\/\/a.allegroimg.com\/original\/11cd28\/94d3edc247bebd84540c4b762816\/2x-CONTINENTAL-PremiumContact-6-265-45R21-108H-XL-FR-AO-ContiSilent 720w,https:\/\/a.allegroimg.com\/original\/11cd28\/94d3edc247bebd84540c4b762816\/2x-CONTINENTAL-PremiumContact-6-265-45R21-108H-XL-FR-AO-ContiSilent 1024w,https:\/\/a.allegroimg.com\/original\/11cd28\/94d3edc247bebd84540c4b762816\/2x-CONTINENTAL-PremiumContact-6-265-45R21-108H-XL-FR-AO-ContiSilent 1200w,https:\/\/a.allegroimg.com\/original\/11cd28\/94d3edc247bebd84540c4b762816\/2x-CONTINENTAL-PremiumContact-6-265-45R21-108H-XL-FR-AO-ContiSilent 1200w\" sizes=\"(min-width: 1200px) 560px, (min-width: 992px) 50vw, 100vw\" width=\"1200px\" alt=\"2x CONTINENTAL PremiumContact 6 265\/45R21 108H XL FR AO ContiSilent\" style=\"max-width: 100%; height: auto; display: block; margin: 0 auto;\"><\/div>\n<\/div>\n<\/div>\n<\/div>\n<\/div>\n<div style=\"clear: both; display: block; margin: 10px 0;\">\n<div style=\"clear: both; display: block; margin: 10px 0;\">\n<h1>CONTINENTAL PremiumContact 6 265\/45R21 108H XL FR AO ContiSilent<\/h1>\n<h2>H11J04<\/h2>\n<ul style=\"margin: 15px 0; padding-left: 20px; clear: both; display: block; width: 100%; float: none; position: static;\">\n<li style=\"margin: 5px 0; padding: 2px 0; clear: both; display: list-item; float: none; position: static;\"><b>additional-feature2 :<\/b> Audi<\/li>\n<li style=\"margin: 5px 0; padding: 2px 0; clear: both; display: list-item; float: none; position: static;\"><b>additional-feature3 :<\/b> Audi AO<\/li>\n<li style=\"margin: 5px 0; padding: 2px 0; clear: both; display: list-item; float: none; position: static;\"><b>Cecha dodatkowa :<\/b> AO<\/li>\n<li style=\"margin: 5px 0; padding: 2px 0; clear: both; display: list-item; float: none; position: static;\"><b>Data produkcji :<\/b> 2023<\/li>\n<li style=\"margin: 5px 0; padding: 2px 0; clear: both; display: list-item; float: none; position: static;\"><b>Hamowanie na mokrej nawierzchni :<\/b> A<\/li>\n<li style=\"margin: 5px 0; padding: 2px 0; clear: both; display: list-item; float: none; position: static;\"><b>Indeks :<\/b> 265\/45R21 LTCO 108H 6O#23<\/li>\n<li style=\"margin: 5px 0; padding: 2px 0; clear: both; display: list-item; float: none; position: static;\"><b>Indeks no\u015bno\u015bci :<\/b> 108<\/li>\n<li style=\"margin: 5px 0; padding: 2px 0; clear: both; display: list-item; float: none; position: static;\"><b>Indeks pr\u0119dko\u015bci :<\/b> H &#8211; 210 km\/h<\/li>\n<li style=\"margin: 5px 0; padding: 2px 0; clear: both; display: list-item; float: none; position: static;\"><b>Karta informacyjna produktu :<\/b> https:\/\/eprel.ec.europa.eu\/qr\/482766<\/li>\n<li style=\"margin: 5px 0; padding: 2px 0; clear: both; display: list-item; float: none; position: static;\"><b>Kl. efekt. paliwowej :<\/b> B<\/li>\n<li style=\"margin: 5px 0; padding: 2px 0; clear: both; display: list-item; float: none; position: static;\"><b>Kl. przycz. na mokrej naw. :<\/b> A<\/li>\n<li style=\"margin: 5px 0; padding: 2px 0; clear: both; display: list-item; float: none; position: static;\"><b>Kl. zew. ha\u0142asu tocz. :<\/b> 2<\/li>\n<li style=\"margin: 5px 0; padding: 2px 0; clear: both; display: list-item; float: none; position: static;\"><b>Klasa opony :<\/b> premium<\/li>\n<li style=\"margin: 5px 0; padding: 2px 0; clear: both; display: list-item; float: none; position: static;\"><b>Kod EAN :<\/b> 4019238810073<\/li>\n<li style=\"margin: 5px 0; padding: 2px 0; clear: both; display: list-item; float: none; position: static;\"><b>Kod producenta :<\/b> 3581650000<\/li>\n<li style=\"margin: 5px 0; padding: 2px 0; clear: both; display: list-item; float: none; position: static;\"><b>Liczba decybeli :<\/b> 73 dB<\/li>\n<li style=\"margin: 5px 0; padding: 2px 0; clear: both; display: list-item; float: none; position: static;\"><b>Model bie\u017cnika :<\/b> PremiumContact 6<\/li>\n<li style=\"margin: 5px 0; padding: 2px 0; clear: both; display: list-item; float: none; position: static;\"><b>Nazwa produktu :<\/b> CONTINENTAL PremiumContact 6 265\/45R21 108H XL FR AO ContiSilent<\/li>\n<li style=\"margin: 5px 0; padding: 2px 0; clear: both; display: list-item; float: none; position: static;\"><b>No\u015bno\u015b\u0107 opony :<\/b> XL<\/li>\n<li style=\"margin: 5px 0; padding: 2px 0; clear: both; display: list-item; float: none; position: static;\"><b>opona na dedykowan\u0105 o\u015b :<\/b> Prz\u00f3d\/Ty\u0142<\/li>\n<li style=\"margin: 5px 0; padding: 2px 0; clear: both; display: list-item; float: none; position: static;\"><b>Op\u00f3r toczenia :<\/b> B<\/li>\n<li style=\"margin: 5px 0; padding: 2px 0; clear: both; display: list-item; float: none; position: static;\"><b>Poziom emisji ha\u0142asu :<\/b> B<\/li>\n<li style=\"margin: 5px 0; padding: 2px 0; clear: both; display: list-item; float: none; position: static;\"><b>Producent :<\/b> CONTINENTAL<\/li>\n<li style=\"margin: 5px 0; padding: 2px 0; clear: both; display: list-item; float: none; position: static;\"><b>Profil :<\/b> 45<\/li>\n<li style=\"margin: 5px 0; padding: 2px 0; clear: both; display: list-item; float: none; position: static;\"><b>Przeznaczenie :<\/b> samochody osobowe, SUV\/4&#215;4<\/li>\n<li style=\"margin: 5px 0; padding: 2px 0; clear: both; display: list-item; float: none; position: static;\"><b>Przyczepno\u015b\u0107 na lodzie :<\/b> Nie<\/li>\n<li style=\"margin: 5px 0; padding: 2px 0; clear: both; display: list-item; float: none; position: static;\"><b>Przyczepno\u015b\u0107 na \u015bniegu :<\/b> Nie<\/li>\n<li style=\"margin: 5px 0; padding: 2px 0; clear: both; display: list-item; float: none; position: static;\"><b>QR kod :<\/b> https:\/\/eprel.ec.europa.eu\/qr\/482766<\/li>\n<li style=\"margin: 5px 0; padding: 2px 0; clear: both; display: list-item; float: none; position: static;\"><b>Rant opony :<\/b> FR<\/li>\n<li style=\"margin: 5px 0; padding: 2px 0; clear: both; display: list-item; float: none; position: static;\"><b>Sezon :<\/b> letnia<\/li>\n<li style=\"margin: 5px 0; padding: 2px 0; clear: both; display: list-item; float: none; position: static;\"><b>\u015arednica :<\/b> 21&#8243;<\/li>\n<li style=\"margin: 5px 0; padding: 2px 0; clear: both; display: list-item; float: none; position: static;\"><b>Szeroko\u015b\u0107 :<\/b> 265<\/li>\n<li style=\"margin: 5px 0; padding: 2px 0; clear: both; display: list-item; float: none; position: static;\"><b>Wart. pom. i kl. zew. ha\u0142asu tocz. [dB] :<\/b> 73<\/li>\n<li style=\"margin: 5px 0; padding: 2px 0; clear: both; display: list-item; float: none; position: static;\"><b>zastosowana technologia :<\/b> ContiSilent<\/li>\n<\/ul>\n<\/div>\n<\/div>\n<\/div>\n<div style=\"clear: both; display: block; margin: 10px 0;\">\n<div style=\"clear: both; display: block; margin: 10px 0;\">\n<div style=\"clear: both; display: block; margin: 10px 0;\">\n<p style=\"margin: 15px 0; line-height: 1.8; clear: both; display: block; width: 100%; float: none; position: static;\"> CONTINENTAL PremiumContact 6 &#8211; nowy poziom komfortu, ulepszony niemieck\u0105 technologi\u0105<\/p>\n<p style=\"margin: 15px 0; line-height: 1.8; clear: both; display: block; width: 100%; float: none; position: static;\"> Continental Premium Contact 6, nast\u0119pca modelu Conti Premium Contact 5, zainspirowana sprawdzonymi technologiami z poprzednich modeli, przenosi u\u017cytkownik\u00f3w na wy\u017cszy poziom osi\u0105g\u00f3w i wydajno\u015bci.<\/p>\n<p style=\"margin: 15px 0; line-height: 1.8; clear: both; display: block; width: 100%; float: none; position: static;\"> Premium Contact 6 to opona przeznaczona do u\u017cytku letniego, zaprojektowana z my\u015bl\u0105 o kierowcach samochod\u00f3w osobowych.<\/p>\n<p style=\"margin: 15px 0; line-height: 1.8; clear: both; display: block; width: 100%; float: none; position: static;\"> Maksymalne bezpiecze\u0144stwo hamowania na mokrych nawierzchniach przy jednoczesnym wyd\u0142u\u017ceniu \u017cywotno\u015bci opony i mniejszej podatno\u015bci na \u015bcieranie oraz zoptymalizowany wz\u00f3r bie\u017cnika pod k\u0105tem sportowej jazdy to cechy kt\u00f3re sprawdz\u0105 si\u0119 w ka\u017cdym samochodzie, bez wzgl\u0119du na spos\u00f3b u\u017cytkowania. Przebieg opony wyd\u0142u\u017cy\u0142 si\u0119 o 15% w stosunku do poprzedniego modelu Conti Premium Contact 5.<\/p>\n<p style=\"margin: 15px 0; line-height: 1.8; clear: both; display: block; width: 100%; float: none; position: static;\"> Mieszanka gumy oparta na kompozycji krystalicznej krzemionki ze sk\u0142adnikami bazowymi udoskonala hamowanie, szczeg\u00f3lnie podczas deszczowych warunk\u00f3w na drodze, nie trac\u0105c przy tym optymalnej wydajno\u015bci jazdy i hamowania na suchych nawierzchniach. Dodatkowo mo\u017cliwe by\u0142o zwi\u0119kszenie wytrzyma\u0142o\u015bci opony na \u015bcieranie tym samym wyd\u0142u\u017cenie jej \u017cywotno\u015bci, co jest zdecydowanym kompromisem w procesie rozwoju ogumienia.<\/p>\n<p style=\"margin: 15px 0; line-height: 1.8; clear: both; display: block; width: 100%; float: none; position: static;\"> Zoptymalizowana mieszanka, dzi\u0119ki dodatkowi polimer\u00f3w, zwi\u0119ksza powierzchni\u0119 styku opony z nawierzchni\u0105 a odpowiednio dobrana sztywno\u015b\u0107 i wz\u00f3r bie\u017cnika zapewniaj\u0105 wysoki komfort podr\u00f3\u017cowania oraz redukcj\u0119 ha\u0142asu wewn\u0105trz pojazdu. Ha\u0142as wewn\u0119trzy zosta\u0142 ograniczony o 10% w stosunku do Conti Premium Contact 5.<\/p>\n<p style=\"margin: 15px 0; line-height: 1.8; clear: both; display: block; width: 100%; float: none; position: static;\"> Zaawansowana konstrukcja makro bloku opony umo\u017cliwia optymalne przeniesienie si\u0142 poprzecznych, co gwarantuje pe\u0142n\u0105 stabilno\u015b\u0107 i kontrol\u0119 w zakr\u0119tach. Ponadto asymetryczna geometria \u017cebra zapewnia wi\u0119ksz\u0105 sztywno\u015b\u0107 bie\u017cnika i mniejsz\u0105 podatno\u015b\u0107 na odkszta\u0142canie si\u0119 jego blok\u00f3w dla jeszcze lepszej przyczepno\u015bci w ka\u017cdych warunkach. <\/p>\n<\/div>\n<\/div>\n<div style=\"clear: both; display: block; margin: 10px 0;\">\n<div style=\"clear: both; display: block; margin: 10px 0;\">\n<div  style=\"max-width:886px;max-height:1299px\">\n<div style=\"clear: both; display: block; margin: 10px 0;\">\n<div style=\"clear: both; width: 100%; display: block; margin: 20px 0; padding: 0; float: none; position: static; text-align: center;\"><img decoding=\"async\"  src=\"https:\/\/a.allegroimg.com\/original\/113456\/d98cff4448789d3b17810e99134b\/2x-CONTINENTAL-PremiumContact-6-265-45R21-108H-XL-FR-AO-ContiSilent-Srednica-21\" srcset=\"https:\/\/a.allegroimg.com\/original\/113456\/d98cff4448789d3b17810e99134b\/2x-CONTINENTAL-PremiumContact-6-265-45R21-108H-XL-FR-AO-ContiSilent-Srednica-21 245w,https:\/\/a.allegroimg.com\/original\/113456\/d98cff4448789d3b17810e99134b\/2x-CONTINENTAL-PremiumContact-6-265-45R21-108H-XL-FR-AO-ContiSilent-Srednica-21 491w,https:\/\/a.allegroimg.com\/original\/113456\/d98cff4448789d3b17810e99134b\/2x-CONTINENTAL-PremiumContact-6-265-45R21-108H-XL-FR-AO-ContiSilent-Srednica-21 698w,https:\/\/a.allegroimg.com\/original\/113456\/d98cff4448789d3b17810e99134b\/2x-CONTINENTAL-PremiumContact-6-265-45R21-108H-XL-FR-AO-ContiSilent-Srednica-21 886w,https:\/\/a.allegroimg.com\/original\/113456\/d98cff4448789d3b17810e99134b\/2x-CONTINENTAL-PremiumContact-6-265-45R21-108H-XL-FR-AO-ContiSilent-Srednica-21 886w\" sizes=\"(min-width: 1200px) 560px, (min-width: 992px) 50vw, 100vw\" width=\"886px\" alt=\"2x CONTINENTAL PremiumContact 6 265\/45R21 108H XL FR AO ContiSilent \u015arednica 21&quot;\" style=\"max-width: 100%; height: auto; display: block; margin: 0 auto;\"><\/div>\n<\/div>\n<\/div>\n<\/div>\n<\/div>\n<\/div>\n<div style=\"clear: both; display: block; margin: 10px 0;\">\n<div style=\"clear: both; display: block; margin: 10px 0;\">\n<div style=\"clear: both; display: block; margin: 10px 0;\">\n<p style=\"margin: 15px 0; line-height: 1.8; clear: both; display: block; width: 100%; float: none; position: static;\">Wychodz\u0105c naprzeciw oczekiwaniom Klient\u00f3w i chc\u0105c spe\u0142nia\u0107 jak najwy\u017csze standardy obs\u0142ugi dok\u0142adamy wszelkich stara\u0144, aby podawa\u0107 precyzyjn\u0105 dat\u0119 produkcji opony (DOT). Niestety, w wyj\u0105tkowych przypadkach, mo\u017ce zdarzy\u0107 si\u0119, \u017ce opony, kt\u00f3re wy\u015blemy b\u0119d\u0105 mia\u0142y inn\u0105 dat\u0119 produkcji ni\u017c podana. Sytuacja mo\u017ce dotyczy\u0107 zar\u00f3wno opon z DOT-em wcze\u015bniejszym jak i p\u00f3\u017aniejszym. Chcieliby\u015bmy podkre\u015bli\u0107, \u017ce warunki przechowywania opon w naszych magazynach spe\u0142niaj\u0105 Polsk\u0105 Norm\u0119 PN-C-94300-7 dzi\u0119ki czemu nawet opona przechowywana 24 miesi\u0105ce ma parametry takie same jak opona z bie\u017c\u0105cego roku. Warto pami\u0119ta\u0107 tak\u017ce o fakcie, \u017ce w przypadku wielu rozmiar\u00f3w i producent\u00f3w plany produkcyjne fabryk uniemo\u017cliwiaj\u0105 zakup opony z bie\u017c\u0105cego roku.<\/p>\n<p style=\"margin: 15px 0; line-height: 1.8; clear: both; display: block; width: 100%; float: none; position: static;\">Przy zakupie opon pami\u0119taj o sprawdzeniu w instrukcji samochodu lub na w\u0142a\u015bciwej stronie internetowej, jakie ogumienie zaleca producent Twojego auta. \u0179le dobrane opony mog\u0105 negatywnie wp\u0142yn\u0105\u0107 na poziom Twojego bezpiecze\u0144stwa. Kupuj\u0105c opony zwr\u00f3\u0107 uwag\u0119 na rozmiar oraz indeksy no\u015bno\u015bci i pr\u0119dko\u015bci jakie homologowane s\u0105 do Twojego pojazdu.<\/p>\n<p style=\"margin: 15px 0; line-height: 1.8; clear: both; display: block; width: 100%; float: none; position: static;\">Zamieszczone zdj\u0119cia pe\u0142ni\u0105 funkcj\u0119 pogl\u0105dow\u0105. W zale\u017cno\u015bci od szeroko\u015bci opon, mog\u0105 wyst\u0119powa\u0107 niewielkie r\u00f3\u017cnice w wygl\u0105dzie bie\u017cnika (w obr\u0119bie jednego modelu) na przyk\u0142ad w ilo\u015bci rowk\u00f3w obwodowych lub rozmieszczeniu blok\u00f3w bie\u017cnika, co nie stanowi wady produktu.<\/p>\n<p style=\"margin: 15px 0; line-height: 1.8; clear: both; display: block; width: 100%; float: none; position: static;\">Je\u017celi otrzymane przez Ciebie opony nie spe\u0142niaj\u0105 Twoich oczekiwa\u0144 masz mo\u017cliwo\u015b\u0107 zwrotu lub wymiany nieu\u017cywanego (niemontowanego) ogumienia.<\/p>\n<\/div>\n<\/div>\n<\/div>\n<div style=\"clear: both; display: block; margin: 10px 0;\">\n<div style=\"clear: both; display: block; margin: 10px 0;\">\n<div style=\"clear: both; display: block; margin: 10px 0;\">\n<div  style=\"max-width:2000px;max-height:614px\">\n<div style=\"clear: both; display: block; margin: 10px 0;\">\n<div style=\"clear: both; width: 100%; display: block; margin: 20px 0; padding: 0; float: none; position: static; text-align: center;\"><img decoding=\"async\"  src=\"https:\/\/a.allegroimg.com\/original\/114dc4\/e4079fdc403eb23652e399715e7b\/2x-CONTINENTAL-PremiumContact-6-265-45R21-108H-XL-FR-AO-ContiSilent-Halas-zewnetrzny-73-dB\" srcset=\"https:\/\/a.allegroimg.com\/original\/114dc4\/e4079fdc403eb23652e399715e7b\/2x-CONTINENTAL-PremiumContact-6-265-45R21-108H-XL-FR-AO-ContiSilent-Halas-zewnetrzny-73-dB 360w,https:\/\/a.allegroimg.com\/original\/114dc4\/e4079fdc403eb23652e399715e7b\/2x-CONTINENTAL-PremiumContact-6-265-45R21-108H-XL-FR-AO-ContiSilent-Halas-zewnetrzny-73-dB 720w,https:\/\/a.allegroimg.com\/original\/114dc4\/e4079fdc403eb23652e399715e7b\/2x-CONTINENTAL-PremiumContact-6-265-45R21-108H-XL-FR-AO-ContiSilent-Halas-zewnetrzny-73-dB 1024w,https:\/\/a.allegroimg.com\/original\/114dc4\/e4079fdc403eb23652e399715e7b\/2x-CONTINENTAL-PremiumContact-6-265-45R21-108H-XL-FR-AO-ContiSilent-Halas-zewnetrzny-73-dB 1440w,https:\/\/a.allegroimg.com\/original\/114dc4\/e4079fdc403eb23652e399715e7b\/2x-CONTINENTAL-PremiumContact-6-265-45R21-108H-XL-FR-AO-ContiSilent-Halas-zewnetrzny-73-dB 2000w\" sizes=\"(min-width: 1200px) 560px, (min-width: 992px) 50vw, 100vw\" width=\"2000px\" alt=\"2x CONTINENTAL PremiumContact 6 265\/45R21 108H XL FR AO ContiSilent Ha\u0142as zewn\u0119trzny 73 dB\" style=\"max-width: 100%; height: auto; display: block; margin: 0 auto;\"><\/div>\n<\/div>\n<\/div>\n<\/div>\n<\/div>\n<div style=\"clear: both; display: block; margin: 10px 0;\">\n<div style=\"clear: both; display: block; margin: 10px 0;\">\n<h1>Continental<\/h1>\n<p style=\"margin: 15px 0; line-height: 1.8; clear: both; display: block; width: 100%; float: none; position: static;\">Continental AG to globalny dostawca opon, inteligentnych element\u00f3w zawieszenia i system\u00f3w bezpiecze\u0144stwa. Bior\u0105c pod uwag\u0119 produkcj\u0119 opon, koncern zajmuje pierwsz\u0105 pozycje w Niemczech, drug\u0105 w Europie i czwart\u0105 na \u015bwiecie<\/p>\n<\/div>\n<\/div>\n<\/div>\n<\/div>\n<\/div>\n<\/div>\n<div style=\"clear: both; display: block; margin: 10px 0;\">\n","protected":false},"excerpt":{"rendered":"<p>Rok produkcji: 2023<\/p>\n<p>Jeste\u015bmy ekspertami od opon i wraz z Producentem gwarantujemy, \u017ce wybieraj\u0105c model z wcze\u015bniejsz\u0105 dat\u0105 produkcji, otrzymujesz pe\u0142nowarto\u015bciowy produkt. Dbamy o Twoje bezpiecze\u0144stwo &#8211; nasze opony s\u0105 przechowywane w idealnych warunkach.<\/p>\n<p>CONTINENTAL PremiumContact 6 265\/45R21 108H XL FR AO ContiSilent<\/p>\n<p>H11J04<\/p>\n<p>additional-feature2 : Audi<\/p>\n<p>additional-feature3 : Audi AO<\/p>\n<p>Cecha dodatkowa : AO<\/p>\n<p>Data produkcji : 2023<\/p>\n","protected":false},"featured_media":17565,"template":"","meta":{"_uag_custom_page_level_css":""},"product_brand":[396],"product_cat":[414,418,413,412],"product_tag":[],"class_list":{"0":"post-17564","1":"product","2":"type-product","3":"status-publish","4":"has-post-thumbnail","6":"product_brand-continental","7":"product_cat-do-samochodow-osobowych-i-suv","8":"product_cat-letnie","9":"product_cat-opony","10":"product_cat-opony-i-felgi","12":"first","13":"instock","14":"shipping-taxable","15":"purchasable","16":"product-type-simple"},"uagb_featured_image_src":{"full":["https:\/\/oponixo.shop\/tire\/wp-content\/uploads\/2026\/01\/allegro-image-17564.jpg",1200,1126,false],"thumbnail":["https:\/\/oponixo.shop\/tire\/wp-content\/uploads\/2026\/01\/allegro-image-17564-150x150.jpg",150,150,true],"medium":["https:\/\/oponixo.shop\/tire\/wp-content\/uploads\/2026\/01\/allegro-image-17564-300x282.jpg",300,282,true],"medium_large":["https:\/\/oponixo.shop\/tire\/wp-content\/uploads\/2026\/01\/allegro-image-17564-768x721.jpg",768,721,true],"large":["https:\/\/oponixo.shop\/tire\/wp-content\/uploads\/2026\/01\/allegro-image-17564-1024x961.jpg",1024,961,true],"1536x1536":["https:\/\/oponixo.shop\/tire\/wp-content\/uploads\/2026\/01\/allegro-image-17564.jpg",1200,1126,false],"2048x2048":["https:\/\/oponixo.shop\/tire\/wp-content\/uploads\/2026\/01\/allegro-image-17564.jpg",1200,1126,false],"woocommerce_thumbnail":["https:\/\/oponixo.shop\/tire\/wp-content\/uploads\/2026\/01\/allegro-image-17564-300x300.jpg",300,300,true],"woocommerce_single":["https:\/\/oponixo.shop\/tire\/wp-content\/uploads\/2026\/01\/allegro-image-17564-600x563.jpg",600,563,true],"woocommerce_gallery_thumbnail":["https:\/\/oponixo.shop\/tire\/wp-content\/uploads\/2026\/01\/allegro-image-17564-100x100.jpg",100,100,true]},"uagb_author_info":{"display_name":"admin","author_link":"https:\/\/oponixo.shop\/tire\/author\/"},"uagb_comment_info":0,"uagb_excerpt":"Rok produkcji: 2023 Jeste\u015bmy ekspertami od opon i wraz z Producentem gwarantujemy, \u017ce wybieraj\u0105c model z wcze\u015bniejsz\u0105 dat\u0105 produkcji, otrzymujesz pe\u0142nowarto\u015bciowy produkt. Dbamy o Twoje bezpiecze\u0144stwo - nasze opony s\u0105 przechowywane w idealnych warunkach. CONTINENTAL PremiumContact 6 265\/45R21 108H XL FR AO ContiSilent H11J04 additional-feature2 : Audi additional-feature3 : Audi AO Cecha dodatkowa : AO&hellip;","_links":{"self":[{"href":"https:\/\/oponixo.shop\/tire\/wp-json\/wp\/v2\/product\/17564","targetHints":{"allow":["GET"]}}],"collection":[{"href":"https:\/\/oponixo.shop\/tire\/wp-json\/wp\/v2\/product"}],"about":[{"href":"https:\/\/oponixo.shop\/tire\/wp-json\/wp\/v2\/types\/product"}],"wp:featuredmedia":[{"embeddable":true,"href":"https:\/\/oponixo.shop\/tire\/wp-json\/wp\/v2\/media\/17565"}],"wp:attachment":[{"href":"https:\/\/oponixo.shop\/tire\/wp-json\/wp\/v2\/media?parent=17564"}],"wp:term":[{"taxonomy":"product_brand","embeddable":true,"href":"https:\/\/oponixo.shop\/tire\/wp-json\/wp\/v2\/product_brand?post=17564"},{"taxonomy":"product_cat","embeddable":true,"href":"https:\/\/oponixo.shop\/tire\/wp-json\/wp\/v2\/product_cat?post=17564"},{"taxonomy":"product_tag","embeddable":true,"href":"https:\/\/oponixo.shop\/tire\/wp-json\/wp\/v2\/product_tag?post=17564"}],"curies":[{"name":"wp","href":"https:\/\/api.w.org\/{rel}","templated":true}]}}