{"id":17550,"date":"2026-01-19T04:12:54","date_gmt":"2026-01-19T03:12:54","guid":{"rendered":"https:\/\/oponypoint.shop\/xef5\/produkt\/1x-opona-zimowa-continental-wintercontact-ts-860-s-295-35r21-107w-xl-fr\/"},"modified":"2026-01-19T04:12:54","modified_gmt":"2026-01-19T03:12:54","slug":"1x-opona-zimowa-continental-wintercontact-ts-860-s-295-35r21-107w-xl-fr","status":"publish","type":"product","link":"https:\/\/oponixo.shop\/tire\/produkt\/1x-opona-zimowa-continental-wintercontact-ts-860-s-295-35r21-107w-xl-fr\/","title":{"rendered":"1x Opona zimowa Continental WINTERCONTACT TS 860 S 295\/35R21 107W XL FR"},"content":{"rendered":"<div style=\"font-family: Arial, sans-serif; line-height: 1.6; color: #333; padding: 20px; clear: both; display: block; width: 100%; float: none; position: static; overflow: hidden;\">\n<div style=\"clear: both; display: block; margin: 10px 0;\">\n<div style=\"clear: both; display: block; margin: 10px 0;\">\n<div style=\"clear: both; display: block; margin: 10px 0;\">\n<h3 style=\"color: #2c5aa0; font-size: 18px; margin: 30px 0 15px 0; font-weight: bold; clear: both; display: block; width: 100%; float: none; position: static;\">1x Opona zimowa Continental WINTERCONTACT TS 860 S 295\/35R21 107W XL FR MGT<\/h3>\n<\/div>\n<\/div>\n<\/div>\n<div style=\"clear: both; display: block; margin: 10px 0;\">\n<div style=\"clear: both; display: block; margin: 10px 0;\">\n<div style=\"clear: both; display: block; margin: 10px 0;\">\n<div  style=\"max-width:500px;max-height:500px\">\n<div style=\"clear: both; display: block; margin: 10px 0;\">\n<div style=\"clear: both; width: 100%; display: block; margin: 20px 0; padding: 0; float: none; position: static; text-align: center;\"><img decoding=\"async\"  src=\"https:\/\/a.allegroimg.com\/original\/11ac58\/d0d45fd643839cb980384c70629d\/1x-Opona-zimowa-Continental-WINTERCONTACT-TS-860-S-295-35R21-107W-XL-FR\" srcset=\"https:\/\/a.allegroimg.com\/original\/11ac58\/d0d45fd643839cb980384c70629d\/1x-Opona-zimowa-Continental-WINTERCONTACT-TS-860-S-295-35R21-107W-XL-FR 360w,https:\/\/a.allegroimg.com\/original\/11ac58\/d0d45fd643839cb980384c70629d\/1x-Opona-zimowa-Continental-WINTERCONTACT-TS-860-S-295-35R21-107W-XL-FR 500w,https:\/\/a.allegroimg.com\/original\/11ac58\/d0d45fd643839cb980384c70629d\/1x-Opona-zimowa-Continental-WINTERCONTACT-TS-860-S-295-35R21-107W-XL-FR 500w\" sizes=\"(min-width: 1200px) 560px, (min-width: 992px) 50vw, 100vw\" width=\"500px\" alt=\"1x Opona zimowa Continental WINTERCONTACT TS 860 S 295\/35R21 107W XL FR\" style=\"max-width: 100%; height: auto; display: block; margin: 0 auto;\"><\/div>\n<\/div>\n<\/div>\n<\/div>\n<\/div>\n<div style=\"clear: both; display: block; margin: 10px 0;\">\n<div style=\"clear: both; display: block; margin: 10px 0;\">\n<ul style=\"margin: 15px 0; padding-left: 20px; clear: both; display: block; width: 100%; float: none; position: static;\">\n<li style=\"margin: 5px 0; padding: 2px 0; clear: both; display: list-item; float: none; position: static;\">Marka: <b>Continental<\/b><\/li>\n<li style=\"margin: 5px 0; padding: 2px 0; clear: both; display: list-item; float: none; position: static;\">Liczba opon w ofercie: <b>1 szt.<\/b><\/li>\n<li style=\"margin: 5px 0; padding: 2px 0; clear: both; display: list-item; float: none; position: static;\">Sezon: <b>Zimowe<\/b><\/li>\n<li style=\"margin: 5px 0; padding: 2px 0; clear: both; display: list-item; float: none; position: static;\">Model: <b>WinterContact TS 860 S<\/b><\/li>\n<li style=\"margin: 5px 0; padding: 2px 0; clear: both; display: list-item; float: none; position: static;\">Szeroko\u015b\u0107: <b>295<\/b><\/li>\n<li style=\"margin: 5px 0; padding: 2px 0; clear: both; display: list-item; float: none; position: static;\">Profil: <b>35<\/b><\/li>\n<li style=\"margin: 5px 0; padding: 2px 0; clear: both; display: list-item; float: none; position: static;\">\u015arednica: <b>21<\/b><\/li>\n<li style=\"margin: 5px 0; padding: 2px 0; clear: both; display: list-item; float: none; position: static;\">Index no\u015bno\u015bci: <b>107<\/b><\/li>\n<li style=\"margin: 5px 0; padding: 2px 0; clear: both; display: list-item; float: none; position: static;\">Index pr\u0119dko\u015bci: <b>W<\/b><\/li>\n<li style=\"margin: 5px 0; padding: 2px 0; clear: both; display: list-item; float: none; position: static;\">Hamowanie na mokrym: <b>B<\/b><\/li>\n<li style=\"margin: 5px 0; padding: 2px 0; clear: both; display: list-item; float: none; position: static;\">Op\u00f3r toczenia: <b>C<\/b><\/li>\n<li style=\"margin: 5px 0; padding: 2px 0; clear: both; display: list-item; float: none; position: static;\">Ha\u0142as zewn\u0119trzny: <b>75dB<\/b><\/li>\n<li style=\"margin: 5px 0; padding: 2px 0; clear: both; display: list-item; float: none; position: static;\">SAP: <b>03552770000<\/b><\/li>\n<li style=\"margin: 5px 0; padding: 2px 0; clear: both; display: list-item; float: none; position: static;\">EAN: <b>4019238013085<\/b><\/li>\n<\/ul>\n<\/div>\n<\/div>\n<\/div>\n<div style=\"clear: both; display: block; margin: 10px 0;\">\n<div style=\"clear: both; display: block; margin: 10px 0;\">\n<div style=\"clear: both; display: block; margin: 10px 0;\">\n<h3 style=\"color: #2c5aa0; font-size: 18px; margin: 30px 0 15px 0; font-weight: bold; clear: both; display: block; width: 100%; float: none; position: static;\">Rok produkcji (DOT): 2025\/2024 &#8211; kupuj\u0105c z tej oferty otrzymasz opony fabrycznie nowe.<\/h3>\n<p style=\"margin: 15px 0; line-height: 1.8; clear: both; display: block; width: 100%; float: none; position: static;\">Specjali\u015bci z Polskiego Zwi\u0105zku Przemys\u0142u Oponiarskiego (PZPO) podkre\u015blaj\u0105, \u017ce nowe opony, przechowywane w odpowiednich warunkach, zachowuj\u0105 pe\u0142n\u0105 warto\u015b\u0107 i nie r\u00f3\u017cni\u0105 si\u0119 jako\u015bciowo od tych pochodz\u0105cych z bie\u017c\u0105cej produkcji. Wynika to z faktu, \u017ce proces starzenia si\u0119 opon nast\u0119puje wy\u0142\u0105cznie podczas ich eksploatacji, a nie w trakcie przechowywania.<\/p>\n<\/div>\n<\/div>\n<\/div>\n<div style=\"clear: both; display: block; margin: 10px 0;\">\n<div style=\"clear: both; display: block; margin: 10px 0;\">\n<div style=\"clear: both; display: block; margin: 10px 0;\">\n<h3 style=\"color: #2c5aa0; font-size: 18px; margin: 30px 0 15px 0; font-weight: bold; clear: both; display: block; width: 100%; float: none; position: static;\">Rok produkcji opony znajdziesz na jej boku, przy oznaczeniu DOT. Cztery ostatnie cyfry m\u00f3wi\u0105, kiedy opona zosta\u0142a wyprodukowana:<\/h3>\n<ul style=\"margin: 15px 0; padding-left: 20px; clear: both; display: block; width: 100%; float: none; position: static;\">\n<li style=\"margin: 5px 0; padding: 2px 0; clear: both; display: list-item; float: none; position: static;\">Pierwsze dwie \u2013 tydzie\u0144 produkcji,<\/li>\n<li style=\"margin: 5px 0; padding: 2px 0; clear: both; display: list-item; float: none; position: static;\">Ostatnie dwie \u2013 rok produkcji.&nbsp;<\/li>\n<\/ul>\n<p style=\"margin: 15px 0; line-height: 1.8; clear: both; display: block; width: 100%; float: none; position: static;\">Przyk\u0142ad: 1924 oznacza, \u017ce opona zosta\u0142a wyprodukowana w 19 tygodniu 2024 roku.<\/p>\n<\/div>\n<\/div>\n<\/div>\n<div style=\"clear: both; display: block; margin: 10px 0;\">\n<div style=\"clear: both; display: block; margin: 10px 0;\">\n<div style=\"clear: both; display: block; margin: 10px 0;\">\n<h3 style=\"color: #2c5aa0; font-size: 18px; margin: 30px 0 15px 0; font-weight: bold; clear: both; display: block; width: 100%; float: none; position: static;\">Pewne prowadzenie w zimowych warunkach.<\/h3>\n<ul style=\"margin: 15px 0; padding-left: 20px; clear: both; display: block; width: 100%; float: none; position: static;\">\n<li style=\"margin: 5px 0; padding: 2px 0; clear: both; display: list-item; float: none; position: static;\">Opona CONTINENTAL WINTERCONTACT TS 860 S zosta\u0142a zaprojektowana z my\u015bl\u0105 o sportowych osi\u0105gach w zimowych warunkach. Oferuje maksymaln\u0105 przyczepno\u015b\u0107 na \u015bniegu, kr\u00f3tk\u0105 drog\u0119 hamowania i precyzyjn\u0105 kontrol\u0119 w zakr\u0119tach,<\/li>\n<li style=\"margin: 5px 0; padding: 2px 0; clear: both; display: list-item; float: none; position: static;\">Szerokie i masywne bloki na barkach opony zwi\u0119kszaj\u0105 powierzchni\u0119 kontaktu z drog\u0105, co przek\u0142ada si\u0119 na wi\u0119ksz\u0105 precyzj\u0119 prowadzenia w zakr\u0119tach. To rozwi\u0105zanie pozwala kierowcy na pe\u0142n\u0105 kontrol\u0119 pojazdu.<\/li>\n<li style=\"margin: 5px 0; padding: 2px 0; clear: both; display: list-item; float: none; position: static;\">Model \u0142\u0105czy w sobie asymetryczny bie\u017cnik oraz zaawansowan\u0105 technologi\u0119 niemieck\u0105, co gwarantuje doskona\u0142e osi\u0105gi i wysoki poziom bezpiecze\u0144stwa.<\/li>\n<\/ul>\n<p style=\"margin: 15px 0; line-height: 1.8; clear: both; display: block; width: 100%; float: none; position: static;\"><b>Niezr\u00f3wnana kontrola na \u015bniegu.<\/b>Opona CONTINENTAL WINTERCONTACT TS 860 S zosta\u0142a zaprojektowana z my\u015bl\u0105 o trudnych zimowych warunkach. Precyzyjnie opracowane lamele i rowki pozwalaj\u0105 oponie na &#8222;wczepienie si\u0119&#8221; w \u015bnieg, co znacz\u0105co poprawia przyczepno\u015b\u0107. Efekt? Stabilne trzymanie nawierzchni i wy\u017cszy komfort prowadzenia, nawet w wymagaj\u0105cych warunkach zimowych.<b>Sportowa dynamika.<\/b>Dzi\u0119ki sztywnym blokom \u017cebra, kt\u00f3re s\u0105 rozdzielone cienkimi rowkami, CONTINENTAL WINTERCONTACT TS 860 S zachowuje stabilno\u015b\u0107 nawet podczas dynamicznej jazdy. Ta struktura bie\u017cnika pozwala na kr\u00f3tsz\u0105 drog\u0119 hamowania, a twarda konstrukcja \u017cebra nie deformuje si\u0119 nawet przy wy\u017cszych pr\u0119dko\u015bciach, zapewniaj\u0105c pe\u0142n\u0105 kontrol\u0119 i bezpiecze\u0144stwo podczas gwa\u0142townego hamowania.<\/p>\n<\/div>\n<\/div>\n<\/div>\n<\/div>\n<\/div>\n<\/div>\n<div style=\"clear: both; display: block; margin: 10px 0;\">\n","protected":false},"excerpt":{"rendered":"<p>1x Opona zimowa Continental WINTERCONTACT TS 860 S 295\/35R21 107W XL FR MGT<\/p>\n<p>Marka: Continental<\/p>\n<p>Liczba opon w ofercie: 1 szt.<\/p>\n<p>Sezon: Zimowe<\/p>\n<p>Model: WinterContact TS 860 S<\/p>\n<p>Szeroko\u015b\u0107: 295<\/p>\n<p>Profil: 35<\/p>\n<p>\u015arednica: 21<\/p>\n","protected":false},"featured_media":17551,"template":"","meta":{"_uag_custom_page_level_css":""},"product_brand":[396],"product_cat":[414,413,412,415],"product_tag":[],"class_list":{"0":"post-17550","1":"product","2":"type-product","3":"status-publish","4":"has-post-thumbnail","6":"product_brand-continental","7":"product_cat-do-samochodow-osobowych-i-suv","8":"product_cat-opony","9":"product_cat-opony-i-felgi","10":"product_cat-zimowe","12":"first","13":"instock","14":"shipping-taxable","15":"purchasable","16":"product-type-simple"},"uagb_featured_image_src":{"full":["https:\/\/oponixo.shop\/tire\/wp-content\/uploads\/2026\/01\/allegro-image-17550.jpg",500,500,false],"thumbnail":["https:\/\/oponixo.shop\/tire\/wp-content\/uploads\/2026\/01\/allegro-image-17550-150x150.jpg",150,150,true],"medium":["https:\/\/oponixo.shop\/tire\/wp-content\/uploads\/2026\/01\/allegro-image-17550-300x300.jpg",300,300,true],"medium_large":["https:\/\/oponixo.shop\/tire\/wp-content\/uploads\/2026\/01\/allegro-image-17550.jpg",500,500,false],"large":["https:\/\/oponixo.shop\/tire\/wp-content\/uploads\/2026\/01\/allegro-image-17550.jpg",500,500,false],"1536x1536":["https:\/\/oponixo.shop\/tire\/wp-content\/uploads\/2026\/01\/allegro-image-17550.jpg",500,500,false],"2048x2048":["https:\/\/oponixo.shop\/tire\/wp-content\/uploads\/2026\/01\/allegro-image-17550.jpg",500,500,false],"woocommerce_thumbnail":["https:\/\/oponixo.shop\/tire\/wp-content\/uploads\/2026\/01\/allegro-image-17550-300x300.jpg",300,300,true],"woocommerce_single":["https:\/\/oponixo.shop\/tire\/wp-content\/uploads\/2026\/01\/allegro-image-17550.jpg",500,500,false],"woocommerce_gallery_thumbnail":["https:\/\/oponixo.shop\/tire\/wp-content\/uploads\/2026\/01\/allegro-image-17550-100x100.jpg",100,100,true]},"uagb_author_info":{"display_name":"admin","author_link":"https:\/\/oponixo.shop\/tire\/author\/"},"uagb_comment_info":0,"uagb_excerpt":"1x Opona zimowa Continental WINTERCONTACT TS 860 S 295\/35R21 107W XL FR MGT Marka: Continental Liczba opon w ofercie: 1 szt. Sezon: Zimowe Model: WinterContact TS 860 S Szeroko\u015b\u0107: 295 Profil: 35 \u015arednica: 21","_links":{"self":[{"href":"https:\/\/oponixo.shop\/tire\/wp-json\/wp\/v2\/product\/17550","targetHints":{"allow":["GET"]}}],"collection":[{"href":"https:\/\/oponixo.shop\/tire\/wp-json\/wp\/v2\/product"}],"about":[{"href":"https:\/\/oponixo.shop\/tire\/wp-json\/wp\/v2\/types\/product"}],"wp:featuredmedia":[{"embeddable":true,"href":"https:\/\/oponixo.shop\/tire\/wp-json\/wp\/v2\/media\/17551"}],"wp:attachment":[{"href":"https:\/\/oponixo.shop\/tire\/wp-json\/wp\/v2\/media?parent=17550"}],"wp:term":[{"taxonomy":"product_brand","embeddable":true,"href":"https:\/\/oponixo.shop\/tire\/wp-json\/wp\/v2\/product_brand?post=17550"},{"taxonomy":"product_cat","embeddable":true,"href":"https:\/\/oponixo.shop\/tire\/wp-json\/wp\/v2\/product_cat?post=17550"},{"taxonomy":"product_tag","embeddable":true,"href":"https:\/\/oponixo.shop\/tire\/wp-json\/wp\/v2\/product_tag?post=17550"}],"curies":[{"name":"wp","href":"https:\/\/api.w.org\/{rel}","templated":true}]}}