{"id":17538,"date":"2026-01-19T04:12:51","date_gmt":"2026-01-19T03:12:51","guid":{"rendered":"https:\/\/oponypoint.shop\/xef5\/produkt\/2x-general-tire-grabber-gt-plus-275-45r22-115-w\/"},"modified":"2026-01-19T04:12:51","modified_gmt":"2026-01-19T03:12:51","slug":"2x-general-tire-grabber-gt-plus-275-45r22-115-w","status":"publish","type":"product","link":"https:\/\/oponixo.shop\/tire\/produkt\/2x-general-tire-grabber-gt-plus-275-45r22-115-w\/","title":{"rendered":"2x GENERAL TIRE GRABBER GT PLUS 275\/45R22 115 W"},"content":{"rendered":"<div style=\"font-family: Arial, sans-serif; line-height: 1.6; color: #333; padding: 20px; clear: both; display: block; width: 100%; float: none; position: static; overflow: hidden;\">\n<div style=\"clear: both; display: block; margin: 10px 0;\">\n<div style=\"clear: both; display: block; margin: 10px 0;\">\n<div style=\"clear: both; display: block; margin: 10px 0;\">\n<h2>2x GENERAL TIRE GRABBER GT PLUS 275\/45R22 115 W<\/h2>\n<\/div>\n<\/div>\n<\/div>\n<div style=\"clear: both; display: block; margin: 10px 0;\">\n<div style=\"clear: both; display: block; margin: 10px 0;\">\n<div style=\"clear: both; display: block; margin: 10px 0;\">\n<div  style=\"max-width:920px;max-height:1120px\">\n<div style=\"clear: both; display: block; margin: 10px 0;\">\n<div style=\"clear: both; width: 100%; display: block; margin: 20px 0; padding: 0; float: none; position: static; text-align: center;\"><img decoding=\"async\"  src=\"https:\/\/a.allegroimg.com\/original\/115792\/7a37a74f4cc8a6ff980c8c96fd20\/2x-GENERAL-TIRE-GRABBER-GT-PLUS-275-45R22-115-W\" srcset=\"https:\/\/a.allegroimg.com\/original\/115792\/7a37a74f4cc8a6ff980c8c96fd20\/2x-GENERAL-TIRE-GRABBER-GT-PLUS-275-45R22-115-W 295w,https:\/\/a.allegroimg.com\/original\/115792\/7a37a74f4cc8a6ff980c8c96fd20\/2x-GENERAL-TIRE-GRABBER-GT-PLUS-275-45R22-115-W 591w,https:\/\/a.allegroimg.com\/original\/115792\/7a37a74f4cc8a6ff980c8c96fd20\/2x-GENERAL-TIRE-GRABBER-GT-PLUS-275-45R22-115-W 841w,https:\/\/a.allegroimg.com\/original\/115792\/7a37a74f4cc8a6ff980c8c96fd20\/2x-GENERAL-TIRE-GRABBER-GT-PLUS-275-45R22-115-W 920w,https:\/\/a.allegroimg.com\/original\/115792\/7a37a74f4cc8a6ff980c8c96fd20\/2x-GENERAL-TIRE-GRABBER-GT-PLUS-275-45R22-115-W 920w\" sizes=\"(min-width: 1200px) 560px, (min-width: 992px) 50vw, 100vw\" width=\"920px\" alt=\"2x GENERAL TIRE GRABBER GT PLUS 275\/45R22 115 W\" style=\"max-width: 100%; height: auto; display: block; margin: 0 auto;\"><\/div>\n<\/div>\n<\/div>\n<\/div>\n<\/div>\n<div style=\"clear: both; display: block; margin: 10px 0;\">\n<div style=\"clear: both; display: block; margin: 10px 0;\">\n<h2>Letnie opony GENERAL TIRE GRABBER GT PLUS 275\/45 R22 115 W<\/h2>\n<p style=\"margin: 15px 0; line-height: 1.8; clear: both; display: block; width: 100%; float: none; position: static;\">Opony GENERAL TIRE GRABBER GT PLUS to znacz\u0105cy model w portfolio producenta.&nbsp;<\/p>\n<p style=\"margin: 15px 0; line-height: 1.8; clear: both; display: block; width: 100%; float: none; position: static;\">Charakteryzyzuje si\u0119 optymalnym oporem toczenia. Opony klasy ekonomicznej maj\u0105 \u015bwietny stosunek jako\u015bci do ceny.<\/p>\n<ul style=\"margin: 15px 0; padding-left: 20px; clear: both; display: block; width: 100%; float: none; position: static;\">\n<li style=\"margin: 5px 0; padding: 2px 0; clear: both; display: list-item; float: none; position: static;\"><b>Stan:<\/b>&nbsp;Nowy<\/li>\n<li style=\"margin: 5px 0; padding: 2px 0; clear: both; display: list-item; float: none; position: static;\"><b>EAN:<\/b>&nbsp;4032344012520<\/li>\n<li style=\"margin: 5px 0; padding: 2px 0; clear: both; display: list-item; float: none; position: static;\"><b>Producent:<\/b> GENERAL TIRE<\/li>\n<li style=\"margin: 5px 0; padding: 2px 0; clear: both; display: list-item; float: none; position: static;\"><b>Model:<\/b> GRABBER GT PLUS<\/li>\n<li style=\"margin: 5px 0; padding: 2px 0; clear: both; display: list-item; float: none; position: static;\"><b>Rozmiar:<\/b> 275\/45 R22<\/li>\n<li style=\"margin: 5px 0; padding: 2px 0; clear: both; display: list-item; float: none; position: static;\"><b>Indeks no\u015bno\u015bci:<\/b> 115<\/li>\n<li style=\"margin: 5px 0; padding: 2px 0; clear: both; display: list-item; float: none; position: static;\"><b>Indeks pr\u0119dko\u015bci:<\/b> W<\/li>\n<li style=\"margin: 5px 0; padding: 2px 0; clear: both; display: list-item; float: none; position: static;\"><b>Ha\u0142as db:<\/b>&nbsp;73<\/li>\n<li style=\"margin: 5px 0; padding: 2px 0; clear: both; display: list-item; float: none; position: static;\"><b>Sezon:<\/b> Letnie<\/li>\n<li style=\"margin: 5px 0; padding: 2px 0; clear: both; display: list-item; float: none; position: static;\"><b>Rok produkcji:<\/b> nie starsze ni\u017c 36 miesi\u0119cy<\/li>\n<li style=\"margin: 5px 0; padding: 2px 0; clear: both; display: list-item; float: none; position: static;\"><b>Przeznaczenie:<\/b> SUV\/4&#215;4<\/li>\n<li style=\"margin: 5px 0; padding: 2px 0; clear: both; display: list-item; float: none; position: static;\"><b>Kl. przycz. na mokrej naw.:<\/b>&nbsp;A<\/li>\n<li style=\"margin: 5px 0; padding: 2px 0; clear: both; display: list-item; float: none; position: static;\"><b>Kl. efekt. paliwowej:&nbsp;<\/b>C<\/li>\n<\/ul>\n<\/div>\n<\/div>\n<\/div>\n<div style=\"clear: both; display: block; margin: 10px 0;\">\n<div style=\"clear: both; display: block; margin: 10px 0;\">\n<div style=\"clear: both; display: block; margin: 10px 0;\">\n<div  style=\"max-width:2560px;max-height:340px\">\n<div style=\"clear: both; display: block; margin: 10px 0;\">\n<div style=\"clear: both; width: 100%; display: block; margin: 20px 0; padding: 0; float: none; position: static; text-align: center;\"><img decoding=\"async\"  src=\"https:\/\/a.allegroimg.com\/original\/1181fb\/4a0247a54cf9bc2e334abfad3d5d\/2x-GENERAL-TIRE-GRABBER-GT-PLUS-275-45R22-115-W-Liczba-opon-w-ofercie-2-szt\" srcset=\"https:\/\/a.allegroimg.com\/original\/1181fb\/4a0247a54cf9bc2e334abfad3d5d\/2x-GENERAL-TIRE-GRABBER-GT-PLUS-275-45R22-115-W-Liczba-opon-w-ofercie-2-szt 360w,https:\/\/a.allegroimg.com\/original\/1181fb\/4a0247a54cf9bc2e334abfad3d5d\/2x-GENERAL-TIRE-GRABBER-GT-PLUS-275-45R22-115-W-Liczba-opon-w-ofercie-2-szt 720w,https:\/\/a.allegroimg.com\/original\/1181fb\/4a0247a54cf9bc2e334abfad3d5d\/2x-GENERAL-TIRE-GRABBER-GT-PLUS-275-45R22-115-W-Liczba-opon-w-ofercie-2-szt 1024w,https:\/\/a.allegroimg.com\/original\/1181fb\/4a0247a54cf9bc2e334abfad3d5d\/2x-GENERAL-TIRE-GRABBER-GT-PLUS-275-45R22-115-W-Liczba-opon-w-ofercie-2-szt 1440w,https:\/\/a.allegroimg.com\/original\/1181fb\/4a0247a54cf9bc2e334abfad3d5d\/2x-GENERAL-TIRE-GRABBER-GT-PLUS-275-45R22-115-W-Liczba-opon-w-ofercie-2-szt 2560w\" sizes=\"100vw\" width=\"2560px\" alt=\"2x GENERAL TIRE GRABBER GT PLUS 275\/45R22 115 W Liczba opon w ofercie 2 szt.\" style=\"max-width: 100%; height: auto; display: block; margin: 0 auto;\"><\/div>\n<\/div>\n<\/div>\n<\/div>\n<\/div>\n<\/div>\n<div style=\"clear: both; display: block; margin: 10px 0;\">\n<div style=\"clear: both; display: block; margin: 10px 0;\">\n<div style=\"clear: both; display: block; margin: 10px 0;\">\n<p style=\"margin: 15px 0; line-height: 1.8; clear: both; display: block; width: 100%; float: none; position: static;\">Marka opon GENERAL to ceniony producent opon samochodowych, kt\u00f3ry ma d\u0142ug\u0105 histori\u0119 dostarczania wysokiej jako\u015bci produkt\u00f3w. Firma oferuje r\u00f3\u017cnorodne rodzaje opon, w tym letnie, zimowe i ca\u0142oroczne, dostosowane do r\u00f3\u017cnych rodzaj\u00f3w pojazd\u00f3w.<\/p>\n<p style=\"margin: 15px 0; line-height: 1.8; clear: both; display: block; width: 100%; float: none; position: static;\">Opony GENERAL wyr\u00f3\u017cniaj\u0105 si\u0119 trwa\u0142o\u015bci\u0105, przyczepno\u015bci\u0105 i osi\u0105gami na drodze, co przek\u0142ada si\u0119 na bezpieczn\u0105 i komfortow\u0105 jazd\u0119. Firma ta anga\u017cuje si\u0119 w badania i rozw\u00f3j, wprowadzaj\u0105c innowacje technologiczne, kt\u00f3re poprawiaj\u0105 wydajno\u015b\u0107 i osi\u0105gi opon.<\/p>\n<p style=\"margin: 15px 0; line-height: 1.8; clear: both; display: block; width: 100%; float: none; position: static;\">GENERAL to marka, kt\u00f3ra zdoby\u0142a uznanie klient\u00f3w jako dostawca opon samochodowych o solidnej jako\u015bci i renomie na rynku.<\/p>\n<\/div>\n<\/div>\n<\/div>\n<div style=\"clear: both; display: block; margin: 10px 0;\">\n<div style=\"clear: both; display: block; margin: 10px 0;\">\n<div style=\"clear: both; display: block; margin: 10px 0;\">\n<div  style=\"max-width:1200px;max-height:1758px\">\n<div style=\"clear: both; display: block; margin: 10px 0;\">\n<div style=\"clear: both; width: 100%; display: block; margin: 20px 0; padding: 0; float: none; position: static; text-align: center;\"><img decoding=\"async\"  src=\"https:\/\/a.allegroimg.com\/original\/11b00b\/43b2740046b1bc4c3ed488575ae4\/2x-GENERAL-TIRE-GRABBER-GT-PLUS-275-45R22-115-W-Marka-General\" srcset=\"https:\/\/a.allegroimg.com\/original\/11b00b\/43b2740046b1bc4c3ed488575ae4\/2x-GENERAL-TIRE-GRABBER-GT-PLUS-275-45R22-115-W-Marka-General 245w,https:\/\/a.allegroimg.com\/original\/11b00b\/43b2740046b1bc4c3ed488575ae4\/2x-GENERAL-TIRE-GRABBER-GT-PLUS-275-45R22-115-W-Marka-General 491w,https:\/\/a.allegroimg.com\/original\/11b00b\/43b2740046b1bc4c3ed488575ae4\/2x-GENERAL-TIRE-GRABBER-GT-PLUS-275-45R22-115-W-Marka-General 698w,https:\/\/a.allegroimg.com\/original\/11b00b\/43b2740046b1bc4c3ed488575ae4\/2x-GENERAL-TIRE-GRABBER-GT-PLUS-275-45R22-115-W-Marka-General 982w,https:\/\/a.allegroimg.com\/original\/11b00b\/43b2740046b1bc4c3ed488575ae4\/2x-GENERAL-TIRE-GRABBER-GT-PLUS-275-45R22-115-W-Marka-General 1200w\" sizes=\"(min-width: 1200px) 560px, (min-width: 992px) 50vw, 100vw\" width=\"1200px\" alt=\"2x GENERAL TIRE GRABBER GT PLUS 275\/45R22 115 W Marka General\" style=\"max-width: 100%; height: auto; display: block; margin: 0 auto;\"><\/div>\n<\/div>\n<\/div>\n<\/div>\n<\/div>\n<div style=\"clear: both; display: block; margin: 10px 0;\">\n<div style=\"clear: both; display: block; margin: 10px 0;\">\n<p style=\"margin: 15px 0; line-height: 1.8; clear: both; display: block; width: 100%; float: none; position: static;\">Dlaczego warto kupowa\u0107 u Nas ?<\/p>\n<p style=\"margin: 15px 0; line-height: 1.8; clear: both; display: block; width: 100%; float: none; position: static;\">Jeste\u015bmy firm\u0105, kt\u00f3ra na podstawie wieloletniego do\u015bwiadczenia z zaanga\u017cowaniem pomaga klientom w doborze oraz kupnie opon.<\/p>\n<p style=\"margin: 15px 0; line-height: 1.8; clear: both; display: block; width: 100%; float: none; position: static;\">Posiadamy szerok\u0105 game opon do aut osobowych, dostawczych, cie\u017carowych, motocyki jak i opon przemys\u0142owych.<\/p>\n<p style=\"margin: 15px 0; line-height: 1.8; clear: both; display: block; width: 100%; float: none; position: static;\">Gwarancja satysfakcjii oraz bezpiecznie przejechanych kilometr\u00f3w.<\/p>\n<p style=\"margin: 15px 0; line-height: 1.8; clear: both; display: block; width: 100%; float: none; position: static;\">Zosta\u0144 naszym kolejnym zadowolonym klientem.<\/p>\n<p style=\"margin: 15px 0; line-height: 1.8; clear: both; display: block; width: 100%; float: none; position: static;\">ZAPRASZAMY DO ZAKUP\u00d3W.<\/p>\n<\/div>\n<\/div>\n<\/div>\n<\/div>\n<\/div>\n<\/div>\n<div style=\"clear: both; display: block; margin: 10px 0;\">\n","protected":false},"excerpt":{"rendered":"<p>2x GENERAL TIRE GRABBER GT PLUS 275\/45R22 115 W<\/p>\n<p>Letnie opony GENERAL TIRE GRABBER GT PLUS 275\/45 R22 115 W<\/p>\n<p>Opony GENERAL TIRE GRABBER GT PLUS to znacz\u0105cy model w portfolio producenta.&nbsp;<\/p>\n<p>Charakteryzyzuje si\u0119 optymalnym oporem toczenia. Opony klasy ekonomicznej maj\u0105 \u015bwietny stosunek jako\u015bci do ceny.<\/p>\n<p>Stan:&nbsp;Nowy<\/p>\n<p>EAN:&nbsp;4032344012520<\/p>\n<p>Producent: GENERAL TIRE<\/p>\n<p>Model: GRABBER GT PLUS<\/p>\n","protected":false},"featured_media":17539,"template":"","meta":{"_uag_custom_page_level_css":""},"product_brand":[481],"product_cat":[428,418,413,412],"product_tag":[],"class_list":{"0":"post-17538","1":"product","2":"type-product","3":"status-publish","4":"has-post-thumbnail","6":"product_brand-general","7":"product_cat-do-samochodow-terenowych-i-4x4","8":"product_cat-letnie","9":"product_cat-opony","10":"product_cat-opony-i-felgi","12":"first","13":"instock","14":"shipping-taxable","15":"purchasable","16":"product-type-simple"},"uagb_featured_image_src":{"full":["https:\/\/oponixo.shop\/tire\/wp-content\/uploads\/2026\/01\/allegro-image-17538.jpg",920,1120,false],"thumbnail":["https:\/\/oponixo.shop\/tire\/wp-content\/uploads\/2026\/01\/allegro-image-17538-150x150.jpg",150,150,true],"medium":["https:\/\/oponixo.shop\/tire\/wp-content\/uploads\/2026\/01\/allegro-image-17538-246x300.jpg",246,300,true],"medium_large":["https:\/\/oponixo.shop\/tire\/wp-content\/uploads\/2026\/01\/allegro-image-17538-768x935.jpg",768,935,true],"large":["https:\/\/oponixo.shop\/tire\/wp-content\/uploads\/2026\/01\/allegro-image-17538-841x1024.jpg",841,1024,true],"1536x1536":["https:\/\/oponixo.shop\/tire\/wp-content\/uploads\/2026\/01\/allegro-image-17538.jpg",920,1120,false],"2048x2048":["https:\/\/oponixo.shop\/tire\/wp-content\/uploads\/2026\/01\/allegro-image-17538.jpg",920,1120,false],"woocommerce_thumbnail":["https:\/\/oponixo.shop\/tire\/wp-content\/uploads\/2026\/01\/allegro-image-17538-300x300.jpg",300,300,true],"woocommerce_single":["https:\/\/oponixo.shop\/tire\/wp-content\/uploads\/2026\/01\/allegro-image-17538-600x730.jpg",600,730,true],"woocommerce_gallery_thumbnail":["https:\/\/oponixo.shop\/tire\/wp-content\/uploads\/2026\/01\/allegro-image-17538-100x100.jpg",100,100,true]},"uagb_author_info":{"display_name":"admin","author_link":"https:\/\/oponixo.shop\/tire\/author\/"},"uagb_comment_info":0,"uagb_excerpt":"2x GENERAL TIRE GRABBER GT PLUS 275\/45R22 115 W Letnie opony GENERAL TIRE GRABBER GT PLUS 275\/45 R22 115 W Opony GENERAL TIRE GRABBER GT PLUS to znacz\u0105cy model w portfolio producenta.&nbsp; Charakteryzyzuje si\u0119 optymalnym oporem toczenia. Opony klasy ekonomicznej maj\u0105 \u015bwietny stosunek jako\u015bci do ceny. Stan:&nbsp;Nowy EAN:&nbsp;4032344012520 Producent: GENERAL TIRE Model: GRABBER GT PLUS","_links":{"self":[{"href":"https:\/\/oponixo.shop\/tire\/wp-json\/wp\/v2\/product\/17538","targetHints":{"allow":["GET"]}}],"collection":[{"href":"https:\/\/oponixo.shop\/tire\/wp-json\/wp\/v2\/product"}],"about":[{"href":"https:\/\/oponixo.shop\/tire\/wp-json\/wp\/v2\/types\/product"}],"wp:featuredmedia":[{"embeddable":true,"href":"https:\/\/oponixo.shop\/tire\/wp-json\/wp\/v2\/media\/17539"}],"wp:attachment":[{"href":"https:\/\/oponixo.shop\/tire\/wp-json\/wp\/v2\/media?parent=17538"}],"wp:term":[{"taxonomy":"product_brand","embeddable":true,"href":"https:\/\/oponixo.shop\/tire\/wp-json\/wp\/v2\/product_brand?post=17538"},{"taxonomy":"product_cat","embeddable":true,"href":"https:\/\/oponixo.shop\/tire\/wp-json\/wp\/v2\/product_cat?post=17538"},{"taxonomy":"product_tag","embeddable":true,"href":"https:\/\/oponixo.shop\/tire\/wp-json\/wp\/v2\/product_tag?post=17538"}],"curies":[{"name":"wp","href":"https:\/\/api.w.org\/{rel}","templated":true}]}}