{"id":17354,"date":"2026-01-18T02:51:20","date_gmt":"2026-01-18T01:51:20","guid":{"rendered":"https:\/\/oponyonline.shop\/xef5\/produkt\/2x-michelin-pilot-alpin-5-suv-mo1-285-45r22-114v-x\/"},"modified":"2026-01-18T02:51:21","modified_gmt":"2026-01-18T01:51:21","slug":"2x-michelin-pilot-alpin-5-suv-mo1-285-45r22-114v-x","status":"publish","type":"product","link":"https:\/\/oponexa.shop\/tire\/produkt\/2x-michelin-pilot-alpin-5-suv-mo1-285-45r22-114v-x\/","title":{"rendered":"2x Michelin Pilot Alpin 5 SUV MO1 285\/45R22 114V X"},"content":{"rendered":"<div style=\"font-family: Arial, sans-serif; line-height: 1.6; color: #333; padding: 20px; clear: both; display: block; width: 100%; float: none; position: static; overflow: hidden;\">\n<div style=\"clear: both; display: block; margin: 10px 0;\">\n<div style=\"clear: both; display: block; margin: 10px 0;\">\n<div style=\"clear: both; display: block; margin: 10px 0;\">\n<h1>Michelin Pilot Alpin 5 SUV MO1 <\/h1>\n<h1>285\/45 R22 114V do 240 km\/h<\/h1>\n<h2>Kod produktu: 3528706637124<\/h2>\n<h2>MO1 &#8211; opony z homologacj\u0105 do aut MERCEDES<\/h2>\n<p style=\"margin: 15px 0; line-height: 1.8; clear: both; display: block; width: 100%; float: none; position: static;\">Opony zimowe Michelin Pilot Alpin 5 to produkty klasy premium doskonale sprawdzaj\u0105ce si\u0119 w zmiennych, zimowych warunkach. Zosta\u0142y stworzone dla wymagaj\u0105cych kierowc\u00f3w, kt\u00f3rzy ceni\u0105 sobie komfort i bezpiecze\u0144stwo podczas jazdy, tak\u017ce dynamicznej. Kierunkowa rze\u017aba bie\u017cnika zapewnia szybkie usuwanie wody i \u015bniegu spod opony, dzi\u0119ki czemu ryzyko po\u015blizgu i utraty stabilno\u015bci jest zminimalizowane. Model ten cechuje si\u0119 du\u017c\u0105 przyczepno\u015bci\u0105 i precyzj\u0105 prowadzenia. Jego nowoczesna mieszanka gumowa gwarantuje trwa\u0142o\u015b\u0107, r\u00f3wnomierne zu\u017cycie i odporno\u015b\u0107 na niskie temperatury<\/p>\n<h2>Zakupione na tej aukcji opony mo\u017cesz odebra\u0107 i wymieni\u0107 w jednym z naszych serwis\u00f3w: MOTOHURT MARKI &#8211; MOTOHURT WOLA &#8211; MOTOHURT MOKOT\u00d3W<\/h2>\n<\/div>\n<\/div>\n<div style=\"clear: both; display: block; margin: 10px 0;\">\n<div style=\"clear: both; display: block; margin: 10px 0;\">\n<div  style=\"max-width:750px;max-height:1024px\">\n<div style=\"clear: both; display: block; margin: 10px 0;\">\n<div style=\"clear: both; width: 100%; display: block; margin: 20px 0; padding: 0; float: none; position: static; text-align: center;\"><img decoding=\"async\"  src=\"https:\/\/a.allegroimg.com\/original\/11776e\/71bd18ae468c9a5105b6b34f5201\/2x-Michelin-Pilot-Alpin-5-SUV-MO1-285-45R22-114V-X\" srcset=\"https:\/\/a.allegroimg.com\/original\/11776e\/71bd18ae468c9a5105b6b34f5201\/2x-Michelin-Pilot-Alpin-5-SUV-MO1-285-45R22-114V-X 263w,https:\/\/a.allegroimg.com\/original\/11776e\/71bd18ae468c9a5105b6b34f5201\/2x-Michelin-Pilot-Alpin-5-SUV-MO1-285-45R22-114V-X 527w,https:\/\/a.allegroimg.com\/original\/11776e\/71bd18ae468c9a5105b6b34f5201\/2x-Michelin-Pilot-Alpin-5-SUV-MO1-285-45R22-114V-X 750w,https:\/\/a.allegroimg.com\/original\/11776e\/71bd18ae468c9a5105b6b34f5201\/2x-Michelin-Pilot-Alpin-5-SUV-MO1-285-45R22-114V-X 750w\" sizes=\"(min-width: 1200px) 560px, (min-width: 992px) 50vw, 100vw\" width=\"750px\" alt=\"2x Michelin Pilot Alpin 5 SUV MO1 285\/45R22 114V X\" style=\"max-width: 100%; height: auto; display: block; margin: 0 auto;\"><\/div>\n<\/div>\n<\/div>\n<\/div>\n<\/div>\n<\/div>\n<div style=\"clear: both; display: block; margin: 10px 0;\">\n<div style=\"clear: both; display: block; margin: 10px 0;\">\n<div style=\"clear: both; display: block; margin: 10px 0;\">\n<div  style=\"max-width:212px;max-height:305px\">\n<div style=\"clear: both; display: block; margin: 10px 0;\">\n<div style=\"clear: both; width: 100%; display: block; margin: 20px 0; padding: 0; float: none; position: static; text-align: center;\"><img decoding=\"async\"  src=\"https:\/\/a.allegroimg.com\/original\/1150b3\/0bf0249d460da2dbb166ed1bbd3f\/2x-Michelin-Pilot-Alpin-5-SUV-MO1-285-45R22-114V-X-Liczba-opon-w-ofercie-2-szt\" srcset=\"https:\/\/a.allegroimg.com\/original\/1150b3\/0bf0249d460da2dbb166ed1bbd3f\/2x-Michelin-Pilot-Alpin-5-SUV-MO1-285-45R22-114V-X-Liczba-opon-w-ofercie-2-szt 212w,https:\/\/a.allegroimg.com\/original\/1150b3\/0bf0249d460da2dbb166ed1bbd3f\/2x-Michelin-Pilot-Alpin-5-SUV-MO1-285-45R22-114V-X-Liczba-opon-w-ofercie-2-szt 212w\" sizes=\"(min-width: 1200px) 560px, (min-width: 992px) 50vw, 100vw\" width=\"212px\" alt=\"2x Michelin Pilot Alpin 5 SUV MO1 285\/45R22 114V X Liczba opon w ofercie 2 szt.\" style=\"max-width: 100%; height: auto; display: block; margin: 0 auto;\"><\/div>\n<\/div>\n<\/div>\n<\/div>\n<\/div>\n<div style=\"clear: both; display: block; margin: 10px 0;\">\n<div style=\"clear: both; display: block; margin: 10px 0;\">\n<h2>Marka: Michelin<\/h2>\n<h2>Liczba opon w ofercie: 2<\/h2>\n<h2>Rok produkcji: <\/h2>\n<h2>Szeroko\u015b\u0107 opony: 285 mm<\/h2>\n<h2>Profil opony: 45<\/h2>\n<h2>\u015arednica: 22<\/h2>\n<h2>Indeks no\u015bno\u015bci: 114<\/h2>\n<h2>Indeks pr\u0119dko\u015bci: V do 240 km\/h<\/h2>\n<h2>Op\u00f3r toczenia: Klasa C<\/h2>\n<h2>Przyczepno\u015b\u0107 na mokrej nawierzchni: Klasa C<\/h2>\n<h2>Ha\u0142as zewn\u0119trzny: 74 dB<\/h2>\n<h2>Kod producenta: 663712<\/h2>\n<h2>Sezon: Zimowe<\/h2>\n<\/div>\n<\/div>\n<\/div>\n<\/div>\n<\/div>\n<\/div>\n<div style=\"clear: both; display: block; margin: 10px 0;\">\n","protected":false},"excerpt":{"rendered":"<p>Michelin Pilot Alpin 5 SUV MO1<\/p>\n<p>285\/45 R22 114V do 240 km\/h<\/p>\n<p>Kod produktu: 3528706637124<\/p>\n<p>MO1 &#8211; opony z homologacj\u0105 do aut MERCEDES<\/p>\n","protected":false},"featured_media":17355,"template":"","meta":{"_uag_custom_page_level_css":""},"product_brand":[429],"product_cat":[414,413,412,415],"product_tag":[],"class_list":{"0":"post-17354","1":"product","2":"type-product","3":"status-publish","4":"has-post-thumbnail","6":"product_brand-michelin","7":"product_cat-do-samochodow-osobowych-i-suv","8":"product_cat-opony","9":"product_cat-opony-i-felgi","10":"product_cat-zimowe","12":"first","13":"instock","14":"shipping-taxable","15":"purchasable","16":"product-type-simple"},"uagb_featured_image_src":{"full":["https:\/\/oponexa.shop\/tire\/wp-content\/uploads\/2026\/01\/allegro-image-17354.jpg",750,1024,false],"thumbnail":["https:\/\/oponexa.shop\/tire\/wp-content\/uploads\/2026\/01\/allegro-image-17354-150x150.jpg",150,150,true],"medium":["https:\/\/oponexa.shop\/tire\/wp-content\/uploads\/2026\/01\/allegro-image-17354-220x300.jpg",220,300,true],"medium_large":["https:\/\/oponexa.shop\/tire\/wp-content\/uploads\/2026\/01\/allegro-image-17354.jpg",750,1024,false],"large":["https:\/\/oponexa.shop\/tire\/wp-content\/uploads\/2026\/01\/allegro-image-17354.jpg",750,1024,false],"1536x1536":["https:\/\/oponexa.shop\/tire\/wp-content\/uploads\/2026\/01\/allegro-image-17354.jpg",750,1024,false],"2048x2048":["https:\/\/oponexa.shop\/tire\/wp-content\/uploads\/2026\/01\/allegro-image-17354.jpg",750,1024,false],"woocommerce_thumbnail":["https:\/\/oponexa.shop\/tire\/wp-content\/uploads\/2026\/01\/allegro-image-17354-300x300.jpg",300,300,true],"woocommerce_single":["https:\/\/oponexa.shop\/tire\/wp-content\/uploads\/2026\/01\/allegro-image-17354-600x819.jpg",600,819,true],"woocommerce_gallery_thumbnail":["https:\/\/oponexa.shop\/tire\/wp-content\/uploads\/2026\/01\/allegro-image-17354-100x100.jpg",100,100,true]},"uagb_author_info":{"display_name":"admin","author_link":"https:\/\/oponexa.shop\/tire\/author\/"},"uagb_comment_info":0,"uagb_excerpt":"Michelin Pilot Alpin 5 SUV MO1 285\/45 R22 114V do 240 km\/h Kod produktu: 3528706637124 MO1 - opony z homologacj\u0105 do aut MERCEDES","_links":{"self":[{"href":"https:\/\/oponexa.shop\/tire\/wp-json\/wp\/v2\/product\/17354","targetHints":{"allow":["GET"]}}],"collection":[{"href":"https:\/\/oponexa.shop\/tire\/wp-json\/wp\/v2\/product"}],"about":[{"href":"https:\/\/oponexa.shop\/tire\/wp-json\/wp\/v2\/types\/product"}],"wp:featuredmedia":[{"embeddable":true,"href":"https:\/\/oponexa.shop\/tire\/wp-json\/wp\/v2\/media\/17355"}],"wp:attachment":[{"href":"https:\/\/oponexa.shop\/tire\/wp-json\/wp\/v2\/media?parent=17354"}],"wp:term":[{"taxonomy":"product_brand","embeddable":true,"href":"https:\/\/oponexa.shop\/tire\/wp-json\/wp\/v2\/product_brand?post=17354"},{"taxonomy":"product_cat","embeddable":true,"href":"https:\/\/oponexa.shop\/tire\/wp-json\/wp\/v2\/product_cat?post=17354"},{"taxonomy":"product_tag","embeddable":true,"href":"https:\/\/oponexa.shop\/tire\/wp-json\/wp\/v2\/product_tag?post=17354"}],"curies":[{"name":"wp","href":"https:\/\/api.w.org\/{rel}","templated":true}]}}