{"id":17344,"date":"2026-01-18T02:51:17","date_gmt":"2026-01-18T01:51:17","guid":{"rendered":"https:\/\/oponyonline.shop\/xef5\/produkt\/1x-pirelli-scorpion-winter-xl-285-45r22-114-v\/"},"modified":"2026-01-18T02:51:18","modified_gmt":"2026-01-18T01:51:18","slug":"1x-pirelli-scorpion-winter-xl-285-45r22-114-v","status":"publish","type":"product","link":"https:\/\/oponixo.shop\/tire\/produkt\/1x-pirelli-scorpion-winter-xl-285-45r22-114-v\/","title":{"rendered":"1x PIRELLI SCORPION WINTER XL 285\/45R22 114 V"},"content":{"rendered":"<div style=\"font-family: Arial, sans-serif; line-height: 1.6; color: #333; padding: 20px; clear: both; display: block; width: 100%; float: none; position: static; overflow: hidden;\">\n<div style=\"clear: both; display: block; margin: 10px 0;\">\n<div style=\"clear: both; display: block; margin: 10px 0;\">\n<div style=\"clear: both; display: block; margin: 10px 0;\">\n<h2>1x PIRELLI SCORPION WINTER XL 285\/45R22 114 V<\/h2>\n<\/div>\n<\/div>\n<\/div>\n<div style=\"clear: both; display: block; margin: 10px 0;\">\n<div style=\"clear: both; display: block; margin: 10px 0;\">\n<div style=\"clear: both; display: block; margin: 10px 0;\">\n<div  style=\"max-width:920px;max-height:1120px\">\n<div style=\"clear: both; display: block; margin: 10px 0;\">\n<div style=\"clear: both; width: 100%; display: block; margin: 20px 0; padding: 0; float: none; position: static; text-align: center;\"><img decoding=\"async\"  src=\"https:\/\/a.allegroimg.com\/original\/116a5c\/fe87e43c4ae89f2acc31ae6829e9\/1x-PIRELLI-SCORPION-WINTER-XL-285-45R22-114-V\" srcset=\"https:\/\/a.allegroimg.com\/original\/116a5c\/fe87e43c4ae89f2acc31ae6829e9\/1x-PIRELLI-SCORPION-WINTER-XL-285-45R22-114-V 295w,https:\/\/a.allegroimg.com\/original\/116a5c\/fe87e43c4ae89f2acc31ae6829e9\/1x-PIRELLI-SCORPION-WINTER-XL-285-45R22-114-V 591w,https:\/\/a.allegroimg.com\/original\/116a5c\/fe87e43c4ae89f2acc31ae6829e9\/1x-PIRELLI-SCORPION-WINTER-XL-285-45R22-114-V 841w,https:\/\/a.allegroimg.com\/original\/116a5c\/fe87e43c4ae89f2acc31ae6829e9\/1x-PIRELLI-SCORPION-WINTER-XL-285-45R22-114-V 920w,https:\/\/a.allegroimg.com\/original\/116a5c\/fe87e43c4ae89f2acc31ae6829e9\/1x-PIRELLI-SCORPION-WINTER-XL-285-45R22-114-V 920w\" sizes=\"(min-width: 1200px) 560px, (min-width: 992px) 50vw, 100vw\" width=\"920px\" alt=\"1x PIRELLI SCORPION WINTER XL 285\/45R22 114 V\" style=\"max-width: 100%; height: auto; display: block; margin: 0 auto;\"><\/div>\n<\/div>\n<\/div>\n<\/div>\n<\/div>\n<div style=\"clear: both; display: block; margin: 10px 0;\">\n<div style=\"clear: both; display: block; margin: 10px 0;\">\n<h2>Zimowa opona PIRELLI SCORPION WINTER XL FR MO 285\/45 R22 114 V<\/h2>\n<p style=\"margin: 15px 0; line-height: 1.8; clear: both; display: block; width: 100%; float: none; position: static;\">Opona PIRELLI SCORPION WINTER XL FR MO to znacz\u0105cy model w portfolio producenta.&nbsp;<\/p>\n<p style=\"margin: 15px 0; line-height: 1.8; clear: both; display: block; width: 100%; float: none; position: static;\">Charakteryzuje si\u0119 optymalnym oporem toczenia. Opony klasy Premium s\u0105 wytwarzane z zastosowaniem najbardziej zaawansowanych technologii na \u015bwiecie.<\/p>\n<ul style=\"margin: 15px 0; padding-left: 20px; clear: both; display: block; width: 100%; float: none; position: static;\">\n<li style=\"margin: 5px 0; padding: 2px 0; clear: both; display: list-item; float: none; position: static;\"><b>Stan:<\/b>&nbsp;Nowy<\/li>\n<li style=\"margin: 5px 0; padding: 2px 0; clear: both; display: list-item; float: none; position: static;\"><b>EAN:<\/b>&nbsp;8019227271119<\/li>\n<li style=\"margin: 5px 0; padding: 2px 0; clear: both; display: list-item; float: none; position: static;\"><b>Producent:<\/b> PIRELLI<\/li>\n<li style=\"margin: 5px 0; padding: 2px 0; clear: both; display: list-item; float: none; position: static;\"><b>Model:<\/b> SCORPION WINTER XL FR MO<\/li>\n<li style=\"margin: 5px 0; padding: 2px 0; clear: both; display: list-item; float: none; position: static;\"><b>Rozmiar:<\/b> 285\/45 R22<\/li>\n<li style=\"margin: 5px 0; padding: 2px 0; clear: both; display: list-item; float: none; position: static;\"><b>Indeks no\u015bno\u015bci:<\/b> 114<\/li>\n<li style=\"margin: 5px 0; padding: 2px 0; clear: both; display: list-item; float: none; position: static;\"><b>Indeks pr\u0119dko\u015bci:<\/b> V<\/li>\n<li style=\"margin: 5px 0; padding: 2px 0; clear: both; display: list-item; float: none; position: static;\"><b>Ha\u0142as db:<\/b>&nbsp;71<\/li>\n<li style=\"margin: 5px 0; padding: 2px 0; clear: both; display: list-item; float: none; position: static;\"><b>Sezon:<\/b> Zimowe<\/li>\n<li style=\"margin: 5px 0; padding: 2px 0; clear: both; display: list-item; float: none; position: static;\"><b>Rok produkcji:<\/b> 2024<\/li>\n<li style=\"margin: 5px 0; padding: 2px 0; clear: both; display: list-item; float: none; position: static;\"><b>Przeznaczenie:<\/b> SUV\/4&#215;4<\/li>\n<li style=\"margin: 5px 0; padding: 2px 0; clear: both; display: list-item; float: none; position: static;\"><b>Kl. przycz. na mokrej naw.:<\/b>&nbsp;B<\/li>\n<li style=\"margin: 5px 0; padding: 2px 0; clear: both; display: list-item; float: none; position: static;\"><b>Kl. efekt. paliwowej:&nbsp;<\/b>C<\/li>\n<\/ul>\n<\/div>\n<\/div>\n<\/div>\n<div style=\"clear: both; display: block; margin: 10px 0;\">\n<div style=\"clear: both; display: block; margin: 10px 0;\">\n<div style=\"clear: both; display: block; margin: 10px 0;\">\n<div  style=\"max-width:800px;max-height:209px\">\n<div style=\"clear: both; display: block; margin: 10px 0;\">\n<div style=\"clear: both; width: 100%; display: block; margin: 20px 0; padding: 0; float: none; position: static; text-align: center;\"><img decoding=\"async\"  src=\"https:\/\/a.allegroimg.com\/original\/117436\/0b49e15a4c4293eb213afcdc8296\/1x-PIRELLI-SCORPION-WINTER-XL-285-45R22-114-V-Liczba-opon-w-ofercie-1-szt\" srcset=\"https:\/\/a.allegroimg.com\/original\/117436\/0b49e15a4c4293eb213afcdc8296\/1x-PIRELLI-SCORPION-WINTER-XL-285-45R22-114-V-Liczba-opon-w-ofercie-1-szt 360w,https:\/\/a.allegroimg.com\/original\/117436\/0b49e15a4c4293eb213afcdc8296\/1x-PIRELLI-SCORPION-WINTER-XL-285-45R22-114-V-Liczba-opon-w-ofercie-1-szt 720w,https:\/\/a.allegroimg.com\/original\/117436\/0b49e15a4c4293eb213afcdc8296\/1x-PIRELLI-SCORPION-WINTER-XL-285-45R22-114-V-Liczba-opon-w-ofercie-1-szt 800w,https:\/\/a.allegroimg.com\/original\/117436\/0b49e15a4c4293eb213afcdc8296\/1x-PIRELLI-SCORPION-WINTER-XL-285-45R22-114-V-Liczba-opon-w-ofercie-1-szt 800w\" sizes=\"100vw\" width=\"800px\" alt=\"1x PIRELLI SCORPION WINTER XL 285\/45R22 114 V Liczba opon w ofercie 1 szt.\" style=\"max-width: 100%; height: auto; display: block; margin: 0 auto;\"><\/div>\n<\/div>\n<\/div>\n<\/div>\n<\/div>\n<\/div>\n<div style=\"clear: both; display: block; margin: 10px 0;\">\n<div style=\"clear: both; display: block; margin: 10px 0;\">\n<div style=\"clear: both; display: block; margin: 10px 0;\">\n<p style=\"margin: 15px 0; line-height: 1.8; clear: both; display: block; width: 100%; float: none; position: static;\">Pirelli to jeden z najstarszych producent\u00f3w opon samochodowych w bran\u017cy oponiarskiej. Historia mediola\u0144skiego koncernu ma sw\u00f3j pocz\u0105tek w 1872 roku.<\/p>\n<p style=\"margin: 15px 0; line-height: 1.8; clear: both; display: block; width: 100%; float: none; position: static;\">Pomys\u0142odawc\u0105 i za\u0142o\u017cycielem marki by\u0142 Giovanni Battista Pirelli, w\u0142oski in\u017cynier i wizjoner, kt\u00f3ry przewidzia\u0142, jak znacz\u0105c\u0105 rol\u0119 w motoryzacyjnym \u015bwiecie spe\u0142ni ogumienie.<\/p>\n<p style=\"margin: 15px 0; line-height: 1.8; clear: both; display: block; width: 100%; float: none; position: static;\">Gama produkt\u00f3w koncernu sk\u0142ada si\u0119 z innowacyjnych rozwi\u0105za\u0144 w zakresie opon do samochod\u00f3w, motocykli i rower\u00f3w, dzi\u0119ki solidnej wsp\u00f3\u0142pracy z najbardziej presti\u017cowymi producentami.<\/p>\n<p style=\"margin: 15px 0; line-height: 1.8; clear: both; display: block; width: 100%; float: none; position: static;\">Wsp\u00f3\u0142praca ta pozwala Pirelli na opracowanie opon, w zale\u017cno\u015bci od modelu, kt\u00f3re s\u0105 dostosowane do specyficznych potrzeb najbardziej wyrafinowanych konsument\u00f3w<\/p>\n<p style=\"margin: 15px 0; line-height: 1.8; clear: both; display: block; width: 100%; float: none; position: static;\">Na pocz\u0105tku XX wieku Pirelli zas\u0142yn\u0105\u0142 jako producent wysokiej klasy opon do samochod\u00f3w wy\u015bcigowych. Od 2011 r. Pirelli jest dostawc\u0105 opon do aut Formu\u0142y 1 co potwierdza jako\u015b\u0107 ogumienia i zaanga\u017cowanie marki.<\/p>\n<p style=\"margin: 15px 0; line-height: 1.8; clear: both; display: block; width: 100%; float: none; position: static;\">Opony Pirelli to obecnie produkty premium, s\u0142yn\u0105ce przede wszystkim z przewidywalnego zachowania na drodze. Wybieraj\u0105c ogumienie w\u0142oskiego producenta, mo\u017cemy liczy\u0107 na pewne prowadzenie pojazdu, kr\u00f3tk\u0105 drog\u0119 hamowania i odpowiednie trzymanie si\u0119 auta w zakr\u0119tach.<\/p>\n<\/div>\n<\/div>\n<\/div>\n<div style=\"clear: both; display: block; margin: 10px 0;\">\n<div style=\"clear: both; display: block; margin: 10px 0;\">\n<div style=\"clear: both; display: block; margin: 10px 0;\">\n<div  style=\"max-width:1200px;max-height:1758px\">\n<div style=\"clear: both; display: block; margin: 10px 0;\">\n<div style=\"clear: both; width: 100%; display: block; margin: 20px 0; padding: 0; float: none; position: static; text-align: center;\"><img decoding=\"async\"  src=\"https:\/\/a.allegroimg.com\/original\/112c72\/8b97866a44dd946514de9dc05537\/1x-PIRELLI-SCORPION-WINTER-XL-285-45R22-114-V-Rok-produkcji-2024\" srcset=\"https:\/\/a.allegroimg.com\/original\/112c72\/8b97866a44dd946514de9dc05537\/1x-PIRELLI-SCORPION-WINTER-XL-285-45R22-114-V-Rok-produkcji-2024 245w,https:\/\/a.allegroimg.com\/original\/112c72\/8b97866a44dd946514de9dc05537\/1x-PIRELLI-SCORPION-WINTER-XL-285-45R22-114-V-Rok-produkcji-2024 491w,https:\/\/a.allegroimg.com\/original\/112c72\/8b97866a44dd946514de9dc05537\/1x-PIRELLI-SCORPION-WINTER-XL-285-45R22-114-V-Rok-produkcji-2024 698w,https:\/\/a.allegroimg.com\/original\/112c72\/8b97866a44dd946514de9dc05537\/1x-PIRELLI-SCORPION-WINTER-XL-285-45R22-114-V-Rok-produkcji-2024 982w,https:\/\/a.allegroimg.com\/original\/112c72\/8b97866a44dd946514de9dc05537\/1x-PIRELLI-SCORPION-WINTER-XL-285-45R22-114-V-Rok-produkcji-2024 1200w\" sizes=\"(min-width: 1200px) 560px, (min-width: 992px) 50vw, 100vw\" width=\"1200px\" alt=\"1x PIRELLI SCORPION WINTER XL 285\/45R22 114 V Rok produkcji 2024\" style=\"max-width: 100%; height: auto; display: block; margin: 0 auto;\"><\/div>\n<\/div>\n<\/div>\n<\/div>\n<\/div>\n<div style=\"clear: both; display: block; margin: 10px 0;\">\n<div style=\"clear: both; display: block; margin: 10px 0;\">\n<p style=\"margin: 15px 0; line-height: 1.8; clear: both; display: block; width: 100%; float: none; position: static;\">Dlaczego warto kupowa\u0107 u Nas ?<\/p>\n<p style=\"margin: 15px 0; line-height: 1.8; clear: both; display: block; width: 100%; float: none; position: static;\">Jeste\u015bmy firm\u0105, kt\u00f3ra na podstawie wieloletniego do\u015bwiadczenia z zaanga\u017cowaniem pomaga klientom w doborze oraz kupnie opon.<\/p>\n<p style=\"margin: 15px 0; line-height: 1.8; clear: both; display: block; width: 100%; float: none; position: static;\">Posiadamy szerok\u0105 game opon do aut osobowych, dostawczych, cie\u017carowych, motocyki jak i opon przemys\u0142owych.<\/p>\n<p style=\"margin: 15px 0; line-height: 1.8; clear: both; display: block; width: 100%; float: none; position: static;\">Gwarancja satysfakcjii oraz bezpiecznie przejechanych kilometr\u00f3w.<\/p>\n<p style=\"margin: 15px 0; line-height: 1.8; clear: both; display: block; width: 100%; float: none; position: static;\">Zosta\u0144 naszym kolejnym zadowolonym klientem.<\/p>\n<p style=\"margin: 15px 0; line-height: 1.8; clear: both; display: block; width: 100%; float: none; position: static;\">ZAPRASZAMY DO ZAKUP\u00d3W.<\/p>\n<\/div>\n<\/div>\n<\/div>\n<\/div>\n<\/div>\n<\/div>\n<div style=\"clear: both; display: block; margin: 10px 0;\">\n","protected":false},"excerpt":{"rendered":"<p>1x PIRELLI SCORPION WINTER XL 285\/45R22 114 V<\/p>\n<p>Zimowa opona PIRELLI SCORPION WINTER XL FR MO 285\/45 R22 114 V<\/p>\n<p>Opona PIRELLI SCORPION WINTER XL FR MO to znacz\u0105cy model w portfolio producenta.&nbsp;<\/p>\n<p>Charakteryzuje si\u0119 optymalnym oporem toczenia. Opony klasy Premium s\u0105 wytwarzane z zastosowaniem najbardziej zaawansowanych technologii na \u015bwiecie.<\/p>\n<p>Stan:&nbsp;Nowy<\/p>\n<p>EAN:&nbsp;8019227271119<\/p>\n<p>Producent: PIRELLI<\/p>\n<p>Model: SCORPION WINTER XL FR MO<\/p>\n","protected":false},"featured_media":17345,"template":"","meta":{"_uag_custom_page_level_css":""},"product_brand":[433],"product_cat":[414,413,412,415],"product_tag":[],"class_list":{"0":"post-17344","1":"product","2":"type-product","3":"status-publish","4":"has-post-thumbnail","6":"product_brand-pirelli","7":"product_cat-do-samochodow-osobowych-i-suv","8":"product_cat-opony","9":"product_cat-opony-i-felgi","10":"product_cat-zimowe","12":"first","13":"instock","14":"shipping-taxable","15":"purchasable","16":"product-type-simple"},"uagb_featured_image_src":{"full":["https:\/\/oponixo.shop\/tire\/wp-content\/uploads\/2026\/01\/allegro-image-17344.jpg",920,1120,false],"thumbnail":["https:\/\/oponixo.shop\/tire\/wp-content\/uploads\/2026\/01\/allegro-image-17344-150x150.jpg",150,150,true],"medium":["https:\/\/oponixo.shop\/tire\/wp-content\/uploads\/2026\/01\/allegro-image-17344-246x300.jpg",246,300,true],"medium_large":["https:\/\/oponixo.shop\/tire\/wp-content\/uploads\/2026\/01\/allegro-image-17344-768x935.jpg",768,935,true],"large":["https:\/\/oponixo.shop\/tire\/wp-content\/uploads\/2026\/01\/allegro-image-17344-841x1024.jpg",841,1024,true],"1536x1536":["https:\/\/oponixo.shop\/tire\/wp-content\/uploads\/2026\/01\/allegro-image-17344.jpg",920,1120,false],"2048x2048":["https:\/\/oponixo.shop\/tire\/wp-content\/uploads\/2026\/01\/allegro-image-17344.jpg",920,1120,false],"woocommerce_thumbnail":["https:\/\/oponixo.shop\/tire\/wp-content\/uploads\/2026\/01\/allegro-image-17344-300x300.jpg",300,300,true],"woocommerce_single":["https:\/\/oponixo.shop\/tire\/wp-content\/uploads\/2026\/01\/allegro-image-17344-600x730.jpg",600,730,true],"woocommerce_gallery_thumbnail":["https:\/\/oponixo.shop\/tire\/wp-content\/uploads\/2026\/01\/allegro-image-17344-100x100.jpg",100,100,true]},"uagb_author_info":{"display_name":"admin","author_link":"https:\/\/oponixo.shop\/tire\/author\/"},"uagb_comment_info":0,"uagb_excerpt":"1x PIRELLI SCORPION WINTER XL 285\/45R22 114 V Zimowa opona PIRELLI SCORPION WINTER XL FR MO 285\/45 R22 114 V Opona PIRELLI SCORPION WINTER XL FR MO to znacz\u0105cy model w portfolio producenta.&nbsp; Charakteryzuje si\u0119 optymalnym oporem toczenia. Opony klasy Premium s\u0105 wytwarzane z zastosowaniem najbardziej zaawansowanych technologii na \u015bwiecie. Stan:&nbsp;Nowy EAN:&nbsp;8019227271119 Producent: PIRELLI Model:&hellip;","_links":{"self":[{"href":"https:\/\/oponixo.shop\/tire\/wp-json\/wp\/v2\/product\/17344","targetHints":{"allow":["GET"]}}],"collection":[{"href":"https:\/\/oponixo.shop\/tire\/wp-json\/wp\/v2\/product"}],"about":[{"href":"https:\/\/oponixo.shop\/tire\/wp-json\/wp\/v2\/types\/product"}],"wp:featuredmedia":[{"embeddable":true,"href":"https:\/\/oponixo.shop\/tire\/wp-json\/wp\/v2\/media\/17345"}],"wp:attachment":[{"href":"https:\/\/oponixo.shop\/tire\/wp-json\/wp\/v2\/media?parent=17344"}],"wp:term":[{"taxonomy":"product_brand","embeddable":true,"href":"https:\/\/oponixo.shop\/tire\/wp-json\/wp\/v2\/product_brand?post=17344"},{"taxonomy":"product_cat","embeddable":true,"href":"https:\/\/oponixo.shop\/tire\/wp-json\/wp\/v2\/product_cat?post=17344"},{"taxonomy":"product_tag","embeddable":true,"href":"https:\/\/oponixo.shop\/tire\/wp-json\/wp\/v2\/product_tag?post=17344"}],"curies":[{"name":"wp","href":"https:\/\/api.w.org\/{rel}","templated":true}]}}