{"id":17316,"date":"2026-01-17T21:47:32","date_gmt":"2026-01-17T20:47:32","guid":{"rendered":"https:\/\/oponyonline.shop\/xef5\/produkt\/1x-opona-caloroczna-continental-allseasoncontact-2-235-40r19-96y-xl-fr\/"},"modified":"2026-01-17T21:47:33","modified_gmt":"2026-01-17T20:47:33","slug":"1x-opona-caloroczna-continental-allseasoncontact-2-235-40r19-96y-xl-fr","status":"publish","type":"product","link":"https:\/\/oponixo.shop\/tire\/produkt\/1x-opona-caloroczna-continental-allseasoncontact-2-235-40r19-96y-xl-fr\/","title":{"rendered":"1x Opona ca\u0142oroczna Continental ALLSEASONCONTACT 2 235\/40R19 96Y XL FR"},"content":{"rendered":"<div style=\"font-family: Arial, sans-serif; line-height: 1.6; color: #333; padding: 20px; clear: both; display: block; width: 100%; float: none; position: static; overflow: hidden;\">\n<div style=\"clear: both; display: block; margin: 10px 0;\">\n<div style=\"clear: both; display: block; margin: 10px 0;\">\n<div style=\"clear: both; display: block; margin: 10px 0;\">\n<h3 style=\"color: #2c5aa0; font-size: 18px; margin: 30px 0 15px 0; font-weight: bold; clear: both; display: block; width: 100%; float: none; position: static;\">1x Opona ca\u0142oroczna Continental ALLSEASONCONTACT 2 235\/40R19 96Y XL FR<\/h3>\n<\/div>\n<\/div>\n<\/div>\n<div style=\"clear: both; display: block; margin: 10px 0;\">\n<div style=\"clear: both; display: block; margin: 10px 0;\">\n<div style=\"clear: both; display: block; margin: 10px 0;\">\n<div  style=\"max-width:500px;max-height:500px\">\n<div style=\"clear: both; display: block; margin: 10px 0;\">\n<div style=\"clear: both; width: 100%; display: block; margin: 20px 0; padding: 0; float: none; position: static; text-align: center;\"><img decoding=\"async\"  src=\"https:\/\/a.allegroimg.com\/original\/11d532\/f976f31a45fa87adb6c62c1545b3\/1x-Opona-caloroczna-Continental-ALLSEASONCONTACT-2-235-40R19-96Y-XL-FR\" srcset=\"https:\/\/a.allegroimg.com\/original\/11d532\/f976f31a45fa87adb6c62c1545b3\/1x-Opona-caloroczna-Continental-ALLSEASONCONTACT-2-235-40R19-96Y-XL-FR 360w,https:\/\/a.allegroimg.com\/original\/11d532\/f976f31a45fa87adb6c62c1545b3\/1x-Opona-caloroczna-Continental-ALLSEASONCONTACT-2-235-40R19-96Y-XL-FR 500w,https:\/\/a.allegroimg.com\/original\/11d532\/f976f31a45fa87adb6c62c1545b3\/1x-Opona-caloroczna-Continental-ALLSEASONCONTACT-2-235-40R19-96Y-XL-FR 500w\" sizes=\"(min-width: 1200px) 560px, (min-width: 992px) 50vw, 100vw\" width=\"500px\" alt=\"1x Opona ca\u0142oroczna Continental ALLSEASONCONTACT 2 235\/40R19 96Y XL FR\" style=\"max-width: 100%; height: auto; display: block; margin: 0 auto;\"><\/div>\n<\/div>\n<\/div>\n<\/div>\n<\/div>\n<div style=\"clear: both; display: block; margin: 10px 0;\">\n<div style=\"clear: both; display: block; margin: 10px 0;\">\n<ul style=\"margin: 15px 0; padding-left: 20px; clear: both; display: block; width: 100%; float: none; position: static;\">\n<li style=\"margin: 5px 0; padding: 2px 0; clear: both; display: list-item; float: none; position: static;\">Marka: <b>Continental<\/b><\/li>\n<li style=\"margin: 5px 0; padding: 2px 0; clear: both; display: list-item; float: none; position: static;\">Liczba opon w ofercie: <b>1 szt.<\/b><\/li>\n<li style=\"margin: 5px 0; padding: 2px 0; clear: both; display: list-item; float: none; position: static;\">Sezon: <b>Wielosezonowe<\/b><\/li>\n<li style=\"margin: 5px 0; padding: 2px 0; clear: both; display: list-item; float: none; position: static;\">Model: <b>AllSeasonContact 2<\/b><\/li>\n<li style=\"margin: 5px 0; padding: 2px 0; clear: both; display: list-item; float: none; position: static;\">Szeroko\u015b\u0107: <b>235<\/b><\/li>\n<li style=\"margin: 5px 0; padding: 2px 0; clear: both; display: list-item; float: none; position: static;\">Profil: <b>40<\/b><\/li>\n<li style=\"margin: 5px 0; padding: 2px 0; clear: both; display: list-item; float: none; position: static;\">\u015arednica: <b>19<\/b><\/li>\n<li style=\"margin: 5px 0; padding: 2px 0; clear: both; display: list-item; float: none; position: static;\">Index no\u015bno\u015bci: <b>96<\/b><\/li>\n<li style=\"margin: 5px 0; padding: 2px 0; clear: both; display: list-item; float: none; position: static;\">Index pr\u0119dko\u015bci: <b>Y<\/b><\/li>\n<li style=\"margin: 5px 0; padding: 2px 0; clear: both; display: list-item; float: none; position: static;\">Hamowanie na mokrym: <b>B<\/b><\/li>\n<li style=\"margin: 5px 0; padding: 2px 0; clear: both; display: list-item; float: none; position: static;\">Op\u00f3r toczenia: <b>B<\/b><\/li>\n<li style=\"margin: 5px 0; padding: 2px 0; clear: both; display: list-item; float: none; position: static;\">Ha\u0142as zewn\u0119trzny: <b>71dB<\/b><\/li>\n<li style=\"margin: 5px 0; padding: 2px 0; clear: both; display: list-item; float: none; position: static;\">SAP: <b>03201160000<\/b><\/li>\n<li style=\"margin: 5px 0; padding: 2px 0; clear: both; display: list-item; float: none; position: static;\">EAN: <b>4019238399967<\/b><\/li>\n<\/ul>\n<\/div>\n<\/div>\n<\/div>\n<div style=\"clear: both; display: block; margin: 10px 0;\">\n<div style=\"clear: both; display: block; margin: 10px 0;\">\n<div style=\"clear: both; display: block; margin: 10px 0;\">\n<h3 style=\"color: #2c5aa0; font-size: 18px; margin: 30px 0 15px 0; font-weight: bold; clear: both; display: block; width: 100%; float: none; position: static;\">Rok produkcji (DOT): 2025\/2024 &#8211; kupuj\u0105c z tej oferty otrzymasz opony fabrycznie nowe.<\/h3>\n<p style=\"margin: 15px 0; line-height: 1.8; clear: both; display: block; width: 100%; float: none; position: static;\">Specjali\u015bci z Polskiego Zwi\u0105zku Przemys\u0142u Oponiarskiego (PZPO) podkre\u015blaj\u0105, \u017ce nowe opony, przechowywane w odpowiednich warunkach, zachowuj\u0105 pe\u0142n\u0105 warto\u015b\u0107 i nie r\u00f3\u017cni\u0105 si\u0119 jako\u015bciowo od tych pochodz\u0105cych z bie\u017c\u0105cej produkcji. Wynika to z faktu, \u017ce proces starzenia si\u0119 opon nast\u0119puje wy\u0142\u0105cznie podczas ich eksploatacji, a nie w trakcie przechowywania.<\/p>\n<\/div>\n<\/div>\n<\/div>\n<div style=\"clear: both; display: block; margin: 10px 0;\">\n<div style=\"clear: both; display: block; margin: 10px 0;\">\n<div style=\"clear: both; display: block; margin: 10px 0;\">\n<h3 style=\"color: #2c5aa0; font-size: 18px; margin: 30px 0 15px 0; font-weight: bold; clear: both; display: block; width: 100%; float: none; position: static;\">Rok produkcji opony znajdziesz na jej boku, przy oznaczeniu DOT. Cztery ostatnie cyfry m\u00f3wi\u0105, kiedy opona zosta\u0142a wyprodukowana:<\/h3>\n<ul style=\"margin: 15px 0; padding-left: 20px; clear: both; display: block; width: 100%; float: none; position: static;\">\n<li style=\"margin: 5px 0; padding: 2px 0; clear: both; display: list-item; float: none; position: static;\">Pierwsze dwie \u2013 tydzie\u0144 produkcji,<\/li>\n<li style=\"margin: 5px 0; padding: 2px 0; clear: both; display: list-item; float: none; position: static;\">Ostatnie dwie \u2013 rok produkcji.&nbsp;<\/li>\n<\/ul>\n<p style=\"margin: 15px 0; line-height: 1.8; clear: both; display: block; width: 100%; float: none; position: static;\">Przyk\u0142ad: 1924 oznacza, \u017ce opona zosta\u0142a wyprodukowana w 19 tygodniu 2024 roku.<\/p>\n<\/div>\n<\/div>\n<\/div>\n<div style=\"clear: both; display: block; margin: 10px 0;\">\n<div style=\"clear: both; display: block; margin: 10px 0;\">\n<div style=\"clear: both; display: block; margin: 10px 0;\">\n<h3 style=\"color: #2c5aa0; font-size: 18px; margin: 30px 0 15px 0; font-weight: bold; clear: both; display: block; width: 100%; float: none; position: static;\">Idealne rozwi\u0105zanie na ca\u0142y rok.<\/h3>\n<ul style=\"margin: 15px 0; padding-left: 20px; clear: both; display: block; width: 100%; float: none; position: static;\">\n<li style=\"margin: 5px 0; padding: 2px 0; clear: both; display: list-item; float: none; position: static;\">Opona CONTINNENTAL ALLSEASONCONTACT 2 zosta\u0142 zoptymalizowany do u\u017cytkowania w pojazdach o r\u00f3\u017cnych typach nap\u0119du. Opona sprawdzi si\u0119 zar\u00f3wno w samochodach spalinowych, jak i w pojazdach hybrydowych czy elektrycznych.<\/li>\n<li style=\"margin: 5px 0; padding: 2px 0; clear: both; display: list-item; float: none; position: static;\">Bie\u017cnik zapewnia doskona\u0142\u0105 przyczepno\u015b\u0107, niezale\u017cnie od warunk\u00f3w atmosferycznych. Oopona gwarantuje stabilno\u015b\u0107 i kontrol\u0119 zar\u00f3wno na mokrych, jak i suchych nawierzchniach.<\/li>\n<li style=\"margin: 5px 0; padding: 2px 0; clear: both; display: list-item; float: none; position: static;\">Model CONTINNENTAL ALLSEASONCONTACT 2 zosta\u0142 stworzony z my\u015bl\u0105 o bezpiecznym i komfortowym u\u017cytkowaniu przez d\u0142u\u017cszy czas. W por\u00f3wnaniu z poprzedni\u0105 generacj\u0105 zapewnia nawet o 15% wi\u0119ksz\u0105 \u017cywotno\u015b\u0107 oraz zmniejsza opory toczenia o 6%, co przek\u0142ada si\u0119 na ni\u017csze zu\u017cycie paliwa.<\/li>\n<\/ul>\n<p style=\"margin: 15px 0; line-height: 1.8; clear: both; display: block; width: 100%; float: none; position: static;\"><b>Nowoczesny bie\u017cnik o przemy\u015blanej konstrukcji.<\/b>Bie\u017cnik opony CONTINNENTAL ALLSEASONCONTACT 2 zosta\u0142 zaprojektowany z kierunkowymi naci\u0119ciami w kszta\u0142cie litery \u201eV\u201d i centralnymi blokami przypominaj\u0105cymi liter\u0119 \u201eC\u201d. Dzi\u0119ki takiemu uk\u0142adowi opona skutecznie odprowadza wod\u0119 i b\u0142oto po\u015bniegowe, gwarantuj\u0105c przyczepno\u015b\u0107 w wymagaj\u0105cych warunkach. Jednocze\u015bnie specjalny kszta\u0142t blok\u00f3w zwi\u0119ksza precyzj\u0119 prowadzenia przez ca\u0142y okres eksploatacji.<b>Mieszanka dostosowana do ka\u017cdej pogody.<\/b>Opona wykorzystuje autorskie technologie \u201eChilli\u201d od Continental. Zastosowane w mieszance gumowej plastyfikatory poprawiaj\u0105 komfort jazdy oraz zapewniaj\u0105 stabilno\u015b\u0107 i przyczepno\u015b\u0107 w niskich temperaturach. Nowoczesne polimery w sk\u0142adzie gwarantuj\u0105 \u015bwietn\u0105 trakcj\u0119 oraz kr\u00f3tk\u0105 drog\u0119 hamowania na mokrych i suchych nawierzchniach, niezale\u017cnie od warunk\u00f3w pogodowych.<\/p>\n<\/div>\n<\/div>\n<\/div>\n<\/div>\n<\/div>\n<\/div>\n<div style=\"clear: both; display: block; margin: 10px 0;\">\n","protected":false},"excerpt":{"rendered":"<p>1x Opona ca\u0142oroczna Continental ALLSEASONCONTACT 2 235\/40R19 96Y XL FR<\/p>\n<p>Marka: Continental<\/p>\n<p>Liczba opon w ofercie: 1 szt.<\/p>\n<p>Sezon: Wielosezonowe<\/p>\n<p>Model: AllSeasonContact 2<\/p>\n<p>Szeroko\u015b\u0107: 235<\/p>\n<p>Profil: 40<\/p>\n<p>\u015arednica: 19<\/p>\n","protected":false},"featured_media":17317,"template":"","meta":{"_uag_custom_page_level_css":""},"product_brand":[396],"product_cat":[416,414,413,412],"product_tag":[],"class_list":{"0":"post-17316","1":"product","2":"type-product","3":"status-publish","4":"has-post-thumbnail","6":"product_brand-continental","7":"product_cat-caloroczne","8":"product_cat-do-samochodow-osobowych-i-suv","9":"product_cat-opony","10":"product_cat-opony-i-felgi","12":"first","13":"instock","14":"shipping-taxable","15":"purchasable","16":"product-type-simple"},"uagb_featured_image_src":{"full":["https:\/\/oponixo.shop\/tire\/wp-content\/uploads\/2026\/01\/allegro-image-17316.jpg",500,500,false],"thumbnail":["https:\/\/oponixo.shop\/tire\/wp-content\/uploads\/2026\/01\/allegro-image-17316-150x150.jpg",150,150,true],"medium":["https:\/\/oponixo.shop\/tire\/wp-content\/uploads\/2026\/01\/allegro-image-17316-300x300.jpg",300,300,true],"medium_large":["https:\/\/oponixo.shop\/tire\/wp-content\/uploads\/2026\/01\/allegro-image-17316.jpg",500,500,false],"large":["https:\/\/oponixo.shop\/tire\/wp-content\/uploads\/2026\/01\/allegro-image-17316.jpg",500,500,false],"1536x1536":["https:\/\/oponixo.shop\/tire\/wp-content\/uploads\/2026\/01\/allegro-image-17316.jpg",500,500,false],"2048x2048":["https:\/\/oponixo.shop\/tire\/wp-content\/uploads\/2026\/01\/allegro-image-17316.jpg",500,500,false],"woocommerce_thumbnail":["https:\/\/oponixo.shop\/tire\/wp-content\/uploads\/2026\/01\/allegro-image-17316-300x300.jpg",300,300,true],"woocommerce_single":["https:\/\/oponixo.shop\/tire\/wp-content\/uploads\/2026\/01\/allegro-image-17316.jpg",500,500,false],"woocommerce_gallery_thumbnail":["https:\/\/oponixo.shop\/tire\/wp-content\/uploads\/2026\/01\/allegro-image-17316-100x100.jpg",100,100,true]},"uagb_author_info":{"display_name":"admin","author_link":"https:\/\/oponixo.shop\/tire\/author\/"},"uagb_comment_info":0,"uagb_excerpt":"1x Opona ca\u0142oroczna Continental ALLSEASONCONTACT 2 235\/40R19 96Y XL FR Marka: Continental Liczba opon w ofercie: 1 szt. Sezon: Wielosezonowe Model: AllSeasonContact 2 Szeroko\u015b\u0107: 235 Profil: 40 \u015arednica: 19","_links":{"self":[{"href":"https:\/\/oponixo.shop\/tire\/wp-json\/wp\/v2\/product\/17316","targetHints":{"allow":["GET"]}}],"collection":[{"href":"https:\/\/oponixo.shop\/tire\/wp-json\/wp\/v2\/product"}],"about":[{"href":"https:\/\/oponixo.shop\/tire\/wp-json\/wp\/v2\/types\/product"}],"wp:featuredmedia":[{"embeddable":true,"href":"https:\/\/oponixo.shop\/tire\/wp-json\/wp\/v2\/media\/17317"}],"wp:attachment":[{"href":"https:\/\/oponixo.shop\/tire\/wp-json\/wp\/v2\/media?parent=17316"}],"wp:term":[{"taxonomy":"product_brand","embeddable":true,"href":"https:\/\/oponixo.shop\/tire\/wp-json\/wp\/v2\/product_brand?post=17316"},{"taxonomy":"product_cat","embeddable":true,"href":"https:\/\/oponixo.shop\/tire\/wp-json\/wp\/v2\/product_cat?post=17316"},{"taxonomy":"product_tag","embeddable":true,"href":"https:\/\/oponixo.shop\/tire\/wp-json\/wp\/v2\/product_tag?post=17316"}],"curies":[{"name":"wp","href":"https:\/\/api.w.org\/{rel}","templated":true}]}}