{"id":17264,"date":"2026-01-17T21:47:17","date_gmt":"2026-01-17T20:47:17","guid":{"rendered":"https:\/\/oponyonline.shop\/xef5\/produkt\/2x-opona-zimowa-nokian-wr-snowproof-p-245-35r20-95w-xl-fr\/"},"modified":"2026-01-17T21:47:18","modified_gmt":"2026-01-17T20:47:18","slug":"2x-opona-zimowa-nokian-wr-snowproof-p-245-35r20-95w-xl-fr","status":"publish","type":"product","link":"https:\/\/oponixo.shop\/tire\/produkt\/2x-opona-zimowa-nokian-wr-snowproof-p-245-35r20-95w-xl-fr\/","title":{"rendered":"2x Opona zimowa Nokian WR SNOWPROOF P 245\/35R20 95W XL FR"},"content":{"rendered":"<div style=\"font-family: Arial, sans-serif; line-height: 1.6; color: #333; padding: 20px; clear: both; display: block; width: 100%; float: none; position: static; overflow: hidden;\">\n<div style=\"clear: both; display: block; margin: 10px 0;\">\n<div style=\"clear: both; display: block; margin: 10px 0;\">\n<div style=\"clear: both; display: block; margin: 10px 0;\">\n<h3 style=\"color: #2c5aa0; font-size: 18px; margin: 30px 0 15px 0; font-weight: bold; clear: both; display: block; width: 100%; float: none; position: static;\">2x Opona zimowa Nokian WR SNOWPROOF P 245\/35R20 95W XL FR<\/h3>\n<\/div>\n<\/div>\n<\/div>\n<div style=\"clear: both; display: block; margin: 10px 0;\">\n<div style=\"clear: both; display: block; margin: 10px 0;\">\n<div style=\"clear: both; display: block; margin: 10px 0;\">\n<div  style=\"max-width:500px;max-height:500px\">\n<div style=\"clear: both; display: block; margin: 10px 0;\">\n<div style=\"clear: both; width: 100%; display: block; margin: 20px 0; padding: 0; float: none; position: static; text-align: center;\"><img decoding=\"async\"  src=\"https:\/\/a.allegroimg.com\/original\/11f268\/c23a896047aea2272685329502de\/2x-Opona-zimowa-Nokian-WR-SNOWPROOF-P-245-35R20-95W-XL-FR\" srcset=\"https:\/\/a.allegroimg.com\/original\/11f268\/c23a896047aea2272685329502de\/2x-Opona-zimowa-Nokian-WR-SNOWPROOF-P-245-35R20-95W-XL-FR 360w,https:\/\/a.allegroimg.com\/original\/11f268\/c23a896047aea2272685329502de\/2x-Opona-zimowa-Nokian-WR-SNOWPROOF-P-245-35R20-95W-XL-FR 500w,https:\/\/a.allegroimg.com\/original\/11f268\/c23a896047aea2272685329502de\/2x-Opona-zimowa-Nokian-WR-SNOWPROOF-P-245-35R20-95W-XL-FR 500w\" sizes=\"(min-width: 1200px) 560px, (min-width: 992px) 50vw, 100vw\" width=\"500px\" alt=\"2x Opona zimowa Nokian WR SNOWPROOF P 245\/35R20 95W XL FR\" style=\"max-width: 100%; height: auto; display: block; margin: 0 auto;\"><\/div>\n<\/div>\n<\/div>\n<\/div>\n<\/div>\n<div style=\"clear: both; display: block; margin: 10px 0;\">\n<div style=\"clear: both; display: block; margin: 10px 0;\">\n<ul style=\"margin: 15px 0; padding-left: 20px; clear: both; display: block; width: 100%; float: none; position: static;\">\n<li style=\"margin: 5px 0; padding: 2px 0; clear: both; display: list-item; float: none; position: static;\">Marka: <b>Nokian<\/b><\/li>\n<li style=\"margin: 5px 0; padding: 2px 0; clear: both; display: list-item; float: none; position: static;\">Liczba opon w ofercie: <b>2 szt.<\/b><\/li>\n<li style=\"margin: 5px 0; padding: 2px 0; clear: both; display: list-item; float: none; position: static;\">Sezon: <b>Zimowe<\/b><\/li>\n<li style=\"margin: 5px 0; padding: 2px 0; clear: both; display: list-item; float: none; position: static;\">Model: <b>WR SNOWPROOF P<\/b><\/li>\n<li style=\"margin: 5px 0; padding: 2px 0; clear: both; display: list-item; float: none; position: static;\">Szeroko\u015b\u0107: <b>245<\/b><\/li>\n<li style=\"margin: 5px 0; padding: 2px 0; clear: both; display: list-item; float: none; position: static;\">Profil: <b>35<\/b><\/li>\n<li style=\"margin: 5px 0; padding: 2px 0; clear: both; display: list-item; float: none; position: static;\">\u015arednica: <b>20<\/b><\/li>\n<li style=\"margin: 5px 0; padding: 2px 0; clear: both; display: list-item; float: none; position: static;\">Index no\u015bno\u015bci: <b>95<\/b><\/li>\n<li style=\"margin: 5px 0; padding: 2px 0; clear: both; display: list-item; float: none; position: static;\">Index pr\u0119dko\u015bci: <b>W<\/b><\/li>\n<li style=\"margin: 5px 0; padding: 2px 0; clear: both; display: list-item; float: none; position: static;\">Hamowanie na mokrym: <b>B<\/b><\/li>\n<li style=\"margin: 5px 0; padding: 2px 0; clear: both; display: list-item; float: none; position: static;\">Op\u00f3r toczenia: <b>C<\/b><\/li>\n<li style=\"margin: 5px 0; padding: 2px 0; clear: both; display: list-item; float: none; position: static;\">Ha\u0142as zewn\u0119trzny: <b>70dB<\/b><\/li>\n<li style=\"margin: 5px 0; padding: 2px 0; clear: both; display: list-item; float: none; position: static;\">SAP: <b>T431251<\/b><\/li>\n<li style=\"margin: 5px 0; padding: 2px 0; clear: both; display: list-item; float: none; position: static;\">EAN: <b>6419440408958<\/b><\/li>\n<\/ul>\n<\/div>\n<\/div>\n<\/div>\n<div style=\"clear: both; display: block; margin: 10px 0;\">\n<div style=\"clear: both; display: block; margin: 10px 0;\">\n<div style=\"clear: both; display: block; margin: 10px 0;\">\n<h3 style=\"color: #2c5aa0; font-size: 18px; margin: 30px 0 15px 0; font-weight: bold; clear: both; display: block; width: 100%; float: none; position: static;\">Rok produkcji (DOT): 2025\/2024 &#8211; kupuj\u0105c z tej oferty otrzymasz opony fabrycznie nowe.<\/h3>\n<p style=\"margin: 15px 0; line-height: 1.8; clear: both; display: block; width: 100%; float: none; position: static;\">Specjali\u015bci z Polskiego Zwi\u0105zku Przemys\u0142u Oponiarskiego (PZPO) podkre\u015blaj\u0105, \u017ce nowe opony, przechowywane w odpowiednich warunkach, zachowuj\u0105 pe\u0142n\u0105 warto\u015b\u0107 i nie r\u00f3\u017cni\u0105 si\u0119 jako\u015bciowo od tych pochodz\u0105cych z bie\u017c\u0105cej produkcji. Wynika to z faktu, \u017ce proces starzenia si\u0119 opon nast\u0119puje wy\u0142\u0105cznie podczas ich eksploatacji, a nie w trakcie przechowywania.<\/p>\n<\/div>\n<\/div>\n<\/div>\n<div style=\"clear: both; display: block; margin: 10px 0;\">\n<div style=\"clear: both; display: block; margin: 10px 0;\">\n<div style=\"clear: both; display: block; margin: 10px 0;\">\n<h3 style=\"color: #2c5aa0; font-size: 18px; margin: 30px 0 15px 0; font-weight: bold; clear: both; display: block; width: 100%; float: none; position: static;\">Rok produkcji opony znajdziesz na jej boku, przy oznaczeniu DOT. Cztery ostatnie cyfry m\u00f3wi\u0105, kiedy opona zosta\u0142a wyprodukowana:<\/h3>\n<ul style=\"margin: 15px 0; padding-left: 20px; clear: both; display: block; width: 100%; float: none; position: static;\">\n<li style=\"margin: 5px 0; padding: 2px 0; clear: both; display: list-item; float: none; position: static;\">Pierwsze dwie \u2013 tydzie\u0144 produkcji,<\/li>\n<li style=\"margin: 5px 0; padding: 2px 0; clear: both; display: list-item; float: none; position: static;\">Ostatnie dwie \u2013 rok produkcji.&nbsp;<\/li>\n<\/ul>\n<p style=\"margin: 15px 0; line-height: 1.8; clear: both; display: block; width: 100%; float: none; position: static;\">Przyk\u0142ad: 1924 oznacza, \u017ce opona zosta\u0142a wyprodukowana w 19 tygodniu 2024 roku.<\/p>\n<\/div>\n<\/div>\n<\/div>\n<div style=\"clear: both; display: block; margin: 10px 0;\">\n<div style=\"clear: both; display: block; margin: 10px 0;\">\n<div style=\"clear: both; display: block; margin: 10px 0;\">\n<h3 style=\"color: #2c5aa0; font-size: 18px; margin: 30px 0 15px 0; font-weight: bold; clear: both; display: block; width: 100%; float: none; position: static;\">Spok\u00f3j i bezpiecze\u0144stwo na zimowych drogach<\/h3>\n<p style=\"margin: 15px 0; line-height: 1.8; clear: both; display: block; width: 100%; float: none; position: static;\">Nowe Nokian Snowproof P to nowoczesne opony o sportowym charakterze, \u0142\u0105cz\u0105ce sterowno\u015b\u0107 i przyczepno\u015b\u0107 w warunkach zimowych. Codzienne manewry, jak nag\u0142a zmiana pasa ruchu na b\u0142ocie po\u015bniegowym, s\u0105 o wiele \u0142atwiejsze dzi\u0119ki znakomitej trakcji, kr\u00f3tszej drodze hamowania i lepszej stabilno\u015bci w zakr\u0119tach.<\/p>\n<ul style=\"margin: 15px 0; padding-left: 20px; clear: both; display: block; width: 100%; float: none; position: static;\">\n<li style=\"margin: 5px 0; padding: 2px 0; clear: both; display: list-item; float: none; position: static;\"><b>STABILNE OSI\u0104GI I ZNAKOMITA PRZYCZEPNO\u015a\u0106 ZIM\u0104<\/b><\/li>\n<li style=\"margin: 5px 0; padding: 2px 0; clear: both; display: list-item; float: none; position: static;\"><b>NIEZAWODNO\u015a\u0106 I PRECYZJA PRZY SZYBKIEJ JE\u0179DZIE<\/b><\/li>\n<li style=\"margin: 5px 0; padding: 2px 0; clear: both; display: list-item; float: none; position: static;\"><b>NISKIE OPORY TOCZENIA TO OSZCZ\u0118DNO\u015a\u0106 PALIWA I TROSKA O \u015aRODOWISKO<\/b><\/li>\n<\/ul>\n<h3 style=\"color: #2c5aa0; font-size: 18px; margin: 30px 0 15px 0; font-weight: bold; clear: both; display: block; width: 100%; float: none; position: static;\">CECHY OPONY:<\/h3>\n<ul style=\"margin: 15px 0; padding-left: 20px; clear: both; display: block; width: 100%; float: none; position: static;\">\n<li style=\"margin: 5px 0; padding: 2px 0; clear: both; display: list-item; float: none; position: static;\"><b>Niezawodno\u015b\u0107 i osi\u0105gi w warunkach \u015brodkowoeuropejskiej zimy<\/b>Nowe Nokian Snowproof P gwarantuj\u0105 bezpieczn\u0105 i efektywn\u0105 jazd\u0119 w ka\u017cdych warunkach &#8211; s\u0105 komfortowe i precyzyjne na suchej autostradzie, bezpieczne i niezawodne na b\u0142ocie po\u015bniegowym w mie\u015bcie i maj\u0105 znakomit\u0105 przyczepno\u015b\u0107 na o\u015bnie\u017conych g\u00f3rskich drogach. Swoje do\u015bwiadczenia z Arktyki stosujemy w warunkach alpejskiej zimy.<\/li>\n<li style=\"margin: 5px 0; padding: 2px 0; clear: both; display: list-item; float: none; position: static;\"><b>Precyzja, sterowno\u015b\u0107 i znakomita przyczepno\u015b\u0107 zim\u0105<\/b>Zmiana pasa na pokrytej b\u0142otem po\u015bniegowym autostradzie lub w\u0142\u0105czanie si\u0119 do ruchu na oblodzonej nawierzchni mog\u0105 by\u0107 nie lada wyzwaniem. Chc\u0105c mu sprosta\u0107, zoptymalizowali\u015bmy wz\u00f3r bie\u017cnika tak, aby zwi\u0119kszy\u0107 powierzchni\u0119 kontaktu opony z jezdni\u0105, co zaowocowa\u0142o lepsz\u0105 przyczepno\u015bci\u0105, sterowno\u015bci\u0105 i przewidywalnymi reakcjami na ruchy kierownicy. Nowy kszta\u0142t lameli zwi\u0119ksza przyczepno\u015b\u0107 w trakcie hamowania i przyspieszania, a wraz z now\u0105 mieszank\u0105 tworzy Alpine Performance &#8211; synonim kontroli, niezawodno\u015bci i maksymalnej przyczepno\u015bci.<\/li>\n<li style=\"margin: 5px 0; padding: 2px 0; clear: both; display: list-item; float: none; position: static;\"><b><br \/>\n","protected":false},"excerpt":{"rendered":"<p>2x Opona zimowa Nokian WR SNOWPROOF P 245\/35R20 95W XL FR<\/p>\n<p>Marka: Nokian<\/p>\n<p>Liczba opon w ofercie: 2 szt.<\/p>\n<p>Sezon: Zimowe<\/p>\n<p>Model: WR SNOWPROOF P<\/p>\n<p>Szeroko\u015b\u0107: 245<\/p>\n<p>Profil: 35<\/p>\n<p>\u015arednica: 20<\/p>\n","protected":false},"featured_media":17265,"template":"","meta":{"_uag_custom_page_level_css":""},"product_brand":[387],"product_cat":[414,413,412,415],"product_tag":[],"class_list":{"0":"post-17264","1":"product","2":"type-product","3":"status-publish","4":"has-post-thumbnail","6":"product_brand-nokian-tyres","7":"product_cat-do-samochodow-osobowych-i-suv","8":"product_cat-opony","9":"product_cat-opony-i-felgi","10":"product_cat-zimowe","12":"first","13":"instock","14":"shipping-taxable","15":"purchasable","16":"product-type-simple"},"uagb_featured_image_src":{"full":["https:\/\/oponixo.shop\/tire\/wp-content\/uploads\/2026\/01\/allegro-image-17264.jpg",500,500,false],"thumbnail":["https:\/\/oponixo.shop\/tire\/wp-content\/uploads\/2026\/01\/allegro-image-17264-150x150.jpg",150,150,true],"medium":["https:\/\/oponixo.shop\/tire\/wp-content\/uploads\/2026\/01\/allegro-image-17264-300x300.jpg",300,300,true],"medium_large":["https:\/\/oponixo.shop\/tire\/wp-content\/uploads\/2026\/01\/allegro-image-17264.jpg",500,500,false],"large":["https:\/\/oponixo.shop\/tire\/wp-content\/uploads\/2026\/01\/allegro-image-17264.jpg",500,500,false],"1536x1536":["https:\/\/oponixo.shop\/tire\/wp-content\/uploads\/2026\/01\/allegro-image-17264.jpg",500,500,false],"2048x2048":["https:\/\/oponixo.shop\/tire\/wp-content\/uploads\/2026\/01\/allegro-image-17264.jpg",500,500,false],"woocommerce_thumbnail":["https:\/\/oponixo.shop\/tire\/wp-content\/uploads\/2026\/01\/allegro-image-17264-300x300.jpg",300,300,true],"woocommerce_single":["https:\/\/oponixo.shop\/tire\/wp-content\/uploads\/2026\/01\/allegro-image-17264.jpg",500,500,false],"woocommerce_gallery_thumbnail":["https:\/\/oponixo.shop\/tire\/wp-content\/uploads\/2026\/01\/allegro-image-17264-100x100.jpg",100,100,true]},"uagb_author_info":{"display_name":"admin","author_link":"https:\/\/oponixo.shop\/tire\/author\/"},"uagb_comment_info":0,"uagb_excerpt":"2x Opona zimowa Nokian WR SNOWPROOF P 245\/35R20 95W XL FR Marka: Nokian Liczba opon w ofercie: 2 szt. Sezon: Zimowe Model: WR SNOWPROOF P Szeroko\u015b\u0107: 245 Profil: 35 \u015arednica: 20","_links":{"self":[{"href":"https:\/\/oponixo.shop\/tire\/wp-json\/wp\/v2\/product\/17264","targetHints":{"allow":["GET"]}}],"collection":[{"href":"https:\/\/oponixo.shop\/tire\/wp-json\/wp\/v2\/product"}],"about":[{"href":"https:\/\/oponixo.shop\/tire\/wp-json\/wp\/v2\/types\/product"}],"wp:featuredmedia":[{"embeddable":true,"href":"https:\/\/oponixo.shop\/tire\/wp-json\/wp\/v2\/media\/17265"}],"wp:attachment":[{"href":"https:\/\/oponixo.shop\/tire\/wp-json\/wp\/v2\/media?parent=17264"}],"wp:term":[{"taxonomy":"product_brand","embeddable":true,"href":"https:\/\/oponixo.shop\/tire\/wp-json\/wp\/v2\/product_brand?post=17264"},{"taxonomy":"product_cat","embeddable":true,"href":"https:\/\/oponixo.shop\/tire\/wp-json\/wp\/v2\/product_cat?post=17264"},{"taxonomy":"product_tag","embeddable":true,"href":"https:\/\/oponixo.shop\/tire\/wp-json\/wp\/v2\/product_tag?post=17264"}],"curies":[{"name":"wp","href":"https:\/\/api.w.org\/{rel}","templated":true}]}}