{"id":17250,"date":"2026-01-17T21:47:13","date_gmt":"2026-01-17T20:47:13","guid":{"rendered":"https:\/\/oponyonline.shop\/xef5\/produkt\/2x-opona-caloroczna-yokohama-geolandar-a-t-g015-205-70r15-96h-fr\/"},"modified":"2026-01-17T21:47:13","modified_gmt":"2026-01-17T20:47:13","slug":"2x-opona-caloroczna-yokohama-geolandar-a-t-g015-205-70r15-96h-fr","status":"publish","type":"product","link":"https:\/\/oponixo.shop\/tire\/produkt\/2x-opona-caloroczna-yokohama-geolandar-a-t-g015-205-70r15-96h-fr\/","title":{"rendered":"2x Opona ca\u0142oroczna Yokohama GEOLANDAR A\/T G015 205\/70R15 96H FR"},"content":{"rendered":"<div style=\"font-family: Arial, sans-serif; line-height: 1.6; color: #333; padding: 20px; clear: both; display: block; width: 100%; float: none; position: static; overflow: hidden;\">\n<div style=\"clear: both; display: block; margin: 10px 0;\">\n<div style=\"clear: both; display: block; margin: 10px 0;\">\n<div style=\"clear: both; display: block; margin: 10px 0;\">\n<h3 style=\"color: #2c5aa0; font-size: 18px; margin: 30px 0 15px 0; font-weight: bold; clear: both; display: block; width: 100%; float: none; position: static;\">2x Opona ca\u0142oroczna Yokohama GEOLANDAR A\/T G015 205\/70R15 96H FR RBL<\/h3>\n<\/div>\n<\/div>\n<\/div>\n<div style=\"clear: both; display: block; margin: 10px 0;\">\n<div style=\"clear: both; display: block; margin: 10px 0;\">\n<div style=\"clear: both; display: block; margin: 10px 0;\">\n<div  style=\"max-width:500px;max-height:500px\">\n<div style=\"clear: both; display: block; margin: 10px 0;\">\n<div style=\"clear: both; width: 100%; display: block; margin: 20px 0; padding: 0; float: none; position: static; text-align: center;\"><img decoding=\"async\"  src=\"https:\/\/a.allegroimg.com\/original\/1177ab\/676afaff4c8f83c77c9585a0ac92\/2x-Opona-caloroczna-Yokohama-GEOLANDAR-A-T-G015-205-70R15-96H-FR\" srcset=\"https:\/\/a.allegroimg.com\/original\/1177ab\/676afaff4c8f83c77c9585a0ac92\/2x-Opona-caloroczna-Yokohama-GEOLANDAR-A-T-G015-205-70R15-96H-FR 360w,https:\/\/a.allegroimg.com\/original\/1177ab\/676afaff4c8f83c77c9585a0ac92\/2x-Opona-caloroczna-Yokohama-GEOLANDAR-A-T-G015-205-70R15-96H-FR 500w,https:\/\/a.allegroimg.com\/original\/1177ab\/676afaff4c8f83c77c9585a0ac92\/2x-Opona-caloroczna-Yokohama-GEOLANDAR-A-T-G015-205-70R15-96H-FR 500w\" sizes=\"(min-width: 1200px) 560px, (min-width: 992px) 50vw, 100vw\" width=\"500px\" alt=\"2x Opona ca\u0142oroczna Yokohama GEOLANDAR A\/T G015 205\/70R15 96H FR\" style=\"max-width: 100%; height: auto; display: block; margin: 0 auto;\"><\/div>\n<\/div>\n<\/div>\n<\/div>\n<\/div>\n<div style=\"clear: both; display: block; margin: 10px 0;\">\n<div style=\"clear: both; display: block; margin: 10px 0;\">\n<ul style=\"margin: 15px 0; padding-left: 20px; clear: both; display: block; width: 100%; float: none; position: static;\">\n<li style=\"margin: 5px 0; padding: 2px 0; clear: both; display: list-item; float: none; position: static;\">Marka: <b>Yokohama<\/b><\/li>\n<li style=\"margin: 5px 0; padding: 2px 0; clear: both; display: list-item; float: none; position: static;\">Liczba opon w ofercie: <b>2 szt.<\/b><\/li>\n<li style=\"margin: 5px 0; padding: 2px 0; clear: both; display: list-item; float: none; position: static;\">Sezon: <b>Wielosezonowe<\/b><\/li>\n<li style=\"margin: 5px 0; padding: 2px 0; clear: both; display: list-item; float: none; position: static;\">Model: <b>GEOLANDAR A\/T G015<\/b><\/li>\n<li style=\"margin: 5px 0; padding: 2px 0; clear: both; display: list-item; float: none; position: static;\">Szeroko\u015b\u0107: <b>205<\/b><\/li>\n<li style=\"margin: 5px 0; padding: 2px 0; clear: both; display: list-item; float: none; position: static;\">Profil: <b>70<\/b><\/li>\n<li style=\"margin: 5px 0; padding: 2px 0; clear: both; display: list-item; float: none; position: static;\">\u015arednica: <b>15<\/b><\/li>\n<li style=\"margin: 5px 0; padding: 2px 0; clear: both; display: list-item; float: none; position: static;\">Index no\u015bno\u015bci: <b>96<\/b><\/li>\n<li style=\"margin: 5px 0; padding: 2px 0; clear: both; display: list-item; float: none; position: static;\">Index pr\u0119dko\u015bci: <b>H<\/b><\/li>\n<li style=\"margin: 5px 0; padding: 2px 0; clear: both; display: list-item; float: none; position: static;\">Hamowanie na mokrym: <b>C<\/b><\/li>\n<li style=\"margin: 5px 0; padding: 2px 0; clear: both; display: list-item; float: none; position: static;\">Op\u00f3r toczenia: <b>E<\/b><\/li>\n<li style=\"margin: 5px 0; padding: 2px 0; clear: both; display: list-item; float: none; position: static;\">Ha\u0142as zewn\u0119trzny: <b>70dB<\/b><\/li>\n<li style=\"margin: 5px 0; padding: 2px 0; clear: both; display: list-item; float: none; position: static;\">SAP: <b>R1150<\/b><\/li>\n<li style=\"margin: 5px 0; padding: 2px 0; clear: both; display: list-item; float: none; position: static;\">EAN: <b>4968814904173<\/b><\/li>\n<\/ul>\n<\/div>\n<\/div>\n<\/div>\n<div style=\"clear: both; display: block; margin: 10px 0;\">\n<div style=\"clear: both; display: block; margin: 10px 0;\">\n<div style=\"clear: both; display: block; margin: 10px 0;\">\n<h3 style=\"color: #2c5aa0; font-size: 18px; margin: 30px 0 15px 0; font-weight: bold; clear: both; display: block; width: 100%; float: none; position: static;\">Rok produkcji (DOT): 2025\/2024 &#8211; kupuj\u0105c z tej oferty otrzymasz opony fabrycznie nowe.<\/h3>\n<p style=\"margin: 15px 0; line-height: 1.8; clear: both; display: block; width: 100%; float: none; position: static;\">Specjali\u015bci z Polskiego Zwi\u0105zku Przemys\u0142u Oponiarskiego (PZPO) podkre\u015blaj\u0105, \u017ce nowe opony, przechowywane w odpowiednich warunkach, zachowuj\u0105 pe\u0142n\u0105 warto\u015b\u0107 i nie r\u00f3\u017cni\u0105 si\u0119 jako\u015bciowo od tych pochodz\u0105cych z bie\u017c\u0105cej produkcji. Wynika to z faktu, \u017ce proces starzenia si\u0119 opon nast\u0119puje wy\u0142\u0105cznie podczas ich eksploatacji, a nie w trakcie przechowywania.<\/p>\n<\/div>\n<\/div>\n<\/div>\n<div style=\"clear: both; display: block; margin: 10px 0;\">\n<div style=\"clear: both; display: block; margin: 10px 0;\">\n<div style=\"clear: both; display: block; margin: 10px 0;\">\n<h3 style=\"color: #2c5aa0; font-size: 18px; margin: 30px 0 15px 0; font-weight: bold; clear: both; display: block; width: 100%; float: none; position: static;\">Rok produkcji opony znajdziesz na jej boku, przy oznaczeniu DOT. Cztery ostatnie cyfry m\u00f3wi\u0105, kiedy opona zosta\u0142a wyprodukowana:<\/h3>\n<ul style=\"margin: 15px 0; padding-left: 20px; clear: both; display: block; width: 100%; float: none; position: static;\">\n<li style=\"margin: 5px 0; padding: 2px 0; clear: both; display: list-item; float: none; position: static;\">Pierwsze dwie \u2013 tydzie\u0144 produkcji,<\/li>\n<li style=\"margin: 5px 0; padding: 2px 0; clear: both; display: list-item; float: none; position: static;\">Ostatnie dwie \u2013 rok produkcji.&nbsp;<\/li>\n<\/ul>\n<p style=\"margin: 15px 0; line-height: 1.8; clear: both; display: block; width: 100%; float: none; position: static;\">Przyk\u0142ad: 1924 oznacza, \u017ce opona zosta\u0142a wyprodukowana w 19 tygodniu 2024 roku.<\/p>\n<\/div>\n<\/div>\n<\/div>\n<div style=\"clear: both; display: block; margin: 10px 0;\">\n<div style=\"clear: both; display: block; margin: 10px 0;\">\n<div style=\"clear: both; display: block; margin: 10px 0;\">\n<h3 style=\"color: #2c5aa0; font-size: 18px; margin: 30px 0 15px 0; font-weight: bold; clear: both; display: block; width: 100%; float: none; position: static;\">Niezawodne w terenie i na asfalcie.<\/h3>\n<ul style=\"margin: 15px 0; padding-left: 20px; clear: both; display: block; width: 100%; float: none; position: static;\">\n<li style=\"margin: 5px 0; padding: 2px 0; clear: both; display: list-item; float: none; position: static;\">Opona YOKOHAMA GEOLANDAR A\/T G015 zosta\u0142a zaprojektowane z my\u015bl\u0105 o pojazdach terenowych, kt\u00f3re wymagaj\u0105 solidnego i sprawdzonego rozwi\u0105zania na wymagaj\u0105ce trasy.<\/li>\n<li style=\"margin: 5px 0; padding: 2px 0; clear: both; display: list-item; float: none; position: static;\">Komfortowe tak\u017ce na asfalcie &#8211; Wieloskokowa konstrukcja bie\u017cnika minimalizuje ha\u0142as generowany podczas toczenia, co czyni je doskona\u0142ym wyborem tak\u017ce na d\u0142u\u017csze trasy i autostrady, zapewniaj\u0105c p\u0142ynn\u0105 i mniej m\u0119cz\u0105c\u0105 jazd\u0119.<\/li>\n<li style=\"margin: 5px 0; padding: 2px 0; clear: both; display: list-item; float: none; position: static;\">Opona YOKOHAMA GEOLANDAR A\/T G015 zosta\u0142a stworzona ze specjalnej mieszanki gumowej o zwi\u0119kszonej twardo\u015bci, dodatkowe obci\u0105\u017cenie nie wp\u0142ywa negatywnie na stabilno\u015b\u0107, a bloki bie\u017cnika zachowuj\u0105 odporno\u015b\u0107 na deformacje, gwarantuj\u0105c niezawodne prowadzenie.<\/li>\n<\/ul>\n<p style=\"margin: 15px 0; line-height: 1.8; clear: both; display: block; width: 100%; float: none; position: static;\"><b>Mocne barki dla lepszej trakcji.<\/b>Barkowe obszary bie\u017cnika YOKOHAMA GEOLANDAR A\/T G015 zosta\u0142y wzmocnione solidnymi blokami o agresywnej konstrukcji, kt\u00f3re zapewniaj\u0105 stabilno\u015b\u0107 na utwardzonych nawierzchniach oraz lepsz\u0105 przyczepno\u015b\u0107 w terenie. Dodatkowo szeroki, p\u0142aski profil bark\u00f3w sprzyja r\u00f3wnomiernemu zu\u017cyciu bie\u017cnika, co przek\u0142ada si\u0119 na d\u0142u\u017csz\u0105 \u017cywotno\u015b\u0107 opony i pewno\u015b\u0107 prowadzenia przez ca\u0142y okres eksploatacji.<b>Trwa\u0142o\u015b\u0107 dzi\u0119ki technologii Endurocore.<\/b>W konstrukcji zastosowano zaawansowan\u0105 technologi\u0119 Endurocore, kt\u00f3ra zwi\u0119ksza odporno\u015b\u0107 opony na uszkodzenia i przedwczesne zu\u017cycie. To rozwi\u0105zanie sprawia, \u017ce YOKOHAMA GEOLANDAR A\/T G015 idealnie nadaje si\u0119 do jazdy w trudnym terenie, oferuj\u0105c wi\u0119ksz\u0105 wytrzyma\u0142o\u015b\u0107 oraz niezawodno\u015b\u0107 w wymagaj\u0105cych warunkach.<\/p>\n<\/div>\n<\/div>\n<\/div>\n<\/div>\n<\/div>\n<\/div>\n<div style=\"clear: both; display: block; margin: 10px 0;\">\n","protected":false},"excerpt":{"rendered":"<p>2x Opona ca\u0142oroczna Yokohama GEOLANDAR A\/T G015 205\/70R15 96H FR RBL<\/p>\n<p>Marka: Yokohama<\/p>\n<p>Liczba opon w ofercie: 2 szt.<\/p>\n<p>Sezon: Wielosezonowe<\/p>\n<p>Model: GEOLANDAR A\/T G015<\/p>\n<p>Szeroko\u015b\u0107: 205<\/p>\n<p>Profil: 70<\/p>\n<p>\u015arednica: 15<\/p>\n","protected":false},"featured_media":17251,"template":"","meta":{"_uag_custom_page_level_css":""},"product_brand":[410],"product_cat":[416,428,413,412],"product_tag":[],"class_list":{"0":"post-17250","1":"product","2":"type-product","3":"status-publish","4":"has-post-thumbnail","6":"product_brand-yokohama","7":"product_cat-caloroczne","8":"product_cat-do-samochodow-terenowych-i-4x4","9":"product_cat-opony","10":"product_cat-opony-i-felgi","12":"first","13":"instock","14":"shipping-taxable","15":"purchasable","16":"product-type-simple"},"uagb_featured_image_src":{"full":["https:\/\/oponixo.shop\/tire\/wp-content\/uploads\/2026\/01\/allegro-image-17250.jpg",500,500,false],"thumbnail":["https:\/\/oponixo.shop\/tire\/wp-content\/uploads\/2026\/01\/allegro-image-17250-150x150.jpg",150,150,true],"medium":["https:\/\/oponixo.shop\/tire\/wp-content\/uploads\/2026\/01\/allegro-image-17250-300x300.jpg",300,300,true],"medium_large":["https:\/\/oponixo.shop\/tire\/wp-content\/uploads\/2026\/01\/allegro-image-17250.jpg",500,500,false],"large":["https:\/\/oponixo.shop\/tire\/wp-content\/uploads\/2026\/01\/allegro-image-17250.jpg",500,500,false],"1536x1536":["https:\/\/oponixo.shop\/tire\/wp-content\/uploads\/2026\/01\/allegro-image-17250.jpg",500,500,false],"2048x2048":["https:\/\/oponixo.shop\/tire\/wp-content\/uploads\/2026\/01\/allegro-image-17250.jpg",500,500,false],"woocommerce_thumbnail":["https:\/\/oponixo.shop\/tire\/wp-content\/uploads\/2026\/01\/allegro-image-17250-300x300.jpg",300,300,true],"woocommerce_single":["https:\/\/oponixo.shop\/tire\/wp-content\/uploads\/2026\/01\/allegro-image-17250.jpg",500,500,false],"woocommerce_gallery_thumbnail":["https:\/\/oponixo.shop\/tire\/wp-content\/uploads\/2026\/01\/allegro-image-17250-100x100.jpg",100,100,true]},"uagb_author_info":{"display_name":"admin","author_link":"https:\/\/oponixo.shop\/tire\/author\/"},"uagb_comment_info":0,"uagb_excerpt":"2x Opona ca\u0142oroczna Yokohama GEOLANDAR A\/T G015 205\/70R15 96H FR RBL Marka: Yokohama Liczba opon w ofercie: 2 szt. Sezon: Wielosezonowe Model: GEOLANDAR A\/T G015 Szeroko\u015b\u0107: 205 Profil: 70 \u015arednica: 15","_links":{"self":[{"href":"https:\/\/oponixo.shop\/tire\/wp-json\/wp\/v2\/product\/17250","targetHints":{"allow":["GET"]}}],"collection":[{"href":"https:\/\/oponixo.shop\/tire\/wp-json\/wp\/v2\/product"}],"about":[{"href":"https:\/\/oponixo.shop\/tire\/wp-json\/wp\/v2\/types\/product"}],"wp:featuredmedia":[{"embeddable":true,"href":"https:\/\/oponixo.shop\/tire\/wp-json\/wp\/v2\/media\/17251"}],"wp:attachment":[{"href":"https:\/\/oponixo.shop\/tire\/wp-json\/wp\/v2\/media?parent=17250"}],"wp:term":[{"taxonomy":"product_brand","embeddable":true,"href":"https:\/\/oponixo.shop\/tire\/wp-json\/wp\/v2\/product_brand?post=17250"},{"taxonomy":"product_cat","embeddable":true,"href":"https:\/\/oponixo.shop\/tire\/wp-json\/wp\/v2\/product_cat?post=17250"},{"taxonomy":"product_tag","embeddable":true,"href":"https:\/\/oponixo.shop\/tire\/wp-json\/wp\/v2\/product_tag?post=17250"}],"curies":[{"name":"wp","href":"https:\/\/api.w.org\/{rel}","templated":true}]}}