{"id":17017,"date":"2026-01-17T16:51:07","date_gmt":"2026-01-17T15:51:07","guid":{"rendered":"https:\/\/oponyonline.shop\/xef5\/produkt\/2x-kormoran-165-60r15-77h-road-performance-letnie-2024-r\/"},"modified":"2026-01-17T16:51:08","modified_gmt":"2026-01-17T15:51:08","slug":"2x-kormoran-165-60r15-77h-road-performance-letnie-2024-r","status":"publish","type":"product","link":"https:\/\/oponexa.shop\/tire\/produkt\/2x-kormoran-165-60r15-77h-road-performance-letnie-2024-r\/","title":{"rendered":"2x KORMORAN 165\/60R15 77H Road Performance letnie 2024 r"},"content":{"rendered":"<div style=\"font-family: Arial, sans-serif; line-height: 1.6; color: #333; padding: 20px; clear: both; display: block; width: 100%; float: none; position: static; overflow: hidden;\">\n<div style=\"clear: both; display: block; margin: 10px 0;\">\n<div style=\"clear: both; display: block; margin: 10px 0;\">\n<div style=\"clear: both; display: block; margin: 10px 0;\">\n<h1>Rok produkcji: 2024<\/h1>\n<\/div>\n<\/div>\n<\/div>\n<div style=\"clear: both; display: block; margin: 10px 0;\">\n<div style=\"clear: both; display: block; margin: 10px 0;\">\n<div style=\"clear: both; display: block; margin: 10px 0;\">\n<div  style=\"max-width:1200px;max-height:1126px\">\n<div style=\"clear: both; display: block; margin: 10px 0;\">\n<div style=\"clear: both; width: 100%; display: block; margin: 20px 0; padding: 0; float: none; position: static; text-align: center;\"><img decoding=\"async\"  src=\"https:\/\/a.allegroimg.com\/original\/118c82\/18708ea44de4b5a9bdf72387d67b\/2x-KORMORAN-165-60R15-77H-Road-Performance-letnie-2024-r\" srcset=\"https:\/\/a.allegroimg.com\/original\/118c82\/18708ea44de4b5a9bdf72387d67b\/2x-KORMORAN-165-60R15-77H-Road-Performance-letnie-2024-r 360w,https:\/\/a.allegroimg.com\/original\/118c82\/18708ea44de4b5a9bdf72387d67b\/2x-KORMORAN-165-60R15-77H-Road-Performance-letnie-2024-r 720w,https:\/\/a.allegroimg.com\/original\/118c82\/18708ea44de4b5a9bdf72387d67b\/2x-KORMORAN-165-60R15-77H-Road-Performance-letnie-2024-r 1024w,https:\/\/a.allegroimg.com\/original\/118c82\/18708ea44de4b5a9bdf72387d67b\/2x-KORMORAN-165-60R15-77H-Road-Performance-letnie-2024-r 1200w,https:\/\/a.allegroimg.com\/original\/118c82\/18708ea44de4b5a9bdf72387d67b\/2x-KORMORAN-165-60R15-77H-Road-Performance-letnie-2024-r 1200w\" sizes=\"(min-width: 1200px) 560px, (min-width: 992px) 50vw, 100vw\" width=\"1200px\" alt=\"2x KORMORAN 165\/60R15 77H Road Performance letnie 2024 r\" style=\"max-width: 100%; height: auto; display: block; margin: 0 auto;\"><\/div>\n<\/div>\n<\/div>\n<\/div>\n<\/div>\n<div style=\"clear: both; display: block; margin: 10px 0;\">\n<div style=\"clear: both; display: block; margin: 10px 0;\">\n<h1>KORMORAN Road Performance 165\/60R15 77H<\/h1>\n<h2>E43559<\/h2>\n<ul style=\"margin: 15px 0; padding-left: 20px; clear: both; display: block; width: 100%; float: none; position: static;\">\n<li style=\"margin: 5px 0; padding: 2px 0; clear: both; display: list-item; float: none; position: static;\"><b>Data produkcji :<\/b> 2024<\/li>\n<li style=\"margin: 5px 0; padding: 2px 0; clear: both; display: list-item; float: none; position: static;\"><b>Hamowanie na mokrej nawierzchni :<\/b> C<\/li>\n<li style=\"margin: 5px 0; padding: 2px 0; clear: both; display: list-item; float: none; position: static;\"><b>Indeks :<\/b> 165\/60R15 LOKO 77H RPER<\/li>\n<li style=\"margin: 5px 0; padding: 2px 0; clear: both; display: list-item; float: none; position: static;\"><b>Indeks no\u015bno\u015bci :<\/b> 77<\/li>\n<li style=\"margin: 5px 0; padding: 2px 0; clear: both; display: list-item; float: none; position: static;\"><b>Indeks pr\u0119dko\u015bci :<\/b> H &#8211; 210 km\/h<\/li>\n<li style=\"margin: 5px 0; padding: 2px 0; clear: both; display: list-item; float: none; position: static;\"><b>Karta informacyjna produktu :<\/b> https:\/\/eprel.ec.europa.eu\/qr\/408249<\/li>\n<li style=\"margin: 5px 0; padding: 2px 0; clear: both; display: list-item; float: none; position: static;\"><b>Kl. efekt. paliwowej :<\/b> D<\/li>\n<li style=\"margin: 5px 0; padding: 2px 0; clear: both; display: list-item; float: none; position: static;\"><b>Kl. przycz. na mokrej naw. :<\/b> C<\/li>\n<li style=\"margin: 5px 0; padding: 2px 0; clear: both; display: list-item; float: none; position: static;\"><b>Kl. zew. ha\u0142asu tocz. :<\/b> B<\/li>\n<li style=\"margin: 5px 0; padding: 2px 0; clear: both; display: list-item; float: none; position: static;\"><b>Klasa opony :<\/b> bud\u017cet<\/li>\n<li style=\"margin: 5px 0; padding: 2px 0; clear: both; display: list-item; float: none; position: static;\"><b>Kod EAN :<\/b> 3528700021837<\/li>\n<li style=\"margin: 5px 0; padding: 2px 0; clear: both; display: list-item; float: none; position: static;\"><b>Kod producenta :<\/b> 2183<\/li>\n<li style=\"margin: 5px 0; padding: 2px 0; clear: both; display: list-item; float: none; position: static;\"><b>Liczba decybeli :<\/b> 70 dB<\/li>\n<li style=\"margin: 5px 0; padding: 2px 0; clear: both; display: list-item; float: none; position: static;\"><b>Model bie\u017cnika :<\/b> Road Performance<\/li>\n<li style=\"margin: 5px 0; padding: 2px 0; clear: both; display: list-item; float: none; position: static;\"><b>Nazwa produktu :<\/b> KORMORAN 165\/60R15 77H Road Performance letnie<\/li>\n<li style=\"margin: 5px 0; padding: 2px 0; clear: both; display: list-item; float: none; position: static;\"><b>Op\u00f3r toczenia :<\/b> E<\/li>\n<li style=\"margin: 5px 0; padding: 2px 0; clear: both; display: list-item; float: none; position: static;\"><b>Poziom emisji ha\u0142asu :<\/b> 2<\/li>\n<li style=\"margin: 5px 0; padding: 2px 0; clear: both; display: list-item; float: none; position: static;\"><b>Producent :<\/b> KORMORAN<\/li>\n<li style=\"margin: 5px 0; padding: 2px 0; clear: both; display: list-item; float: none; position: static;\"><b>Profil :<\/b> 60<\/li>\n<li style=\"margin: 5px 0; padding: 2px 0; clear: both; display: list-item; float: none; position: static;\"><b>Przeznaczenie :<\/b> samochody osobowe\/SUV\/4&#215;4<\/li>\n<li style=\"margin: 5px 0; padding: 2px 0; clear: both; display: list-item; float: none; position: static;\"><b>Przyczepno\u015b\u0107 na lodzie :<\/b> Nie<\/li>\n<li style=\"margin: 5px 0; padding: 2px 0; clear: both; display: list-item; float: none; position: static;\"><b>Przyczepno\u015b\u0107 na \u015bniegu :<\/b> Nie<\/li>\n<li style=\"margin: 5px 0; padding: 2px 0; clear: both; display: list-item; float: none; position: static;\"><b>QR kod :<\/b> https:\/\/eprel.ec.europa.eu\/qr\/408249<\/li>\n<li style=\"margin: 5px 0; padding: 2px 0; clear: both; display: list-item; float: none; position: static;\"><b>Sezon :<\/b> letnia<\/li>\n<li style=\"margin: 5px 0; padding: 2px 0; clear: both; display: list-item; float: none; position: static;\"><b>\u015arednica :<\/b> 15&#8243;<\/li>\n<li style=\"margin: 5px 0; padding: 2px 0; clear: both; display: list-item; float: none; position: static;\"><b>Szeroko\u015b\u0107 :<\/b> 165<\/li>\n<li style=\"margin: 5px 0; padding: 2px 0; clear: both; display: list-item; float: none; position: static;\"><b>Wart. pom. i kl. zew. ha\u0142asu tocz. [dB] :<\/b> 70<\/li>\n<\/ul>\n<\/div>\n<\/div>\n<\/div>\n<div style=\"clear: both; display: block; margin: 10px 0;\">\n<div style=\"clear: both; display: block; margin: 10px 0;\">\n<div style=\"clear: both; display: block; margin: 10px 0;\">\n<p style=\"margin: 15px 0; line-height: 1.8; clear: both; display: block; width: 100%; float: none; position: static;\"> Kormoran Road Performance to opona klasy ekonomicznej, opracowana z my\u015bl\u0105 o samochodach osobowych, kt\u00f3ra doskonale sprawdzi si\u0119 w miejskich warunkach drogowych.<\/p>\n<p style=\"margin: 15px 0; line-height: 1.8; clear: both; display: block; width: 100%; float: none; position: static;\"> Dzi\u0119ki wsparciu jednego z najwi\u0119kszych na \u015bwiecie producent\u00f3w opon &#8211; Michelin, model Road Performance \u0142\u0105czy ze sob\u0105 nowoczesne technologie i optymaln\u0105 cen\u0105 zakupu. Na etapie projektowania, du\u017c\u0105 wag\u0119 przywi\u0105zano do aspekt\u00f3w bezpiecze\u0144stwa, dlatego skupiono si\u0119 na dobrej przyczepno\u015bci w ka\u017cdych warunkach.<\/p>\n<p style=\"margin: 15px 0; line-height: 1.8; clear: both; display: block; width: 100%; float: none; position: static;\"> Road Performance wyposa\u017cono w asymetryczny bie\u017cnik z usztywnionymi \u017cebrami barkowymi i jeszcze g\u0142\u0119bsz\u0105 konstrukcj\u0105, co wspomaga stabilno\u015b\u0107 jazdy i jeszcze lepsz\u0105 przyczepno\u015b\u0107 zar\u00f3wno na suchej jak i mokrej nawierzchni. Dwa szerokie rowki centralne w po\u0142\u0105czeniu z poszerzonymi rowkami na barkach du\u017co szybciej i skuteczniej odprowadzaj\u0105 wod\u0119 z blok\u00f3w bie\u017cnika, wspomagaj\u0105c trakcj\u0119 w deszczowych warunkach oraz skracaj\u0105c drog\u0119 hamowania w sytuacjach awaryjnych.<\/p>\n<p style=\"margin: 15px 0; line-height: 1.8; clear: both; display: block; width: 100%; float: none; position: static;\"> W mieszance gumy bie\u017cnika zastosowano krzemionk\u0119, co pozwoli\u0142o na zmniejszenie wagi opony oraz zwi\u0119kszenie jej odporno\u015bci na \u015bcieranie czego efektem jest wi\u0119ksza trwa\u0142o\u015b\u0107 bie\u017cnika i wyd\u0142u\u017cony okres u\u017cytkowania. Opona charakteryzuje si\u0119 tak\u017ce zmniejszonymi oporami toczenia co wp\u0142ywa korzystnie na efektywno\u015b\u0107 paliwow\u0105.<\/p>\n<p style=\"margin: 15px 0; line-height: 1.8; clear: both; display: block; width: 100%; float: none; position: static;\"> Kormoran Road Performance to dobry wyb\u00f3r dla u\u017cytkownik\u00f3w poszukuj\u0105cych opon o zr\u00f3wnowa\u017conych parametrach, zapewniaj\u0105cych bezpiecze\u0144stwo jazdy i dost\u0119pnych w korzystnym przedziale cenowym.<\/p>\n<\/div>\n<\/div>\n<div style=\"clear: both; display: block; margin: 10px 0;\">\n<div style=\"clear: both; display: block; margin: 10px 0;\">\n<div  style=\"max-width:886px;max-height:1299px\">\n<div style=\"clear: both; display: block; margin: 10px 0;\">\n<div style=\"clear: both; width: 100%; display: block; margin: 20px 0; padding: 0; float: none; position: static; text-align: center;\"><img decoding=\"async\"  src=\"https:\/\/a.allegroimg.com\/original\/113ea2\/37e2c09b4ff390673ed3426577f8\/2x-KORMORAN-165-60R15-77H-Road-Performance-letnie-2024-r-Srednica-15\" srcset=\"https:\/\/a.allegroimg.com\/original\/113ea2\/37e2c09b4ff390673ed3426577f8\/2x-KORMORAN-165-60R15-77H-Road-Performance-letnie-2024-r-Srednica-15 245w,https:\/\/a.allegroimg.com\/original\/113ea2\/37e2c09b4ff390673ed3426577f8\/2x-KORMORAN-165-60R15-77H-Road-Performance-letnie-2024-r-Srednica-15 491w,https:\/\/a.allegroimg.com\/original\/113ea2\/37e2c09b4ff390673ed3426577f8\/2x-KORMORAN-165-60R15-77H-Road-Performance-letnie-2024-r-Srednica-15 698w,https:\/\/a.allegroimg.com\/original\/113ea2\/37e2c09b4ff390673ed3426577f8\/2x-KORMORAN-165-60R15-77H-Road-Performance-letnie-2024-r-Srednica-15 886w,https:\/\/a.allegroimg.com\/original\/113ea2\/37e2c09b4ff390673ed3426577f8\/2x-KORMORAN-165-60R15-77H-Road-Performance-letnie-2024-r-Srednica-15 886w\" sizes=\"(min-width: 1200px) 560px, (min-width: 992px) 50vw, 100vw\" width=\"886px\" alt=\"2x KORMORAN 165\/60R15 77H Road Performance letnie 2024 r \u015arednica 15&quot;\" style=\"max-width: 100%; height: auto; display: block; margin: 0 auto;\"><\/div>\n<\/div>\n<\/div>\n<\/div>\n<\/div>\n<\/div>\n<div style=\"clear: both; display: block; margin: 10px 0;\">\n<div style=\"clear: both; display: block; margin: 10px 0;\">\n<div style=\"clear: both; display: block; margin: 10px 0;\">\n<p style=\"margin: 15px 0; line-height: 1.8; clear: both; display: block; width: 100%; float: none; position: static;\">Wychodz\u0105c naprzeciw oczekiwaniom Klient\u00f3w i chc\u0105c spe\u0142nia\u0107 jak najwy\u017csze standardy obs\u0142ugi dok\u0142adamy wszelkich stara\u0144, aby podawa\u0107 precyzyjn\u0105 dat\u0119 produkcji opony (DOT). Niestety, w wyj\u0105tkowych przypadkach, mo\u017ce zdarzy\u0107 si\u0119, \u017ce opony, kt\u00f3re wy\u015blemy b\u0119d\u0105 mia\u0142y inn\u0105 dat\u0119 produkcji ni\u017c podana. Sytuacja mo\u017ce dotyczy\u0107 zar\u00f3wno opon z DOT-em wcze\u015bniejszym jak i p\u00f3\u017aniejszym. Chcieliby\u015bmy podkre\u015bli\u0107, \u017ce warunki przechowywania opon w naszych magazynach spe\u0142niaj\u0105 Polsk\u0105 Norm\u0119 PN-C-94300-7 dzi\u0119ki czemu nawet opona przechowywana 24 miesi\u0105ce ma parametry takie same jak opona z bie\u017c\u0105cego roku. Warto pami\u0119ta\u0107 tak\u017ce o fakcie, \u017ce w przypadku wielu rozmiar\u00f3w i producent\u00f3w plany produkcyjne fabryk uniemo\u017cliwiaj\u0105 zakup opony z bie\u017c\u0105cego roku.<\/p>\n<p style=\"margin: 15px 0; line-height: 1.8; clear: both; display: block; width: 100%; float: none; position: static;\">Przy zakupie opon pami\u0119taj o sprawdzeniu w instrukcji samochodu lub na w\u0142a\u015bciwej stronie internetowej, jakie ogumienie zaleca producent Twojego auta. \u0179le dobrane opony mog\u0105 negatywnie wp\u0142yn\u0105\u0107 na poziom Twojego bezpiecze\u0144stwa. Kupuj\u0105c opony zwr\u00f3\u0107 uwag\u0119 na rozmiar oraz indeksy no\u015bno\u015bci i pr\u0119dko\u015bci jakie homologowane s\u0105 do Twojego pojazdu.<\/p>\n<p style=\"margin: 15px 0; line-height: 1.8; clear: both; display: block; width: 100%; float: none; position: static;\">Zamieszczone zdj\u0119cia pe\u0142ni\u0105 funkcj\u0119 pogl\u0105dow\u0105. W zale\u017cno\u015bci od szeroko\u015bci opon, mog\u0105 wyst\u0119powa\u0107 niewielkie r\u00f3\u017cnice w wygl\u0105dzie bie\u017cnika (w obr\u0119bie jednego modelu) na przyk\u0142ad w ilo\u015bci rowk\u00f3w obwodowych lub rozmieszczeniu blok\u00f3w bie\u017cnika, co nie stanowi wady produktu.<\/p>\n<p style=\"margin: 15px 0; line-height: 1.8; clear: both; display: block; width: 100%; float: none; position: static;\">Je\u017celi otrzymane przez Ciebie opony nie spe\u0142niaj\u0105 Twoich oczekiwa\u0144 masz mo\u017cliwo\u015b\u0107 zwrotu lub wymiany nieu\u017cywanego (niemontowanego) ogumienia.<\/p>\n<\/div>\n<\/div>\n<\/div>\n<div style=\"clear: both; display: block; margin: 10px 0;\">\n<div style=\"clear: both; display: block; margin: 10px 0;\">\n<div style=\"clear: both; display: block; margin: 10px 0;\">\n<div  style=\"max-width:720px;max-height:224px\">\n<div style=\"clear: both; display: block; margin: 10px 0;\">\n<div style=\"clear: both; width: 100%; display: block; margin: 20px 0; padding: 0; float: none; position: static; text-align: center;\"><img decoding=\"async\"  src=\"https:\/\/a.allegroimg.com\/original\/1132ff\/d3445e8a466498cc017cdcf0ad67\/2x-KORMORAN-165-60R15-77H-Road-Performance-letnie-2024-r-Waga-produktu-z-opakowaniem-jednostkowym-16-kg\" srcset=\"https:\/\/a.allegroimg.com\/original\/1132ff\/d3445e8a466498cc017cdcf0ad67\/2x-KORMORAN-165-60R15-77H-Road-Performance-letnie-2024-r-Waga-produktu-z-opakowaniem-jednostkowym-16-kg 360w,https:\/\/a.allegroimg.com\/original\/1132ff\/d3445e8a466498cc017cdcf0ad67\/2x-KORMORAN-165-60R15-77H-Road-Performance-letnie-2024-r-Waga-produktu-z-opakowaniem-jednostkowym-16-kg 720w,https:\/\/a.allegroimg.com\/original\/1132ff\/d3445e8a466498cc017cdcf0ad67\/2x-KORMORAN-165-60R15-77H-Road-Performance-letnie-2024-r-Waga-produktu-z-opakowaniem-jednostkowym-16-kg 720w\" sizes=\"(min-width: 1200px) 560px, (min-width: 992px) 50vw, 100vw\" width=\"720px\" alt=\"2x KORMORAN 165\/60R15 77H Road Performance letnie 2024 r Waga produktu z opakowaniem jednostkowym 16 kg\" style=\"max-width: 100%; height: auto; display: block; margin: 0 auto;\"><\/div>\n<\/div>\n<\/div>\n<\/div>\n<\/div>\n<div style=\"clear: both; display: block; margin: 10px 0;\">\n<div style=\"clear: both; display: block; margin: 10px 0;\">\n<h1>Kormoran<\/h1>\n<p style=\"margin: 15px 0; line-height: 1.8; clear: both; display: block; width: 100%; float: none; position: static;\">Firma Kormoran ju\u017c od kilkunastu lat zajmuje siln\u0105 pozycj\u0119 na rynku r\u00f3\u017cnego rodzaju ogumienia samochodowego, poczynaj\u0105c od opon do motocykli, poprzez opony do samochod\u00f3w osobowych, ci\u0119\u017carowych, ci\u0105gnik\u00f3w, a na oponach do specjalistycznych maszyn budowlanych ko\u0144cz\u0105c<\/p>\n<\/div>\n<\/div>\n<\/div>\n<\/div>\n<\/div>\n<\/div>\n<div style=\"clear: both; display: block; margin: 10px 0;\">\n","protected":false},"excerpt":{"rendered":"<p>Rok produkcji: 2024<\/p>\n<p>KORMORAN Road Performance 165\/60R15 77H<\/p>\n<p>E43559<\/p>\n<p>Data produkcji : 2024<\/p>\n<p>Hamowanie na mokrej nawierzchni : C<\/p>\n<p>Indeks : 165\/60R15 LOKO 77H RPER<\/p>\n<p>Indeks no\u015bno\u015bci : 77<\/p>\n<p>Indeks pr\u0119dko\u015bci : H &#8211; 210 km\/h<\/p>\n","protected":false},"featured_media":17018,"template":"","meta":{"_uag_custom_page_level_css":""},"product_brand":[382],"product_cat":[414,418,413,412],"product_tag":[],"class_list":{"0":"post-17017","1":"product","2":"type-product","3":"status-publish","4":"has-post-thumbnail","6":"product_brand-kormoran","7":"product_cat-do-samochodow-osobowych-i-suv","8":"product_cat-letnie","9":"product_cat-opony","10":"product_cat-opony-i-felgi","12":"first","13":"instock","14":"shipping-taxable","15":"purchasable","16":"product-type-simple"},"uagb_featured_image_src":{"full":["https:\/\/oponexa.shop\/tire\/wp-content\/uploads\/2026\/01\/allegro-image-17017.jpg",1200,1126,false],"thumbnail":["https:\/\/oponexa.shop\/tire\/wp-content\/uploads\/2026\/01\/allegro-image-17017-150x150.jpg",150,150,true],"medium":["https:\/\/oponexa.shop\/tire\/wp-content\/uploads\/2026\/01\/allegro-image-17017-300x282.jpg",300,282,true],"medium_large":["https:\/\/oponexa.shop\/tire\/wp-content\/uploads\/2026\/01\/allegro-image-17017-768x721.jpg",768,721,true],"large":["https:\/\/oponexa.shop\/tire\/wp-content\/uploads\/2026\/01\/allegro-image-17017-1024x961.jpg",1024,961,true],"1536x1536":["https:\/\/oponexa.shop\/tire\/wp-content\/uploads\/2026\/01\/allegro-image-17017.jpg",1200,1126,false],"2048x2048":["https:\/\/oponexa.shop\/tire\/wp-content\/uploads\/2026\/01\/allegro-image-17017.jpg",1200,1126,false],"woocommerce_thumbnail":["https:\/\/oponexa.shop\/tire\/wp-content\/uploads\/2026\/01\/allegro-image-17017-300x300.jpg",300,300,true],"woocommerce_single":["https:\/\/oponexa.shop\/tire\/wp-content\/uploads\/2026\/01\/allegro-image-17017-600x563.jpg",600,563,true],"woocommerce_gallery_thumbnail":["https:\/\/oponexa.shop\/tire\/wp-content\/uploads\/2026\/01\/allegro-image-17017-100x100.jpg",100,100,true]},"uagb_author_info":{"display_name":"admin","author_link":"https:\/\/oponexa.shop\/tire\/author\/"},"uagb_comment_info":0,"uagb_excerpt":"Rok produkcji: 2024 KORMORAN Road Performance 165\/60R15 77H E43559 Data produkcji : 2024 Hamowanie na mokrej nawierzchni : C Indeks : 165\/60R15 LOKO 77H RPER Indeks no\u015bno\u015bci : 77 Indeks pr\u0119dko\u015bci : H - 210 km\/h","_links":{"self":[{"href":"https:\/\/oponexa.shop\/tire\/wp-json\/wp\/v2\/product\/17017","targetHints":{"allow":["GET"]}}],"collection":[{"href":"https:\/\/oponexa.shop\/tire\/wp-json\/wp\/v2\/product"}],"about":[{"href":"https:\/\/oponexa.shop\/tire\/wp-json\/wp\/v2\/types\/product"}],"wp:featuredmedia":[{"embeddable":true,"href":"https:\/\/oponexa.shop\/tire\/wp-json\/wp\/v2\/media\/17018"}],"wp:attachment":[{"href":"https:\/\/oponexa.shop\/tire\/wp-json\/wp\/v2\/media?parent=17017"}],"wp:term":[{"taxonomy":"product_brand","embeddable":true,"href":"https:\/\/oponexa.shop\/tire\/wp-json\/wp\/v2\/product_brand?post=17017"},{"taxonomy":"product_cat","embeddable":true,"href":"https:\/\/oponexa.shop\/tire\/wp-json\/wp\/v2\/product_cat?post=17017"},{"taxonomy":"product_tag","embeddable":true,"href":"https:\/\/oponexa.shop\/tire\/wp-json\/wp\/v2\/product_tag?post=17017"}],"curies":[{"name":"wp","href":"https:\/\/api.w.org\/{rel}","templated":true}]}}