{"id":16980,"date":"2026-01-17T16:16:47","date_gmt":"2026-01-17T15:16:47","guid":{"rendered":"https:\/\/oponyonline.shop\/xef5\/produkt\/2x-hankook-195-65r14-89t-winter-icept-rs-w442-zimowe-2024-r\/"},"modified":"2026-01-17T16:16:48","modified_gmt":"2026-01-17T15:16:48","slug":"2x-hankook-195-65r14-89t-winter-icept-rs-w442-zimowe-2024-r","status":"publish","type":"product","link":"https:\/\/oponixo.shop\/tire\/produkt\/2x-hankook-195-65r14-89t-winter-icept-rs-w442-zimowe-2024-r\/","title":{"rendered":"2x HANKOOK 195\/65R14 89T Winter i*cept RS W442 zimowe 2024 r"},"content":{"rendered":"<div style=\"font-family: Arial, sans-serif; line-height: 1.6; color: #333; padding: 20px; clear: both; display: block; width: 100%; float: none; position: static; overflow: hidden;\">\n<div style=\"clear: both; display: block; margin: 10px 0;\">\n<div style=\"clear: both; display: block; margin: 10px 0;\">\n<div style=\"clear: both; display: block; margin: 10px 0;\">\n<h1>Rok produkcji: 2024<\/h1>\n<\/div>\n<\/div>\n<\/div>\n<div style=\"clear: both; display: block; margin: 10px 0;\">\n<div style=\"clear: both; display: block; margin: 10px 0;\">\n<div style=\"clear: both; display: block; margin: 10px 0;\">\n<div  style=\"max-width:1200px;max-height:1126px\">\n<div style=\"clear: both; display: block; margin: 10px 0;\">\n<div style=\"clear: both; width: 100%; display: block; margin: 20px 0; padding: 0; float: none; position: static; text-align: center;\"><img decoding=\"async\"  src=\"https:\/\/a.allegroimg.com\/original\/110e62\/ea67418f4b9e9b8111d2859c9d58\/2x-HANKOOK-195-65R14-89T-Winter-i-cept-RS-W442-zimowe-2024-r\" srcset=\"https:\/\/a.allegroimg.com\/original\/110e62\/ea67418f4b9e9b8111d2859c9d58\/2x-HANKOOK-195-65R14-89T-Winter-i-cept-RS-W442-zimowe-2024-r 360w,https:\/\/a.allegroimg.com\/original\/110e62\/ea67418f4b9e9b8111d2859c9d58\/2x-HANKOOK-195-65R14-89T-Winter-i-cept-RS-W442-zimowe-2024-r 720w,https:\/\/a.allegroimg.com\/original\/110e62\/ea67418f4b9e9b8111d2859c9d58\/2x-HANKOOK-195-65R14-89T-Winter-i-cept-RS-W442-zimowe-2024-r 1024w,https:\/\/a.allegroimg.com\/original\/110e62\/ea67418f4b9e9b8111d2859c9d58\/2x-HANKOOK-195-65R14-89T-Winter-i-cept-RS-W442-zimowe-2024-r 1200w,https:\/\/a.allegroimg.com\/original\/110e62\/ea67418f4b9e9b8111d2859c9d58\/2x-HANKOOK-195-65R14-89T-Winter-i-cept-RS-W442-zimowe-2024-r 1200w\" sizes=\"(min-width: 1200px) 560px, (min-width: 992px) 50vw, 100vw\" width=\"1200px\" alt=\"2x HANKOOK 195\/65R14 89T Winter i*cept RS W442 zimowe 2024 r\" style=\"max-width: 100%; height: auto; display: block; margin: 0 auto;\"><\/div>\n<\/div>\n<\/div>\n<\/div>\n<\/div>\n<div style=\"clear: both; display: block; margin: 10px 0;\">\n<div style=\"clear: both; display: block; margin: 10px 0;\">\n<h1>HANKOOK Winter i*cept RS W442 195\/65R14 89T<\/h1>\n<h2>BE6D82<\/h2>\n<ul style=\"margin: 15px 0; padding-left: 20px; clear: both; display: block; width: 100%; float: none; position: static;\">\n<li style=\"margin: 5px 0; padding: 2px 0; clear: both; display: list-item; float: none; position: static;\"><b>Data produkcji :<\/b> 2024<\/li>\n<li style=\"margin: 5px 0; padding: 2px 0; clear: both; display: list-item; float: none; position: static;\"><b>Hamowanie na mokrej nawierzchni :<\/b> C<\/li>\n<li style=\"margin: 5px 0; padding: 2px 0; clear: both; display: list-item; float: none; position: static;\"><b>Indeks :<\/b> 195\/65R14 ZOHA 89T W442<\/li>\n<li style=\"margin: 5px 0; padding: 2px 0; clear: both; display: list-item; float: none; position: static;\"><b>Indeks no\u015bno\u015bci :<\/b> 89<\/li>\n<li style=\"margin: 5px 0; padding: 2px 0; clear: both; display: list-item; float: none; position: static;\"><b>Indeks pr\u0119dko\u015bci :<\/b> T &#8211; 190 km\/h<\/li>\n<li style=\"margin: 5px 0; padding: 2px 0; clear: both; display: list-item; float: none; position: static;\"><b>Karta informacyjna produktu :<\/b> https:\/\/eprel.ec.europa.eu\/qr\/494913<\/li>\n<li style=\"margin: 5px 0; padding: 2px 0; clear: both; display: list-item; float: none; position: static;\"><b>Kl. efekt. paliwowej :<\/b> C<\/li>\n<li style=\"margin: 5px 0; padding: 2px 0; clear: both; display: list-item; float: none; position: static;\"><b>Kl. przycz. na mokrej naw. :<\/b> C<\/li>\n<li style=\"margin: 5px 0; padding: 2px 0; clear: both; display: list-item; float: none; position: static;\"><b>Kl. zew. ha\u0142asu tocz. :<\/b> B<\/li>\n<li style=\"margin: 5px 0; padding: 2px 0; clear: both; display: list-item; float: none; position: static;\"><b>Klasa opony :<\/b> \u015brednia<\/li>\n<li style=\"margin: 5px 0; padding: 2px 0; clear: both; display: list-item; float: none; position: static;\"><b>Kod EAN :<\/b> 8808563301976<\/li>\n<li style=\"margin: 5px 0; padding: 2px 0; clear: both; display: list-item; float: none; position: static;\"><b>Kod producenta :<\/b> 1010663<\/li>\n<li style=\"margin: 5px 0; padding: 2px 0; clear: both; display: list-item; float: none; position: static;\"><b>Liczba decybeli :<\/b> 72 dB<\/li>\n<li style=\"margin: 5px 0; padding: 2px 0; clear: both; display: list-item; float: none; position: static;\"><b>Model bie\u017cnika :<\/b> Winter i*cept RS W442<\/li>\n<li style=\"margin: 5px 0; padding: 2px 0; clear: both; display: list-item; float: none; position: static;\"><b>Nazwa produktu :<\/b> HANKOOK 195\/65R14 89T Winter i*cept RS W442 zimowe<\/li>\n<li style=\"margin: 5px 0; padding: 2px 0; clear: both; display: list-item; float: none; position: static;\"><b>Op\u00f3r toczenia :<\/b> C<\/li>\n<li style=\"margin: 5px 0; padding: 2px 0; clear: both; display: list-item; float: none; position: static;\"><b>Poziom emisji ha\u0142asu :<\/b> 2<\/li>\n<li style=\"margin: 5px 0; padding: 2px 0; clear: both; display: list-item; float: none; position: static;\"><b>Producent :<\/b> HANKOOK<\/li>\n<li style=\"margin: 5px 0; padding: 2px 0; clear: both; display: list-item; float: none; position: static;\"><b>Profil :<\/b> 65<\/li>\n<li style=\"margin: 5px 0; padding: 2px 0; clear: both; display: list-item; float: none; position: static;\"><b>Przeznaczenie :<\/b> samochody osobowe\/SUV\/4&#215;4<\/li>\n<li style=\"margin: 5px 0; padding: 2px 0; clear: both; display: list-item; float: none; position: static;\"><b>Przyczepno\u015b\u0107 na lodzie :<\/b> Nie<\/li>\n<li style=\"margin: 5px 0; padding: 2px 0; clear: both; display: list-item; float: none; position: static;\"><b>Przyczepno\u015b\u0107 na \u015bniegu :<\/b> Tak<\/li>\n<li style=\"margin: 5px 0; padding: 2px 0; clear: both; display: list-item; float: none; position: static;\"><b>QR kod :<\/b> https:\/\/eprel.ec.europa.eu\/qr\/494913<\/li>\n<li style=\"margin: 5px 0; padding: 2px 0; clear: both; display: list-item; float: none; position: static;\"><b>Sezon :<\/b> zimowa<\/li>\n<li style=\"margin: 5px 0; padding: 2px 0; clear: both; display: list-item; float: none; position: static;\"><b>\u015arednica :<\/b> 14&#8243;<\/li>\n<li style=\"margin: 5px 0; padding: 2px 0; clear: both; display: list-item; float: none; position: static;\"><b>Szeroko\u015b\u0107 :<\/b> 195<\/li>\n<li style=\"margin: 5px 0; padding: 2px 0; clear: both; display: list-item; float: none; position: static;\"><b>Wart. pom. i kl. zew. ha\u0142asu tocz. [dB] :<\/b> 72<\/li>\n<\/ul>\n<\/div>\n<\/div>\n<\/div>\n<div style=\"clear: both; display: block; margin: 10px 0;\">\n<div style=\"clear: both; display: block; margin: 10px 0;\">\n<div style=\"clear: both; display: block; margin: 10px 0;\">\n<p style=\"margin: 15px 0; line-height: 1.8; clear: both; display: block; width: 100%; float: none; position: static;\"> Opona zosta\u0142a HANKOOK I*Cept RS W442zaprojektowana specjalnie dla szerokiej gamy samochod\u00f3w &#8211; od ma\u0142ych samochod\u00f3w miejskich, przez samochody kompaktowe i \u015bredniej wielko\u015bci limuzyny a\u017c po samochody kombi i rodzinne vany &#8211; oraz zosta\u0142a zoptymalizowana pod k\u0105tem umiarkowanego klimatu Europy \u015arodkowej i Zachodniej. Wyr\u00f3\u017cnia si\u0119 wyj\u0105tkowo pewn\u0105 i stabiln\u0105 charakterystyk\u0105 prowadzenia na mokrej, za\u015bnie\u017conej, zab\u0142oconej i suchej nawierzchni.<\/p>\n<p style=\"margin: 15px 0; line-height: 1.8; clear: both; display: block; width: 100%; float: none; position: static;\"> Kierunkowy, 5-\u017cebrowy bie\u017cnik w kszta\u0142cie litery V opon Hankook Winter i*cept RS W442 posiada o 14% wi\u0119cej naci\u0119\u0107. Wi\u0119ksz\u0105 przyczepno\u015b\u0107 na wszystkich nawierzchniach osi\u0105gni\u0119to poprzez wykonanie naci\u0119\u0107 pod dodatkowymi k\u0105tami (w p\u0142aszczy\u017anie poprzecznej) w zakresie od 0\u00b0 w przypadku \u015brodka bie\u017cnika do 15\u00b0 dla obszar\u00f3w barkowych opony. Szerszy bie\u017cnik w por\u00f3wnaniu do poprzedniego modelu zwi\u0119ksza powierzchni\u0119 styku, co w znaczny spos\u00f3b polepsza osi\u0105gi opony, szczeg\u00f3lnie na oblodzonych drogach. Ponadto, przyczepno\u015b\u0107 na \u015bniegu i b\u0142ocie zosta\u0142a poprawiona poprzez schodkowe ustawienie kostek bie\u017cnika wzd\u0142u\u017c jego \u015brodka.<\/p>\n<p style=\"margin: 15px 0; line-height: 1.8; clear: both; display: block; width: 100%; float: none; position: static;\"> Co wi\u0119cej, pofa\u0142dowane, tr\u00f3jwymiarowe naci\u0119cia zwi\u0119kszaj\u0105 przyczepno\u015b\u0107 i skuteczno\u015b\u0107 hamowania na wszystkich g\u0142adkich nawierzchniach. Zupe\u0142nie nowa receptura mieszanki, zapewniaj\u0105ca wysok\u0105 przyczepno\u015b\u0107 i sk\u0142adaj\u0105ca si\u0119 w ca\u0142o\u015bci z krzemionki, zapewnia elastyczno\u015b\u0107 bie\u017cnika nawet przy bardzo niskich temperaturach, gwarantuj\u0105c dzi\u0119ki temu doskona\u0142\u0105 przyczepno\u015b\u0107 i si\u0142\u0119 hamowania opony. Cztery g\u0142\u00f3wne rowki szybko odprowadzaj\u0105 wod\u0119 spod opony. Wsp\u00f3\u0142dzia\u0142aj\u0105 z bie\u017cnikiem w kszta\u0142cie litery V o zwi\u0119kszonym przep\u0142ywie, aby skutecznie zapobiega\u0107 akwaplanacji na mokrej nawierzchni zimowych dr\u00f3g.<\/p>\n<p style=\"margin: 15px 0; line-height: 1.8; clear: both; display: block; width: 100%; float: none; position: static;\"> Inne korzy\u015bci to d\u0142u\u017cszy okres eksploatacji bie\u017cnika oraz znacz\u0105co zmniejszone opory toczenia (-8% w por\u00f3wnaniu z konwencjonalnymi profilami opon). Pozwala to na zmniejszenie zu\u017cycia paliwa i redukcj\u0119 \u015bladu w\u0119glowego. Najnowszy wz\u00f3r kostek bie\u017cnika poprawiaj\u0105cy k\u0105ty na \u017cebrach spowodowa\u0142 znaczn\u0105 redukcj\u0119 poziomu ha\u0142asu emitowanego przez opon\u0119. W ten spos\u00f3b opona Hankook Winter i*cept RS W442 poprawia wra\u017cenia z jazdy wewn\u0105trz samochodu i emituje mniej ha\u0142asu.<\/p>\n<\/div>\n<\/div>\n<div style=\"clear: both; display: block; margin: 10px 0;\">\n<div style=\"clear: both; display: block; margin: 10px 0;\">\n<div  style=\"max-width:886px;max-height:1299px\">\n<div style=\"clear: both; display: block; margin: 10px 0;\">\n<div style=\"clear: both; width: 100%; display: block; margin: 20px 0; padding: 0; float: none; position: static; text-align: center;\"><img decoding=\"async\"  src=\"https:\/\/a.allegroimg.com\/original\/112b06\/9e45997f4a79aa870377e664f6ea\/2x-HANKOOK-195-65R14-89T-Winter-i-cept-RS-W442-zimowe-2024-r-Srednica-14\" srcset=\"https:\/\/a.allegroimg.com\/original\/112b06\/9e45997f4a79aa870377e664f6ea\/2x-HANKOOK-195-65R14-89T-Winter-i-cept-RS-W442-zimowe-2024-r-Srednica-14 245w,https:\/\/a.allegroimg.com\/original\/112b06\/9e45997f4a79aa870377e664f6ea\/2x-HANKOOK-195-65R14-89T-Winter-i-cept-RS-W442-zimowe-2024-r-Srednica-14 491w,https:\/\/a.allegroimg.com\/original\/112b06\/9e45997f4a79aa870377e664f6ea\/2x-HANKOOK-195-65R14-89T-Winter-i-cept-RS-W442-zimowe-2024-r-Srednica-14 698w,https:\/\/a.allegroimg.com\/original\/112b06\/9e45997f4a79aa870377e664f6ea\/2x-HANKOOK-195-65R14-89T-Winter-i-cept-RS-W442-zimowe-2024-r-Srednica-14 886w,https:\/\/a.allegroimg.com\/original\/112b06\/9e45997f4a79aa870377e664f6ea\/2x-HANKOOK-195-65R14-89T-Winter-i-cept-RS-W442-zimowe-2024-r-Srednica-14 886w\" sizes=\"(min-width: 1200px) 560px, (min-width: 992px) 50vw, 100vw\" width=\"886px\" alt=\"2x HANKOOK 195\/65R14 89T Winter i*cept RS W442 zimowe 2024 r \u015arednica 14&quot;\" style=\"max-width: 100%; height: auto; display: block; margin: 0 auto;\"><\/div>\n<\/div>\n<\/div>\n<\/div>\n<\/div>\n<\/div>\n<div style=\"clear: both; display: block; margin: 10px 0;\">\n<div style=\"clear: both; display: block; margin: 10px 0;\">\n<div style=\"clear: both; display: block; margin: 10px 0;\">\n<p style=\"margin: 15px 0; line-height: 1.8; clear: both; display: block; width: 100%; float: none; position: static;\">Wychodz\u0105c naprzeciw oczekiwaniom Klient\u00f3w i chc\u0105c spe\u0142nia\u0107 jak najwy\u017csze standardy obs\u0142ugi dok\u0142adamy wszelkich stara\u0144, aby podawa\u0107 precyzyjn\u0105 dat\u0119 produkcji opony (DOT). Niestety, w wyj\u0105tkowych przypadkach, mo\u017ce zdarzy\u0107 si\u0119, \u017ce opony, kt\u00f3re wy\u015blemy b\u0119d\u0105 mia\u0142y inn\u0105 dat\u0119 produkcji ni\u017c podana. Sytuacja mo\u017ce dotyczy\u0107 zar\u00f3wno opon z DOT-em wcze\u015bniejszym jak i p\u00f3\u017aniejszym. Chcieliby\u015bmy podkre\u015bli\u0107, \u017ce warunki przechowywania opon w naszych magazynach spe\u0142niaj\u0105 Polsk\u0105 Norm\u0119 PN-C-94300-7 dzi\u0119ki czemu nawet opona przechowywana 24 miesi\u0105ce ma parametry takie same jak opona z bie\u017c\u0105cego roku. Warto pami\u0119ta\u0107 tak\u017ce o fakcie, \u017ce w przypadku wielu rozmiar\u00f3w i producent\u00f3w plany produkcyjne fabryk uniemo\u017cliwiaj\u0105 zakup opony z bie\u017c\u0105cego roku.<\/p>\n<p style=\"margin: 15px 0; line-height: 1.8; clear: both; display: block; width: 100%; float: none; position: static;\">Przy zakupie opon pami\u0119taj o sprawdzeniu w instrukcji samochodu lub na w\u0142a\u015bciwej stronie internetowej, jakie ogumienie zaleca producent Twojego auta. \u0179le dobrane opony mog\u0105 negatywnie wp\u0142yn\u0105\u0107 na poziom Twojego bezpiecze\u0144stwa. Kupuj\u0105c opony zwr\u00f3\u0107 uwag\u0119 na rozmiar oraz indeksy no\u015bno\u015bci i pr\u0119dko\u015bci jakie homologowane s\u0105 do Twojego pojazdu.<\/p>\n<p style=\"margin: 15px 0; line-height: 1.8; clear: both; display: block; width: 100%; float: none; position: static;\">Zamieszczone zdj\u0119cia pe\u0142ni\u0105 funkcj\u0119 pogl\u0105dow\u0105. W zale\u017cno\u015bci od szeroko\u015bci opon, mog\u0105 wyst\u0119powa\u0107 niewielkie r\u00f3\u017cnice w wygl\u0105dzie bie\u017cnika (w obr\u0119bie jednego modelu) na przyk\u0142ad w ilo\u015bci rowk\u00f3w obwodowych lub rozmieszczeniu blok\u00f3w bie\u017cnika, co nie stanowi wady produktu.<\/p>\n<p style=\"margin: 15px 0; line-height: 1.8; clear: both; display: block; width: 100%; float: none; position: static;\">Je\u017celi otrzymane przez Ciebie opony nie spe\u0142niaj\u0105 Twoich oczekiwa\u0144 masz mo\u017cliwo\u015b\u0107 zwrotu lub wymiany nieu\u017cywanego (niemontowanego) ogumienia.<\/p>\n<\/div>\n<\/div>\n<\/div>\n<div style=\"clear: both; display: block; margin: 10px 0;\">\n<div style=\"clear: both; display: block; margin: 10px 0;\">\n<div style=\"clear: both; display: block; margin: 10px 0;\">\n<div  style=\"max-width:2242px;max-height:652px\">\n<div style=\"clear: both; display: block; margin: 10px 0;\">\n<div style=\"clear: both; width: 100%; display: block; margin: 20px 0; padding: 0; float: none; position: static; text-align: center;\"><img decoding=\"async\"  src=\"https:\/\/a.allegroimg.com\/original\/111ecb\/ab8b4c044943a2720a228ba57a3f\/2x-HANKOOK-195-65R14-89T-Winter-i-cept-RS-W442-zimowe-2024-r-Waga-produktu-z-opakowaniem-jednostkowym-16-kg\" srcset=\"https:\/\/a.allegroimg.com\/original\/111ecb\/ab8b4c044943a2720a228ba57a3f\/2x-HANKOOK-195-65R14-89T-Winter-i-cept-RS-W442-zimowe-2024-r-Waga-produktu-z-opakowaniem-jednostkowym-16-kg 360w,https:\/\/a.allegroimg.com\/original\/111ecb\/ab8b4c044943a2720a228ba57a3f\/2x-HANKOOK-195-65R14-89T-Winter-i-cept-RS-W442-zimowe-2024-r-Waga-produktu-z-opakowaniem-jednostkowym-16-kg 720w,https:\/\/a.allegroimg.com\/original\/111ecb\/ab8b4c044943a2720a228ba57a3f\/2x-HANKOOK-195-65R14-89T-Winter-i-cept-RS-W442-zimowe-2024-r-Waga-produktu-z-opakowaniem-jednostkowym-16-kg 1024w,https:\/\/a.allegroimg.com\/original\/111ecb\/ab8b4c044943a2720a228ba57a3f\/2x-HANKOOK-195-65R14-89T-Winter-i-cept-RS-W442-zimowe-2024-r-Waga-produktu-z-opakowaniem-jednostkowym-16-kg 1440w,https:\/\/a.allegroimg.com\/original\/111ecb\/ab8b4c044943a2720a228ba57a3f\/2x-HANKOOK-195-65R14-89T-Winter-i-cept-RS-W442-zimowe-2024-r-Waga-produktu-z-opakowaniem-jednostkowym-16-kg 2242w\" sizes=\"(min-width: 1200px) 560px, (min-width: 992px) 50vw, 100vw\" width=\"2242px\" alt=\"2x HANKOOK 195\/65R14 89T Winter i*cept RS W442 zimowe 2024 r Waga produktu z opakowaniem jednostkowym 16 kg\" style=\"max-width: 100%; height: auto; display: block; margin: 0 auto;\"><\/div>\n<\/div>\n<\/div>\n<\/div>\n<\/div>\n<div style=\"clear: both; display: block; margin: 10px 0;\">\n<div style=\"clear: both; display: block; margin: 10px 0;\">\n<h1>Hankook<\/h1>\n<p style=\"margin: 15px 0; line-height: 1.8; clear: both; display: block; width: 100%; float: none; position: static;\">Za\u0142o\u017cona w 1941 roku po\u0142udniowokorea\u0144ska firma Hankook rozs\u0142awi\u0142a si\u0119 w \u015bwiecie dzi\u0119ki produkcji opon \u2013 niegdy\u015b diagonalnych, wsp\u00f3\u0142cze\u015bnie natomiast radialnych. D\u0142ugofalowa wizja, staranno\u015b\u0107 w projektowaniu, badaniu i wdra\u017caniu nowych produkt\u00f3w oraz konsekwentnie wprowadzana w \u017cycie strategia dynamicznego rozwoju sprawi\u0142y, \u017ce ta w\u0142a\u015bnie firma zajmuje si\u00f3dme miejsce na li\u015bcie najwi\u0119kszych \u015bwiatowych producent\u00f3w opon. Ju\u017c w 1981 roku otwarto ameryka\u0144sk\u0105 fili\u0119 Hankook, rok p\u00f3\u017aniej za\u015b produkcj\u0119 rozpocz\u0119\u0142a pierwsza fabryka ogumienia tej marki w USA. Obecnie w\u0142a\u015bciwo\u015bci jezdne i wytrzyma\u0142o\u015b\u0107 nowych modeli opon letnich i zimowych poddawane s\u0105 badaniom w korea\u0144skich i europejskich centrach testowych. O pozytywnych wynikach test\u00f3w mo\u017ce za\u015bwiadczy\u0107 fakt, \u017ce opony firmy Hankook zosta\u0142y przyj\u0119te jako pierwsze wyposa\u017cenie przez szereg wiod\u0105cych producent\u00f3w samochod\u00f3w \u2013 mi\u0119dzy innymi Ford, Toyota, Volkswagen i Hyundai. Chocia\u017c jednym z cel\u00f3w firmy jest utrzymywanie jak najni\u017cszych cen w po\u0142\u0105czeniu z jak najwy\u017csz\u0105 jako\u015bci\u0105 produktu, jej przych\u00f3d w trzecim kwartale 2011 roku wyni\u00f3s\u0142 prawie p\u00f3\u0142tora miliarda dolar\u00f3w, co dowodzi, \u017ce znaczne grono klient\u00f3w w ponad 180 krajach postanowi\u0142o zaufa\u0107 ogumieniu tej marki. Asortyment firmy Hankook jest bardzo szeroki \u2013 w katalogu dost\u0119pna jest mi\u0119dzy innymi rodzina opon Dynapro o agresywnym bie\u017cniku nadaj\u0105cym si\u0119 na wszystkie rodzaje nawierzchni, linia opon sportowych Ventus zapewniaj\u0105cych maksymaln\u0105 kontrol\u0119 i przyczepno\u015b\u0107 nawet przy wysokich pr\u0119dko\u015bciach, oraz e-cube, nowatorskie, oszcz\u0119dne, ekologiczne ogumienie dla ci\u0119\u017car\u00f3wek. Wysok\u0105 jako\u015bci\u0105 odznaczaj\u0105 si\u0119 tak\u017ce zimowe opony z serii i*cept<\/p>\n<\/div>\n<\/div>\n<\/div>\n<\/div>\n<\/div>\n<\/div>\n<div style=\"clear: both; display: block; margin: 10px 0;\">\n","protected":false},"excerpt":{"rendered":"<p>Rok produkcji: 2024<\/p>\n<p>HANKOOK Winter i*cept RS W442 195\/65R14 89T<\/p>\n<p>BE6D82<\/p>\n<p>Data produkcji : 2024<\/p>\n<p>Hamowanie na mokrej nawierzchni : C<\/p>\n<p>Indeks : 195\/65R14 ZOHA 89T W442<\/p>\n<p>Indeks no\u015bno\u015bci : 89<\/p>\n<p>Indeks pr\u0119dko\u015bci : T &#8211; 190 km\/h<\/p>\n","protected":false},"featured_media":16981,"template":"","meta":{"_uag_custom_page_level_css":""},"product_brand":[411],"product_cat":[414,413,412,415],"product_tag":[],"class_list":{"0":"post-16980","1":"product","2":"type-product","3":"status-publish","4":"has-post-thumbnail","6":"product_brand-hankook","7":"product_cat-do-samochodow-osobowych-i-suv","8":"product_cat-opony","9":"product_cat-opony-i-felgi","10":"product_cat-zimowe","12":"first","13":"instock","14":"shipping-taxable","15":"purchasable","16":"product-type-simple"},"uagb_featured_image_src":{"full":["https:\/\/oponixo.shop\/tire\/wp-content\/uploads\/2026\/01\/allegro-image-16980.jpg",1200,1126,false],"thumbnail":["https:\/\/oponixo.shop\/tire\/wp-content\/uploads\/2026\/01\/allegro-image-16980-150x150.jpg",150,150,true],"medium":["https:\/\/oponixo.shop\/tire\/wp-content\/uploads\/2026\/01\/allegro-image-16980-300x282.jpg",300,282,true],"medium_large":["https:\/\/oponixo.shop\/tire\/wp-content\/uploads\/2026\/01\/allegro-image-16980-768x721.jpg",768,721,true],"large":["https:\/\/oponixo.shop\/tire\/wp-content\/uploads\/2026\/01\/allegro-image-16980-1024x961.jpg",1024,961,true],"1536x1536":["https:\/\/oponixo.shop\/tire\/wp-content\/uploads\/2026\/01\/allegro-image-16980.jpg",1200,1126,false],"2048x2048":["https:\/\/oponixo.shop\/tire\/wp-content\/uploads\/2026\/01\/allegro-image-16980.jpg",1200,1126,false],"woocommerce_thumbnail":["https:\/\/oponixo.shop\/tire\/wp-content\/uploads\/2026\/01\/allegro-image-16980-300x300.jpg",300,300,true],"woocommerce_single":["https:\/\/oponixo.shop\/tire\/wp-content\/uploads\/2026\/01\/allegro-image-16980-600x563.jpg",600,563,true],"woocommerce_gallery_thumbnail":["https:\/\/oponixo.shop\/tire\/wp-content\/uploads\/2026\/01\/allegro-image-16980-100x100.jpg",100,100,true]},"uagb_author_info":{"display_name":"admin","author_link":"https:\/\/oponixo.shop\/tire\/author\/"},"uagb_comment_info":0,"uagb_excerpt":"Rok produkcji: 2024 HANKOOK Winter i*cept RS W442 195\/65R14 89T BE6D82 Data produkcji : 2024 Hamowanie na mokrej nawierzchni : C Indeks : 195\/65R14 ZOHA 89T W442 Indeks no\u015bno\u015bci : 89 Indeks pr\u0119dko\u015bci : T - 190 km\/h","_links":{"self":[{"href":"https:\/\/oponixo.shop\/tire\/wp-json\/wp\/v2\/product\/16980","targetHints":{"allow":["GET"]}}],"collection":[{"href":"https:\/\/oponixo.shop\/tire\/wp-json\/wp\/v2\/product"}],"about":[{"href":"https:\/\/oponixo.shop\/tire\/wp-json\/wp\/v2\/types\/product"}],"wp:featuredmedia":[{"embeddable":true,"href":"https:\/\/oponixo.shop\/tire\/wp-json\/wp\/v2\/media\/16981"}],"wp:attachment":[{"href":"https:\/\/oponixo.shop\/tire\/wp-json\/wp\/v2\/media?parent=16980"}],"wp:term":[{"taxonomy":"product_brand","embeddable":true,"href":"https:\/\/oponixo.shop\/tire\/wp-json\/wp\/v2\/product_brand?post=16980"},{"taxonomy":"product_cat","embeddable":true,"href":"https:\/\/oponixo.shop\/tire\/wp-json\/wp\/v2\/product_cat?post=16980"},{"taxonomy":"product_tag","embeddable":true,"href":"https:\/\/oponixo.shop\/tire\/wp-json\/wp\/v2\/product_tag?post=16980"}],"curies":[{"name":"wp","href":"https:\/\/api.w.org\/{rel}","templated":true}]}}