{"id":16937,"date":"2026-01-17T15:49:28","date_gmt":"2026-01-17T14:49:28","guid":{"rendered":"https:\/\/oponyonline.shop\/xef5\/produkt\/2x-245-65r17-yokohama-geolandar-a-t-g015-111h-xl\/"},"modified":"2026-01-17T15:49:29","modified_gmt":"2026-01-17T14:49:29","slug":"2x-245-65r17-yokohama-geolandar-a-t-g015-111h-xl","status":"publish","type":"product","link":"https:\/\/oponixo.shop\/tire\/produkt\/2x-245-65r17-yokohama-geolandar-a-t-g015-111h-xl\/","title":{"rendered":"2x 245\/65R17 YOKOHAMA GEOLANDAR A\/T G015 111H XL"},"content":{"rendered":"<div style=\"font-family: Arial, sans-serif; line-height: 1.6; color: #333; padding: 20px; clear: both; display: block; width: 100%; float: none; position: static; overflow: hidden;\">\n<div style=\"clear: both; display: block; margin: 10px 0;\">\n<div style=\"clear: both; display: block; margin: 10px 0;\">\n<div style=\"clear: both; display: block; margin: 10px 0;\">\n<h2>Opona ca\u0142oroczna Yokohama GEOLANDAR A\/T G015 245\/65R17 111 H wzmocnienie (XL)<\/h2>\n<p style=\"margin: 15px 0; line-height: 1.8; clear: both; display: block; width: 100%; float: none; position: static;\">Opona letnia Yokohama Geolandar A\/T G015 245\/65R17 111 H<\/p>\n<p style=\"margin: 15px 0; line-height: 1.8; clear: both; display: block; width: 100%; float: none; position: static;\">Cechy produktu:<\/p>\n<ul style=\"margin: 15px 0; padding-left: 20px; clear: both; display: block; width: 100%; float: none; position: static;\">\n<li style=\"margin: 5px 0; padding: 2px 0; clear: both; display: list-item; float: none; position: static;\">sezon: letnie<\/li>\n<li style=\"margin: 5px 0; padding: 2px 0; clear: both; display: list-item; float: none; position: static;\">szeroko\u015b\u0107\/profil\/\u015brednica: 245\/65R17<\/li>\n<li style=\"margin: 5px 0; padding: 2px 0; clear: both; display: list-item; float: none; position: static;\">indeks pr\u0119dko\u015bci: H do 210 km\/h<\/li>\n<li style=\"margin: 5px 0; padding: 2px 0; clear: both; display: list-item; float: none; position: static;\">indeks no\u015bno\u015bci: 111 &#8211; 1090 kg<\/li>\n<li style=\"margin: 5px 0; padding: 2px 0; clear: both; display: list-item; float: none; position: static;\">rant ochronny<\/li>\n<li style=\"margin: 5px 0; padding: 2px 0; clear: both; display: list-item; float: none; position: static;\">wzmocnienie (XL)<\/li>\n<\/ul>\n<\/div>\n<\/div>\n<div style=\"clear: both; display: block; margin: 10px 0;\">\n<div style=\"clear: both; display: block; margin: 10px 0;\">\n<div  style=\"max-width:845px;max-height:1113px\">\n<div style=\"clear: both; display: block; margin: 10px 0;\">\n<div style=\"clear: both; width: 100%; display: block; margin: 20px 0; padding: 0; float: none; position: static; text-align: center;\"><img decoding=\"async\"  src=\"https:\/\/a.allegroimg.com\/original\/008541\/59d262a845118fd1f0824f3fbe76\/2x-245-65R17-YOKOHAMA-GEOLANDAR-A-T-G015-111H-XL\" srcset=\"https:\/\/a.allegroimg.com\/original\/008541\/59d262a845118fd1f0824f3fbe76\/2x-245-65R17-YOKOHAMA-GEOLANDAR-A-T-G015-111H-XL 273w,https:\/\/a.allegroimg.com\/original\/008541\/59d262a845118fd1f0824f3fbe76\/2x-245-65R17-YOKOHAMA-GEOLANDAR-A-T-G015-111H-XL 546w,https:\/\/a.allegroimg.com\/original\/008541\/59d262a845118fd1f0824f3fbe76\/2x-245-65R17-YOKOHAMA-GEOLANDAR-A-T-G015-111H-XL 777w,https:\/\/a.allegroimg.com\/original\/008541\/59d262a845118fd1f0824f3fbe76\/2x-245-65R17-YOKOHAMA-GEOLANDAR-A-T-G015-111H-XL 845w,https:\/\/a.allegroimg.com\/original\/008541\/59d262a845118fd1f0824f3fbe76\/2x-245-65R17-YOKOHAMA-GEOLANDAR-A-T-G015-111H-XL 845w\" sizes=\"(min-width: 1200px) 560px, (min-width: 992px) 50vw, 100vw\" width=\"845px\" alt=\"2x 245\/65R17 YOKOHAMA GEOLANDAR A\/T G015 111H XL\" style=\"max-width: 100%; height: auto; display: block; margin: 0 auto;\"><\/div>\n<\/div>\n<\/div>\n<\/div>\n<\/div>\n<\/div>\n<div style=\"clear: both; display: block; margin: 10px 0;\">\n<div style=\"clear: both; display: block; margin: 10px 0;\">\n<div style=\"clear: both; display: block; margin: 10px 0;\">\n<h3 style=\"color: #2c5aa0; font-size: 18px; margin: 30px 0 15px 0; font-weight: bold; clear: both; display: block; width: 100%; float: none; position: static;\">Informacje dodatkowe:<\/h3>\n<ul style=\"margin: 15px 0; padding-left: 20px; clear: both; display: block; width: 100%; float: none; position: static;\">\n<li style=\"margin: 5px 0; padding: 2px 0; clear: both; display: list-item; float: none; position: static;\">rok produkcji: 2024\/2025 (kupuj\u0105c z tej oferty otrzymasz opony fabrycznie nowe, pe\u0142nowarto\u015bciowe) <\/li>\n<li style=\"margin: 5px 0; padding: 2px 0; clear: both; display: list-item; float: none; position: static;\">stan: fabrycznie nowe <\/li>\n<\/ul>\n<\/div>\n<\/div>\n<\/div>\n<div style=\"clear: both; display: block; margin: 10px 0;\">\n<div style=\"clear: both; display: block; margin: 10px 0;\">\n<div style=\"clear: both; display: block; margin: 10px 0;\">\n<h3 style=\"color: #2c5aa0; font-size: 18px; margin: 30px 0 15px 0; font-weight: bold; clear: both; display: block; width: 100%; float: none; position: static;\">Przeznaczenie<\/h3>\n<p style=\"margin: 15px 0; line-height: 1.8; clear: both; display: block; width: 100%; float: none; position: static;\">Yokohama Geolandar A\/T G015 to opony ca\u0142oroczne (opony wielosezonowe) przeznaczone do montowania w samochodach typu SUV, pick-upach i autach z nap\u0119dem 4&#215;4. Producent po\u0142o\u017cy\u0142 nacisk na zapewnienie wysokiej odporno\u015bci na zu\u017cycie, wysokiego komfortu jazdy i dobrej przyczepno\u015bci na ka\u017cdej nawierzchni \u2013 suchej, mokrej i za\u015bnie\u017conej. Opony dostosowane s\u0105 do jazdy przez ca\u0142y rok, w ka\u017cdych warunkach pogodowych. Maj\u0105 symbol 3PMSF na boku, co oznacza, \u017ce mo\u017cna na nich je\u017adzi\u0107 w tych krajach, gdzie stosowanie opon zimowych jest wymagane przez prawo.<\/p>\n<h3 style=\"color: #2c5aa0; font-size: 18px; margin: 30px 0 15px 0; font-weight: bold; clear: both; display: block; width: 100%; float: none; position: static;\">Technologia<\/h3>\n<p style=\"margin: 15px 0; line-height: 1.8; clear: both; display: block; width: 100%; float: none; position: static;\">Opony ca\u0142oroczne Yokohama Geolandar A\/T G015 zosta\u0142y wyprodukowane z nowoczesnej mieszanki gumowej, kt\u00f3ra zapewnia odpowiedni\u0105 elastyczno\u015b\u0107 zim\u0105 i jest odporna na \u015bcieranie w trakcie lata. Producent zoptymalizowa\u0142 stref\u0119 kontaktu bie\u017cnika z nawierzchni\u0105, aby zwi\u0119kszy\u0107 przyczepno\u015b\u0107, skr\u00f3ci\u0107 drog\u0119 hamowania i zapewni\u0107 r\u00f3wnomierne \u015bcieranie si\u0119 bie\u017cnika. Zastosowanie stopni w konstrukcji bie\u017cnika mia\u0142o na celu popraw\u0119 komfortu jazdy poprzez zmniejszenie ha\u0142asu. Zastosowano now\u0105, wzmocnion\u0105 konstrukcj\u0119 \u015bcian bocznych i nylonow\u0105 pow\u0142ok\u0119, kt\u00f3ra ma na celu zwi\u0119kszenie trwa\u0142o\u015bci bie\u017cnika.<\/p>\n<h3 style=\"color: #2c5aa0; font-size: 18px; margin: 30px 0 15px 0; font-weight: bold; clear: both; display: block; width: 100%; float: none; position: static;\">Bie\u017cnik<\/h3>\n<p style=\"margin: 15px 0; line-height: 1.8; clear: both; display: block; width: 100%; float: none; position: static;\">Opony ca\u0142oroczne Yokohama Geolandar A\/T G015 maj\u0105 bie\u017cnik symetryczny, o konstrukcji \u017cebrowo-blokowej. Trzy rz\u0119dy blok\u00f3w o agresywnych kraw\u0119dziach umieszczono na czole opony. Bloki oddzielaj\u0105 od siebie szerokie rowki. Poza nimi zastosowano cztery rowki wzd\u0142u\u017cne. G\u0119sta sie\u0107 lameli 3D dba o przyczepno\u015b\u0107 na \u015bniegu i lodzie. Opony maj\u0105 tak\u017ce mocne barki z szerokimi, prostok\u0105tnymi klockami oddzielonymi od siebie poziomymi rowkami.<\/p>\n<h3 style=\"color: #2c5aa0; font-size: 18px; margin: 30px 0 15px 0; font-weight: bold; clear: both; display: block; width: 100%; float: none; position: static;\">Producent<\/h3>\n<p style=\"margin: 15px 0; line-height: 1.8; clear: both; display: block; width: 100%; float: none; position: static;\">Yokohama to japo\u0144ski producent ogumienia samochodowego. Firma jest jednym z najwi\u0119kszych producent\u00f3w opon na \u015bwiecie. Yokohama powsta\u0142a w 1917 roku. W 1921 roku in\u017cynierowie firmy stworzyli opony kordowe. Kilkana\u015bcie lat p\u00f3\u017aniej Yokohama rozpocz\u0119\u0142a produkcj\u0119 opon do aut ci\u0119\u017carowych. W 1935 roku Yokohama rozpocz\u0119\u0142a dostarczanie opon na pierwszy monta\u017c do aut Nissan i Toyota. W 1969 roku firma otworzy\u0142a swoje przedstawicielstwa w USA i Kanadzie. Obecnie Yokohama produkuje szereg opon gumowych, a tak\u017ce r\u00f3\u017cnej ma\u015bci wyrob\u00f3w z gumy.<\/p>\n<\/div>\n<\/div>\n<\/div>\n<\/div>\n<\/div>\n<\/div>\n<div style=\"clear: both; display: block; margin: 10px 0;\">\n","protected":false},"excerpt":{"rendered":"<p>Opona ca\u0142oroczna Yokohama GEOLANDAR A\/T G015 245\/65R17 111 H wzmocnienie (XL)<\/p>\n<p>Opona letnia Yokohama Geolandar A\/T G015 245\/65R17 111 H<\/p>\n<p>Cechy produktu:<\/p>\n<p>sezon: letnie<\/p>\n<p>szeroko\u015b\u0107\/profil\/\u015brednica: 245\/65R17<\/p>\n<p>indeks pr\u0119dko\u015bci: H do 210 km\/h<\/p>\n<p>indeks no\u015bno\u015bci: 111 &#8211; 1090 kg<\/p>\n<p>rant ochronny<\/p>\n","protected":false},"featured_media":16938,"template":"","meta":{"_uag_custom_page_level_css":""},"product_brand":[410],"product_cat":[416,428,413,412],"product_tag":[],"class_list":{"0":"post-16937","1":"product","2":"type-product","3":"status-publish","4":"has-post-thumbnail","6":"product_brand-yokohama","7":"product_cat-caloroczne","8":"product_cat-do-samochodow-terenowych-i-4x4","9":"product_cat-opony","10":"product_cat-opony-i-felgi","12":"first","13":"instock","14":"shipping-taxable","15":"purchasable","16":"product-type-simple"},"uagb_featured_image_src":{"full":["https:\/\/oponixo.shop\/tire\/wp-content\/uploads\/2026\/01\/allegro-image-16937.jpg",845,1113,false],"thumbnail":["https:\/\/oponixo.shop\/tire\/wp-content\/uploads\/2026\/01\/allegro-image-16937-150x150.jpg",150,150,true],"medium":["https:\/\/oponixo.shop\/tire\/wp-content\/uploads\/2026\/01\/allegro-image-16937-228x300.jpg",228,300,true],"medium_large":["https:\/\/oponixo.shop\/tire\/wp-content\/uploads\/2026\/01\/allegro-image-16937-768x1012.jpg",768,1012,true],"large":["https:\/\/oponixo.shop\/tire\/wp-content\/uploads\/2026\/01\/allegro-image-16937-777x1024.jpg",777,1024,true],"1536x1536":["https:\/\/oponixo.shop\/tire\/wp-content\/uploads\/2026\/01\/allegro-image-16937.jpg",845,1113,false],"2048x2048":["https:\/\/oponixo.shop\/tire\/wp-content\/uploads\/2026\/01\/allegro-image-16937.jpg",845,1113,false],"woocommerce_thumbnail":["https:\/\/oponixo.shop\/tire\/wp-content\/uploads\/2026\/01\/allegro-image-16937-300x300.jpg",300,300,true],"woocommerce_single":["https:\/\/oponixo.shop\/tire\/wp-content\/uploads\/2026\/01\/allegro-image-16937-600x790.jpg",600,790,true],"woocommerce_gallery_thumbnail":["https:\/\/oponixo.shop\/tire\/wp-content\/uploads\/2026\/01\/allegro-image-16937-100x100.jpg",100,100,true]},"uagb_author_info":{"display_name":"admin","author_link":"https:\/\/oponixo.shop\/tire\/author\/"},"uagb_comment_info":0,"uagb_excerpt":"Opona ca\u0142oroczna Yokohama GEOLANDAR A\/T G015 245\/65R17 111 H wzmocnienie (XL) Opona letnia Yokohama Geolandar A\/T G015 245\/65R17 111 H Cechy produktu: sezon: letnie szeroko\u015b\u0107\/profil\/\u015brednica: 245\/65R17 indeks pr\u0119dko\u015bci: H do 210 km\/h indeks no\u015bno\u015bci: 111 - 1090 kg rant ochronny","_links":{"self":[{"href":"https:\/\/oponixo.shop\/tire\/wp-json\/wp\/v2\/product\/16937","targetHints":{"allow":["GET"]}}],"collection":[{"href":"https:\/\/oponixo.shop\/tire\/wp-json\/wp\/v2\/product"}],"about":[{"href":"https:\/\/oponixo.shop\/tire\/wp-json\/wp\/v2\/types\/product"}],"wp:featuredmedia":[{"embeddable":true,"href":"https:\/\/oponixo.shop\/tire\/wp-json\/wp\/v2\/media\/16938"}],"wp:attachment":[{"href":"https:\/\/oponixo.shop\/tire\/wp-json\/wp\/v2\/media?parent=16937"}],"wp:term":[{"taxonomy":"product_brand","embeddable":true,"href":"https:\/\/oponixo.shop\/tire\/wp-json\/wp\/v2\/product_brand?post=16937"},{"taxonomy":"product_cat","embeddable":true,"href":"https:\/\/oponixo.shop\/tire\/wp-json\/wp\/v2\/product_cat?post=16937"},{"taxonomy":"product_tag","embeddable":true,"href":"https:\/\/oponixo.shop\/tire\/wp-json\/wp\/v2\/product_tag?post=16937"}],"curies":[{"name":"wp","href":"https:\/\/api.w.org\/{rel}","templated":true}]}}