{"id":16929,"date":"2026-01-17T15:49:25","date_gmt":"2026-01-17T14:49:25","guid":{"rendered":"https:\/\/oponyonline.shop\/xef5\/produkt\/2x-285-35r18-uniroyal-rainsport-5-101y-nowe-lato-wyprzedaz\/"},"modified":"2026-01-17T15:49:26","modified_gmt":"2026-01-17T14:49:26","slug":"2x-285-35r18-uniroyal-rainsport-5-101y-nowe-lato-wyprzedaz","status":"publish","type":"product","link":"https:\/\/oponixo.shop\/tire\/produkt\/2x-285-35r18-uniroyal-rainsport-5-101y-nowe-lato-wyprzedaz\/","title":{"rendered":"2x 285\/35R18 Uniroyal RainSport 5 101Y NOWE LATO WYPRZEDA\u017b"},"content":{"rendered":"<div style=\"font-family: Arial, sans-serif; line-height: 1.6; color: #333; padding: 20px; clear: both; display: block; width: 100%; float: none; position: static; overflow: hidden;\">\n<div style=\"clear: both; display: block; margin: 10px 0;\">\n<div style=\"clear: both; display: block; margin: 10px 0;\">\n<div style=\"clear: both; display: block; margin: 10px 0;\">\n<div  style=\"max-width:1249px;max-height:300px\">\n<div style=\"clear: both; display: block; margin: 10px 0;\">\n<div style=\"clear: both; width: 100%; display: block; margin: 20px 0; padding: 0; float: none; position: static; text-align: center;\"><img decoding=\"async\"  src=\"https:\/\/a.allegroimg.com\/original\/1196aa\/aed95bfa4e4f81c1f53bb7755fa3\/2x-285-35R18-Uniroyal-RainSport-5-101Y-NOWE-LATO-WYPRZEDAZ-Marka-Uniroyal\" srcset=\"https:\/\/a.allegroimg.com\/original\/1196aa\/aed95bfa4e4f81c1f53bb7755fa3\/2x-285-35R18-Uniroyal-RainSport-5-101Y-NOWE-LATO-WYPRZEDAZ-Marka-Uniroyal 360w,https:\/\/a.allegroimg.com\/original\/1196aa\/aed95bfa4e4f81c1f53bb7755fa3\/2x-285-35R18-Uniroyal-RainSport-5-101Y-NOWE-LATO-WYPRZEDAZ-Marka-Uniroyal 720w,https:\/\/a.allegroimg.com\/original\/1196aa\/aed95bfa4e4f81c1f53bb7755fa3\/2x-285-35R18-Uniroyal-RainSport-5-101Y-NOWE-LATO-WYPRZEDAZ-Marka-Uniroyal 1023w,https:\/\/a.allegroimg.com\/original\/1196aa\/aed95bfa4e4f81c1f53bb7755fa3\/2x-285-35R18-Uniroyal-RainSport-5-101Y-NOWE-LATO-WYPRZEDAZ-Marka-Uniroyal 1249w,https:\/\/a.allegroimg.com\/original\/1196aa\/aed95bfa4e4f81c1f53bb7755fa3\/2x-285-35R18-Uniroyal-RainSport-5-101Y-NOWE-LATO-WYPRZEDAZ-Marka-Uniroyal 1249w\" sizes=\"100vw\" width=\"1249px\" alt=\"2x 285\/35R18 Uniroyal RainSport 5 101Y NOWE LATO WYPRZEDA\u017b Marka Uniroyal\" style=\"max-width: 100%; height: auto; display: block; margin: 0 auto;\"><\/div>\n<\/div>\n<\/div>\n<\/div>\n<\/div>\n<\/div>\n<div style=\"clear: both; display: block; margin: 10px 0;\">\n<div style=\"clear: both; display: block; margin: 10px 0;\">\n<div style=\"clear: both; display: block; margin: 10px 0;\">\n<div  style=\"max-width:2211px;max-height:2214px\">\n<div style=\"clear: both; display: block; margin: 10px 0;\">\n<div style=\"clear: both; width: 100%; display: block; margin: 20px 0; padding: 0; float: none; position: static; text-align: center;\"><img decoding=\"async\"  src=\"https:\/\/a.allegroimg.com\/original\/11341b\/6edf2ee549fea676693273d72a19\/2x-285-35R18-Uniroyal-RainSport-5-101Y-NOWE-LATO-WYPRZEDAZ-Szerokosc-opony-285-mm\" srcset=\"https:\/\/a.allegroimg.com\/original\/11341b\/6edf2ee549fea676693273d72a19\/2x-285-35R18-Uniroyal-RainSport-5-101Y-NOWE-LATO-WYPRZEDAZ-Szerokosc-opony-285-mm 359w,https:\/\/a.allegroimg.com\/original\/11341b\/6edf2ee549fea676693273d72a19\/2x-285-35R18-Uniroyal-RainSport-5-101Y-NOWE-LATO-WYPRZEDAZ-Szerokosc-opony-285-mm 719w,https:\/\/a.allegroimg.com\/original\/11341b\/6edf2ee549fea676693273d72a19\/2x-285-35R18-Uniroyal-RainSport-5-101Y-NOWE-LATO-WYPRZEDAZ-Szerokosc-opony-285-mm 1022w,https:\/\/a.allegroimg.com\/original\/11341b\/6edf2ee549fea676693273d72a19\/2x-285-35R18-Uniroyal-RainSport-5-101Y-NOWE-LATO-WYPRZEDAZ-Szerokosc-opony-285-mm 1438w,https:\/\/a.allegroimg.com\/original\/11341b\/6edf2ee549fea676693273d72a19\/2x-285-35R18-Uniroyal-RainSport-5-101Y-NOWE-LATO-WYPRZEDAZ-Szerokosc-opony-285-mm 2211w\" sizes=\"100vw\" width=\"2211px\" alt=\"2x 285\/35R18 Uniroyal RainSport 5 101Y NOWE LATO WYPRZEDA\u017b Szeroko\u015b\u0107 opony 285 mm\" style=\"max-width: 100%; height: auto; display: block; margin: 0 auto;\"><\/div>\n<\/div>\n<\/div>\n<\/div>\n<\/div>\n<\/div>\n<div style=\"clear: both; display: block; margin: 10px 0;\">\n<div style=\"clear: both; display: block; margin: 10px 0;\">\n<div style=\"clear: both; display: block; margin: 10px 0;\">\n<div  style=\"max-width:644px;max-height:479px\">\n<div style=\"clear: both; display: block; margin: 10px 0;\">\n<div style=\"clear: both; width: 100%; display: block; margin: 20px 0; padding: 0; float: none; position: static; text-align: center;\"><img decoding=\"async\"  src=\"https:\/\/a.allegroimg.com\/original\/11b43e\/fa7de2194ef0acf3e9e57ec2a04b\/2x-285-35R18-Uniroyal-RainSport-5-101Y-NOWE-LATO-WYPRZEDAZ\" srcset=\"https:\/\/a.allegroimg.com\/original\/11b43e\/fa7de2194ef0acf3e9e57ec2a04b\/2x-285-35R18-Uniroyal-RainSport-5-101Y-NOWE-LATO-WYPRZEDAZ 359w,https:\/\/a.allegroimg.com\/original\/11b43e\/fa7de2194ef0acf3e9e57ec2a04b\/2x-285-35R18-Uniroyal-RainSport-5-101Y-NOWE-LATO-WYPRZEDAZ 644w,https:\/\/a.allegroimg.com\/original\/11b43e\/fa7de2194ef0acf3e9e57ec2a04b\/2x-285-35R18-Uniroyal-RainSport-5-101Y-NOWE-LATO-WYPRZEDAZ 644w\" sizes=\"(min-width: 1200px) 560px, (min-width: 992px) 50vw, 100vw\" width=\"644px\" alt=\"2x 285\/35R18 Uniroyal RainSport 5 101Y NOWE LATO WYPRZEDA\u017b\" style=\"max-width: 100%; height: auto; display: block; margin: 0 auto;\"><\/div>\n<\/div>\n<\/div>\n<\/div>\n<\/div>\n<div style=\"clear: both; display: block; margin: 10px 0;\">\n<div style=\"clear: both; display: block; margin: 10px 0;\">\n<h3 style=\"color: #2c5aa0; font-size: 18px; margin: 30px 0 15px 0; font-weight: bold; clear: both; display: block; width: 100%; float: none; position: static;\">PARAMETRY OPON:<\/h3>\n<p style=\"margin: 15px 0; line-height: 1.8; clear: both; display: block; width: 100%; float: none; position: static;\">Producent: Uniroyal<\/p>\n<p style=\"margin: 15px 0; line-height: 1.8; clear: both; display: block; width: 100%; float: none; position: static;\">Kod producenta: 03611260000<\/p>\n<p style=\"margin: 15px 0; line-height: 1.8; clear: both; display: block; width: 100%; float: none; position: static;\">EAN: 4024068002505<\/p>\n<p style=\"margin: 15px 0; line-height: 1.8; clear: both; display: block; width: 100%; float: none; position: static;\">Model: RainSport 5<\/p>\n<p style=\"margin: 15px 0; line-height: 1.8; clear: both; display: block; width: 100%; float: none; position: static;\">Rozmiar: 285\/35R18<\/p>\n<p style=\"margin: 15px 0; line-height: 1.8; clear: both; display: block; width: 100%; float: none; position: static;\">Indeks no\u015bno\u015bci: 101<\/p>\n<p style=\"margin: 15px 0; line-height: 1.8; clear: both; display: block; width: 100%; float: none; position: static;\">Indeks pr\u0119dko\u015bci: Y do 300 km\/h<\/p>\n<p style=\"margin: 15px 0; line-height: 1.8; clear: both; display: block; width: 100%; float: none; position: static;\">Op\u00f3r toczenia: C<\/p>\n<p style=\"margin: 15px 0; line-height: 1.8; clear: both; display: block; width: 100%; float: none; position: static;\">Przyczepno\u015b\u0107 na mokrej nawierzchni: A<\/p>\n<p style=\"margin: 15px 0; line-height: 1.8; clear: both; display: block; width: 100%; float: none; position: static;\">Ha\u0142as zewn\u0119trzny: 75dB<\/p>\n<p style=\"margin: 15px 0; line-height: 1.8; clear: both; display: block; width: 100%; float: none; position: static;\">Informacje dodatkowe: rant ochronny|wzmocnienie (XL)|<\/p>\n<\/div>\n<\/div>\n<\/div>\n<div style=\"clear: both; display: block; margin: 10px 0;\">\n<div style=\"clear: both; display: block; margin: 10px 0;\">\n<div style=\"clear: both; display: block; margin: 10px 0;\">\n<div  style=\"max-width:573px;max-height:403px\">\n<div style=\"clear: both; display: block; margin: 10px 0;\">\n<div style=\"clear: both; width: 100%; display: block; margin: 20px 0; padding: 0; float: none; position: static; text-align: center;\"><img decoding=\"async\"  src=\"https:\/\/a.allegroimg.com\/original\/11f3bc\/70a9bf07426bba595b4a66c62675\/2x-285-35R18-Uniroyal-RainSport-5-101Y-NOWE-LATO-WYPRZEDAZ-Kod-producenta-03611260000\" srcset=\"https:\/\/a.allegroimg.com\/original\/11f3bc\/70a9bf07426bba595b4a66c62675\/2x-285-35R18-Uniroyal-RainSport-5-101Y-NOWE-LATO-WYPRZEDAZ-Kod-producenta-03611260000 360w,https:\/\/a.allegroimg.com\/original\/11f3bc\/70a9bf07426bba595b4a66c62675\/2x-285-35R18-Uniroyal-RainSport-5-101Y-NOWE-LATO-WYPRZEDAZ-Kod-producenta-03611260000 573w,https:\/\/a.allegroimg.com\/original\/11f3bc\/70a9bf07426bba595b4a66c62675\/2x-285-35R18-Uniroyal-RainSport-5-101Y-NOWE-LATO-WYPRZEDAZ-Kod-producenta-03611260000 573w\" sizes=\"(min-width: 1200px) 560px, (min-width: 992px) 50vw, 100vw\" width=\"573px\" alt=\"2x 285\/35R18 Uniroyal RainSport 5 101Y NOWE LATO WYPRZEDA\u017b Kod producenta 03611260000\" style=\"max-width: 100%; height: auto; display: block; margin: 0 auto;\"><\/div>\n<\/div>\n<\/div>\n<\/div>\n<\/div>\n<div style=\"clear: both; display: block; margin: 10px 0;\">\n<div style=\"clear: both; display: block; margin: 10px 0;\">\n<h3 style=\"color: #2c5aa0; font-size: 18px; margin: 30px 0 15px 0; font-weight: bold; clear: both; display: block; width: 100%; float: none; position: static;\">\n","protected":false},"excerpt":{"rendered":"<p>PARAMETRY OPON:<\/p>\n<p>Producent: Uniroyal<\/p>\n<p>Kod producenta: 03611260000<\/p>\n<p>EAN: 4024068002505<\/p>\n<p>Model: RainSport 5<\/p>\n<p>Rozmiar: 285\/35R18<\/p>\n<p>Indeks no\u015bno\u015bci: 101<\/p>\n<p>Indeks pr\u0119dko\u015bci: Y do 300 km\/h<\/p>\n","protected":false},"featured_media":16930,"template":"","meta":{"_uag_custom_page_level_css":""},"product_brand":[394],"product_cat":[414,418,413,412],"product_tag":[],"class_list":{"0":"post-16929","1":"product","2":"type-product","3":"status-publish","4":"has-post-thumbnail","6":"product_brand-uniroyal","7":"product_cat-do-samochodow-osobowych-i-suv","8":"product_cat-letnie","9":"product_cat-opony","10":"product_cat-opony-i-felgi","12":"first","13":"instock","14":"shipping-taxable","15":"purchasable","16":"product-type-simple"},"uagb_featured_image_src":{"full":["https:\/\/oponixo.shop\/tire\/wp-content\/uploads\/2026\/01\/allegro-image-16929.jpg",644,479,false],"thumbnail":["https:\/\/oponixo.shop\/tire\/wp-content\/uploads\/2026\/01\/allegro-image-16929-150x150.jpg",150,150,true],"medium":["https:\/\/oponixo.shop\/tire\/wp-content\/uploads\/2026\/01\/allegro-image-16929-300x223.jpg",300,223,true],"medium_large":["https:\/\/oponixo.shop\/tire\/wp-content\/uploads\/2026\/01\/allegro-image-16929.jpg",644,479,false],"large":["https:\/\/oponixo.shop\/tire\/wp-content\/uploads\/2026\/01\/allegro-image-16929.jpg",644,479,false],"1536x1536":["https:\/\/oponixo.shop\/tire\/wp-content\/uploads\/2026\/01\/allegro-image-16929.jpg",644,479,false],"2048x2048":["https:\/\/oponixo.shop\/tire\/wp-content\/uploads\/2026\/01\/allegro-image-16929.jpg",644,479,false],"woocommerce_thumbnail":["https:\/\/oponixo.shop\/tire\/wp-content\/uploads\/2026\/01\/allegro-image-16929-300x300.jpg",300,300,true],"woocommerce_single":["https:\/\/oponixo.shop\/tire\/wp-content\/uploads\/2026\/01\/allegro-image-16929-600x446.jpg",600,446,true],"woocommerce_gallery_thumbnail":["https:\/\/oponixo.shop\/tire\/wp-content\/uploads\/2026\/01\/allegro-image-16929-100x100.jpg",100,100,true]},"uagb_author_info":{"display_name":"admin","author_link":"https:\/\/oponixo.shop\/tire\/author\/"},"uagb_comment_info":0,"uagb_excerpt":"PARAMETRY OPON: Producent: Uniroyal Kod producenta: 03611260000 EAN: 4024068002505 Model: RainSport 5 Rozmiar: 285\/35R18 Indeks no\u015bno\u015bci: 101 Indeks pr\u0119dko\u015bci: Y do 300 km\/h","_links":{"self":[{"href":"https:\/\/oponixo.shop\/tire\/wp-json\/wp\/v2\/product\/16929","targetHints":{"allow":["GET"]}}],"collection":[{"href":"https:\/\/oponixo.shop\/tire\/wp-json\/wp\/v2\/product"}],"about":[{"href":"https:\/\/oponixo.shop\/tire\/wp-json\/wp\/v2\/types\/product"}],"wp:featuredmedia":[{"embeddable":true,"href":"https:\/\/oponixo.shop\/tire\/wp-json\/wp\/v2\/media\/16930"}],"wp:attachment":[{"href":"https:\/\/oponixo.shop\/tire\/wp-json\/wp\/v2\/media?parent=16929"}],"wp:term":[{"taxonomy":"product_brand","embeddable":true,"href":"https:\/\/oponixo.shop\/tire\/wp-json\/wp\/v2\/product_brand?post=16929"},{"taxonomy":"product_cat","embeddable":true,"href":"https:\/\/oponixo.shop\/tire\/wp-json\/wp\/v2\/product_cat?post=16929"},{"taxonomy":"product_tag","embeddable":true,"href":"https:\/\/oponixo.shop\/tire\/wp-json\/wp\/v2\/product_tag?post=16929"}],"curies":[{"name":"wp","href":"https:\/\/api.w.org\/{rel}","templated":true}]}}