{"id":16917,"date":"2026-01-17T15:49:21","date_gmt":"2026-01-17T14:49:21","guid":{"rendered":"https:\/\/oponyonline.shop\/xef5\/produkt\/2x-michelin-285-35r18-101y-pilot-super-sport-xl-mo1-letnie-2024-r\/"},"modified":"2026-01-17T15:49:22","modified_gmt":"2026-01-17T14:49:22","slug":"2x-michelin-285-35r18-101y-pilot-super-sport-xl-mo1-letnie-2024-r","status":"publish","type":"product","link":"https:\/\/oponixo.shop\/tire\/produkt\/2x-michelin-285-35r18-101y-pilot-super-sport-xl-mo1-letnie-2024-r\/","title":{"rendered":"2x MICHELIN 285\/35R18 101Y Pilot Super Sport XL MO1 letnie 2024 r"},"content":{"rendered":"<div style=\"font-family: Arial, sans-serif; line-height: 1.6; color: #333; padding: 20px; clear: both; display: block; width: 100%; float: none; position: static; overflow: hidden;\">\n<div style=\"clear: both; display: block; margin: 10px 0;\">\n<div style=\"clear: both; display: block; margin: 10px 0;\">\n<div style=\"clear: both; display: block; margin: 10px 0;\">\n<h1>Rok produkcji: 2024<\/h1>\n<\/div>\n<\/div>\n<\/div>\n<div style=\"clear: both; display: block; margin: 10px 0;\">\n<div style=\"clear: both; display: block; margin: 10px 0;\">\n<div style=\"clear: both; display: block; margin: 10px 0;\">\n<div  style=\"max-width:1200px;max-height:1126px\">\n<div style=\"clear: both; display: block; margin: 10px 0;\">\n<div style=\"clear: both; width: 100%; display: block; margin: 20px 0; padding: 0; float: none; position: static; text-align: center;\"><img decoding=\"async\"  src=\"https:\/\/a.allegroimg.com\/original\/11cf4a\/057d19c347a28e43aa4cca7b7f6a\/2x-MICHELIN-285-35R18-101Y-Pilot-Super-Sport-XL-MO1-letnie-2024-r\" srcset=\"https:\/\/a.allegroimg.com\/original\/11cf4a\/057d19c347a28e43aa4cca7b7f6a\/2x-MICHELIN-285-35R18-101Y-Pilot-Super-Sport-XL-MO1-letnie-2024-r 360w,https:\/\/a.allegroimg.com\/original\/11cf4a\/057d19c347a28e43aa4cca7b7f6a\/2x-MICHELIN-285-35R18-101Y-Pilot-Super-Sport-XL-MO1-letnie-2024-r 720w,https:\/\/a.allegroimg.com\/original\/11cf4a\/057d19c347a28e43aa4cca7b7f6a\/2x-MICHELIN-285-35R18-101Y-Pilot-Super-Sport-XL-MO1-letnie-2024-r 1024w,https:\/\/a.allegroimg.com\/original\/11cf4a\/057d19c347a28e43aa4cca7b7f6a\/2x-MICHELIN-285-35R18-101Y-Pilot-Super-Sport-XL-MO1-letnie-2024-r 1200w,https:\/\/a.allegroimg.com\/original\/11cf4a\/057d19c347a28e43aa4cca7b7f6a\/2x-MICHELIN-285-35R18-101Y-Pilot-Super-Sport-XL-MO1-letnie-2024-r 1200w\" sizes=\"(min-width: 1200px) 560px, (min-width: 992px) 50vw, 100vw\" width=\"1200px\" alt=\"2x MICHELIN 285\/35R18 101Y Pilot Super Sport XL MO1 letnie 2024 r\" style=\"max-width: 100%; height: auto; display: block; margin: 0 auto;\"><\/div>\n<\/div>\n<\/div>\n<\/div>\n<\/div>\n<div style=\"clear: both; display: block; margin: 10px 0;\">\n<div style=\"clear: both; display: block; margin: 10px 0;\">\n<h1>MICHELIN Pilot Super Sport 285\/35R18 101Y XL MO1<\/h1>\n<h2>DE97C8<\/h2>\n<ul style=\"margin: 15px 0; padding-left: 20px; clear: both; display: block; width: 100%; float: none; position: static;\">\n<li style=\"margin: 5px 0; padding: 2px 0; clear: both; display: list-item; float: none; position: static;\"><b>Cecha dodatkowa :<\/b> Homologacja Mercedes-Benz MO1<\/li>\n<li style=\"margin: 5px 0; padding: 2px 0; clear: both; display: list-item; float: none; position: static;\"><b>Data produkcji :<\/b> 2024<\/li>\n<li style=\"margin: 5px 0; padding: 2px 0; clear: both; display: list-item; float: none; position: static;\"><b>Hamowanie na mokrej nawierzchni :<\/b> A<\/li>\n<li style=\"margin: 5px 0; padding: 2px 0; clear: both; display: list-item; float: none; position: static;\"><b>Indeks :<\/b> 285\/35R18 LOMI 101Y PSSM<\/li>\n<li style=\"margin: 5px 0; padding: 2px 0; clear: both; display: list-item; float: none; position: static;\"><b>Indeks no\u015bno\u015bci :<\/b> 101<\/li>\n<li style=\"margin: 5px 0; padding: 2px 0; clear: both; display: list-item; float: none; position: static;\"><b>Indeks pr\u0119dko\u015bci :<\/b> Y &#8211; 300 km\/h<\/li>\n<li style=\"margin: 5px 0; padding: 2px 0; clear: both; display: list-item; float: none; position: static;\"><b>Karta informacyjna produktu :<\/b> https:\/\/eprel.ec.europa.eu\/qr\/412813<\/li>\n<li style=\"margin: 5px 0; padding: 2px 0; clear: both; display: list-item; float: none; position: static;\"><b>Kl. efekt. paliwowej :<\/b> D<\/li>\n<li style=\"margin: 5px 0; padding: 2px 0; clear: both; display: list-item; float: none; position: static;\"><b>Kl. przycz. na mokrej naw. :<\/b> A<\/li>\n<li style=\"margin: 5px 0; padding: 2px 0; clear: both; display: list-item; float: none; position: static;\"><b>Kl. zew. ha\u0142asu tocz. :<\/b> B<\/li>\n<li style=\"margin: 5px 0; padding: 2px 0; clear: both; display: list-item; float: none; position: static;\"><b>Klasa opony :<\/b> premium<\/li>\n<li style=\"margin: 5px 0; padding: 2px 0; clear: both; display: list-item; float: none; position: static;\"><b>Kod EAN :<\/b> 3528709252607<\/li>\n<li style=\"margin: 5px 0; padding: 2px 0; clear: both; display: list-item; float: none; position: static;\"><b>Kod producenta :<\/b> 925260<\/li>\n<li style=\"margin: 5px 0; padding: 2px 0; clear: both; display: list-item; float: none; position: static;\"><b>Liczba decybeli :<\/b> 73 dB<\/li>\n<li style=\"margin: 5px 0; padding: 2px 0; clear: both; display: list-item; float: none; position: static;\"><b>Model bie\u017cnika :<\/b> Pilot Super Sport<\/li>\n<li style=\"margin: 5px 0; padding: 2px 0; clear: both; display: list-item; float: none; position: static;\"><b>Nazwa produktu :<\/b> MICHELIN 285\/35R18 101Y Pilot Super Sport XL MO1 letnie<\/li>\n<li style=\"margin: 5px 0; padding: 2px 0; clear: both; display: list-item; float: none; position: static;\"><b>No\u015bno\u015b\u0107 opony :<\/b> XL<\/li>\n<li style=\"margin: 5px 0; padding: 2px 0; clear: both; display: list-item; float: none; position: static;\"><b>Op\u00f3r toczenia :<\/b> E<\/li>\n<li style=\"margin: 5px 0; padding: 2px 0; clear: both; display: list-item; float: none; position: static;\"><b>Poziom emisji ha\u0142asu :<\/b> 2<\/li>\n<li style=\"margin: 5px 0; padding: 2px 0; clear: both; display: list-item; float: none; position: static;\"><b>Producent :<\/b> MICHELIN<\/li>\n<li style=\"margin: 5px 0; padding: 2px 0; clear: both; display: list-item; float: none; position: static;\"><b>Profil :<\/b> 35<\/li>\n<li style=\"margin: 5px 0; padding: 2px 0; clear: both; display: list-item; float: none; position: static;\"><b>Przeznaczenie :<\/b> samochody osobowe\/SUV\/4&#215;4<\/li>\n<li style=\"margin: 5px 0; padding: 2px 0; clear: both; display: list-item; float: none; position: static;\"><b>Przyczepno\u015b\u0107 na lodzie :<\/b> Nie<\/li>\n<li style=\"margin: 5px 0; padding: 2px 0; clear: both; display: list-item; float: none; position: static;\"><b>Przyczepno\u015b\u0107 na \u015bniegu :<\/b> Nie<\/li>\n<li style=\"margin: 5px 0; padding: 2px 0; clear: both; display: list-item; float: none; position: static;\"><b>QR kod :<\/b> https:\/\/eprel.ec.europa.eu\/qr\/412813<\/li>\n<li style=\"margin: 5px 0; padding: 2px 0; clear: both; display: list-item; float: none; position: static;\"><b>Sezon :<\/b> letnia<\/li>\n<li style=\"margin: 5px 0; padding: 2px 0; clear: both; display: list-item; float: none; position: static;\"><b>\u015arednica :<\/b> 18&#8243;<\/li>\n<li style=\"margin: 5px 0; padding: 2px 0; clear: both; display: list-item; float: none; position: static;\"><b>Szeroko\u015b\u0107 :<\/b> 285<\/li>\n<li style=\"margin: 5px 0; padding: 2px 0; clear: both; display: list-item; float: none; position: static;\"><b>Wart. pom. i kl. zew. ha\u0142asu tocz. [dB] :<\/b> 73<\/li>\n<\/ul>\n<\/div>\n<\/div>\n<\/div>\n<div style=\"clear: both; display: block; margin: 10px 0;\">\n<div style=\"clear: both; display: block; margin: 10px 0;\">\n<div style=\"clear: both; display: block; margin: 10px 0;\">\n<p style=\"margin: 15px 0; line-height: 1.8; clear: both; display: block; width: 100%; float: none; position: static;\"> MICHELIN Pilot Super Sport to letnia opona opracowana specjalnie dla seryjnie produkowanych samochod\u00f3w sportowych oraz pojazd\u00f3w tuningowanych, o bardzo wysokich osi\u0105gach. Zosta\u0142a skonstruowana w oparciu o do\u015bwiadczenie nabyte podczas wy\u015bcig\u00f3w wytrzyma\u0142o\u015bciowych, by dostarcza\u0107 najbardziej ekscytuj\u0105cych wra\u017ce\u0144 z jazdy. Do powstania tej zaawansowanej technologicznie opony przyczyni\u0142o si\u0119 do\u015bwiadczenie zdobyte w 24 godzinnych wy\u015bcigach Le Mans, gdzie MICHELIN zwyci\u0119\u017ca\u0142o 14 razy z rz\u0119du. Innowacyjno\u015b\u0107 tej opony to, przede wszystkim technologie, za spraw\u0105 kt\u00f3rych powsta\u0142a. Dzi\u0119ki opasaniu Twaron osi\u0105gni\u0119to wi\u0119ksz\u0105 stabilno\u015b\u0107 opony przy bardzo du\u017cych pr\u0119dko\u015bciach. Dzieje si\u0119 to za spraw\u0105 zmiennych napr\u0119\u017ce\u0144, poprzez kt\u00f3re opasanie zaciska czo\u0142o bie\u017cnika bardziej ni\u017c barki opony. Si\u0142a od\u015brodkowa jest efektywniej opanowywana, a nacisk na pod\u0142o\u017ce jest rozk\u0142adany jeszcze bardziej r\u00f3wnomiernie. MICHELIN PIilot Super Sport to tak\u017ce technologia podw\u00f3jnej mieszanki, nazywana BI-COMPOUND. Zastosowano tutaj innowacyjne rozmieszczenie 2 r\u00f3\u017cnych mieszanek gumy na wewn\u0119trznej i zewn\u0119trznej stronie bie\u017cnika: na stronie zewn\u0119trznej to unikalny, wzmocniony sadz\u0105 elastomer opracowany specjalnie na 24-godzinne wy\u015bcigi Le Mans. Wynikiem takiego rozwi\u0105zania jest ekstremalna wytrzyma\u0142o\u015b\u0107 i stabilno\u015b\u0107 nawet podczas pokonywania najostrzejszych zakr\u0119t\u00f3w. Strona wewn\u0119trzna bie\u017cnika skonstruowana zosta\u0142a przy u\u017cyciu elastomer\u00f3w najnowszej generacji, kt\u00f3re przecinaj\u0105 film wodny i zapewniaj\u0105 wyj\u0105tkow\u0105 przyczepno\u015b\u0107 dzi\u0119ki przyleganiu do najmniejszych nier\u00f3wno\u015bci nawierzchni. Trzeci\u0105, r\u00f3wnie istotn\u0105 technologi\u0105, kt\u00f3r\u0105 MICHELIN pos\u0142u\u017cy\u0142o si\u0119 do zoptymalizowania sterowno\u015bci pojazdu jest VARIABLE CONTACT PATCH 2.0 &#8211; umiej\u0119tno\u015b\u0107 dostosowywania si\u0119 opony do jako\u015bci pod\u0142o\u017ca. Mimo tego, \u017ce kszta\u0142t powierzchni opony maj\u0105cej kontakt z pod\u0142o\u017cem zmienia si\u0119 na zakr\u0119tach, to obszar gumy pozostaj\u0105cy na nawierzchni pozostaje taki sam. MICHELIN Pilot Super Sport zosta\u0142a opracowana przy u\u017cyciu program\u00f3w do symulacji cyfrowej stosowanych w aeronautyce i przemy\u015ble motoryzacyjnym. Dzi\u0119ki zastosowaniu najnowocze\u015bniejszych narz\u0119dzi, si\u0142y nacisku i rozk\u0142adaj\u0105 si\u0119 r\u00f3wnomiernie na ca\u0142ym obszarze kontaktu opony z pod\u0142o\u017cem.<\/p>\n<\/div>\n<\/div>\n<div style=\"clear: both; display: block; margin: 10px 0;\">\n<div style=\"clear: both; display: block; margin: 10px 0;\">\n<div  style=\"max-width:886px;max-height:1299px\">\n<div style=\"clear: both; display: block; margin: 10px 0;\">\n<div style=\"clear: both; width: 100%; display: block; margin: 20px 0; padding: 0; float: none; position: static; text-align: center;\"><img decoding=\"async\"  src=\"https:\/\/a.allegroimg.com\/original\/11ed45\/fa352fa046f48470b756c1592a53\/2x-MICHELIN-285-35R18-101Y-Pilot-Super-Sport-XL-MO1-letnie-2024-r-Srednica-18\" srcset=\"https:\/\/a.allegroimg.com\/original\/11ed45\/fa352fa046f48470b756c1592a53\/2x-MICHELIN-285-35R18-101Y-Pilot-Super-Sport-XL-MO1-letnie-2024-r-Srednica-18 245w,https:\/\/a.allegroimg.com\/original\/11ed45\/fa352fa046f48470b756c1592a53\/2x-MICHELIN-285-35R18-101Y-Pilot-Super-Sport-XL-MO1-letnie-2024-r-Srednica-18 491w,https:\/\/a.allegroimg.com\/original\/11ed45\/fa352fa046f48470b756c1592a53\/2x-MICHELIN-285-35R18-101Y-Pilot-Super-Sport-XL-MO1-letnie-2024-r-Srednica-18 698w,https:\/\/a.allegroimg.com\/original\/11ed45\/fa352fa046f48470b756c1592a53\/2x-MICHELIN-285-35R18-101Y-Pilot-Super-Sport-XL-MO1-letnie-2024-r-Srednica-18 886w,https:\/\/a.allegroimg.com\/original\/11ed45\/fa352fa046f48470b756c1592a53\/2x-MICHELIN-285-35R18-101Y-Pilot-Super-Sport-XL-MO1-letnie-2024-r-Srednica-18 886w\" sizes=\"(min-width: 1200px) 560px, (min-width: 992px) 50vw, 100vw\" width=\"886px\" alt=\"2x MICHELIN 285\/35R18 101Y Pilot Super Sport XL MO1 letnie 2024 r \u015arednica 18&quot;\" style=\"max-width: 100%; height: auto; display: block; margin: 0 auto;\"><\/div>\n<\/div>\n<\/div>\n<\/div>\n<\/div>\n<\/div>\n<div style=\"clear: both; display: block; margin: 10px 0;\">\n<div style=\"clear: both; display: block; margin: 10px 0;\">\n<div style=\"clear: both; display: block; margin: 10px 0;\">\n<p style=\"margin: 15px 0; line-height: 1.8; clear: both; display: block; width: 100%; float: none; position: static;\">Wychodz\u0105c naprzeciw oczekiwaniom Klient\u00f3w i chc\u0105c spe\u0142nia\u0107 jak najwy\u017csze standardy obs\u0142ugi dok\u0142adamy wszelkich stara\u0144, aby podawa\u0107 precyzyjn\u0105 dat\u0119 produkcji opony (DOT). Niestety, w wyj\u0105tkowych przypadkach, mo\u017ce zdarzy\u0107 si\u0119, \u017ce opony, kt\u00f3re wy\u015blemy b\u0119d\u0105 mia\u0142y inn\u0105 dat\u0119 produkcji ni\u017c podana. Sytuacja mo\u017ce dotyczy\u0107 zar\u00f3wno opon z DOT-em wcze\u015bniejszym jak i p\u00f3\u017aniejszym. Chcieliby\u015bmy podkre\u015bli\u0107, \u017ce warunki przechowywania opon w naszych magazynach spe\u0142niaj\u0105 Polsk\u0105 Norm\u0119 PN-C-94300-7 dzi\u0119ki czemu nawet opona przechowywana 24 miesi\u0105ce ma parametry takie same jak opona z bie\u017c\u0105cego roku. Warto pami\u0119ta\u0107 tak\u017ce o fakcie, \u017ce w przypadku wielu rozmiar\u00f3w i producent\u00f3w plany produkcyjne fabryk uniemo\u017cliwiaj\u0105 zakup opony z bie\u017c\u0105cego roku.<\/p>\n<p style=\"margin: 15px 0; line-height: 1.8; clear: both; display: block; width: 100%; float: none; position: static;\">Przy zakupie opon pami\u0119taj o sprawdzeniu w instrukcji samochodu lub na w\u0142a\u015bciwej stronie internetowej, jakie ogumienie zaleca producent Twojego auta. \u0179le dobrane opony mog\u0105 negatywnie wp\u0142yn\u0105\u0107 na poziom Twojego bezpiecze\u0144stwa. Kupuj\u0105c opony zwr\u00f3\u0107 uwag\u0119 na rozmiar oraz indeksy no\u015bno\u015bci i pr\u0119dko\u015bci jakie homologowane s\u0105 do Twojego pojazdu.<\/p>\n<p style=\"margin: 15px 0; line-height: 1.8; clear: both; display: block; width: 100%; float: none; position: static;\">Zamieszczone zdj\u0119cia pe\u0142ni\u0105 funkcj\u0119 pogl\u0105dow\u0105. W zale\u017cno\u015bci od szeroko\u015bci opon, mog\u0105 wyst\u0119powa\u0107 niewielkie r\u00f3\u017cnice w wygl\u0105dzie bie\u017cnika (w obr\u0119bie jednego modelu) na przyk\u0142ad w ilo\u015bci rowk\u00f3w obwodowych lub rozmieszczeniu blok\u00f3w bie\u017cnika, co nie stanowi wady produktu.<\/p>\n<p style=\"margin: 15px 0; line-height: 1.8; clear: both; display: block; width: 100%; float: none; position: static;\">Je\u017celi otrzymane przez Ciebie opony nie spe\u0142niaj\u0105 Twoich oczekiwa\u0144 masz mo\u017cliwo\u015b\u0107 zwrotu lub wymiany nieu\u017cywanego (niemontowanego) ogumienia.<\/p>\n<\/div>\n<\/div>\n<\/div>\n<div style=\"clear: both; display: block; margin: 10px 0;\">\n<div style=\"clear: both; display: block; margin: 10px 0;\">\n<div style=\"clear: both; display: block; margin: 10px 0;\">\n<div  style=\"max-width:2204px;max-height:1173px\">\n<div style=\"clear: both; display: block; margin: 10px 0;\">\n<div style=\"clear: both; width: 100%; display: block; margin: 20px 0; padding: 0; float: none; position: static; text-align: center;\"><img decoding=\"async\"  src=\"https:\/\/a.allegroimg.com\/original\/11428d\/5296316c471cbbcd4938094ab0f4\/2x-MICHELIN-285-35R18-101Y-Pilot-Super-Sport-XL-MO1-letnie-2024-r-Waga-produktu-z-opakowaniem-jednostkowym-25-5-kg\" srcset=\"https:\/\/a.allegroimg.com\/original\/11428d\/5296316c471cbbcd4938094ab0f4\/2x-MICHELIN-285-35R18-101Y-Pilot-Super-Sport-XL-MO1-letnie-2024-r-Waga-produktu-z-opakowaniem-jednostkowym-25-5-kg 360w,https:\/\/a.allegroimg.com\/original\/11428d\/5296316c471cbbcd4938094ab0f4\/2x-MICHELIN-285-35R18-101Y-Pilot-Super-Sport-XL-MO1-letnie-2024-r-Waga-produktu-z-opakowaniem-jednostkowym-25-5-kg 720w,https:\/\/a.allegroimg.com\/original\/11428d\/5296316c471cbbcd4938094ab0f4\/2x-MICHELIN-285-35R18-101Y-Pilot-Super-Sport-XL-MO1-letnie-2024-r-Waga-produktu-z-opakowaniem-jednostkowym-25-5-kg 1024w,https:\/\/a.allegroimg.com\/original\/11428d\/5296316c471cbbcd4938094ab0f4\/2x-MICHELIN-285-35R18-101Y-Pilot-Super-Sport-XL-MO1-letnie-2024-r-Waga-produktu-z-opakowaniem-jednostkowym-25-5-kg 1440w,https:\/\/a.allegroimg.com\/original\/11428d\/5296316c471cbbcd4938094ab0f4\/2x-MICHELIN-285-35R18-101Y-Pilot-Super-Sport-XL-MO1-letnie-2024-r-Waga-produktu-z-opakowaniem-jednostkowym-25-5-kg 2204w\" sizes=\"(min-width: 1200px) 560px, (min-width: 992px) 50vw, 100vw\" width=\"2204px\" alt=\"2x MICHELIN 285\/35R18 101Y Pilot Super Sport XL MO1 letnie 2024 r Waga produktu z opakowaniem jednostkowym 25.5 kg\" style=\"max-width: 100%; height: auto; display: block; margin: 0 auto;\"><\/div>\n<\/div>\n<\/div>\n<\/div>\n<\/div>\n<div style=\"clear: both; display: block; margin: 10px 0;\">\n<div style=\"clear: both; display: block; margin: 10px 0;\">\n<h1>Michelin<\/h1>\n<p style=\"margin: 15px 0; line-height: 1.8; clear: both; display: block; width: 100%; float: none; position: static;\">Aby zapewni\u0107 jak najwi\u0119ksze bezpiecze\u0144stwo prowadzenia pojazd\u00f3w i osi\u0105gi opon, firma Michelin zaleca stosowanie opon samochodowych o jednakowym stopniu zu\u017cycia na jednej osi.<\/p>\n<p>Grupa Michelin jest liderem technologicznym \u015bwiatowej bran\u017cy opon. Firma produkuje, sprzedaje i promuje produkty, us\u0142ugi oraz serwisy w dziedzinie mobilno\u015bci. Michelin to producent opon do samochod\u00f3w osobowych, ci\u0119\u017carowych, sprz\u0119tu rolniczego i budowlanego, samolot\u00f3w, motocykli i rower\u00f3w, a tak\u017ce przewodnik\u00f3w, map, atlas\u00f3w i us\u0142ug digitalowych  <\/p>\n<p>Siedzib\u0105 Grupy jest Clermont-Ferrand we Francji. Firma zatrudnia na \u015bwiecie ponad 123,600 tys. os\u00f3b i jest obecna w 170 krajach. Michelin ma 71 zak\u0142ad\u00f3w produkcyjnych, kt\u00f3re w 2020 r. \u0142\u0105cznie wyprodukowa\u0142y oko\u0142o 170 mln opon. W Polsce Grupa Michelin ma fabryk\u0119 opon w Olsztynie oraz Dyrekcj\u0119 Handlow\u0105 w Warszawie.<\/p>\n<\/div>\n<\/div>\n<\/div>\n<\/div>\n<\/div>\n<\/div>\n<div style=\"clear: both; display: block; margin: 10px 0;\">\n","protected":false},"excerpt":{"rendered":"<p>Rok produkcji: 2024<\/p>\n<p>MICHELIN Pilot Super Sport 285\/35R18 101Y XL MO1<\/p>\n<p>DE97C8<\/p>\n<p>Cecha dodatkowa : Homologacja Mercedes-Benz MO1<\/p>\n<p>Data produkcji : 2024<\/p>\n<p>Hamowanie na mokrej nawierzchni : A<\/p>\n<p>Indeks : 285\/35R18 LOMI 101Y PSSM<\/p>\n<p>Indeks no\u015bno\u015bci : 101<\/p>\n","protected":false},"featured_media":16918,"template":"","meta":{"_uag_custom_page_level_css":""},"product_brand":[429],"product_cat":[414,418,413,412],"product_tag":[],"class_list":{"0":"post-16917","1":"product","2":"type-product","3":"status-publish","4":"has-post-thumbnail","6":"product_brand-michelin","7":"product_cat-do-samochodow-osobowych-i-suv","8":"product_cat-letnie","9":"product_cat-opony","10":"product_cat-opony-i-felgi","12":"first","13":"instock","14":"shipping-taxable","15":"purchasable","16":"product-type-simple"},"uagb_featured_image_src":{"full":["https:\/\/oponixo.shop\/tire\/wp-content\/uploads\/2026\/01\/allegro-image-16917.jpg",1200,1126,false],"thumbnail":["https:\/\/oponixo.shop\/tire\/wp-content\/uploads\/2026\/01\/allegro-image-16917-150x150.jpg",150,150,true],"medium":["https:\/\/oponixo.shop\/tire\/wp-content\/uploads\/2026\/01\/allegro-image-16917-300x282.jpg",300,282,true],"medium_large":["https:\/\/oponixo.shop\/tire\/wp-content\/uploads\/2026\/01\/allegro-image-16917-768x721.jpg",768,721,true],"large":["https:\/\/oponixo.shop\/tire\/wp-content\/uploads\/2026\/01\/allegro-image-16917-1024x961.jpg",1024,961,true],"1536x1536":["https:\/\/oponixo.shop\/tire\/wp-content\/uploads\/2026\/01\/allegro-image-16917.jpg",1200,1126,false],"2048x2048":["https:\/\/oponixo.shop\/tire\/wp-content\/uploads\/2026\/01\/allegro-image-16917.jpg",1200,1126,false],"woocommerce_thumbnail":["https:\/\/oponixo.shop\/tire\/wp-content\/uploads\/2026\/01\/allegro-image-16917-300x300.jpg",300,300,true],"woocommerce_single":["https:\/\/oponixo.shop\/tire\/wp-content\/uploads\/2026\/01\/allegro-image-16917-600x563.jpg",600,563,true],"woocommerce_gallery_thumbnail":["https:\/\/oponixo.shop\/tire\/wp-content\/uploads\/2026\/01\/allegro-image-16917-100x100.jpg",100,100,true]},"uagb_author_info":{"display_name":"admin","author_link":"https:\/\/oponixo.shop\/tire\/author\/"},"uagb_comment_info":0,"uagb_excerpt":"Rok produkcji: 2024 MICHELIN Pilot Super Sport 285\/35R18 101Y XL MO1 DE97C8 Cecha dodatkowa : Homologacja Mercedes-Benz MO1 Data produkcji : 2024 Hamowanie na mokrej nawierzchni : A Indeks : 285\/35R18 LOMI 101Y PSSM Indeks no\u015bno\u015bci : 101","_links":{"self":[{"href":"https:\/\/oponixo.shop\/tire\/wp-json\/wp\/v2\/product\/16917","targetHints":{"allow":["GET"]}}],"collection":[{"href":"https:\/\/oponixo.shop\/tire\/wp-json\/wp\/v2\/product"}],"about":[{"href":"https:\/\/oponixo.shop\/tire\/wp-json\/wp\/v2\/types\/product"}],"wp:featuredmedia":[{"embeddable":true,"href":"https:\/\/oponixo.shop\/tire\/wp-json\/wp\/v2\/media\/16918"}],"wp:attachment":[{"href":"https:\/\/oponixo.shop\/tire\/wp-json\/wp\/v2\/media?parent=16917"}],"wp:term":[{"taxonomy":"product_brand","embeddable":true,"href":"https:\/\/oponixo.shop\/tire\/wp-json\/wp\/v2\/product_brand?post=16917"},{"taxonomy":"product_cat","embeddable":true,"href":"https:\/\/oponixo.shop\/tire\/wp-json\/wp\/v2\/product_cat?post=16917"},{"taxonomy":"product_tag","embeddable":true,"href":"https:\/\/oponixo.shop\/tire\/wp-json\/wp\/v2\/product_tag?post=16917"}],"curies":[{"name":"wp","href":"https:\/\/api.w.org\/{rel}","templated":true}]}}