{"id":16873,"date":"2026-01-17T15:49:09","date_gmt":"2026-01-17T14:49:09","guid":{"rendered":"https:\/\/oponyonline.shop\/xef5\/produkt\/2x-linglong-crosswind-m-t-p-o-r-285-75r16-126-q\/"},"modified":"2026-01-17T15:49:09","modified_gmt":"2026-01-17T14:49:09","slug":"2x-linglong-crosswind-m-t-p-o-r-285-75r16-126-q","status":"publish","type":"product","link":"https:\/\/oponixo.shop\/tire\/produkt\/2x-linglong-crosswind-m-t-p-o-r-285-75r16-126-q\/","title":{"rendered":"2x LINGLONG CROSSWIND M\/T P.O.R 285\/75R16 126 Q"},"content":{"rendered":"<div style=\"font-family: Arial, sans-serif; line-height: 1.6; color: #333; padding: 20px; clear: both; display: block; width: 100%; float: none; position: static; overflow: hidden;\">\n<div style=\"clear: both; display: block; margin: 10px 0;\">\n<div style=\"clear: both; display: block; margin: 10px 0;\">\n<div style=\"clear: both; display: block; margin: 10px 0;\">\n<h2>2x LINGLONG CROSSWIND M\/T P.O.R 285\/75R16 126 Q<\/h2>\n<\/div>\n<\/div>\n<\/div>\n<div style=\"clear: both; display: block; margin: 10px 0;\">\n<div style=\"clear: both; display: block; margin: 10px 0;\">\n<div style=\"clear: both; display: block; margin: 10px 0;\">\n<div  style=\"max-width:920px;max-height:1120px\">\n<div style=\"clear: both; display: block; margin: 10px 0;\">\n<div style=\"clear: both; width: 100%; display: block; margin: 20px 0; padding: 0; float: none; position: static; text-align: center;\"><img decoding=\"async\"  src=\"https:\/\/a.allegroimg.com\/original\/11f173\/96e4e070415e8336e84a009f2bfb\/2x-LINGLONG-CROSSWIND-M-T-P-O-R-285-75R16-126-Q\" srcset=\"https:\/\/a.allegroimg.com\/original\/11f173\/96e4e070415e8336e84a009f2bfb\/2x-LINGLONG-CROSSWIND-M-T-P-O-R-285-75R16-126-Q 295w,https:\/\/a.allegroimg.com\/original\/11f173\/96e4e070415e8336e84a009f2bfb\/2x-LINGLONG-CROSSWIND-M-T-P-O-R-285-75R16-126-Q 591w,https:\/\/a.allegroimg.com\/original\/11f173\/96e4e070415e8336e84a009f2bfb\/2x-LINGLONG-CROSSWIND-M-T-P-O-R-285-75R16-126-Q 841w,https:\/\/a.allegroimg.com\/original\/11f173\/96e4e070415e8336e84a009f2bfb\/2x-LINGLONG-CROSSWIND-M-T-P-O-R-285-75R16-126-Q 920w,https:\/\/a.allegroimg.com\/original\/11f173\/96e4e070415e8336e84a009f2bfb\/2x-LINGLONG-CROSSWIND-M-T-P-O-R-285-75R16-126-Q 920w\" sizes=\"(min-width: 1200px) 560px, (min-width: 992px) 50vw, 100vw\" width=\"920px\" alt=\"2x LINGLONG CROSSWIND M\/T P.O.R 285\/75R16 126 Q\" style=\"max-width: 100%; height: auto; display: block; margin: 0 auto;\"><\/div>\n<\/div>\n<\/div>\n<\/div>\n<\/div>\n<div style=\"clear: both; display: block; margin: 10px 0;\">\n<div style=\"clear: both; display: block; margin: 10px 0;\">\n<h2>Letnie opony LINGLONG CROSSWIND M\/T P.O.R LRE 285\/75 R16 126 Q<\/h2>\n<p style=\"margin: 15px 0; line-height: 1.8; clear: both; display: block; width: 100%; float: none; position: static;\">Opony LINGLONG CROSSWIND M\/T P.O.R LRE to znacz\u0105cy model w portfolio producenta.&nbsp;<\/p>\n<p style=\"margin: 15px 0; line-height: 1.8; clear: both; display: block; width: 100%; float: none; position: static;\"> Opony klasy ekonomicznej maj\u0105 \u015bwietny stosunek jako\u015bci do ceny.<\/p>\n<ul style=\"margin: 15px 0; padding-left: 20px; clear: both; display: block; width: 100%; float: none; position: static;\">\n<li style=\"margin: 5px 0; padding: 2px 0; clear: both; display: list-item; float: none; position: static;\"><b>Stan:<\/b>&nbsp;Nowy<\/li>\n<li style=\"margin: 5px 0; padding: 2px 0; clear: both; display: list-item; float: none; position: static;\"><b>EAN:<\/b>&nbsp;6959956716104<\/li>\n<li style=\"margin: 5px 0; padding: 2px 0; clear: both; display: list-item; float: none; position: static;\"><b>Producent:<\/b> LINGLONG<\/li>\n<li style=\"margin: 5px 0; padding: 2px 0; clear: both; display: list-item; float: none; position: static;\"><b>Model:<\/b> CROSSWIND M\/T P.O.R LRE<\/li>\n<li style=\"margin: 5px 0; padding: 2px 0; clear: both; display: list-item; float: none; position: static;\"><b>Rozmiar:<\/b> 285\/75 R16<\/li>\n<li style=\"margin: 5px 0; padding: 2px 0; clear: both; display: list-item; float: none; position: static;\"><b>Indeks no\u015bno\u015bci:<\/b> 126<\/li>\n<li style=\"margin: 5px 0; padding: 2px 0; clear: both; display: list-item; float: none; position: static;\"><b>Indeks pr\u0119dko\u015bci:<\/b> Q<\/li>\n<li style=\"margin: 5px 0; padding: 2px 0; clear: both; display: list-item; float: none; position: static;\"><b>Ha\u0142as db:<\/b>&nbsp;<\/li>\n<li style=\"margin: 5px 0; padding: 2px 0; clear: both; display: list-item; float: none; position: static;\"><b>Sezon:<\/b> Letnie<\/li>\n<li style=\"margin: 5px 0; padding: 2px 0; clear: both; display: list-item; float: none; position: static;\"><b>Rok produkcji:<\/b> nie starsze ni\u017c 36 miesi\u0119cy<\/li>\n<li style=\"margin: 5px 0; padding: 2px 0; clear: both; display: list-item; float: none; position: static;\"><b>Przeznaczenie:<\/b> SUV\/4&#215;4<\/li>\n<li style=\"margin: 5px 0; padding: 2px 0; clear: both; display: list-item; float: none; position: static;\"><b>Kl. przycz. na mokrej naw.:<\/b>&nbsp;<\/li>\n<li style=\"margin: 5px 0; padding: 2px 0; clear: both; display: list-item; float: none; position: static;\"><b>Kl. efekt. paliwowej:&nbsp;<\/b><\/li>\n<\/ul>\n<\/div>\n<\/div>\n<\/div>\n<div style=\"clear: both; display: block; margin: 10px 0;\">\n<div style=\"clear: both; display: block; margin: 10px 0;\">\n<div style=\"clear: both; display: block; margin: 10px 0;\">\n<div  style=\"max-width:1200px;max-height:470px\">\n<div style=\"clear: both; display: block; margin: 10px 0;\">\n<div style=\"clear: both; width: 100%; display: block; margin: 20px 0; padding: 0; float: none; position: static; text-align: center;\"><img decoding=\"async\"  src=\"https:\/\/a.allegroimg.com\/original\/118198\/eeda81ee45fcac5ace66cc8ad7cb\/2x-LINGLONG-CROSSWIND-M-T-P-O-R-285-75R16-126-Q-Liczba-opon-w-ofercie-2-szt\" srcset=\"https:\/\/a.allegroimg.com\/original\/118198\/eeda81ee45fcac5ace66cc8ad7cb\/2x-LINGLONG-CROSSWIND-M-T-P-O-R-285-75R16-126-Q-Liczba-opon-w-ofercie-2-szt 360w,https:\/\/a.allegroimg.com\/original\/118198\/eeda81ee45fcac5ace66cc8ad7cb\/2x-LINGLONG-CROSSWIND-M-T-P-O-R-285-75R16-126-Q-Liczba-opon-w-ofercie-2-szt 720w,https:\/\/a.allegroimg.com\/original\/118198\/eeda81ee45fcac5ace66cc8ad7cb\/2x-LINGLONG-CROSSWIND-M-T-P-O-R-285-75R16-126-Q-Liczba-opon-w-ofercie-2-szt 1024w,https:\/\/a.allegroimg.com\/original\/118198\/eeda81ee45fcac5ace66cc8ad7cb\/2x-LINGLONG-CROSSWIND-M-T-P-O-R-285-75R16-126-Q-Liczba-opon-w-ofercie-2-szt 1200w,https:\/\/a.allegroimg.com\/original\/118198\/eeda81ee45fcac5ace66cc8ad7cb\/2x-LINGLONG-CROSSWIND-M-T-P-O-R-285-75R16-126-Q-Liczba-opon-w-ofercie-2-szt 1200w\" sizes=\"100vw\" width=\"1200px\" alt=\"2x LINGLONG CROSSWIND M\/T P.O.R 285\/75R16 126 Q Liczba opon w ofercie 2 szt.\" style=\"max-width: 100%; height: auto; display: block; margin: 0 auto;\"><\/div>\n<\/div>\n<\/div>\n<\/div>\n<\/div>\n<\/div>\n<div style=\"clear: both; display: block; margin: 10px 0;\">\n<div style=\"clear: both; display: block; margin: 10px 0;\">\n<div style=\"clear: both; display: block; margin: 10px 0;\">\n<p style=\"margin: 15px 0; line-height: 1.8; clear: both; display: block; width: 100%; float: none; position: static;\">Marka Linglong&nbsp;to znany producent opon z siedzib\u0105 w Chinach. Firma ta jest jednym z lider\u00f3w w bran\u017cy oponiarskiej i specjalizuje si\u0119 w produkcji opon do r\u00f3\u017cnych rodzaj\u00f3w pojazd\u00f3w, w tym samochod\u00f3w osobowych, SUV-\u00f3w, ci\u0119\u017car\u00f3wek i innych.<\/p>\n<p style=\"margin: 15px 0; line-height: 1.8; clear: both; display: block; width: 100%; float: none; position: static;\">Linglong jest ceniony za konkurencyjne ceny i niezawodno\u015b\u0107 swoich produkt\u00f3w. Dzia\u0142a na rynkach na ca\u0142ym \u015bwiecie, oferuj\u0105c szeroki wyb\u00f3r opon dostosowanych do r\u00f3\u017cnych warunk\u00f3w na drodze.<\/p>\n<p style=\"margin: 15px 0; line-height: 1.8; clear: both; display: block; width: 100%; float: none; position: static;\">To marka, kt\u00f3ra stawia na jako\u015b\u0107 i innowacje, przyci\u0105gaj\u0105c tym samym klient\u00f3w z r\u00f3\u017cnych zak\u0105tk\u00f3w globu.<\/p>\n<\/div>\n<\/div>\n<\/div>\n<div style=\"clear: both; display: block; margin: 10px 0;\">\n<div style=\"clear: both; display: block; margin: 10px 0;\">\n<div style=\"clear: both; display: block; margin: 10px 0;\">\n<div  style=\"max-width:920px;max-height:1120px\">\n<div style=\"clear: both; display: block; margin: 10px 0;\">\n<div style=\"clear: both; width: 100%; display: block; margin: 20px 0; padding: 0; float: none; position: static; text-align: center;\"><img decoding=\"async\"  src=\"https:\/\/a.allegroimg.com\/original\/11f173\/96e4e070415e8336e84a009f2bfb\/2x-LINGLONG-CROSSWIND-M-T-P-O-R-285-75R16-126-Q\" srcset=\"https:\/\/a.allegroimg.com\/original\/11f173\/96e4e070415e8336e84a009f2bfb\/2x-LINGLONG-CROSSWIND-M-T-P-O-R-285-75R16-126-Q 295w,https:\/\/a.allegroimg.com\/original\/11f173\/96e4e070415e8336e84a009f2bfb\/2x-LINGLONG-CROSSWIND-M-T-P-O-R-285-75R16-126-Q 591w,https:\/\/a.allegroimg.com\/original\/11f173\/96e4e070415e8336e84a009f2bfb\/2x-LINGLONG-CROSSWIND-M-T-P-O-R-285-75R16-126-Q 841w,https:\/\/a.allegroimg.com\/original\/11f173\/96e4e070415e8336e84a009f2bfb\/2x-LINGLONG-CROSSWIND-M-T-P-O-R-285-75R16-126-Q 920w,https:\/\/a.allegroimg.com\/original\/11f173\/96e4e070415e8336e84a009f2bfb\/2x-LINGLONG-CROSSWIND-M-T-P-O-R-285-75R16-126-Q 920w\" sizes=\"(min-width: 1200px) 560px, (min-width: 992px) 50vw, 100vw\" width=\"920px\" alt=\"2x LINGLONG CROSSWIND M\/T P.O.R 285\/75R16 126 Q\" style=\"max-width: 100%; height: auto; display: block; margin: 0 auto;\"><\/div>\n<\/div>\n<\/div>\n<\/div>\n<\/div>\n<div style=\"clear: both; display: block; margin: 10px 0;\">\n<div style=\"clear: both; display: block; margin: 10px 0;\">\n<p style=\"margin: 15px 0; line-height: 1.8; clear: both; display: block; width: 100%; float: none; position: static;\">Dlaczego warto kupowa\u0107 u Nas ?<\/p>\n<p style=\"margin: 15px 0; line-height: 1.8; clear: both; display: block; width: 100%; float: none; position: static;\">Jeste\u015bmy firm\u0105, kt\u00f3ra na podstawie wieloletniego do\u015bwiadczenia z zaanga\u017cowaniem pomaga klientom w doborze oraz kupnie opon.<\/p>\n<p style=\"margin: 15px 0; line-height: 1.8; clear: both; display: block; width: 100%; float: none; position: static;\">Posiadamy szerok\u0105 game opon do aut osobowych, dostawczych, cie\u017carowych, motocyki jak i opon przemys\u0142owych.<\/p>\n<p style=\"margin: 15px 0; line-height: 1.8; clear: both; display: block; width: 100%; float: none; position: static;\">Gwarancja satysfakcjii oraz bezpiecznie przejechanych kilometr\u00f3w.<\/p>\n<p style=\"margin: 15px 0; line-height: 1.8; clear: both; display: block; width: 100%; float: none; position: static;\">Zosta\u0144 naszym kolejnym zadowolonym klientem.<\/p>\n<p style=\"margin: 15px 0; line-height: 1.8; clear: both; display: block; width: 100%; float: none; position: static;\">ZAPRASZAMY DO ZAKUP\u00d3W.<\/p>\n<\/div>\n<\/div>\n<\/div>\n<\/div>\n<\/div>\n<\/div>\n<div style=\"clear: both; display: block; margin: 10px 0;\">\n","protected":false},"excerpt":{"rendered":"<p>2x LINGLONG CROSSWIND M\/T P.O.R 285\/75R16 126 Q<\/p>\n<p>Letnie opony LINGLONG CROSSWIND M\/T P.O.R LRE 285\/75 R16 126 Q<\/p>\n<p>Opony LINGLONG CROSSWIND M\/T P.O.R LRE to znacz\u0105cy model w portfolio producenta.&nbsp;<\/p>\n<p>Opony klasy ekonomicznej maj\u0105 \u015bwietny stosunek jako\u015bci do ceny.<\/p>\n<p>Stan:&nbsp;Nowy<\/p>\n<p>EAN:&nbsp;6959956716104<\/p>\n<p>Producent: LINGLONG<\/p>\n<p>Model: CROSSWIND M\/T P.O.R LRE<\/p>\n","protected":false},"featured_media":16874,"template":"","meta":{"_uag_custom_page_level_css":""},"product_brand":[464],"product_cat":[428,418,413,412],"product_tag":[],"class_list":{"0":"post-16873","1":"product","2":"type-product","3":"status-publish","4":"has-post-thumbnail","6":"product_brand-linglong","7":"product_cat-do-samochodow-terenowych-i-4x4","8":"product_cat-letnie","9":"product_cat-opony","10":"product_cat-opony-i-felgi","12":"first","13":"instock","14":"shipping-taxable","15":"purchasable","16":"product-type-simple"},"uagb_featured_image_src":{"full":["https:\/\/oponixo.shop\/tire\/wp-content\/uploads\/2026\/01\/allegro-image-16873.jpg",920,1120,false],"thumbnail":["https:\/\/oponixo.shop\/tire\/wp-content\/uploads\/2026\/01\/allegro-image-16873-150x150.jpg",150,150,true],"medium":["https:\/\/oponixo.shop\/tire\/wp-content\/uploads\/2026\/01\/allegro-image-16873-246x300.jpg",246,300,true],"medium_large":["https:\/\/oponixo.shop\/tire\/wp-content\/uploads\/2026\/01\/allegro-image-16873-768x935.jpg",768,935,true],"large":["https:\/\/oponixo.shop\/tire\/wp-content\/uploads\/2026\/01\/allegro-image-16873-841x1024.jpg",841,1024,true],"1536x1536":["https:\/\/oponixo.shop\/tire\/wp-content\/uploads\/2026\/01\/allegro-image-16873.jpg",920,1120,false],"2048x2048":["https:\/\/oponixo.shop\/tire\/wp-content\/uploads\/2026\/01\/allegro-image-16873.jpg",920,1120,false],"woocommerce_thumbnail":["https:\/\/oponixo.shop\/tire\/wp-content\/uploads\/2026\/01\/allegro-image-16873-300x300.jpg",300,300,true],"woocommerce_single":["https:\/\/oponixo.shop\/tire\/wp-content\/uploads\/2026\/01\/allegro-image-16873-600x730.jpg",600,730,true],"woocommerce_gallery_thumbnail":["https:\/\/oponixo.shop\/tire\/wp-content\/uploads\/2026\/01\/allegro-image-16873-100x100.jpg",100,100,true]},"uagb_author_info":{"display_name":"admin","author_link":"https:\/\/oponixo.shop\/tire\/author\/"},"uagb_comment_info":0,"uagb_excerpt":"2x LINGLONG CROSSWIND M\/T P.O.R 285\/75R16 126 Q Letnie opony LINGLONG CROSSWIND M\/T P.O.R LRE 285\/75 R16 126 Q Opony LINGLONG CROSSWIND M\/T P.O.R LRE to znacz\u0105cy model w portfolio producenta.&nbsp; Opony klasy ekonomicznej maj\u0105 \u015bwietny stosunek jako\u015bci do ceny. Stan:&nbsp;Nowy EAN:&nbsp;6959956716104 Producent: LINGLONG Model: CROSSWIND M\/T P.O.R LRE","_links":{"self":[{"href":"https:\/\/oponixo.shop\/tire\/wp-json\/wp\/v2\/product\/16873","targetHints":{"allow":["GET"]}}],"collection":[{"href":"https:\/\/oponixo.shop\/tire\/wp-json\/wp\/v2\/product"}],"about":[{"href":"https:\/\/oponixo.shop\/tire\/wp-json\/wp\/v2\/types\/product"}],"wp:featuredmedia":[{"embeddable":true,"href":"https:\/\/oponixo.shop\/tire\/wp-json\/wp\/v2\/media\/16874"}],"wp:attachment":[{"href":"https:\/\/oponixo.shop\/tire\/wp-json\/wp\/v2\/media?parent=16873"}],"wp:term":[{"taxonomy":"product_brand","embeddable":true,"href":"https:\/\/oponixo.shop\/tire\/wp-json\/wp\/v2\/product_brand?post=16873"},{"taxonomy":"product_cat","embeddable":true,"href":"https:\/\/oponixo.shop\/tire\/wp-json\/wp\/v2\/product_cat?post=16873"},{"taxonomy":"product_tag","embeddable":true,"href":"https:\/\/oponixo.shop\/tire\/wp-json\/wp\/v2\/product_tag?post=16873"}],"curies":[{"name":"wp","href":"https:\/\/api.w.org\/{rel}","templated":true}]}}