{"id":16855,"date":"2026-01-17T15:49:03","date_gmt":"2026-01-17T14:49:03","guid":{"rendered":"https:\/\/oponyonline.shop\/xef5\/produkt\/1x-michelin-pilot-sport-cup-315-30r20-104-y\/"},"modified":"2026-01-17T15:49:03","modified_gmt":"2026-01-17T14:49:03","slug":"1x-michelin-pilot-sport-cup-315-30r20-104-y","status":"publish","type":"product","link":"https:\/\/oponexa.shop\/tire\/produkt\/1x-michelin-pilot-sport-cup-315-30r20-104-y\/","title":{"rendered":"1x MICHELIN PILOT SPORT CUP 315\/30R20 104 Y"},"content":{"rendered":"<div style=\"font-family: Arial, sans-serif; line-height: 1.6; color: #333; padding: 20px; clear: both; display: block; width: 100%; float: none; position: static; overflow: hidden;\">\n<div style=\"clear: both; display: block; margin: 10px 0;\">\n<div style=\"clear: both; display: block; margin: 10px 0;\">\n<div style=\"clear: both; display: block; margin: 10px 0;\">\n<h2>1x MICHELIN PILOT SPORT CUP 315\/30R20 104 Y<\/h2>\n<\/div>\n<\/div>\n<\/div>\n<div style=\"clear: both; display: block; margin: 10px 0;\">\n<div style=\"clear: both; display: block; margin: 10px 0;\">\n<div style=\"clear: both; display: block; margin: 10px 0;\">\n<div  style=\"max-width:920px;max-height:1120px\">\n<div style=\"clear: both; display: block; margin: 10px 0;\">\n<div style=\"clear: both; width: 100%; display: block; margin: 20px 0; padding: 0; float: none; position: static; text-align: center;\"><img decoding=\"async\"  src=\"https:\/\/a.allegroimg.com\/original\/118dfa\/7b525b4143f78a537867db37f67f\/1x-MICHELIN-PILOT-SPORT-CUP-315-30R20-104-Y\" srcset=\"https:\/\/a.allegroimg.com\/original\/118dfa\/7b525b4143f78a537867db37f67f\/1x-MICHELIN-PILOT-SPORT-CUP-315-30R20-104-Y 295w,https:\/\/a.allegroimg.com\/original\/118dfa\/7b525b4143f78a537867db37f67f\/1x-MICHELIN-PILOT-SPORT-CUP-315-30R20-104-Y 591w,https:\/\/a.allegroimg.com\/original\/118dfa\/7b525b4143f78a537867db37f67f\/1x-MICHELIN-PILOT-SPORT-CUP-315-30R20-104-Y 841w,https:\/\/a.allegroimg.com\/original\/118dfa\/7b525b4143f78a537867db37f67f\/1x-MICHELIN-PILOT-SPORT-CUP-315-30R20-104-Y 920w,https:\/\/a.allegroimg.com\/original\/118dfa\/7b525b4143f78a537867db37f67f\/1x-MICHELIN-PILOT-SPORT-CUP-315-30R20-104-Y 920w\" sizes=\"(min-width: 1200px) 560px, (min-width: 992px) 50vw, 100vw\" width=\"920px\" alt=\"1x MICHELIN PILOT SPORT CUP 315\/30R20 104 Y\" style=\"max-width: 100%; height: auto; display: block; margin: 0 auto;\"><\/div>\n<\/div>\n<\/div>\n<\/div>\n<\/div>\n<div style=\"clear: both; display: block; margin: 10px 0;\">\n<div style=\"clear: both; display: block; margin: 10px 0;\">\n<h2>Letnia opona MICHELIN PILOT SPORT CUP 2  FSL K1 315\/30 R20 104 Y<\/h2>\n<p style=\"margin: 15px 0; line-height: 1.8; clear: both; display: block; width: 100%; float: none; position: static;\">Opona MICHELIN PILOT SPORT CUP 2  FSL K1 to znacz\u0105cy model w portfolio producenta.&nbsp;<\/p>\n<p style=\"margin: 15px 0; line-height: 1.8; clear: both; display: block; width: 100%; float: none; position: static;\"> Opony klasy Premium s\u0105 wytwarzane z zastosowaniem najbardziej zaawansowanych technologii na \u015bwiecie.<\/p>\n<ul style=\"margin: 15px 0; padding-left: 20px; clear: both; display: block; width: 100%; float: none; position: static;\">\n<li style=\"margin: 5px 0; padding: 2px 0; clear: both; display: list-item; float: none; position: static;\"><b>Stan:<\/b>&nbsp;Nowy<\/li>\n<li style=\"margin: 5px 0; padding: 2px 0; clear: both; display: list-item; float: none; position: static;\"><b>EAN:<\/b>&nbsp;3528705642532<\/li>\n<li style=\"margin: 5px 0; padding: 2px 0; clear: both; display: list-item; float: none; position: static;\"><b>Producent:<\/b> MICHELIN<\/li>\n<li style=\"margin: 5px 0; padding: 2px 0; clear: both; display: list-item; float: none; position: static;\"><b>Model:<\/b> PILOT SPORT CUP 2  FSL K1<\/li>\n<li style=\"margin: 5px 0; padding: 2px 0; clear: both; display: list-item; float: none; position: static;\"><b>Rozmiar:<\/b> 315\/30 R20<\/li>\n<li style=\"margin: 5px 0; padding: 2px 0; clear: both; display: list-item; float: none; position: static;\"><b>Indeks no\u015bno\u015bci:<\/b> 104<\/li>\n<li style=\"margin: 5px 0; padding: 2px 0; clear: both; display: list-item; float: none; position: static;\"><b>Indeks pr\u0119dko\u015bci:<\/b> Y<\/li>\n<li style=\"margin: 5px 0; padding: 2px 0; clear: both; display: list-item; float: none; position: static;\"><b>Ha\u0142as db:<\/b>&nbsp;75<\/li>\n<li style=\"margin: 5px 0; padding: 2px 0; clear: both; display: list-item; float: none; position: static;\"><b>Sezon:<\/b> Letnie<\/li>\n<li style=\"margin: 5px 0; padding: 2px 0; clear: both; display: list-item; float: none; position: static;\"><b>Rok produkcji:<\/b> nie starsze ni\u017c 36 miesi\u0119cy<\/li>\n<li style=\"margin: 5px 0; padding: 2px 0; clear: both; display: list-item; float: none; position: static;\"><b>Przeznaczenie:<\/b> Osobowe<\/li>\n<li style=\"margin: 5px 0; padding: 2px 0; clear: both; display: list-item; float: none; position: static;\"><b>Kl. przycz. na mokrej naw.:<\/b>&nbsp;E<\/li>\n<li style=\"margin: 5px 0; padding: 2px 0; clear: both; display: list-item; float: none; position: static;\"><b>Kl. efekt. paliwowej:&nbsp;<\/b>E<\/li>\n<\/ul>\n<\/div>\n<\/div>\n<\/div>\n<div style=\"clear: both; display: block; margin: 10px 0;\">\n<div style=\"clear: both; display: block; margin: 10px 0;\">\n<div style=\"clear: both; display: block; margin: 10px 0;\">\n<div  style=\"max-width:800px;max-height:450px\">\n<div style=\"clear: both; display: block; margin: 10px 0;\">\n<div style=\"clear: both; width: 100%; display: block; margin: 20px 0; padding: 0; float: none; position: static; text-align: center;\"><img decoding=\"async\"  src=\"https:\/\/a.allegroimg.com\/original\/119261\/e16022bb412abe5724366d14fffa\/1x-MICHELIN-PILOT-SPORT-CUP-315-30R20-104-Y-Liczba-opon-w-ofercie-1-szt\" srcset=\"https:\/\/a.allegroimg.com\/original\/119261\/e16022bb412abe5724366d14fffa\/1x-MICHELIN-PILOT-SPORT-CUP-315-30R20-104-Y-Liczba-opon-w-ofercie-1-szt 360w,https:\/\/a.allegroimg.com\/original\/119261\/e16022bb412abe5724366d14fffa\/1x-MICHELIN-PILOT-SPORT-CUP-315-30R20-104-Y-Liczba-opon-w-ofercie-1-szt 720w,https:\/\/a.allegroimg.com\/original\/119261\/e16022bb412abe5724366d14fffa\/1x-MICHELIN-PILOT-SPORT-CUP-315-30R20-104-Y-Liczba-opon-w-ofercie-1-szt 800w,https:\/\/a.allegroimg.com\/original\/119261\/e16022bb412abe5724366d14fffa\/1x-MICHELIN-PILOT-SPORT-CUP-315-30R20-104-Y-Liczba-opon-w-ofercie-1-szt 800w\" sizes=\"100vw\" width=\"800px\" alt=\"1x MICHELIN PILOT SPORT CUP 315\/30R20 104 Y Liczba opon w ofercie 1 szt.\" style=\"max-width: 100%; height: auto; display: block; margin: 0 auto;\"><\/div>\n<\/div>\n<\/div>\n<\/div>\n<\/div>\n<\/div>\n<div style=\"clear: both; display: block; margin: 10px 0;\">\n<div style=\"clear: both; display: block; margin: 10px 0;\">\n<div style=\"clear: both; display: block; margin: 10px 0;\">\n<p style=\"margin: 15px 0; line-height: 1.8; clear: both; display: block; width: 100%; float: none; position: static;\">Od wczesnych lat XX wieku Pirelli zdoby\u0142 uznanie jako producent wysokiej klasy opon do samochod\u00f3w wy\u015bcigowych. Od 2011 roku Pirelli pe\u0142ni r\u00f3wnie\u017c rol\u0119 dostawcy opon do samochod\u00f3w Formu\u0142y 1, co jest potwierdzeniem wysokiej jako\u015bci i zaanga\u017cowania marki.<\/p>\n<p style=\"margin: 15px 0; line-height: 1.8; clear: both; display: block; width: 100%; float: none; position: static;\">Opony Pirelli s\u0105 obecnie uwa\u017cane za produkty premium, kt\u00f3re s\u0142yn\u0105 z przewidywalnego zachowania na drodze. Wybieraj\u0105c ogumienie w\u0142oskiego producenta, mo\u017cna oczekiwa\u0107 pewnego prowadzenia pojazdu, kr\u00f3tkiej drogi hamowania i odpowiedniego trzymania si\u0119 auta w zakr\u0119tach. Pirelli jest znane z dba\u0142o\u015bci o wysok\u0105 jako\u015b\u0107, trwa\u0142o\u015b\u0107 i doskona\u0142e osi\u0105gi swoich produkt\u00f3w.<\/p>\n<p style=\"margin: 15px 0; line-height: 1.8; clear: both; display: block; width: 100%; float: none; position: static;\">Dzi\u0119ki bogatej historii i zaanga\u017cowaniu w innowacje, Pirelli zdoby\u0142 zaufanie klient\u00f3w na ca\u0142ym \u015bwiecie i cieszy si\u0119 uznaniem w bran\u017cy oponiarskiej. Marka jest symbolem jako\u015bci i doskona\u0142ej wydajno\u015bci, co potwierdza liczne nagrody i wyr\u00f3\u017cnienia, kt\u00f3re zdoby\u0142a na przestrzeni lat<\/p>\n<\/div>\n<\/div>\n<\/div>\n<div style=\"clear: both; display: block; margin: 10px 0;\">\n<div style=\"clear: both; display: block; margin: 10px 0;\">\n<div style=\"clear: both; display: block; margin: 10px 0;\">\n<div  style=\"max-width:1200px;max-height:1758px\">\n<div style=\"clear: both; display: block; margin: 10px 0;\">\n<div style=\"clear: both; width: 100%; display: block; margin: 20px 0; padding: 0; float: none; position: static; text-align: center;\"><img decoding=\"async\"  src=\"https:\/\/a.allegroimg.com\/original\/116e48\/b0a410f6451e9c9f121a3f3a117f\/1x-MICHELIN-PILOT-SPORT-CUP-315-30R20-104-Y-Marka-Michelin\" srcset=\"https:\/\/a.allegroimg.com\/original\/116e48\/b0a410f6451e9c9f121a3f3a117f\/1x-MICHELIN-PILOT-SPORT-CUP-315-30R20-104-Y-Marka-Michelin 245w,https:\/\/a.allegroimg.com\/original\/116e48\/b0a410f6451e9c9f121a3f3a117f\/1x-MICHELIN-PILOT-SPORT-CUP-315-30R20-104-Y-Marka-Michelin 491w,https:\/\/a.allegroimg.com\/original\/116e48\/b0a410f6451e9c9f121a3f3a117f\/1x-MICHELIN-PILOT-SPORT-CUP-315-30R20-104-Y-Marka-Michelin 698w,https:\/\/a.allegroimg.com\/original\/116e48\/b0a410f6451e9c9f121a3f3a117f\/1x-MICHELIN-PILOT-SPORT-CUP-315-30R20-104-Y-Marka-Michelin 982w,https:\/\/a.allegroimg.com\/original\/116e48\/b0a410f6451e9c9f121a3f3a117f\/1x-MICHELIN-PILOT-SPORT-CUP-315-30R20-104-Y-Marka-Michelin 1200w\" sizes=\"(min-width: 1200px) 560px, (min-width: 992px) 50vw, 100vw\" width=\"1200px\" alt=\"1x MICHELIN PILOT SPORT CUP 315\/30R20 104 Y Marka Michelin\" style=\"max-width: 100%; height: auto; display: block; margin: 0 auto;\"><\/div>\n<\/div>\n<\/div>\n<\/div>\n<\/div>\n<div style=\"clear: both; display: block; margin: 10px 0;\">\n<div style=\"clear: both; display: block; margin: 10px 0;\">\n<p style=\"margin: 15px 0; line-height: 1.8; clear: both; display: block; width: 100%; float: none; position: static;\">Dlaczego warto kupowa\u0107 u Nas ?<\/p>\n<p style=\"margin: 15px 0; line-height: 1.8; clear: both; display: block; width: 100%; float: none; position: static;\">Jeste\u015bmy firm\u0105, kt\u00f3ra na podstawie wieloletniego do\u015bwiadczenia z zaanga\u017cowaniem pomaga klientom w doborze oraz kupnie opon.<\/p>\n<p style=\"margin: 15px 0; line-height: 1.8; clear: both; display: block; width: 100%; float: none; position: static;\">Posiadamy szerok\u0105 game opon do aut osobowych, dostawczych, cie\u017carowych, motocyki jak i opon przemys\u0142owych.<\/p>\n<p style=\"margin: 15px 0; line-height: 1.8; clear: both; display: block; width: 100%; float: none; position: static;\">Gwarancja satysfakcjii oraz bezpiecznie przejechanych kilometr\u00f3w.<\/p>\n<p style=\"margin: 15px 0; line-height: 1.8; clear: both; display: block; width: 100%; float: none; position: static;\">Zosta\u0144 naszym kolejnym zadowolonym klientem.<\/p>\n<p style=\"margin: 15px 0; line-height: 1.8; clear: both; display: block; width: 100%; float: none; position: static;\">ZAPRASZAMY DO ZAKUP\u00d3W.<\/p>\n<\/div>\n<\/div>\n<\/div>\n<\/div>\n<\/div>\n<\/div>\n<div style=\"clear: both; display: block; margin: 10px 0;\">\n","protected":false},"excerpt":{"rendered":"<p>1x MICHELIN PILOT SPORT CUP 315\/30R20 104 Y<\/p>\n<p>Letnia opona MICHELIN PILOT SPORT CUP 2 FSL K1 315\/30 R20 104 Y<\/p>\n<p>Opona MICHELIN PILOT SPORT CUP 2 FSL K1 to znacz\u0105cy model w portfolio producenta.&nbsp;<\/p>\n<p>Opony klasy Premium s\u0105 wytwarzane z zastosowaniem najbardziej zaawansowanych technologii na \u015bwiecie.<\/p>\n<p>Stan:&nbsp;Nowy<\/p>\n<p>EAN:&nbsp;3528705642532<\/p>\n<p>Producent: MICHELIN<\/p>\n<p>Model: PILOT SPORT CUP 2 FSL K1<\/p>\n","protected":false},"featured_media":16856,"template":"","meta":{"_uag_custom_page_level_css":""},"product_brand":[429],"product_cat":[414,418,413,412],"product_tag":[],"class_list":{"0":"post-16855","1":"product","2":"type-product","3":"status-publish","4":"has-post-thumbnail","6":"product_brand-michelin","7":"product_cat-do-samochodow-osobowych-i-suv","8":"product_cat-letnie","9":"product_cat-opony","10":"product_cat-opony-i-felgi","12":"first","13":"instock","14":"shipping-taxable","15":"purchasable","16":"product-type-simple"},"uagb_featured_image_src":{"full":["https:\/\/oponexa.shop\/tire\/wp-content\/uploads\/2026\/01\/allegro-image-16855.jpg",920,1120,false],"thumbnail":["https:\/\/oponexa.shop\/tire\/wp-content\/uploads\/2026\/01\/allegro-image-16855-150x150.jpg",150,150,true],"medium":["https:\/\/oponexa.shop\/tire\/wp-content\/uploads\/2026\/01\/allegro-image-16855-246x300.jpg",246,300,true],"medium_large":["https:\/\/oponexa.shop\/tire\/wp-content\/uploads\/2026\/01\/allegro-image-16855-768x935.jpg",768,935,true],"large":["https:\/\/oponexa.shop\/tire\/wp-content\/uploads\/2026\/01\/allegro-image-16855-841x1024.jpg",841,1024,true],"1536x1536":["https:\/\/oponexa.shop\/tire\/wp-content\/uploads\/2026\/01\/allegro-image-16855.jpg",920,1120,false],"2048x2048":["https:\/\/oponexa.shop\/tire\/wp-content\/uploads\/2026\/01\/allegro-image-16855.jpg",920,1120,false],"woocommerce_thumbnail":["https:\/\/oponexa.shop\/tire\/wp-content\/uploads\/2026\/01\/allegro-image-16855-300x300.jpg",300,300,true],"woocommerce_single":["https:\/\/oponexa.shop\/tire\/wp-content\/uploads\/2026\/01\/allegro-image-16855-600x730.jpg",600,730,true],"woocommerce_gallery_thumbnail":["https:\/\/oponexa.shop\/tire\/wp-content\/uploads\/2026\/01\/allegro-image-16855-100x100.jpg",100,100,true]},"uagb_author_info":{"display_name":"admin","author_link":"https:\/\/oponexa.shop\/tire\/author\/"},"uagb_comment_info":0,"uagb_excerpt":"1x MICHELIN PILOT SPORT CUP 315\/30R20 104 Y Letnia opona MICHELIN PILOT SPORT CUP 2 FSL K1 315\/30 R20 104 Y Opona MICHELIN PILOT SPORT CUP 2 FSL K1 to znacz\u0105cy model w portfolio producenta.&nbsp; Opony klasy Premium s\u0105 wytwarzane z zastosowaniem najbardziej zaawansowanych technologii na \u015bwiecie. Stan:&nbsp;Nowy EAN:&nbsp;3528705642532 Producent: MICHELIN Model: PILOT SPORT CUP&hellip;","_links":{"self":[{"href":"https:\/\/oponexa.shop\/tire\/wp-json\/wp\/v2\/product\/16855","targetHints":{"allow":["GET"]}}],"collection":[{"href":"https:\/\/oponexa.shop\/tire\/wp-json\/wp\/v2\/product"}],"about":[{"href":"https:\/\/oponexa.shop\/tire\/wp-json\/wp\/v2\/types\/product"}],"wp:featuredmedia":[{"embeddable":true,"href":"https:\/\/oponexa.shop\/tire\/wp-json\/wp\/v2\/media\/16856"}],"wp:attachment":[{"href":"https:\/\/oponexa.shop\/tire\/wp-json\/wp\/v2\/media?parent=16855"}],"wp:term":[{"taxonomy":"product_brand","embeddable":true,"href":"https:\/\/oponexa.shop\/tire\/wp-json\/wp\/v2\/product_brand?post=16855"},{"taxonomy":"product_cat","embeddable":true,"href":"https:\/\/oponexa.shop\/tire\/wp-json\/wp\/v2\/product_cat?post=16855"},{"taxonomy":"product_tag","embeddable":true,"href":"https:\/\/oponexa.shop\/tire\/wp-json\/wp\/v2\/product_tag?post=16855"}],"curies":[{"name":"wp","href":"https:\/\/api.w.org\/{rel}","templated":true}]}}